{"id":5938,"date":"1970-01-01T00:00:00","date_gmt":"1970-01-01T00:00:00","guid":{"rendered":"https:\/\/elfsight.com\/es\/?page_id=5938"},"modified":"2025-02-06T16:09:50","modified_gmt":"2025-02-06T16:09:50","slug":"blogger","status":"publish","type":"page","link":"https:\/\/elfsight.com\/es\/twitter-feed-widget\/blogger\/","title":{"rendered":"Twitter Feed &#8211; Blogger"},"content":{"rendered":"<div class=\"application-platform-content-item-description application-platform-content-item\" id=\"description\" data-nav-section=\"description\"><h2>Descripci\u00f3n<\/h2><p>Elfsight Twitter Feed es un widget responsivo que le permite colocar un widget de Twitter o Tweets seleccionados en cualquier sitio de Blogger. Puede usarlo para mostrar su servicio de noticias de Twitter o presumir de Tweets testimoniales para aumentar la participaci\u00f3n del usuario y lograr una mayor confianza del cliente. Lo que hace que el widget de Elfsight sea uno de los widgets l\u00edderes para cualquier sitio web es una gran cantidad de configuraciones, plantillas listas para usar para cualquier caso de uso y su dise\u00f1o adaptable.<\/p><p><b>Mejore la participaci\u00f3n de los visitantes y la confianza en su sitio web<\/b><\/p><ul><li><b>Mantenga a su audiencia en la p\u00e1gina por m\u00e1s tiempo<\/b>.<br>Mantenga a sus visitantes en su sitio web por m\u00e1s tiempo, mostrando Tweets separados sobre los temas m\u00e1s interesantes o involucre a la audiencia para que participe en su Actividades promocionadas en Twitter.<\/li><li><b>Aumente el n\u00famero de seguidores<\/b>.<br>El feed interactivo de Twitter de Elfsight permite a los clientes comenzar a seguir su cuenta directamente desde su sitio web. De este modo, puede utilizar una fuente adicional de seguidores y aumentar su comunidad de Twitter.<\/li><li><b>Prueba social s\u00f3lida para una mayor confianza<\/b>.<br>Demuestre cu\u00e1n din\u00e1micamente administra su cuenta de Twitter para asegurar a los clientes que su negocio est\u00e1 en funcionamiento y que desea interactuar y acercarse a sus usuarios.<\/li><\/ul><\/div><div class=\"application-platform-content-item-features application-platform-content-item\" id=\"features\" data-nav-section=\"features\"><h2>Caracter\u00edsticas<\/h2><p>Las caracter\u00edsticas m\u00e1s valiosas del widget Elfsight, que lo convierten en el mejor widget de Blogger para Twitter:<\/p><ul><li>Califica los tweets testimoniales con estrellas;<\/li><li>Elige el dise\u00f1o del encabezado completo o compacto;<\/li><li>Copia el enlace de los tweets;<\/li><li>Cach\u00e9 de datos del navegador: carga m\u00e1s r\u00e1pida con widgets en varias p\u00e1ginas;<\/li><li>Texto del tweet formatear y mostrar contenido de fotos y videos.<\/li><\/ul><p><a href=\"#demo\">Compruebe todas las funciones en la demostraci\u00f3n en vivo<\/a><\/p><\/div><div class=\"application-platform-content-item-installation application-platform-content-item\" id=\"installation\" data-nav-section=\"installation\"><h2>C\u00f3mo agregar Twitter Feed a Blogger<\/h2><div class=\"video-container\"><iframe width=\"720\" height=\"405\" src=\"https:\/\/www.youtube.com\/embed\/tRITOTmZ5As\" frameborder=\"0\"><\/iframe><\/div><p>Completa la integraci\u00f3n del widget utilizando nuestro breve manual. Esto tomar\u00e1 menos de un par de minutos y no requerir\u00e1 experiencia en desarrollo web.<\/p><ol><li><b>Dise\u00f1e su exclusivo feed de Twitter<\/b>.<br>Por medio de nuestro editor gratuito, cree un widget con la apariencia y las funciones preferibles.<\/li><li><b>Copia un c\u00f3digo para mostrar el widget<\/b>.<br>Despu\u00e9s de configurar el widget, obtenga un c\u00f3digo para el widget de Twitter desde la ventana emergente en Elfsight Apps.<\/li><li><b>Coloque el widget en un sitio web<\/b>.<br>Muestre el widget en el lugar necesario de la p\u00e1gina y aplique los resultados.<\/li><li><b>\u00a1La incrustaci\u00f3n se realiz\u00f3 correctamente!<\/b>.<br>Visite su sitio web de Blogger para verificar su widget.<\/li><\/ol><p>\u00bfTuvo problemas al configurar o personalizar el widget? Intente consultar un <a href=\"https:\/\/elfsight.com\/tutorials\/how-to-add-twitter-feed-widget-to-blogger\/\" target=\"_blank\" rel=\"noopener noreferrer\">tutorial detallado<\/a> o escriba a nuestro equipo de soporte con una descripci\u00f3n completa de la pregunta. Estaremos encantados de responder a sus preguntas.<\/p><\/div><div class=\"faq\" data-component=\"FAQ\"><div class=\"faq-item\">\r\n\t\t\t\t\t<div class=\"faq-item-question\">\r\n\t\t\t\t\t\t<h3 class=\"faq-item-question-text\">\u00bfExiste alguna manera de incrustar Twitter Feed en mi sitio de Blogger sin codificaci\u00f3n?<\/h3>\r\n\r\n\t\t\t\t\t\t<div class=\"faq-item-question-icon\"><\/div>\r\n\t\t\t\t\t<\/div>\r\n\r\n\t\t\t\t\t<div class=\"faq-item-answer\">\r\n\t\t\t\t\t\t<div class=\"faq-item-answer-text\"><p>La empresa Elfsight ofrece una soluci\u00f3n que permite a las personas generar una aplicaci\u00f3n Twitter Feed usted mismo, vea lo sencillo que es:<\/p><ul><li>Trabajar en el editor en vivo para establecer un Twitter Widget de feed que le gustar\u00eda insertar en la p\u00e1gina de inicio de Blogger.<\/li><li>Haga clic en una de las muchas plantillas predise\u00f1adas y adapte la configuraci\u00f3n del feed de Twitter, transforme el dise\u00f1o y la combinaci\u00f3n de colores, actualice su contenido sin conocimientos de codificaci\u00f3n.<\/li><li>Guarde la configuraci\u00f3n que ha realizado en el feed de Twitter y obtenga el c\u00f3digo de instalaci\u00f3n, que puede incluirse f\u00e1cilmente en la p\u00e1gina web de Blogger de forma gratuita.<\/li><\/ul><p>Con nuestro sencillo editor, cualquier usuario de Internet puede crear un complemento de feed de Twitter e incluirlo f\u00e1cilmente en cualquier Blogger. p\u00e1gina de inicio. No debe pagar ni revelar las credenciales de su tarjeta para ingresar al Editor. Si tiene alg\u00fan problema de cualquier tipo, no dude en comunicarse con nuestro personal de soporte t\u00e9cnico.<\/p><\/div>\r\n\t\t\t\t\t<\/div>\r\n\t\t\t\t<\/div><\/div>","protected":false},"excerpt":{"rendered":"","protected":false},"author":9,"featured_media":0,"parent":1997,"menu_order":0,"comment_status":"closed","ping_status":"closed","template":"templates\/template-application-platform.php","meta":{"publish_to_discourse":"","publish_post_category":"","wpdc_auto_publish_overridden":"","wpdc_topic_tags":"","wpdc_pin_topic":"","wpdc_pin_until":"","discourse_post_id":"","discourse_permalink":"","wpdc_publishing_response":"","wpdc_publishing_error":"","footnotes":""},"class_list":["post-5938","page","type-page","status-publish","hentry"],"yoast_head":"<!-- This site is optimized with the Yoast SEO plugin v25.3.1 - https:\/\/yoast.com\/wordpress\/plugins\/seo\/ -->\n<title>Widget de Twitter de Blogger: agregue feeds de Twitter al sitio web de Blogger (en 2 minutos)<\/title>\n<meta name=\"description\" content=\"Instale el widget Twitter Feed en Blogger en solo 2 minutos y sin codificaci\u00f3n. Consulta todas las funciones clave del mejor widget de Twitter en un editor gratuito.\" \/>\n<meta name=\"robots\" content=\"index, follow, max-snippet:-1, max-image-preview:large, max-video-preview:-1\" \/>\n<link rel=\"canonical\" href=\"https:\/\/elfsight.com\/es\/twitter-feed-widget\/blogger\/\" \/>\n<meta property=\"og:locale\" content=\"es_ES\" \/>\n<meta property=\"og:type\" content=\"article\" \/>\n<meta property=\"og:title\" content=\"Widget de Twitter de Blogger: agregue feeds de Twitter al sitio web de Blogger (en 2 minutos)\" \/>\n<meta property=\"og:description\" content=\"Instale el widget Twitter Feed en Blogger en solo 2 minutos y sin codificaci\u00f3n. Consulta todas las funciones clave del mejor widget de Twitter en un editor gratuito.\" \/>\n<meta property=\"og:url\" content=\"https:\/\/elfsight.com\/es\/twitter-feed-widget\/blogger\/\" \/>\n<meta property=\"og:site_name\" content=\"Elfsight ES\" \/>\n<meta property=\"article:modified_time\" content=\"2025-02-06T16:09:50+00:00\" \/>\n<meta name=\"twitter:card\" content=\"summary_large_image\" \/>\n<meta name=\"twitter:label1\" content=\"Tiempo de lectura\" \/>\n\t<meta name=\"twitter:data1\" content=\"4 minutos\" \/>\n<!-- \/ Yoast SEO plugin. -->","yoast_head_json":{"title":"Widget de Twitter de Blogger: agregue feeds de Twitter al sitio web de Blogger (en 2 minutos)","description":"Instale el widget Twitter Feed en Blogger en solo 2 minutos y sin codificaci\u00f3n. Consulta todas las funciones clave del mejor widget de Twitter en un editor gratuito.","robots":{"index":"index","follow":"follow","max-snippet":"max-snippet:-1","max-image-preview":"max-image-preview:large","max-video-preview":"max-video-preview:-1"},"canonical":"https:\/\/elfsight.com\/es\/twitter-feed-widget\/blogger\/","og_locale":"es_ES","og_type":"article","og_title":"Widget de Twitter de Blogger: agregue feeds de Twitter al sitio web de Blogger (en 2 minutos)","og_description":"Instale el widget Twitter Feed en Blogger en solo 2 minutos y sin codificaci\u00f3n. Consulta todas las funciones clave del mejor widget de Twitter en un editor gratuito.","og_url":"https:\/\/elfsight.com\/es\/twitter-feed-widget\/blogger\/","og_site_name":"Elfsight ES","article_modified_time":"2025-02-06T16:09:50+00:00","twitter_card":"summary_large_image","twitter_misc":{"Tiempo de lectura":"4 minutos"},"schema":{"@context":"https:\/\/schema.org","@graph":[{"@type":"WebPage","@id":"https:\/\/elfsight.com\/es\/twitter-feed-widget\/blogger\/","url":"https:\/\/elfsight.com\/es\/twitter-feed-widget\/blogger\/","name":"Widget de Twitter de Blogger: agregue feeds de Twitter al sitio web de Blogger (en 2 minutos)","isPartOf":{"@id":"https:\/\/elfsight.com\/es\/#website"},"datePublished":"1970-01-01T00:00:00+00:00","dateModified":"2025-02-06T16:09:50+00:00","description":"Instale el widget Twitter Feed en Blogger en solo 2 minutos y sin codificaci\u00f3n. Consulta todas las funciones clave del mejor widget de Twitter en un editor gratuito.","breadcrumb":{"@id":"https:\/\/elfsight.com\/es\/twitter-feed-widget\/blogger\/#breadcrumb"},"inLanguage":"es","potentialAction":[{"@type":"ReadAction","target":["https:\/\/elfsight.com\/es\/twitter-feed-widget\/blogger\/"]}]},{"@type":"BreadcrumbList","@id":"https:\/\/elfsight.com\/es\/twitter-feed-widget\/blogger\/#breadcrumb","itemListElement":[{"@type":"ListItem","position":1,"name":"Home","item":"https:\/\/elfsight.com\/es\/"},{"@type":"ListItem","position":2,"name":"Twitter Feed","item":"https:\/\/elfsight.com\/es\/twitter-feed-widget\/"},{"@type":"ListItem","position":3,"name":"Twitter Feed &#8211; Blogger"}]},{"@type":"WebSite","@id":"https:\/\/elfsight.com\/es\/#website","url":"https:\/\/elfsight.com\/es\/","name":"Elfsight ES","description":"Just another Elfsight Sites site","potentialAction":[{"@type":"SearchAction","target":{"@type":"EntryPoint","urlTemplate":"https:\/\/elfsight.com\/es\/?s={search_term_string}"},"query-input":{"@type":"PropertyValueSpecification","valueRequired":true,"valueName":"search_term_string"}}],"inLanguage":"es"}]}},"meta_box":{"industry":"","seo_heading":"","heading":"","description":"","cta_heading":"","cta_description":"","application":"1996","h1":"Widget de alimentaci\u00f3n de Twitter de Blogger","h1_caption":"Inserte tweets desde su cuenta de Twitter o mediante hashtag para mantener a sus visitantes actualizados con contenido en tiempo real en su sitio web de Blogger sin esfuerzo.","application_category":[],"applications_title":"","applications_request_title":"","applications_request_button_text":"","hero_text":"","hero_video":"","hero_video_schema_markup":"","selling_points_title":"","selling_points_caption":"","selling_points":[],"selling_points_cta_text":"","features_title":"","features":"","ed_cta_examples_text":"","ed_cta_examples_hidden":"","ed_cta_demo_text":"","ed_cta_demo_hidden":"","why_caption":"","why_editor_title":"","why_editor_text":"","why_team_title":"","why_team_text":"","why_service_title":"","why_service_text":"","template_catalog_visible":"","template_catalog_title":"","template_catalog_text":"","template_catalog_categories_visible":"","demo_title":"Crea tu widget de feed de Twitter","demo_caption":"\u00a1Configura tu feed de Twitter y agr\u00e9galo a tu sitio web de Blogger de forma gratuita!","default_faq_hidden":"","app_template_category":[],"platform":"39","template_public_id":"","codecanyon_url":"","codecanyon_item_id":"","codecanyon_price":"","pricing_caption":"","pricing_elfsight_apps_hide_column":"","pricing_elfsight_apps_url":"","pricing_codecanyon_price_caption":"","integration_category":[],"integration_request_title":"","integration_request_cta":"","integration_platform":"","integrations":[],"platform_category":[],"video_schema_markup":"","price":"desde $0 \/ mes","trial":"","benefits":[{"text":"Ayuda de instalaci\u00f3n gratuita"},{"text":"Servicio al cliente profesional"},{"text":"Garant\u00eda de reembolso de 14 d\u00edas"},{"text":"Desarrollo continuo"}],"button_url":"#demo","button_target_blank":"","button_nofollow":"","attributes":[{"name":"Instalaciones","content":"10,000 - 100,000"},{"name":"Sensible","content":"S\u00ed"},{"name":"Navegadores compatibles","content":"Firefox, Safari, Opera, Chrome, Edge"}],"tags":[],"tags_disable_links":"","hide_more_platforms":"","video_object":"","demo_hide_cta":"","demo_hide_cloud_options":"","pricing_title":"","pricing":[{"pricing_icon":"platform","pricing_title":"Elfsight Apps","pricing_title_caption":"Soluci\u00f3n digital multiplataforma","pricing_price":"desde $0 \/ mes","pricing_price_caption":"comienza con un plan gratuito","pricing_benefits":[{"text":"Sitios web ilimitados"},{"text":"Soporte premium de la empresa y bien documentado."},{"text":"Soporte de instalaci\u00f3n gratuito"},{"text":"Totalmente personalizable"}],"pricing_button_text":"A\u00f1adir al sitio web","pricing_button_url":"#demo"}],"related_apps_title":"","related_apps_hidden":"","author":"","image":[],"title":"","job":"","social_networks":[]},"_links":{"self":[{"href":"https:\/\/elfsight.com\/es\/wp-json\/wp\/v2\/pages\/5938","targetHints":{"allow":["GET"]}}],"collection":[{"href":"https:\/\/elfsight.com\/es\/wp-json\/wp\/v2\/pages"}],"about":[{"href":"https:\/\/elfsight.com\/es\/wp-json\/wp\/v2\/types\/page"}],"author":[{"embeddable":true,"href":"https:\/\/elfsight.com\/es\/wp-json\/wp\/v2\/users\/9"}],"replies":[{"embeddable":true,"href":"https:\/\/elfsight.com\/es\/wp-json\/wp\/v2\/comments?post=5938"}],"version-history":[{"count":2,"href":"https:\/\/elfsight.com\/es\/wp-json\/wp\/v2\/pages\/5938\/revisions"}],"predecessor-version":[{"id":19294,"href":"https:\/\/elfsight.com\/es\/wp-json\/wp\/v2\/pages\/5938\/revisions\/19294"}],"up":[{"embeddable":true,"href":"https:\/\/elfsight.com\/es\/wp-json\/wp\/v2\/pages\/1997"}],"wp:attachment":[{"href":"https:\/\/elfsight.com\/es\/wp-json\/wp\/v2\/media?parent=5938"}],"curies":[{"name":"wp","href":"https:\/\/api.w.org\/{rel}","templated":true}]}}