{"id":5914,"date":"1970-01-01T00:00:00","date_gmt":"1970-01-01T00:00:00","guid":{"rendered":"https:\/\/elfsight.com\/es\/?page_id=5914"},"modified":"2025-02-06T16:09:58","modified_gmt":"2025-02-06T16:09:58","slug":"prestashop","status":"publish","type":"page","link":"https:\/\/elfsight.com\/es\/pricing-table-plugin\/prestashop\/","title":{"rendered":"Pricing Table &#8211; PrestaShop"},"content":{"rendered":"<div class=\"application-platform-content-item-description application-platform-content-item\" id=\"description\" data-nav-section=\"description\"> <h2>Descripci\u00f3n<\/h2> <p>El precio tiene una de las posiciones b\u00e1sicas para estimular a los clientes a realizar una compra. El complemento de nuestro equipo no solo ayuda a los usuarios de la p\u00e1gina a ver y comparar r\u00e1pidamente las tarifas de precios disponibles. Tambi\u00e9n contribuye a elevar la conversi\u00f3n con la ayuda de las \u00faltimas tendencias en dise\u00f1o y modelado. <\/p><p><b>Haga que su sitio web sea m\u00e1s eficaz para los objetivos comerciales con la ayuda de la tabla de precios<\/b><\/p> <\/div> <div class=\"application-platform-content-item-features application-platform-content-item\" id=\"features\" data-nav-section=\"features\"> <h2>Las funciones fundamentales del widget contienen<\/h2> <ul><li>Seis elementos de columna predefinidos que se pueden personalizar y organizar para obtener el aspecto perfecto<\/li><li>Hacer que cualquier columna se destaque<\/li><li>Los elementos de cada columna pueden personalizarse individualmente<\/li><li>4 tipos predefinidos de ancho de borde y dos tipos predefinidos de radio de borde<\/li><li>Lista de funciones ajustables completa con sugerencias, n\u00famero ilimitado de funciones e \u00edconos de funciones<\/li><li>Vincular el bot\u00f3n CTA a la p\u00e1gina requerida<\/li><\/ul><p><a href=\"#demo\">Puedes comprobar todas las capacidades del widget en la demostraci\u00f3n en esta p\u00e1gina<\/a><\/p> <\/div> <div class=\"application-platform-content-item-installation application-platform-content-item\" id=\"installation\" data-nav-section=\"installation\"> <h2>\u00bfC\u00f3mo inserto la tabla de precios en mi sitio web PrestaShop? <\/h2> <p>Simplemente siga las pautas a continuaci\u00f3n para comenzar a trabajar con el widget. <\/p> <ol><li><b>Utiliza nuestro configurador gratuito y comienza a crear tu complemento \u00fanico. <\/b><br> Especifique la interfaz y las caracter\u00edsticas adecuadas de la herramienta y aplique las correcciones. <\/li> <li><b>Reciba el c\u00f3digo \u00fanico que aparece en el cuadro de Elfsight Apps. <\/b><br> Tan pronto como se complete el establecimiento de su widget, copie el c\u00f3digo individual del cuadro que aparece y gu\u00e1rdelo para futuras necesidades. <\/li> <li><b>Empiece a utilizar el complemento en su sitio web PrestaShop. <\/b><br> Pega el c\u00f3digo guardado anteriormente en tu sitio web y aplica las modificaciones. <\/li> <li><b>\u00a1Listo! La integraci\u00f3n ha finalizado con \u00e9xito. <\/b><br>Visite su sitio para revisar c\u00f3mo funciona la herramienta. <\/li><\/ol> <p>Si encuentra alg\u00fan obst\u00e1culo, no dude en ponerse en contacto con nuestro personal de atenci\u00f3n al cliente. Nuestros asesores estar\u00e1n encantados de ayudarte con todas las dificultades que puedas tener con la herramienta. <\/p><div class=\"faq\" data-component=\"FAQ\"> <div class=\"faq-item\">\r\n\t\t\t\t\t<div class=\"faq-item-question\">\r\n\t\t\t\t\t\t<h3 class=\"faq-item-question-text\">\u00bfC\u00f3mo agregar una tabla de precios a mi sitio web PrestaShop sin conocimientos de codificaci\u00f3n?<\/h3>\r\n\r\n\t\t\t\t\t\t<div class=\"faq-item-question-icon\"><\/div>\r\n\t\t\t\t\t<\/div>\r\n\r\n\t\t\t\t\t<div class=\"faq-item-answer\">\r\n\t\t\t\t\t\t<div class=\"faq-item-answer-text\"> <p>Elfsight proporciona una soluci\u00f3n SaaS que le permite crear un widget de tabla de precios usted mismo. Vea lo f\u00e1cil que es el proceso: trabaje directamente en el editor en l\u00ednea para crear un widget de tabla de precios que le gustar\u00eda ver en su sitio web PrestaShop. Elija una de las plantillas predise\u00f1adas y ajuste la configuraci\u00f3n de la tabla de precios, agregue su contenido, cambie el dise\u00f1o y los colores sin conocimientos de codificaci\u00f3n. Guarda la tabla de precios y copia su c\u00f3digo de instalaci\u00f3n, que podr\u00e1s incluir en tu sitio web de %platform% sin comprar una versi\u00f3n paga. Con nuestro editor intuitivo, cualquier usuario de Internet puede crear un widget de tabla de precios en l\u00ednea e incrustarlo f\u00e1cilmente en su sitio web PrestaShop. No es necesario pagar ni ingresar las credenciales de su tarjeta para acceder al servicio. Si tiene alg\u00fan problema en cualquier paso, no dude en ponerse en contacto con nuestro equipo de soporte t\u00e9cnico.<\/p> <\/div>\r\n\t\t\t\t\t<\/div>\r\n\t\t\t\t<\/div> <\/div> <\/div><p><\/p>","protected":false},"excerpt":{"rendered":"","protected":false},"author":9,"featured_media":0,"parent":2019,"menu_order":0,"comment_status":"closed","ping_status":"closed","template":"templates\/template-application-platform.php","meta":{"publish_to_discourse":"","publish_post_category":"","wpdc_auto_publish_overridden":"","wpdc_topic_tags":"","wpdc_pin_topic":"","wpdc_pin_until":"","discourse_post_id":"","discourse_permalink":"","wpdc_publishing_response":"","wpdc_publishing_error":"","footnotes":""},"class_list":["post-5914","page","type-page","status-publish","hentry"],"yoast_head":"<!-- This site is optimized with the Yoast SEO plugin v25.3.1 - https:\/\/yoast.com\/wordpress\/plugins\/seo\/ -->\n<title>Tabla de precios: agregue el complemento de precios al sitio web de PrestaShop<\/title>\n<meta name=\"description\" content=\"Instale el complemento Pricing Table para PrestaShop en solo 3 minutos. Descubra todas las caracter\u00edsticas clave del complemento con el mejor precio en la demostraci\u00f3n gratuita.\" \/>\n<meta name=\"robots\" content=\"index, follow, max-snippet:-1, max-image-preview:large, max-video-preview:-1\" \/>\n<link rel=\"canonical\" href=\"https:\/\/elfsight.com\/es\/pricing-table-plugin\/prestashop\/\" \/>\n<meta property=\"og:locale\" content=\"es_ES\" \/>\n<meta property=\"og:type\" content=\"article\" \/>\n<meta property=\"og:title\" content=\"Tabla de precios: agregue el complemento de precios al sitio web de PrestaShop\" \/>\n<meta property=\"og:description\" content=\"Instale el complemento Pricing Table para PrestaShop en solo 3 minutos. Descubra todas las caracter\u00edsticas clave del complemento con el mejor precio en la demostraci\u00f3n gratuita.\" \/>\n<meta property=\"og:url\" content=\"https:\/\/elfsight.com\/es\/pricing-table-plugin\/prestashop\/\" \/>\n<meta property=\"og:site_name\" content=\"Elfsight ES\" \/>\n<meta property=\"article:modified_time\" content=\"2025-02-06T16:09:58+00:00\" \/>\n<meta name=\"twitter:card\" content=\"summary_large_image\" \/>\n<meta name=\"twitter:label1\" content=\"Tiempo de lectura\" \/>\n\t<meta name=\"twitter:data1\" content=\"3 minutos\" \/>\n<!-- \/ Yoast SEO plugin. -->","yoast_head_json":{"title":"Tabla de precios: agregue el complemento de precios al sitio web de PrestaShop","description":"Instale el complemento Pricing Table para PrestaShop en solo 3 minutos. Descubra todas las caracter\u00edsticas clave del complemento con el mejor precio en la demostraci\u00f3n gratuita.","robots":{"index":"index","follow":"follow","max-snippet":"max-snippet:-1","max-image-preview":"max-image-preview:large","max-video-preview":"max-video-preview:-1"},"canonical":"https:\/\/elfsight.com\/es\/pricing-table-plugin\/prestashop\/","og_locale":"es_ES","og_type":"article","og_title":"Tabla de precios: agregue el complemento de precios al sitio web de PrestaShop","og_description":"Instale el complemento Pricing Table para PrestaShop en solo 3 minutos. Descubra todas las caracter\u00edsticas clave del complemento con el mejor precio en la demostraci\u00f3n gratuita.","og_url":"https:\/\/elfsight.com\/es\/pricing-table-plugin\/prestashop\/","og_site_name":"Elfsight ES","article_modified_time":"2025-02-06T16:09:58+00:00","twitter_card":"summary_large_image","twitter_misc":{"Tiempo de lectura":"3 minutos"},"schema":{"@context":"https:\/\/schema.org","@graph":[{"@type":"WebPage","@id":"https:\/\/elfsight.com\/es\/pricing-table-plugin\/prestashop\/","url":"https:\/\/elfsight.com\/es\/pricing-table-plugin\/prestashop\/","name":"Tabla de precios: agregue el complemento de precios al sitio web de PrestaShop","isPartOf":{"@id":"https:\/\/elfsight.com\/es\/#website"},"datePublished":"1970-01-01T00:00:00+00:00","dateModified":"2025-02-06T16:09:58+00:00","description":"Instale el complemento Pricing Table para PrestaShop en solo 3 minutos. Descubra todas las caracter\u00edsticas clave del complemento con el mejor precio en la demostraci\u00f3n gratuita.","breadcrumb":{"@id":"https:\/\/elfsight.com\/es\/pricing-table-plugin\/prestashop\/#breadcrumb"},"inLanguage":"es","potentialAction":[{"@type":"ReadAction","target":["https:\/\/elfsight.com\/es\/pricing-table-plugin\/prestashop\/"]}]},{"@type":"BreadcrumbList","@id":"https:\/\/elfsight.com\/es\/pricing-table-plugin\/prestashop\/#breadcrumb","itemListElement":[{"@type":"ListItem","position":1,"name":"Home","item":"https:\/\/elfsight.com\/es\/"},{"@type":"ListItem","position":2,"name":"Pricing Table","item":"https:\/\/elfsight.com\/es\/pricing-table-plugin\/"},{"@type":"ListItem","position":3,"name":"Pricing Table &#8211; PrestaShop"}]},{"@type":"WebSite","@id":"https:\/\/elfsight.com\/es\/#website","url":"https:\/\/elfsight.com\/es\/","name":"Elfsight ES","description":"Just another Elfsight Sites site","potentialAction":[{"@type":"SearchAction","target":{"@type":"EntryPoint","urlTemplate":"https:\/\/elfsight.com\/es\/?s={search_term_string}"},"query-input":{"@type":"PropertyValueSpecification","valueRequired":true,"valueName":"search_term_string"}}],"inLanguage":"es"}]}},"meta_box":{"industry":"","seo_heading":"","heading":"","description":"","cta_heading":"","cta_description":"","application":"2018","h1":"Complemento de tabla de precios para PrestaShop","h1_caption":"Presente sus opciones de precios de forma clara y atractiva, ayudando a los clientes a elegir el plan adecuado para sus necesidades en su sitio web Prestashop sin esfuerzo.","application_category":[],"applications_title":"","applications_request_title":"","applications_request_button_text":"","hero_text":"","hero_video":"","hero_video_schema_markup":"","selling_points_title":"","selling_points_caption":"","selling_points":[],"selling_points_cta_text":"","features_title":"","features":"","ed_cta_examples_text":"","ed_cta_examples_hidden":"","ed_cta_demo_text":"","ed_cta_demo_hidden":"","why_caption":"","why_editor_title":"","why_editor_text":"","why_team_title":"","why_team_text":"","why_service_title":"","why_service_text":"","template_catalog_visible":"","template_catalog_title":"","template_catalog_text":"","template_catalog_categories_visible":"","demo_title":"Crea tu complemento de tabla de precios","demo_caption":"\u00a1Configura tu Tabla de Precios y agr\u00e9gala a tu sitio web PrestaShop gratis!","default_faq_hidden":"","app_template_category":[],"platform":"2250","template_public_id":"","codecanyon_url":"","codecanyon_item_id":"","codecanyon_price":"","pricing_caption":"","pricing_elfsight_apps_hide_column":"","pricing_elfsight_apps_url":"","pricing_codecanyon_price_caption":"","integration_category":[],"integration_request_title":"","integration_request_cta":"","integration_platform":"","integrations":[],"platform_category":[],"video_schema_markup":"","price":"desde $0 \/ mes","trial":"","benefits":[{"text":"Servicio de instalaci\u00f3n gratuito"},{"text":"Soporte excepcional"},{"text":"Garant\u00eda de devoluci\u00f3n de dinero de 14 d\u00edas"},{"text":"Desarrollo continuo"}],"button_url":"#demo","button_target_blank":"","button_nofollow":"","attributes":[{"name":"Instalaciones","content":"10,000 - 100,000"},{"name":"Sensible","content":"S\u00ed"},{"name":"Navegadores compatibles","content":"Firefox, Safari, Opera, Chrome, Edge"}],"tags":[],"tags_disable_links":"","hide_more_platforms":"","video_object":"","demo_hide_cta":"","demo_hide_cloud_options":"","pricing_title":"","pricing":[{"pricing_icon":"platform","pricing_title":"Elfsight Apps","pricing_title_caption":"Software independiente de la plataforma","pricing_price":"desde $0 \/ mes","pricing_price_caption":"comienza con un plan gratuito","pricing_benefits":[{"text":"Sitios web ilimitados"},{"text":"Soporte r\u00e1pido y puntual"},{"text":"Ayuda de instalaci\u00f3n gratuita"},{"text":"100% personalizable"}],"pricing_button_text":"A\u00f1adir al sitio web","pricing_button_url":"#demo"}],"related_apps_title":"","related_apps_hidden":"","author":"","image":[],"title":"","job":"","social_networks":[]},"_links":{"self":[{"href":"https:\/\/elfsight.com\/es\/wp-json\/wp\/v2\/pages\/5914","targetHints":{"allow":["GET"]}}],"collection":[{"href":"https:\/\/elfsight.com\/es\/wp-json\/wp\/v2\/pages"}],"about":[{"href":"https:\/\/elfsight.com\/es\/wp-json\/wp\/v2\/types\/page"}],"author":[{"embeddable":true,"href":"https:\/\/elfsight.com\/es\/wp-json\/wp\/v2\/users\/9"}],"replies":[{"embeddable":true,"href":"https:\/\/elfsight.com\/es\/wp-json\/wp\/v2\/comments?post=5914"}],"version-history":[{"count":2,"href":"https:\/\/elfsight.com\/es\/wp-json\/wp\/v2\/pages\/5914\/revisions"}],"predecessor-version":[{"id":19298,"href":"https:\/\/elfsight.com\/es\/wp-json\/wp\/v2\/pages\/5914\/revisions\/19298"}],"up":[{"embeddable":true,"href":"https:\/\/elfsight.com\/es\/wp-json\/wp\/v2\/pages\/2019"}],"wp:attachment":[{"href":"https:\/\/elfsight.com\/es\/wp-json\/wp\/v2\/media?parent=5914"}],"curies":[{"name":"wp","href":"https:\/\/api.w.org\/{rel}","templated":true}]}}