{"id":5899,"date":"1970-01-01T00:00:00","date_gmt":"1970-01-01T00:00:00","guid":{"rendered":"https:\/\/elfsight.com\/es\/?page_id=5899"},"modified":"2025-02-06T16:10:07","modified_gmt":"2025-02-06T16:10:07","slug":"jimdo","status":"publish","type":"page","link":"https:\/\/elfsight.com\/es\/pricing-table-plugin\/jimdo\/","title":{"rendered":"Pricing Table &#8211; Jimdo"},"content":{"rendered":"<div class=\"application-platform-content-item-description application-platform-content-item\" id=\"description\" data-nav-section=\"description\"><h2>Descripci\u00f3n<\/h2> <p>El precio tiene una de las funciones clave a la hora de motivar a los clientes a realizar una compra. Nuestro widget no s\u00f3lo brinda a los clientes del sitio web la oportunidad de conocer y comprobar sus ofertas de precios en un instante. Tambi\u00e9n ayuda a aumentar la conversi\u00f3n al agregar las t\u00e9cnicas m\u00e1s modernas en dise\u00f1o y plantillas. <\/p><p><b>\u00a1Agregue una tabla de precios para alcanzar sus objetivos de comercio electr\u00f3nico m\u00e1s f\u00e1cilmente! <\/b><\/p> <\/div> <div class=\"application-platform-content-item-features application-platform-content-item\" id=\"features\" data-nav-section=\"features\"> <h2>A continuaci\u00f3n se detallan las caracter\u00edsticas b\u00e1sicas del widget: <\/h2> <ul><li>6 elementos de columna predefinidos que se pueden personalizar y colocar para obtener el aspecto perfecto<\/li><li>Hacer que cualquier columna se destaque<\/li><li>Los elementos de cada columna se pueden personalizar individualmente<\/li><li>Dos tipos predefinidos de radio de borde y 4 tipos predefinidos de ancho de borde<\/li><li>Lista de funciones ajustables completa con sugerencias, \u00edconos de funciones y un n\u00famero ilimitado de funciones<\/li><li>Vincula el bot\u00f3n personalizado a la p\u00e1gina requerida<\/li><\/ul><p><a href=\"#demo\">Puedes explorar la funcionalidad completa del widget en la demostraci\u00f3n siguiente<\/a><\/p> <\/div> <div class=\"application-platform-content-item-installation application-platform-content-item\" id=\"installation\" data-nav-section=\"installation\"> <h2>C\u00f3mo \u00bfInsertar tabla de precios en mi sitio web Jimdo? <\/h2> <p>Simplemente aplique las instrucciones a continuaci\u00f3n para integrar la herramienta. <\/p> <ol><li><b>Realiza nuestra demostraci\u00f3n gratuita y comienza a crear tu instrumento \u00fanico. <\/b><br> Especifique la forma y los par\u00e1metros preferibles del widget y aplique las correcciones. <\/li> <li><b>Copia tu c\u00f3digo \u00fanico que aparece en el formulario especial en Elfsight Apps. <\/b><br> Una vez finalizada la creaci\u00f3n de tu widget, copia el c\u00f3digo personal en la casilla y gu\u00e1rdalo para ocasiones posteriores. <\/li> <li><b>Empiece a utilizar el widget en el sitio Jimdo. <\/b><br> Inserta el c\u00f3digo que has guardado anteriormente en tu p\u00e1gina web y aplica las modificaciones. <\/li> <li><b>La configuraci\u00f3n est\u00e1 completamente realizada. <\/b><br>Vaya a su p\u00e1gina para ver el trabajo de la herramienta. <\/li><\/ol> <p>Con la condici\u00f3n de afrontar consultas o enfrentar cualquier obst\u00e1culo, no dude en comunicarse con nuestro equipo de soporte. Nuestros especialistas estar\u00e1n encantados de resolver todas las dificultades que puedas tener con el producto. <\/p> <div class=\"faq\" data-component=\"FAQ\"> <div class=\"faq-item\">\r\n\t\t\t\t\t<div class=\"faq-item-question\">\r\n\t\t\t\t\t\t<h3 class=\"faq-item-question-text\">\u00bfC\u00f3mo agregar una tabla de precios a mi sitio web Jimdo sin conocimientos de codificaci\u00f3n?<\/h3>\r\n\r\n\t\t\t\t\t\t<div class=\"faq-item-question-icon\"><\/div>\r\n\t\t\t\t\t<\/div>\r\n\r\n\t\t\t\t\t<div class=\"faq-item-answer\">\r\n\t\t\t\t\t\t<div class=\"faq-item-answer-text\"> <p>Elfsight proporciona una soluci\u00f3n SaaS que te permite crear un widget de tabla de precios t\u00fa mismo. Mira lo f\u00e1cil que es el proceso: trabaja directamente en el editor en l\u00ednea para crear un widget de tabla de precios que te gustar\u00eda ver en tu sitio web Jimdo. Elija una de las plantillas predise\u00f1adas y ajuste la configuraci\u00f3n de la tabla de precios, agregue su contenido, cambie el dise\u00f1o y los colores sin conocimientos de codificaci\u00f3n. Guarda la tabla de precios y copia su c\u00f3digo de instalaci\u00f3n, que puedes incluir f\u00e1cilmente en tu sitio web Jimdo sin comprar un plan pago. Con nuestro editor intuitivo, cualquier usuario de Internet puede crear un widget de tabla de precios online e incrustarlo f\u00e1cilmente en su sitio web Jimdo. No es necesario pagar ni ingresar las credenciales de su tarjeta para acceder al servicio. Si tiene alg\u00fan problema en cualquier paso, no dude en ponerse en contacto con nuestro equipo de soporte t\u00e9cnico.<\/p> <\/div>\r\n\t\t\t\t\t<\/div>\r\n\t\t\t\t<\/div> <\/div> <\/div>","protected":false},"excerpt":{"rendered":"","protected":false},"author":9,"featured_media":0,"parent":2019,"menu_order":0,"comment_status":"closed","ping_status":"closed","template":"templates\/template-application-platform.php","meta":{"publish_to_discourse":"","publish_post_category":"","wpdc_auto_publish_overridden":"","wpdc_topic_tags":"","wpdc_pin_topic":"","wpdc_pin_until":"","discourse_post_id":"","discourse_permalink":"","wpdc_publishing_response":"","wpdc_publishing_error":"","footnotes":""},"class_list":["post-5899","page","type-page","status-publish","hentry"],"yoast_head":"<!-- This site is optimized with the Yoast SEO plugin v25.3.1 - https:\/\/yoast.com\/wordpress\/plugins\/seo\/ -->\n<title>Tabla de precios: a\u00f1adir widget de precios al sitio web de Jimdo<\/title>\n<meta name=\"description\" content=\"Instale el widget Tabla de precios para Jimdo en s\u00f3lo 3 minutos. Descubra todas las caracter\u00edsticas clave del widget de mejores precios en la demostraci\u00f3n gratuita.\" \/>\n<meta name=\"robots\" content=\"index, follow, max-snippet:-1, max-image-preview:large, max-video-preview:-1\" \/>\n<link rel=\"canonical\" href=\"https:\/\/elfsight.com\/es\/pricing-table-plugin\/jimdo\/\" \/>\n<meta property=\"og:locale\" content=\"es_ES\" \/>\n<meta property=\"og:type\" content=\"article\" \/>\n<meta property=\"og:title\" content=\"Tabla de precios: a\u00f1adir widget de precios al sitio web de Jimdo\" \/>\n<meta property=\"og:description\" content=\"Instale el widget Tabla de precios para Jimdo en s\u00f3lo 3 minutos. Descubra todas las caracter\u00edsticas clave del widget de mejores precios en la demostraci\u00f3n gratuita.\" \/>\n<meta property=\"og:url\" content=\"https:\/\/elfsight.com\/es\/pricing-table-plugin\/jimdo\/\" \/>\n<meta property=\"og:site_name\" content=\"Elfsight ES\" \/>\n<meta property=\"article:modified_time\" content=\"2025-02-06T16:10:07+00:00\" \/>\n<meta name=\"twitter:card\" content=\"summary_large_image\" \/>\n<meta name=\"twitter:label1\" content=\"Tiempo de lectura\" \/>\n\t<meta name=\"twitter:data1\" content=\"3 minutos\" \/>\n<!-- \/ Yoast SEO plugin. -->","yoast_head_json":{"title":"Tabla de precios: a\u00f1adir widget de precios al sitio web de Jimdo","description":"Instale el widget Tabla de precios para Jimdo en s\u00f3lo 3 minutos. Descubra todas las caracter\u00edsticas clave del widget de mejores precios en la demostraci\u00f3n gratuita.","robots":{"index":"index","follow":"follow","max-snippet":"max-snippet:-1","max-image-preview":"max-image-preview:large","max-video-preview":"max-video-preview:-1"},"canonical":"https:\/\/elfsight.com\/es\/pricing-table-plugin\/jimdo\/","og_locale":"es_ES","og_type":"article","og_title":"Tabla de precios: a\u00f1adir widget de precios al sitio web de Jimdo","og_description":"Instale el widget Tabla de precios para Jimdo en s\u00f3lo 3 minutos. Descubra todas las caracter\u00edsticas clave del widget de mejores precios en la demostraci\u00f3n gratuita.","og_url":"https:\/\/elfsight.com\/es\/pricing-table-plugin\/jimdo\/","og_site_name":"Elfsight ES","article_modified_time":"2025-02-06T16:10:07+00:00","twitter_card":"summary_large_image","twitter_misc":{"Tiempo de lectura":"3 minutos"},"schema":{"@context":"https:\/\/schema.org","@graph":[{"@type":"WebPage","@id":"https:\/\/elfsight.com\/es\/pricing-table-plugin\/jimdo\/","url":"https:\/\/elfsight.com\/es\/pricing-table-plugin\/jimdo\/","name":"Tabla de precios: a\u00f1adir widget de precios al sitio web de Jimdo","isPartOf":{"@id":"https:\/\/elfsight.com\/es\/#website"},"datePublished":"1970-01-01T00:00:00+00:00","dateModified":"2025-02-06T16:10:07+00:00","description":"Instale el widget Tabla de precios para Jimdo en s\u00f3lo 3 minutos. Descubra todas las caracter\u00edsticas clave del widget de mejores precios en la demostraci\u00f3n gratuita.","breadcrumb":{"@id":"https:\/\/elfsight.com\/es\/pricing-table-plugin\/jimdo\/#breadcrumb"},"inLanguage":"es","potentialAction":[{"@type":"ReadAction","target":["https:\/\/elfsight.com\/es\/pricing-table-plugin\/jimdo\/"]}]},{"@type":"BreadcrumbList","@id":"https:\/\/elfsight.com\/es\/pricing-table-plugin\/jimdo\/#breadcrumb","itemListElement":[{"@type":"ListItem","position":1,"name":"Home","item":"https:\/\/elfsight.com\/es\/"},{"@type":"ListItem","position":2,"name":"Pricing Table","item":"https:\/\/elfsight.com\/es\/pricing-table-plugin\/"},{"@type":"ListItem","position":3,"name":"Pricing Table &#8211; Jimdo"}]},{"@type":"WebSite","@id":"https:\/\/elfsight.com\/es\/#website","url":"https:\/\/elfsight.com\/es\/","name":"Elfsight ES","description":"Just another Elfsight Sites site","potentialAction":[{"@type":"SearchAction","target":{"@type":"EntryPoint","urlTemplate":"https:\/\/elfsight.com\/es\/?s={search_term_string}"},"query-input":{"@type":"PropertyValueSpecification","valueRequired":true,"valueName":"search_term_string"}}],"inLanguage":"es"}]}},"meta_box":{"industry":"","seo_heading":"","heading":"","description":"","cta_heading":"","cta_description":"","application":"2018","h1":"Widget de tabla de precios para Jimdo","h1_caption":"Presenta tus opciones de precios de forma clara y atractiva, ayudando a los clientes a elegir el plan adecuado a sus necesidades en tu sitio web Jimdo sin esfuerzo.","application_category":[],"applications_title":"","applications_request_title":"","applications_request_button_text":"","hero_text":"","hero_video":"","hero_video_schema_markup":"","selling_points_title":"","selling_points_caption":"","selling_points":[],"selling_points_cta_text":"","features_title":"","features":"","ed_cta_examples_text":"","ed_cta_examples_hidden":"","ed_cta_demo_text":"","ed_cta_demo_hidden":"","why_caption":"","why_editor_title":"","why_editor_text":"","why_team_title":"","why_team_text":"","why_service_title":"","why_service_text":"","template_catalog_visible":"","template_catalog_title":"","template_catalog_text":"","template_catalog_categories_visible":"","demo_title":"Crea tu widget de tabla de precios","demo_caption":"\u00a1Configura tu Tabla de Precios y a\u00f1\u00e1dela a tu sitio web Jimdo gratis!","default_faq_hidden":"","app_template_category":[],"platform":"2198","template_public_id":"","codecanyon_url":"","codecanyon_item_id":"","codecanyon_price":"","pricing_caption":"","pricing_elfsight_apps_hide_column":"","pricing_elfsight_apps_url":"","pricing_codecanyon_price_caption":"","integration_category":[],"integration_request_title":"","integration_request_cta":"","integration_platform":"","integrations":[],"platform_category":[],"video_schema_markup":"","price":"desde $0 \/ mes","trial":"","benefits":[{"text":"Asistencia de instalaci\u00f3n gratuita"},{"text":"Servicio al cliente eficaz"},{"text":"Garant\u00eda de reembolso de 14 d\u00edas"},{"text":"Mejoras peri\u00f3dicas gratuitas"}],"button_url":"#demo","button_target_blank":"","button_nofollow":"","attributes":[{"name":"Instalaciones","content":"10,000 - 100,000"},{"name":"Sensible","content":"S\u00ed"},{"name":"Navegadores compatibles","content":"Firefox, Safari, Opera, Chrome, Edge"}],"tags":[],"tags_disable_links":"","hide_more_platforms":"","video_object":"","demo_hide_cta":"","demo_hide_cloud_options":"","pricing_title":"","pricing":[{"pricing_icon":"platform","pricing_title":"Elfsight Apps","pricing_title_caption":"Soluci\u00f3n digital multiplataforma","pricing_price":"desde $0 \/ mes","pricing_price_caption":"comienza con un plan gratuito","pricing_benefits":[{"text":"N\u00famero ilimitado de dominios"},{"text":"Soporte 24 horas al d\u00eda, 7 d\u00edas a la semana y a tiempo"},{"text":"Servicio de instalaci\u00f3n gratuito"},{"text":"100% personalizable"}],"pricing_button_text":"A\u00f1adir al sitio web","pricing_button_url":"#demo"}],"related_apps_title":"","related_apps_hidden":"","author":"","image":[],"title":"","job":"","social_networks":[]},"_links":{"self":[{"href":"https:\/\/elfsight.com\/es\/wp-json\/wp\/v2\/pages\/5899","targetHints":{"allow":["GET"]}}],"collection":[{"href":"https:\/\/elfsight.com\/es\/wp-json\/wp\/v2\/pages"}],"about":[{"href":"https:\/\/elfsight.com\/es\/wp-json\/wp\/v2\/types\/page"}],"author":[{"embeddable":true,"href":"https:\/\/elfsight.com\/es\/wp-json\/wp\/v2\/users\/9"}],"replies":[{"embeddable":true,"href":"https:\/\/elfsight.com\/es\/wp-json\/wp\/v2\/comments?post=5899"}],"version-history":[{"count":2,"href":"https:\/\/elfsight.com\/es\/wp-json\/wp\/v2\/pages\/5899\/revisions"}],"predecessor-version":[{"id":19299,"href":"https:\/\/elfsight.com\/es\/wp-json\/wp\/v2\/pages\/5899\/revisions\/19299"}],"up":[{"embeddable":true,"href":"https:\/\/elfsight.com\/es\/wp-json\/wp\/v2\/pages\/2019"}],"wp:attachment":[{"href":"https:\/\/elfsight.com\/es\/wp-json\/wp\/v2\/media?parent=5899"}],"curies":[{"name":"wp","href":"https:\/\/api.w.org\/{rel}","templated":true}]}}