{"id":5860,"date":"1970-01-01T00:00:00","date_gmt":"1970-01-01T00:00:00","guid":{"rendered":"https:\/\/elfsight.com\/es\/?page_id=5860"},"modified":"2025-02-06T16:10:07","modified_gmt":"2025-02-06T16:10:07","slug":"prestashop","status":"publish","type":"page","link":"https:\/\/elfsight.com\/es\/testimonials-slider-widget\/prestashop\/","title":{"rendered":"Testimonials Slider &#8211; PrestaShop"},"content":{"rendered":"<div class=\"application-platform-content-item-description application-platform-content-item\" id=\"description\" data-nav-section=\"description\"> <h2>Descripci\u00f3n<\/h2> <p>Elfsight Testimonials Slider para PrestaShop es un widget simple que le permite captar la atenci\u00f3n de los usuarios mostrando varias im\u00e1genes, videos o las mejores ofertas en su sitio. Si\u00e9ntase libre de utilizar cualquier cantidad de diapositivas, lo cual es esencial para demostrar sus productos y marcar ofertas destacadas. Agregue efectos especiales y escale el tama\u00f1o de la imagen\/video como necesite. Por medio de nuestra herramienta, podr\u00e1 crear un control deslizante destacado que llamar\u00e1 la atenci\u00f3n de los visitantes del sitio y no les permitir\u00e1 abandonar su p\u00e1gina demasiado pronto. <\/p> <p><b>Haga que su sitio web sea m\u00e1s eficaz para los objetivos de comercio electr\u00f3nico con %\u043f\u0440\u043e\u0434\u0443\u043a\u0442%<\/b><\/p> <\/div> <div class=\"application-platform-content-item-features application-platform-content-item\" id=\"features\" data-nav-section=\"features\"> <h2>Ofrecemos funciones valiosas y r\u00e1pidas, consulte algunas de ellas: <\/h2> <ul><li>Agregue CTA para guiar a los usuarios hacia la conversi\u00f3n. <\/li><li>Personalizar la duraci\u00f3n del cambio de diapositivas. <\/li><li>Elige entre numerosas variantes. <\/li><li>Coloque el texto en cualquier lugar que desee en la p\u00e1gina con la ayuda de la posici\u00f3n avanzada. <\/li><li>Adapte cinco opciones de contenido. <\/li><\/ul><p><a href=\"#demo\">Examine todas las configuraciones en una demostraci\u00f3n 100% funcional<\/a><\/p> <\/div> <div class=\"application-platform-content-item-installation application-platform-content-item\" id=\"installation\" data-nav-section=\"installation\"> <h2>\u00bfC\u00f3mo puedo agregar Testimonials Slider a mi p\u00e1gina web de PrestaShop? <\/h2> <p>Simplemente siga varios pasos que se describen a continuaci\u00f3n para integrar el complemento. <\/p> <ol><li><b>Administra nuestro editor gratuito y comienza a formar tu instrumento personalizado. <\/b><br> Determine el dise\u00f1o y las opciones deseables de la herramienta y guarde las modificaciones. <\/li> <li><b>Obtenga su c\u00f3digo personal que aparece en el cuadro de Elfsight Apps. <\/b><br> Inmediatamente despu\u00e9s de crear su herramienta personal, copie el c\u00f3digo exclusivo de la ventana emergente que aparece y gu\u00e1rdelo para usarlo en el futuro. <\/li> <li><b>Iniciar la utilizaci\u00f3n del widget en el sitio PrestaShop. <\/b><br> Pegue el c\u00f3digo copiado recientemente en su p\u00e1gina y guarde las ediciones. <\/li> <li><b>\u00a1Ya terminaste! La integraci\u00f3n se realiza con \u00e9xito. <\/b><br>Vaya a su p\u00e1gina para ver c\u00f3mo funciona el complemento. <\/li><\/ol> <p>Si tiene preguntas o tiene alg\u00fan problema, comun\u00edquese con nuestro personal de soporte. Nuestros consultores est\u00e1n deseando ayudarle con todos los problemas que pueda tener con la herramienta. <\/p> <div class=\"faq\" data-component=\"FAQ\"> <div class=\"faq-item\">\r\n\t\t\t\t\t<div class=\"faq-item-question\">\r\n\t\t\t\t\t\t<h3 class=\"faq-item-question-text\">\u00bfC\u00f3mo puedo agregar el control deslizante de testimonios a mi sitio web PrestaShop sin conocimientos de codificaci\u00f3n?<\/h3>\r\n\r\n\t\t\t\t\t\t<div class=\"faq-item-question-icon\"><\/div>\r\n\t\t\t\t\t<\/div>\r\n\r\n\t\t\t\t\t<div class=\"faq-item-answer\">\r\n\t\t\t\t\t\t<div class=\"faq-item-answer-text\"> <p>Elfsight proporciona una soluci\u00f3n SaaS que le permite crear un control deslizante de testimonios usted mismo. Vea lo f\u00e1cil que es el proceso: trabaje directamente en el editor en l\u00ednea para crear un widget de control deslizante de testimonios que le gustar\u00eda ver en su sitio web PrestaShop. Elija una de las plantillas predise\u00f1adas y ajuste la configuraci\u00f3n del control deslizante de testimonios, agregue su contenido, cambie el dise\u00f1o y los colores sin conocimientos de codificaci\u00f3n. Guarde el control deslizante de testimonios y copie su c\u00f3digo de instalaci\u00f3n, que puede agregar f\u00e1cilmente en su sitio web PrestaShop sin necesidad de comprar una suscripci\u00f3n paga. Con nuestro editor intuitivo, cualquier usuario de Internet puede crear un widget de control deslizante de testimonios en l\u00ednea e incrustarlo f\u00e1cilmente en su sitio web PrestaShop. No es necesario pagar ni ingresar las credenciales de su tarjeta para acceder al servicio. Si tiene alg\u00fan problema en cualquier paso, no dude en ponerse en contacto con nuestro equipo de soporte t\u00e9cnico.<\/p> <\/div>\r\n\t\t\t\t\t<\/div>\r\n\t\t\t\t<\/div> <\/div> <\/div><p><\/p>","protected":false},"excerpt":{"rendered":"","protected":false},"author":9,"featured_media":0,"parent":2041,"menu_order":0,"comment_status":"closed","ping_status":"closed","template":"templates\/template-application-platform.php","meta":{"publish_to_discourse":"","publish_post_category":"","wpdc_auto_publish_overridden":"","wpdc_topic_tags":"","wpdc_pin_topic":"","wpdc_pin_until":"","discourse_post_id":"","discourse_permalink":"","wpdc_publishing_response":"","wpdc_publishing_error":"","footnotes":""},"class_list":["post-5860","page","type-page","status-publish","hentry"],"yoast_head":"<!-- This site is optimized with the Yoast SEO plugin v25.3.1 - https:\/\/yoast.com\/wordpress\/plugins\/seo\/ -->\n<title>Control deslizante de testimonios: agregue un widget de testimonios al sitio web de Squarespace<\/title>\n<meta name=\"description\" content=\"Consulte el mejor widget de control deslizante de testimonios para SquareSpace de forma gratuita. Una integraci\u00f3n inmediata sin conocimientos de desarrollo web en tan solo un par de minutos.\" \/>\n<meta name=\"robots\" content=\"index, follow, max-snippet:-1, max-image-preview:large, max-video-preview:-1\" \/>\n<link rel=\"canonical\" href=\"https:\/\/elfsight.com\/es\/testimonials-slider-widget\/prestashop\/\" \/>\n<meta property=\"og:locale\" content=\"es_ES\" \/>\n<meta property=\"og:type\" content=\"article\" \/>\n<meta property=\"og:title\" content=\"Control deslizante de testimonios: agregue un widget de testimonios al sitio web de Squarespace\" \/>\n<meta property=\"og:description\" content=\"Consulte el mejor widget de control deslizante de testimonios para SquareSpace de forma gratuita. Una integraci\u00f3n inmediata sin conocimientos de desarrollo web en tan solo un par de minutos.\" \/>\n<meta property=\"og:url\" content=\"https:\/\/elfsight.com\/es\/testimonials-slider-widget\/prestashop\/\" \/>\n<meta property=\"og:site_name\" content=\"Elfsight ES\" \/>\n<meta property=\"article:modified_time\" content=\"2025-02-06T16:10:07+00:00\" \/>\n<meta name=\"twitter:card\" content=\"summary_large_image\" \/>\n<meta name=\"twitter:label1\" content=\"Tiempo de lectura\" \/>\n\t<meta name=\"twitter:data1\" content=\"3 minutos\" \/>\n<!-- \/ Yoast SEO plugin. -->","yoast_head_json":{"title":"Control deslizante de testimonios: agregue un widget de testimonios al sitio web de Squarespace","description":"Consulte el mejor widget de control deslizante de testimonios para SquareSpace de forma gratuita. Una integraci\u00f3n inmediata sin conocimientos de desarrollo web en tan solo un par de minutos.","robots":{"index":"index","follow":"follow","max-snippet":"max-snippet:-1","max-image-preview":"max-image-preview:large","max-video-preview":"max-video-preview:-1"},"canonical":"https:\/\/elfsight.com\/es\/testimonials-slider-widget\/prestashop\/","og_locale":"es_ES","og_type":"article","og_title":"Control deslizante de testimonios: agregue un widget de testimonios al sitio web de Squarespace","og_description":"Consulte el mejor widget de control deslizante de testimonios para SquareSpace de forma gratuita. Una integraci\u00f3n inmediata sin conocimientos de desarrollo web en tan solo un par de minutos.","og_url":"https:\/\/elfsight.com\/es\/testimonials-slider-widget\/prestashop\/","og_site_name":"Elfsight ES","article_modified_time":"2025-02-06T16:10:07+00:00","twitter_card":"summary_large_image","twitter_misc":{"Tiempo de lectura":"3 minutos"},"schema":{"@context":"https:\/\/schema.org","@graph":[{"@type":"WebPage","@id":"https:\/\/elfsight.com\/es\/testimonials-slider-widget\/prestashop\/","url":"https:\/\/elfsight.com\/es\/testimonials-slider-widget\/prestashop\/","name":"Control deslizante de testimonios: agregue un widget de testimonios al sitio web de Squarespace","isPartOf":{"@id":"https:\/\/elfsight.com\/es\/#website"},"datePublished":"1970-01-01T00:00:00+00:00","dateModified":"2025-02-06T16:10:07+00:00","description":"Consulte el mejor widget de control deslizante de testimonios para SquareSpace de forma gratuita. Una integraci\u00f3n inmediata sin conocimientos de desarrollo web en tan solo un par de minutos.","breadcrumb":{"@id":"https:\/\/elfsight.com\/es\/testimonials-slider-widget\/prestashop\/#breadcrumb"},"inLanguage":"es","potentialAction":[{"@type":"ReadAction","target":["https:\/\/elfsight.com\/es\/testimonials-slider-widget\/prestashop\/"]}]},{"@type":"BreadcrumbList","@id":"https:\/\/elfsight.com\/es\/testimonials-slider-widget\/prestashop\/#breadcrumb","itemListElement":[{"@type":"ListItem","position":1,"name":"Home","item":"https:\/\/elfsight.com\/es\/"},{"@type":"ListItem","position":2,"name":"Testimonials Slider","item":"https:\/\/elfsight.com\/es\/testimonials-slider-widget\/"},{"@type":"ListItem","position":3,"name":"Testimonials Slider &#8211; PrestaShop"}]},{"@type":"WebSite","@id":"https:\/\/elfsight.com\/es\/#website","url":"https:\/\/elfsight.com\/es\/","name":"Elfsight ES","description":"Just another Elfsight Sites site","potentialAction":[{"@type":"SearchAction","target":{"@type":"EntryPoint","urlTemplate":"https:\/\/elfsight.com\/es\/?s={search_term_string}"},"query-input":{"@type":"PropertyValueSpecification","valueRequired":true,"valueName":"search_term_string"}}],"inLanguage":"es"}]}},"meta_box":{"industry":"","seo_heading":"","heading":"","description":"","cta_heading":"","cta_description":"","application":"2040","h1":"Complemento deslizante de testimonios para PrestaShop","h1_caption":"Demuestre la historia de usuario exitosa en su sitio web y atraiga nuevos clientes","application_category":[],"applications_title":"","applications_request_title":"","applications_request_button_text":"","hero_text":"","hero_video":"","hero_video_schema_markup":"","selling_points_title":"","selling_points_caption":"","selling_points":[],"selling_points_cta_text":"","features_title":"","features":"","ed_cta_examples_text":"","ed_cta_examples_hidden":"","ed_cta_demo_text":"","ed_cta_demo_hidden":"","why_caption":"","why_editor_title":"","why_editor_text":"","why_team_title":"","why_team_text":"","why_service_title":"","why_service_text":"","template_catalog_visible":"","template_catalog_title":"","template_catalog_text":"","template_catalog_categories_visible":"","demo_title":"Crea tu complemento Control deslizante de testimonios","demo_caption":"\u00a1Configure su control deslizante de testimonios y agr\u00e9guelo a su sitio web PrestaShop de forma gratuita!","default_faq_hidden":"","app_template_category":[],"platform":"2250","template_public_id":"","codecanyon_url":"","codecanyon_item_id":"","codecanyon_price":"","pricing_caption":"","pricing_elfsight_apps_hide_column":"","pricing_elfsight_apps_url":"","pricing_codecanyon_price_caption":"","integration_category":[],"integration_request_title":"","integration_request_cta":"","integration_platform":"","integrations":[],"platform_category":[],"video_schema_markup":"","price":"desde $0 \/ mes","trial":"","benefits":[{"text":"Asistencia de instalaci\u00f3n gratuita"},{"text":"Soporte excepcional"},{"text":"Garant\u00eda de devoluci\u00f3n de dinero de 14 d\u00edas"},{"text":"Actualizaciones gratuitas de por vida"}],"button_url":"#demo","button_target_blank":"","button_nofollow":"","attributes":[{"name":"Instalaciones","content":"10,000 - 100,000"},{"name":"Sensible","content":"S\u00ed"},{"name":"Navegadores compatibles","content":"Firefox, Safari, Opera, Chrome, Edge"}],"tags":[],"tags_disable_links":"","hide_more_platforms":"","video_object":"","demo_hide_cta":"","demo_hide_cloud_options":"","pricing_title":"","pricing":[{"pricing_icon":"platform","pricing_title":"Elfsight Apps","pricing_title_caption":"Versi\u00f3n multiplataforma que funciona en cualquier sitio.","pricing_price":"desde $0 \/ mes","pricing_price_caption":"comienza con un plan gratuito","pricing_benefits":[{"text":"Dominios ilimitados"},{"text":"Atenci\u00f3n al cliente dedicada y bien documentada."},{"text":"Servicio de instalaci\u00f3n gratuito"},{"text":"Totalmente personalizable"}],"pricing_button_text":"A\u00f1adir al sitio web","pricing_button_url":"#demo"}],"related_apps_title":"","related_apps_hidden":"","author":"","image":[],"title":"","job":"","social_networks":[]},"_links":{"self":[{"href":"https:\/\/elfsight.com\/es\/wp-json\/wp\/v2\/pages\/5860","targetHints":{"allow":["GET"]}}],"collection":[{"href":"https:\/\/elfsight.com\/es\/wp-json\/wp\/v2\/pages"}],"about":[{"href":"https:\/\/elfsight.com\/es\/wp-json\/wp\/v2\/types\/page"}],"author":[{"embeddable":true,"href":"https:\/\/elfsight.com\/es\/wp-json\/wp\/v2\/users\/9"}],"replies":[{"embeddable":true,"href":"https:\/\/elfsight.com\/es\/wp-json\/wp\/v2\/comments?post=5860"}],"version-history":[{"count":2,"href":"https:\/\/elfsight.com\/es\/wp-json\/wp\/v2\/pages\/5860\/revisions"}],"predecessor-version":[{"id":19300,"href":"https:\/\/elfsight.com\/es\/wp-json\/wp\/v2\/pages\/5860\/revisions\/19300"}],"up":[{"embeddable":true,"href":"https:\/\/elfsight.com\/es\/wp-json\/wp\/v2\/pages\/2041"}],"wp:attachment":[{"href":"https:\/\/elfsight.com\/es\/wp-json\/wp\/v2\/media?parent=5860"}],"curies":[{"name":"wp","href":"https:\/\/api.w.org\/{rel}","templated":true}]}}