{"id":5845,"date":"1970-01-01T00:00:00","date_gmt":"1970-01-01T00:00:00","guid":{"rendered":"https:\/\/elfsight.com\/es\/?page_id=5845"},"modified":"2025-02-06T16:10:07","modified_gmt":"2025-02-06T16:10:07","slug":"jimdo","status":"publish","type":"page","link":"https:\/\/elfsight.com\/es\/testimonials-slider-widget\/jimdo\/","title":{"rendered":"Testimonials Slider &#8211; Jimdo"},"content":{"rendered":"<div class=\"application-platform-content-item-description application-platform-content-item\" id=\"description\" data-nav-section=\"description\"><h2>Descripci\u00f3n<\/h2> <p>Control deslizante de testimonios: un complemento simple para mostrar testimonios de sus usuarios en su sitio personal. Eres libre de incorporar diferentes tipos de pruebas sociales para que las rese\u00f1as sean confiables: nombre del autor, imagen, s\u00edmbolo de la organizaci\u00f3n e incluso un enlace al sitio. Aumente la confianza en sus productos demostrando sus testimonios reales y sinceros a los visitantes.<\/p><p><b>Con Testimonials Slider, observe un crecimiento empresarial s\u00f3lido e impulse las ventas <\/b><\/p> <\/div> <div class=\"application-platform-content-item-features application-platform-content-item\" id=\"features\" data-nav-section=\"features\"> <h2>Explore la lista de las funciones m\u00e1s importantes: <\/h2> <ul><li><b>Mejore sus testimonios para impecablemente confiable<\/b><br>Revele la m\u00e1xima informaci\u00f3n sobre el autor de todas las rese\u00f1as, incluyendo: nombre, empresa, puesto, demuestre a los lectores que ven testimonios de personas reales. <\/li><li><b>Motivar a los lectores a comprar<\/b><br>Mostrar rese\u00f1as de usuarios reales con una historia feliz convence a los lectores a compartir estas impresiones y los motiva a comprar y aumentar su nivel de conversi\u00f3n. <\/li><li><b>Prueba social poderosa<\/b><br>Un enlace de la rese\u00f1a a Facebook, Instagram o al sitio del autor es un punto muy convincente para los usuarios, que aumentar\u00e1 la credibilidad y demostrar\u00e1 que su negocio es real. <\/li><li><b>Aumente la conversi\u00f3n hasta un 200 %<\/b><br>Convierta sus rese\u00f1as en el argumento final y agr\u00e9guelas all\u00ed mismo, donde los usuarios toman su decisi\u00f3n sobre realizar pedidos o descargar. <\/li><li><b>Suba de nivel la confianza en su sitio web<\/b><br>Agregue testimonios de sus clientes en el sitio web y agregue casos de experiencia de cliente perfecta para fortalecer la confianza en su negocio. <\/li><\/ul><p><a href=\"#demo\">Pruebe todas las funciones de personalizaci\u00f3n en una demostraci\u00f3n completa<\/a><\/p> <\/div> <div class=\"application-platform-content-item-installation application-platform-content-item\" id=\"installation\" data-nav-section=\"installation\"> <h2>\u00bfC\u00f3mo agregar el control deslizante de testimonios a un sitio web de Jimdo? <\/h2> <p>Simplemente siga las siguientes pautas para comenzar a utilizar la herramienta. <\/p> <ol><li><b>Administre nuestra demostraci\u00f3n gratuita y comience a crear su widget personalizado. <\/b><br> Especifique el aspecto y las opciones preferidos de la herramienta y aplique las correcciones. <\/li> <li><b>Exponga su c\u00f3digo individual en la ventana de Elfsight Apps. <\/b><br> Tan pronto como finalice la personalizaci\u00f3n de su widget, copie el c\u00f3digo exclusivo en la ventana y gu\u00e1rdelo para usarlo m\u00e1s adelante. <\/li> <li><b>Entra en el uso de la herramienta en el sitio web de Jimdo. <\/b><br>Incrusta el c\u00f3digo que has copiado recientemente en tu p\u00e1gina web y aplica los ajustes. <\/li> <li><b>\u00a1Listo! La incrustaci\u00f3n se realiza con \u00e9xito. <\/b><br>Visita su p\u00e1gina web para examinar el funcionamiento del widget. <\/li><\/ol> <p>En caso de que experimente algunas dificultades, no dude en ponerse en contacto con nuestro personal de soporte. Nuestra gente estar\u00e1 encantada de ayudarle con todas las dificultades que pueda tener con el widget. <\/p> <div class=\"faq\" data-component=\"FAQ\"> <div class=\"faq-item\">\r\n\t\t\t\t\t<div class=\"faq-item-question\">\r\n\t\t\t\t\t\t<h3 class=\"faq-item-question-text\">\u00bfC\u00f3mo puedo a\u00f1adir el control deslizante de testimonios a mi sitio web Jimdo sin conocimientos de codificaci\u00f3n?<\/h3>\r\n\r\n\t\t\t\t\t\t<div class=\"faq-item-question-icon\"><\/div>\r\n\t\t\t\t\t<\/div>\r\n\r\n\t\t\t\t\t<div class=\"faq-item-answer\">\r\n\t\t\t\t\t\t<div class=\"faq-item-answer-text\"> <p>Elfsight proporciona una soluci\u00f3n SaaS que te permite crear un control deslizante de testimonios t\u00fa mismo. Mira lo f\u00e1cil que es el proceso: trabaja directamente en el editor en l\u00ednea para crear un widget control deslizante de testimonios que te gustar\u00eda ver en tu sitio web Jimdo. Elija una de las plantillas predise\u00f1adas y ajuste la configuraci\u00f3n del control deslizante de testimonios, agregue su contenido, cambie el dise\u00f1o y la combinaci\u00f3n de colores sin conocimientos de codificaci\u00f3n. Guarda el control deslizante de testimonios y copia su c\u00f3digo de instalaci\u00f3n, que podr\u00e1s pegar f\u00e1cilmente en tu sitio web Jimdo sin necesidad de comprar una suscripci\u00f3n paga. Con nuestro editor intuitivo, cualquier usuario de Internet puede crear un widget de control deslizante de testimonios en l\u00ednea e incrustarlo f\u00e1cilmente en su sitio web Jimdo. No es necesario pagar ni ingresar las credenciales de su tarjeta para acceder al servicio. Si tiene alg\u00fan problema en cualquier paso, no dude en ponerse en contacto con nuestro equipo de soporte t\u00e9cnico.<\/p> <\/div>\r\n\t\t\t\t\t<\/div>\r\n\t\t\t\t<\/div> <\/div> <\/div><p><\/p>","protected":false},"excerpt":{"rendered":"","protected":false},"author":9,"featured_media":0,"parent":2041,"menu_order":0,"comment_status":"closed","ping_status":"closed","template":"templates\/template-application-platform.php","meta":{"publish_to_discourse":"","publish_post_category":"","wpdc_auto_publish_overridden":"","wpdc_topic_tags":"","wpdc_pin_topic":"","wpdc_pin_until":"","discourse_post_id":"","discourse_permalink":"","wpdc_publishing_response":"","wpdc_publishing_error":"","footnotes":""},"class_list":["post-5845","page","type-page","status-publish","hentry"],"yoast_head":"<!-- This site is optimized with the Yoast SEO plugin v25.3.1 - https:\/\/yoast.com\/wordpress\/plugins\/seo\/ -->\n<title>Control deslizante de testimonios: agregue un widget de testimonios al sitio web de Jimdo<\/title>\n<meta name=\"description\" content=\"Consulta el mejor widget de control deslizante de testimonios para Jimdo de forma gratuita. Una integraci\u00f3n sin conocimientos de desarrollo web en tan solo un par de minutos.\" \/>\n<meta name=\"robots\" content=\"index, follow, max-snippet:-1, max-image-preview:large, max-video-preview:-1\" \/>\n<link rel=\"canonical\" href=\"https:\/\/elfsight.com\/es\/testimonials-slider-widget\/jimdo\/\" \/>\n<meta property=\"og:locale\" content=\"es_ES\" \/>\n<meta property=\"og:type\" content=\"article\" \/>\n<meta property=\"og:title\" content=\"Control deslizante de testimonios: agregue un widget de testimonios al sitio web de Jimdo\" \/>\n<meta property=\"og:description\" content=\"Consulta el mejor widget de control deslizante de testimonios para Jimdo de forma gratuita. Una integraci\u00f3n sin conocimientos de desarrollo web en tan solo un par de minutos.\" \/>\n<meta property=\"og:url\" content=\"https:\/\/elfsight.com\/es\/testimonials-slider-widget\/jimdo\/\" \/>\n<meta property=\"og:site_name\" content=\"Elfsight ES\" \/>\n<meta property=\"article:modified_time\" content=\"2025-02-06T16:10:07+00:00\" \/>\n<meta name=\"twitter:card\" content=\"summary_large_image\" \/>\n<meta name=\"twitter:label1\" content=\"Tiempo de lectura\" \/>\n\t<meta name=\"twitter:data1\" content=\"3 minutos\" \/>\n<!-- \/ Yoast SEO plugin. -->","yoast_head_json":{"title":"Control deslizante de testimonios: agregue un widget de testimonios al sitio web de Jimdo","description":"Consulta el mejor widget de control deslizante de testimonios para Jimdo de forma gratuita. Una integraci\u00f3n sin conocimientos de desarrollo web en tan solo un par de minutos.","robots":{"index":"index","follow":"follow","max-snippet":"max-snippet:-1","max-image-preview":"max-image-preview:large","max-video-preview":"max-video-preview:-1"},"canonical":"https:\/\/elfsight.com\/es\/testimonials-slider-widget\/jimdo\/","og_locale":"es_ES","og_type":"article","og_title":"Control deslizante de testimonios: agregue un widget de testimonios al sitio web de Jimdo","og_description":"Consulta el mejor widget de control deslizante de testimonios para Jimdo de forma gratuita. Una integraci\u00f3n sin conocimientos de desarrollo web en tan solo un par de minutos.","og_url":"https:\/\/elfsight.com\/es\/testimonials-slider-widget\/jimdo\/","og_site_name":"Elfsight ES","article_modified_time":"2025-02-06T16:10:07+00:00","twitter_card":"summary_large_image","twitter_misc":{"Tiempo de lectura":"3 minutos"},"schema":{"@context":"https:\/\/schema.org","@graph":[{"@type":"WebPage","@id":"https:\/\/elfsight.com\/es\/testimonials-slider-widget\/jimdo\/","url":"https:\/\/elfsight.com\/es\/testimonials-slider-widget\/jimdo\/","name":"Control deslizante de testimonios: agregue un widget de testimonios al sitio web de Jimdo","isPartOf":{"@id":"https:\/\/elfsight.com\/es\/#website"},"datePublished":"1970-01-01T00:00:00+00:00","dateModified":"2025-02-06T16:10:07+00:00","description":"Consulta el mejor widget de control deslizante de testimonios para Jimdo de forma gratuita. Una integraci\u00f3n sin conocimientos de desarrollo web en tan solo un par de minutos.","breadcrumb":{"@id":"https:\/\/elfsight.com\/es\/testimonials-slider-widget\/jimdo\/#breadcrumb"},"inLanguage":"es","potentialAction":[{"@type":"ReadAction","target":["https:\/\/elfsight.com\/es\/testimonials-slider-widget\/jimdo\/"]}]},{"@type":"BreadcrumbList","@id":"https:\/\/elfsight.com\/es\/testimonials-slider-widget\/jimdo\/#breadcrumb","itemListElement":[{"@type":"ListItem","position":1,"name":"Home","item":"https:\/\/elfsight.com\/es\/"},{"@type":"ListItem","position":2,"name":"Testimonials Slider","item":"https:\/\/elfsight.com\/es\/testimonials-slider-widget\/"},{"@type":"ListItem","position":3,"name":"Testimonials Slider &#8211; Jimdo"}]},{"@type":"WebSite","@id":"https:\/\/elfsight.com\/es\/#website","url":"https:\/\/elfsight.com\/es\/","name":"Elfsight ES","description":"Just another Elfsight Sites site","potentialAction":[{"@type":"SearchAction","target":{"@type":"EntryPoint","urlTemplate":"https:\/\/elfsight.com\/es\/?s={search_term_string}"},"query-input":{"@type":"PropertyValueSpecification","valueRequired":true,"valueName":"search_term_string"}}],"inLanguage":"es"}]}},"meta_box":{"industry":"","seo_heading":"","heading":"","description":"","cta_heading":"","cta_description":"","application":"2040","h1":"Widget deslizante de testimonios para Jimdo","h1_caption":"Construir testimonios completos con informaci\u00f3n sobre el autor aumenta la conversi\u00f3n","application_category":[],"applications_title":"","applications_request_title":"","applications_request_button_text":"","hero_text":"","hero_video":"","hero_video_schema_markup":"","selling_points_title":"","selling_points_caption":"","selling_points":[],"selling_points_cta_text":"","features_title":"","features":"","ed_cta_examples_text":"","ed_cta_examples_hidden":"","ed_cta_demo_text":"","ed_cta_demo_hidden":"","why_caption":"","why_editor_title":"","why_editor_text":"","why_team_title":"","why_team_text":"","why_service_title":"","why_service_text":"","template_catalog_visible":"","template_catalog_title":"","template_catalog_text":"","template_catalog_categories_visible":"","demo_title":"Cree su widget deslizante de testimonios","demo_caption":"\u00a1Configura tu control deslizante de testimonios y a\u00f1\u00e1delo a tu sitio web Jimdo gratis!","default_faq_hidden":"","app_template_category":[],"platform":"2198","template_public_id":"","codecanyon_url":"","codecanyon_item_id":"","codecanyon_price":"","pricing_caption":"","pricing_elfsight_apps_hide_column":"","pricing_elfsight_apps_url":"","pricing_codecanyon_price_caption":"","integration_category":[],"integration_request_title":"","integration_request_cta":"","integration_platform":"","integrations":[],"platform_category":[],"video_schema_markup":"","price":"desde $0 \/ mes","trial":"","benefits":[{"text":"Asistencia de instalaci\u00f3n gratuita"},{"text":"Atenci\u00f3n al cliente experimentada"},{"text":"Garant\u00eda de reembolso de 14 d\u00edas"},{"text":"Mejoras gratuitas continuas"}],"button_url":"#demo","button_target_blank":"","button_nofollow":"","attributes":[{"name":"Instalaciones","content":"10,000 - 100,000"},{"name":"Sensible","content":"S\u00ed"},{"name":"Navegadores compatibles","content":"Firefox, Safari, Opera, Chrome, Edge"}],"tags":[],"tags_disable_links":"","hide_more_platforms":"","video_object":"","demo_hide_cta":"","demo_hide_cloud_options":"","pricing_title":"","pricing":[{"pricing_icon":"platform","pricing_title":"Elfsight Apps","pricing_title_caption":"Soluci\u00f3n independiente de plataforma que funciona en cualquier sitio","pricing_price":"desde $0 \/ mes","pricing_price_caption":"comienza con un plan gratuito","pricing_benefits":[{"text":"Dominios ilimitados"},{"text":"Soporte profesional de la empresa"},{"text":"Ayuda de instalaci\u00f3n gratuita"},{"text":"100% personalizable"}],"pricing_button_text":"A\u00f1adir al sitio web","pricing_button_url":"#demo"}],"related_apps_title":"","related_apps_hidden":"","author":"","image":[],"title":"","job":"","social_networks":[]},"_links":{"self":[{"href":"https:\/\/elfsight.com\/es\/wp-json\/wp\/v2\/pages\/5845","targetHints":{"allow":["GET"]}}],"collection":[{"href":"https:\/\/elfsight.com\/es\/wp-json\/wp\/v2\/pages"}],"about":[{"href":"https:\/\/elfsight.com\/es\/wp-json\/wp\/v2\/types\/page"}],"author":[{"embeddable":true,"href":"https:\/\/elfsight.com\/es\/wp-json\/wp\/v2\/users\/9"}],"replies":[{"embeddable":true,"href":"https:\/\/elfsight.com\/es\/wp-json\/wp\/v2\/comments?post=5845"}],"version-history":[{"count":2,"href":"https:\/\/elfsight.com\/es\/wp-json\/wp\/v2\/pages\/5845\/revisions"}],"predecessor-version":[{"id":19301,"href":"https:\/\/elfsight.com\/es\/wp-json\/wp\/v2\/pages\/5845\/revisions\/19301"}],"up":[{"embeddable":true,"href":"https:\/\/elfsight.com\/es\/wp-json\/wp\/v2\/pages\/2041"}],"wp:attachment":[{"href":"https:\/\/elfsight.com\/es\/wp-json\/wp\/v2\/media?parent=5845"}],"curies":[{"name":"wp","href":"https:\/\/api.w.org\/{rel}","templated":true}]}}