{"id":5820,"date":"1970-01-01T00:00:00","date_gmt":"1970-01-01T00:00:00","guid":{"rendered":"https:\/\/elfsight.com\/es\/?page_id=5820"},"modified":"2025-02-06T16:10:16","modified_gmt":"2025-02-06T16:10:16","slug":"wix","status":"publish","type":"page","link":"https:\/\/elfsight.com\/es\/tiktok-feed-widget\/wix\/","title":{"rendered":"TikTok Feed &#8211; Wix"},"content":{"rendered":"<div class=\"application-platform-content-item-description application-platform-content-item\" id=\"description\" data-nav-section=\"description\"> <h2>Descripci\u00f3n<\/h2> <p>Elfsight TiKTok Feed para Wix es una aplicaci\u00f3n \u00fanica para vender no solo productos, sino tambi\u00e9n emociones y experiencias. Con \u00e9l, puede crear un feed individualizado a partir del contenido de TikTok y colocarlo directamente en su sitio de Internet. \u00a1Desarrolla una galer\u00eda de v\u00eddeos en unos pocos clics! Disfrute del control absoluto sobre el contenido presentado y elimine el spam y cualquier contenido no deseado con moderaci\u00f3n manual. El editor en l\u00ednea completamente responsivo le ofrece una variedad de plantillas para elegir. <\/p> <p><b>Haga que su sitio web sea m\u00e1s eficiente para los objetivos de comercio electr\u00f3nico con la ayuda de TikTok Feed<\/b><\/p> <\/div> <div class=\"application-platform-content-item-features application-platform-content-item\" id=\"features\" data-nav-section=\"features\"> <h2>Explore la lista de las funciones m\u00e1s importantes: <\/h2> <ul><li>Oculte la secci\u00f3n principal para que la herramienta parezca minimalista. <\/li><li>Elimine el spam y el contenido no deseado utilizando el modo de moderaci\u00f3n manual. <\/li><li>Coloque el bot\u00f3n Seguir en las publicaciones de la herramienta. <\/li><li>Permite que tus publicaciones aparezcan en modo emergente. <\/li><\/ul><p><a href=\"#demo\">Simplemente prueba esta demostraci\u00f3n para ver c\u00f3mo funciona<\/a><\/p> <\/div> <div class=\"application-platform-content-item-installation application-platform-content-item\" id=\"installation\" data-nav-section=\"installation\"> <h2>\u00bfC\u00f3mo puedo insertar TikTok Feed en mi sitio web Wix? <\/h2> <p>Simplemente aplique las instrucciones a continuaci\u00f3n para integrar la aplicaci\u00f3n. <\/p> <ol><li><b>Administra nuestro configurador gratuito y comienza a crear tu propia aplicaci\u00f3n. <\/b><br> Determine la interfaz preferible y las especificaciones de la aplicaci\u00f3n y guarde las correcciones. <\/li> <li><b>Obtenga el c\u00f3digo personal que aparece en el formulario especial de Elfsight Apps. <\/b><br> Inmediatamente despu\u00e9s de finalizar la personalizaci\u00f3n de su aplicaci\u00f3n, copie el c\u00f3digo personal en el cuadro que aparece y gu\u00e1rdelo para su uso posterior. <\/li> <li><b>Inicia la utilizaci\u00f3n de la aplicaci\u00f3n en tu sitio web Wix. <\/b><br> Inserta el c\u00f3digo copiado recientemente en tu p\u00e1gina y aplica las mejoras. <\/li> <li><b>La configuraci\u00f3n se realiz\u00f3 exitosamente. <\/b><br>Visite su sitio para ver c\u00f3mo funciona la aplicaci\u00f3n. <\/li><\/ol> <p>En caso de que encuentre alguna dificultad, no dude en buscar ayuda de nuestro equipo de atenci\u00f3n al cliente. Nuestra gente est\u00e1 ansiosa por resolver todas las dificultades que pueda tener con el producto. <\/p> <\/div><div class=\"faq\" data-component=\"FAQ\"><div class=\"faq-item\">\r\n\t\t\t\t\t<div class=\"faq-item-question\">\r\n\t\t\t\t\t\t<h3 class=\"faq-item-question-text\">\u00bfExiste alguna manera de incrustar TikTok Feed en mi p\u00e1gina de inicio de Wix sin conocimientos de codificaci\u00f3n?<\/h3>\r\n\r\n\t\t\t\t\t\t<div class=\"faq-item-question-icon\"><\/div>\r\n\t\t\t\t\t<\/div>\r\n\r\n\t\t\t\t\t<div class=\"faq-item-answer\">\r\n\t\t\t\t\t\t<div class=\"faq-item-answer-text\"><p>La empresa Elfsight presenta una soluci\u00f3n SaaS que le permite crear una secci\u00f3n de TikTok Feed usted mismo. Descubra la gu\u00eda sencilla:<\/p><ul><li>Vaya a la demostraci\u00f3n en l\u00ednea para crear un widget de TikTok Feed que usted mismo usar\u00eda. desea incrustar en su Wix.<\/li><li>Elija una de las plantillas predise\u00f1adas y ajuste la configuraci\u00f3n de TikTok Feed, incluya su contenido, transforme el dise\u00f1o y los colores sin conocimientos de codificaci\u00f3n.<\/li><li>Guarde la configuraci\u00f3n que realiz\u00f3 en TikTok Feed y obtenga su c\u00f3digo de instalaci\u00f3n, que puede simplemente incrustar en la p\u00e1gina web de Wix sin necesidad de comprar una suscripci\u00f3n paga.<\/li><\/ul><p>Con nuestro Configurador intuitivo, cualquier usuario web puede crear la aplicaci\u00f3n TikTok Feed en l\u00ednea y simplemente agregarla a su Wix. p\u00e1gina de inicio. No es necesario obtener una suscripci\u00f3n paga ni enviar las credenciales de su tarjeta para acceder a Elfsight Editor. Si tiene alg\u00fan problema en alg\u00fan paso, no dude en comunicarse con nuestro equipo de soporte.<\/p><\/div>\r\n\t\t\t\t\t<\/div>\r\n\t\t\t\t<\/div><\/div>","protected":false},"excerpt":{"rendered":"","protected":false},"author":9,"featured_media":0,"parent":2059,"menu_order":0,"comment_status":"closed","ping_status":"closed","template":"templates\/template-application-platform.php","meta":{"publish_to_discourse":"","publish_post_category":"","wpdc_auto_publish_overridden":"","wpdc_topic_tags":"","wpdc_pin_topic":"","wpdc_pin_until":"","discourse_post_id":"","discourse_permalink":"","wpdc_publishing_response":"","wpdc_publishing_error":"","footnotes":""},"class_list":["post-5820","page","type-page","status-publish","hentry"],"yoast_head":"<!-- This site is optimized with the Yoast SEO plugin v25.3.1 - https:\/\/yoast.com\/wordpress\/plugins\/seo\/ -->\n<title>Agrega la aplicaci\u00f3n TikTok Feed al sitio web de Wix (r\u00e1pido y gratis)<\/title>\n<meta name=\"description\" content=\"Agrega una aplicaci\u00f3n Wix TikTok Feed f\u00e1cil de usar en tu sitio web. Utilice la pr\u00e1ctica demostraci\u00f3n de Elfsight y cree su elegante aplicaci\u00f3n TikTok con solo un par de clics\" \/>\n<meta name=\"robots\" content=\"index, follow, max-snippet:-1, max-image-preview:large, max-video-preview:-1\" \/>\n<link rel=\"canonical\" href=\"https:\/\/elfsight.com\/es\/tiktok-feed-widget\/wix\/\" \/>\n<meta property=\"og:locale\" content=\"es_ES\" \/>\n<meta property=\"og:type\" content=\"article\" \/>\n<meta property=\"og:title\" content=\"Agrega la aplicaci\u00f3n TikTok Feed al sitio web de Wix (r\u00e1pido y gratis)\" \/>\n<meta property=\"og:description\" content=\"Agrega una aplicaci\u00f3n Wix TikTok Feed f\u00e1cil de usar en tu sitio web. Utilice la pr\u00e1ctica demostraci\u00f3n de Elfsight y cree su elegante aplicaci\u00f3n TikTok con solo un par de clics\" \/>\n<meta property=\"og:url\" content=\"https:\/\/elfsight.com\/es\/tiktok-feed-widget\/wix\/\" \/>\n<meta property=\"og:site_name\" content=\"Elfsight ES\" \/>\n<meta property=\"article:modified_time\" content=\"2025-02-06T16:10:16+00:00\" \/>\n<meta name=\"twitter:card\" content=\"summary_large_image\" \/>\n<meta name=\"twitter:label1\" content=\"Tiempo de lectura\" \/>\n\t<meta name=\"twitter:data1\" content=\"3 minutos\" \/>\n<!-- \/ Yoast SEO plugin. -->","yoast_head_json":{"title":"Agrega la aplicaci\u00f3n TikTok Feed al sitio web de Wix (r\u00e1pido y gratis)","description":"Agrega una aplicaci\u00f3n Wix TikTok Feed f\u00e1cil de usar en tu sitio web. Utilice la pr\u00e1ctica demostraci\u00f3n de Elfsight y cree su elegante aplicaci\u00f3n TikTok con solo un par de clics","robots":{"index":"index","follow":"follow","max-snippet":"max-snippet:-1","max-image-preview":"max-image-preview:large","max-video-preview":"max-video-preview:-1"},"canonical":"https:\/\/elfsight.com\/es\/tiktok-feed-widget\/wix\/","og_locale":"es_ES","og_type":"article","og_title":"Agrega la aplicaci\u00f3n TikTok Feed al sitio web de Wix (r\u00e1pido y gratis)","og_description":"Agrega una aplicaci\u00f3n Wix TikTok Feed f\u00e1cil de usar en tu sitio web. Utilice la pr\u00e1ctica demostraci\u00f3n de Elfsight y cree su elegante aplicaci\u00f3n TikTok con solo un par de clics","og_url":"https:\/\/elfsight.com\/es\/tiktok-feed-widget\/wix\/","og_site_name":"Elfsight ES","article_modified_time":"2025-02-06T16:10:16+00:00","twitter_card":"summary_large_image","twitter_misc":{"Tiempo de lectura":"3 minutos"},"schema":{"@context":"https:\/\/schema.org","@graph":[{"@type":"WebPage","@id":"https:\/\/elfsight.com\/es\/tiktok-feed-widget\/wix\/","url":"https:\/\/elfsight.com\/es\/tiktok-feed-widget\/wix\/","name":"Agrega la aplicaci\u00f3n TikTok Feed al sitio web de Wix (r\u00e1pido y gratis)","isPartOf":{"@id":"https:\/\/elfsight.com\/es\/#website"},"datePublished":"1970-01-01T00:00:00+00:00","dateModified":"2025-02-06T16:10:16+00:00","description":"Agrega una aplicaci\u00f3n Wix TikTok Feed f\u00e1cil de usar en tu sitio web. Utilice la pr\u00e1ctica demostraci\u00f3n de Elfsight y cree su elegante aplicaci\u00f3n TikTok con solo un par de clics","breadcrumb":{"@id":"https:\/\/elfsight.com\/es\/tiktok-feed-widget\/wix\/#breadcrumb"},"inLanguage":"es","potentialAction":[{"@type":"ReadAction","target":["https:\/\/elfsight.com\/es\/tiktok-feed-widget\/wix\/"]}]},{"@type":"BreadcrumbList","@id":"https:\/\/elfsight.com\/es\/tiktok-feed-widget\/wix\/#breadcrumb","itemListElement":[{"@type":"ListItem","position":1,"name":"Home","item":"https:\/\/elfsight.com\/es\/"},{"@type":"ListItem","position":2,"name":"TikTok Feed","item":"https:\/\/elfsight.com\/es\/tiktok-feed-widget\/"},{"@type":"ListItem","position":3,"name":"TikTok Feed &#8211; Wix"}]},{"@type":"WebSite","@id":"https:\/\/elfsight.com\/es\/#website","url":"https:\/\/elfsight.com\/es\/","name":"Elfsight ES","description":"Just another Elfsight Sites site","potentialAction":[{"@type":"SearchAction","target":{"@type":"EntryPoint","urlTemplate":"https:\/\/elfsight.com\/es\/?s={search_term_string}"},"query-input":{"@type":"PropertyValueSpecification","valueRequired":true,"valueName":"search_term_string"}}],"inLanguage":"es"}]}},"meta_box":{"industry":"","seo_heading":"","heading":"","description":"","cta_heading":"","cta_description":"","application":"2058","h1":"Aplicaci\u00f3n Wix TikTok Feed","h1_caption":"Muestre videos de tiktok de tendencia por hashtag o cuenta, agregando contenido din\u00e1mico y atractivo a su sitio web en su sitio web Wix sin esfuerzo.","application_category":[],"applications_title":"","applications_request_title":"","applications_request_button_text":"","hero_text":"","hero_video":"","hero_video_schema_markup":"","selling_points_title":"","selling_points_caption":"","selling_points":[],"selling_points_cta_text":"","features_title":"","features":"","ed_cta_examples_text":"","ed_cta_examples_hidden":"","ed_cta_demo_text":"","ed_cta_demo_hidden":"","why_caption":"","why_editor_title":"","why_editor_text":"","why_team_title":"","why_team_text":"","why_service_title":"","why_service_text":"","template_catalog_visible":"","template_catalog_title":"","template_catalog_text":"","template_catalog_categories_visible":"","demo_title":"Crea tu aplicaci\u00f3n TikTok Feed","demo_caption":"\u00a1Configura tu feed de TikTok y agr\u00e9galo a tu sitio web Wix gratis!","default_faq_hidden":"","app_template_category":[],"platform":"112","template_public_id":"","codecanyon_url":"","codecanyon_item_id":"","codecanyon_price":"","pricing_caption":"","pricing_elfsight_apps_hide_column":"","pricing_elfsight_apps_url":"","pricing_codecanyon_price_caption":"","integration_category":[],"integration_request_title":"","integration_request_cta":"","integration_platform":"","integrations":[],"platform_category":[],"video_schema_markup":"","price":"desde $0 \/ mes","trial":"","benefits":[{"text":"Asistencia de instalaci\u00f3n gratuita"},{"text":"Servicio al cliente profesional"},{"text":"Garant\u00eda de devoluci\u00f3n de dinero de 14 d\u00edas"},{"text":"Actualizando constantemente"}],"button_url":"#demo","button_target_blank":"","button_nofollow":"","attributes":[{"name":"Instalaciones","content":"10,000 - 100,000"},{"name":"Sensible","content":"S\u00ed"},{"name":"Navegadores compatibles","content":"Firefox, Safari, Opera, Chrome, Edge"}],"tags":[],"tags_disable_links":"","hide_more_platforms":"","video_object":"","demo_hide_cta":"","demo_hide_cloud_options":"","pricing_title":"","pricing":[{"pricing_icon":"platform","pricing_title":"Elfsight Apps","pricing_title_caption":"Soluci\u00f3n digital independiente de la plataforma que se adapta a cualquier sitio","pricing_price":"desde $0 \/ mes","pricing_price_caption":"comienza con un plan gratuito","pricing_benefits":[{"text":"Dominios ilimitados"},{"text":"Soporte premium y bien documentado."},{"text":"Soporte de instalaci\u00f3n gratuito"},{"text":"100% personalizable"}],"pricing_button_text":"A\u00f1adir al sitio web","pricing_button_url":"#demo"}],"related_apps_title":"","related_apps_hidden":"","author":"","image":[],"title":"","job":"","social_networks":[]},"_links":{"self":[{"href":"https:\/\/elfsight.com\/es\/wp-json\/wp\/v2\/pages\/5820","targetHints":{"allow":["GET"]}}],"collection":[{"href":"https:\/\/elfsight.com\/es\/wp-json\/wp\/v2\/pages"}],"about":[{"href":"https:\/\/elfsight.com\/es\/wp-json\/wp\/v2\/types\/page"}],"author":[{"embeddable":true,"href":"https:\/\/elfsight.com\/es\/wp-json\/wp\/v2\/users\/9"}],"replies":[{"embeddable":true,"href":"https:\/\/elfsight.com\/es\/wp-json\/wp\/v2\/comments?post=5820"}],"version-history":[{"count":2,"href":"https:\/\/elfsight.com\/es\/wp-json\/wp\/v2\/pages\/5820\/revisions"}],"predecessor-version":[{"id":19303,"href":"https:\/\/elfsight.com\/es\/wp-json\/wp\/v2\/pages\/5820\/revisions\/19303"}],"up":[{"embeddable":true,"href":"https:\/\/elfsight.com\/es\/wp-json\/wp\/v2\/pages\/2059"}],"wp:attachment":[{"href":"https:\/\/elfsight.com\/es\/wp-json\/wp\/v2\/media?parent=5820"}],"curies":[{"name":"wp","href":"https:\/\/api.w.org\/{rel}","templated":true}]}}