{"id":5819,"date":"1970-01-01T00:00:00","date_gmt":"1970-01-01T00:00:00","guid":{"rendered":"https:\/\/elfsight.com\/es\/?page_id=5819"},"modified":"2025-02-06T16:10:16","modified_gmt":"2025-02-06T16:10:16","slug":"weebly","status":"publish","type":"page","link":"https:\/\/elfsight.com\/es\/tiktok-feed-widget\/weebly\/","title":{"rendered":"TikTok Feed &#8211; Weebly"},"content":{"rendered":"<div class=\"application-platform-content-item-description application-platform-content-item\" id=\"description\" data-nav-section=\"description\"> <h2>Descripci\u00f3n<\/h2> <p>Elfsight TiKTok Feed para Weebly es una aplicaci\u00f3n para comercializar no solo productos, sino tambi\u00e9n emociones y experiencias. Al usarlo, puede dise\u00f1ar un feed personalizado a partir de su contenido de TikTok y mostrarlo directamente en su sitio de Internet. \u00a1Dise\u00f1a una galer\u00eda de v\u00eddeos en pocos minutos! Ejerza el control total sobre el contenido revelado y elimine el spam y cualquier contenido no deseado mediante la moderaci\u00f3n manual. El editor en l\u00ednea totalmente responsivo le proporciona varias plantillas para elegir. <\/p> <p><b>Haga que su sitio web tenga m\u00e1s \u00e9xito para sus objetivos comerciales con la ayuda de TikTok Feed<\/b><\/p> <\/div> <div class=\"application-platform-content-item-features application-platform-content-item\" id=\"features\" data-nav-section=\"features\"> <h2>Vea la lista de las funciones m\u00e1s \u00fatiles: <\/h2> <ul><li>Oculte la secci\u00f3n principal para que su herramienta parezca minimalista. <\/li><li>Elimine el spam y el contenido no deseado utilizando el modo de moderaci\u00f3n manual. <\/li><li>Instale el bot\u00f3n Seguir en las tarjetas de widgets. <\/li><li>Permite que tus publicaciones aparezcan en una ventana emergente. <\/li><\/ul><p><a href=\"#demo\">Explore todas las configuraciones en una demostraci\u00f3n 100% funcional<\/a><\/p> <\/div> <div class=\"application-platform-content-item-installation application-platform-content-item\" id=\"installation\" data-nav-section=\"installation\"> <h2>\u00bfC\u00f3mo puedo agregar TikTok Feed a mi sitio Weebly? <\/h2> <p>Simplemente aplique las instrucciones a continuaci\u00f3n para comenzar a trabajar con la herramienta. <\/p> <ol><li><b>Abra nuestra demostraci\u00f3n gratuita y comience a crear su aplicaci\u00f3n personalizada. <\/b><br>Determina el dise\u00f1o seleccionado y las caracter\u00edsticas de la aplicaci\u00f3n y guarda las correcciones. <\/li> <li><b>Obtenga su c\u00f3digo individual que se muestra en el formulario especial en Elfsight Apps. <\/b><br> Tan pronto como se complete la personalizaci\u00f3n de su aplicaci\u00f3n personal, copie el c\u00f3digo personal de la ventana emergente que aparece y gu\u00e1rdelo para futuras ocasiones. <\/li> <li><b>Comience a usar la aplicaci\u00f3n en el sitio web de Weebly. <\/b><br> Pegue el c\u00f3digo copiado recientemente en su sitio web y aplique las correcciones. <\/li> <li><b>La instalaci\u00f3n se realiz\u00f3 exitosamente. <\/b><br> Vaya a su sitio web para examinar c\u00f3mo se est\u00e1 ejecutando la aplicaci\u00f3n. <\/li><\/ol> <p>A condici\u00f3n de afrontar consultas o superar alg\u00fan obst\u00e1culo, no dude en solicitar contacto con nuestro equipo de atenci\u00f3n al cliente. Nuestra gente est\u00e1 ansiosa por ayudarle con todas las dificultades que pueda tener con el producto. <\/p> <\/div><div class=\"faq\" data-component=\"FAQ\"><div class=\"faq-item\">\r\n\t\t\t\t\t<div class=\"faq-item-question\">\r\n\t\t\t\t\t\t<h3 class=\"faq-item-question-text\">\u00bfC\u00f3mo agregar TikTok Feed a mi p\u00e1gina de inicio de Weebly sin codificaci\u00f3n?<\/h3>\r\n\r\n\t\t\t\t\t\t<div class=\"faq-item-question-icon\"><\/div>\r\n\t\t\t\t\t<\/div>\r\n\r\n\t\t\t\t\t<div class=\"faq-item-answer\">\r\n\t\t\t\t\t\t<div class=\"faq-item-answer-text\"><p>La empresa Elfsight proporciona una soluci\u00f3n SaaS que permite a una amplia audiencia establecer un complemento de TikTok Feed usted mismo, observe lo f\u00e1cil que es:<\/p><ul><li>Trabaje directamente en el editor en vivo para crear una aplicaci\u00f3n de TikTok Feed que le gustar\u00eda agregar Sitio web de Weebly.<\/li><li>Seleccione una de las muchas plantillas predise\u00f1adas y adapte la configuraci\u00f3n de TikTok Feed, transforme el dise\u00f1o y los colores, incluya su contenido sin conocimientos de codificaci\u00f3n.<\/li><li>Haga clic para guardar el TikTok Feed y copie el c\u00f3digo del complemento para incrustarlo, que se puede agregar f\u00e1cilmente en cualquier p\u00e1gina de inicio de Weebly de forma gratuita.<\/li><\/ul><p>Con la ayuda del sencillo editor, cada usuario de Internet puede generar la secci\u00f3n TikTok Feed y pegarla f\u00e1cilmente en cualquier sitio web de Weebly. No es necesario pagar ni enviar los datos de su tarjeta para ingresar a nuestro servicio. Si encuentra alg\u00fan obst\u00e1culo de cualquier tipo, no dude en ponerse en contacto con nuestro servicio t\u00e9cnico de atenci\u00f3n al cliente.<\/p><\/div>\r\n\t\t\t\t\t<\/div>\r\n\t\t\t\t<\/div><\/div>","protected":false},"excerpt":{"rendered":"","protected":false},"author":9,"featured_media":0,"parent":2059,"menu_order":0,"comment_status":"closed","ping_status":"closed","template":"templates\/template-application-platform.php","meta":{"publish_to_discourse":"","publish_post_category":"","wpdc_auto_publish_overridden":"","wpdc_topic_tags":"","wpdc_pin_topic":"","wpdc_pin_until":"","discourse_post_id":"","discourse_permalink":"","wpdc_publishing_response":"","wpdc_publishing_error":"","footnotes":""},"class_list":["post-5819","page","type-page","status-publish","hentry"],"yoast_head":"<!-- This site is optimized with the Yoast SEO plugin v25.3.1 - https:\/\/yoast.com\/wordpress\/plugins\/seo\/ -->\n<title>Agregue la aplicaci\u00f3n TikTok Feed al sitio web Weebly (r\u00e1pido y gratis)<\/title>\n<meta name=\"description\" content=\"Agregue una aplicaci\u00f3n Weebly TikTok Feed f\u00e1cil de administrar en su sitio web. Pruebe la pr\u00e1ctica demostraci\u00f3n de Elfsight y modifique su impresionante aplicaci\u00f3n TikTok.\" \/>\n<meta name=\"robots\" content=\"index, follow, max-snippet:-1, max-image-preview:large, max-video-preview:-1\" \/>\n<link rel=\"canonical\" href=\"https:\/\/elfsight.com\/es\/tiktok-feed-widget\/weebly\/\" \/>\n<meta property=\"og:locale\" content=\"es_ES\" \/>\n<meta property=\"og:type\" content=\"article\" \/>\n<meta property=\"og:title\" content=\"Agregue la aplicaci\u00f3n TikTok Feed al sitio web Weebly (r\u00e1pido y gratis)\" \/>\n<meta property=\"og:description\" content=\"Agregue una aplicaci\u00f3n Weebly TikTok Feed f\u00e1cil de administrar en su sitio web. Pruebe la pr\u00e1ctica demostraci\u00f3n de Elfsight y modifique su impresionante aplicaci\u00f3n TikTok.\" \/>\n<meta property=\"og:url\" content=\"https:\/\/elfsight.com\/es\/tiktok-feed-widget\/weebly\/\" \/>\n<meta property=\"og:site_name\" content=\"Elfsight ES\" \/>\n<meta property=\"article:modified_time\" content=\"2025-02-06T16:10:16+00:00\" \/>\n<meta name=\"twitter:card\" content=\"summary_large_image\" \/>\n<meta name=\"twitter:label1\" content=\"Tiempo de lectura\" \/>\n\t<meta name=\"twitter:data1\" content=\"3 minutos\" \/>\n<!-- \/ Yoast SEO plugin. -->","yoast_head_json":{"title":"Agregue la aplicaci\u00f3n TikTok Feed al sitio web Weebly (r\u00e1pido y gratis)","description":"Agregue una aplicaci\u00f3n Weebly TikTok Feed f\u00e1cil de administrar en su sitio web. Pruebe la pr\u00e1ctica demostraci\u00f3n de Elfsight y modifique su impresionante aplicaci\u00f3n TikTok.","robots":{"index":"index","follow":"follow","max-snippet":"max-snippet:-1","max-image-preview":"max-image-preview:large","max-video-preview":"max-video-preview:-1"},"canonical":"https:\/\/elfsight.com\/es\/tiktok-feed-widget\/weebly\/","og_locale":"es_ES","og_type":"article","og_title":"Agregue la aplicaci\u00f3n TikTok Feed al sitio web Weebly (r\u00e1pido y gratis)","og_description":"Agregue una aplicaci\u00f3n Weebly TikTok Feed f\u00e1cil de administrar en su sitio web. Pruebe la pr\u00e1ctica demostraci\u00f3n de Elfsight y modifique su impresionante aplicaci\u00f3n TikTok.","og_url":"https:\/\/elfsight.com\/es\/tiktok-feed-widget\/weebly\/","og_site_name":"Elfsight ES","article_modified_time":"2025-02-06T16:10:16+00:00","twitter_card":"summary_large_image","twitter_misc":{"Tiempo de lectura":"3 minutos"},"schema":{"@context":"https:\/\/schema.org","@graph":[{"@type":"WebPage","@id":"https:\/\/elfsight.com\/es\/tiktok-feed-widget\/weebly\/","url":"https:\/\/elfsight.com\/es\/tiktok-feed-widget\/weebly\/","name":"Agregue la aplicaci\u00f3n TikTok Feed al sitio web Weebly (r\u00e1pido y gratis)","isPartOf":{"@id":"https:\/\/elfsight.com\/es\/#website"},"datePublished":"1970-01-01T00:00:00+00:00","dateModified":"2025-02-06T16:10:16+00:00","description":"Agregue una aplicaci\u00f3n Weebly TikTok Feed f\u00e1cil de administrar en su sitio web. Pruebe la pr\u00e1ctica demostraci\u00f3n de Elfsight y modifique su impresionante aplicaci\u00f3n TikTok.","breadcrumb":{"@id":"https:\/\/elfsight.com\/es\/tiktok-feed-widget\/weebly\/#breadcrumb"},"inLanguage":"es","potentialAction":[{"@type":"ReadAction","target":["https:\/\/elfsight.com\/es\/tiktok-feed-widget\/weebly\/"]}]},{"@type":"BreadcrumbList","@id":"https:\/\/elfsight.com\/es\/tiktok-feed-widget\/weebly\/#breadcrumb","itemListElement":[{"@type":"ListItem","position":1,"name":"Home","item":"https:\/\/elfsight.com\/es\/"},{"@type":"ListItem","position":2,"name":"TikTok Feed","item":"https:\/\/elfsight.com\/es\/tiktok-feed-widget\/"},{"@type":"ListItem","position":3,"name":"TikTok Feed &#8211; Weebly"}]},{"@type":"WebSite","@id":"https:\/\/elfsight.com\/es\/#website","url":"https:\/\/elfsight.com\/es\/","name":"Elfsight ES","description":"Just another Elfsight Sites site","potentialAction":[{"@type":"SearchAction","target":{"@type":"EntryPoint","urlTemplate":"https:\/\/elfsight.com\/es\/?s={search_term_string}"},"query-input":{"@type":"PropertyValueSpecification","valueRequired":true,"valueName":"search_term_string"}}],"inLanguage":"es"}]}},"meta_box":{"industry":"","seo_heading":"","heading":"","description":"","cta_heading":"","cta_description":"","application":"2058","h1":"Aplicaci\u00f3n Weebly TikTok Feed","h1_caption":"Muestre videos de tiktok de tendencia por hashtag o cuenta, agregando contenido din\u00e1mico y atractivo a su sitio web en su sitio web Weebly sin esfuerzo.","application_category":[],"applications_title":"","applications_request_title":"","applications_request_button_text":"","hero_text":"","hero_video":"","hero_video_schema_markup":"","selling_points_title":"","selling_points_caption":"","selling_points":[],"selling_points_cta_text":"","features_title":"","features":"","ed_cta_examples_text":"","ed_cta_examples_hidden":"","ed_cta_demo_text":"","ed_cta_demo_hidden":"","why_caption":"","why_editor_title":"","why_editor_text":"","why_team_title":"","why_team_text":"","why_service_title":"","why_service_text":"","template_catalog_visible":"","template_catalog_title":"","template_catalog_text":"","template_catalog_categories_visible":"","demo_title":"Crea tu aplicaci\u00f3n TikTok Feed","demo_caption":"\u00a1Configura tu feed de TikTok y agr\u00e9galo a tu sitio web Weebly gratis!","default_faq_hidden":"","app_template_category":[],"platform":"109","template_public_id":"","codecanyon_url":"","codecanyon_item_id":"","codecanyon_price":"","pricing_caption":"","pricing_elfsight_apps_hide_column":"","pricing_elfsight_apps_url":"","pricing_codecanyon_price_caption":"","integration_category":[],"integration_request_title":"","integration_request_cta":"","integration_platform":"","integrations":[],"platform_category":[],"video_schema_markup":"","price":"desde $0 \/ mes","trial":"","benefits":[{"text":"Ayuda de instalaci\u00f3n gratuita"},{"text":"Servicio al cliente profesional"},{"text":"Garant\u00eda de devoluci\u00f3n de dinero de 14 d\u00edas"},{"text":"Actualizando constantemente"}],"button_url":"#demo","button_target_blank":"","button_nofollow":"","attributes":[{"name":"Instalaciones","content":"10,000 - 100,000"},{"name":"Sensible","content":"S\u00ed"},{"name":"Navegadores compatibles","content":"Firefox, Safari, Opera, Chrome, Edge"}],"tags":[],"tags_disable_links":"","hide_more_platforms":"","video_object":"","demo_hide_cta":"","demo_hide_cloud_options":"","pricing_title":"","pricing":[{"pricing_icon":"platform","pricing_title":"Elfsight Apps","pricing_title_caption":"Soluci\u00f3n digital multiplataforma que funciona en cualquier sitio web","pricing_price":"desde $0 \/ mes","pricing_price_caption":"comienza con un plan gratuito","pricing_benefits":[{"text":"Dominios ilimitados"},{"text":"Soporte r\u00e1pido"},{"text":"Servicio de instalaci\u00f3n gratuito"},{"text":"Dise\u00f1o flexible"}],"pricing_button_text":"A\u00f1adir al sitio web","pricing_button_url":"#demo"}],"related_apps_title":"","related_apps_hidden":"","author":"","image":[],"title":"","job":"","social_networks":[]},"_links":{"self":[{"href":"https:\/\/elfsight.com\/es\/wp-json\/wp\/v2\/pages\/5819","targetHints":{"allow":["GET"]}}],"collection":[{"href":"https:\/\/elfsight.com\/es\/wp-json\/wp\/v2\/pages"}],"about":[{"href":"https:\/\/elfsight.com\/es\/wp-json\/wp\/v2\/types\/page"}],"author":[{"embeddable":true,"href":"https:\/\/elfsight.com\/es\/wp-json\/wp\/v2\/users\/9"}],"replies":[{"embeddable":true,"href":"https:\/\/elfsight.com\/es\/wp-json\/wp\/v2\/comments?post=5819"}],"version-history":[{"count":2,"href":"https:\/\/elfsight.com\/es\/wp-json\/wp\/v2\/pages\/5819\/revisions"}],"predecessor-version":[{"id":19304,"href":"https:\/\/elfsight.com\/es\/wp-json\/wp\/v2\/pages\/5819\/revisions\/19304"}],"up":[{"embeddable":true,"href":"https:\/\/elfsight.com\/es\/wp-json\/wp\/v2\/pages\/2059"}],"wp:attachment":[{"href":"https:\/\/elfsight.com\/es\/wp-json\/wp\/v2\/media?parent=5819"}],"curies":[{"name":"wp","href":"https:\/\/api.w.org\/{rel}","templated":true}]}}