{"id":5818,"date":"1970-01-01T00:00:00","date_gmt":"1970-01-01T00:00:00","guid":{"rendered":"https:\/\/elfsight.com\/es\/?page_id=5818"},"modified":"2025-02-06T16:10:16","modified_gmt":"2025-02-06T16:10:16","slug":"webnode","status":"publish","type":"page","link":"https:\/\/elfsight.com\/es\/tiktok-feed-widget\/webnode\/","title":{"rendered":"TikTok Feed &#8211; Webnode"},"content":{"rendered":"<div class=\"application-platform-content-item-description application-platform-content-item\" id=\"description\" data-nav-section=\"description\"> <h2>Descripci\u00f3n<\/h2> <p>Elfsight TiKTok Feed para Webnode es un widget especial para comercializar no solo cosas, sino tambi\u00e9n emociones y experiencias. Al usarlo, puedes crear un feed personalizado a partir de tu contenido de TikTok y mostrarlo directamente en tu sitio. \u00a1Dise\u00f1a una galer\u00eda de v\u00eddeos en pocos minutos! Ejerza el control absoluto sobre el contenido presentado y elimine el spam y cualquier contenido no deseado mediante la moderaci\u00f3n manual. El configurador en l\u00ednea totalmente responsivo le ofrece varias plantillas para seleccionar. <\/p> <p><b>\u00a1Integre TikTok Feed para alcanzar los picos de su negocio! <\/b><\/p> <\/div> <div class=\"application-platform-content-item-features application-platform-content-item\" id=\"features\" data-nav-section=\"features\"> <h2>Estas son solo algunas de las funciones amplias del widget: <\/h2> <ul><li>Cubre la secci\u00f3n principal para que tu widget luzca minimalista. <\/li><li>Elimine el spam y el contenido no deseado con el modo de moderaci\u00f3n manual. <\/li><li>Establezca el bot\u00f3n Seguir en las tarjetas de herramientas. <\/li><li>Permite que tus publicaciones se muestren en una ventana emergente. <\/li><\/ul><p><a href=\"#demo\">Puedes probar todas las capacidades del widget en la demostraci\u00f3n siguiente<\/a><\/p> <\/div> <div class=\"application-platform-content-item-installation application-platform-content-item\" id=\"installation\" data-nav-section=\"installation\"> <h2>\u00bfC\u00f3mo incrustar TikTok Feed en mi sitio Webnode? <\/h2> <p>Simplemente siga las pautas a continuaci\u00f3n para activar la herramienta. <\/p> <ol><li><b>Inicie nuestro editor gratuito y comience a darle forma a su widget personalizado. <\/b><br> Determine el dise\u00f1o seleccionado y las caracter\u00edsticas funcionales de la herramienta y guarde las modificaciones. <\/li> <li><b>Copie el c\u00f3digo \u00fanico que se muestra en la ventana de Elfsight Apps. <\/b><br> Inmediatamente despu\u00e9s de finalizar la configuraci\u00f3n de su herramienta, copie el c\u00f3digo personal en la ventana emergente que aparece y gu\u00e1rdelo para futuras necesidades. <\/li> <li><b>Entra en el uso del widget en el sitio web de Webnode. <\/b><br> A\u00f1ade el c\u00f3digo que has copiado recientemente en tu sitio web y aplica los ajustes. <\/li> <li><b>La instalaci\u00f3n est\u00e1 completamente realizada. <\/b><br>Vaya a su sitio web para ver c\u00f3mo funciona la herramienta. <\/li><\/ol> <p>Si tiene alguna dificultad, p\u00f3ngase en contacto con nuestro personal de atenci\u00f3n al cliente. Nuestros consultores est\u00e1n deseando ayudarle con todos los problemas que pueda tener con el widget. <\/p> <\/div><div class=\"faq\" data-component=\"FAQ\"><div class=\"faq-item\">\r\n\t\t\t\t\t<div class=\"faq-item-question\">\r\n\t\t\t\t\t\t<h3 class=\"faq-item-question-text\">\u00bfC\u00f3mo puedo agregar TikTok Feed a mi p\u00e1gina web de Webnode sin conocimientos de codificaci\u00f3n?<\/h3>\r\n\r\n\t\t\t\t\t\t<div class=\"faq-item-question-icon\"><\/div>\r\n\t\t\t\t\t<\/div>\r\n\r\n\t\t\t\t\t<div class=\"faq-item-answer\">\r\n\t\t\t\t\t\t<div class=\"faq-item-answer-text\"><p>La empresa Elfsight ofrece una soluci\u00f3n en la nube que permite a los usuarios crear un widget de TikTok Feed usted mismo. Descubra lo sencillo que es:<\/p><ul><li>Vaya al editor en vivo para crear un complemento de TikTok Feed que le gustar\u00eda incluir en Webnode. sitio.<\/li><li>Elija una de nuestras plantillas predise\u00f1adas y modifique la configuraci\u00f3n de TikTok Feed, actualice su contenido, cambie el dise\u00f1o y la combinaci\u00f3n de colores sin conocimientos de codificaci\u00f3n.<\/li><li>Guarde la configuraci\u00f3n que ha realizado en TikTok Feed y obtenga el c\u00f3digo para la instalaci\u00f3n, que puede incluir sin esfuerzo en la p\u00e1gina de inicio de Webnode dentro de un plan gratuito.<\/li><\/ul><p>Trabajando en nuestro editor intuitivo, cada usuario de Internet puede establecer el complemento TikTok Feed en l\u00ednea y pegarlo f\u00e1cilmente en su p\u00e1gina de inicio de Webnode. No es necesario pagar ni ingresar las credenciales de su tarjeta para acceder al Editor. Si tiene alg\u00fan problema de cualquier tipo, no dude en comunicarse con nuestro equipo de soporte t\u00e9cnico.<\/p><\/div>\r\n\t\t\t\t\t<\/div>\r\n\t\t\t\t<\/div><\/div>","protected":false},"excerpt":{"rendered":"","protected":false},"author":9,"featured_media":0,"parent":2059,"menu_order":0,"comment_status":"closed","ping_status":"closed","template":"templates\/template-application-platform.php","meta":{"publish_to_discourse":"","publish_post_category":"","wpdc_auto_publish_overridden":"","wpdc_topic_tags":"","wpdc_pin_topic":"","wpdc_pin_until":"","discourse_post_id":"","discourse_permalink":"","wpdc_publishing_response":"","wpdc_publishing_error":"","footnotes":""},"class_list":["post-5818","page","type-page","status-publish","hentry"],"yoast_head":"<!-- This site is optimized with the Yoast SEO plugin v25.3.1 - https:\/\/yoast.com\/wordpress\/plugins\/seo\/ -->\n<title>A\u00f1ade el widget TikTok Feed al sitio web de Webnode (r\u00e1pido y gratuito)<\/title>\n<meta name=\"description\" content=\"Implemente un widget de feed de TikTok de Webnode f\u00e1cil de usar en su sitio web. Utilice la pr\u00e1ctica demostraci\u00f3n de Elfsight y genere su incre\u00edble widget de TikTok.\" \/>\n<meta name=\"robots\" content=\"index, follow, max-snippet:-1, max-image-preview:large, max-video-preview:-1\" \/>\n<link rel=\"canonical\" href=\"https:\/\/elfsight.com\/es\/tiktok-feed-widget\/webnode\/\" \/>\n<meta property=\"og:locale\" content=\"es_ES\" \/>\n<meta property=\"og:type\" content=\"article\" \/>\n<meta property=\"og:title\" content=\"A\u00f1ade el widget TikTok Feed al sitio web de Webnode (r\u00e1pido y gratuito)\" \/>\n<meta property=\"og:description\" content=\"Implemente un widget de feed de TikTok de Webnode f\u00e1cil de usar en su sitio web. Utilice la pr\u00e1ctica demostraci\u00f3n de Elfsight y genere su incre\u00edble widget de TikTok.\" \/>\n<meta property=\"og:url\" content=\"https:\/\/elfsight.com\/es\/tiktok-feed-widget\/webnode\/\" \/>\n<meta property=\"og:site_name\" content=\"Elfsight ES\" \/>\n<meta property=\"article:modified_time\" content=\"2025-02-06T16:10:16+00:00\" \/>\n<meta name=\"twitter:card\" content=\"summary_large_image\" \/>\n<meta name=\"twitter:label1\" content=\"Tiempo de lectura\" \/>\n\t<meta name=\"twitter:data1\" content=\"3 minutos\" \/>\n<!-- \/ Yoast SEO plugin. -->","yoast_head_json":{"title":"A\u00f1ade el widget TikTok Feed al sitio web de Webnode (r\u00e1pido y gratuito)","description":"Implemente un widget de feed de TikTok de Webnode f\u00e1cil de usar en su sitio web. Utilice la pr\u00e1ctica demostraci\u00f3n de Elfsight y genere su incre\u00edble widget de TikTok.","robots":{"index":"index","follow":"follow","max-snippet":"max-snippet:-1","max-image-preview":"max-image-preview:large","max-video-preview":"max-video-preview:-1"},"canonical":"https:\/\/elfsight.com\/es\/tiktok-feed-widget\/webnode\/","og_locale":"es_ES","og_type":"article","og_title":"A\u00f1ade el widget TikTok Feed al sitio web de Webnode (r\u00e1pido y gratuito)","og_description":"Implemente un widget de feed de TikTok de Webnode f\u00e1cil de usar en su sitio web. Utilice la pr\u00e1ctica demostraci\u00f3n de Elfsight y genere su incre\u00edble widget de TikTok.","og_url":"https:\/\/elfsight.com\/es\/tiktok-feed-widget\/webnode\/","og_site_name":"Elfsight ES","article_modified_time":"2025-02-06T16:10:16+00:00","twitter_card":"summary_large_image","twitter_misc":{"Tiempo de lectura":"3 minutos"},"schema":{"@context":"https:\/\/schema.org","@graph":[{"@type":"WebPage","@id":"https:\/\/elfsight.com\/es\/tiktok-feed-widget\/webnode\/","url":"https:\/\/elfsight.com\/es\/tiktok-feed-widget\/webnode\/","name":"A\u00f1ade el widget TikTok Feed al sitio web de Webnode (r\u00e1pido y gratuito)","isPartOf":{"@id":"https:\/\/elfsight.com\/es\/#website"},"datePublished":"1970-01-01T00:00:00+00:00","dateModified":"2025-02-06T16:10:16+00:00","description":"Implemente un widget de feed de TikTok de Webnode f\u00e1cil de usar en su sitio web. Utilice la pr\u00e1ctica demostraci\u00f3n de Elfsight y genere su incre\u00edble widget de TikTok.","breadcrumb":{"@id":"https:\/\/elfsight.com\/es\/tiktok-feed-widget\/webnode\/#breadcrumb"},"inLanguage":"es","potentialAction":[{"@type":"ReadAction","target":["https:\/\/elfsight.com\/es\/tiktok-feed-widget\/webnode\/"]}]},{"@type":"BreadcrumbList","@id":"https:\/\/elfsight.com\/es\/tiktok-feed-widget\/webnode\/#breadcrumb","itemListElement":[{"@type":"ListItem","position":1,"name":"Home","item":"https:\/\/elfsight.com\/es\/"},{"@type":"ListItem","position":2,"name":"TikTok Feed","item":"https:\/\/elfsight.com\/es\/tiktok-feed-widget\/"},{"@type":"ListItem","position":3,"name":"TikTok Feed &#8211; Webnode"}]},{"@type":"WebSite","@id":"https:\/\/elfsight.com\/es\/#website","url":"https:\/\/elfsight.com\/es\/","name":"Elfsight ES","description":"Just another Elfsight Sites site","potentialAction":[{"@type":"SearchAction","target":{"@type":"EntryPoint","urlTemplate":"https:\/\/elfsight.com\/es\/?s={search_term_string}"},"query-input":{"@type":"PropertyValueSpecification","valueRequired":true,"valueName":"search_term_string"}}],"inLanguage":"es"}]}},"meta_box":{"industry":"","seo_heading":"","heading":"","description":"","cta_heading":"","cta_description":"","application":"2058","h1":"Widget de feed de TikTok de Webnode","h1_caption":"Muestre videos de tiktok de tendencia por hashtag o cuenta, agregando contenido din\u00e1mico y atractivo a su sitio web en su sitio web Webnode sin esfuerzo.","application_category":[],"applications_title":"","applications_request_title":"","applications_request_button_text":"","hero_text":"","hero_video":"","hero_video_schema_markup":"","selling_points_title":"","selling_points_caption":"","selling_points":[],"selling_points_cta_text":"","features_title":"","features":"","ed_cta_examples_text":"","ed_cta_examples_hidden":"","ed_cta_demo_text":"","ed_cta_demo_hidden":"","why_caption":"","why_editor_title":"","why_editor_text":"","why_team_title":"","why_team_text":"","why_service_title":"","why_service_text":"","template_catalog_visible":"","template_catalog_title":"","template_catalog_text":"","template_catalog_categories_visible":"","demo_title":"Crea tu widget de feed de TikTok","demo_caption":"\u00a1Configura tu Feed de TikTok y agr\u00e9galo a tu sitio web Webnode gratis!","default_faq_hidden":"","app_template_category":[],"platform":"2302","template_public_id":"","codecanyon_url":"","codecanyon_item_id":"","codecanyon_price":"","pricing_caption":"","pricing_elfsight_apps_hide_column":"","pricing_elfsight_apps_url":"","pricing_codecanyon_price_caption":"","integration_category":[],"integration_request_title":"","integration_request_cta":"","integration_platform":"","integrations":[],"platform_category":[],"video_schema_markup":"","price":"desde $0 \/ mes","trial":"","benefits":[{"text":"Servicio de instalaci\u00f3n gratuito"},{"text":"Servicio al cliente eficaz"},{"text":"Garant\u00eda de devoluci\u00f3n de dinero de 14 d\u00edas"},{"text":"Actualizaciones gratuitas continuas"}],"button_url":"#demo","button_target_blank":"","button_nofollow":"","attributes":[{"name":"Instalaciones","content":"10,000 - 100,000"},{"name":"Sensible","content":"S\u00ed"},{"name":"Navegadores compatibles","content":"Firefox, Safari, Opera, Chrome, Edge"}],"tags":[],"tags_disable_links":"","hide_more_platforms":"","video_object":"","demo_hide_cta":"","demo_hide_cloud_options":"","pricing_title":"","pricing":[{"pricing_icon":"platform","pricing_title":"Elfsight Apps","pricing_title_caption":"Soluci\u00f3n multiplataforma que funciona en cualquier sitio web","pricing_price":"desde $0 \/ mes","pricing_price_caption":"comienza con un plan gratuito","pricing_benefits":[{"text":"Sitios web ilimitados"},{"text":"Soporte gratuito y puntual"},{"text":"Asistencia de instalaci\u00f3n gratuita"},{"text":"Dise\u00f1o flexible"}],"pricing_button_text":"A\u00f1adir al sitio web","pricing_button_url":"#demo"}],"related_apps_title":"","related_apps_hidden":"","author":"","image":[],"title":"","job":"","social_networks":[]},"_links":{"self":[{"href":"https:\/\/elfsight.com\/es\/wp-json\/wp\/v2\/pages\/5818","targetHints":{"allow":["GET"]}}],"collection":[{"href":"https:\/\/elfsight.com\/es\/wp-json\/wp\/v2\/pages"}],"about":[{"href":"https:\/\/elfsight.com\/es\/wp-json\/wp\/v2\/types\/page"}],"author":[{"embeddable":true,"href":"https:\/\/elfsight.com\/es\/wp-json\/wp\/v2\/users\/9"}],"replies":[{"embeddable":true,"href":"https:\/\/elfsight.com\/es\/wp-json\/wp\/v2\/comments?post=5818"}],"version-history":[{"count":2,"href":"https:\/\/elfsight.com\/es\/wp-json\/wp\/v2\/pages\/5818\/revisions"}],"predecessor-version":[{"id":19305,"href":"https:\/\/elfsight.com\/es\/wp-json\/wp\/v2\/pages\/5818\/revisions\/19305"}],"up":[{"embeddable":true,"href":"https:\/\/elfsight.com\/es\/wp-json\/wp\/v2\/pages\/2059"}],"wp:attachment":[{"href":"https:\/\/elfsight.com\/es\/wp-json\/wp\/v2\/media?parent=5818"}],"curies":[{"name":"wp","href":"https:\/\/api.w.org\/{rel}","templated":true}]}}