{"id":5813,"date":"1970-01-01T00:00:00","date_gmt":"1970-01-01T00:00:00","guid":{"rendered":"https:\/\/elfsight.com\/es\/?page_id=5813"},"modified":"2025-02-06T16:10:16","modified_gmt":"2025-02-06T16:10:16","slug":"webflow","status":"publish","type":"page","link":"https:\/\/elfsight.com\/es\/tiktok-feed-widget\/webflow\/","title":{"rendered":"TikTok Feed &#8211; Webflow"},"content":{"rendered":"<div class=\"application-platform-content-item-description application-platform-content-item\" id=\"description\" data-nav-section=\"description\"> <h2>Incorpore TikTok Feed en Webflow con el widget Elfsight<\/h2> <p>Elfsight TiKTok Feed para Webflow es un widget especial para comercializar no solo art\u00edculos, sino tambi\u00e9n emociones y experiencias. Al usarlo, puede crear un feed individualizado compuesto por el contenido de TikTok y colocarlo directamente en su p\u00e1gina web. \u00a1Construye una galer\u00eda de videos en 1-2-3! Disfrute del control total sobre el contenido presentado y elimine el spam y cualquier contenido no deseado mediante la moderaci\u00f3n manual. El editor en l\u00ednea completamente responsivo le ofrece numerosas plantillas para elegir. <\/p> <p><b>\u00a1Obt\u00e9n lo mejor de TikTok Feed para alcanzar tus objetivos comerciales m\u00e1s r\u00e1pido! <\/b><\/p> <\/div> <div class=\"application-platform-content-item-features application-platform-content-item\" id=\"features\" data-nav-section=\"features\"> <h2>Ofrecemos funciones valiosas y r\u00e1pidas, consulte algunas de ellas: <\/h2> <ul><li>Oculte el encabezado para que su herramienta parezca minimalista. <\/li><li>Elimine cualquier spam y contenido no deseado mediante moderaci\u00f3n manual. <\/li><li>Coloque el bot\u00f3n Seguir en el avance de la herramienta. <\/li><li>Haz que tus publicaciones se vean en modo emergente. <\/li><\/ul><p><a href=\"#demo\">Simplemente consulte esta demostraci\u00f3n para ver cu\u00e1nto vale el widget<\/a><\/p> <\/div> <div class=\"application-platform-content-item-installation application-platform-content-item\" id=\"installation\" data-nav-section=\"installation\"> <h2>\u00bfC\u00f3mo puedo agregar TikTok Feed a mi sitio web Webflow? <\/h2> <p>Simplemente siga varios pasos que se describen a continuaci\u00f3n para comenzar a utilizar la herramienta. <\/p> <ol><li><b>Utilice nuestra demostraci\u00f3n gratuita y comience a crear su instrumento \u00fanico. <\/b><br> Encuentre la forma deseable y los rasgos funcionales del complemento y aplique las modificaciones. <\/li> <li><b>Copia el c\u00f3digo individual que aparece en el formulario especial de Elfsight Apps. <\/b><br> Cuando finalice la creaci\u00f3n de su herramienta, copie el c\u00f3digo personal del cuadro que aparece y gu\u00e1rdelo para usarlo en el futuro. <\/li> <li><b>Ingrese al uso de la herramienta en la p\u00e1gina de inicio de Webflow. <\/b><br>Coloca el c\u00f3digo guardado anteriormente en tu sitio web y guarda las mejoras. <\/li> <li><b>La instalaci\u00f3n se ha realizado por completo. <\/b><br>Visite su p\u00e1gina web para ver en acci\u00f3n c\u00f3mo funciona la herramienta. <\/li><\/ol> <p>En caso de tener consultas o encontrar dificultades, no dude en ponerse en contacto con nuestro personal de soporte. Nuestros especialistas estar\u00e1n encantados de ayudarle con todas las preguntas que pueda tener sobre el complemento. <\/p> <\/div><div class=\"faq\" data-component=\"FAQ\"><div class=\"faq-item\">\r\n\t\t\t\t\t<div class=\"faq-item-question\">\r\n\t\t\t\t\t\t<h3 class=\"faq-item-question-text\">\u00bfExiste alg\u00fan m\u00e9todo para agregar TikTok Feed a mi sitio Webflow sin codificaci\u00f3n?<\/h3>\r\n\r\n\t\t\t\t\t\t<div class=\"faq-item-question-icon\"><\/div>\r\n\t\t\t\t\t<\/div>\r\n\r\n\t\t\t\t\t<div class=\"faq-item-answer\">\r\n\t\t\t\t\t\t<div class=\"faq-item-answer-text\"><p>La empresa Elfsight presenta una soluci\u00f3n que permite a los propietarios de sitios establecer una aplicaci\u00f3n TikTok Feed usted mismo. Aprenda las sencillas instrucciones:<\/p><ul><li>Trabaja directamente en la demostraci\u00f3n en l\u00ednea para crear una aplicaci\u00f3n TikTok Feed que te gustar\u00eda integrar en tu Webflow p\u00e1gina de inicio.<\/li><li>Haga clic en una de las plantillas listas para usar y modifique la configuraci\u00f3n de TikTok Feed, cambie el dise\u00f1o y la combinaci\u00f3n de colores, actualice su contenido sin ninguna experiencia en codificaci\u00f3n.<\/li><li>Haga clic para guardar TikTok Feed y obtenga su c\u00f3digo de instalaci\u00f3n, que puede simplemente pegarse en cualquier sitio web de Webflow sin comprar un plan pago.<\/li><\/ul><p>Utilizando el sencillo Configurador, cualquier usuario web puede crear TikTok Feed y simplemente incluirlo en cualquier p\u00e1gina web de Webflow. No debe obtener una suscripci\u00f3n paga ni revelar los datos de su tarjeta para ingresar al servicio Elfsight. Si tiene alg\u00fan problema en cualquier paso, contin\u00fae y hable con nuestro personal de soporte.<\/p><\/div>\r\n\t\t\t\t\t<\/div>\r\n\t\t\t\t<\/div><\/div>","protected":false},"excerpt":{"rendered":"","protected":false},"author":9,"featured_media":0,"parent":2059,"menu_order":0,"comment_status":"closed","ping_status":"closed","template":"templates\/template-application-platform.php","meta":{"publish_to_discourse":"","publish_post_category":"","wpdc_auto_publish_overridden":"","wpdc_topic_tags":"","wpdc_pin_topic":"","wpdc_pin_until":"","discourse_post_id":"","discourse_permalink":"","wpdc_publishing_response":"","wpdc_publishing_error":"","footnotes":""},"class_list":["post-5813","page","type-page","status-publish","hentry"],"yoast_head":"<!-- This site is optimized with the Yoast SEO plugin v25.3.1 - https:\/\/yoast.com\/wordpress\/plugins\/seo\/ -->\n<title>Agregue el widget TikTok Feed al sitio web de Webflow (r\u00e1pido y gratuito)<\/title>\n<meta name=\"description\" content=\"Integre un widget Webflow TikTok Feed f\u00e1cil de usar en su sitio web. Pruebe la pr\u00e1ctica demostraci\u00f3n de Elfsight y modifique su magn\u00edfico widget de TikTok.\" \/>\n<meta name=\"robots\" content=\"index, follow, max-snippet:-1, max-image-preview:large, max-video-preview:-1\" \/>\n<link rel=\"canonical\" href=\"https:\/\/elfsight.com\/es\/tiktok-feed-widget\/webflow\/\" \/>\n<meta property=\"og:locale\" content=\"es_ES\" \/>\n<meta property=\"og:type\" content=\"article\" \/>\n<meta property=\"og:title\" content=\"Agregue el widget TikTok Feed al sitio web de Webflow (r\u00e1pido y gratuito)\" \/>\n<meta property=\"og:description\" content=\"Integre un widget Webflow TikTok Feed f\u00e1cil de usar en su sitio web. Pruebe la pr\u00e1ctica demostraci\u00f3n de Elfsight y modifique su magn\u00edfico widget de TikTok.\" \/>\n<meta property=\"og:url\" content=\"https:\/\/elfsight.com\/es\/tiktok-feed-widget\/webflow\/\" \/>\n<meta property=\"og:site_name\" content=\"Elfsight ES\" \/>\n<meta property=\"article:modified_time\" content=\"2025-02-06T16:10:16+00:00\" \/>\n<meta name=\"twitter:card\" content=\"summary_large_image\" \/>\n<meta name=\"twitter:label1\" content=\"Tiempo de lectura\" \/>\n\t<meta name=\"twitter:data1\" content=\"3 minutos\" \/>\n<!-- \/ Yoast SEO plugin. -->","yoast_head_json":{"title":"Agregue el widget TikTok Feed al sitio web de Webflow (r\u00e1pido y gratuito)","description":"Integre un widget Webflow TikTok Feed f\u00e1cil de usar en su sitio web. Pruebe la pr\u00e1ctica demostraci\u00f3n de Elfsight y modifique su magn\u00edfico widget de TikTok.","robots":{"index":"index","follow":"follow","max-snippet":"max-snippet:-1","max-image-preview":"max-image-preview:large","max-video-preview":"max-video-preview:-1"},"canonical":"https:\/\/elfsight.com\/es\/tiktok-feed-widget\/webflow\/","og_locale":"es_ES","og_type":"article","og_title":"Agregue el widget TikTok Feed al sitio web de Webflow (r\u00e1pido y gratuito)","og_description":"Integre un widget Webflow TikTok Feed f\u00e1cil de usar en su sitio web. Pruebe la pr\u00e1ctica demostraci\u00f3n de Elfsight y modifique su magn\u00edfico widget de TikTok.","og_url":"https:\/\/elfsight.com\/es\/tiktok-feed-widget\/webflow\/","og_site_name":"Elfsight ES","article_modified_time":"2025-02-06T16:10:16+00:00","twitter_card":"summary_large_image","twitter_misc":{"Tiempo de lectura":"3 minutos"},"schema":{"@context":"https:\/\/schema.org","@graph":[{"@type":"WebPage","@id":"https:\/\/elfsight.com\/es\/tiktok-feed-widget\/webflow\/","url":"https:\/\/elfsight.com\/es\/tiktok-feed-widget\/webflow\/","name":"Agregue el widget TikTok Feed al sitio web de Webflow (r\u00e1pido y gratuito)","isPartOf":{"@id":"https:\/\/elfsight.com\/es\/#website"},"datePublished":"1970-01-01T00:00:00+00:00","dateModified":"2025-02-06T16:10:16+00:00","description":"Integre un widget Webflow TikTok Feed f\u00e1cil de usar en su sitio web. Pruebe la pr\u00e1ctica demostraci\u00f3n de Elfsight y modifique su magn\u00edfico widget de TikTok.","breadcrumb":{"@id":"https:\/\/elfsight.com\/es\/tiktok-feed-widget\/webflow\/#breadcrumb"},"inLanguage":"es","potentialAction":[{"@type":"ReadAction","target":["https:\/\/elfsight.com\/es\/tiktok-feed-widget\/webflow\/"]}]},{"@type":"BreadcrumbList","@id":"https:\/\/elfsight.com\/es\/tiktok-feed-widget\/webflow\/#breadcrumb","itemListElement":[{"@type":"ListItem","position":1,"name":"Home","item":"https:\/\/elfsight.com\/es\/"},{"@type":"ListItem","position":2,"name":"TikTok Feed","item":"https:\/\/elfsight.com\/es\/tiktok-feed-widget\/"},{"@type":"ListItem","position":3,"name":"TikTok Feed &#8211; Webflow"}]},{"@type":"WebSite","@id":"https:\/\/elfsight.com\/es\/#website","url":"https:\/\/elfsight.com\/es\/","name":"Elfsight ES","description":"Just another Elfsight Sites site","potentialAction":[{"@type":"SearchAction","target":{"@type":"EntryPoint","urlTemplate":"https:\/\/elfsight.com\/es\/?s={search_term_string}"},"query-input":{"@type":"PropertyValueSpecification","valueRequired":true,"valueName":"search_term_string"}}],"inLanguage":"es"}]}},"meta_box":{"industry":"","seo_heading":"","heading":"","description":"","cta_heading":"","cta_description":"","application":"2058","h1":"Widget de alimentaci\u00f3n de TikTok de flujo web","h1_caption":"Muestre videos de tiktok de tendencia por hashtag o cuenta, agregando contenido din\u00e1mico y atractivo a su sitio web en su sitio web Webflow sin esfuerzo.","application_category":[],"applications_title":"","applications_request_title":"","applications_request_button_text":"","hero_text":"","hero_video":"","hero_video_schema_markup":"","selling_points_title":"","selling_points_caption":"","selling_points":[],"selling_points_cta_text":"","features_title":"","features":"","ed_cta_examples_text":"","ed_cta_examples_hidden":"","ed_cta_demo_text":"","ed_cta_demo_hidden":"","why_caption":"","why_editor_title":"","why_editor_text":"","why_team_title":"","why_team_text":"","why_service_title":"","why_service_text":"","template_catalog_visible":"","template_catalog_title":"","template_catalog_text":"","template_catalog_categories_visible":"","demo_title":"Crea tu widget de feed de TikTok","demo_caption":"\u00a1Configure su feed de TikTok y agr\u00e9guelo a su sitio web Webflow de forma gratuita!","default_faq_hidden":"","app_template_category":[],"platform":"106","template_public_id":"","codecanyon_url":"","codecanyon_item_id":"","codecanyon_price":"","pricing_caption":"","pricing_elfsight_apps_hide_column":"","pricing_elfsight_apps_url":"","pricing_codecanyon_price_caption":"","integration_category":[],"integration_request_title":"","integration_request_cta":"","integration_platform":"","integrations":[],"platform_category":[],"video_schema_markup":"","price":"desde $0 \/ mes","trial":"","benefits":[{"text":"Servicio de instalaci\u00f3n gratuito"},{"text":"Soporte excepcional"},{"text":"Garant\u00eda de devoluci\u00f3n de dinero de 14 d\u00edas"},{"text":"Actualizaciones gratuitas de por vida"}],"button_url":"#demo","button_target_blank":"","button_nofollow":"","attributes":[{"name":"Instalaciones","content":"10,000 - 100,000"},{"name":"Sensible","content":"S\u00ed"},{"name":"Navegadores compatibles","content":"Firefox, Safari, Opera, Chrome, Edge"}],"tags":[],"tags_disable_links":"","hide_more_platforms":"","video_object":"","demo_hide_cta":"","demo_hide_cloud_options":"","pricing_title":"","pricing":[{"pricing_icon":"platform","pricing_title":"Elfsight Apps","pricing_title_caption":"Versi\u00f3n multiplataforma que se adapta a cualquier sitio web","pricing_price":"desde $0 \/ mes","pricing_price_caption":"comienza con un plan gratuito","pricing_benefits":[{"text":"Dominios ilimitados"},{"text":"Soporte r\u00e1pido y puntual"},{"text":"Ayuda de instalaci\u00f3n gratuita"},{"text":"100% personalizable"}],"pricing_button_text":"A\u00f1adir al sitio web","pricing_button_url":"#demo"}],"related_apps_title":"","related_apps_hidden":"","author":"","image":[],"title":"","job":"","social_networks":[]},"_links":{"self":[{"href":"https:\/\/elfsight.com\/es\/wp-json\/wp\/v2\/pages\/5813","targetHints":{"allow":["GET"]}}],"collection":[{"href":"https:\/\/elfsight.com\/es\/wp-json\/wp\/v2\/pages"}],"about":[{"href":"https:\/\/elfsight.com\/es\/wp-json\/wp\/v2\/types\/page"}],"author":[{"embeddable":true,"href":"https:\/\/elfsight.com\/es\/wp-json\/wp\/v2\/users\/9"}],"replies":[{"embeddable":true,"href":"https:\/\/elfsight.com\/es\/wp-json\/wp\/v2\/comments?post=5813"}],"version-history":[{"count":2,"href":"https:\/\/elfsight.com\/es\/wp-json\/wp\/v2\/pages\/5813\/revisions"}],"predecessor-version":[{"id":19306,"href":"https:\/\/elfsight.com\/es\/wp-json\/wp\/v2\/pages\/5813\/revisions\/19306"}],"up":[{"embeddable":true,"href":"https:\/\/elfsight.com\/es\/wp-json\/wp\/v2\/pages\/2059"}],"wp:attachment":[{"href":"https:\/\/elfsight.com\/es\/wp-json\/wp\/v2\/media?parent=5813"}],"curies":[{"name":"wp","href":"https:\/\/api.w.org\/{rel}","templated":true}]}}