{"id":5812,"date":"1970-01-01T00:00:00","date_gmt":"1970-01-01T00:00:00","guid":{"rendered":"https:\/\/elfsight.com\/es\/?page_id=5812"},"modified":"2025-02-06T16:10:24","modified_gmt":"2025-02-06T16:10:24","slug":"squarespace","status":"publish","type":"page","link":"https:\/\/elfsight.com\/es\/tiktok-feed-widget\/squarespace\/","title":{"rendered":"TikTok Feed &#8211; Squarespace"},"content":{"rendered":"<div class=\"application-platform-content-item-description application-platform-content-item\" id=\"description\" data-nav-section=\"description\"> <h2>Integrar TikTok Feed en la plataforma con el widget Elfsight<\/h2> <p>Elfsight TiKTok Feed para Squarespace es un complemento para comercializar no solo art\u00edculos, sino tambi\u00e9n emociones y experiencias. Al usarlo, puedes dise\u00f1ar un feed personalizado compuesto por el contenido de TikTok y colocarlo directamente en tu sitio. \u00a1Forma una galer\u00eda de v\u00eddeos en 1-2-3! Disfrute del control absoluto sobre el contenido demostrado y elimine el spam y cualquier contenido no deseado mediante la moderaci\u00f3n manual. El editor en l\u00ednea totalmente responsivo le ofrece numerosas plantillas para elegir. <\/p> <p><b>Haga que su sitio sea m\u00e1s efectivo para tareas comerciales con la ayuda de TikTok Feed<\/b><\/p> <\/div> <div class=\"application-platform-content-item-features application-platform-content-item\" id=\"features\" data-nav-section=\"features\"> <h2>Aqu\u00ed est\u00e1 la lista de las funciones m\u00e1s importantes: <\/h2> <ul><li>Oculte el encabezado para que su complemento parezca minimalista. <\/li><li>Elimine cualquier spam y contenido no deseado mediante moderaci\u00f3n manual. <\/li><li>Coloque el bot\u00f3n Seguir en las publicaciones de la herramienta. <\/li><li>Permite que tus publicaciones se muestren en una ventana emergente. <\/li><\/ul><p><a href=\"#demo\">Simplemente consulte esta demostraci\u00f3n para comprender la funcionalidad del widget<\/a><\/p> <\/div> <div class=\"application-platform-content-item-installation application-platform-content-item\" id=\"installation\" data-nav-section=\"installation\"> <h2>\u00bfC\u00f3mo inserto TikTok Feed en mi sitio web de Squarespace? <\/h2> <p>Simplemente siga las pautas a continuaci\u00f3n para comenzar a trabajar con el complemento. <\/p> <ol><li><b>Utilice nuestra demostraci\u00f3n gratuita y comience a crear su propio complemento. <\/b><br> Determine el aspecto y los aspectos adecuados del widget y aplique las modificaciones. <\/li> <li><b>Reciba su c\u00f3digo personal que aparece en la ventana de Elfsight Apps. <\/b><br> Tan pronto como finalice la configuraci\u00f3n de su widget, copie el c\u00f3digo exclusivo del cuadro que aparece y gu\u00e1rdelo para ocasiones posteriores. <\/li> <li><b>Ingrese al uso del complemento en su sitio de Squarespace. <\/b><br> Inserta el c\u00f3digo guardado recientemente en tu p\u00e1gina y guarda los ajustes. <\/li> <li><b>\u00a1Ya terminaste! La integraci\u00f3n se logra con \u00e9xito. <\/b><br>Vaya a su sitio web para observar c\u00f3mo se est\u00e1 ejecutando la herramienta. <\/li><\/ol> <p>Si tiene alguna pregunta o tiene alguna dificultad, no dude en contactar con nuestro personal de soporte. Nuestros consultores est\u00e1n ansiosos por ayudarlo con todos los problemas que pueda tener con el complemento. <\/p> <\/div><div class=\"faq\" data-component=\"FAQ\"><div class=\"faq-item\">\r\n\t\t\t\t\t<div class=\"faq-item-question\">\r\n\t\t\t\t\t\t<h3 class=\"faq-item-question-text\">\u00bfDe qu\u00e9 manera es posible insertar TikTok Feed en mi Squarespace sin conocimientos de codificaci\u00f3n?<\/h3>\r\n\r\n\t\t\t\t\t\t<div class=\"faq-item-question-icon\"><\/div>\r\n\t\t\t\t\t<\/div>\r\n\r\n\t\t\t\t\t<div class=\"faq-item-answer\">\r\n\t\t\t\t\t\t<div class=\"faq-item-answer-text\"><p>La empresa Elfsight ofrece una soluci\u00f3n que le permite crear un complemento de TikTok Feed usted mismo; compruebe lo sencillo que es el proceso:<\/p><ul><li>Vaya al editor en vivo para crear una secci\u00f3n de TikTok Feed que le gustar\u00eda insertar en su Squarespace.<\/li><li>Elija una de las muchas plantillas listas para usar y modifique la configuraci\u00f3n de TikTok Feed, actualice su contenido, cambie el dise\u00f1o y la combinaci\u00f3n de colores sin codificaci\u00f3n.<\/li><li>Haga clic para guardar el TikTok Feed y obtenga el c\u00f3digo del complemento para incrustar, que se puede incluir en la p\u00e1gina web de Squarespace sin necesidad de comprar un plan pago.<\/li><\/ul><p>Con el editor f\u00e1cil de usar, cualquier usuario web puede crear un widget de TikTok Feed e incrustarlo en el sitio de Squarespace. No es necesario pagar ni enviar los datos de tu tarjeta para ingresar al servicio. Si encuentra alg\u00fan obst\u00e1culo en alg\u00fan paso, no dude en ponerse en contacto con nuestro servicio de atenci\u00f3n al cliente.<\/p><\/div>\r\n\t\t\t\t\t<\/div>\r\n\t\t\t\t<\/div><\/div>","protected":false},"excerpt":{"rendered":"","protected":false},"author":9,"featured_media":0,"parent":2059,"menu_order":0,"comment_status":"closed","ping_status":"closed","template":"templates\/template-application-platform.php","meta":{"publish_to_discourse":"","publish_post_category":"","wpdc_auto_publish_overridden":"","wpdc_topic_tags":"","wpdc_pin_topic":"","wpdc_pin_until":"","discourse_post_id":"","discourse_permalink":"","wpdc_publishing_response":"","wpdc_publishing_error":"","footnotes":""},"class_list":["post-5812","page","type-page","status-publish","hentry"],"yoast_head":"<!-- This site is optimized with the Yoast SEO plugin v25.3.1 - https:\/\/yoast.com\/wordpress\/plugins\/seo\/ -->\n<title>Agregue el complemento TikTok Feed al sitio web de Squarespace (r\u00e1pido y gratuito)<\/title>\n<meta name=\"description\" content=\"Incorpore un complemento de Squarespace TikTok Feed f\u00e1cil de administrar en su sitio web. Pruebe la pr\u00e1ctica demostraci\u00f3n de Elfsight y modifique su magn\u00edfico widget de TikTok.\" \/>\n<meta name=\"robots\" content=\"index, follow, max-snippet:-1, max-image-preview:large, max-video-preview:-1\" \/>\n<link rel=\"canonical\" href=\"https:\/\/elfsight.com\/es\/tiktok-feed-widget\/squarespace\/\" \/>\n<meta property=\"og:locale\" content=\"es_ES\" \/>\n<meta property=\"og:type\" content=\"article\" \/>\n<meta property=\"og:title\" content=\"Agregue el complemento TikTok Feed al sitio web de Squarespace (r\u00e1pido y gratuito)\" \/>\n<meta property=\"og:description\" content=\"Incorpore un complemento de Squarespace TikTok Feed f\u00e1cil de administrar en su sitio web. Pruebe la pr\u00e1ctica demostraci\u00f3n de Elfsight y modifique su magn\u00edfico widget de TikTok.\" \/>\n<meta property=\"og:url\" content=\"https:\/\/elfsight.com\/es\/tiktok-feed-widget\/squarespace\/\" \/>\n<meta property=\"og:site_name\" content=\"Elfsight ES\" \/>\n<meta property=\"article:modified_time\" content=\"2025-02-06T16:10:24+00:00\" \/>\n<meta name=\"twitter:card\" content=\"summary_large_image\" \/>\n<meta name=\"twitter:label1\" content=\"Tiempo de lectura\" \/>\n\t<meta name=\"twitter:data1\" content=\"3 minutos\" \/>\n<!-- \/ Yoast SEO plugin. -->","yoast_head_json":{"title":"Agregue el complemento TikTok Feed al sitio web de Squarespace (r\u00e1pido y gratuito)","description":"Incorpore un complemento de Squarespace TikTok Feed f\u00e1cil de administrar en su sitio web. Pruebe la pr\u00e1ctica demostraci\u00f3n de Elfsight y modifique su magn\u00edfico widget de TikTok.","robots":{"index":"index","follow":"follow","max-snippet":"max-snippet:-1","max-image-preview":"max-image-preview:large","max-video-preview":"max-video-preview:-1"},"canonical":"https:\/\/elfsight.com\/es\/tiktok-feed-widget\/squarespace\/","og_locale":"es_ES","og_type":"article","og_title":"Agregue el complemento TikTok Feed al sitio web de Squarespace (r\u00e1pido y gratuito)","og_description":"Incorpore un complemento de Squarespace TikTok Feed f\u00e1cil de administrar en su sitio web. Pruebe la pr\u00e1ctica demostraci\u00f3n de Elfsight y modifique su magn\u00edfico widget de TikTok.","og_url":"https:\/\/elfsight.com\/es\/tiktok-feed-widget\/squarespace\/","og_site_name":"Elfsight ES","article_modified_time":"2025-02-06T16:10:24+00:00","twitter_card":"summary_large_image","twitter_misc":{"Tiempo de lectura":"3 minutos"},"schema":{"@context":"https:\/\/schema.org","@graph":[{"@type":"WebPage","@id":"https:\/\/elfsight.com\/es\/tiktok-feed-widget\/squarespace\/","url":"https:\/\/elfsight.com\/es\/tiktok-feed-widget\/squarespace\/","name":"Agregue el complemento TikTok Feed al sitio web de Squarespace (r\u00e1pido y gratuito)","isPartOf":{"@id":"https:\/\/elfsight.com\/es\/#website"},"datePublished":"1970-01-01T00:00:00+00:00","dateModified":"2025-02-06T16:10:24+00:00","description":"Incorpore un complemento de Squarespace TikTok Feed f\u00e1cil de administrar en su sitio web. Pruebe la pr\u00e1ctica demostraci\u00f3n de Elfsight y modifique su magn\u00edfico widget de TikTok.","breadcrumb":{"@id":"https:\/\/elfsight.com\/es\/tiktok-feed-widget\/squarespace\/#breadcrumb"},"inLanguage":"es","potentialAction":[{"@type":"ReadAction","target":["https:\/\/elfsight.com\/es\/tiktok-feed-widget\/squarespace\/"]}]},{"@type":"BreadcrumbList","@id":"https:\/\/elfsight.com\/es\/tiktok-feed-widget\/squarespace\/#breadcrumb","itemListElement":[{"@type":"ListItem","position":1,"name":"Home","item":"https:\/\/elfsight.com\/es\/"},{"@type":"ListItem","position":2,"name":"TikTok Feed","item":"https:\/\/elfsight.com\/es\/tiktok-feed-widget\/"},{"@type":"ListItem","position":3,"name":"TikTok Feed &#8211; Squarespace"}]},{"@type":"WebSite","@id":"https:\/\/elfsight.com\/es\/#website","url":"https:\/\/elfsight.com\/es\/","name":"Elfsight ES","description":"Just another Elfsight Sites site","potentialAction":[{"@type":"SearchAction","target":{"@type":"EntryPoint","urlTemplate":"https:\/\/elfsight.com\/es\/?s={search_term_string}"},"query-input":{"@type":"PropertyValueSpecification","valueRequired":true,"valueName":"search_term_string"}}],"inLanguage":"es"}]}},"meta_box":{"industry":"","seo_heading":"","heading":"","description":"","cta_heading":"","cta_description":"","application":"2058","h1":"Complemento de alimentaci\u00f3n de TikTok de Squarespace","h1_caption":"Muestre videos de tiktok de tendencia por hashtag o cuenta, agregando contenido din\u00e1mico y atractivo a su sitio web en su sitio web de Squarespace sin esfuerzo.","application_category":[],"applications_title":"","applications_request_title":"","applications_request_button_text":"","hero_text":"","hero_video":"","hero_video_schema_markup":"","selling_points_title":"","selling_points_caption":"","selling_points":[],"selling_points_cta_text":"","features_title":"","features":"","ed_cta_examples_text":"","ed_cta_examples_hidden":"","ed_cta_demo_text":"","ed_cta_demo_hidden":"","why_caption":"","why_editor_title":"","why_editor_text":"","why_team_title":"","why_team_text":"","why_service_title":"","why_service_text":"","template_catalog_visible":"","template_catalog_title":"","template_catalog_text":"","template_catalog_categories_visible":"","demo_title":"Crea tu complemento TikTok Feed","demo_caption":"\u00a1Configura tu feed de TikTok y agr\u00e9galo a tu sitio web de Squarespace de forma gratuita!","default_faq_hidden":"","app_template_category":[],"platform":"100","template_public_id":"","codecanyon_url":"","codecanyon_item_id":"","codecanyon_price":"","pricing_caption":"","pricing_elfsight_apps_hide_column":"","pricing_elfsight_apps_url":"","pricing_codecanyon_price_caption":"","integration_category":[],"integration_request_title":"","integration_request_cta":"","integration_platform":"","integrations":[],"platform_category":[],"video_schema_markup":"","price":"desde $0 \/ mes","trial":"","benefits":[{"text":"Asistencia de instalaci\u00f3n gratuita"},{"text":"Soporte premium"},{"text":"Garant\u00eda de reembolso de 14 d\u00edas"},{"text":"Actualizando constantemente"}],"button_url":"#demo","button_target_blank":"","button_nofollow":"","attributes":[{"name":"Instalaciones","content":"10,000 - 100,000"},{"name":"Sensible","content":"S\u00ed"},{"name":"Navegadores compatibles","content":"Firefox, Safari, Opera, Chrome, Edge"}],"tags":[],"tags_disable_links":"","hide_more_platforms":"","video_object":"","demo_hide_cta":"","demo_hide_cloud_options":"","pricing_title":"","pricing":[{"pricing_icon":"platform","pricing_title":"Elfsight Apps","pricing_title_caption":"Soluci\u00f3n digital independiente de plataforma que se adapta a cualquier sitio web","pricing_price":"desde $0 \/ mes","pricing_price_caption":"comienza con un plan gratuito","pricing_benefits":[{"text":"Dominios ilimitados"},{"text":"Atenci\u00f3n al cliente 24 horas al d\u00eda, 7 d\u00edas a la semana"},{"text":"Ayuda de instalaci\u00f3n gratuita"},{"text":"Dise\u00f1o flexible"}],"pricing_button_text":"A\u00f1adir al sitio web","pricing_button_url":"#demo"}],"related_apps_title":"","related_apps_hidden":"","author":"","image":[],"title":"","job":"","social_networks":[]},"_links":{"self":[{"href":"https:\/\/elfsight.com\/es\/wp-json\/wp\/v2\/pages\/5812","targetHints":{"allow":["GET"]}}],"collection":[{"href":"https:\/\/elfsight.com\/es\/wp-json\/wp\/v2\/pages"}],"about":[{"href":"https:\/\/elfsight.com\/es\/wp-json\/wp\/v2\/types\/page"}],"author":[{"embeddable":true,"href":"https:\/\/elfsight.com\/es\/wp-json\/wp\/v2\/users\/9"}],"replies":[{"embeddable":true,"href":"https:\/\/elfsight.com\/es\/wp-json\/wp\/v2\/comments?post=5812"}],"version-history":[{"count":2,"href":"https:\/\/elfsight.com\/es\/wp-json\/wp\/v2\/pages\/5812\/revisions"}],"predecessor-version":[{"id":19307,"href":"https:\/\/elfsight.com\/es\/wp-json\/wp\/v2\/pages\/5812\/revisions\/19307"}],"up":[{"embeddable":true,"href":"https:\/\/elfsight.com\/es\/wp-json\/wp\/v2\/pages\/2059"}],"wp:attachment":[{"href":"https:\/\/elfsight.com\/es\/wp-json\/wp\/v2\/media?parent=5812"}],"curies":[{"name":"wp","href":"https:\/\/api.w.org\/{rel}","templated":true}]}}