{"id":5805,"date":"1970-01-01T00:00:00","date_gmt":"1970-01-01T00:00:00","guid":{"rendered":"https:\/\/elfsight.com\/es\/?page_id=5805"},"modified":"2025-02-06T16:10:24","modified_gmt":"2025-02-06T16:10:24","slug":"opencart","status":"publish","type":"page","link":"https:\/\/elfsight.com\/es\/tiktok-feed-widget\/opencart\/","title":{"rendered":"TikTok Feed &#8211; OpenCart"},"content":{"rendered":"<div class=\"application-platform-content-item-description application-platform-content-item\" id=\"description\" data-nav-section=\"description\"> <h2>Descripci\u00f3n<\/h2> <p>Elfsight TiKTok Feed para OpenCart es una extensi\u00f3n especial para promocionar no solo productos, sino tambi\u00e9n emociones y experiencias. Con \u00e9l, puede dise\u00f1ar un feed individual a partir de su contenido de TikTok y mostrarlo directamente en su sitio de Internet. \u00a1Construye una galer\u00eda de videos en 1-2-3! Disfrute del control total sobre el contenido revelado y elimine el spam y cualquier contenido no deseado mediante la moderaci\u00f3n manual. El configurador en l\u00ednea completamente responsivo le ofrece m\u00faltiples plantillas para seleccionar. <\/p> <p><b>\u00a1Inserte TikTok Feed para alcanzar los desaf\u00edos de su negocio de manera m\u00e1s eficiente! <\/b><\/p> <\/div> <div class=\"application-platform-content-item-features application-platform-content-item\" id=\"features\" data-nav-section=\"features\"> <h2>Estas son solo algunas de las caracter\u00edsticas de la extensi\u00f3n ancha: <\/h2> <ul><li>Cubre el encabezado para que tu herramienta luzca minimalista. <\/li><li>Elimine el spam y el contenido no deseado aplicando moderaci\u00f3n manual. <\/li><li>Establezca el bot\u00f3n Seguir en el feed de la extensi\u00f3n. <\/li><li>Haz que tus publicaciones se vean en modo emergente. <\/li><\/ul><p><a href=\"#demo\">Simplemente pruebe esta demostraci\u00f3n para ver c\u00f3mo funciona<\/a><\/p> <\/div> <div class=\"application-platform-content-item-installation application-platform-content-item\" id=\"installation\" data-nav-section=\"installation\"> <h2>\u00bfC\u00f3mo inserto TikTok Feed en mi sitio web OpenCart? <\/h2> <p>Simplemente aplique las instrucciones a continuaci\u00f3n para comenzar a usar la extensi\u00f3n. <\/p> <ol><li><b>Utilice nuestro editor gratuito y comience a crear su extensi\u00f3n personalizada. <\/b><br> Especifique la interfaz y los aspectos preferibles del widget y guarde las correcciones. <\/li> <li><b>Reciba su c\u00f3digo \u00fanico revelado en el cuadro de Elfsight Apps. <\/b><br> Inmediatamente despu\u00e9s de completar la creaci\u00f3n de su herramienta personal, copie el c\u00f3digo individual del cuadro que aparece y gu\u00e1rdelo para usarlo en el futuro. <\/li> <li><b>Inicie el uso de la herramienta en su p\u00e1gina de inicio de OpenCart. <\/b><br>Implemente el c\u00f3digo guardado recientemente en su sitio web y aplique las correcciones. <\/li> <li><b>\u00a1Listo! La configuraci\u00f3n se realiz\u00f3 con \u00e9xito. <\/b><br> Vaya a su sitio para revisar el rendimiento de la herramienta. <\/li><\/ol> <p>A condici\u00f3n de afrontar consultas o afrontar algunas dificultades, no tema comunicarse con nuestro personal de atenci\u00f3n al cliente. Nuestros especialistas est\u00e1n ansiosos por resolver todas las dificultades que pueda tener con la herramienta. <\/p> <\/div><div class=\"faq\" data-component=\"FAQ\"><div class=\"faq-item\">\r\n\t\t\t\t\t<div class=\"faq-item-question\">\r\n\t\t\t\t\t\t<h3 class=\"faq-item-question-text\">\u00bfDe qu\u00e9 manera puedo agregar TikTok Feed a mi sitio OpenCart sin codificaci\u00f3n?<\/h3>\r\n\r\n\t\t\t\t\t\t<div class=\"faq-item-question-icon\"><\/div>\r\n\t\t\t\t\t<\/div>\r\n\r\n\t\t\t\t\t<div class=\"faq-item-answer\">\r\n\t\t\t\t\t\t<div class=\"faq-item-answer-text\"><p>La empresa Elfsight ofrece una soluci\u00f3n en la nube que permite a los usuarios generar una secci\u00f3n de TikTok Feed usted mismo. Descubra la gu\u00eda sencilla:<\/p><ul><li>Trabaja directamente en la demostraci\u00f3n en vivo para crear una secci\u00f3n de TikTok Feed que te gustar\u00eda incluir en P\u00e1gina web de OpenCart.<\/li><li>Haga clic en una de las plantillas predise\u00f1adas y adapte la configuraci\u00f3n de TikTok Feed, cambie el dise\u00f1o y los colores, agregue su contenido sin conocimientos de codificaci\u00f3n.<\/li><li>Guarde la configuraci\u00f3n que ha realizado en TikTok Feed y obtenga el c\u00f3digo del complemento para incrustar, que puede integrarse f\u00e1cilmente en su sitio web OpenCart sin comprar un plan pago.<\/li><\/ul><p>Al trabajar en nuestro Configurador f\u00e1cil de usar, cualquier usuario web puede crear la aplicaci\u00f3n TikTok Feed en l\u00ednea y f\u00e1cilmente. incl\u00fayelo en cualquier sitio web de OpenCart. No debe obtener un plan pago ni revelar los datos de su tarjeta para ingresar al servicio. Si enfrenta alg\u00fan obst\u00e1culo en alg\u00fan paso, contin\u00fae y comun\u00edquese con nuestro servicio de atenci\u00f3n al cliente.<\/p><\/div>\r\n\t\t\t\t\t<\/div>\r\n\t\t\t\t<\/div><\/div>","protected":false},"excerpt":{"rendered":"","protected":false},"author":9,"featured_media":0,"parent":2059,"menu_order":0,"comment_status":"closed","ping_status":"closed","template":"templates\/template-application-platform.php","meta":{"publish_to_discourse":"","publish_post_category":"","wpdc_auto_publish_overridden":"","wpdc_topic_tags":"","wpdc_pin_topic":"","wpdc_pin_until":"","discourse_post_id":"","discourse_permalink":"","wpdc_publishing_response":"","wpdc_publishing_error":"","footnotes":""},"class_list":["post-5805","page","type-page","status-publish","hentry"],"yoast_head":"<!-- This site is optimized with the Yoast SEO plugin v25.3.1 - https:\/\/yoast.com\/wordpress\/plugins\/seo\/ -->\n<title>Agregue la extensi\u00f3n TikTok Feed al sitio web OpenCart (r\u00e1pido y gratis)<\/title>\n<meta name=\"description\" content=\"Agregue una extensi\u00f3n OpenCart TikTok Feed f\u00e1cil de usar en su sitio web. Utilice la pr\u00e1ctica demostraci\u00f3n de Elfsight y cree su magn\u00edfico widget de TikTok.\" \/>\n<meta name=\"robots\" content=\"index, follow, max-snippet:-1, max-image-preview:large, max-video-preview:-1\" \/>\n<link rel=\"canonical\" href=\"https:\/\/elfsight.com\/es\/tiktok-feed-widget\/opencart\/\" \/>\n<meta property=\"og:locale\" content=\"es_ES\" \/>\n<meta property=\"og:type\" content=\"article\" \/>\n<meta property=\"og:title\" content=\"Agregue la extensi\u00f3n TikTok Feed al sitio web OpenCart (r\u00e1pido y gratis)\" \/>\n<meta property=\"og:description\" content=\"Agregue una extensi\u00f3n OpenCart TikTok Feed f\u00e1cil de usar en su sitio web. Utilice la pr\u00e1ctica demostraci\u00f3n de Elfsight y cree su magn\u00edfico widget de TikTok.\" \/>\n<meta property=\"og:url\" content=\"https:\/\/elfsight.com\/es\/tiktok-feed-widget\/opencart\/\" \/>\n<meta property=\"og:site_name\" content=\"Elfsight ES\" \/>\n<meta property=\"article:modified_time\" content=\"2025-02-06T16:10:24+00:00\" \/>\n<meta name=\"twitter:card\" content=\"summary_large_image\" \/>\n<meta name=\"twitter:label1\" content=\"Tiempo de lectura\" \/>\n\t<meta name=\"twitter:data1\" content=\"3 minutos\" \/>\n<!-- \/ Yoast SEO plugin. -->","yoast_head_json":{"title":"Agregue la extensi\u00f3n TikTok Feed al sitio web OpenCart (r\u00e1pido y gratis)","description":"Agregue una extensi\u00f3n OpenCart TikTok Feed f\u00e1cil de usar en su sitio web. Utilice la pr\u00e1ctica demostraci\u00f3n de Elfsight y cree su magn\u00edfico widget de TikTok.","robots":{"index":"index","follow":"follow","max-snippet":"max-snippet:-1","max-image-preview":"max-image-preview:large","max-video-preview":"max-video-preview:-1"},"canonical":"https:\/\/elfsight.com\/es\/tiktok-feed-widget\/opencart\/","og_locale":"es_ES","og_type":"article","og_title":"Agregue la extensi\u00f3n TikTok Feed al sitio web OpenCart (r\u00e1pido y gratis)","og_description":"Agregue una extensi\u00f3n OpenCart TikTok Feed f\u00e1cil de usar en su sitio web. Utilice la pr\u00e1ctica demostraci\u00f3n de Elfsight y cree su magn\u00edfico widget de TikTok.","og_url":"https:\/\/elfsight.com\/es\/tiktok-feed-widget\/opencart\/","og_site_name":"Elfsight ES","article_modified_time":"2025-02-06T16:10:24+00:00","twitter_card":"summary_large_image","twitter_misc":{"Tiempo de lectura":"3 minutos"},"schema":{"@context":"https:\/\/schema.org","@graph":[{"@type":"WebPage","@id":"https:\/\/elfsight.com\/es\/tiktok-feed-widget\/opencart\/","url":"https:\/\/elfsight.com\/es\/tiktok-feed-widget\/opencart\/","name":"Agregue la extensi\u00f3n TikTok Feed al sitio web OpenCart (r\u00e1pido y gratis)","isPartOf":{"@id":"https:\/\/elfsight.com\/es\/#website"},"datePublished":"1970-01-01T00:00:00+00:00","dateModified":"2025-02-06T16:10:24+00:00","description":"Agregue una extensi\u00f3n OpenCart TikTok Feed f\u00e1cil de usar en su sitio web. Utilice la pr\u00e1ctica demostraci\u00f3n de Elfsight y cree su magn\u00edfico widget de TikTok.","breadcrumb":{"@id":"https:\/\/elfsight.com\/es\/tiktok-feed-widget\/opencart\/#breadcrumb"},"inLanguage":"es","potentialAction":[{"@type":"ReadAction","target":["https:\/\/elfsight.com\/es\/tiktok-feed-widget\/opencart\/"]}]},{"@type":"BreadcrumbList","@id":"https:\/\/elfsight.com\/es\/tiktok-feed-widget\/opencart\/#breadcrumb","itemListElement":[{"@type":"ListItem","position":1,"name":"Home","item":"https:\/\/elfsight.com\/es\/"},{"@type":"ListItem","position":2,"name":"TikTok Feed","item":"https:\/\/elfsight.com\/es\/tiktok-feed-widget\/"},{"@type":"ListItem","position":3,"name":"TikTok Feed &#8211; OpenCart"}]},{"@type":"WebSite","@id":"https:\/\/elfsight.com\/es\/#website","url":"https:\/\/elfsight.com\/es\/","name":"Elfsight ES","description":"Just another Elfsight Sites site","potentialAction":[{"@type":"SearchAction","target":{"@type":"EntryPoint","urlTemplate":"https:\/\/elfsight.com\/es\/?s={search_term_string}"},"query-input":{"@type":"PropertyValueSpecification","valueRequired":true,"valueName":"search_term_string"}}],"inLanguage":"es"}]}},"meta_box":{"industry":"","seo_heading":"","heading":"","description":"","cta_heading":"","cta_description":"","application":"2058","h1":"Extensi\u00f3n OpenCart TikTok Feed","h1_caption":"Muestre videos de tiktok de tendencia por hashtag o cuenta, agregando contenido din\u00e1mico y atractivo a su sitio web en su sitio web Opencart sin esfuerzo.","application_category":[],"applications_title":"","applications_request_title":"","applications_request_button_text":"","hero_text":"","hero_video":"","hero_video_schema_markup":"","selling_points_title":"","selling_points_caption":"","selling_points":[],"selling_points_cta_text":"","features_title":"","features":"","ed_cta_examples_text":"","ed_cta_examples_hidden":"","ed_cta_demo_text":"","ed_cta_demo_hidden":"","why_caption":"","why_editor_title":"","why_editor_text":"","why_team_title":"","why_team_text":"","why_service_title":"","why_service_text":"","template_catalog_visible":"","template_catalog_title":"","template_catalog_text":"","template_catalog_categories_visible":"","demo_title":"Crea tu extensi\u00f3n TikTok Feed","demo_caption":"\u00a1Configure su feed de TikTok y agr\u00e9guelo a su sitio web OpenCart de forma gratuita!","default_faq_hidden":"","app_template_category":[],"platform":"88","template_public_id":"","codecanyon_url":"","codecanyon_item_id":"","codecanyon_price":"","pricing_caption":"","pricing_elfsight_apps_hide_column":"","pricing_elfsight_apps_url":"","pricing_codecanyon_price_caption":"","integration_category":[],"integration_request_title":"","integration_request_cta":"","integration_platform":"","integrations":[],"platform_category":[],"video_schema_markup":"","price":"desde $0 \/ mes","trial":"","benefits":[{"text":"Servicio de instalaci\u00f3n gratuito"},{"text":"Servicio al cliente competente"},{"text":"Garant\u00eda de reembolso de 14 d\u00edas"},{"text":"Actualizando constantemente"}],"button_url":"#demo","button_target_blank":"","button_nofollow":"","attributes":[{"name":"Instalaciones","content":"10,000 - 100,000"},{"name":"Sensible","content":"S\u00ed"},{"name":"Navegadores compatibles","content":"Firefox, Safari, Opera, Chrome, Edge"}],"tags":[],"tags_disable_links":"","hide_more_platforms":"","video_object":"","demo_hide_cta":"","demo_hide_cloud_options":"","pricing_title":"","pricing":[{"pricing_icon":"platform","pricing_title":"Elfsight Apps","pricing_title_caption":"Software independiente de la plataforma que se adapta a cualquier sitio web","pricing_price":"desde $0 \/ mes","pricing_price_caption":"comienza con un plan gratuito","pricing_benefits":[{"text":"Sitios web ilimitados"},{"text":"Soporte gratuito y bien documentado."},{"text":"Asistencia de instalaci\u00f3n gratuita"},{"text":"Dise\u00f1o flexible"}],"pricing_button_text":"A\u00f1adir al sitio web","pricing_button_url":"#demo"}],"related_apps_title":"","related_apps_hidden":"","author":"","image":[],"title":"","job":"","social_networks":[]},"_links":{"self":[{"href":"https:\/\/elfsight.com\/es\/wp-json\/wp\/v2\/pages\/5805","targetHints":{"allow":["GET"]}}],"collection":[{"href":"https:\/\/elfsight.com\/es\/wp-json\/wp\/v2\/pages"}],"about":[{"href":"https:\/\/elfsight.com\/es\/wp-json\/wp\/v2\/types\/page"}],"author":[{"embeddable":true,"href":"https:\/\/elfsight.com\/es\/wp-json\/wp\/v2\/users\/9"}],"replies":[{"embeddable":true,"href":"https:\/\/elfsight.com\/es\/wp-json\/wp\/v2\/comments?post=5805"}],"version-history":[{"count":2,"href":"https:\/\/elfsight.com\/es\/wp-json\/wp\/v2\/pages\/5805\/revisions"}],"predecessor-version":[{"id":19310,"href":"https:\/\/elfsight.com\/es\/wp-json\/wp\/v2\/pages\/5805\/revisions\/19310"}],"up":[{"embeddable":true,"href":"https:\/\/elfsight.com\/es\/wp-json\/wp\/v2\/pages\/2059"}],"wp:attachment":[{"href":"https:\/\/elfsight.com\/es\/wp-json\/wp\/v2\/media?parent=5805"}],"curies":[{"name":"wp","href":"https:\/\/api.w.org\/{rel}","templated":true}]}}