{"id":5803,"date":"1970-01-01T00:00:00","date_gmt":"1970-01-01T00:00:00","guid":{"rendered":"https:\/\/elfsight.com\/es\/?page_id=5803"},"modified":"2025-02-06T16:10:32","modified_gmt":"2025-02-06T16:10:32","slug":"magento","status":"publish","type":"page","link":"https:\/\/elfsight.com\/es\/tiktok-feed-widget\/magento\/","title":{"rendered":"TikTok Feed &#8211; Magento"},"content":{"rendered":"<div class=\"application-platform-content-item-description application-platform-content-item\" id=\"description\" data-nav-section=\"description\"> <h2>Descripci\u00f3n<\/h2> <p>Elfsight TiKTok Feed para Magento es una extensi\u00f3n especial para comercializar no solo productos, sino tambi\u00e9n emociones y experiencias. Al usarlo, puede desarrollar un feed personalizado con contenido de TikTok y mostrarlo directamente en su sitio de Internet. \u00a1Construye una galer\u00eda de videos en 1-2-3! Disfrute del control absoluto sobre el contenido mostrado y elimine el spam y cualquier contenido no deseado mediante la moderaci\u00f3n manual. El editor en l\u00ednea completamente responsivo le ofrece varias plantillas para seleccionar. <\/p> <p><b>\u00a1Incorpore TikTok Feed para alcanzar sus objetivos comerciales m\u00e1s r\u00e1pido! <\/b><\/p> <\/div> <div class=\"application-platform-content-item-features application-platform-content-item\" id=\"features\" data-nav-section=\"features\"> <h2>Las caracter\u00edsticas b\u00e1sicas del widget incluyen<\/h2> <ul><li>Ocultar el encabezado para que la herramienta parezca minimalista. <\/li><li>Elimine el spam y el contenido no deseado mediante el modo de moderaci\u00f3n manual. <\/li><li>Coloque el bot\u00f3n Seguir en el avance de la herramienta. <\/li><li>Haz que tus publicaciones aparezcan en una ventana emergente. <\/li><\/ul><p><a href=\"#demo\">Examine todas las configuraciones en una demostraci\u00f3n completamente funcional<\/a><\/p> <\/div> <div class=\"application-platform-content-item-installation application-platform-content-item\" id=\"installation\" data-nav-section=\"installation\"> <h2>\u00bfC\u00f3mo puedo insertar TikTok Feed en mi sitio web Magento? <\/h2> <p>Simplemente siga las pautas a continuaci\u00f3n para integrar la extensi\u00f3n. <\/p> <ol><li><b>Inicie nuestro editor gratuito y comience a crear su extensi\u00f3n personalizada. <\/b><br> Determine la forma y los aspectos deseables de la herramienta y guarde las correcciones. <\/li> <li><b>Reciba el c\u00f3digo \u00fanico que se muestra en el formulario especial en Elfsight Apps. <\/b><br> Una vez finalizada la configuraci\u00f3n de su extensi\u00f3n, copie el c\u00f3digo exclusivo en la ventana que aparece y gu\u00e1rdelo para futuras necesidades. <\/li> <li><b>Comience a utilizar la extensi\u00f3n en el sitio web de Magento. <\/b><br>A\u00f1ade el c\u00f3digo que has guardado anteriormente en tu sitio web y guarda las mejoras. <\/li> <li><b>\u00a1Ya terminaste! La integraci\u00f3n ha terminado por completo. <\/b><br> Vaya a su sitio para comprobar c\u00f3mo funciona la extensi\u00f3n. <\/li><\/ol> <p>Si experimenta alg\u00fan problema, no dude en ponerse en contacto con nuestro equipo de soporte. Nuestra gente estar\u00e1 encantada de resolver todas las dificultades que pueda tener con el complemento. <\/p> <\/div><div class=\"faq\" data-component=\"FAQ\"><div class=\"faq-item\">\r\n\t\t\t\t\t<div class=\"faq-item-question\">\r\n\t\t\t\t\t\t<h3 class=\"faq-item-question-text\">\u00bfDe qu\u00e9 manera puedo incrustar TikTok Feed en mi Magento sin codificaci\u00f3n?<\/h3>\r\n\r\n\t\t\t\t\t\t<div class=\"faq-item-question-icon\"><\/div>\r\n\t\t\t\t\t<\/div>\r\n\r\n\t\t\t\t\t<div class=\"faq-item-answer\">\r\n\t\t\t\t\t\t<div class=\"faq-item-answer-text\"><p>La empresa Elfsight presenta una soluci\u00f3n que permite al usuario establecer un widget de TikTok Feed usted mismo. Descubra lo sencillo que es el proceso:<\/p><ul><li>Trabaja directamente en la demostraci\u00f3n en vivo para generar un complemento de TikTok Feed que te gustar\u00eda ver en Magento sitio.<\/li><li>Seleccione una de las plantillas predise\u00f1adas y modifique la configuraci\u00f3n de TikTok Feed, transforme el dise\u00f1o y la combinaci\u00f3n de colores, agregue su contenido sin codificaci\u00f3n.<\/li><li>Guarde el TikTok Feed y obtenga el c\u00f3digo de instalaci\u00f3n, que puede incluir f\u00e1cilmente en su sitio web Magento de forma gratuita.<\/li><\/ul><p>Utilizando el editor f\u00e1cil de usar, cada usuario de Internet puede crear una secci\u00f3n TikTok Feed en l\u00ednea e incrustarla f\u00e1cilmente en cualquier p\u00e1gina web de Magento. No debe obtener una suscripci\u00f3n paga ni enviar los datos de su tarjeta para ingresar al servicio. Si encuentra alg\u00fan problema de cualquier tipo, contin\u00fae y comun\u00edquese con nuestro equipo de soporte t\u00e9cnico.<\/p><\/div>\r\n\t\t\t\t\t<\/div>\r\n\t\t\t\t<\/div><\/div>","protected":false},"excerpt":{"rendered":"","protected":false},"author":9,"featured_media":0,"parent":2059,"menu_order":0,"comment_status":"closed","ping_status":"closed","template":"templates\/template-application-platform.php","meta":{"publish_to_discourse":"","publish_post_category":"","wpdc_auto_publish_overridden":"","wpdc_topic_tags":"","wpdc_pin_topic":"","wpdc_pin_until":"","discourse_post_id":"","discourse_permalink":"","wpdc_publishing_response":"","wpdc_publishing_error":"","footnotes":""},"class_list":["post-5803","page","type-page","status-publish","hentry"],"yoast_head":"<!-- This site is optimized with the Yoast SEO plugin v25.3.1 - https:\/\/yoast.com\/wordpress\/plugins\/seo\/ -->\n<title>Agregue la extensi\u00f3n TikTok Feed al sitio web de Magento (r\u00e1pido y gratis)<\/title>\n<meta name=\"description\" content=\"Inserte una extensi\u00f3n Magento TikTok Feed f\u00e1cil de usar en su sitio web. Pruebe la pr\u00e1ctica demostraci\u00f3n de Elfsight y cree su extensi\u00f3n TikTok \u00fanica.\" \/>\n<meta name=\"robots\" content=\"index, follow, max-snippet:-1, max-image-preview:large, max-video-preview:-1\" \/>\n<link rel=\"canonical\" href=\"https:\/\/elfsight.com\/es\/tiktok-feed-widget\/magento\/\" \/>\n<meta property=\"og:locale\" content=\"es_ES\" \/>\n<meta property=\"og:type\" content=\"article\" \/>\n<meta property=\"og:title\" content=\"Agregue la extensi\u00f3n TikTok Feed al sitio web de Magento (r\u00e1pido y gratis)\" \/>\n<meta property=\"og:description\" content=\"Inserte una extensi\u00f3n Magento TikTok Feed f\u00e1cil de usar en su sitio web. Pruebe la pr\u00e1ctica demostraci\u00f3n de Elfsight y cree su extensi\u00f3n TikTok \u00fanica.\" \/>\n<meta property=\"og:url\" content=\"https:\/\/elfsight.com\/es\/tiktok-feed-widget\/magento\/\" \/>\n<meta property=\"og:site_name\" content=\"Elfsight ES\" \/>\n<meta property=\"article:modified_time\" content=\"2025-02-06T16:10:32+00:00\" \/>\n<meta name=\"twitter:card\" content=\"summary_large_image\" \/>\n<meta name=\"twitter:label1\" content=\"Tiempo de lectura\" \/>\n\t<meta name=\"twitter:data1\" content=\"3 minutos\" \/>\n<!-- \/ Yoast SEO plugin. -->","yoast_head_json":{"title":"Agregue la extensi\u00f3n TikTok Feed al sitio web de Magento (r\u00e1pido y gratis)","description":"Inserte una extensi\u00f3n Magento TikTok Feed f\u00e1cil de usar en su sitio web. Pruebe la pr\u00e1ctica demostraci\u00f3n de Elfsight y cree su extensi\u00f3n TikTok \u00fanica.","robots":{"index":"index","follow":"follow","max-snippet":"max-snippet:-1","max-image-preview":"max-image-preview:large","max-video-preview":"max-video-preview:-1"},"canonical":"https:\/\/elfsight.com\/es\/tiktok-feed-widget\/magento\/","og_locale":"es_ES","og_type":"article","og_title":"Agregue la extensi\u00f3n TikTok Feed al sitio web de Magento (r\u00e1pido y gratis)","og_description":"Inserte una extensi\u00f3n Magento TikTok Feed f\u00e1cil de usar en su sitio web. Pruebe la pr\u00e1ctica demostraci\u00f3n de Elfsight y cree su extensi\u00f3n TikTok \u00fanica.","og_url":"https:\/\/elfsight.com\/es\/tiktok-feed-widget\/magento\/","og_site_name":"Elfsight ES","article_modified_time":"2025-02-06T16:10:32+00:00","twitter_card":"summary_large_image","twitter_misc":{"Tiempo de lectura":"3 minutos"},"schema":{"@context":"https:\/\/schema.org","@graph":[{"@type":"WebPage","@id":"https:\/\/elfsight.com\/es\/tiktok-feed-widget\/magento\/","url":"https:\/\/elfsight.com\/es\/tiktok-feed-widget\/magento\/","name":"Agregue la extensi\u00f3n TikTok Feed al sitio web de Magento (r\u00e1pido y gratis)","isPartOf":{"@id":"https:\/\/elfsight.com\/es\/#website"},"datePublished":"1970-01-01T00:00:00+00:00","dateModified":"2025-02-06T16:10:32+00:00","description":"Inserte una extensi\u00f3n Magento TikTok Feed f\u00e1cil de usar en su sitio web. Pruebe la pr\u00e1ctica demostraci\u00f3n de Elfsight y cree su extensi\u00f3n TikTok \u00fanica.","breadcrumb":{"@id":"https:\/\/elfsight.com\/es\/tiktok-feed-widget\/magento\/#breadcrumb"},"inLanguage":"es","potentialAction":[{"@type":"ReadAction","target":["https:\/\/elfsight.com\/es\/tiktok-feed-widget\/magento\/"]}]},{"@type":"BreadcrumbList","@id":"https:\/\/elfsight.com\/es\/tiktok-feed-widget\/magento\/#breadcrumb","itemListElement":[{"@type":"ListItem","position":1,"name":"Home","item":"https:\/\/elfsight.com\/es\/"},{"@type":"ListItem","position":2,"name":"TikTok Feed","item":"https:\/\/elfsight.com\/es\/tiktok-feed-widget\/"},{"@type":"ListItem","position":3,"name":"TikTok Feed &#8211; Magento"}]},{"@type":"WebSite","@id":"https:\/\/elfsight.com\/es\/#website","url":"https:\/\/elfsight.com\/es\/","name":"Elfsight ES","description":"Just another Elfsight Sites site","potentialAction":[{"@type":"SearchAction","target":{"@type":"EntryPoint","urlTemplate":"https:\/\/elfsight.com\/es\/?s={search_term_string}"},"query-input":{"@type":"PropertyValueSpecification","valueRequired":true,"valueName":"search_term_string"}}],"inLanguage":"es"}]}},"meta_box":{"industry":"","seo_heading":"","heading":"","description":"","cta_heading":"","cta_description":"","application":"2058","h1":"Extensi\u00f3n Magento TikTok Feed","h1_caption":"Muestre videos de tiktok de tendencia por hashtag o cuenta, agregando contenido din\u00e1mico y atractivo a su sitio web en su sitio web Magento sin esfuerzo.","application_category":[],"applications_title":"","applications_request_title":"","applications_request_button_text":"","hero_text":"","hero_video":"","hero_video_schema_markup":"","selling_points_title":"","selling_points_caption":"","selling_points":[],"selling_points_cta_text":"","features_title":"","features":"","ed_cta_examples_text":"","ed_cta_examples_hidden":"","ed_cta_demo_text":"","ed_cta_demo_hidden":"","why_caption":"","why_editor_title":"","why_editor_text":"","why_team_title":"","why_team_text":"","why_service_title":"","why_service_text":"","template_catalog_visible":"","template_catalog_title":"","template_catalog_text":"","template_catalog_categories_visible":"","demo_title":"Crea tu extensi\u00f3n TikTok Feed","demo_caption":"\u00a1Configura tu feed de TikTok y agr\u00e9galo a tu sitio web Magento gratis!","default_faq_hidden":"","app_template_category":[],"platform":"82","template_public_id":"","codecanyon_url":"","codecanyon_item_id":"","codecanyon_price":"","pricing_caption":"","pricing_elfsight_apps_hide_column":"","pricing_elfsight_apps_url":"","pricing_codecanyon_price_caption":"","integration_category":[],"integration_request_title":"","integration_request_cta":"","integration_platform":"","integrations":[],"platform_category":[],"video_schema_markup":"","price":"desde $0 \/ mes","trial":"","benefits":[{"text":"Asistencia de instalaci\u00f3n gratuita"},{"text":"Soporte excepcional"},{"text":"Garant\u00eda de devoluci\u00f3n de dinero de 14 d\u00edas"},{"text":"Mejoras peri\u00f3dicas"}],"button_url":"#demo","button_target_blank":"","button_nofollow":"","attributes":[{"name":"Instalaciones","content":"10,000 - 100,000"},{"name":"Sensible","content":"S\u00ed"},{"name":"Navegadores compatibles","content":"Firefox, Safari, Opera, Chrome, Edge"}],"tags":[],"tags_disable_links":"","hide_more_platforms":"","video_object":"","demo_hide_cta":"","demo_hide_cloud_options":"","pricing_title":"","pricing":[{"pricing_icon":"platform","pricing_title":"Elfsight Apps","pricing_title_caption":"Versi\u00f3n multiplataforma que funciona en cualquier sitio web","pricing_price":"desde $0 \/ mes","pricing_price_caption":"comienza con un plan gratuito","pricing_benefits":[{"text":"Sitios web ilimitados"},{"text":"Atenci\u00f3n al cliente dedicada y bien documentada."},{"text":"Asistencia de instalaci\u00f3n gratuita"},{"text":"Dise\u00f1o flexible"}],"pricing_button_text":"A\u00f1adir al sitio web","pricing_button_url":"#demo"}],"related_apps_title":"","related_apps_hidden":"","author":"","image":[],"title":"","job":"","social_networks":[]},"_links":{"self":[{"href":"https:\/\/elfsight.com\/es\/wp-json\/wp\/v2\/pages\/5803","targetHints":{"allow":["GET"]}}],"collection":[{"href":"https:\/\/elfsight.com\/es\/wp-json\/wp\/v2\/pages"}],"about":[{"href":"https:\/\/elfsight.com\/es\/wp-json\/wp\/v2\/types\/page"}],"author":[{"embeddable":true,"href":"https:\/\/elfsight.com\/es\/wp-json\/wp\/v2\/users\/9"}],"replies":[{"embeddable":true,"href":"https:\/\/elfsight.com\/es\/wp-json\/wp\/v2\/comments?post=5803"}],"version-history":[{"count":2,"href":"https:\/\/elfsight.com\/es\/wp-json\/wp\/v2\/pages\/5803\/revisions"}],"predecessor-version":[{"id":19312,"href":"https:\/\/elfsight.com\/es\/wp-json\/wp\/v2\/pages\/5803\/revisions\/19312"}],"up":[{"embeddable":true,"href":"https:\/\/elfsight.com\/es\/wp-json\/wp\/v2\/pages\/2059"}],"wp:attachment":[{"href":"https:\/\/elfsight.com\/es\/wp-json\/wp\/v2\/media?parent=5803"}],"curies":[{"name":"wp","href":"https:\/\/api.w.org\/{rel}","templated":true}]}}