{"id":5796,"date":"1970-01-01T00:00:00","date_gmt":"1970-01-01T00:00:00","guid":{"rendered":"https:\/\/elfsight.com\/es\/?page_id=5796"},"modified":"2025-02-06T16:10:40","modified_gmt":"2025-02-06T16:10:40","slug":"joomla","status":"publish","type":"page","link":"https:\/\/elfsight.com\/es\/tiktok-feed-widget\/joomla\/","title":{"rendered":"TikTok Feed &#8211; Joomla"},"content":{"rendered":"<div class=\"application-platform-content-item-description application-platform-content-item\" id=\"description\" data-nav-section=\"description\"> <h2>Descripci\u00f3n<\/h2> <p>Elfsight TiKTok Feed para Joomla es una extensi\u00f3n especial para comercializar no solo cosas, sino tambi\u00e9n emociones y experiencias. Al usarlo, puede desarrollar un feed personalizado compuesto por su contenido de TikTok y mostrarlo directamente en su p\u00e1gina web. \u00a1Forma una galer\u00eda de v\u00eddeos con unos pocos clics! Disfrute del control total sobre el contenido revelado y elimine el spam y cualquier contenido no deseado mediante la moderaci\u00f3n manual. El configurador en l\u00ednea completamente responsivo le proporciona m\u00faltiples plantillas para elegir. <\/p> <p><b>Con TikTok Feed, experimente un fuerte crecimiento empresarial y aumente las ventas <\/b><\/p> <\/div> <div class=\"application-platform-content-item-features application-platform-content-item\" id=\"features\" data-nav-section=\"features\"> <h2>Encuentre las siguientes caracter\u00edsticas centrales de la extensi\u00f3n: <\/h2> <ul><li>Oculte la secci\u00f3n principal para que su herramienta parezca minimalista. <\/li><li>Elimine cualquier spam y contenido no deseado mediante el modo de moderaci\u00f3n manual. <\/li><li>Coloque el bot\u00f3n Seguir en las tarjetas de herramientas. <\/li><li>Deja que tus publicaciones se muestren en modo emergente. <\/li><\/ul><p><a href=\"#demo\">Explore todas las opciones de personalizaci\u00f3n en una demostraci\u00f3n 100% funcional<\/a><\/p> <\/div> <div class=\"application-platform-content-item-installation application-platform-content-item\" id=\"installation\" data-nav-section=\"installation\"> <h2>\u00bfC\u00f3mo agrego TikTok Feed a mi sitio web Joomla? <\/h2> <p>Simplemente siga los siguientes pasos que se presentan a continuaci\u00f3n para activar la herramienta. <\/p> <ol><li><b>Administra nuestro editor gratuito y comienza a crear tu propio instrumento. <\/b><br> Elija el dise\u00f1o y los par\u00e1metros deseados de la extensi\u00f3n y guarde las modificaciones. <\/li> <li><b>Adquiera su c\u00f3digo personal que aparece en el formulario especial en Elfsight Apps. <\/b><br> Una vez finalizada la personalizaci\u00f3n de su herramienta personal, copie el c\u00f3digo personal del cuadro que aparece y gu\u00e1rdelo para su uso posterior. <\/li> <li><b>Ingrese al uso del widget en el sitio Joomla. <\/b><br>Incrusta el c\u00f3digo que has copiado antes en tu p\u00e1gina y aplica las mejoras. <\/li> <li><b>\u00a1Ya terminaste! La incrustaci\u00f3n est\u00e1 totalmente realizada. <\/b><br>Visite su sitio web para ver en acci\u00f3n el funcionamiento del complemento. <\/li><\/ol> <p>Si encuentra alguna complicaci\u00f3n, no tema recurrir a nuestro equipo de soporte. Nuestros especialistas estar\u00e1n encantados de ayudarte con todas las preguntas que puedas tener sobre el widget. <\/p> <\/div><div class=\"faq\" data-component=\"FAQ\"><div class=\"faq-item\">\r\n\t\t\t\t\t<div class=\"faq-item-question\">\r\n\t\t\t\t\t\t<h3 class=\"faq-item-question-text\">\u00bfDe qu\u00e9 manera es posible agregar TikTok Feed a mi Joomla sin experiencia en codificaci\u00f3n?<\/h3>\r\n\r\n\t\t\t\t\t\t<div class=\"faq-item-question-icon\"><\/div>\r\n\t\t\t\t\t<\/div>\r\n\r\n\t\t\t\t\t<div class=\"faq-item-answer\">\r\n\t\t\t\t\t\t<div class=\"faq-item-answer-text\"><p>La empresa Elfsight presenta una soluci\u00f3n que permite a los propietarios de sitios crear una secci\u00f3n de TikTok Feed usted mismo. Descubra la sencilla gu\u00eda:<\/p><ul><li>Comience a trabajar directamente en el editor en l\u00ednea para crear el complemento de TikTok Feed que desee. para agregar en el sitio web de Joomla.<\/li><li>Decida una de las plantillas predise\u00f1adas y cambie la configuraci\u00f3n de TikTok Feed, incluya su contenido, transforme el dise\u00f1o y los colores sin codificaci\u00f3n.<\/li><li>Guarde el TikTok Feed y obtenga el c\u00f3digo de instalaci\u00f3n, que puede pegar sin esfuerzo en el sitio Joomla usando un plan gratuito.<\/li><\/ul><p>Utilizando el editor f\u00e1cil de usar, cualquier usuario web puede crear un widget de TikTok Feed y agregarlo sin esfuerzo al sitio web de Joomla. No debes pagar ni ingresar los datos de tu tarjeta para ingresar al Editor. Si encuentra alg\u00fan problema en alg\u00fan paso, no dude en ponerse en contacto con nuestro personal de soporte.<\/p><\/div>\r\n\t\t\t\t\t<\/div>\r\n\t\t\t\t<\/div><\/div>","protected":false},"excerpt":{"rendered":"","protected":false},"author":9,"featured_media":0,"parent":2059,"menu_order":0,"comment_status":"closed","ping_status":"closed","template":"templates\/template-application-platform.php","meta":{"publish_to_discourse":"","publish_post_category":"","wpdc_auto_publish_overridden":"","wpdc_topic_tags":"","wpdc_pin_topic":"","wpdc_pin_until":"","discourse_post_id":"","discourse_permalink":"","wpdc_publishing_response":"","wpdc_publishing_error":"","footnotes":""},"class_list":["post-5796","page","type-page","status-publish","hentry"],"yoast_head":"<!-- This site is optimized with the Yoast SEO plugin v25.3.1 - https:\/\/yoast.com\/wordpress\/plugins\/seo\/ -->\n<title>Agregue la extensi\u00f3n TikTok Feed al sitio web Joomla (r\u00e1pido y gratis)<\/title>\n<meta name=\"description\" content=\"Inserte un widget Joomla TikTok Feed responsivo en su sitio web. \u00a1Utilice la pr\u00e1ctica demostraci\u00f3n de Elfsight y genere su incre\u00edble extensi\u00f3n TikTok!\" \/>\n<meta name=\"robots\" content=\"index, follow, max-snippet:-1, max-image-preview:large, max-video-preview:-1\" \/>\n<link rel=\"canonical\" href=\"https:\/\/elfsight.com\/es\/tiktok-feed-widget\/joomla\/\" \/>\n<meta property=\"og:locale\" content=\"es_ES\" \/>\n<meta property=\"og:type\" content=\"article\" \/>\n<meta property=\"og:title\" content=\"Agregue la extensi\u00f3n TikTok Feed al sitio web Joomla (r\u00e1pido y gratis)\" \/>\n<meta property=\"og:description\" content=\"Inserte un widget Joomla TikTok Feed responsivo en su sitio web. \u00a1Utilice la pr\u00e1ctica demostraci\u00f3n de Elfsight y genere su incre\u00edble extensi\u00f3n TikTok!\" \/>\n<meta property=\"og:url\" content=\"https:\/\/elfsight.com\/es\/tiktok-feed-widget\/joomla\/\" \/>\n<meta property=\"og:site_name\" content=\"Elfsight ES\" \/>\n<meta property=\"article:modified_time\" content=\"2025-02-06T16:10:40+00:00\" \/>\n<meta name=\"twitter:card\" content=\"summary_large_image\" \/>\n<meta name=\"twitter:label1\" content=\"Tiempo de lectura\" \/>\n\t<meta name=\"twitter:data1\" content=\"3 minutos\" \/>\n<!-- \/ Yoast SEO plugin. -->","yoast_head_json":{"title":"Agregue la extensi\u00f3n TikTok Feed al sitio web Joomla (r\u00e1pido y gratis)","description":"Inserte un widget Joomla TikTok Feed responsivo en su sitio web. \u00a1Utilice la pr\u00e1ctica demostraci\u00f3n de Elfsight y genere su incre\u00edble extensi\u00f3n TikTok!","robots":{"index":"index","follow":"follow","max-snippet":"max-snippet:-1","max-image-preview":"max-image-preview:large","max-video-preview":"max-video-preview:-1"},"canonical":"https:\/\/elfsight.com\/es\/tiktok-feed-widget\/joomla\/","og_locale":"es_ES","og_type":"article","og_title":"Agregue la extensi\u00f3n TikTok Feed al sitio web Joomla (r\u00e1pido y gratis)","og_description":"Inserte un widget Joomla TikTok Feed responsivo en su sitio web. \u00a1Utilice la pr\u00e1ctica demostraci\u00f3n de Elfsight y genere su incre\u00edble extensi\u00f3n TikTok!","og_url":"https:\/\/elfsight.com\/es\/tiktok-feed-widget\/joomla\/","og_site_name":"Elfsight ES","article_modified_time":"2025-02-06T16:10:40+00:00","twitter_card":"summary_large_image","twitter_misc":{"Tiempo de lectura":"3 minutos"},"schema":{"@context":"https:\/\/schema.org","@graph":[{"@type":"WebPage","@id":"https:\/\/elfsight.com\/es\/tiktok-feed-widget\/joomla\/","url":"https:\/\/elfsight.com\/es\/tiktok-feed-widget\/joomla\/","name":"Agregue la extensi\u00f3n TikTok Feed al sitio web Joomla (r\u00e1pido y gratis)","isPartOf":{"@id":"https:\/\/elfsight.com\/es\/#website"},"datePublished":"1970-01-01T00:00:00+00:00","dateModified":"2025-02-06T16:10:40+00:00","description":"Inserte un widget Joomla TikTok Feed responsivo en su sitio web. \u00a1Utilice la pr\u00e1ctica demostraci\u00f3n de Elfsight y genere su incre\u00edble extensi\u00f3n TikTok!","breadcrumb":{"@id":"https:\/\/elfsight.com\/es\/tiktok-feed-widget\/joomla\/#breadcrumb"},"inLanguage":"es","potentialAction":[{"@type":"ReadAction","target":["https:\/\/elfsight.com\/es\/tiktok-feed-widget\/joomla\/"]}]},{"@type":"BreadcrumbList","@id":"https:\/\/elfsight.com\/es\/tiktok-feed-widget\/joomla\/#breadcrumb","itemListElement":[{"@type":"ListItem","position":1,"name":"Home","item":"https:\/\/elfsight.com\/es\/"},{"@type":"ListItem","position":2,"name":"TikTok Feed","item":"https:\/\/elfsight.com\/es\/tiktok-feed-widget\/"},{"@type":"ListItem","position":3,"name":"TikTok Feed &#8211; Joomla"}]},{"@type":"WebSite","@id":"https:\/\/elfsight.com\/es\/#website","url":"https:\/\/elfsight.com\/es\/","name":"Elfsight ES","description":"Just another Elfsight Sites site","potentialAction":[{"@type":"SearchAction","target":{"@type":"EntryPoint","urlTemplate":"https:\/\/elfsight.com\/es\/?s={search_term_string}"},"query-input":{"@type":"PropertyValueSpecification","valueRequired":true,"valueName":"search_term_string"}}],"inLanguage":"es"}]}},"meta_box":{"industry":"","seo_heading":"","heading":"","description":"","cta_heading":"","cta_description":"","application":"2058","h1":"Extensi\u00f3n Joomla TikTok Feed","h1_caption":"Muestre videos de tiktok de tendencia por hashtag o cuenta, agregando contenido din\u00e1mico y atractivo a su sitio web en su sitio web Joomla sin esfuerzo.","application_category":[],"applications_title":"","applications_request_title":"","applications_request_button_text":"","hero_text":"","hero_video":"","hero_video_schema_markup":"","selling_points_title":"","selling_points_caption":"","selling_points":[],"selling_points_cta_text":"","features_title":"","features":"","ed_cta_examples_text":"","ed_cta_examples_hidden":"","ed_cta_demo_text":"","ed_cta_demo_hidden":"","why_caption":"","why_editor_title":"","why_editor_text":"","why_team_title":"","why_team_text":"","why_service_title":"","why_service_text":"","template_catalog_visible":"","template_catalog_title":"","template_catalog_text":"","template_catalog_categories_visible":"","demo_title":"Crea tu complemento TikTok Feed","demo_caption":"\u00a1Configura tu feed de TikTok y agr\u00e9galo a tu sitio web Joomla gratis!","default_faq_hidden":"","app_template_category":[],"platform":"73","template_public_id":"","codecanyon_url":"","codecanyon_item_id":"","codecanyon_price":"","pricing_caption":"","pricing_elfsight_apps_hide_column":"","pricing_elfsight_apps_url":"","pricing_codecanyon_price_caption":"","integration_category":[],"integration_request_title":"","integration_request_cta":"","integration_platform":"","integrations":[],"platform_category":[],"video_schema_markup":"","price":"desde $0 \/ mes","trial":"","benefits":[{"text":"Ayuda de instalaci\u00f3n gratuita"},{"text":"Servicio al cliente competente"},{"text":"Garant\u00eda de reembolso de 14 d\u00edas"},{"text":"Actualizaciones gratuitas de por vida"}],"button_url":"#demo","button_target_blank":"","button_nofollow":"","attributes":[{"name":"Instalaciones","content":"10,000 - 100,000"},{"name":"Sensible","content":"S\u00ed"},{"name":"Navegadores compatibles","content":"Firefox, Safari, Opera, Chrome, Edge"}],"tags":[],"tags_disable_links":"","hide_more_platforms":"","video_object":"","demo_hide_cta":"","demo_hide_cloud_options":"","pricing_title":"","pricing":[{"pricing_icon":"platform","pricing_title":"Elfsight Apps","pricing_title_caption":"Versi\u00f3n multiplataforma","pricing_price":"desde $0 \/ mes","pricing_price_caption":"comienza con un plan gratuito","pricing_benefits":[{"text":"Sitios web ilimitados"},{"text":"Soporte r\u00e1pido, puntual y bien documentado."},{"text":"Ayuda de instalaci\u00f3n gratuita"},{"text":"Dise\u00f1o flexible"}],"pricing_button_text":"A\u00f1adir al sitio web","pricing_button_url":"#demo"}],"related_apps_title":"","related_apps_hidden":"","author":"","image":[],"title":"","job":"","social_networks":[]},"_links":{"self":[{"href":"https:\/\/elfsight.com\/es\/wp-json\/wp\/v2\/pages\/5796","targetHints":{"allow":["GET"]}}],"collection":[{"href":"https:\/\/elfsight.com\/es\/wp-json\/wp\/v2\/pages"}],"about":[{"href":"https:\/\/elfsight.com\/es\/wp-json\/wp\/v2\/types\/page"}],"author":[{"embeddable":true,"href":"https:\/\/elfsight.com\/es\/wp-json\/wp\/v2\/users\/9"}],"replies":[{"embeddable":true,"href":"https:\/\/elfsight.com\/es\/wp-json\/wp\/v2\/comments?post=5796"}],"version-history":[{"count":2,"href":"https:\/\/elfsight.com\/es\/wp-json\/wp\/v2\/pages\/5796\/revisions"}],"predecessor-version":[{"id":19315,"href":"https:\/\/elfsight.com\/es\/wp-json\/wp\/v2\/pages\/5796\/revisions\/19315"}],"up":[{"embeddable":true,"href":"https:\/\/elfsight.com\/es\/wp-json\/wp\/v2\/pages\/2059"}],"wp:attachment":[{"href":"https:\/\/elfsight.com\/es\/wp-json\/wp\/v2\/media?parent=5796"}],"curies":[{"name":"wp","href":"https:\/\/api.w.org\/{rel}","templated":true}]}}