{"id":5794,"date":"1970-01-01T00:00:00","date_gmt":"1970-01-01T00:00:00","guid":{"rendered":"https:\/\/elfsight.com\/es\/?page_id=5794"},"modified":"2025-02-06T16:10:40","modified_gmt":"2025-02-06T16:10:40","slug":"iframe","status":"publish","type":"page","link":"https:\/\/elfsight.com\/es\/tiktok-feed-widget\/iframe\/","title":{"rendered":"TikTok Feed &#8211; iFrame"},"content":{"rendered":"<div class=\"application-platform-content-item-description application-platform-content-item\" id=\"description\" data-nav-section=\"description\"> <h2>Incorpore TikTok Feed en iFrame con el widget Elfsight<\/h2> <p>Elfsight TiKTok Feed para iFrame es un widget \u00fanico para comercializar no solo cosas, sino tambi\u00e9n emociones y experiencias. Al usarlo, puede crear un feed personalizado a partir del contenido de TikTok y mostrarlo directamente en su sitio de Internet. \u00a1Construye una galer\u00eda de videos en unos minutos! Ejerza un control absoluto sobre el contenido revelado y elimine el spam y cualquier contenido no deseado mediante la moderaci\u00f3n manual. El configurador en l\u00ednea completamente responsivo le ofrece numerosas plantillas para elegir. <\/p> <p><b>Haga que su sitio sea m\u00e1s eficiente para los objetivos comerciales con la ayuda de TikTok Feed<\/b><\/p> <\/div> <div class=\"application-platform-content-item-features application-platform-content-item\" id=\"features\" data-nav-section=\"features\"> <h2>Estas son solo algunas de las potentes funciones del widget: <\/h2> <ul><li>Cubra el encabezado para que su widget parezca minimalista. <\/li><li>Elimine el spam y el contenido no deseado aplicando el modo de moderaci\u00f3n manual. <\/li><li>Instale el bot\u00f3n Seguir en el feed de herramientas. <\/li><li>Haz que tus publicaciones se vean en una ventana emergente. <\/li><\/ul><p><a href=\"#demo\">Pruebe todas las opciones de personalizaci\u00f3n en una demostraci\u00f3n completamente funcional<\/a><\/p> <\/div> <div class=\"application-platform-content-item-installation application-platform-content-item\" id=\"installation\" data-nav-section=\"installation\"> <h2>\u00bfC\u00f3mo incorporo TikTok Feed en mi sitio web iFrame? <\/h2> <p>Simplemente siga estos pasos que se detallan a continuaci\u00f3n para comenzar a usar el widget. <\/p> <ol><li><b>Utiliza nuestro editor gratuito y comienza a darle forma a tu widget personalizado. <\/b><br> Determine la forma y especificaciones preferidas de la herramienta y guarde las modificaciones. <\/li> <li><b>Copia el c\u00f3digo \u00fanico expuesto en el cuadro de Elfsight Apps. <\/b><br> Inmediatamente despu\u00e9s de crear su widget, copie el c\u00f3digo exclusivo en la ventana que aparece y gu\u00e1rdelo para futuras necesidades. <\/li> <li><b>Inicie el uso de la herramienta en su sitio web iFrame. <\/b><br> A\u00f1ade el c\u00f3digo que has copiado recientemente en tu sitio web y guarda las ediciones. <\/li> <li><b>La configuraci\u00f3n se realiz\u00f3 exitosamente. <\/b><br>Vaya a su p\u00e1gina para comprobar c\u00f3mo funciona la herramienta. <\/li><\/ol> <p>Con la condici\u00f3n de enfrentar preguntas o enfrentar cualquier dificultad, no tenga miedo de postularse para nuestro personal de servicio al cliente. Nuestros asesores estar\u00e1n encantados de resolver todos los problemas que pueda tener con el producto. <\/p> <\/div><div class=\"faq\" data-component=\"FAQ\"><div class=\"faq-item\">\r\n\t\t\t\t\t<div class=\"faq-item-question\">\r\n\t\t\t\t\t\t<h3 class=\"faq-item-question-text\">\u00bfExiste alguna forma de agregar TikTok Feed a mi sitio iFrame sin conocimientos de codificaci\u00f3n?<\/h3>\r\n\r\n\t\t\t\t\t\t<div class=\"faq-item-question-icon\"><\/div>\r\n\t\t\t\t\t<\/div>\r\n\r\n\t\t\t\t\t<div class=\"faq-item-answer\">\r\n\t\t\t\t\t\t<div class=\"faq-item-answer-text\"><p>La empresa Elfsight ofrece una soluci\u00f3n que permite a las personas establecer una secci\u00f3n de TikTok Feed usted mismo. Aprenda las sencillas instrucciones:<\/p><ul><li>Comience a trabajar en el editor en l\u00ednea para establecer la secci\u00f3n de TikTok Feed que desee. aparece en la p\u00e1gina web de iFrame.<\/li><li>Seleccione una de las muchas plantillas predise\u00f1adas y modifique la configuraci\u00f3n de TikTok Feed, incluya su contenido, modifique el dise\u00f1o y los colores sin experiencia en codificaci\u00f3n.<\/li><li>Guarde el TikTok Feed y obtenga el c\u00f3digo para la instalaci\u00f3n, que puede agregarse f\u00e1cilmente en su p\u00e1gina web de iFrame sin comprar una versi\u00f3n paga.<\/li><\/ul><p>Utilizando nuestro Configurador f\u00e1cil de usar, cualquier usuario de Internet puede generar TikTok Feed en l\u00ednea e incrustarlo f\u00e1cilmente en cualquier iFrame. sitio. No es necesario pagar ni enviar los datos de tu tarjeta para acceder al Editor. Si encuentra alg\u00fan problema de cualquier tipo, contin\u00fae y hable con nuestro servicio de atenci\u00f3n al cliente.<\/p><\/div>\r\n\t\t\t\t\t<\/div>\r\n\t\t\t\t<\/div><\/div>","protected":false},"excerpt":{"rendered":"","protected":false},"author":9,"featured_media":0,"parent":2059,"menu_order":0,"comment_status":"closed","ping_status":"closed","template":"templates\/template-application-platform.php","meta":{"publish_to_discourse":"","publish_post_category":"","wpdc_auto_publish_overridden":"","wpdc_topic_tags":"","wpdc_pin_topic":"","wpdc_pin_until":"","discourse_post_id":"","discourse_permalink":"","wpdc_publishing_response":"","wpdc_publishing_error":"","footnotes":""},"class_list":["post-5794","page","type-page","status-publish","hentry"],"yoast_head":"<!-- This site is optimized with the Yoast SEO plugin v25.3.1 - https:\/\/yoast.com\/wordpress\/plugins\/seo\/ -->\n<title>Agregue el widget TikTok Feed al sitio web iFrame (r\u00e1pido y gratuito)<\/title>\n<meta name=\"description\" content=\"Agregue un widget iFrame TikTok Feed compatible con dispositivos m\u00f3viles en su sitio web. Pruebe la pr\u00e1ctica demostraci\u00f3n de Elfsight y genere su widget TikTok exclusivo.\" \/>\n<meta name=\"robots\" content=\"index, follow, max-snippet:-1, max-image-preview:large, max-video-preview:-1\" \/>\n<link rel=\"canonical\" href=\"https:\/\/elfsight.com\/es\/tiktok-feed-widget\/iframe\/\" \/>\n<meta property=\"og:locale\" content=\"es_ES\" \/>\n<meta property=\"og:type\" content=\"article\" \/>\n<meta property=\"og:title\" content=\"Agregue el widget TikTok Feed al sitio web iFrame (r\u00e1pido y gratuito)\" \/>\n<meta property=\"og:description\" content=\"Agregue un widget iFrame TikTok Feed compatible con dispositivos m\u00f3viles en su sitio web. Pruebe la pr\u00e1ctica demostraci\u00f3n de Elfsight y genere su widget TikTok exclusivo.\" \/>\n<meta property=\"og:url\" content=\"https:\/\/elfsight.com\/es\/tiktok-feed-widget\/iframe\/\" \/>\n<meta property=\"og:site_name\" content=\"Elfsight ES\" \/>\n<meta property=\"article:modified_time\" content=\"2025-02-06T16:10:40+00:00\" \/>\n<meta name=\"twitter:card\" content=\"summary_large_image\" \/>\n<meta name=\"twitter:label1\" content=\"Tiempo de lectura\" \/>\n\t<meta name=\"twitter:data1\" content=\"3 minutos\" \/>\n<!-- \/ Yoast SEO plugin. -->","yoast_head_json":{"title":"Agregue el widget TikTok Feed al sitio web iFrame (r\u00e1pido y gratuito)","description":"Agregue un widget iFrame TikTok Feed compatible con dispositivos m\u00f3viles en su sitio web. Pruebe la pr\u00e1ctica demostraci\u00f3n de Elfsight y genere su widget TikTok exclusivo.","robots":{"index":"index","follow":"follow","max-snippet":"max-snippet:-1","max-image-preview":"max-image-preview:large","max-video-preview":"max-video-preview:-1"},"canonical":"https:\/\/elfsight.com\/es\/tiktok-feed-widget\/iframe\/","og_locale":"es_ES","og_type":"article","og_title":"Agregue el widget TikTok Feed al sitio web iFrame (r\u00e1pido y gratuito)","og_description":"Agregue un widget iFrame TikTok Feed compatible con dispositivos m\u00f3viles en su sitio web. Pruebe la pr\u00e1ctica demostraci\u00f3n de Elfsight y genere su widget TikTok exclusivo.","og_url":"https:\/\/elfsight.com\/es\/tiktok-feed-widget\/iframe\/","og_site_name":"Elfsight ES","article_modified_time":"2025-02-06T16:10:40+00:00","twitter_card":"summary_large_image","twitter_misc":{"Tiempo de lectura":"3 minutos"},"schema":{"@context":"https:\/\/schema.org","@graph":[{"@type":"WebPage","@id":"https:\/\/elfsight.com\/es\/tiktok-feed-widget\/iframe\/","url":"https:\/\/elfsight.com\/es\/tiktok-feed-widget\/iframe\/","name":"Agregue el widget TikTok Feed al sitio web iFrame (r\u00e1pido y gratuito)","isPartOf":{"@id":"https:\/\/elfsight.com\/es\/#website"},"datePublished":"1970-01-01T00:00:00+00:00","dateModified":"2025-02-06T16:10:40+00:00","description":"Agregue un widget iFrame TikTok Feed compatible con dispositivos m\u00f3viles en su sitio web. Pruebe la pr\u00e1ctica demostraci\u00f3n de Elfsight y genere su widget TikTok exclusivo.","breadcrumb":{"@id":"https:\/\/elfsight.com\/es\/tiktok-feed-widget\/iframe\/#breadcrumb"},"inLanguage":"es","potentialAction":[{"@type":"ReadAction","target":["https:\/\/elfsight.com\/es\/tiktok-feed-widget\/iframe\/"]}]},{"@type":"BreadcrumbList","@id":"https:\/\/elfsight.com\/es\/tiktok-feed-widget\/iframe\/#breadcrumb","itemListElement":[{"@type":"ListItem","position":1,"name":"Home","item":"https:\/\/elfsight.com\/es\/"},{"@type":"ListItem","position":2,"name":"TikTok Feed","item":"https:\/\/elfsight.com\/es\/tiktok-feed-widget\/"},{"@type":"ListItem","position":3,"name":"TikTok Feed &#8211; iFrame"}]},{"@type":"WebSite","@id":"https:\/\/elfsight.com\/es\/#website","url":"https:\/\/elfsight.com\/es\/","name":"Elfsight ES","description":"Just another Elfsight Sites site","potentialAction":[{"@type":"SearchAction","target":{"@type":"EntryPoint","urlTemplate":"https:\/\/elfsight.com\/es\/?s={search_term_string}"},"query-input":{"@type":"PropertyValueSpecification","valueRequired":true,"valueName":"search_term_string"}}],"inLanguage":"es"}]}},"meta_box":{"industry":"","seo_heading":"","heading":"","description":"","cta_heading":"","cta_description":"","application":"2058","h1":"Widget de alimentaci\u00f3n de TikTok de iFrame","h1_caption":"Muestre videos de tiktok de tendencia por hashtag o cuenta, agregando contenido din\u00e1mico y atractivo a su sitio web en su sitio web iFrame sin esfuerzo.","application_category":[],"applications_title":"","applications_request_title":"","applications_request_button_text":"","hero_text":"","hero_video":"","hero_video_schema_markup":"","selling_points_title":"","selling_points_caption":"","selling_points":[],"selling_points_cta_text":"","features_title":"","features":"","ed_cta_examples_text":"","ed_cta_examples_hidden":"","ed_cta_demo_text":"","ed_cta_demo_hidden":"","why_caption":"","why_editor_title":"","why_editor_text":"","why_team_title":"","why_team_text":"","why_service_title":"","why_service_text":"","template_catalog_visible":"","template_catalog_title":"","template_catalog_text":"","template_catalog_categories_visible":"","demo_title":"Crea tu widget de feed de TikTok","demo_caption":"\u00a1Configura tu feed de TikTok y agr\u00e9galo a tu sitio web iFrame gratis!","default_faq_hidden":"","app_template_category":[],"platform":"2192","template_public_id":"","codecanyon_url":"","codecanyon_item_id":"","codecanyon_price":"","pricing_caption":"","pricing_elfsight_apps_hide_column":"","pricing_elfsight_apps_url":"","pricing_codecanyon_price_caption":"","integration_category":[],"integration_request_title":"","integration_request_cta":"","integration_platform":"","integrations":[],"platform_category":[],"video_schema_markup":"","price":"desde $0 \/ mes","trial":"","benefits":[{"text":"Asistencia de instalaci\u00f3n gratuita"},{"text":"Servicio al cliente competente"},{"text":"Garant\u00eda de reembolso de 14 d\u00edas"},{"text":"Futuras mejoras gratuitas"}],"button_url":"#demo","button_target_blank":"","button_nofollow":"","attributes":[{"name":"Instalaciones","content":"10,000 - 100,000"},{"name":"Sensible","content":"S\u00ed"},{"name":"Navegadores compatibles","content":"Firefox, Safari, Opera, Chrome, Edge"}],"tags":[],"tags_disable_links":"","hide_more_platforms":"","video_object":"","demo_hide_cta":"","demo_hide_cloud_options":"","pricing_title":"","pricing":[{"pricing_icon":"platform","pricing_title":"Elfsight Apps","pricing_title_caption":"Soluci\u00f3n digital independiente de plataforma que se adapta a cualquier sitio web","pricing_price":"desde $0 \/ mes","pricing_price_caption":"comienza con un plan gratuito","pricing_benefits":[{"text":"Dominios ilimitados"},{"text":"Soporte gratuito y bien documentado."},{"text":"Servicio de instalaci\u00f3n gratuito"},{"text":"100% personalizable"}],"pricing_button_text":"A\u00f1adir al sitio web","pricing_button_url":"#demo"}],"related_apps_title":"","related_apps_hidden":"","author":"","image":[],"title":"","job":"","social_networks":[]},"_links":{"self":[{"href":"https:\/\/elfsight.com\/es\/wp-json\/wp\/v2\/pages\/5794","targetHints":{"allow":["GET"]}}],"collection":[{"href":"https:\/\/elfsight.com\/es\/wp-json\/wp\/v2\/pages"}],"about":[{"href":"https:\/\/elfsight.com\/es\/wp-json\/wp\/v2\/types\/page"}],"author":[{"embeddable":true,"href":"https:\/\/elfsight.com\/es\/wp-json\/wp\/v2\/users\/9"}],"replies":[{"embeddable":true,"href":"https:\/\/elfsight.com\/es\/wp-json\/wp\/v2\/comments?post=5794"}],"version-history":[{"count":2,"href":"https:\/\/elfsight.com\/es\/wp-json\/wp\/v2\/pages\/5794\/revisions"}],"predecessor-version":[{"id":19317,"href":"https:\/\/elfsight.com\/es\/wp-json\/wp\/v2\/pages\/5794\/revisions\/19317"}],"up":[{"embeddable":true,"href":"https:\/\/elfsight.com\/es\/wp-json\/wp\/v2\/pages\/2059"}],"wp:attachment":[{"href":"https:\/\/elfsight.com\/es\/wp-json\/wp\/v2\/media?parent=5794"}],"curies":[{"name":"wp","href":"https:\/\/api.w.org\/{rel}","templated":true}]}}