{"id":5789,"date":"1970-01-01T00:00:00","date_gmt":"1970-01-01T00:00:00","guid":{"rendered":"https:\/\/elfsight.com\/es\/?page_id=5789"},"modified":"2025-02-06T16:10:40","modified_gmt":"2025-02-06T16:10:40","slug":"html","status":"publish","type":"page","link":"https:\/\/elfsight.com\/es\/tiktok-feed-widget\/html\/","title":{"rendered":"TikTok Feed &#8211; HTML"},"content":{"rendered":"<div class=\"application-platform-content-item-description application-platform-content-item\" id=\"description\" data-nav-section=\"description\"> <h2>Descripci\u00f3n<\/h2> <p>Elfsight TiKTok Feed para HTML es un widget exclusivo para promocionar no solo cosas, sino tambi\u00e9n emociones y experiencias. Al usarlo, puede crear un feed individualizado compuesto por el contenido de TikTok y presentarlo directamente en su sitio de Internet. \u00a1Dise\u00f1a una galer\u00eda de v\u00eddeos en unos pocos clics! Ejerza un control total sobre el contenido demostrado y elimine el spam y cualquier contenido no deseado mediante la moderaci\u00f3n manual. El configurador en l\u00ednea totalmente responsivo le ofrece varias plantillas para elegir. <\/p> <p><b>Con TikTok Feed, observe un s\u00f3lido desarrollo empresarial e impulse las ventas <\/b><\/p> <\/div> <div class=\"application-platform-content-item-features application-platform-content-item\" id=\"features\" data-nav-section=\"features\"> <h2>Las funciones de widget m\u00e1s populares se ofrecen<\/h2> <ul><li>Cubre la secci\u00f3n principal para que tu herramienta luzca minimalista. <\/li><li>Elimine el spam y el contenido no deseado mediante la moderaci\u00f3n manual. <\/li><li>Instale el bot\u00f3n Seguir en las tarjetas de widgets. <\/li><li>Permite que tus publicaciones aparezcan en una ventana emergente. <\/li><\/ul><p><a href=\"#demo\">Puedes sentir lo que ofrece el widget al probar la demostraci\u00f3n<\/a><\/p> <\/div> <div class=\"application-platform-content-item-installation application-platform-content-item\" id=\"installation\" data-nav-section=\"installation\"> <h2>\u00bfC\u00f3mo agrego TikTok Feed a mi sitio web HTML? <\/h2> <p>Simplemente aplique las instrucciones a continuaci\u00f3n para insertar el widget. <\/p> <ol><li><b>Utiliza nuestra demostraci\u00f3n gratuita y comienza a darle forma a tu widget personalizado. <\/b><br> Determine el dise\u00f1o y los par\u00e1metros preferibles del widget y guarde las ediciones. <\/li> <li><b>Copie el c\u00f3digo \u00fanico que se muestra en la ventana de Elfsight Apps. <\/b><br> Una vez finalizada la creaci\u00f3n de su widget personal, copie el c\u00f3digo exclusivo de la ventana emergente que aparece y gu\u00e1rdelo para futuras necesidades. <\/li> <li><b>Inicie el uso del widget en su sitio web HTML. <\/b><br>Incrusta el c\u00f3digo que has guardado recientemente en tu sitio web y guarda las modificaciones. <\/li> <li><b>La instalaci\u00f3n est\u00e1 completamente realizada. <\/b><br>Visite su sitio para observar c\u00f3mo funciona el widget. <\/li><\/ol> <p>En caso de que encuentre algunas complicaciones, no dude en contactar con nuestro personal de atenci\u00f3n al cliente. Nuestra gente estar\u00e1 encantada de resolver todas las dificultades que puedas tener con la herramienta. <\/p> <\/div><div class=\"faq\" data-component=\"FAQ\"><div class=\"faq-item\">\r\n\t\t\t\t\t<div class=\"faq-item-question\">\r\n\t\t\t\t\t\t<h3 class=\"faq-item-question-text\">\u00bfDe qu\u00e9 manera puedo agregar TikTok Feed a mi p\u00e1gina de inicio HTML sin conocimientos de codificaci\u00f3n?<\/h3>\r\n\r\n\t\t\t\t\t\t<div class=\"faq-item-question-icon\"><\/div>\r\n\t\t\t\t\t<\/div>\r\n\r\n\t\t\t\t\t<div class=\"faq-item-answer\">\r\n\t\t\t\t\t\t<div class=\"faq-item-answer-text\"><p>La empresa Elfsight presenta una soluci\u00f3n en la nube que permite a los usuarios crear un complemento de TikTok Feed usted mismo. Descubra lo f\u00e1cil que es:<\/p><ul><li>Comience a trabajar directamente en la demostraci\u00f3n en vivo para crear un widget de TikTok Feed que le gustar\u00eda que aparezca. en el sitio HTML.<\/li><li>Seleccione una de las plantillas predise\u00f1adas y ajuste la configuraci\u00f3n de TikTok Feed, modifique el dise\u00f1o y el color de los elementos, incluya su contenido sin conocimientos de codificaci\u00f3n.<\/li><li>Haga clic para guardar la configuraci\u00f3n que ha realizado en TikTok Feed y copie el c\u00f3digo de instalaci\u00f3n del complemento, que puede incluirse f\u00e1cilmente en su p\u00e1gina web HTML sin necesidad de comprar una versi\u00f3n paga.<\/li><\/ul><p>Con el Configurador intuitivo, cualquier usuario de Internet puede crear TikTok Feed e incluirlo f\u00e1cilmente en la web HTML. p\u00e1gina. No debes pagar ni ingresar las credenciales de tu tarjeta para ingresar a nuestro servicio. Si tiene alg\u00fan problema de cualquier tipo, contin\u00fae y p\u00f3ngase en contacto con nuestro equipo de soporte.<\/p><\/div>\r\n\t\t\t\t\t<\/div>\r\n\t\t\t\t<\/div><\/div>","protected":false},"excerpt":{"rendered":"","protected":false},"author":9,"featured_media":0,"parent":2059,"menu_order":0,"comment_status":"closed","ping_status":"closed","template":"templates\/template-application-platform.php","meta":{"publish_to_discourse":"","publish_post_category":"","wpdc_auto_publish_overridden":"","wpdc_topic_tags":"","wpdc_pin_topic":"","wpdc_pin_until":"","discourse_post_id":"","discourse_permalink":"","wpdc_publishing_response":"","wpdc_publishing_error":"","footnotes":""},"class_list":["post-5789","page","type-page","status-publish","hentry"],"yoast_head":"<!-- This site is optimized with the Yoast SEO plugin v25.3.1 - https:\/\/yoast.com\/wordpress\/plugins\/seo\/ -->\n<title>Agregue el widget TikTok Feed al sitio web HTML (r\u00e1pido y gratuito)<\/title>\n<meta name=\"description\" content=\"Agregue un widget HTML TikTok Feed compatible con dispositivos m\u00f3viles en su sitio web. Utilice la pr\u00e1ctica demostraci\u00f3n de Elfsight y modifique su widget exclusivo de TikTok en unos minutos\" \/>\n<meta name=\"robots\" content=\"index, follow, max-snippet:-1, max-image-preview:large, max-video-preview:-1\" \/>\n<link rel=\"canonical\" href=\"https:\/\/elfsight.com\/es\/tiktok-feed-widget\/html\/\" \/>\n<meta property=\"og:locale\" content=\"es_ES\" \/>\n<meta property=\"og:type\" content=\"article\" \/>\n<meta property=\"og:title\" content=\"Agregue el widget TikTok Feed al sitio web HTML (r\u00e1pido y gratuito)\" \/>\n<meta property=\"og:description\" content=\"Agregue un widget HTML TikTok Feed compatible con dispositivos m\u00f3viles en su sitio web. Utilice la pr\u00e1ctica demostraci\u00f3n de Elfsight y modifique su widget exclusivo de TikTok en unos minutos\" \/>\n<meta property=\"og:url\" content=\"https:\/\/elfsight.com\/es\/tiktok-feed-widget\/html\/\" \/>\n<meta property=\"og:site_name\" content=\"Elfsight ES\" \/>\n<meta property=\"article:modified_time\" content=\"2025-02-06T16:10:40+00:00\" \/>\n<meta name=\"twitter:card\" content=\"summary_large_image\" \/>\n<meta name=\"twitter:label1\" content=\"Tiempo de lectura\" \/>\n\t<meta name=\"twitter:data1\" content=\"3 minutos\" \/>\n<!-- \/ Yoast SEO plugin. -->","yoast_head_json":{"title":"Agregue el widget TikTok Feed al sitio web HTML (r\u00e1pido y gratuito)","description":"Agregue un widget HTML TikTok Feed compatible con dispositivos m\u00f3viles en su sitio web. Utilice la pr\u00e1ctica demostraci\u00f3n de Elfsight y modifique su widget exclusivo de TikTok en unos minutos","robots":{"index":"index","follow":"follow","max-snippet":"max-snippet:-1","max-image-preview":"max-image-preview:large","max-video-preview":"max-video-preview:-1"},"canonical":"https:\/\/elfsight.com\/es\/tiktok-feed-widget\/html\/","og_locale":"es_ES","og_type":"article","og_title":"Agregue el widget TikTok Feed al sitio web HTML (r\u00e1pido y gratuito)","og_description":"Agregue un widget HTML TikTok Feed compatible con dispositivos m\u00f3viles en su sitio web. Utilice la pr\u00e1ctica demostraci\u00f3n de Elfsight y modifique su widget exclusivo de TikTok en unos minutos","og_url":"https:\/\/elfsight.com\/es\/tiktok-feed-widget\/html\/","og_site_name":"Elfsight ES","article_modified_time":"2025-02-06T16:10:40+00:00","twitter_card":"summary_large_image","twitter_misc":{"Tiempo de lectura":"3 minutos"},"schema":{"@context":"https:\/\/schema.org","@graph":[{"@type":"WebPage","@id":"https:\/\/elfsight.com\/es\/tiktok-feed-widget\/html\/","url":"https:\/\/elfsight.com\/es\/tiktok-feed-widget\/html\/","name":"Agregue el widget TikTok Feed al sitio web HTML (r\u00e1pido y gratuito)","isPartOf":{"@id":"https:\/\/elfsight.com\/es\/#website"},"datePublished":"1970-01-01T00:00:00+00:00","dateModified":"2025-02-06T16:10:40+00:00","description":"Agregue un widget HTML TikTok Feed compatible con dispositivos m\u00f3viles en su sitio web. Utilice la pr\u00e1ctica demostraci\u00f3n de Elfsight y modifique su widget exclusivo de TikTok en unos minutos","breadcrumb":{"@id":"https:\/\/elfsight.com\/es\/tiktok-feed-widget\/html\/#breadcrumb"},"inLanguage":"es","potentialAction":[{"@type":"ReadAction","target":["https:\/\/elfsight.com\/es\/tiktok-feed-widget\/html\/"]}]},{"@type":"BreadcrumbList","@id":"https:\/\/elfsight.com\/es\/tiktok-feed-widget\/html\/#breadcrumb","itemListElement":[{"@type":"ListItem","position":1,"name":"Home","item":"https:\/\/elfsight.com\/es\/"},{"@type":"ListItem","position":2,"name":"TikTok Feed","item":"https:\/\/elfsight.com\/es\/tiktok-feed-widget\/"},{"@type":"ListItem","position":3,"name":"TikTok Feed &#8211; HTML"}]},{"@type":"WebSite","@id":"https:\/\/elfsight.com\/es\/#website","url":"https:\/\/elfsight.com\/es\/","name":"Elfsight ES","description":"Just another Elfsight Sites site","potentialAction":[{"@type":"SearchAction","target":{"@type":"EntryPoint","urlTemplate":"https:\/\/elfsight.com\/es\/?s={search_term_string}"},"query-input":{"@type":"PropertyValueSpecification","valueRequired":true,"valueName":"search_term_string"}}],"inLanguage":"es"}]}},"meta_box":{"industry":"","seo_heading":"","heading":"","description":"","cta_heading":"","cta_description":"","application":"2058","h1":"Widget de alimentaci\u00f3n HTML de TikTok","h1_caption":"Muestre videos de tiktok de tendencia por hashtag o cuenta, agregando contenido din\u00e1mico y atractivo a su sitio web en su sitio web HTML sin esfuerzo.","application_category":[],"applications_title":"","applications_request_title":"","applications_request_button_text":"","hero_text":"","hero_video":"","hero_video_schema_markup":"","selling_points_title":"","selling_points_caption":"","selling_points":[],"selling_points_cta_text":"","features_title":"","features":"","ed_cta_examples_text":"","ed_cta_examples_hidden":"","ed_cta_demo_text":"","ed_cta_demo_hidden":"","why_caption":"","why_editor_title":"","why_editor_text":"","why_team_title":"","why_team_text":"","why_service_title":"","why_service_text":"","template_catalog_visible":"","template_catalog_title":"","template_catalog_text":"","template_catalog_categories_visible":"","demo_title":"Crea tu widget de feed de TikTok","demo_caption":"\u00a1Configure su feed de TikTok y agr\u00e9guelo a su sitio web HTML de forma gratuita!","default_faq_hidden":"","app_template_category":[],"platform":"70","template_public_id":"","codecanyon_url":"","codecanyon_item_id":"","codecanyon_price":"","pricing_caption":"","pricing_elfsight_apps_hide_column":"","pricing_elfsight_apps_url":"","pricing_codecanyon_price_caption":"","integration_category":[],"integration_request_title":"","integration_request_cta":"","integration_platform":"","integrations":[],"platform_category":[],"video_schema_markup":"","price":"desde $0 \/ mes","trial":"","benefits":[{"text":"Ayuda de instalaci\u00f3n gratuita"},{"text":"Soporte premium"},{"text":"Garant\u00eda de devoluci\u00f3n de dinero de 14 d\u00edas"},{"text":"Desarrollo continuo"}],"button_url":"#demo","button_target_blank":"","button_nofollow":"","attributes":[{"name":"Instalaciones","content":"10,000 - 100,000"},{"name":"Sensible","content":"S\u00ed"},{"name":"Navegadores compatibles","content":"Firefox, Safari, Opera, Chrome, Edge"}],"tags":[],"tags_disable_links":"","hide_more_platforms":"","video_object":"","demo_hide_cta":"","demo_hide_cloud_options":"","pricing_title":"","pricing":[{"pricing_icon":"platform","pricing_title":"Elfsight Apps","pricing_title_caption":"Soluci\u00f3n multiplataforma que funciona en cualquier sitio web","pricing_price":"desde $0 \/ mes","pricing_price_caption":"comienza con un plan gratuito","pricing_benefits":[{"text":"Sitios web ilimitados"},{"text":"Atenci\u00f3n al cliente dedicada"},{"text":"Soporte de instalaci\u00f3n gratuito"},{"text":"Totalmente personalizable"}],"pricing_button_text":"A\u00f1adir al sitio web","pricing_button_url":"#demo"}],"related_apps_title":"","related_apps_hidden":"","author":"","image":[],"title":"","job":"","social_networks":[]},"_links":{"self":[{"href":"https:\/\/elfsight.com\/es\/wp-json\/wp\/v2\/pages\/5789","targetHints":{"allow":["GET"]}}],"collection":[{"href":"https:\/\/elfsight.com\/es\/wp-json\/wp\/v2\/pages"}],"about":[{"href":"https:\/\/elfsight.com\/es\/wp-json\/wp\/v2\/types\/page"}],"author":[{"embeddable":true,"href":"https:\/\/elfsight.com\/es\/wp-json\/wp\/v2\/users\/9"}],"replies":[{"embeddable":true,"href":"https:\/\/elfsight.com\/es\/wp-json\/wp\/v2\/comments?post=5789"}],"version-history":[{"count":2,"href":"https:\/\/elfsight.com\/es\/wp-json\/wp\/v2\/pages\/5789\/revisions"}],"predecessor-version":[{"id":19318,"href":"https:\/\/elfsight.com\/es\/wp-json\/wp\/v2\/pages\/5789\/revisions\/19318"}],"up":[{"embeddable":true,"href":"https:\/\/elfsight.com\/es\/wp-json\/wp\/v2\/pages\/2059"}],"wp:attachment":[{"href":"https:\/\/elfsight.com\/es\/wp-json\/wp\/v2\/media?parent=5789"}],"curies":[{"name":"wp","href":"https:\/\/api.w.org\/{rel}","templated":true}]}}