{"id":5787,"date":"1970-01-01T00:00:00","date_gmt":"1970-01-01T00:00:00","guid":{"rendered":"https:\/\/elfsight.com\/es\/?page_id=5787"},"modified":"2025-02-06T16:10:48","modified_gmt":"2025-02-06T16:10:48","slug":"godaddy","status":"publish","type":"page","link":"https:\/\/elfsight.com\/es\/tiktok-feed-widget\/godaddy\/","title":{"rendered":"TikTok Feed &#8211; GoDaddy"},"content":{"rendered":"<div class=\"application-platform-content-item-description application-platform-content-item\" id=\"description\" data-nav-section=\"description\"> <h2>Incorpore TikTok Feed en GoDaddy con el widget Elfsight<\/h2> <p>Elfsight TiKTok Feed es un complemento especial para promover no solo cosas, sino tambi\u00e9n emociones y experiencias. Al usarlo, puedes crear un feed individualizado compuesto por tu contenido de TikTok y mostrarlo directamente en tu sitio. \u00a1Crea una galer\u00eda de videos en unos minutos! Ejerza el control total sobre el contenido revelado y elimine el spam y cualquier contenido no deseado con moderaci\u00f3n manual. El configurador en l\u00ednea totalmente responsivo le ofrece muchas plantillas para elegir. <\/p> <p><b>Con TikTok Feed, observe un s\u00f3lido desarrollo empresarial y mejores ventas <\/b><\/p> <\/div> <div class=\"application-platform-content-item-features application-platform-content-item\" id=\"features\" data-nav-section=\"features\"> <h2>Consulte la lista de las funciones m\u00e1s potentes: <\/h2> <ul><li>Oculte el encabezado para que su herramienta parezca minimalista. <\/li><li>Elimine el spam y el contenido no deseado con moderaci\u00f3n manual. <\/li><li>Coloque el bot\u00f3n Seguir en el avance de la herramienta. <\/li><li>Haz que tus publicaciones aparezcan en una ventana emergente. <\/li><\/ul><p><a href=\"#demo\">Puedes ver cu\u00e1nto vale el complemento usando la demostraci\u00f3n<\/a><\/p> <\/div> <div class=\"application-platform-content-item-installation application-platform-content-item\" id=\"installation\" data-nav-section=\"installation\"> <h2>\u00bfC\u00f3mo puedo agregar TikTok Feed a mi sitio web de GoDaddy? <\/h2> <p>Simplemente siga los siguientes pasos que se presentan a continuaci\u00f3n para integrar la herramienta. <\/p> <ol><li><b>Utiliza nuestro configurador gratuito y comienza a crear tu instrumento personalizado. <\/b><br>Determinar la interfaz seleccionada y las caracter\u00edsticas de la herramienta y aplicar las correcciones. <\/li> <li><b>Reciba el c\u00f3digo \u00fanico que se muestra en la ventana de Elfsight Apps. <\/b><br> Inmediatamente despu\u00e9s de completar la configuraci\u00f3n de su complemento, copie el c\u00f3digo individual en el cuadro que aparece y gu\u00e1rdelo para futuras ocasiones. <\/li> <li><b>Ingrese al uso de la herramienta en la p\u00e1gina de inicio de GoDaddy. <\/b><br>Coloca el c\u00f3digo que has guardado antes en tu p\u00e1gina y aplica las modificaciones. <\/li> <li><b>La instalaci\u00f3n ha finalizado por completo. <\/b><br> Vaya a su p\u00e1gina para examinar c\u00f3mo funciona el complemento. <\/li><\/ol> <p>En caso de que tengas algunas dificultades, no dudes en escribir a nuestro personal de soporte. Nuestros consultores est\u00e1n ansiosos por ayudarle con todas las dificultades que pueda tener con el complemento. <\/p> <\/div><div class=\"faq\" data-component=\"FAQ\"><div class=\"faq-item\">\r\n\t\t\t\t\t<div class=\"faq-item-question\">\r\n\t\t\t\t\t\t<h3 class=\"faq-item-question-text\">\u00bfHay alguna forma de agregar TikTok Feed a mi p\u00e1gina de inicio de GoDaddy sin conocimientos de codificaci\u00f3n?<\/h3>\r\n\r\n\t\t\t\t\t\t<div class=\"faq-item-question-icon\"><\/div>\r\n\t\t\t\t\t<\/div>\r\n\r\n\t\t\t\t\t<div class=\"faq-item-answer\">\r\n\t\t\t\t\t\t<div class=\"faq-item-answer-text\"><p>La empresa Elfsight ofrece una soluci\u00f3n que le permite generar una aplicaci\u00f3n TikTok Feed usted mismo. Vea lo sencillo que es:<\/p><ul><li>Comience a trabajar en el editor en l\u00ednea para crear un complemento de TikTok Feed que le gustar\u00eda integrar. tu GoDaddy.<\/li><li>Elige una de las plantillas ya preparadas y modifica la configuraci\u00f3n de TikTok Feed, actualiza tu contenido, modifica el dise\u00f1o y los colores sin conocimientos de codificaci\u00f3n.<\/li><li>Guarda el TikTok Feed y obt\u00e9n el c\u00f3digo de instalaci\u00f3n del widget, que puedes incluir f\u00e1cilmente en cualquier sitio de GoDaddy de forma gratuita.<\/li><\/ul><p>Con nuestro Configurador f\u00e1cil de usar, cada usuario de Internet puede generar la aplicaci\u00f3n TikTok Feed e incluirla en su p\u00e1gina de inicio de GoDaddy. No debe obtener una suscripci\u00f3n paga ni revelar las credenciales de su tarjeta para acceder al servicio. Si enfrenta alg\u00fan obst\u00e1culo en alg\u00fan paso, contin\u00fae y comun\u00edquese con nuestro servicio de atenci\u00f3n al cliente.<\/p><\/div>\r\n\t\t\t\t\t<\/div>\r\n\t\t\t\t<\/div><\/div>","protected":false},"excerpt":{"rendered":"","protected":false},"author":9,"featured_media":0,"parent":2059,"menu_order":0,"comment_status":"closed","ping_status":"closed","template":"templates\/template-application-platform.php","meta":{"publish_to_discourse":"","publish_post_category":"","wpdc_auto_publish_overridden":"","wpdc_topic_tags":"","wpdc_pin_topic":"","wpdc_pin_until":"","discourse_post_id":"","discourse_permalink":"","wpdc_publishing_response":"","wpdc_publishing_error":"","footnotes":""},"class_list":["post-5787","page","type-page","status-publish","hentry"],"yoast_head":"<!-- This site is optimized with the Yoast SEO plugin v25.3.1 - https:\/\/yoast.com\/wordpress\/plugins\/seo\/ -->\n<title>Feed de TikTok: \u00a1agregue el complemento Feed de TikTok al sitio web de GoDaddy!<\/title>\n<meta name=\"description\" content=\"Incruste un complemento GoDaddy TikTok Feed responsivo en su sitio GoDaddy. Pruebe la demostraci\u00f3n de Elfsight y cree su elegante aplicaci\u00f3n TikTok con unos pocos clics\" \/>\n<meta name=\"robots\" content=\"index, follow, max-snippet:-1, max-image-preview:large, max-video-preview:-1\" \/>\n<link rel=\"canonical\" href=\"https:\/\/elfsight.com\/es\/tiktok-feed-widget\/godaddy\/\" \/>\n<meta property=\"og:locale\" content=\"es_ES\" \/>\n<meta property=\"og:type\" content=\"article\" \/>\n<meta property=\"og:title\" content=\"Feed de TikTok: \u00a1agregue el complemento Feed de TikTok al sitio web de GoDaddy!\" \/>\n<meta property=\"og:description\" content=\"Incruste un complemento GoDaddy TikTok Feed responsivo en su sitio GoDaddy. Pruebe la demostraci\u00f3n de Elfsight y cree su elegante aplicaci\u00f3n TikTok con unos pocos clics\" \/>\n<meta property=\"og:url\" content=\"https:\/\/elfsight.com\/es\/tiktok-feed-widget\/godaddy\/\" \/>\n<meta property=\"og:site_name\" content=\"Elfsight ES\" \/>\n<meta property=\"article:modified_time\" content=\"2025-02-06T16:10:48+00:00\" \/>\n<meta name=\"twitter:card\" content=\"summary_large_image\" \/>\n<meta name=\"twitter:label1\" content=\"Tiempo de lectura\" \/>\n\t<meta name=\"twitter:data1\" content=\"3 minutos\" \/>\n<!-- \/ Yoast SEO plugin. -->","yoast_head_json":{"title":"Feed de TikTok: \u00a1agregue el complemento Feed de TikTok al sitio web de GoDaddy!","description":"Incruste un complemento GoDaddy TikTok Feed responsivo en su sitio GoDaddy. Pruebe la demostraci\u00f3n de Elfsight y cree su elegante aplicaci\u00f3n TikTok con unos pocos clics","robots":{"index":"index","follow":"follow","max-snippet":"max-snippet:-1","max-image-preview":"max-image-preview:large","max-video-preview":"max-video-preview:-1"},"canonical":"https:\/\/elfsight.com\/es\/tiktok-feed-widget\/godaddy\/","og_locale":"es_ES","og_type":"article","og_title":"Feed de TikTok: \u00a1agregue el complemento Feed de TikTok al sitio web de GoDaddy!","og_description":"Incruste un complemento GoDaddy TikTok Feed responsivo en su sitio GoDaddy. Pruebe la demostraci\u00f3n de Elfsight y cree su elegante aplicaci\u00f3n TikTok con unos pocos clics","og_url":"https:\/\/elfsight.com\/es\/tiktok-feed-widget\/godaddy\/","og_site_name":"Elfsight ES","article_modified_time":"2025-02-06T16:10:48+00:00","twitter_card":"summary_large_image","twitter_misc":{"Tiempo de lectura":"3 minutos"},"schema":{"@context":"https:\/\/schema.org","@graph":[{"@type":"WebPage","@id":"https:\/\/elfsight.com\/es\/tiktok-feed-widget\/godaddy\/","url":"https:\/\/elfsight.com\/es\/tiktok-feed-widget\/godaddy\/","name":"Feed de TikTok: \u00a1agregue el complemento Feed de TikTok al sitio web de GoDaddy!","isPartOf":{"@id":"https:\/\/elfsight.com\/es\/#website"},"datePublished":"1970-01-01T00:00:00+00:00","dateModified":"2025-02-06T16:10:48+00:00","description":"Incruste un complemento GoDaddy TikTok Feed responsivo en su sitio GoDaddy. Pruebe la demostraci\u00f3n de Elfsight y cree su elegante aplicaci\u00f3n TikTok con unos pocos clics","breadcrumb":{"@id":"https:\/\/elfsight.com\/es\/tiktok-feed-widget\/godaddy\/#breadcrumb"},"inLanguage":"es","potentialAction":[{"@type":"ReadAction","target":["https:\/\/elfsight.com\/es\/tiktok-feed-widget\/godaddy\/"]}]},{"@type":"BreadcrumbList","@id":"https:\/\/elfsight.com\/es\/tiktok-feed-widget\/godaddy\/#breadcrumb","itemListElement":[{"@type":"ListItem","position":1,"name":"Home","item":"https:\/\/elfsight.com\/es\/"},{"@type":"ListItem","position":2,"name":"TikTok Feed","item":"https:\/\/elfsight.com\/es\/tiktok-feed-widget\/"},{"@type":"ListItem","position":3,"name":"TikTok Feed &#8211; GoDaddy"}]},{"@type":"WebSite","@id":"https:\/\/elfsight.com\/es\/#website","url":"https:\/\/elfsight.com\/es\/","name":"Elfsight ES","description":"Just another Elfsight Sites site","potentialAction":[{"@type":"SearchAction","target":{"@type":"EntryPoint","urlTemplate":"https:\/\/elfsight.com\/es\/?s={search_term_string}"},"query-input":{"@type":"PropertyValueSpecification","valueRequired":true,"valueName":"search_term_string"}}],"inLanguage":"es"}]}},"meta_box":{"industry":"","seo_heading":"","heading":"","description":"","cta_heading":"","cta_description":"","application":"2058","h1":"Complemento GoDaddy TikTok Feed","h1_caption":"Muestre videos de tiktok de tendencia por hashtag o cuenta, agregando contenido din\u00e1mico y atractivo a su sitio web en su sitio web de GoDaddy sin esfuerzo.","application_category":[],"applications_title":"","applications_request_title":"","applications_request_button_text":"","hero_text":"","hero_video":"","hero_video_schema_markup":"","selling_points_title":"","selling_points_caption":"","selling_points":[],"selling_points_cta_text":"","features_title":"","features":"","ed_cta_examples_text":"","ed_cta_examples_hidden":"","ed_cta_demo_text":"","ed_cta_demo_hidden":"","why_caption":"","why_editor_title":"","why_editor_text":"","why_team_title":"","why_team_text":"","why_service_title":"","why_service_text":"","template_catalog_visible":"","template_catalog_title":"","template_catalog_text":"","template_catalog_categories_visible":"","demo_title":"Crea tu complemento TikTok Feed","demo_caption":"\u00a1Configura tu feed de TikTok y agr\u00e9galo a tu sitio web de GoDaddy gratis!","default_faq_hidden":"","app_template_category":[],"platform":"2183","template_public_id":"","codecanyon_url":"","codecanyon_item_id":"","codecanyon_price":"","pricing_caption":"","pricing_elfsight_apps_hide_column":"","pricing_elfsight_apps_url":"","pricing_codecanyon_price_caption":"","integration_category":[],"integration_request_title":"","integration_request_cta":"","integration_platform":"","integrations":[],"platform_category":[],"video_schema_markup":"","price":"desde $0 \/ mes","trial":"","benefits":[{"text":"Asistencia de instalaci\u00f3n gratuita"},{"text":"Servicio al cliente competente"},{"text":"Garant\u00eda de reembolso de 14 d\u00edas"},{"text":"Actualizaciones gratuitas continuas"}],"button_url":"#demo","button_target_blank":"","button_nofollow":"","attributes":[{"name":"Instalaciones","content":"10,000 - 100,000"},{"name":"Sensible","content":"S\u00ed"},{"name":"Navegadores compatibles","content":"IE11, Firefox, Safari, Opera, Chrome, Edge"}],"tags":[],"tags_disable_links":"","hide_more_platforms":"","video_object":"","demo_hide_cta":"","demo_hide_cloud_options":"","pricing_title":"","pricing":[{"pricing_icon":"platform","pricing_title":"Elfsight Apps","pricing_title_caption":"Software multiplataforma","pricing_price":"desde $0 \/ mes","pricing_price_caption":"comienza con el plan gratuito","pricing_benefits":[{"text":"Dominios ilimitados"},{"text":"Soporte premium, puntual y bien documentado."},{"text":"Asistencia de instalaci\u00f3n gratuita"},{"text":"Totalmente personalizable"}],"pricing_button_text":"A\u00f1adir al sitio web","pricing_button_url":"#demo"}],"related_apps_title":"","related_apps_hidden":"","author":"","image":[],"title":"","job":"","social_networks":[]},"_links":{"self":[{"href":"https:\/\/elfsight.com\/es\/wp-json\/wp\/v2\/pages\/5787","targetHints":{"allow":["GET"]}}],"collection":[{"href":"https:\/\/elfsight.com\/es\/wp-json\/wp\/v2\/pages"}],"about":[{"href":"https:\/\/elfsight.com\/es\/wp-json\/wp\/v2\/types\/page"}],"author":[{"embeddable":true,"href":"https:\/\/elfsight.com\/es\/wp-json\/wp\/v2\/users\/9"}],"replies":[{"embeddable":true,"href":"https:\/\/elfsight.com\/es\/wp-json\/wp\/v2\/comments?post=5787"}],"version-history":[{"count":2,"href":"https:\/\/elfsight.com\/es\/wp-json\/wp\/v2\/pages\/5787\/revisions"}],"predecessor-version":[{"id":19320,"href":"https:\/\/elfsight.com\/es\/wp-json\/wp\/v2\/pages\/5787\/revisions\/19320"}],"up":[{"embeddable":true,"href":"https:\/\/elfsight.com\/es\/wp-json\/wp\/v2\/pages\/2059"}],"wp:attachment":[{"href":"https:\/\/elfsight.com\/es\/wp-json\/wp\/v2\/media?parent=5787"}],"curies":[{"name":"wp","href":"https:\/\/api.w.org\/{rel}","templated":true}]}}