{"id":5786,"date":"1970-01-01T00:00:00","date_gmt":"1970-01-01T00:00:00","guid":{"rendered":"https:\/\/elfsight.com\/es\/?page_id=5786"},"modified":"2025-02-06T16:10:48","modified_gmt":"2025-02-06T16:10:48","slug":"facebook","status":"publish","type":"page","link":"https:\/\/elfsight.com\/es\/tiktok-feed-widget\/facebook\/","title":{"rendered":"TikTok Feed &#8211; Facebook Page"},"content":{"rendered":"<div class=\"application-platform-content-item-description application-platform-content-item\" id=\"description\" data-nav-section=\"description\"> <h2>Descripci\u00f3n<\/h2> <p>Elfsight TiKTok Feed para la p\u00e1gina de Facebook es un widget para vender no solo art\u00edculos, sino tambi\u00e9n emociones y experiencias. Al usarlo, puede crear un feed individual a partir del contenido de TikTok y mostrarlo directamente en su sitio web. \u00a1Crea una galer\u00eda de v\u00eddeos con unos pocos clics! Disfrute del control total sobre el contenido demostrado y elimine el spam y cualquier contenido no deseado con moderaci\u00f3n manual. El editor en l\u00ednea totalmente responsivo le ofrece diversas plantillas para elegir. <\/p> <p><b>Con TikTok Feed, logre un s\u00f3lido desarrollo comercial y aumente las ventas <\/b><\/p> <\/div> <div class=\"application-platform-content-item-features application-platform-content-item\" id=\"features\" data-nav-section=\"features\"> <h2>Estas son las caracter\u00edsticas centrales del widget: <\/h2> <ul><li>Oculte la secci\u00f3n principal para que su widget parezca minimalista. <\/li><li>Elimine el spam y el contenido no deseado mediante moderaci\u00f3n manual. <\/li><li>Coloque el bot\u00f3n Seguir en las tarjetas de herramientas. <\/li><li>Haz que tus publicaciones aparezcan en una ventana emergente. <\/li><\/ul><p><a href=\"#demo\">Pruebe esta demostraci\u00f3n para ver c\u00f3mo funciona<\/a><\/p> <\/div> <div class=\"application-platform-content-item-installation application-platform-content-item\" id=\"installation\" data-nav-section=\"installation\"> <h2>\u00bfC\u00f3mo insertar TikTok Feed en el sitio de mi p\u00e1gina de Facebook? <\/h2> <p>Simplemente siga las instrucciones a continuaci\u00f3n para insertar la herramienta. <\/p> <ol><li><b>Inicie nuestro editor gratuito y comience a darle forma a su propio widget. <\/b><br> Determine el dise\u00f1o y los par\u00e1metros preferidos del widget y aplique las ediciones. <\/li> <li><b>Copia tu c\u00f3digo personal que se muestra en el formulario especial de Elfsight Apps. <\/b><br> Cuando finalice la personalizaci\u00f3n de su widget, copie el c\u00f3digo personal en la ventana que aparece y gu\u00e1rdelo para futuras necesidades. <\/li> <li><b>Comience a usar el widget en el sitio web de la p\u00e1gina de Facebook. <\/b><br> Pega el c\u00f3digo que has copiado antes en tu p\u00e1gina de inicio y aplica las mejoras. <\/li> <li><b>La configuraci\u00f3n se realiz\u00f3 por completo. <\/b><br>Visite su p\u00e1gina para revisar el trabajo del widget. <\/li><\/ol> <p>En caso de que tenga alguna dificultad, no dude en ponerse en contacto con nuestro personal de atenci\u00f3n al cliente. Nuestros especialistas est\u00e1n deseando ayudarle con todas las dificultades que pueda tener con el complemento. <\/p> <\/div>","protected":false},"excerpt":{"rendered":"","protected":false},"author":9,"featured_media":0,"parent":2059,"menu_order":0,"comment_status":"closed","ping_status":"closed","template":"templates\/template-application-platform.php","meta":{"publish_to_discourse":"","publish_post_category":"","wpdc_auto_publish_overridden":"","wpdc_topic_tags":"","wpdc_pin_topic":"","wpdc_pin_until":"","discourse_post_id":"","discourse_permalink":"","wpdc_publishing_response":"","wpdc_publishing_error":"","footnotes":""},"class_list":["post-5786","page","type-page","status-publish","hentry"],"yoast_head":"<!-- This site is optimized with the Yoast SEO plugin v25.3.1 - https:\/\/yoast.com\/wordpress\/plugins\/seo\/ -->\n<title>Agregue el widget TikTok Feed al sitio web de la p\u00e1gina de Facebook (r\u00e1pido y gratis)<\/title>\n<meta name=\"description\" content=\"Implemente un widget TikTok de p\u00e1gina de Facebook f\u00e1cil de usar en su sitio web. Utilice la pr\u00e1ctica demostraci\u00f3n de Elfsight y modifique su elegante widget de TikTok.\" \/>\n<meta name=\"robots\" content=\"index, follow, max-snippet:-1, max-image-preview:large, max-video-preview:-1\" \/>\n<link rel=\"canonical\" href=\"https:\/\/elfsight.com\/es\/tiktok-feed-widget\/facebook\/\" \/>\n<meta property=\"og:locale\" content=\"es_ES\" \/>\n<meta property=\"og:type\" content=\"article\" \/>\n<meta property=\"og:title\" content=\"Agregue el widget TikTok Feed al sitio web de la p\u00e1gina de Facebook (r\u00e1pido y gratis)\" \/>\n<meta property=\"og:description\" content=\"Implemente un widget TikTok de p\u00e1gina de Facebook f\u00e1cil de usar en su sitio web. Utilice la pr\u00e1ctica demostraci\u00f3n de Elfsight y modifique su elegante widget de TikTok.\" \/>\n<meta property=\"og:url\" content=\"https:\/\/elfsight.com\/es\/tiktok-feed-widget\/facebook\/\" \/>\n<meta property=\"og:site_name\" content=\"Elfsight ES\" \/>\n<meta property=\"article:modified_time\" content=\"2025-02-06T16:10:48+00:00\" \/>\n<meta name=\"twitter:card\" content=\"summary_large_image\" \/>\n<meta name=\"twitter:label1\" content=\"Tiempo de lectura\" \/>\n\t<meta name=\"twitter:data1\" content=\"2 minutos\" \/>\n<!-- \/ Yoast SEO plugin. -->","yoast_head_json":{"title":"Agregue el widget TikTok Feed al sitio web de la p\u00e1gina de Facebook (r\u00e1pido y gratis)","description":"Implemente un widget TikTok de p\u00e1gina de Facebook f\u00e1cil de usar en su sitio web. Utilice la pr\u00e1ctica demostraci\u00f3n de Elfsight y modifique su elegante widget de TikTok.","robots":{"index":"index","follow":"follow","max-snippet":"max-snippet:-1","max-image-preview":"max-image-preview:large","max-video-preview":"max-video-preview:-1"},"canonical":"https:\/\/elfsight.com\/es\/tiktok-feed-widget\/facebook\/","og_locale":"es_ES","og_type":"article","og_title":"Agregue el widget TikTok Feed al sitio web de la p\u00e1gina de Facebook (r\u00e1pido y gratis)","og_description":"Implemente un widget TikTok de p\u00e1gina de Facebook f\u00e1cil de usar en su sitio web. Utilice la pr\u00e1ctica demostraci\u00f3n de Elfsight y modifique su elegante widget de TikTok.","og_url":"https:\/\/elfsight.com\/es\/tiktok-feed-widget\/facebook\/","og_site_name":"Elfsight ES","article_modified_time":"2025-02-06T16:10:48+00:00","twitter_card":"summary_large_image","twitter_misc":{"Tiempo de lectura":"2 minutos"},"schema":{"@context":"https:\/\/schema.org","@graph":[{"@type":"WebPage","@id":"https:\/\/elfsight.com\/es\/tiktok-feed-widget\/facebook\/","url":"https:\/\/elfsight.com\/es\/tiktok-feed-widget\/facebook\/","name":"Agregue el widget TikTok Feed al sitio web de la p\u00e1gina de Facebook (r\u00e1pido y gratis)","isPartOf":{"@id":"https:\/\/elfsight.com\/es\/#website"},"datePublished":"1970-01-01T00:00:00+00:00","dateModified":"2025-02-06T16:10:48+00:00","description":"Implemente un widget TikTok de p\u00e1gina de Facebook f\u00e1cil de usar en su sitio web. Utilice la pr\u00e1ctica demostraci\u00f3n de Elfsight y modifique su elegante widget de TikTok.","breadcrumb":{"@id":"https:\/\/elfsight.com\/es\/tiktok-feed-widget\/facebook\/#breadcrumb"},"inLanguage":"es","potentialAction":[{"@type":"ReadAction","target":["https:\/\/elfsight.com\/es\/tiktok-feed-widget\/facebook\/"]}]},{"@type":"BreadcrumbList","@id":"https:\/\/elfsight.com\/es\/tiktok-feed-widget\/facebook\/#breadcrumb","itemListElement":[{"@type":"ListItem","position":1,"name":"Home","item":"https:\/\/elfsight.com\/es\/"},{"@type":"ListItem","position":2,"name":"TikTok Feed","item":"https:\/\/elfsight.com\/es\/tiktok-feed-widget\/"},{"@type":"ListItem","position":3,"name":"TikTok Feed &#8211; Facebook Page"}]},{"@type":"WebSite","@id":"https:\/\/elfsight.com\/es\/#website","url":"https:\/\/elfsight.com\/es\/","name":"Elfsight ES","description":"Just another Elfsight Sites site","potentialAction":[{"@type":"SearchAction","target":{"@type":"EntryPoint","urlTemplate":"https:\/\/elfsight.com\/es\/?s={search_term_string}"},"query-input":{"@type":"PropertyValueSpecification","valueRequired":true,"valueName":"search_term_string"}}],"inLanguage":"es"}]}},"meta_box":{"industry":"","seo_heading":"","heading":"","description":"","cta_heading":"","cta_description":"","application":"2058","h1":"Widget de alimentaci\u00f3n de TikTok de la p\u00e1gina de Facebook","h1_caption":"Muestre videos de tiktok de tendencia por hashtag o cuenta, agregando contenido din\u00e1mico y atractivo a su sitio web en el sitio web de su p\u00e1gina de Facebook sin esfuerzo.","application_category":[],"applications_title":"","applications_request_title":"","applications_request_button_text":"","hero_text":"","hero_video":"","hero_video_schema_markup":"","selling_points_title":"","selling_points_caption":"","selling_points":[],"selling_points_cta_text":"","features_title":"","features":"","ed_cta_examples_text":"","ed_cta_examples_hidden":"","ed_cta_demo_text":"","ed_cta_demo_hidden":"","why_caption":"","why_editor_title":"","why_editor_text":"","why_team_title":"","why_team_text":"","why_service_title":"","why_service_text":"","template_catalog_visible":"","template_catalog_title":"","template_catalog_text":"","template_catalog_categories_visible":"","demo_title":"Crea tu widget de feed de TikTok","demo_caption":"\u00a1Configure su feed de TikTok y agr\u00e9guelo al sitio web de su p\u00e1gina de Facebook de forma gratuita!","default_faq_hidden":"","app_template_category":[],"platform":"64","template_public_id":"","codecanyon_url":"","codecanyon_item_id":"","codecanyon_price":"","pricing_caption":"","pricing_elfsight_apps_hide_column":"","pricing_elfsight_apps_url":"","pricing_codecanyon_price_caption":"","integration_category":[],"integration_request_title":"","integration_request_cta":"","integration_platform":"","integrations":[],"platform_category":[],"video_schema_markup":"","price":"desde $0 \/ mes","trial":"","benefits":[{"text":"Servicio de instalaci\u00f3n gratuito"},{"text":"Soporte excepcional"},{"text":"Garant\u00eda de reembolso de 14 d\u00edas"},{"text":"Mejoras gratuitas de por vida"}],"button_url":"#demo","button_target_blank":"","button_nofollow":"","attributes":[{"name":"Instalaciones","content":"10,000 - 100,000"},{"name":"Sensible","content":"S\u00ed"},{"name":"Navegadores compatibles","content":"Firefox, Safari, Opera, Chrome, Edge"}],"tags":[],"tags_disable_links":"","hide_more_platforms":"","video_object":"","demo_hide_cta":"","demo_hide_cloud_options":"","pricing_title":"","pricing":[{"pricing_icon":"platform","pricing_title":"Elfsight Apps","pricing_title_caption":"Soluci\u00f3n digital independiente de la plataforma","pricing_price":"desde $0 \/ mes","pricing_price_caption":"comienza con un plan gratuito","pricing_benefits":[{"text":"Dominios ilimitados"},{"text":"Soporte gratuito de la empresa"},{"text":"Asistencia de instalaci\u00f3n gratuita"},{"text":"Totalmente personalizable"}],"pricing_button_text":"A\u00f1adir al sitio web","pricing_button_url":"#demo"}],"related_apps_title":"","related_apps_hidden":"","author":"","image":[],"title":"","job":"","social_networks":[]},"_links":{"self":[{"href":"https:\/\/elfsight.com\/es\/wp-json\/wp\/v2\/pages\/5786","targetHints":{"allow":["GET"]}}],"collection":[{"href":"https:\/\/elfsight.com\/es\/wp-json\/wp\/v2\/pages"}],"about":[{"href":"https:\/\/elfsight.com\/es\/wp-json\/wp\/v2\/types\/page"}],"author":[{"embeddable":true,"href":"https:\/\/elfsight.com\/es\/wp-json\/wp\/v2\/users\/9"}],"replies":[{"embeddable":true,"href":"https:\/\/elfsight.com\/es\/wp-json\/wp\/v2\/comments?post=5786"}],"version-history":[{"count":2,"href":"https:\/\/elfsight.com\/es\/wp-json\/wp\/v2\/pages\/5786\/revisions"}],"predecessor-version":[{"id":19321,"href":"https:\/\/elfsight.com\/es\/wp-json\/wp\/v2\/pages\/5786\/revisions\/19321"}],"up":[{"embeddable":true,"href":"https:\/\/elfsight.com\/es\/wp-json\/wp\/v2\/pages\/2059"}],"wp:attachment":[{"href":"https:\/\/elfsight.com\/es\/wp-json\/wp\/v2\/media?parent=5786"}],"curies":[{"name":"wp","href":"https:\/\/api.w.org\/{rel}","templated":true}]}}