{"id":5781,"date":"1970-01-01T00:00:00","date_gmt":"1970-01-01T00:00:00","guid":{"rendered":"https:\/\/elfsight.com\/es\/?page_id=5781"},"modified":"2025-02-06T16:10:48","modified_gmt":"2025-02-06T16:10:48","slug":"elementor","status":"publish","type":"page","link":"https:\/\/elfsight.com\/es\/tiktok-feed-widget\/elementor\/","title":{"rendered":"TikTok Feed &#8211; Elementor"},"content":{"rendered":"<div class=\"application-platform-content-item-description application-platform-content-item\" id=\"description\" data-nav-section=\"description\"> <h2>Integre TikTok Feed en Elementor con el widget Elfsight<\/h2> <p>Elfsight TiKTok Feed es un widget exclusivo para Elementor para vender no solo productos, sino tambi\u00e9n emociones y experiencias. Con \u00e9l puedes dise\u00f1ar feeds individualizados compuestos del contenido de TikTok y mostrarlos directamente en tu p\u00e1gina web. \u00a1Dise\u00f1a una galer\u00eda de v\u00eddeos en pocos minutos! Ejerza el control absoluto sobre el contenido revelado y elimine el spam y cualquier contenido no deseado mediante moderaci\u00f3n manual. El configurador en l\u00ednea completamente responsivo le proporciona diversas plantillas para elegir. <\/p> <p><b>Haga que su sitio sea m\u00e1s efectivo para objetivos comerciales con TikTok Feed<\/b><\/p> <\/div> <div class=\"application-platform-content-item-features application-platform-content-item\" id=\"features\" data-nav-section=\"features\"> <h2>Las caracter\u00edsticas fundamentales del widget incluyen<\/h2> <ul><li>Ocultar el encabezado para que el widget parezca minimalista. <\/li><li>Elimine el spam y el contenido no deseado con el modo de moderaci\u00f3n manual. <\/li><li>Instale el bot\u00f3n Seguir en el feed de herramientas. <\/li><li>Permite que tus publicaciones se muestren en una ventana emergente. <\/li><\/ul><p><a href=\"#demo\">Puedes descubrir la funcionalidad completa del widget en la demostraci\u00f3n <\/a><\/p> <\/div> <div class=\"application-platform-content-item-installation application-platform-content-item\" id=\"installation\" data-nav-section=\"installation\"> <h2>\u00bfC\u00f3mo agrego TikTok Feed a mi sitio Elementor? <\/h2> <p>Simplemente aplique las instrucciones a continuaci\u00f3n para insertar el widget. <\/p> <ol><li><b>Utiliza nuestro editor gratuito y empieza a darle forma a tu propio widget. <\/b><br> Determine el aspecto y las opciones deseables del complemento y guarde las modificaciones. <\/li> <li><b>Obtenga el c\u00f3digo personal que se muestra en el formulario especial en Elfsight Apps. <\/b><br> Inmediatamente despu\u00e9s de completar la configuraci\u00f3n de su widget personal, copie el c\u00f3digo exclusivo en el cuadro que aparece y gu\u00e1rdelo para su uso posterior. <\/li> <li><b>Comience a utilizar la herramienta en su sitio web Elementor. <\/b><br>Coloca el c\u00f3digo guardado recientemente en tu sitio web y guarda las correcciones. <\/li> <li><b>\u00a1Listo! La integraci\u00f3n est\u00e1 plenamente lograda. <\/b><br>Vaya a su p\u00e1gina web para revisar el funcionamiento del complemento. <\/li><\/ol> <p>Si tiene preguntas o tiene algunas dificultades, solicite nuestro personal de soporte. Nuestros especialistas estar\u00e1n encantados de ayudarle con todos los problemas que pueda tener con el widget. <\/p> <\/div><div class=\"faq\" data-component=\"FAQ\"><div class=\"faq-item\">\r\n\t\t\t\t\t<div class=\"faq-item-question\">\r\n\t\t\t\t\t\t<h3 class=\"faq-item-question-text\">\u00bfExiste una opci\u00f3n para agregar TikTok Feed a mi sitio Elementor sin codificaci\u00f3n?<\/h3>\r\n\r\n\t\t\t\t\t\t<div class=\"faq-item-question-icon\"><\/div>\r\n\t\t\t\t\t<\/div>\r\n\r\n\t\t\t\t\t<div class=\"faq-item-answer\">\r\n\t\t\t\t\t\t<div class=\"faq-item-answer-text\"><p>La empresa Elfsight presenta una soluci\u00f3n SaaS que permite a las personas crear un widget de TikTok Feed usted mismo, compruebe lo f\u00e1cil que es:<\/p><ul><li>Vaya al editor en l\u00ednea para crear un widget de TikTok Feed en el que le gustar\u00eda incrustarlo su sitio web de Elementor.<\/li><li>Seleccione una de nuestras plantillas predise\u00f1adas y modifique la configuraci\u00f3n de TikTok Feed, cambie el dise\u00f1o y los colores, actualice su contenido sin codificaci\u00f3n.<\/li><li>Guarde el TikTok Feed y copie el c\u00f3digo de instalaci\u00f3n, que puede incluir f\u00e1cilmente en su sitio web de Elementor sin necesidad de comprar una versi\u00f3n paga.<\/li><\/ul><p>Trabajando en nuestro Configurador f\u00e1cil de usar, cada usuario de Internet puede generar TikTok Feed e incluirlo en su sitio de Elementor. No es necesario pagar ni ingresar las credenciales de su tarjeta para acceder a nuestro Editor. Si encuentra alg\u00fan problema de cualquier tipo, contin\u00fae y comun\u00edquese con nuestro equipo de soporte.<\/p><\/div>\r\n\t\t\t\t\t<\/div>\r\n\t\t\t\t<\/div><\/div>","protected":false},"excerpt":{"rendered":"","protected":false},"author":9,"featured_media":0,"parent":2059,"menu_order":0,"comment_status":"closed","ping_status":"closed","template":"templates\/template-application-platform.php","meta":{"publish_to_discourse":"","publish_post_category":"","wpdc_auto_publish_overridden":"","wpdc_topic_tags":"","wpdc_pin_topic":"","wpdc_pin_until":"","discourse_post_id":"","discourse_permalink":"","wpdc_publishing_response":"","wpdc_publishing_error":"","footnotes":""},"class_list":["post-5781","page","type-page","status-publish","hentry"],"yoast_head":"<!-- This site is optimized with the Yoast SEO plugin v25.3.1 - https:\/\/yoast.com\/wordpress\/plugins\/seo\/ -->\n<title>Agregue el widget TikTok Feed al sitio web de Elementor (r\u00e1pido y gratuito)<\/title>\n<meta name=\"description\" content=\"Incorpore un widget Elementor TikTok Feed compatible con dispositivos m\u00f3viles en su sitio web. \u00a1Utilice la pr\u00e1ctica demostraci\u00f3n de Elfsight y cree su impresionante extensi\u00f3n TikTok!\" \/>\n<meta name=\"robots\" content=\"index, follow, max-snippet:-1, max-image-preview:large, max-video-preview:-1\" \/>\n<link rel=\"canonical\" href=\"https:\/\/elfsight.com\/es\/tiktok-feed-widget\/elementor\/\" \/>\n<meta property=\"og:locale\" content=\"es_ES\" \/>\n<meta property=\"og:type\" content=\"article\" \/>\n<meta property=\"og:title\" content=\"Agregue el widget TikTok Feed al sitio web de Elementor (r\u00e1pido y gratuito)\" \/>\n<meta property=\"og:description\" content=\"Incorpore un widget Elementor TikTok Feed compatible con dispositivos m\u00f3viles en su sitio web. \u00a1Utilice la pr\u00e1ctica demostraci\u00f3n de Elfsight y cree su impresionante extensi\u00f3n TikTok!\" \/>\n<meta property=\"og:url\" content=\"https:\/\/elfsight.com\/es\/tiktok-feed-widget\/elementor\/\" \/>\n<meta property=\"og:site_name\" content=\"Elfsight ES\" \/>\n<meta property=\"article:modified_time\" content=\"2025-02-06T16:10:48+00:00\" \/>\n<meta name=\"twitter:card\" content=\"summary_large_image\" \/>\n<meta name=\"twitter:label1\" content=\"Tiempo de lectura\" \/>\n\t<meta name=\"twitter:data1\" content=\"3 minutos\" \/>\n<!-- \/ Yoast SEO plugin. -->","yoast_head_json":{"title":"Agregue el widget TikTok Feed al sitio web de Elementor (r\u00e1pido y gratuito)","description":"Incorpore un widget Elementor TikTok Feed compatible con dispositivos m\u00f3viles en su sitio web. \u00a1Utilice la pr\u00e1ctica demostraci\u00f3n de Elfsight y cree su impresionante extensi\u00f3n TikTok!","robots":{"index":"index","follow":"follow","max-snippet":"max-snippet:-1","max-image-preview":"max-image-preview:large","max-video-preview":"max-video-preview:-1"},"canonical":"https:\/\/elfsight.com\/es\/tiktok-feed-widget\/elementor\/","og_locale":"es_ES","og_type":"article","og_title":"Agregue el widget TikTok Feed al sitio web de Elementor (r\u00e1pido y gratuito)","og_description":"Incorpore un widget Elementor TikTok Feed compatible con dispositivos m\u00f3viles en su sitio web. \u00a1Utilice la pr\u00e1ctica demostraci\u00f3n de Elfsight y cree su impresionante extensi\u00f3n TikTok!","og_url":"https:\/\/elfsight.com\/es\/tiktok-feed-widget\/elementor\/","og_site_name":"Elfsight ES","article_modified_time":"2025-02-06T16:10:48+00:00","twitter_card":"summary_large_image","twitter_misc":{"Tiempo de lectura":"3 minutos"},"schema":{"@context":"https:\/\/schema.org","@graph":[{"@type":"WebPage","@id":"https:\/\/elfsight.com\/es\/tiktok-feed-widget\/elementor\/","url":"https:\/\/elfsight.com\/es\/tiktok-feed-widget\/elementor\/","name":"Agregue el widget TikTok Feed al sitio web de Elementor (r\u00e1pido y gratuito)","isPartOf":{"@id":"https:\/\/elfsight.com\/es\/#website"},"datePublished":"1970-01-01T00:00:00+00:00","dateModified":"2025-02-06T16:10:48+00:00","description":"Incorpore un widget Elementor TikTok Feed compatible con dispositivos m\u00f3viles en su sitio web. \u00a1Utilice la pr\u00e1ctica demostraci\u00f3n de Elfsight y cree su impresionante extensi\u00f3n TikTok!","breadcrumb":{"@id":"https:\/\/elfsight.com\/es\/tiktok-feed-widget\/elementor\/#breadcrumb"},"inLanguage":"es","potentialAction":[{"@type":"ReadAction","target":["https:\/\/elfsight.com\/es\/tiktok-feed-widget\/elementor\/"]}]},{"@type":"BreadcrumbList","@id":"https:\/\/elfsight.com\/es\/tiktok-feed-widget\/elementor\/#breadcrumb","itemListElement":[{"@type":"ListItem","position":1,"name":"Home","item":"https:\/\/elfsight.com\/es\/"},{"@type":"ListItem","position":2,"name":"TikTok Feed","item":"https:\/\/elfsight.com\/es\/tiktok-feed-widget\/"},{"@type":"ListItem","position":3,"name":"TikTok Feed &#8211; Elementor"}]},{"@type":"WebSite","@id":"https:\/\/elfsight.com\/es\/#website","url":"https:\/\/elfsight.com\/es\/","name":"Elfsight ES","description":"Just another Elfsight Sites site","potentialAction":[{"@type":"SearchAction","target":{"@type":"EntryPoint","urlTemplate":"https:\/\/elfsight.com\/es\/?s={search_term_string}"},"query-input":{"@type":"PropertyValueSpecification","valueRequired":true,"valueName":"search_term_string"}}],"inLanguage":"es"}]}},"meta_box":{"industry":"","seo_heading":"","heading":"","description":"","cta_heading":"","cta_description":"","application":"2058","h1":"Widget de alimentaci\u00f3n de TikTok de Elementor","h1_caption":"Muestre videos de tiktok de tendencia por hashtag o cuenta, agregando contenido din\u00e1mico y atractivo a su sitio web en su sitio web de Elementor sin esfuerzo.","application_category":[],"applications_title":"","applications_request_title":"","applications_request_button_text":"","hero_text":"","hero_video":"","hero_video_schema_markup":"","selling_points_title":"","selling_points_caption":"","selling_points":[],"selling_points_cta_text":"","features_title":"","features":"","ed_cta_examples_text":"","ed_cta_examples_hidden":"","ed_cta_demo_text":"","ed_cta_demo_hidden":"","why_caption":"","why_editor_title":"","why_editor_text":"","why_team_title":"","why_team_text":"","why_service_title":"","why_service_text":"","template_catalog_visible":"","template_catalog_title":"","template_catalog_text":"","template_catalog_categories_visible":"","demo_title":"Crea tu widget de feed de TikTok","demo_caption":"\u00a1Configure su feed de TikTok y agr\u00e9guelo a su sitio web de Elementor de forma gratuita!","default_faq_hidden":"","app_template_category":[],"platform":"58","template_public_id":"","codecanyon_url":"","codecanyon_item_id":"","codecanyon_price":"","pricing_caption":"","pricing_elfsight_apps_hide_column":"","pricing_elfsight_apps_url":"","pricing_codecanyon_price_caption":"","integration_category":[],"integration_request_title":"","integration_request_cta":"","integration_platform":"","integrations":[],"platform_category":[],"video_schema_markup":"","price":"desde $0 \/ mes","trial":"","benefits":[{"text":"Asistencia de instalaci\u00f3n gratuita"},{"text":"Servicio al cliente eficaz"},{"text":"Garant\u00eda de reembolso de 14 d\u00edas"},{"text":"Actualizaciones continuas"}],"button_url":"#demo","button_target_blank":"","button_nofollow":"","attributes":[{"name":"Instalaciones","content":"10,000 - 100,000"},{"name":"Sensible","content":"S\u00ed"},{"name":"Navegadores compatibles","content":"Firefox, Safari, Opera, Chrome, Edge"}],"tags":[],"tags_disable_links":"","hide_more_platforms":"","video_object":"","demo_hide_cta":"","demo_hide_cloud_options":"","pricing_title":"","pricing":[{"pricing_icon":"platform","pricing_title":"Elfsight Apps","pricing_title_caption":"Software multiplataforma que funciona en cualquier sitio web","pricing_price":"desde $0 \/ mes","pricing_price_caption":"comienza con un plan gratuito","pricing_benefits":[{"text":"Dominios ilimitados"},{"text":"Soporte 24 horas al d\u00eda, 7 d\u00edas a la semana y bien documentado."},{"text":"Asistencia de instalaci\u00f3n gratuita"},{"text":"Dise\u00f1o flexible"}],"pricing_button_text":"A\u00f1adir al sitio web","pricing_button_url":"#demo"}],"related_apps_title":"","related_apps_hidden":"","author":"","image":[],"title":"","job":"","social_networks":[]},"_links":{"self":[{"href":"https:\/\/elfsight.com\/es\/wp-json\/wp\/v2\/pages\/5781","targetHints":{"allow":["GET"]}}],"collection":[{"href":"https:\/\/elfsight.com\/es\/wp-json\/wp\/v2\/pages"}],"about":[{"href":"https:\/\/elfsight.com\/es\/wp-json\/wp\/v2\/types\/page"}],"author":[{"embeddable":true,"href":"https:\/\/elfsight.com\/es\/wp-json\/wp\/v2\/users\/9"}],"replies":[{"embeddable":true,"href":"https:\/\/elfsight.com\/es\/wp-json\/wp\/v2\/comments?post=5781"}],"version-history":[{"count":2,"href":"https:\/\/elfsight.com\/es\/wp-json\/wp\/v2\/pages\/5781\/revisions"}],"predecessor-version":[{"id":19322,"href":"https:\/\/elfsight.com\/es\/wp-json\/wp\/v2\/pages\/5781\/revisions\/19322"}],"up":[{"embeddable":true,"href":"https:\/\/elfsight.com\/es\/wp-json\/wp\/v2\/pages\/2059"}],"wp:attachment":[{"href":"https:\/\/elfsight.com\/es\/wp-json\/wp\/v2\/media?parent=5781"}],"curies":[{"name":"wp","href":"https:\/\/api.w.org\/{rel}","templated":true}]}}