{"id":5779,"date":"1970-01-01T00:00:00","date_gmt":"1970-01-01T00:00:00","guid":{"rendered":"https:\/\/elfsight.com\/es\/?page_id=5779"},"modified":"2025-02-06T16:10:56","modified_gmt":"2025-02-06T16:10:56","slug":"blogger","status":"publish","type":"page","link":"https:\/\/elfsight.com\/es\/tiktok-feed-widget\/blogger\/","title":{"rendered":"TikTok Feed &#8211; Blogger"},"content":{"rendered":"<div class=\"application-platform-content-item-description application-platform-content-item\" id=\"description\" data-nav-section=\"description\"> <h2>Descripci\u00f3n<\/h2> <p>Elfsight TiKTok Feed para Blogger es un widget especial para promocionar no solo cosas, sino tambi\u00e9n emociones y experiencias. Con \u00e9l, puede crear un feed individualizado compuesto por el contenido de TikTok y demostrarlo directamente en su sitio. \u00a1Crea una galer\u00eda de v\u00eddeos con unos pocos clics! Ejerza un control total sobre un contenido y elimine el spam y cualquier contenido no deseado mediante la moderaci\u00f3n manual. El configurador en l\u00ednea totalmente responsivo le proporciona diversas plantillas para elegir. <\/p> <p><b>Haga que su sitio web sea m\u00e1s efectivo para objetivos comerciales con TikTok Feed<\/b><\/p> <\/div> <div class=\"application-platform-content-item-features application-platform-content-item\" id=\"features\" data-nav-section=\"features\"> <h2>A continuaci\u00f3n se detallan las caracter\u00edsticas esenciales del widget: <\/h2> <ul><li>Oculte la secci\u00f3n principal para que su herramienta parezca minimalista. <\/li><li>Elimine el spam y el contenido no deseado mediante moderaci\u00f3n manual. <\/li><li>Instale el bot\u00f3n Seguir en las tarjetas de widgets. <\/li><li>Haz que tus publicaciones aparezcan en una ventana emergente. <\/li><\/ul><p><a href=\"#demo\">Puedes probar todas las capacidades del widget en la demostraci\u00f3n aqu\u00ed mismo<\/a><\/p> <\/div> <div class=\"application-platform-content-item-installation application-platform-content-item\" id=\"installation\" data-nav-section=\"installation\"> <h2>\u00bfC\u00f3mo agregar TikTok Feed en mi sitio web de Blogger? <\/h2> <p>Simplemente siga los siguientes pasos que se presentan a continuaci\u00f3n para insertar el widget. <\/p> <ol><li><b>Inicie nuestra demostraci\u00f3n gratuita y comience a darle forma a su widget personalizado. <\/b><br> Encuentre el dise\u00f1o y la funcionalidad seleccionados del complemento y aplique las modificaciones. <\/li> <li><b>Adquiera el c\u00f3digo personal que se muestra en el formulario especial en Elfsight Apps. <\/b><br> Tan pronto como se complete la personalizaci\u00f3n de su herramienta personal, copie el c\u00f3digo exclusivo en la ventana emergente que aparece y gu\u00e1rdelo para futuras ocasiones. <\/li> <li><b>Iniciar el uso de la herramienta en el sitio web de Blogger. <\/b><br>Implemente el c\u00f3digo copiado recientemente en su p\u00e1gina y guarde las mejoras. <\/li> <li><b>\u00a1Listo! La integraci\u00f3n ha terminado por completo. <\/b><br>Vaya a su sitio web para comprobar c\u00f3mo funciona el widget. <\/li><\/ol> <p>En caso de tener dudas o encontrarse con algunas complicaciones, no dude en ponerse en contacto con nuestro equipo de atenci\u00f3n al cliente. Nuestra gente estar\u00e1 encantada de ayudarle con todos los problemas que pueda tener con el widget. <\/p> <\/div><div class=\"faq\" data-component=\"FAQ\"><div class=\"faq-item\">\r\n\t\t\t\t\t<div class=\"faq-item-question\">\r\n\t\t\t\t\t\t<h3 class=\"faq-item-question-text\">\u00bfC\u00f3mo incrustar TikTok Feed en mi Blogger sin conocimientos de codificaci\u00f3n?<\/h3>\r\n\r\n\t\t\t\t\t\t<div class=\"faq-item-question-icon\"><\/div>\r\n\t\t\t\t\t<\/div>\r\n\r\n\t\t\t\t\t<div class=\"faq-item-answer\">\r\n\t\t\t\t\t\t<div class=\"faq-item-answer-text\"><p>La empresa Elfsight ofrece una soluci\u00f3n en la nube que permite a las personas crear un widget de TikTok Feed usted mismo. Descubra lo sencillo que es el proceso:<\/p><ul><li>Trabaja en el editor en l\u00ednea para crear una aplicaci\u00f3n de TikTok Feed que te gustar\u00eda incrustar en tu Blogger. p\u00e1gina de inicio.<\/li><li>Elija una de las muchas plantillas listas para usar y adapte la configuraci\u00f3n de TikTok Feed, incluya su contenido, cambie el dise\u00f1o y los colores sin codificaci\u00f3n.<\/li><li>Guarde la configuraci\u00f3n que ha realizado en TikTok Feed y copie el c\u00f3digo para incrustar, que puede pegar en el sitio de Blogger sin comprar una versi\u00f3n paga.<\/li><\/ul><p>Con la ayuda de nuestro sencillo editor, cualquier usuario web puede establecer la secci\u00f3n TikTok Feed en l\u00ednea y simplemente pegarla en la p\u00e1gina de inicio de Blogger. No debe obtener un plan pago ni revelar los datos de su tarjeta para acceder al servicio Elfsight. Si encuentra alg\u00fan problema de cualquier tipo, contin\u00fae y comun\u00edquese con nuestro equipo de soporte.<\/p><\/div>\r\n\t\t\t\t\t<\/div>\r\n\t\t\t\t<\/div><\/div>","protected":false},"excerpt":{"rendered":"","protected":false},"author":9,"featured_media":0,"parent":2059,"menu_order":0,"comment_status":"closed","ping_status":"closed","template":"templates\/template-application-platform.php","meta":{"publish_to_discourse":"","publish_post_category":"","wpdc_auto_publish_overridden":"","wpdc_topic_tags":"","wpdc_pin_topic":"","wpdc_pin_until":"","discourse_post_id":"","discourse_permalink":"","wpdc_publishing_response":"","wpdc_publishing_error":"","footnotes":""},"class_list":["post-5779","page","type-page","status-publish","hentry"],"yoast_head":"<!-- This site is optimized with the Yoast SEO plugin v25.3.1 - https:\/\/yoast.com\/wordpress\/plugins\/seo\/ -->\n<title>Agregue el widget TikTok Feed al sitio web de Blogger (r\u00e1pido y gratis)<\/title>\n<meta name=\"description\" content=\"Implemente un widget responsivo de Blogger TikTok Feed en su sitio web. Pruebe la pr\u00e1ctica demostraci\u00f3n de Elfsight y genere su aplicaci\u00f3n TikTok con unos pocos clics.\" \/>\n<meta name=\"robots\" content=\"index, follow, max-snippet:-1, max-image-preview:large, max-video-preview:-1\" \/>\n<link rel=\"canonical\" href=\"https:\/\/elfsight.com\/es\/tiktok-feed-widget\/blogger\/\" \/>\n<meta property=\"og:locale\" content=\"es_ES\" \/>\n<meta property=\"og:type\" content=\"article\" \/>\n<meta property=\"og:title\" content=\"Agregue el widget TikTok Feed al sitio web de Blogger (r\u00e1pido y gratis)\" \/>\n<meta property=\"og:description\" content=\"Implemente un widget responsivo de Blogger TikTok Feed en su sitio web. Pruebe la pr\u00e1ctica demostraci\u00f3n de Elfsight y genere su aplicaci\u00f3n TikTok con unos pocos clics.\" \/>\n<meta property=\"og:url\" content=\"https:\/\/elfsight.com\/es\/tiktok-feed-widget\/blogger\/\" \/>\n<meta property=\"og:site_name\" content=\"Elfsight ES\" \/>\n<meta property=\"article:modified_time\" content=\"2025-02-06T16:10:56+00:00\" \/>\n<meta name=\"twitter:card\" content=\"summary_large_image\" \/>\n<meta name=\"twitter:label1\" content=\"Tiempo de lectura\" \/>\n\t<meta name=\"twitter:data1\" content=\"3 minutos\" \/>\n<!-- \/ Yoast SEO plugin. -->","yoast_head_json":{"title":"Agregue el widget TikTok Feed al sitio web de Blogger (r\u00e1pido y gratis)","description":"Implemente un widget responsivo de Blogger TikTok Feed en su sitio web. Pruebe la pr\u00e1ctica demostraci\u00f3n de Elfsight y genere su aplicaci\u00f3n TikTok con unos pocos clics.","robots":{"index":"index","follow":"follow","max-snippet":"max-snippet:-1","max-image-preview":"max-image-preview:large","max-video-preview":"max-video-preview:-1"},"canonical":"https:\/\/elfsight.com\/es\/tiktok-feed-widget\/blogger\/","og_locale":"es_ES","og_type":"article","og_title":"Agregue el widget TikTok Feed al sitio web de Blogger (r\u00e1pido y gratis)","og_description":"Implemente un widget responsivo de Blogger TikTok Feed en su sitio web. Pruebe la pr\u00e1ctica demostraci\u00f3n de Elfsight y genere su aplicaci\u00f3n TikTok con unos pocos clics.","og_url":"https:\/\/elfsight.com\/es\/tiktok-feed-widget\/blogger\/","og_site_name":"Elfsight ES","article_modified_time":"2025-02-06T16:10:56+00:00","twitter_card":"summary_large_image","twitter_misc":{"Tiempo de lectura":"3 minutos"},"schema":{"@context":"https:\/\/schema.org","@graph":[{"@type":"WebPage","@id":"https:\/\/elfsight.com\/es\/tiktok-feed-widget\/blogger\/","url":"https:\/\/elfsight.com\/es\/tiktok-feed-widget\/blogger\/","name":"Agregue el widget TikTok Feed al sitio web de Blogger (r\u00e1pido y gratis)","isPartOf":{"@id":"https:\/\/elfsight.com\/es\/#website"},"datePublished":"1970-01-01T00:00:00+00:00","dateModified":"2025-02-06T16:10:56+00:00","description":"Implemente un widget responsivo de Blogger TikTok Feed en su sitio web. Pruebe la pr\u00e1ctica demostraci\u00f3n de Elfsight y genere su aplicaci\u00f3n TikTok con unos pocos clics.","breadcrumb":{"@id":"https:\/\/elfsight.com\/es\/tiktok-feed-widget\/blogger\/#breadcrumb"},"inLanguage":"es","potentialAction":[{"@type":"ReadAction","target":["https:\/\/elfsight.com\/es\/tiktok-feed-widget\/blogger\/"]}]},{"@type":"BreadcrumbList","@id":"https:\/\/elfsight.com\/es\/tiktok-feed-widget\/blogger\/#breadcrumb","itemListElement":[{"@type":"ListItem","position":1,"name":"Home","item":"https:\/\/elfsight.com\/es\/"},{"@type":"ListItem","position":2,"name":"TikTok Feed","item":"https:\/\/elfsight.com\/es\/tiktok-feed-widget\/"},{"@type":"ListItem","position":3,"name":"TikTok Feed &#8211; Blogger"}]},{"@type":"WebSite","@id":"https:\/\/elfsight.com\/es\/#website","url":"https:\/\/elfsight.com\/es\/","name":"Elfsight ES","description":"Just another Elfsight Sites site","potentialAction":[{"@type":"SearchAction","target":{"@type":"EntryPoint","urlTemplate":"https:\/\/elfsight.com\/es\/?s={search_term_string}"},"query-input":{"@type":"PropertyValueSpecification","valueRequired":true,"valueName":"search_term_string"}}],"inLanguage":"es"}]}},"meta_box":{"industry":"","seo_heading":"","heading":"","description":"","cta_heading":"","cta_description":"","application":"2058","h1":"Widget de alimentaci\u00f3n de TikTok de Blogger","h1_caption":"Muestre videos de tiktok de tendencia por hashtag o cuenta, agregando contenido din\u00e1mico y atractivo a su sitio web en su sitio web de Blogger sin esfuerzo.","application_category":[],"applications_title":"","applications_request_title":"","applications_request_button_text":"","hero_text":"","hero_video":"","hero_video_schema_markup":"","selling_points_title":"","selling_points_caption":"","selling_points":[],"selling_points_cta_text":"","features_title":"","features":"","ed_cta_examples_text":"","ed_cta_examples_hidden":"","ed_cta_demo_text":"","ed_cta_demo_hidden":"","why_caption":"","why_editor_title":"","why_editor_text":"","why_team_title":"","why_team_text":"","why_service_title":"","why_service_text":"","template_catalog_visible":"","template_catalog_title":"","template_catalog_text":"","template_catalog_categories_visible":"","demo_title":"Crea tu widget de feed de TikTok","demo_caption":"\u00a1Configura tu feed de TikTok y agr\u00e9galo a tu sitio web de Blogger de forma gratuita!","default_faq_hidden":"","app_template_category":[],"platform":"39","template_public_id":"","codecanyon_url":"","codecanyon_item_id":"","codecanyon_price":"","pricing_caption":"","pricing_elfsight_apps_hide_column":"","pricing_elfsight_apps_url":"","pricing_codecanyon_price_caption":"","integration_category":[],"integration_request_title":"","integration_request_cta":"","integration_platform":"","integrations":[],"platform_category":[],"video_schema_markup":"","price":"desde $0 \/ mes","trial":"","benefits":[{"text":"Ayuda de instalaci\u00f3n gratuita"},{"text":"Atenci\u00f3n al cliente experimentada"},{"text":"Garant\u00eda de reembolso de 14 d\u00edas"},{"text":"Actualizaciones gratuitas peri\u00f3dicas"}],"button_url":"#demo","button_target_blank":"","button_nofollow":"","attributes":[{"name":"Instalaciones","content":"10,000 - 100,000"},{"name":"Sensible","content":"S\u00ed"},{"name":"Navegadores compatibles","content":"Firefox, Safari, Opera, Chrome, Edge"}],"tags":[],"tags_disable_links":"","hide_more_platforms":"","video_object":"","demo_hide_cta":"","demo_hide_cloud_options":"","pricing_title":"","pricing":[{"pricing_icon":"platform","pricing_title":"Elfsight Apps","pricing_title_caption":"Soluci\u00f3n multiplataforma","pricing_price":"desde $0 \/ mes","pricing_price_caption":"comienza con un plan gratuito","pricing_benefits":[{"text":"Dominios ilimitados"},{"text":"Soporte dedicado y bien documentado."},{"text":"Asistencia de instalaci\u00f3n gratuita"},{"text":"Dise\u00f1o flexible"}],"pricing_button_text":"A\u00f1adir al sitio web","pricing_button_url":"#demo"}],"related_apps_title":"","related_apps_hidden":"","author":"","image":[],"title":"","job":"","social_networks":[]},"_links":{"self":[{"href":"https:\/\/elfsight.com\/es\/wp-json\/wp\/v2\/pages\/5779","targetHints":{"allow":["GET"]}}],"collection":[{"href":"https:\/\/elfsight.com\/es\/wp-json\/wp\/v2\/pages"}],"about":[{"href":"https:\/\/elfsight.com\/es\/wp-json\/wp\/v2\/types\/page"}],"author":[{"embeddable":true,"href":"https:\/\/elfsight.com\/es\/wp-json\/wp\/v2\/users\/9"}],"replies":[{"embeddable":true,"href":"https:\/\/elfsight.com\/es\/wp-json\/wp\/v2\/comments?post=5779"}],"version-history":[{"count":2,"href":"https:\/\/elfsight.com\/es\/wp-json\/wp\/v2\/pages\/5779\/revisions"}],"predecessor-version":[{"id":19324,"href":"https:\/\/elfsight.com\/es\/wp-json\/wp\/v2\/pages\/5779\/revisions\/19324"}],"up":[{"embeddable":true,"href":"https:\/\/elfsight.com\/es\/wp-json\/wp\/v2\/pages\/2059"}],"wp:attachment":[{"href":"https:\/\/elfsight.com\/es\/wp-json\/wp\/v2\/media?parent=5779"}],"curies":[{"name":"wp","href":"https:\/\/api.w.org\/{rel}","templated":true}]}}