{"id":5778,"date":"1970-01-01T00:00:00","date_gmt":"1970-01-01T00:00:00","guid":{"rendered":"https:\/\/elfsight.com\/es\/?page_id=5778"},"modified":"2025-02-06T16:10:56","modified_gmt":"2025-02-06T16:10:56","slug":"bigcommerce","status":"publish","type":"page","link":"https:\/\/elfsight.com\/es\/tiktok-feed-widget\/bigcommerce\/","title":{"rendered":"TikTok Feed &#8211; BigCommerce"},"content":{"rendered":"<div class=\"application-platform-content-item-description application-platform-content-item\" id=\"description\" data-nav-section=\"description\"> <h2>Descripci\u00f3n<\/h2> <p>Elfsight TiKTok Feed para BigCommerce es una aplicaci\u00f3n \u00fanica para vender no solo art\u00edculos, sino tambi\u00e9n emociones y experiencias. Al usarlo, puede crear un feed personalizado compuesto por su contenido de TikTok y mostrarlo directamente en su sitio. \u00a1Dise\u00f1a una galer\u00eda de v\u00eddeos en unos pocos clics! Ejerza un control absoluto sobre el contenido presentado y elimine el spam y cualquier contenido no deseado mediante la moderaci\u00f3n manual. El configurador en l\u00ednea completamente responsivo le ofrece varias plantillas para elegir. <\/p> <p><b>Con TikTok Feed, obtenga un crecimiento empresarial s\u00f3lido y aumente las ventas <\/b><\/p> <\/div> <div class=\"application-platform-content-item-features application-platform-content-item\" id=\"features\" data-nav-section=\"features\"> <h2>Consulte la lista de las funciones m\u00e1s importantes: <\/h2> <ul><li>Oculte la secci\u00f3n principal para que su aplicaci\u00f3n parezca minimalista. <\/li><li>Elimine el spam y el contenido no deseado con el modo de moderaci\u00f3n manual. <\/li><li>Coloque el bot\u00f3n Seguir en el feed de la aplicaci\u00f3n. <\/li><li>Haz que tus publicaciones se muestren en una ventana emergente. <\/li><\/ul><p><a href=\"#demo\">Simplemente consulte esta demostraci\u00f3n para ver cu\u00e1nto vale la aplicaci\u00f3n<\/a><\/p> <\/div> <div class=\"application-platform-content-item-installation application-platform-content-item\" id=\"installation\" data-nav-section=\"installation\"> <h2>\u00bfC\u00f3mo puedo insertar TikTok Feed en mi sitio web de BigCommerce? <\/h2> <p>Simplemente siga las instrucciones a continuaci\u00f3n para insertar la aplicaci\u00f3n. <\/p> <ol><li><b>Emplee nuestro configurador gratuito y comience a crear su aplicaci\u00f3n personalizada. <\/b><br> Especifique la interfaz personalizada y las funciones de la aplicaci\u00f3n y guarde las correcciones. <\/li> <li><b>Copia tu c\u00f3digo personal que se muestra en el cuadro de Elfsight Apps. <\/b><br> Cuando finalice la configuraci\u00f3n de su complemento, copie el c\u00f3digo exclusivo en el cuadro que aparece y gu\u00e1rdelo para futuras ocasiones. <\/li> <li><b>Comience a usar la aplicaci\u00f3n en el sitio web de BigCommerce. <\/b><br> Integre el c\u00f3digo que guard\u00f3 recientemente en su sitio web y aplique las modificaciones. <\/li> <li><b>La instalaci\u00f3n finaliz\u00f3 exitosamente. <\/b><br>Vaya a su sitio web para observar el rendimiento de la aplicaci\u00f3n. <\/li><\/ol> <p>A condici\u00f3n de afrontar consultas o enfrentar obst\u00e1culos, no tema solicitar nuestro personal de soporte. Nuestros especialistas est\u00e1n deseosos de resolver todas las dudas que puedas tener con el producto. <\/p> <\/div><div class=\"faq\" data-component=\"FAQ\"><div class=\"faq-item\">\r\n\t\t\t\t\t<div class=\"faq-item-question\">\r\n\t\t\t\t\t\t<h3 class=\"faq-item-question-text\">\u00bfHay alguna forma de agregar TikTok Feed a mi sitio web de BigCommerce sin experiencia en codificaci\u00f3n?<\/h3>\r\n\r\n\t\t\t\t\t\t<div class=\"faq-item-question-icon\"><\/div>\r\n\t\t\t\t\t<\/div>\r\n\r\n\t\t\t\t\t<div class=\"faq-item-answer\">\r\n\t\t\t\t\t\t<div class=\"faq-item-answer-text\"><p>La empresa Elfsight ofrece una soluci\u00f3n SaaS que permite al usuario crear una aplicaci\u00f3n TikTok Feed usted mismo. Descubra lo simple que es el proceso:<\/p><ul><li>Trabaja directamente en la demostraci\u00f3n en vivo para crear una secci\u00f3n de TikTok Feed que desees. para insertar en BigCommerce.<\/li><li>Elija una de las plantillas predise\u00f1adas y adapte la configuraci\u00f3n de TikTok Feed, incluya su contenido, transforme el dise\u00f1o y la combinaci\u00f3n de colores sin codificaci\u00f3n.<\/li><li>Guarde el TikTok Feed y copie su c\u00f3digo de instalaci\u00f3n, que puede pegar f\u00e1cilmente en cualquier p\u00e1gina de inicio de BigCommerce usando un plan gratuito.<\/li><\/ul><p>Con la ayuda de nuestro editor f\u00e1cil de usar, cualquier usuario web puede generar TikTok Feed y pegarlo sin esfuerzo en su sitio web de BigCommerce. No es necesario pagar ni enviar las credenciales de su tarjeta para acceder al servicio de Elfsight. Si tiene alg\u00fan problema de cualquier tipo, no dude en comunicarse con nuestro personal de soporte.<\/p><\/div>\r\n\t\t\t\t\t<\/div>\r\n\t\t\t\t<\/div><\/div>","protected":false},"excerpt":{"rendered":"","protected":false},"author":9,"featured_media":0,"parent":2059,"menu_order":0,"comment_status":"closed","ping_status":"closed","template":"templates\/template-application-platform.php","meta":{"publish_to_discourse":"","publish_post_category":"","wpdc_auto_publish_overridden":"","wpdc_topic_tags":"","wpdc_pin_topic":"","wpdc_pin_until":"","discourse_post_id":"","discourse_permalink":"","wpdc_publishing_response":"","wpdc_publishing_error":"","footnotes":""},"class_list":["post-5778","page","type-page","status-publish","hentry"],"yoast_head":"<!-- This site is optimized with the Yoast SEO plugin v25.3.1 - https:\/\/yoast.com\/wordpress\/plugins\/seo\/ -->\n<title>Agregue el widget TikTok Feed al sitio web de BigCommerce (r\u00e1pido y gratis)<\/title>\n<meta name=\"description\" content=\"Agregue una aplicaci\u00f3n BigCommerce TikTok Feed compatible con dispositivos m\u00f3viles en su sitio web. Utilice la pr\u00e1ctica demostraci\u00f3n de Elfsight y genere su impresionante aplicaci\u00f3n TikTok.\" \/>\n<meta name=\"robots\" content=\"index, follow, max-snippet:-1, max-image-preview:large, max-video-preview:-1\" \/>\n<link rel=\"canonical\" href=\"https:\/\/elfsight.com\/es\/tiktok-feed-widget\/bigcommerce\/\" \/>\n<meta property=\"og:locale\" content=\"es_ES\" \/>\n<meta property=\"og:type\" content=\"article\" \/>\n<meta property=\"og:title\" content=\"Agregue el widget TikTok Feed al sitio web de BigCommerce (r\u00e1pido y gratis)\" \/>\n<meta property=\"og:description\" content=\"Agregue una aplicaci\u00f3n BigCommerce TikTok Feed compatible con dispositivos m\u00f3viles en su sitio web. Utilice la pr\u00e1ctica demostraci\u00f3n de Elfsight y genere su impresionante aplicaci\u00f3n TikTok.\" \/>\n<meta property=\"og:url\" content=\"https:\/\/elfsight.com\/es\/tiktok-feed-widget\/bigcommerce\/\" \/>\n<meta property=\"og:site_name\" content=\"Elfsight ES\" \/>\n<meta property=\"article:modified_time\" content=\"2025-02-06T16:10:56+00:00\" \/>\n<meta name=\"twitter:card\" content=\"summary_large_image\" \/>\n<meta name=\"twitter:label1\" content=\"Tiempo de lectura\" \/>\n\t<meta name=\"twitter:data1\" content=\"3 minutos\" \/>\n<!-- \/ Yoast SEO plugin. -->","yoast_head_json":{"title":"Agregue el widget TikTok Feed al sitio web de BigCommerce (r\u00e1pido y gratis)","description":"Agregue una aplicaci\u00f3n BigCommerce TikTok Feed compatible con dispositivos m\u00f3viles en su sitio web. Utilice la pr\u00e1ctica demostraci\u00f3n de Elfsight y genere su impresionante aplicaci\u00f3n TikTok.","robots":{"index":"index","follow":"follow","max-snippet":"max-snippet:-1","max-image-preview":"max-image-preview:large","max-video-preview":"max-video-preview:-1"},"canonical":"https:\/\/elfsight.com\/es\/tiktok-feed-widget\/bigcommerce\/","og_locale":"es_ES","og_type":"article","og_title":"Agregue el widget TikTok Feed al sitio web de BigCommerce (r\u00e1pido y gratis)","og_description":"Agregue una aplicaci\u00f3n BigCommerce TikTok Feed compatible con dispositivos m\u00f3viles en su sitio web. Utilice la pr\u00e1ctica demostraci\u00f3n de Elfsight y genere su impresionante aplicaci\u00f3n TikTok.","og_url":"https:\/\/elfsight.com\/es\/tiktok-feed-widget\/bigcommerce\/","og_site_name":"Elfsight ES","article_modified_time":"2025-02-06T16:10:56+00:00","twitter_card":"summary_large_image","twitter_misc":{"Tiempo de lectura":"3 minutos"},"schema":{"@context":"https:\/\/schema.org","@graph":[{"@type":"WebPage","@id":"https:\/\/elfsight.com\/es\/tiktok-feed-widget\/bigcommerce\/","url":"https:\/\/elfsight.com\/es\/tiktok-feed-widget\/bigcommerce\/","name":"Agregue el widget TikTok Feed al sitio web de BigCommerce (r\u00e1pido y gratis)","isPartOf":{"@id":"https:\/\/elfsight.com\/es\/#website"},"datePublished":"1970-01-01T00:00:00+00:00","dateModified":"2025-02-06T16:10:56+00:00","description":"Agregue una aplicaci\u00f3n BigCommerce TikTok Feed compatible con dispositivos m\u00f3viles en su sitio web. Utilice la pr\u00e1ctica demostraci\u00f3n de Elfsight y genere su impresionante aplicaci\u00f3n TikTok.","breadcrumb":{"@id":"https:\/\/elfsight.com\/es\/tiktok-feed-widget\/bigcommerce\/#breadcrumb"},"inLanguage":"es","potentialAction":[{"@type":"ReadAction","target":["https:\/\/elfsight.com\/es\/tiktok-feed-widget\/bigcommerce\/"]}]},{"@type":"BreadcrumbList","@id":"https:\/\/elfsight.com\/es\/tiktok-feed-widget\/bigcommerce\/#breadcrumb","itemListElement":[{"@type":"ListItem","position":1,"name":"Home","item":"https:\/\/elfsight.com\/es\/"},{"@type":"ListItem","position":2,"name":"TikTok Feed","item":"https:\/\/elfsight.com\/es\/tiktok-feed-widget\/"},{"@type":"ListItem","position":3,"name":"TikTok Feed &#8211; BigCommerce"}]},{"@type":"WebSite","@id":"https:\/\/elfsight.com\/es\/#website","url":"https:\/\/elfsight.com\/es\/","name":"Elfsight ES","description":"Just another Elfsight Sites site","potentialAction":[{"@type":"SearchAction","target":{"@type":"EntryPoint","urlTemplate":"https:\/\/elfsight.com\/es\/?s={search_term_string}"},"query-input":{"@type":"PropertyValueSpecification","valueRequired":true,"valueName":"search_term_string"}}],"inLanguage":"es"}]}},"meta_box":{"industry":"","seo_heading":"","heading":"","description":"","cta_heading":"","cta_description":"","application":"2058","h1":"Aplicaci\u00f3n BigCommerce TikTok Feed","h1_caption":"Muestre videos de tiktok de tendencia por hashtag o cuenta, agregando contenido din\u00e1mico y atractivo a su sitio web en su sitio web BigCommerce sin esfuerzo.","application_category":[],"applications_title":"","applications_request_title":"","applications_request_button_text":"","hero_text":"","hero_video":"","hero_video_schema_markup":"","selling_points_title":"","selling_points_caption":"","selling_points":[],"selling_points_cta_text":"","features_title":"","features":"","ed_cta_examples_text":"","ed_cta_examples_hidden":"","ed_cta_demo_text":"","ed_cta_demo_hidden":"","why_caption":"","why_editor_title":"","why_editor_text":"","why_team_title":"","why_team_text":"","why_service_title":"","why_service_text":"","template_catalog_visible":"","template_catalog_title":"","template_catalog_text":"","template_catalog_categories_visible":"","demo_title":"Crea tu aplicaci\u00f3n TikTok Feed","demo_caption":"\u00a1Configura tu feed de TikTok y agr\u00e9galo a tu sitio web de BigCommerce gratis!","default_faq_hidden":"","app_template_category":[],"platform":"33","template_public_id":"","codecanyon_url":"","codecanyon_item_id":"","codecanyon_price":"","pricing_caption":"","pricing_elfsight_apps_hide_column":"","pricing_elfsight_apps_url":"","pricing_codecanyon_price_caption":"","integration_category":[],"integration_request_title":"","integration_request_cta":"","integration_platform":"","integrations":[],"platform_category":[],"video_schema_markup":"","price":"desde $0 \/ mes","trial":"","benefits":[{"text":"Servicio de instalaci\u00f3n gratuito"},{"text":"Servicio al cliente profesional"},{"text":"Garant\u00eda de devoluci\u00f3n de dinero de 14 d\u00edas"},{"text":"Futuras actualizaciones gratuitas"}],"button_url":"#demo","button_target_blank":"","button_nofollow":"","attributes":[{"name":"Instalaciones","content":"10,000 - 100,000"},{"name":"Sensible","content":"S\u00ed"},{"name":"Navegadores compatibles","content":"Firefox, Safari, Opera, Chrome, Edge"}],"tags":[],"tags_disable_links":"","hide_more_platforms":"","video_object":"","demo_hide_cta":"","demo_hide_cloud_options":"","pricing_title":"","pricing":[{"pricing_icon":"platform","pricing_title":"Elfsight Apps","pricing_title_caption":"Soluci\u00f3n digital multiplataforma","pricing_price":"desde $0 \/ mes","pricing_price_caption":"comienza con un plan gratuito","pricing_benefits":[{"text":"Sitios web ilimitados"},{"text":"Soporte de la empresa 24 horas al d\u00eda, 7 d\u00edas a la semana y bien documentado."},{"text":"Ayuda de instalaci\u00f3n gratuita"},{"text":"Totalmente personalizable"}],"pricing_button_text":"A\u00f1adir al sitio web","pricing_button_url":"#demo"}],"related_apps_title":"","related_apps_hidden":"","author":"","image":[],"title":"","job":"","social_networks":[]},"_links":{"self":[{"href":"https:\/\/elfsight.com\/es\/wp-json\/wp\/v2\/pages\/5778","targetHints":{"allow":["GET"]}}],"collection":[{"href":"https:\/\/elfsight.com\/es\/wp-json\/wp\/v2\/pages"}],"about":[{"href":"https:\/\/elfsight.com\/es\/wp-json\/wp\/v2\/types\/page"}],"author":[{"embeddable":true,"href":"https:\/\/elfsight.com\/es\/wp-json\/wp\/v2\/users\/9"}],"replies":[{"embeddable":true,"href":"https:\/\/elfsight.com\/es\/wp-json\/wp\/v2\/comments?post=5778"}],"version-history":[{"count":2,"href":"https:\/\/elfsight.com\/es\/wp-json\/wp\/v2\/pages\/5778\/revisions"}],"predecessor-version":[{"id":19325,"href":"https:\/\/elfsight.com\/es\/wp-json\/wp\/v2\/pages\/5778\/revisions\/19325"}],"up":[{"embeddable":true,"href":"https:\/\/elfsight.com\/es\/wp-json\/wp\/v2\/pages\/2059"}],"wp:attachment":[{"href":"https:\/\/elfsight.com\/es\/wp-json\/wp\/v2\/media?parent=5778"}],"curies":[{"name":"wp","href":"https:\/\/api.w.org\/{rel}","templated":true}]}}