{"id":5771,"date":"1970-01-01T00:00:00","date_gmt":"1970-01-01T00:00:00","guid":{"rendered":"https:\/\/elfsight.com\/es\/?page_id=5771"},"modified":"2025-02-06T16:11:04","modified_gmt":"2025-02-06T16:11:04","slug":"woocommerce","status":"publish","type":"page","link":"https:\/\/elfsight.com\/es\/job-board-widget\/woocommerce\/","title":{"rendered":"Job Board &#8211; WooCommerce"},"content":{"rendered":"<div class=\"application-platform-content-item-description application-platform-content-item\" id=\"description\" data-nav-section=\"description\"> <h2>Descripci\u00f3n<\/h2> <p>Nuestra Bolsa de Trabajo para WooCommerce es un complemento extraordinario que le brinda la oportunidad de publicar ofertas de trabajo y obtener CV de los solicitantes en su sitio web de la manera m\u00e1s sencilla. Con nuestra nueva herramienta, podr\u00e1 presentar su negocio, distribuir informaci\u00f3n sobre vacantes abiertas y recopilar curr\u00edculums. El widget le permite crear una tarjeta de trabajo acompa\u00f1ada de una descripci\u00f3n detallada y un bot\u00f3n Aplicar. Aplicar la Bolsa de Trabajo te permite simplificar el proceso de contrataci\u00f3n y obtener las respuestas a las ofertas de trabajo en 1-2-3!. <\/p> <p><b>Cree r\u00e1pidamente las descripciones de trabajo y los llamados a la acci\u00f3n m\u00e1s atractivos para inspirar a m\u00e1s empleados potenciales a cooperar con usted<\/b><\/p> <\/div> <div class=\"application-platform-content-item-features application-platform-content-item\" id=\"features\" data-nav-section=\"features\"> <h2>Encuentre las siguientes caracter\u00edsticas centrales del complemento: <\/h2> <ul><li>Inserte un enlace Aplicar para dirigir a los empleados potenciales a la p\u00e1gina que recopila CV<\/li><li>Presente las vacantes de la manera m\u00e1s fascinante<\/li><li>La cantidad de trabajos que puede agregar es ilimitada<\/li><li>Agregue numerosos detalles sobre el trabajo: salario, puesto y habilidades necesarias<\/li><li>Deje informaci\u00f3n de contacto: ubicaci\u00f3n, departamento y el nombre de su empresa<\/li><\/ul><p><a href=\"#demo\">Explore todas las opciones de personalizaci\u00f3n en una demostraci\u00f3n con todas las funciones<\/a><\/p> <\/div> <div class=\"application-platform-content-item-installation application-platform-content-item\" id=\"installation\" data-nav-section=\"installation\"> <h2>\u00bfC\u00f3mo insertar una bolsa de trabajo en mi sitio WooCommerce? <\/h2> <p>Simplemente siga las instrucciones a continuaci\u00f3n para integrar el complemento. <\/p> <ol><li><b>Utiliza nuestro configurador gratuito y comienza a darle forma a tu complemento personalizado. <\/b><br> Elija la interfaz adecuada y las caracter\u00edsticas funcionales de la herramienta y aplique las ediciones. <\/li> <li><b>Adquiera el c\u00f3digo individual expuesto en la ventana de Elfsight Apps. <\/b><br> Una vez finalizada la generaci\u00f3n de su complemento, copie el c\u00f3digo personal de la ventana emergente que aparece y gu\u00e1rdelo para futuras necesidades. <\/li> <li><b>Iniciar el uso del complemento en el sitio WooCommerce. <\/b><br> Inserta el c\u00f3digo que has guardado anteriormente en tu sitio web y aplica las modificaciones. <\/li> <li><b>\u00a1Ya terminaste! La incrustaci\u00f3n ha finalizado con \u00e9xito. <\/b><br>Accede a su p\u00e1gina web para observar c\u00f3mo funciona la herramienta. <\/li><\/ol> <p>Si tiene preguntas o enfrenta alguna complicaci\u00f3n, comun\u00edquese con nuestro equipo de atenci\u00f3n al cliente. Nuestros consultores esperan resolver todos los problemas que pueda tener con el widget. <\/p> <div class=\"faq\" data-component=\"FAQ\"><div class=\"faq-item\">\r\n\t\t\t\t\t<div class=\"faq-item-question\">\r\n\t\t\t\t\t\t<h3 class=\"faq-item-question-text\">\u00bfDe qu\u00e9 manera es posible insertar una bolsa de trabajo en mi sitio web WooCommerce sin conocimientos de codificaci\u00f3n?<\/h3>\r\n\r\n\t\t\t\t\t\t<div class=\"faq-item-question-icon\"><\/div>\r\n\t\t\t\t\t<\/div>\r\n\r\n\t\t\t\t\t<div class=\"faq-item-answer\">\r\n\t\t\t\t\t\t<div class=\"faq-item-answer-text\"> <p>Elfsight ofrece una soluci\u00f3n en la nube que permite a una amplia audiencia crear un widget de bolsa de trabajo usted mismo; observe lo simple que es el proceso: vaya a la demostraci\u00f3n en l\u00ednea para crear un widget de bolsa de trabajo que le gustar\u00eda integrar en su sitio web WooCommerce. Elija una de las plantillas ya preparadas y cambie la configuraci\u00f3n de la Bolsa de Trabajo, cambie el dise\u00f1o y las combinaciones de colores para incluir su contenido, sin necesidad de conocimientos de codificaci\u00f3n. Guarde la bolsa de trabajo y obtenga el c\u00f3digo de instalaci\u00f3n, que puede incluir f\u00e1cilmente en la p\u00e1gina de inicio de WooCommerce sin necesidad de comprar una suscripci\u00f3n paga. Con la ayuda de nuestro editor f\u00e1cil de usar, cualquier usuario de Internet puede crear un widget de bolsa de trabajo en l\u00ednea e incrustarlo f\u00e1cilmente en el sitio WooCommerce. No es necesario obtener un plan pago ni ingresar las credenciales de su tarjeta para acceder a nuestro servicio. Si encuentra alg\u00fan obst\u00e1culo en alg\u00fan paso, no dude en ponerse en contacto con nuestro equipo de soporte t\u00e9cnico.<\/p> <\/div>\r\n\t\t\t\t\t<\/div>\r\n\t\t\t\t<\/div> <\/div><\/div>","protected":false},"excerpt":{"rendered":"","protected":false},"author":9,"featured_media":0,"parent":2077,"menu_order":0,"comment_status":"closed","ping_status":"closed","template":"templates\/template-application-platform.php","meta":{"publish_to_discourse":"","publish_post_category":"","wpdc_auto_publish_overridden":"","wpdc_topic_tags":"","wpdc_pin_topic":"","wpdc_pin_until":"","discourse_post_id":"","discourse_permalink":"","wpdc_publishing_response":"","wpdc_publishing_error":"","footnotes":""},"class_list":["post-5771","page","type-page","status-publish","hentry"],"yoast_head":"<!-- This site is optimized with the Yoast SEO plugin v25.3.1 - https:\/\/yoast.com\/wordpress\/plugins\/seo\/ -->\n<title>Complemento WooCommerce Job Board: agregue ofertas de trabajo a su sitio (2025)<\/title>\n<meta name=\"description\" content=\"\u00a1Integre un complemento de bolsa de trabajo responsivo en su sitio web WooCommerce y permita que sus empleados potenciales vean las vacantes abiertas!\" \/>\n<meta name=\"robots\" content=\"index, follow, max-snippet:-1, max-image-preview:large, max-video-preview:-1\" \/>\n<link rel=\"canonical\" href=\"https:\/\/elfsight.com\/es\/job-board-widget\/woocommerce\/\" \/>\n<meta property=\"og:locale\" content=\"es_ES\" \/>\n<meta property=\"og:type\" content=\"article\" \/>\n<meta property=\"og:title\" content=\"Complemento WooCommerce Job Board: agregue ofertas de trabajo a su sitio (2025)\" \/>\n<meta property=\"og:description\" content=\"\u00a1Integre un complemento de bolsa de trabajo responsivo en su sitio web WooCommerce y permita que sus empleados potenciales vean las vacantes abiertas!\" \/>\n<meta property=\"og:url\" content=\"https:\/\/elfsight.com\/es\/job-board-widget\/woocommerce\/\" \/>\n<meta property=\"og:site_name\" content=\"Elfsight ES\" \/>\n<meta property=\"article:modified_time\" content=\"2025-02-06T16:11:04+00:00\" \/>\n<meta name=\"twitter:card\" content=\"summary_large_image\" \/>\n<meta name=\"twitter:label1\" content=\"Tiempo de lectura\" \/>\n\t<meta name=\"twitter:data1\" content=\"3 minutos\" \/>\n<!-- \/ Yoast SEO plugin. -->","yoast_head_json":{"title":"Complemento WooCommerce Job Board: agregue ofertas de trabajo a su sitio (2025)","description":"\u00a1Integre un complemento de bolsa de trabajo responsivo en su sitio web WooCommerce y permita que sus empleados potenciales vean las vacantes abiertas!","robots":{"index":"index","follow":"follow","max-snippet":"max-snippet:-1","max-image-preview":"max-image-preview:large","max-video-preview":"max-video-preview:-1"},"canonical":"https:\/\/elfsight.com\/es\/job-board-widget\/woocommerce\/","og_locale":"es_ES","og_type":"article","og_title":"Complemento WooCommerce Job Board: agregue ofertas de trabajo a su sitio (2025)","og_description":"\u00a1Integre un complemento de bolsa de trabajo responsivo en su sitio web WooCommerce y permita que sus empleados potenciales vean las vacantes abiertas!","og_url":"https:\/\/elfsight.com\/es\/job-board-widget\/woocommerce\/","og_site_name":"Elfsight ES","article_modified_time":"2025-02-06T16:11:04+00:00","twitter_card":"summary_large_image","twitter_misc":{"Tiempo de lectura":"3 minutos"},"schema":{"@context":"https:\/\/schema.org","@graph":[{"@type":"WebPage","@id":"https:\/\/elfsight.com\/es\/job-board-widget\/woocommerce\/","url":"https:\/\/elfsight.com\/es\/job-board-widget\/woocommerce\/","name":"Complemento WooCommerce Job Board: agregue ofertas de trabajo a su sitio (2025)","isPartOf":{"@id":"https:\/\/elfsight.com\/es\/#website"},"datePublished":"1970-01-01T00:00:00+00:00","dateModified":"2025-02-06T16:11:04+00:00","description":"\u00a1Integre un complemento de bolsa de trabajo responsivo en su sitio web WooCommerce y permita que sus empleados potenciales vean las vacantes abiertas!","breadcrumb":{"@id":"https:\/\/elfsight.com\/es\/job-board-widget\/woocommerce\/#breadcrumb"},"inLanguage":"es","potentialAction":[{"@type":"ReadAction","target":["https:\/\/elfsight.com\/es\/job-board-widget\/woocommerce\/"]}]},{"@type":"BreadcrumbList","@id":"https:\/\/elfsight.com\/es\/job-board-widget\/woocommerce\/#breadcrumb","itemListElement":[{"@type":"ListItem","position":1,"name":"Home","item":"https:\/\/elfsight.com\/es\/"},{"@type":"ListItem","position":2,"name":"Job Board","item":"https:\/\/elfsight.com\/es\/job-board-widget\/"},{"@type":"ListItem","position":3,"name":"Job Board &#8211; WooCommerce"}]},{"@type":"WebSite","@id":"https:\/\/elfsight.com\/es\/#website","url":"https:\/\/elfsight.com\/es\/","name":"Elfsight ES","description":"Just another Elfsight Sites site","potentialAction":[{"@type":"SearchAction","target":{"@type":"EntryPoint","urlTemplate":"https:\/\/elfsight.com\/es\/?s={search_term_string}"},"query-input":{"@type":"PropertyValueSpecification","valueRequired":true,"valueName":"search_term_string"}}],"inLanguage":"es"}]}},"meta_box":{"industry":"","seo_heading":"","heading":"","description":"","cta_heading":"","cta_description":"","application":"2075","h1":"Complemento de la bolsa de trabajo de WooCommerce","h1_caption":"Publique vacantes abiertas y recopile curr\u00edculums de sus trabajadores potenciales","application_category":[],"applications_title":"","applications_request_title":"","applications_request_button_text":"","hero_text":"","hero_video":"","hero_video_schema_markup":"","selling_points_title":"","selling_points_caption":"","selling_points":[],"selling_points_cta_text":"","features_title":"","features":"","ed_cta_examples_text":"","ed_cta_examples_hidden":"","ed_cta_demo_text":"","ed_cta_demo_hidden":"","why_caption":"","why_editor_title":"","why_editor_text":"","why_team_title":"","why_team_text":"","why_service_title":"","why_service_text":"","template_catalog_visible":"","template_catalog_title":"","template_catalog_text":"","template_catalog_categories_visible":"","demo_title":"Crea tu aplicaci\u00f3n Bolsa de Trabajo","demo_caption":"\u00a1Configure su bolsa de trabajo y agr\u00e9guela a su sitio web WooCommerce de forma gratuita!","default_faq_hidden":"","app_template_category":[],"platform":"2311","template_public_id":"","codecanyon_url":"","codecanyon_item_id":"","codecanyon_price":"","pricing_caption":"","pricing_elfsight_apps_hide_column":"","pricing_elfsight_apps_url":"","pricing_codecanyon_price_caption":"","integration_category":[],"integration_request_title":"","integration_request_cta":"","integration_platform":"","integrations":[],"platform_category":[],"video_schema_markup":"","price":"desde $0 \/ mes","trial":"","benefits":[{"text":"Ayuda de instalaci\u00f3n gratuita"},{"text":"Atenci\u00f3n al cliente experimentada"},{"text":"Garant\u00eda de devoluci\u00f3n de dinero de 14 d\u00edas"},{"text":"Actualizando constantemente"}],"button_url":"#demo","button_target_blank":"","button_nofollow":"","attributes":[{"name":"Instalaciones","content":"10,000 - 100,000"},{"name":"Sensible","content":"S\u00ed"},{"name":"Navegadores compatibles","content":"Firefox, Safari, Opera, Chrome, Edge"}],"tags":[],"tags_disable_links":"","hide_more_platforms":"","video_object":"","demo_hide_cta":"","demo_hide_cloud_options":"","pricing_title":"","pricing":[{"pricing_icon":"platform","pricing_title":"Elfsight Apps","pricing_title_caption":"Soluci\u00f3n digital multiplataforma que se adapta a cualquier sitio","pricing_price":"desde $0 \/ mes","pricing_price_caption":"comienza con un plan gratuito","pricing_benefits":[{"text":"Dominios ilimitados"},{"text":"Soporte empresarial premium"},{"text":"Asistencia de instalaci\u00f3n gratuita"},{"text":"Dise\u00f1o flexible"}],"pricing_button_text":"A\u00f1adir al sitio web","pricing_button_url":"#demo"}],"related_apps_title":"","related_apps_hidden":"","author":"","image":[],"title":"","job":"","social_networks":[]},"_links":{"self":[{"href":"https:\/\/elfsight.com\/es\/wp-json\/wp\/v2\/pages\/5771","targetHints":{"allow":["GET"]}}],"collection":[{"href":"https:\/\/elfsight.com\/es\/wp-json\/wp\/v2\/pages"}],"about":[{"href":"https:\/\/elfsight.com\/es\/wp-json\/wp\/v2\/types\/page"}],"author":[{"embeddable":true,"href":"https:\/\/elfsight.com\/es\/wp-json\/wp\/v2\/users\/9"}],"replies":[{"embeddable":true,"href":"https:\/\/elfsight.com\/es\/wp-json\/wp\/v2\/comments?post=5771"}],"version-history":[{"count":2,"href":"https:\/\/elfsight.com\/es\/wp-json\/wp\/v2\/pages\/5771\/revisions"}],"predecessor-version":[{"id":19327,"href":"https:\/\/elfsight.com\/es\/wp-json\/wp\/v2\/pages\/5771\/revisions\/19327"}],"up":[{"embeddable":true,"href":"https:\/\/elfsight.com\/es\/wp-json\/wp\/v2\/pages\/2077"}],"wp:attachment":[{"href":"https:\/\/elfsight.com\/es\/wp-json\/wp\/v2\/media?parent=5771"}],"curies":[{"name":"wp","href":"https:\/\/api.w.org\/{rel}","templated":true}]}}