{"id":5770,"date":"1970-01-01T00:00:00","date_gmt":"1970-01-01T00:00:00","guid":{"rendered":"https:\/\/elfsight.com\/es\/?page_id=5770"},"modified":"2025-02-06T16:11:04","modified_gmt":"2025-02-06T16:11:04","slug":"wix","status":"publish","type":"page","link":"https:\/\/elfsight.com\/es\/job-board-widget\/wix\/","title":{"rendered":"Job Board &#8211; Wix"},"content":{"rendered":"<div class=\"application-platform-content-item-description application-platform-content-item\" id=\"description\" data-nav-section=\"description\"> <h2>Descripci\u00f3n<\/h2> <p>La Bolsa de Trabajo para Wix es una aplicaci\u00f3n sorprendente que te brinda la oportunidad de demostrar vacantes de trabajo y recibir CV de los solicitantes directamente en tu sitio web de la manera m\u00e1s sencilla. Con nuestra nueva herramienta podr\u00e1s dar a conocer tu empresa, publicar informaci\u00f3n sobre vacantes abiertas y obtener curr\u00edculums. El widget le ofrece darle forma a una tarjeta de trabajo acompa\u00f1ada de una descripci\u00f3n precisa y un bot\u00f3n Aplicar. El uso de Elfsight Job Board le permite agilizar el proceso de contrataci\u00f3n y obtener respuestas a las ofertas de trabajo con un solo clic. <\/p> <p><b>Cree f\u00e1cilmente las ofertas de trabajo y botones de CTA m\u00e1s atractivos para motivar a m\u00e1s posibles empleados a trabajar con usted<\/b><\/p> <\/div> <div class=\"application-platform-content-item-features application-platform-content-item\" id=\"features\" data-nav-section=\"features\"> <h2>El widget incluye funciones \u00fatiles y r\u00e1pidas, consulte algunas de ellas: <\/h2> <ul><li>Cree un enlace Aplicar para dirigir a los empleados potenciales a la p\u00e1gina que recopila CV<\/li><li>Muestre las vacantes de la manera m\u00e1s atractiva<\/li><li>Agregue tantos trabajos como desee<\/li><li>Agregue informaci\u00f3n sobre el trabajo: habilidades necesarias, salario y puesto de trabajo<\/li><li>Deje los datos de contacto: departamento, el nombre de su empresa y ubicaci\u00f3n<\/li><\/ul><p><a href=\"#demo\">Puede comprobar cu\u00e1nto vale el widget con la ayuda de la demostraci\u00f3n<\/a><\/p> <\/div> <div class=\"application-platform-content-item-installation application-platform-content-item\" id=\"installation\" data-nav-section=\"installation\"> <h2>\u00bfC\u00f3mo puedo insertar una bolsa de trabajo en mi sitio web Wix? <\/h2> <p>Simplemente siga varios pasos que se presentan a continuaci\u00f3n para comenzar a trabajar con la aplicaci\u00f3n. <\/p> <ol><li><b>Inicie nuestro configurador gratuito y comience a darle forma a su aplicaci\u00f3n personalizada. <\/b><br> Especifique la forma y funcionalidad adecuadas del complemento y aplique las correcciones. <\/li> <li><b>Reciba el c\u00f3digo personal expuesto en el formulario especial en Elfsight Apps. <\/b><br> Tan pronto como finalice la configuraci\u00f3n de su aplicaci\u00f3n personal, copie el c\u00f3digo exclusivo en la ventana que aparece y gu\u00e1rdelo para uso futuro. <\/li> <li><b>Inicia la aplicaci\u00f3n de la aplicaci\u00f3n en tu sitio web Wix. <\/b><br>Incruste el c\u00f3digo guardado recientemente en su p\u00e1gina web y aplique las ediciones. <\/li> <li><b>La instalaci\u00f3n est\u00e1 totalmente terminada. <\/b><br>Entra en su p\u00e1gina web para ver el funcionamiento de la aplicaci\u00f3n. <\/li><\/ol> <p>Con la condici\u00f3n de afrontar consultas o enfrentar cualquier dificultad, no dude en recurrir a nuestro equipo de atenci\u00f3n al cliente. Nuestra gente est\u00e1 deseando resolver todas las dudas que puedas tener con el widget. <\/p> <div class=\"faq\" data-component=\"FAQ\"><div class=\"faq-item\">\r\n\t\t\t\t\t<div class=\"faq-item-question\">\r\n\t\t\t\t\t\t<h3 class=\"faq-item-question-text\">\u00bfDe qu\u00e9 manera puedo agregar una bolsa de trabajo a mi sitio Wix sin experiencia en codificaci\u00f3n?<\/h3>\r\n\r\n\t\t\t\t\t\t<div class=\"faq-item-question-icon\"><\/div>\r\n\t\t\t\t\t<\/div>\r\n\r\n\t\t\t\t\t<div class=\"faq-item-answer\">\r\n\t\t\t\t\t\t<div class=\"faq-item-answer-text\"> <p>Elfsight proporciona una soluci\u00f3n en la nube que permite a las personas crear una aplicaci\u00f3n de bolsa de trabajo usted mismo. Descubra lo f\u00e1cil que es el proceso: trabaje directamente en el editor en vivo para crear una aplicaci\u00f3n de bolsa de trabajo que le gustar\u00eda insertar en su sitio Wix. Elija una de las muchas plantillas predise\u00f1adas y cambie la configuraci\u00f3n de la Bolsa de Trabajo, incluya su contenido, modifique el dise\u00f1o y la combinaci\u00f3n de colores sin conocimientos de codificaci\u00f3n. Haz clic para guardar la configuraci\u00f3n que has realizado en la bolsa de trabajo y obtener su c\u00f3digo de instalaci\u00f3n, que puede integrarse f\u00e1cilmente en cualquier sitio Wix sin comprar una suscripci\u00f3n paga. Al trabajar en nuestro editor f\u00e1cil de usar, cada usuario de Internet puede generar un widget de bolsa de trabajo y agregarlo f\u00e1cilmente a cualquier p\u00e1gina web de Wix. No es necesario obtener una suscripci\u00f3n paga ni ingresar las credenciales de su tarjeta para ingresar a Elfsight Editor. Si encuentra alg\u00fan problema de cualquier tipo, contin\u00fae y comun\u00edquese con nuestro equipo de soporte t\u00e9cnico.<\/p> <\/div>\r\n\t\t\t\t\t<\/div>\r\n\t\t\t\t<\/div> <\/div><\/div>","protected":false},"excerpt":{"rendered":"","protected":false},"author":9,"featured_media":0,"parent":2077,"menu_order":0,"comment_status":"closed","ping_status":"closed","template":"templates\/template-application-platform.php","meta":{"publish_to_discourse":"","publish_post_category":"","wpdc_auto_publish_overridden":"","wpdc_topic_tags":"","wpdc_pin_topic":"","wpdc_pin_until":"","discourse_post_id":"","discourse_permalink":"","wpdc_publishing_response":"","wpdc_publishing_error":"","footnotes":""},"class_list":["post-5770","page","type-page","status-publish","hentry"],"yoast_head":"<!-- This site is optimized with the Yoast SEO plugin v25.3.1 - https:\/\/yoast.com\/wordpress\/plugins\/seo\/ -->\n<title>Aplicaci\u00f3n Wix Job Board: agrega ofertas de trabajo a Wix (2025)<\/title>\n<meta name=\"description\" content=\"Inserta una aplicaci\u00f3n de Bolsa de Trabajo responsiva en tu sitio web Wix y deja que los empleados potenciales vean las vacantes abiertas r\u00e1pidamente.\" \/>\n<meta name=\"robots\" content=\"index, follow, max-snippet:-1, max-image-preview:large, max-video-preview:-1\" \/>\n<link rel=\"canonical\" href=\"https:\/\/elfsight.com\/es\/job-board-widget\/wix\/\" \/>\n<meta property=\"og:locale\" content=\"es_ES\" \/>\n<meta property=\"og:type\" content=\"article\" \/>\n<meta property=\"og:title\" content=\"Aplicaci\u00f3n Wix Job Board: agrega ofertas de trabajo a Wix (2025)\" \/>\n<meta property=\"og:description\" content=\"Inserta una aplicaci\u00f3n de Bolsa de Trabajo responsiva en tu sitio web Wix y deja que los empleados potenciales vean las vacantes abiertas r\u00e1pidamente.\" \/>\n<meta property=\"og:url\" content=\"https:\/\/elfsight.com\/es\/job-board-widget\/wix\/\" \/>\n<meta property=\"og:site_name\" content=\"Elfsight ES\" \/>\n<meta property=\"article:modified_time\" content=\"2025-02-06T16:11:04+00:00\" \/>\n<meta name=\"twitter:card\" content=\"summary_large_image\" \/>\n<meta name=\"twitter:label1\" content=\"Tiempo de lectura\" \/>\n\t<meta name=\"twitter:data1\" content=\"3 minutos\" \/>\n<!-- \/ Yoast SEO plugin. -->","yoast_head_json":{"title":"Aplicaci\u00f3n Wix Job Board: agrega ofertas de trabajo a Wix (2025)","description":"Inserta una aplicaci\u00f3n de Bolsa de Trabajo responsiva en tu sitio web Wix y deja que los empleados potenciales vean las vacantes abiertas r\u00e1pidamente.","robots":{"index":"index","follow":"follow","max-snippet":"max-snippet:-1","max-image-preview":"max-image-preview:large","max-video-preview":"max-video-preview:-1"},"canonical":"https:\/\/elfsight.com\/es\/job-board-widget\/wix\/","og_locale":"es_ES","og_type":"article","og_title":"Aplicaci\u00f3n Wix Job Board: agrega ofertas de trabajo a Wix (2025)","og_description":"Inserta una aplicaci\u00f3n de Bolsa de Trabajo responsiva en tu sitio web Wix y deja que los empleados potenciales vean las vacantes abiertas r\u00e1pidamente.","og_url":"https:\/\/elfsight.com\/es\/job-board-widget\/wix\/","og_site_name":"Elfsight ES","article_modified_time":"2025-02-06T16:11:04+00:00","twitter_card":"summary_large_image","twitter_misc":{"Tiempo de lectura":"3 minutos"},"schema":{"@context":"https:\/\/schema.org","@graph":[{"@type":"WebPage","@id":"https:\/\/elfsight.com\/es\/job-board-widget\/wix\/","url":"https:\/\/elfsight.com\/es\/job-board-widget\/wix\/","name":"Aplicaci\u00f3n Wix Job Board: agrega ofertas de trabajo a Wix (2025)","isPartOf":{"@id":"https:\/\/elfsight.com\/es\/#website"},"datePublished":"1970-01-01T00:00:00+00:00","dateModified":"2025-02-06T16:11:04+00:00","description":"Inserta una aplicaci\u00f3n de Bolsa de Trabajo responsiva en tu sitio web Wix y deja que los empleados potenciales vean las vacantes abiertas r\u00e1pidamente.","breadcrumb":{"@id":"https:\/\/elfsight.com\/es\/job-board-widget\/wix\/#breadcrumb"},"inLanguage":"es","potentialAction":[{"@type":"ReadAction","target":["https:\/\/elfsight.com\/es\/job-board-widget\/wix\/"]}]},{"@type":"BreadcrumbList","@id":"https:\/\/elfsight.com\/es\/job-board-widget\/wix\/#breadcrumb","itemListElement":[{"@type":"ListItem","position":1,"name":"Home","item":"https:\/\/elfsight.com\/es\/"},{"@type":"ListItem","position":2,"name":"Job Board","item":"https:\/\/elfsight.com\/es\/job-board-widget\/"},{"@type":"ListItem","position":3,"name":"Job Board &#8211; Wix"}]},{"@type":"WebSite","@id":"https:\/\/elfsight.com\/es\/#website","url":"https:\/\/elfsight.com\/es\/","name":"Elfsight ES","description":"Just another Elfsight Sites site","potentialAction":[{"@type":"SearchAction","target":{"@type":"EntryPoint","urlTemplate":"https:\/\/elfsight.com\/es\/?s={search_term_string}"},"query-input":{"@type":"PropertyValueSpecification","valueRequired":true,"valueName":"search_term_string"}}],"inLanguage":"es"}]}},"meta_box":{"industry":"","seo_heading":"","heading":"","description":"","cta_heading":"","cta_description":"","application":"2075","h1":"Aplicaci\u00f3n Wix Job Board","h1_caption":"Publica anuncios de vacantes y obt\u00e9n CV de tus potenciales trabajadores","application_category":[],"applications_title":"","applications_request_title":"","applications_request_button_text":"","hero_text":"","hero_video":"","hero_video_schema_markup":"","selling_points_title":"","selling_points_caption":"","selling_points":[],"selling_points_cta_text":"","features_title":"","features":"","ed_cta_examples_text":"","ed_cta_examples_hidden":"","ed_cta_demo_text":"","ed_cta_demo_hidden":"","why_caption":"","why_editor_title":"","why_editor_text":"","why_team_title":"","why_team_text":"","why_service_title":"","why_service_text":"","template_catalog_visible":"","template_catalog_title":"","template_catalog_text":"","template_catalog_categories_visible":"","demo_title":"Crea tu aplicaci\u00f3n Bolsa de Trabajo","demo_caption":"\u00a1Configura tu bolsa de trabajo y agr\u00e9gala a tu sitio web Wix gratis!","default_faq_hidden":"","app_template_category":[],"platform":"112","template_public_id":"","codecanyon_url":"","codecanyon_item_id":"","codecanyon_price":"","pricing_caption":"","pricing_elfsight_apps_hide_column":"","pricing_elfsight_apps_url":"","pricing_codecanyon_price_caption":"","integration_category":[],"integration_request_title":"","integration_request_cta":"","integration_platform":"","integrations":[],"platform_category":[],"video_schema_markup":"","price":"desde $0 \/ mes","trial":"","benefits":[{"text":"Servicio de instalaci\u00f3n gratuito"},{"text":"Servicio al cliente eficaz"},{"text":"Garant\u00eda de devoluci\u00f3n de dinero de 14 d\u00edas"},{"text":"Mejoras futuras"}],"button_url":"#demo","button_target_blank":"","button_nofollow":"","attributes":[{"name":"Instalaciones","content":"10,000 - 100,000"},{"name":"Sensible","content":"S\u00ed"},{"name":"Navegadores compatibles","content":"Firefox, Safari, Opera, Chrome, Edge"}],"tags":[],"tags_disable_links":"","hide_more_platforms":"","video_object":"","demo_hide_cta":"","demo_hide_cloud_options":"","pricing_title":"","pricing":[{"pricing_icon":"platform","pricing_title":"Elfsight Apps","pricing_title_caption":"Versi\u00f3n multiplataforma","pricing_price":"desde $0 \/ mes","pricing_price_caption":"comienza con un plan gratuito","pricing_benefits":[{"text":"Dominios ilimitados"},{"text":"Soporte profesional y bien documentado."},{"text":"Asistencia de instalaci\u00f3n gratuita"},{"text":"100% personalizable"}],"pricing_button_text":"A\u00f1adir al sitio web","pricing_button_url":"#demo"}],"related_apps_title":"","related_apps_hidden":"","author":"","image":[],"title":"","job":"","social_networks":[]},"_links":{"self":[{"href":"https:\/\/elfsight.com\/es\/wp-json\/wp\/v2\/pages\/5770","targetHints":{"allow":["GET"]}}],"collection":[{"href":"https:\/\/elfsight.com\/es\/wp-json\/wp\/v2\/pages"}],"about":[{"href":"https:\/\/elfsight.com\/es\/wp-json\/wp\/v2\/types\/page"}],"author":[{"embeddable":true,"href":"https:\/\/elfsight.com\/es\/wp-json\/wp\/v2\/users\/9"}],"replies":[{"embeddable":true,"href":"https:\/\/elfsight.com\/es\/wp-json\/wp\/v2\/comments?post=5770"}],"version-history":[{"count":2,"href":"https:\/\/elfsight.com\/es\/wp-json\/wp\/v2\/pages\/5770\/revisions"}],"predecessor-version":[{"id":19328,"href":"https:\/\/elfsight.com\/es\/wp-json\/wp\/v2\/pages\/5770\/revisions\/19328"}],"up":[{"embeddable":true,"href":"https:\/\/elfsight.com\/es\/wp-json\/wp\/v2\/pages\/2077"}],"wp:attachment":[{"href":"https:\/\/elfsight.com\/es\/wp-json\/wp\/v2\/media?parent=5770"}],"curies":[{"name":"wp","href":"https:\/\/api.w.org\/{rel}","templated":true}]}}