{"id":5765,"date":"1970-01-01T00:00:00","date_gmt":"1970-01-01T00:00:00","guid":{"rendered":"https:\/\/elfsight.com\/es\/?page_id=5765"},"modified":"2025-02-06T16:11:04","modified_gmt":"2025-02-06T16:11:04","slug":"weebly","status":"publish","type":"page","link":"https:\/\/elfsight.com\/es\/job-board-widget\/weebly\/","title":{"rendered":"Job Board &#8211; Weebly"},"content":{"rendered":"<div class=\"application-platform-content-item-description application-platform-content-item\" id=\"description\" data-nav-section=\"description\"> <h2>Descripci\u00f3n<\/h2> <p>La Bolsa de Trabajo de Weebly es una herramienta extraordinaria que le brinda la oportunidad de revelar ofertas de trabajo y recopilar CV de los solicitantes directamente en su sitio web de la forma m\u00e1s sencilla. Con nuestro nuevo widget, podr\u00e1 presentar su empresa, publicar informaci\u00f3n sobre ofertas de trabajo y obtener curr\u00edculums. El widget le permite crear una tarjeta de trabajo con una descripci\u00f3n detallada y un bot\u00f3n Aplicar. Emplear la bolsa de trabajo de Elfsight le permite agilizar el proceso de contrataci\u00f3n y obtener respuestas a las ofertas de trabajo con unos pocos clics. <\/p> <p><b>Cree r\u00e1pidamente las descripciones de trabajo y los llamados a la acci\u00f3n m\u00e1s atractivos para impulsar a m\u00e1s empleados potenciales a cooperar con usted<\/b><\/p> <\/div> <div class=\"application-platform-content-item-features application-platform-content-item\" id=\"features\" data-nav-section=\"features\"> <h2>El widget tiene funciones poderosas y r\u00e1pidas, estas son algunas de ellas: <\/h2> <ul><li>Agregue un enlace Aplicar para dirigir candidatos potenciales a la p\u00e1gina con CV<\/li><li>Muestre las ofertas de trabajo de la manera m\u00e1s fascinante<\/li><li>Agregue tantas ofertas de trabajo como desee<\/li><li>Describa el trabajo detalladamente e indique: salario, puesto y habilidades requeridas<\/li><li>Deje informaci\u00f3n de contacto: el nombre de su empresa, departamento y ubicaci\u00f3n<\/li><\/ul><p><a href=\"#demo\">Puede descubrir todas las capacidades del widget en la demostraci\u00f3n <\/a><\/p> <\/div> <div class=\"application-platform-content-item-installation application-platform-content-item\" id=\"installation\" data-nav-section=\"installation\"> <h2>\u00bfC\u00f3mo agrego una bolsa de trabajo a mi sitio Weebly? <\/h2> <p>Simplemente siga los siguientes pasos que se describen a continuaci\u00f3n para comenzar a trabajar con la aplicaci\u00f3n. <\/p> <ol><li><b>Realice nuestra demostraci\u00f3n gratuita y comience a crear su aplicaci\u00f3n personalizada. <\/b><br> Especifique el dise\u00f1o y las caracter\u00edsticas deseables de la herramienta y aplique las modificaciones. <\/li> <li><b>Reciba el c\u00f3digo individual revelado en el formulario especial en Elfsight Apps. <\/b><br> Una vez completada la generaci\u00f3n de su complemento, copie el c\u00f3digo exclusivo de la ventana emergente que aparece y gu\u00e1rdelo para futuras necesidades. <\/li> <li><b>Inicie la utilizaci\u00f3n del widget en su sitio web Weebly. <\/b><br>Integre el c\u00f3digo copiado anteriormente en su sitio web y aplique las correcciones. <\/li> <li><b>\u00a1Ya terminaste! La empotraci\u00f3n est\u00e1 totalmente terminada. <\/b><br> Vaya a su sitio web para examinar c\u00f3mo funciona la herramienta. <\/li><\/ol> <p>En caso de que tenga preguntas o tenga algunos problemas, no tema buscar ayuda de nuestro equipo de soporte. Nuestros consultores estar\u00e1n encantados de resolver todas las dificultades que pueda tener con el complemento. <\/p> <div class=\"faq\" data-component=\"FAQ\"><div class=\"faq-item\">\r\n\t\t\t\t\t<div class=\"faq-item-question\">\r\n\t\t\t\t\t\t<h3 class=\"faq-item-question-text\">\u00bfC\u00f3mo insertar una bolsa de trabajo en mi p\u00e1gina de inicio de Weebly sin conocimientos de codificaci\u00f3n?<\/h3>\r\n\r\n\t\t\t\t\t\t<div class=\"faq-item-question-icon\"><\/div>\r\n\t\t\t\t\t<\/div>\r\n\r\n\t\t\t\t\t<div class=\"faq-item-answer\">\r\n\t\t\t\t\t\t<div class=\"faq-item-answer-text\"> <p>La empresa Elfsight ofrece una soluci\u00f3n que permite a los usuarios generar un complemento de bolsa de trabajo por s\u00ed mismos. Compruebe lo f\u00e1cil que es: vaya a la demostraci\u00f3n en vivo para establecer un widget de bolsa de trabajo que le gustar\u00eda insertar en el sitio web de Weebly. Haga clic en una de las muchas plantillas predise\u00f1adas y modifique la configuraci\u00f3n de la bolsa de trabajo, incluya su contenido, transforme el dise\u00f1o y el color de los elementos sin experiencia en codificaci\u00f3n. Haga clic para guardar la bolsa de trabajo y obtener el c\u00f3digo de instalaci\u00f3n, que puede pegar sin esfuerzo en la p\u00e1gina de inicio de Weebly de forma gratuita. Al trabajar en nuestro Configurador intuitivo, cualquier usuario de Internet puede crear un complemento de Bolsa de Trabajo e incrustarlo f\u00e1cilmente en el sitio web de Weebly. No es necesario obtener una suscripci\u00f3n paga ni enviar los datos de su tarjeta para acceder al Editor. Si tiene alg\u00fan problema en alg\u00fan paso, contin\u00fae y comun\u00edquese con nuestro personal de soporte.<\/p> <\/div>\r\n\t\t\t\t\t<\/div>\r\n\t\t\t\t<\/div> <\/div><\/div>","protected":false},"excerpt":{"rendered":"","protected":false},"author":9,"featured_media":0,"parent":2077,"menu_order":0,"comment_status":"closed","ping_status":"closed","template":"templates\/template-application-platform.php","meta":{"publish_to_discourse":"","publish_post_category":"","wpdc_auto_publish_overridden":"","wpdc_topic_tags":"","wpdc_pin_topic":"","wpdc_pin_until":"","discourse_post_id":"","discourse_permalink":"","wpdc_publishing_response":"","wpdc_publishing_error":"","footnotes":""},"class_list":["post-5765","page","type-page","status-publish","hentry"],"yoast_head":"<!-- This site is optimized with the Yoast SEO plugin v25.3.1 - https:\/\/yoast.com\/wordpress\/plugins\/seo\/ -->\n<title>Aplicaci\u00f3n Weebly Job Board: agregue ofertas de trabajo a Weebly (2025)<\/title>\n<meta name=\"description\" content=\"\u00a1Agregue una aplicaci\u00f3n de bolsa de trabajo responsiva en su sitio Weebly y permita que sus empleados potenciales exploren las vacantes abiertas!\" \/>\n<meta name=\"robots\" content=\"index, follow, max-snippet:-1, max-image-preview:large, max-video-preview:-1\" \/>\n<link rel=\"canonical\" href=\"https:\/\/elfsight.com\/es\/job-board-widget\/weebly\/\" \/>\n<meta property=\"og:locale\" content=\"es_ES\" \/>\n<meta property=\"og:type\" content=\"article\" \/>\n<meta property=\"og:title\" content=\"Aplicaci\u00f3n Weebly Job Board: agregue ofertas de trabajo a Weebly (2025)\" \/>\n<meta property=\"og:description\" content=\"\u00a1Agregue una aplicaci\u00f3n de bolsa de trabajo responsiva en su sitio Weebly y permita que sus empleados potenciales exploren las vacantes abiertas!\" \/>\n<meta property=\"og:url\" content=\"https:\/\/elfsight.com\/es\/job-board-widget\/weebly\/\" \/>\n<meta property=\"og:site_name\" content=\"Elfsight ES\" \/>\n<meta property=\"article:modified_time\" content=\"2025-02-06T16:11:04+00:00\" \/>\n<meta name=\"twitter:card\" content=\"summary_large_image\" \/>\n<meta name=\"twitter:label1\" content=\"Tiempo de lectura\" \/>\n\t<meta name=\"twitter:data1\" content=\"3 minutos\" \/>\n<!-- \/ Yoast SEO plugin. -->","yoast_head_json":{"title":"Aplicaci\u00f3n Weebly Job Board: agregue ofertas de trabajo a Weebly (2025)","description":"\u00a1Agregue una aplicaci\u00f3n de bolsa de trabajo responsiva en su sitio Weebly y permita que sus empleados potenciales exploren las vacantes abiertas!","robots":{"index":"index","follow":"follow","max-snippet":"max-snippet:-1","max-image-preview":"max-image-preview:large","max-video-preview":"max-video-preview:-1"},"canonical":"https:\/\/elfsight.com\/es\/job-board-widget\/weebly\/","og_locale":"es_ES","og_type":"article","og_title":"Aplicaci\u00f3n Weebly Job Board: agregue ofertas de trabajo a Weebly (2025)","og_description":"\u00a1Agregue una aplicaci\u00f3n de bolsa de trabajo responsiva en su sitio Weebly y permita que sus empleados potenciales exploren las vacantes abiertas!","og_url":"https:\/\/elfsight.com\/es\/job-board-widget\/weebly\/","og_site_name":"Elfsight ES","article_modified_time":"2025-02-06T16:11:04+00:00","twitter_card":"summary_large_image","twitter_misc":{"Tiempo de lectura":"3 minutos"},"schema":{"@context":"https:\/\/schema.org","@graph":[{"@type":"WebPage","@id":"https:\/\/elfsight.com\/es\/job-board-widget\/weebly\/","url":"https:\/\/elfsight.com\/es\/job-board-widget\/weebly\/","name":"Aplicaci\u00f3n Weebly Job Board: agregue ofertas de trabajo a Weebly (2025)","isPartOf":{"@id":"https:\/\/elfsight.com\/es\/#website"},"datePublished":"1970-01-01T00:00:00+00:00","dateModified":"2025-02-06T16:11:04+00:00","description":"\u00a1Agregue una aplicaci\u00f3n de bolsa de trabajo responsiva en su sitio Weebly y permita que sus empleados potenciales exploren las vacantes abiertas!","breadcrumb":{"@id":"https:\/\/elfsight.com\/es\/job-board-widget\/weebly\/#breadcrumb"},"inLanguage":"es","potentialAction":[{"@type":"ReadAction","target":["https:\/\/elfsight.com\/es\/job-board-widget\/weebly\/"]}]},{"@type":"BreadcrumbList","@id":"https:\/\/elfsight.com\/es\/job-board-widget\/weebly\/#breadcrumb","itemListElement":[{"@type":"ListItem","position":1,"name":"Home","item":"https:\/\/elfsight.com\/es\/"},{"@type":"ListItem","position":2,"name":"Job Board","item":"https:\/\/elfsight.com\/es\/job-board-widget\/"},{"@type":"ListItem","position":3,"name":"Job Board &#8211; Weebly"}]},{"@type":"WebSite","@id":"https:\/\/elfsight.com\/es\/#website","url":"https:\/\/elfsight.com\/es\/","name":"Elfsight ES","description":"Just another Elfsight Sites site","potentialAction":[{"@type":"SearchAction","target":{"@type":"EntryPoint","urlTemplate":"https:\/\/elfsight.com\/es\/?s={search_term_string}"},"query-input":{"@type":"PropertyValueSpecification","valueRequired":true,"valueName":"search_term_string"}}],"inLanguage":"es"}]}},"meta_box":{"industry":"","seo_heading":"","heading":"","description":"","cta_heading":"","cta_description":"","application":"2075","h1":"Aplicaci\u00f3n Bolsa de Trabajo Weebly","h1_caption":"Publicar vacantes abiertas y obtener CV de empleados potenciales","application_category":[],"applications_title":"","applications_request_title":"","applications_request_button_text":"","hero_text":"","hero_video":"","hero_video_schema_markup":"","selling_points_title":"","selling_points_caption":"","selling_points":[],"selling_points_cta_text":"","features_title":"","features":"","ed_cta_examples_text":"","ed_cta_examples_hidden":"","ed_cta_demo_text":"","ed_cta_demo_hidden":"","why_caption":"","why_editor_title":"","why_editor_text":"","why_team_title":"","why_team_text":"","why_service_title":"","why_service_text":"","template_catalog_visible":"","template_catalog_title":"","template_catalog_text":"","template_catalog_categories_visible":"","demo_title":"Crea tu aplicaci\u00f3n Bolsa de Trabajo","demo_caption":"\u00a1Configura tu bolsa de trabajo y agr\u00e9gala a tu sitio web Weebly gratis!","default_faq_hidden":"","app_template_category":[],"platform":"109","template_public_id":"","codecanyon_url":"","codecanyon_item_id":"","codecanyon_price":"","pricing_caption":"","pricing_elfsight_apps_hide_column":"","pricing_elfsight_apps_url":"","pricing_codecanyon_price_caption":"","integration_category":[],"integration_request_title":"","integration_request_cta":"","integration_platform":"","integrations":[],"platform_category":[],"video_schema_markup":"","price":"desde $0 \/ mes","trial":"","benefits":[{"text":"Ayuda de instalaci\u00f3n gratuita"},{"text":"Servicio al cliente profesional"},{"text":"Garant\u00eda de devoluci\u00f3n de dinero de 14 d\u00edas"},{"text":"Desarrollo continuo"}],"button_url":"#demo","button_target_blank":"","button_nofollow":"","attributes":[{"name":"Instalaciones","content":"10,000 - 100,000"},{"name":"Sensible","content":"S\u00ed"},{"name":"Navegadores compatibles","content":"Firefox, Safari, Opera, Chrome, Edge"}],"tags":[],"tags_disable_links":"","hide_more_platforms":"","video_object":"","demo_hide_cta":"","demo_hide_cloud_options":"","pricing_title":"","pricing":[{"pricing_icon":"platform","pricing_title":"Elfsight Apps","pricing_title_caption":"Soluci\u00f3n multiplataforma que funciona en cualquier sitio web","pricing_price":"desde $0 \/ mes","pricing_price_caption":"comienza con un plan gratuito","pricing_benefits":[{"text":"Dominios ilimitados"},{"text":"Soporte empresarial 24 horas al d\u00eda, 7 d\u00edas a la semana"},{"text":"Asistencia de instalaci\u00f3n gratuita"},{"text":"100% personalizable"}],"pricing_button_text":"A\u00f1adir al sitio web","pricing_button_url":"#demo"}],"related_apps_title":"","related_apps_hidden":"","author":"","image":[],"title":"","job":"","social_networks":[]},"_links":{"self":[{"href":"https:\/\/elfsight.com\/es\/wp-json\/wp\/v2\/pages\/5765","targetHints":{"allow":["GET"]}}],"collection":[{"href":"https:\/\/elfsight.com\/es\/wp-json\/wp\/v2\/pages"}],"about":[{"href":"https:\/\/elfsight.com\/es\/wp-json\/wp\/v2\/types\/page"}],"author":[{"embeddable":true,"href":"https:\/\/elfsight.com\/es\/wp-json\/wp\/v2\/users\/9"}],"replies":[{"embeddable":true,"href":"https:\/\/elfsight.com\/es\/wp-json\/wp\/v2\/comments?post=5765"}],"version-history":[{"count":2,"href":"https:\/\/elfsight.com\/es\/wp-json\/wp\/v2\/pages\/5765\/revisions"}],"predecessor-version":[{"id":19329,"href":"https:\/\/elfsight.com\/es\/wp-json\/wp\/v2\/pages\/5765\/revisions\/19329"}],"up":[{"embeddable":true,"href":"https:\/\/elfsight.com\/es\/wp-json\/wp\/v2\/pages\/2077"}],"wp:attachment":[{"href":"https:\/\/elfsight.com\/es\/wp-json\/wp\/v2\/media?parent=5765"}],"curies":[{"name":"wp","href":"https:\/\/api.w.org\/{rel}","templated":true}]}}