{"id":5763,"date":"1970-01-01T00:00:00","date_gmt":"1970-01-01T00:00:00","guid":{"rendered":"https:\/\/elfsight.com\/es\/?page_id=5763"},"modified":"2025-02-06T16:11:12","modified_gmt":"2025-02-06T16:11:12","slug":"webflow","status":"publish","type":"page","link":"https:\/\/elfsight.com\/es\/job-board-widget\/webflow\/","title":{"rendered":"Job Board &#8211; Webflow"},"content":{"rendered":"<div class=\"application-platform-content-item-description application-platform-content-item\" id=\"description\" data-nav-section=\"description\"> <h2>Integrar bolsa de trabajo en Webflow con el widget Elfsight<\/h2> <p>La bolsa de trabajo para Webflow es un widget notable que le permite publicar vacantes abiertas y recopilar CV de candidatos en su sitio de la forma m\u00e1s accesible. Al aplicar nuestra nueva herramienta, podr\u00e1 informar sobre su negocio, publicar informaci\u00f3n sobre vacantes abiertas y obtener curr\u00edculums. El widget le permite crear una tarjeta de trabajo con una descripci\u00f3n precisa y un bot\u00f3n Aplicar. El empleo de la Bolsa de Trabajo de Elfsight le permite simplificar el proceso de contrataci\u00f3n y adquirir las respuestas a las ofertas de trabajo con unos pocos clics. <\/p> <p><b>Cree r\u00e1pidamente las ofertas de trabajo y botones de CTA m\u00e1s atractivos para impulsar a m\u00e1s empleados potenciales a cooperar con usted<\/b><\/p> <\/div> <div class=\"application-platform-content-item-features application-platform-content-item\" id=\"features\" data-nav-section=\"features\"> <h2>Estas son solo algunas de las m\u00faltiples funciones del widget: <\/h2> <ul><li>Inserte un enlace Aplicar para dirigir a los usuarios del sitio web a la p\u00e1gina que recopila CV<\/li><li>Muestre las vacantes abiertas de la manera m\u00e1s fascinante<\/li><li>La cantidad de trabajos que puede abrir es ilimitada<\/li><li>Describa el trabajo en detalle e indique: habilidades necesarias, t\u00edtulo del trabajo y salario<\/li><li>Deje informaci\u00f3n de contacto: el nombre de su empresa, departamento y ubicaci\u00f3n<\/li><\/ul><p><a href=\"#demo\">Puede explorar c\u00f3mo funciona el widget con la ayuda de la demostraci\u00f3n<\/a><\/p> <\/div> <div class=\"application-platform-content-item-installation application-platform-content-item\" id=\"installation\" data-nav-section=\"installation\"> <h2>\u00bfC\u00f3mo agrego una bolsa de trabajo a mi sitio web Webflow? <\/h2> <p>Simplemente siga las instrucciones a continuaci\u00f3n para integrar el widget. <\/p> <ol><li><b>Administre nuestro configurador gratuito y comience a crear su widget personalizado. <\/b><br>Especifique el dise\u00f1o personalizado y las especificaciones del complemento y aplique las modificaciones. <\/li> <li><b>Copia tu c\u00f3digo \u00fanico que aparece en la ventana de Elfsight Apps. <\/b><br> Inmediatamente despu\u00e9s de que finalice la generaci\u00f3n de su widget, copie el c\u00f3digo individual de la ventana emergente que aparece y gu\u00e1rdelo para usarlo m\u00e1s adelante. <\/li> <li><b>Comience a utilizar la herramienta en su sitio web Webflow. <\/b><br> Ingrese el c\u00f3digo que copi\u00f3 anteriormente en su p\u00e1gina de inicio y aplique las ediciones. <\/li> <li><b>\u00a1Listo! La incrustaci\u00f3n ha finalizado con \u00e9xito. <\/b><br>Visita su p\u00e1gina web para inspeccionar el rendimiento de la herramienta. <\/li><\/ol> <p>Si tienes alguna complicaci\u00f3n, no dudes en recurrir a nuestro equipo de soporte. Nuestra gente est\u00e1 ansiosa por ayudarlo con todas las preguntas que pueda tener sobre el widget. <\/p> <div class=\"faq\" data-component=\"FAQ\"><div class=\"faq-item\">\r\n\t\t\t\t\t<div class=\"faq-item-question\">\r\n\t\t\t\t\t\t<h3 class=\"faq-item-question-text\">\u00bfC\u00f3mo puedo agregar una bolsa de trabajo a mi sitio web Webflow sin conocimientos de codificaci\u00f3n?<\/h3>\r\n\r\n\t\t\t\t\t\t<div class=\"faq-item-question-icon\"><\/div>\r\n\t\t\t\t\t<\/div>\r\n\r\n\t\t\t\t\t<div class=\"faq-item-answer\">\r\n\t\t\t\t\t\t<div class=\"faq-item-answer-text\"> <p>Elfsight proporciona una soluci\u00f3n SaaS que le permite crear un widget de bolsa de trabajo usted mismo. Vea lo f\u00e1cil que es el proceso: trabaje directamente en el editor en l\u00ednea para crear un widget de bolsa de trabajo que le gustar\u00eda ver en su sitio web Webflow. Elija una de las plantillas predise\u00f1adas y ajuste la configuraci\u00f3n de la Bolsa de Trabajo, agregue su contenido, cambie el dise\u00f1o y los colores sin conocimientos de codificaci\u00f3n. Guarde la bolsa de trabajo y copie su c\u00f3digo de instalaci\u00f3n, para que pueda agregarla f\u00e1cilmente a su sitio web Webflow sin comprar una suscripci\u00f3n paga. Con nuestro editor intuitivo, cualquier usuario de Internet puede crear un widget de bolsa de trabajo en l\u00ednea e incrustarlo f\u00e1cilmente en su sitio web Webflow. No es necesario pagar ni ingresar las credenciales de su tarjeta para acceder al servicio. Si tiene alg\u00fan problema en cualquier paso, no dude en ponerse en contacto con nuestro equipo de soporte t\u00e9cnico.<\/p> <\/div>\r\n\t\t\t\t\t<\/div>\r\n\t\t\t\t<\/div> <\/div><\/div>","protected":false},"excerpt":{"rendered":"","protected":false},"author":9,"featured_media":0,"parent":2077,"menu_order":0,"comment_status":"closed","ping_status":"closed","template":"templates\/template-application-platform.php","meta":{"publish_to_discourse":"","publish_post_category":"","wpdc_auto_publish_overridden":"","wpdc_topic_tags":"","wpdc_pin_topic":"","wpdc_pin_until":"","discourse_post_id":"","discourse_permalink":"","wpdc_publishing_response":"","wpdc_publishing_error":"","footnotes":""},"class_list":["post-5763","page","type-page","status-publish","hentry"],"yoast_head":"<!-- This site is optimized with the Yoast SEO plugin v25.3.1 - https:\/\/yoast.com\/wordpress\/plugins\/seo\/ -->\n<title>Widget de bolsa de trabajo de Webflow: agregue ofertas de trabajo a BigCommerce (2025)<\/title>\n<meta name=\"description\" content=\"\u00a1Incorpore un widget de bolsa de trabajo responsivo en su sitio web Webflow y permita que los empleados potenciales exploren las vacantes abiertas!\" \/>\n<meta name=\"robots\" content=\"index, follow, max-snippet:-1, max-image-preview:large, max-video-preview:-1\" \/>\n<link rel=\"canonical\" href=\"https:\/\/elfsight.com\/es\/job-board-widget\/webflow\/\" \/>\n<meta property=\"og:locale\" content=\"es_ES\" \/>\n<meta property=\"og:type\" content=\"article\" \/>\n<meta property=\"og:title\" content=\"Widget de bolsa de trabajo de Webflow: agregue ofertas de trabajo a BigCommerce (2025)\" \/>\n<meta property=\"og:description\" content=\"\u00a1Incorpore un widget de bolsa de trabajo responsivo en su sitio web Webflow y permita que los empleados potenciales exploren las vacantes abiertas!\" \/>\n<meta property=\"og:url\" content=\"https:\/\/elfsight.com\/es\/job-board-widget\/webflow\/\" \/>\n<meta property=\"og:site_name\" content=\"Elfsight ES\" \/>\n<meta property=\"article:modified_time\" content=\"2025-02-06T16:11:12+00:00\" \/>\n<meta name=\"twitter:card\" content=\"summary_large_image\" \/>\n<meta name=\"twitter:label1\" content=\"Tiempo de lectura\" \/>\n\t<meta name=\"twitter:data1\" content=\"3 minutos\" \/>\n<!-- \/ Yoast SEO plugin. -->","yoast_head_json":{"title":"Widget de bolsa de trabajo de Webflow: agregue ofertas de trabajo a BigCommerce (2025)","description":"\u00a1Incorpore un widget de bolsa de trabajo responsivo en su sitio web Webflow y permita que los empleados potenciales exploren las vacantes abiertas!","robots":{"index":"index","follow":"follow","max-snippet":"max-snippet:-1","max-image-preview":"max-image-preview:large","max-video-preview":"max-video-preview:-1"},"canonical":"https:\/\/elfsight.com\/es\/job-board-widget\/webflow\/","og_locale":"es_ES","og_type":"article","og_title":"Widget de bolsa de trabajo de Webflow: agregue ofertas de trabajo a BigCommerce (2025)","og_description":"\u00a1Incorpore un widget de bolsa de trabajo responsivo en su sitio web Webflow y permita que los empleados potenciales exploren las vacantes abiertas!","og_url":"https:\/\/elfsight.com\/es\/job-board-widget\/webflow\/","og_site_name":"Elfsight ES","article_modified_time":"2025-02-06T16:11:12+00:00","twitter_card":"summary_large_image","twitter_misc":{"Tiempo de lectura":"3 minutos"},"schema":{"@context":"https:\/\/schema.org","@graph":[{"@type":"WebPage","@id":"https:\/\/elfsight.com\/es\/job-board-widget\/webflow\/","url":"https:\/\/elfsight.com\/es\/job-board-widget\/webflow\/","name":"Widget de bolsa de trabajo de Webflow: agregue ofertas de trabajo a BigCommerce (2025)","isPartOf":{"@id":"https:\/\/elfsight.com\/es\/#website"},"datePublished":"1970-01-01T00:00:00+00:00","dateModified":"2025-02-06T16:11:12+00:00","description":"\u00a1Incorpore un widget de bolsa de trabajo responsivo en su sitio web Webflow y permita que los empleados potenciales exploren las vacantes abiertas!","breadcrumb":{"@id":"https:\/\/elfsight.com\/es\/job-board-widget\/webflow\/#breadcrumb"},"inLanguage":"es","potentialAction":[{"@type":"ReadAction","target":["https:\/\/elfsight.com\/es\/job-board-widget\/webflow\/"]}]},{"@type":"BreadcrumbList","@id":"https:\/\/elfsight.com\/es\/job-board-widget\/webflow\/#breadcrumb","itemListElement":[{"@type":"ListItem","position":1,"name":"Home","item":"https:\/\/elfsight.com\/es\/"},{"@type":"ListItem","position":2,"name":"Job Board","item":"https:\/\/elfsight.com\/es\/job-board-widget\/"},{"@type":"ListItem","position":3,"name":"Job Board &#8211; Webflow"}]},{"@type":"WebSite","@id":"https:\/\/elfsight.com\/es\/#website","url":"https:\/\/elfsight.com\/es\/","name":"Elfsight ES","description":"Just another Elfsight Sites site","potentialAction":[{"@type":"SearchAction","target":{"@type":"EntryPoint","urlTemplate":"https:\/\/elfsight.com\/es\/?s={search_term_string}"},"query-input":{"@type":"PropertyValueSpecification","valueRequired":true,"valueName":"search_term_string"}}],"inLanguage":"es"}]}},"meta_box":{"industry":"","seo_heading":"","heading":"","description":"","cta_heading":"","cta_description":"","application":"2075","h1":"Widget de bolsa de trabajo de flujo web","h1_caption":"Publica anuncios de vacantes y obt\u00e9n CV de tus potenciales trabajadores","application_category":[],"applications_title":"","applications_request_title":"","applications_request_button_text":"","hero_text":"","hero_video":"","hero_video_schema_markup":"","selling_points_title":"","selling_points_caption":"","selling_points":[],"selling_points_cta_text":"","features_title":"","features":"","ed_cta_examples_text":"","ed_cta_examples_hidden":"","ed_cta_demo_text":"","ed_cta_demo_hidden":"","why_caption":"","why_editor_title":"","why_editor_text":"","why_team_title":"","why_team_text":"","why_service_title":"","why_service_text":"","template_catalog_visible":"","template_catalog_title":"","template_catalog_text":"","template_catalog_categories_visible":"","demo_title":"Crea tu widget de bolsa de trabajo","demo_caption":"\u00a1Configura tu bolsa de trabajo y agr\u00e9gala a tu sitio web Webflow gratis!","default_faq_hidden":"","app_template_category":[],"platform":"106","template_public_id":"","codecanyon_url":"","codecanyon_item_id":"","codecanyon_price":"","pricing_caption":"","pricing_elfsight_apps_hide_column":"","pricing_elfsight_apps_url":"","pricing_codecanyon_price_caption":"","integration_category":[],"integration_request_title":"","integration_request_cta":"","integration_platform":"","integrations":[],"platform_category":[],"video_schema_markup":"","price":"desde $0 \/ mes","trial":"","benefits":[{"text":"Servicio de instalaci\u00f3n gratuito"},{"text":"Servicio al cliente competente"},{"text":"Garant\u00eda de devoluci\u00f3n de dinero de 14 d\u00edas"},{"text":"Mejoras gratuitas continuas"}],"button_url":"#demo","button_target_blank":"","button_nofollow":"","attributes":[{"name":"Instalaciones","content":"10,000 - 100,000"},{"name":"Sensible","content":"S\u00ed"},{"name":"Navegadores compatibles","content":"Firefox, Safari, Opera, Chrome, Edge"}],"tags":[],"tags_disable_links":"","hide_more_platforms":"","video_object":"","demo_hide_cta":"","demo_hide_cloud_options":"","pricing_title":"","pricing":[{"pricing_icon":"platform","pricing_title":"Elfsight Apps","pricing_title_caption":"Versi\u00f3n independiente de la plataforma que se adapta a cualquier sitio","pricing_price":"desde $0 \/ mes","pricing_price_caption":"comienza con un plan gratuito","pricing_benefits":[{"text":"Sitios web ilimitados"},{"text":"Atenci\u00f3n al cliente premium y bien documentada."},{"text":"Ayuda de instalaci\u00f3n gratuita"},{"text":"100% personalizable"}],"pricing_button_text":"A\u00f1adir al sitio web","pricing_button_url":"#demo"}],"related_apps_title":"","related_apps_hidden":"","author":"","image":[],"title":"","job":"","social_networks":[]},"_links":{"self":[{"href":"https:\/\/elfsight.com\/es\/wp-json\/wp\/v2\/pages\/5763","targetHints":{"allow":["GET"]}}],"collection":[{"href":"https:\/\/elfsight.com\/es\/wp-json\/wp\/v2\/pages"}],"about":[{"href":"https:\/\/elfsight.com\/es\/wp-json\/wp\/v2\/types\/page"}],"author":[{"embeddable":true,"href":"https:\/\/elfsight.com\/es\/wp-json\/wp\/v2\/users\/9"}],"replies":[{"embeddable":true,"href":"https:\/\/elfsight.com\/es\/wp-json\/wp\/v2\/comments?post=5763"}],"version-history":[{"count":2,"href":"https:\/\/elfsight.com\/es\/wp-json\/wp\/v2\/pages\/5763\/revisions"}],"predecessor-version":[{"id":19331,"href":"https:\/\/elfsight.com\/es\/wp-json\/wp\/v2\/pages\/5763\/revisions\/19331"}],"up":[{"embeddable":true,"href":"https:\/\/elfsight.com\/es\/wp-json\/wp\/v2\/pages\/2077"}],"wp:attachment":[{"href":"https:\/\/elfsight.com\/es\/wp-json\/wp\/v2\/media?parent=5763"}],"curies":[{"name":"wp","href":"https:\/\/api.w.org\/{rel}","templated":true}]}}