{"id":5757,"date":"1970-01-01T00:00:00","date_gmt":"1970-01-01T00:00:00","guid":{"rendered":"https:\/\/elfsight.com\/es\/?page_id=5757"},"modified":"2025-02-06T16:11:12","modified_gmt":"2025-02-06T16:11:12","slug":"shopify","status":"publish","type":"page","link":"https:\/\/elfsight.com\/es\/job-board-widget\/shopify\/","title":{"rendered":"Job Board &#8211; Shopify"},"content":{"rendered":"<div class=\"application-platform-content-item-description application-platform-content-item\" id=\"description\" data-nav-section=\"description\"> <h2>Insertar bolsa de trabajo en Shopify con el widget de Elfsight<\/h2> <p>La bolsa de trabajo de Elfsight para Shopify es una herramienta extraordinaria que le brinda la oportunidad de publicar ofertas de trabajo y recopilar CV de los solicitantes en su sitio web de la forma m\u00e1s sencilla. Con nuestro nuevo widget, podr\u00e1 divulgar su negocio, publicar informaci\u00f3n sobre vacantes abiertas y recibir curr\u00edculums. El widget le permite darle forma a una tarjeta de trabajo acompa\u00f1ada de una descripci\u00f3n detallada y un bot\u00f3n Aplicar. Emplear la bolsa de trabajo de Elfsight le permite facilitar el proceso de contrataci\u00f3n y obtener respuestas a las ofertas de trabajo con un solo clic. <\/p> <p><b>Cree r\u00e1pidamente las ofertas de trabajo y los llamados a la acci\u00f3n m\u00e1s atractivos para motivar a m\u00e1s empleados potenciales a trabajar con usted<\/b><\/p> <\/div> <div class=\"application-platform-content-item-features application-platform-content-item\" id=\"features\" data-nav-section=\"features\"> <h2>Estas son las caracter\u00edsticas b\u00e1sicas de la aplicaci\u00f3n: <\/h2> <ul><li>Inserte un enlace Aplicar para dirigir a los candidatos potenciales a la p\u00e1gina que recopila CV<\/li><li>Muestre las vacantes de la manera m\u00e1s fascinante<\/li><li>Agregue tantas ofertas de trabajo como desee<\/li><li>Agregue informaci\u00f3n sobre el trabajo: habilidades requeridas, salario y puesto de trabajo<\/li><li>Brinde informaci\u00f3n sobre su empresa: ubicaci\u00f3n, departamento y su nombre<\/li><\/ul><p><a href=\"#demo\">Puede descubrir la funcionalidad completa de la aplicaci\u00f3n en la demostraci\u00f3n <\/a><\/p> <\/div> <div class=\"application-platform-content-item-installation application-platform-content-item\" id=\"installation\" data-nav-section=\"installation\"> <h2>\u00bfC\u00f3mo puedo insertar una bolsa de trabajo en mi sitio Shopify? <\/h2> <p>Simplemente siga varios pasos que se presentan a continuaci\u00f3n para comenzar a trabajar con la aplicaci\u00f3n. <\/p> <ol><li><b>Utilice nuestra demostraci\u00f3n gratuita y comience a crear su propia aplicaci\u00f3n. <\/b><br> Especifique el aspecto seleccionado y los aspectos del complemento y aplique las ediciones. <\/li> <li><b>Reciba el c\u00f3digo \u00fanico que se revela en la ventana de Elfsight Apps. <\/b><br> Inmediatamente despu\u00e9s de finalizar la creaci\u00f3n de su widget personal, copie el c\u00f3digo exclusivo en la ventana que aparece y gu\u00e1rdelo para usarlo en el futuro. <\/li> <li><b>Ingresa usando la aplicaci\u00f3n en tu sitio Shopify. <\/b><br>Implemente el c\u00f3digo copiado anteriormente en su p\u00e1gina web y guarde los ajustes. <\/li> <li><b>La instalaci\u00f3n se realiz\u00f3 exitosamente. <\/b><br>Vaya a su p\u00e1gina para ver el funcionamiento de la aplicaci\u00f3n. <\/li><\/ol> <p>Si enfrenta algunos obst\u00e1culos, no dude en comunicarse con nuestro personal de soporte. Nuestros especialistas est\u00e1n ansiosos por ayudarlo con todos los problemas que pueda tener con la herramienta. <\/p> <div class=\"faq\" data-component=\"FAQ\"><div class=\"faq-item\">\r\n\t\t\t\t\t<div class=\"faq-item-question\">\r\n\t\t\t\t\t\t<h3 class=\"faq-item-question-text\">\u00bfC\u00f3mo puedo agregar una bolsa de trabajo a mi sitio web de Shopify sin conocimientos de codificaci\u00f3n?<\/h3>\r\n\r\n\t\t\t\t\t\t<div class=\"faq-item-question-icon\"><\/div>\r\n\t\t\t\t\t<\/div>\r\n\r\n\t\t\t\t\t<div class=\"faq-item-answer\">\r\n\t\t\t\t\t\t<div class=\"faq-item-answer-text\"> <p>Elfsight proporciona una soluci\u00f3n SaaS que te permite crear un widget de bolsa de trabajo t\u00fa mismo. Mira lo f\u00e1cil que es el proceso: trabaja directamente en el editor en l\u00ednea para crear un widget de bolsa de trabajo que te gustar\u00eda ver en tu sitio web de Shopify. Elija una de las plantillas predise\u00f1adas y ajuste la configuraci\u00f3n de la Bolsa de Trabajo, agregue su contenido, cambie el dise\u00f1o y los colores sin conocimientos de codificaci\u00f3n. Guarda la bolsa de trabajo y copia su c\u00f3digo de instalaci\u00f3n, que puedes simplemente pegar en tu sitio web de Shopify sin necesidad de comprar un plan pago. Con nuestro editor intuitivo, cualquier usuario de Internet puede crear un widget de bolsa de trabajo en l\u00ednea e incrustarlo f\u00e1cilmente en su sitio web Shopify. No es necesario pagar ni ingresar las credenciales de su tarjeta para acceder al servicio. Si tiene alg\u00fan problema en cualquier paso, no dude en ponerse en contacto con nuestro equipo de soporte t\u00e9cnico.<\/p> <\/div>\r\n\t\t\t\t\t<\/div>\r\n\t\t\t\t<\/div> <\/div><\/div>","protected":false},"excerpt":{"rendered":"","protected":false},"author":9,"featured_media":0,"parent":2077,"menu_order":0,"comment_status":"closed","ping_status":"closed","template":"templates\/template-application-platform.php","meta":{"publish_to_discourse":"","publish_post_category":"","wpdc_auto_publish_overridden":"","wpdc_topic_tags":"","wpdc_pin_topic":"","wpdc_pin_until":"","discourse_post_id":"","discourse_permalink":"","wpdc_publishing_response":"","wpdc_publishing_error":"","footnotes":""},"class_list":["post-5757","page","type-page","status-publish","hentry"],"yoast_head":"<!-- This site is optimized with the Yoast SEO plugin v25.3.1 - https:\/\/yoast.com\/wordpress\/plugins\/seo\/ -->\n<title>Aplicaci\u00f3n Shopify Job Board: agregue ofertas de trabajo a Shopify (2025)<\/title>\n<meta name=\"description\" content=\"Inserta una aplicaci\u00f3n de bolsa de trabajo responsiva en tu sitio Shopify y deja que tus trabajadores potenciales vean las vacantes abiertas.\" \/>\n<meta name=\"robots\" content=\"index, follow, max-snippet:-1, max-image-preview:large, max-video-preview:-1\" \/>\n<link rel=\"canonical\" href=\"https:\/\/elfsight.com\/es\/job-board-widget\/shopify\/\" \/>\n<meta property=\"og:locale\" content=\"es_ES\" \/>\n<meta property=\"og:type\" content=\"article\" \/>\n<meta property=\"og:title\" content=\"Aplicaci\u00f3n Shopify Job Board: agregue ofertas de trabajo a Shopify (2025)\" \/>\n<meta property=\"og:description\" content=\"Inserta una aplicaci\u00f3n de bolsa de trabajo responsiva en tu sitio Shopify y deja que tus trabajadores potenciales vean las vacantes abiertas.\" \/>\n<meta property=\"og:url\" content=\"https:\/\/elfsight.com\/es\/job-board-widget\/shopify\/\" \/>\n<meta property=\"og:site_name\" content=\"Elfsight ES\" \/>\n<meta property=\"article:modified_time\" content=\"2025-02-06T16:11:12+00:00\" \/>\n<meta name=\"twitter:card\" content=\"summary_large_image\" \/>\n<meta name=\"twitter:label1\" content=\"Tiempo de lectura\" \/>\n\t<meta name=\"twitter:data1\" content=\"3 minutos\" \/>\n<!-- \/ Yoast SEO plugin. -->","yoast_head_json":{"title":"Aplicaci\u00f3n Shopify Job Board: agregue ofertas de trabajo a Shopify (2025)","description":"Inserta una aplicaci\u00f3n de bolsa de trabajo responsiva en tu sitio Shopify y deja que tus trabajadores potenciales vean las vacantes abiertas.","robots":{"index":"index","follow":"follow","max-snippet":"max-snippet:-1","max-image-preview":"max-image-preview:large","max-video-preview":"max-video-preview:-1"},"canonical":"https:\/\/elfsight.com\/es\/job-board-widget\/shopify\/","og_locale":"es_ES","og_type":"article","og_title":"Aplicaci\u00f3n Shopify Job Board: agregue ofertas de trabajo a Shopify (2025)","og_description":"Inserta una aplicaci\u00f3n de bolsa de trabajo responsiva en tu sitio Shopify y deja que tus trabajadores potenciales vean las vacantes abiertas.","og_url":"https:\/\/elfsight.com\/es\/job-board-widget\/shopify\/","og_site_name":"Elfsight ES","article_modified_time":"2025-02-06T16:11:12+00:00","twitter_card":"summary_large_image","twitter_misc":{"Tiempo de lectura":"3 minutos"},"schema":{"@context":"https:\/\/schema.org","@graph":[{"@type":"WebPage","@id":"https:\/\/elfsight.com\/es\/job-board-widget\/shopify\/","url":"https:\/\/elfsight.com\/es\/job-board-widget\/shopify\/","name":"Aplicaci\u00f3n Shopify Job Board: agregue ofertas de trabajo a Shopify (2025)","isPartOf":{"@id":"https:\/\/elfsight.com\/es\/#website"},"datePublished":"1970-01-01T00:00:00+00:00","dateModified":"2025-02-06T16:11:12+00:00","description":"Inserta una aplicaci\u00f3n de bolsa de trabajo responsiva en tu sitio Shopify y deja que tus trabajadores potenciales vean las vacantes abiertas.","breadcrumb":{"@id":"https:\/\/elfsight.com\/es\/job-board-widget\/shopify\/#breadcrumb"},"inLanguage":"es","potentialAction":[{"@type":"ReadAction","target":["https:\/\/elfsight.com\/es\/job-board-widget\/shopify\/"]}]},{"@type":"BreadcrumbList","@id":"https:\/\/elfsight.com\/es\/job-board-widget\/shopify\/#breadcrumb","itemListElement":[{"@type":"ListItem","position":1,"name":"Home","item":"https:\/\/elfsight.com\/es\/"},{"@type":"ListItem","position":2,"name":"Job Board","item":"https:\/\/elfsight.com\/es\/job-board-widget\/"},{"@type":"ListItem","position":3,"name":"Job Board &#8211; Shopify"}]},{"@type":"WebSite","@id":"https:\/\/elfsight.com\/es\/#website","url":"https:\/\/elfsight.com\/es\/","name":"Elfsight ES","description":"Just another Elfsight Sites site","potentialAction":[{"@type":"SearchAction","target":{"@type":"EntryPoint","urlTemplate":"https:\/\/elfsight.com\/es\/?s={search_term_string}"},"query-input":{"@type":"PropertyValueSpecification","valueRequired":true,"valueName":"search_term_string"}}],"inLanguage":"es"}]}},"meta_box":{"industry":"","seo_heading":"","heading":"","description":"","cta_heading":"","cta_description":"","application":"2075","h1":"Aplicaci\u00f3n Shopify Job Board","h1_caption":"Publica vacantes abiertas y obt\u00e9n curr\u00edculums de tus potenciales trabajadores","application_category":[],"applications_title":"","applications_request_title":"","applications_request_button_text":"","hero_text":"","hero_video":"","hero_video_schema_markup":"","selling_points_title":"","selling_points_caption":"","selling_points":[],"selling_points_cta_text":"","features_title":"","features":"","ed_cta_examples_text":"","ed_cta_examples_hidden":"","ed_cta_demo_text":"","ed_cta_demo_hidden":"","why_caption":"","why_editor_title":"","why_editor_text":"","why_team_title":"","why_team_text":"","why_service_title":"","why_service_text":"","template_catalog_visible":"","template_catalog_title":"","template_catalog_text":"","template_catalog_categories_visible":"","demo_title":"Crea tu aplicaci\u00f3n Bolsa de Trabajo","demo_caption":"\u00a1Configura tu bolsa de trabajo y agr\u00e9gala a tu sitio web de Shopify gratis!","default_faq_hidden":"","app_template_category":[],"platform":"91","template_public_id":"","codecanyon_url":"","codecanyon_item_id":"","codecanyon_price":"","pricing_caption":"","pricing_elfsight_apps_hide_column":"","pricing_elfsight_apps_url":"","pricing_codecanyon_price_caption":"","integration_category":[],"integration_request_title":"","integration_request_cta":"","integration_platform":"","integrations":[],"platform_category":[],"video_schema_markup":"","price":"desde $0 \/ mes","trial":"","benefits":[{"text":"Ayuda de instalaci\u00f3n gratuita"},{"text":"Atenci\u00f3n al cliente experimentada"},{"text":"Garant\u00eda de reembolso de 14 d\u00edas"},{"text":"Actualizando constantemente"}],"button_url":"#demo","button_target_blank":"","button_nofollow":"","attributes":[{"name":"Instalaciones","content":"10,000 - 100,000"},{"name":"Sensible","content":"S\u00ed"},{"name":"Navegadores compatibles","content":"Firefox, Safari, Opera, Chrome, Edge"}],"tags":[],"tags_disable_links":"","hide_more_platforms":"","video_object":"","demo_hide_cta":"","demo_hide_cloud_options":"","pricing_title":"","pricing":[{"pricing_icon":"platform","pricing_title":"Elfsight Apps","pricing_title_caption":"Versi\u00f3n multiplataforma","pricing_price":"desde $0 \/ mes","pricing_price_caption":"comienza con un plan gratuito","pricing_benefits":[{"text":"Sitios web ilimitados"},{"text":"Soporte r\u00e1pido, puntual y bien documentado."},{"text":"Servicio de instalaci\u00f3n gratuito"},{"text":"Dise\u00f1o flexible"}],"pricing_button_text":"A\u00f1adir al sitio web","pricing_button_url":"#demo"}],"related_apps_title":"","related_apps_hidden":"","author":"","image":[],"title":"","job":"","social_networks":[]},"_links":{"self":[{"href":"https:\/\/elfsight.com\/es\/wp-json\/wp\/v2\/pages\/5757","targetHints":{"allow":["GET"]}}],"collection":[{"href":"https:\/\/elfsight.com\/es\/wp-json\/wp\/v2\/pages"}],"about":[{"href":"https:\/\/elfsight.com\/es\/wp-json\/wp\/v2\/types\/page"}],"author":[{"embeddable":true,"href":"https:\/\/elfsight.com\/es\/wp-json\/wp\/v2\/users\/9"}],"replies":[{"embeddable":true,"href":"https:\/\/elfsight.com\/es\/wp-json\/wp\/v2\/comments?post=5757"}],"version-history":[{"count":2,"href":"https:\/\/elfsight.com\/es\/wp-json\/wp\/v2\/pages\/5757\/revisions"}],"predecessor-version":[{"id":19333,"href":"https:\/\/elfsight.com\/es\/wp-json\/wp\/v2\/pages\/5757\/revisions\/19333"}],"up":[{"embeddable":true,"href":"https:\/\/elfsight.com\/es\/wp-json\/wp\/v2\/pages\/2077"}],"wp:attachment":[{"href":"https:\/\/elfsight.com\/es\/wp-json\/wp\/v2\/media?parent=5757"}],"curies":[{"name":"wp","href":"https:\/\/api.w.org\/{rel}","templated":true}]}}