{"id":5749,"date":"1970-01-01T00:00:00","date_gmt":"1970-01-01T00:00:00","guid":{"rendered":"https:\/\/elfsight.com\/es\/?page_id=5749"},"modified":"2025-02-06T16:11:19","modified_gmt":"2025-02-06T16:11:19","slug":"magento","status":"publish","type":"page","link":"https:\/\/elfsight.com\/es\/job-board-widget\/magento\/","title":{"rendered":"Job Board &#8211; Magento"},"content":{"rendered":"<div class=\"application-platform-content-item-description application-platform-content-item\" id=\"description\" data-nav-section=\"description\"> <h2>Descripci\u00f3n<\/h2> <p>La Bolsa de Trabajo para Magento es una sorprendente extensi\u00f3n que le garantiza la oportunidad de demostrar vacantes abiertas y recopilar CV de los solicitantes directamente en su sitio web de la forma m\u00e1s sencilla. A trav\u00e9s de nuestro nuevo widget podr\u00e1s informar sobre tu negocio, publicar informaci\u00f3n sobre vacantes abiertas y recopilar curr\u00edculums. El widget le permite crear una tarjeta de trabajo con una descripci\u00f3n detallada y un bot\u00f3n Aplicar. La aplicaci\u00f3n de Elfsight Job Board le permite agilizar el proceso de contrataci\u00f3n y adquirir las respuestas a los anuncios de trabajo en 1-2-3. <\/p> <p><b>Cree r\u00e1pidamente las descripciones de trabajo y botones de CTA m\u00e1s tentadores para motivar a m\u00e1s empleados potenciales a cooperar con usted<\/b><\/p> <\/div> <div class=\"application-platform-content-item-features application-platform-content-item\" id=\"features\" data-nav-section=\"features\"> <h2>Vea la lista de las caracter\u00edsticas m\u00e1s destacadas: <\/h2> <ul><li>Integre un enlace Aplicar para dirigir a los empleados potenciales a la p\u00e1gina con CV<\/li><li>Muestre las ofertas de trabajo de la manera m\u00e1s atractiva<\/li><li>La cantidad de tarjetas de trabajo que puede crear es ilimitada<\/li><li>Describa el trabajo detalladamente e indique: t\u00edtulo del trabajo, habilidades requeridas y salario<\/li><li>Deje datos de contacto: el nombre de su empresa, ubicaci\u00f3n y departamento<\/li><\/ul><p><a href=\"#demo\">Simplemente consulte esta demostraci\u00f3n para comprender la funcionalidad del widget<\/a><\/p> <\/div> <div class=\"application-platform-content-item-installation application-platform-content-item\" id=\"installation\" data-nav-section=\"installation\"> <h2>\u00bfC\u00f3mo agregar una bolsa de trabajo a mi p\u00e1gina web de Magento? <\/h2> <p>Simplemente siga las pautas a continuaci\u00f3n para comenzar a trabajar con la herramienta. <\/p> <ol><li><b>Utilice nuestro editor gratuito y comience a crear su extensi\u00f3n \u00fanica. <\/b><br> Encuentre la interfaz y las opciones adecuadas de la herramienta y guarde las correcciones. <\/li> <li><b>Adquiera el c\u00f3digo personal que aparece en el formulario especial en Elfsight Apps. <\/b><br> Tan pronto como finalice la generaci\u00f3n de su complemento, copie el c\u00f3digo individual del cuadro que aparece y gu\u00e1rdelo para su uso posterior. <\/li> <li><b>Comience a utilizar el widget en su sitio web Magento. <\/b><br>Coloca el c\u00f3digo que has guardado antes en tu p\u00e1gina de inicio y aplica las correcciones. <\/li> <li><b>La configuraci\u00f3n se realiz\u00f3 por completo. <\/b><br>Vaya a su sitio web para inspeccionar el funcionamiento de la extensi\u00f3n. <\/li><\/ol> <p>Si tiene preguntas o tiene alguna complicaci\u00f3n, no dude en ponerse en contacto con nuestro personal de soporte. Nuestros consultores estar\u00e1n encantados de resolver todas las dificultades que puedas tener con el complemento. <\/p> <div class=\"faq\" data-component=\"FAQ\"><div class=\"faq-item\">\r\n\t\t\t\t\t<div class=\"faq-item-question\">\r\n\t\t\t\t\t\t<h3 class=\"faq-item-question-text\">\u00bfC\u00f3mo puedo agregar una bolsa de trabajo a mi sitio web Magento sin conocimientos de codificaci\u00f3n?<\/h3>\r\n\r\n\t\t\t\t\t\t<div class=\"faq-item-question-icon\"><\/div>\r\n\t\t\t\t\t<\/div>\r\n\r\n\t\t\t\t\t<div class=\"faq-item-answer\">\r\n\t\t\t\t\t\t<div class=\"faq-item-answer-text\"> <p>Elfsight proporciona una soluci\u00f3n SaaS que le permite crear un widget de bolsa de trabajo usted mismo. Vea lo f\u00e1cil que es el proceso: trabaje directamente en el editor en l\u00ednea para crear un widget de bolsa de trabajo que le gustar\u00eda ver en su sitio web Magento. Elija una de las plantillas predise\u00f1adas y ajuste la configuraci\u00f3n de la Bolsa de Trabajo, agregue su contenido, cambie el dise\u00f1o y los colores sin conocimientos de codificaci\u00f3n. Guarde la bolsa de trabajo y copie su c\u00f3digo de instalaci\u00f3n, que puede incluir f\u00e1cilmente en su sitio web Magento sin comprar una versi\u00f3n paga. Con nuestro editor intuitivo, cualquier usuario de Internet puede crear un widget de bolsa de trabajo en l\u00ednea e incrustarlo f\u00e1cilmente en su sitio web Magento. No es necesario pagar ni ingresar las credenciales de su tarjeta para acceder al servicio. Si tiene alg\u00fan problema en cualquier paso, no dude en ponerse en contacto con nuestro equipo de soporte t\u00e9cnico.<\/p> <\/div>\r\n\t\t\t\t\t<\/div>\r\n\t\t\t\t<\/div> <\/div><\/div><p><\/p>","protected":false},"excerpt":{"rendered":"","protected":false},"author":9,"featured_media":0,"parent":2077,"menu_order":0,"comment_status":"closed","ping_status":"closed","template":"templates\/template-application-platform.php","meta":{"publish_to_discourse":"","publish_post_category":"","wpdc_auto_publish_overridden":"","wpdc_topic_tags":"","wpdc_pin_topic":"","wpdc_pin_until":"","discourse_post_id":"","discourse_permalink":"","wpdc_publishing_response":"","wpdc_publishing_error":"","footnotes":""},"class_list":["post-5749","page","type-page","status-publish","hentry"],"yoast_head":"<!-- This site is optimized with the Yoast SEO plugin v25.3.1 - https:\/\/yoast.com\/wordpress\/plugins\/seo\/ -->\n<title>Extensi\u00f3n de la bolsa de trabajo de Magento: agregue ofertas de trabajo a Magento (2025)<\/title>\n<meta name=\"description\" content=\"\u00a1Agregue un complemento responsivo de Bolsa de Trabajo en su sitio web Magento y permita que los empleados potenciales investiguen las ofertas de trabajo!\" \/>\n<meta name=\"robots\" content=\"index, follow, max-snippet:-1, max-image-preview:large, max-video-preview:-1\" \/>\n<link rel=\"canonical\" href=\"https:\/\/elfsight.com\/es\/job-board-widget\/magento\/\" \/>\n<meta property=\"og:locale\" content=\"es_ES\" \/>\n<meta property=\"og:type\" content=\"article\" \/>\n<meta property=\"og:title\" content=\"Extensi\u00f3n de la bolsa de trabajo de Magento: agregue ofertas de trabajo a Magento (2025)\" \/>\n<meta property=\"og:description\" content=\"\u00a1Agregue un complemento responsivo de Bolsa de Trabajo en su sitio web Magento y permita que los empleados potenciales investiguen las ofertas de trabajo!\" \/>\n<meta property=\"og:url\" content=\"https:\/\/elfsight.com\/es\/job-board-widget\/magento\/\" \/>\n<meta property=\"og:site_name\" content=\"Elfsight ES\" \/>\n<meta property=\"article:modified_time\" content=\"2025-02-06T16:11:19+00:00\" \/>\n<meta name=\"twitter:card\" content=\"summary_large_image\" \/>\n<meta name=\"twitter:label1\" content=\"Tiempo de lectura\" \/>\n\t<meta name=\"twitter:data1\" content=\"3 minutos\" \/>\n<!-- \/ Yoast SEO plugin. -->","yoast_head_json":{"title":"Extensi\u00f3n de la bolsa de trabajo de Magento: agregue ofertas de trabajo a Magento (2025)","description":"\u00a1Agregue un complemento responsivo de Bolsa de Trabajo en su sitio web Magento y permita que los empleados potenciales investiguen las ofertas de trabajo!","robots":{"index":"index","follow":"follow","max-snippet":"max-snippet:-1","max-image-preview":"max-image-preview:large","max-video-preview":"max-video-preview:-1"},"canonical":"https:\/\/elfsight.com\/es\/job-board-widget\/magento\/","og_locale":"es_ES","og_type":"article","og_title":"Extensi\u00f3n de la bolsa de trabajo de Magento: agregue ofertas de trabajo a Magento (2025)","og_description":"\u00a1Agregue un complemento responsivo de Bolsa de Trabajo en su sitio web Magento y permita que los empleados potenciales investiguen las ofertas de trabajo!","og_url":"https:\/\/elfsight.com\/es\/job-board-widget\/magento\/","og_site_name":"Elfsight ES","article_modified_time":"2025-02-06T16:11:19+00:00","twitter_card":"summary_large_image","twitter_misc":{"Tiempo de lectura":"3 minutos"},"schema":{"@context":"https:\/\/schema.org","@graph":[{"@type":"WebPage","@id":"https:\/\/elfsight.com\/es\/job-board-widget\/magento\/","url":"https:\/\/elfsight.com\/es\/job-board-widget\/magento\/","name":"Extensi\u00f3n de la bolsa de trabajo de Magento: agregue ofertas de trabajo a Magento (2025)","isPartOf":{"@id":"https:\/\/elfsight.com\/es\/#website"},"datePublished":"1970-01-01T00:00:00+00:00","dateModified":"2025-02-06T16:11:19+00:00","description":"\u00a1Agregue un complemento responsivo de Bolsa de Trabajo en su sitio web Magento y permita que los empleados potenciales investiguen las ofertas de trabajo!","breadcrumb":{"@id":"https:\/\/elfsight.com\/es\/job-board-widget\/magento\/#breadcrumb"},"inLanguage":"es","potentialAction":[{"@type":"ReadAction","target":["https:\/\/elfsight.com\/es\/job-board-widget\/magento\/"]}]},{"@type":"BreadcrumbList","@id":"https:\/\/elfsight.com\/es\/job-board-widget\/magento\/#breadcrumb","itemListElement":[{"@type":"ListItem","position":1,"name":"Home","item":"https:\/\/elfsight.com\/es\/"},{"@type":"ListItem","position":2,"name":"Job Board","item":"https:\/\/elfsight.com\/es\/job-board-widget\/"},{"@type":"ListItem","position":3,"name":"Job Board &#8211; Magento"}]},{"@type":"WebSite","@id":"https:\/\/elfsight.com\/es\/#website","url":"https:\/\/elfsight.com\/es\/","name":"Elfsight ES","description":"Just another Elfsight Sites site","potentialAction":[{"@type":"SearchAction","target":{"@type":"EntryPoint","urlTemplate":"https:\/\/elfsight.com\/es\/?s={search_term_string}"},"query-input":{"@type":"PropertyValueSpecification","valueRequired":true,"valueName":"search_term_string"}}],"inLanguage":"es"}]}},"meta_box":{"industry":"","seo_heading":"","heading":"","description":"","cta_heading":"","cta_description":"","application":"2075","h1":"Extensi\u00f3n de la bolsa de trabajo de Magento","h1_caption":"Publica ofertas de trabajo y recibe CV de tus trabajadores potenciales","application_category":[],"applications_title":"","applications_request_title":"","applications_request_button_text":"","hero_text":"","hero_video":"","hero_video_schema_markup":"","selling_points_title":"","selling_points_caption":"","selling_points":[],"selling_points_cta_text":"","features_title":"","features":"","ed_cta_examples_text":"","ed_cta_examples_hidden":"","ed_cta_demo_text":"","ed_cta_demo_hidden":"","why_caption":"","why_editor_title":"","why_editor_text":"","why_team_title":"","why_team_text":"","why_service_title":"","why_service_text":"","template_catalog_visible":"","template_catalog_title":"","template_catalog_text":"","template_catalog_categories_visible":"","demo_title":"Crea tu extensi\u00f3n de bolsa de trabajo","demo_caption":"\u00a1Configura tu bolsa de trabajo y agr\u00e9gala a tu sitio web Magento gratis!","default_faq_hidden":"","app_template_category":[],"platform":"82","template_public_id":"","codecanyon_url":"","codecanyon_item_id":"","codecanyon_price":"","pricing_caption":"","pricing_elfsight_apps_hide_column":"","pricing_elfsight_apps_url":"","pricing_codecanyon_price_caption":"","integration_category":[],"integration_request_title":"","integration_request_cta":"","integration_platform":"","integrations":[],"platform_category":[],"video_schema_markup":"","price":"desde $0 \/ mes","trial":"","benefits":[{"text":"Ayuda de instalaci\u00f3n gratuita"},{"text":"Soporte premium"},{"text":"Garant\u00eda de devoluci\u00f3n de dinero de 14 d\u00edas"},{"text":"Desarrollo continuo"}],"button_url":"#demo","button_target_blank":"","button_nofollow":"","attributes":[{"name":"Instalaciones","content":"10,000 - 100,000"},{"name":"Sensible","content":"S\u00ed"},{"name":"Navegadores compatibles","content":"Firefox, Safari, Opera, Chrome, Edge"}],"tags":[],"tags_disable_links":"","hide_more_platforms":"","video_object":"","demo_hide_cta":"","demo_hide_cloud_options":"","pricing_title":"","pricing":[{"pricing_icon":"platform","pricing_title":"Elfsight Apps","pricing_title_caption":"Software independiente de la plataforma","pricing_price":"desde $0 \/ mes","pricing_price_caption":"comienza con un plan gratuito","pricing_benefits":[{"text":"Dominios ilimitados"},{"text":"Soporte r\u00e1pido"},{"text":"Servicio de instalaci\u00f3n gratuito"},{"text":"Dise\u00f1o flexible"}],"pricing_button_text":"A\u00f1adir al sitio web","pricing_button_url":"#demo"}],"related_apps_title":"","related_apps_hidden":"","author":"","image":[],"title":"","job":"","social_networks":[]},"_links":{"self":[{"href":"https:\/\/elfsight.com\/es\/wp-json\/wp\/v2\/pages\/5749","targetHints":{"allow":["GET"]}}],"collection":[{"href":"https:\/\/elfsight.com\/es\/wp-json\/wp\/v2\/pages"}],"about":[{"href":"https:\/\/elfsight.com\/es\/wp-json\/wp\/v2\/types\/page"}],"author":[{"embeddable":true,"href":"https:\/\/elfsight.com\/es\/wp-json\/wp\/v2\/users\/9"}],"replies":[{"embeddable":true,"href":"https:\/\/elfsight.com\/es\/wp-json\/wp\/v2\/comments?post=5749"}],"version-history":[{"count":2,"href":"https:\/\/elfsight.com\/es\/wp-json\/wp\/v2\/pages\/5749\/revisions"}],"predecessor-version":[{"id":19337,"href":"https:\/\/elfsight.com\/es\/wp-json\/wp\/v2\/pages\/5749\/revisions\/19337"}],"up":[{"embeddable":true,"href":"https:\/\/elfsight.com\/es\/wp-json\/wp\/v2\/pages\/2077"}],"wp:attachment":[{"href":"https:\/\/elfsight.com\/es\/wp-json\/wp\/v2\/media?parent=5749"}],"curies":[{"name":"wp","href":"https:\/\/api.w.org\/{rel}","templated":true}]}}