{"id":5746,"date":"1970-01-01T00:00:00","date_gmt":"1970-01-01T00:00:00","guid":{"rendered":"https:\/\/elfsight.com\/es\/?page_id=5746"},"modified":"2025-02-06T16:11:27","modified_gmt":"2025-02-06T16:11:27","slug":"joomla","status":"publish","type":"page","link":"https:\/\/elfsight.com\/es\/job-board-widget\/joomla\/","title":{"rendered":"Job Board &#8211; Joomla"},"content":{"rendered":"<div class=\"application-platform-content-item-description application-platform-content-item\" id=\"description\" data-nav-section=\"description\"> <h2>Descripci\u00f3n<\/h2> <p>La Bolsa de Trabajo para Joomla es una extensi\u00f3n excepcional que le permite revelar ofertas de trabajo y recopilar CV de candidatos en su sitio web de la forma m\u00e1s sencilla. Con nuestra nueva herramienta podr\u00e1s revelar informaci\u00f3n sobre tu negocio, publicar informaci\u00f3n sobre vacantes abiertas y recopilar curr\u00edculums. El widget le permite crear una tarjeta de trabajo con una descripci\u00f3n detallada y el bot\u00f3n Aplicar. El uso de Elfsight Job Board le permite agilizar el proceso de contrataci\u00f3n y obtener respuestas a los anuncios de trabajo con un solo clic. <\/p> <p><b>Cree f\u00e1cilmente las descripciones de trabajo y los botones de CTA m\u00e1s atractivos para inspirar a m\u00e1s empleados potenciales a trabajar con usted<\/b><\/p> <\/div> <div class=\"application-platform-content-item-features application-platform-content-item\" id=\"features\" data-nav-section=\"features\"> <h2>Encuentre las siguientes funciones b\u00e1sicas de la extensi\u00f3n: <\/h2> <ul><li>Cree un enlace Aplicar para dirigir a los usuarios del sitio web a la p\u00e1gina con CV<\/li><li>Mostrar ofertas de trabajo de la manera m\u00e1s atractiva<\/li><li>La cantidad de trabajos que puedes abrir es ilimitada<\/li><li>Describe el trabajo en detalle e informa sobre: \u200b\u200bsalario, puesto de trabajo y habilidades requeridas<\/li><li>Deja informaci\u00f3n de contacto: departamento, el nombre de tu empresa y ubicaci\u00f3n<\/li><\/ul><p><a href=\"#demo\">Prueba todas las configuraciones en una demostraci\u00f3n con todas las funciones<\/a><\/p> <\/div> <div class=\"application-platform-content-item-installation application-platform-content-item\" id=\"installation\" data-nav-section=\"installation\"> <h2>\u00bfC\u00f3mo incrustar una bolsa de trabajo en mi p\u00e1gina web Joomla? <\/h2> <p>Simplemente aplique las instrucciones a continuaci\u00f3n para comenzar a utilizar la herramienta. <\/p> <ol><li><b>Inicie nuestro editor gratuito y comience a crear su extensi\u00f3n personalizada. <\/b><br> Encuentre el dise\u00f1o y las caracter\u00edsticas deseables del complemento y guarde las correcciones. <\/li> <li><b>Adquiera el c\u00f3digo personal que se muestra en la ventana de Elfsight Apps. <\/b><br> Cuando finalice la creaci\u00f3n de su widget personal, copie el c\u00f3digo individual de la ventana que aparece y gu\u00e1rdelo para futuras ocasiones. <\/li> <li><b>Comience a utilizar la herramienta en su sitio web Joomla. <\/b><br> Pegue el c\u00f3digo copiado recientemente en su sitio web y aplique las modificaciones. <\/li> <li><b>\u00a1Ya terminaste! La configuraci\u00f3n est\u00e1 completamente realizada. <\/b><br>Vaya a su sitio para revisar el trabajo de la extensi\u00f3n. <\/li><\/ol> <p>En caso de atender consultas o encontrar algunas dificultades, no dude en solicitar nuestro personal de atenci\u00f3n al cliente. Nuestros consultores est\u00e1n deseando resolver todas las dificultades que puedas tener con la herramienta. <\/p> <div class=\"faq\" data-component=\"FAQ\"><div class=\"faq-item\">\r\n\t\t\t\t\t<div class=\"faq-item-question\">\r\n\t\t\t\t\t\t<h3 class=\"faq-item-question-text\">\u00bfExiste alg\u00fan m\u00e9todo para agregar una bolsa de trabajo a mi sitio Joomla sin conocimientos de codificaci\u00f3n?<\/h3>\r\n\r\n\t\t\t\t\t\t<div class=\"faq-item-question-icon\"><\/div>\r\n\t\t\t\t\t<\/div>\r\n\r\n\t\t\t\t\t<div class=\"faq-item-answer\">\r\n\t\t\t\t\t\t<div class=\"faq-item-answer-text\"> <p>Elfsight ofrece una soluci\u00f3n SaaS que permite a los usuarios utilizar un widget de bolsa de trabajo usted mismo. Observe los sencillos pasos: vaya al editor en vivo para generar una secci\u00f3n de la bolsa de trabajo que le gustar\u00eda agregar en su p\u00e1gina web de Joomla. Seleccione una de las plantillas predise\u00f1adas y adapte la configuraci\u00f3n de la bolsa de trabajo, modifique el dise\u00f1o y las combinaciones de colores para incluir su contenido, sin experiencia en codificaci\u00f3n. Guarde la configuraci\u00f3n que realiz\u00f3 en la bolsa de trabajo y obtenga el c\u00f3digo de instalaci\u00f3n que puede incluir en la p\u00e1gina de inicio de Joomla de forma gratuita. Utilizando el editor intuitivo, cada usuario web puede crear una secci\u00f3n de Bolsa de trabajo y simplemente agregarla a cualquier sitio Joomla. No debes pagar ni enviar los datos de tu tarjeta para poder ingresar al servicio. Si se encuentra con obst\u00e1culos de cualquier tipo, no dude en ponerse en contacto con nuestro servicio t\u00e9cnico de atenci\u00f3n al cliente.<\/p> <\/div>\r\n\t\t\t\t\t<\/div>\r\n\t\t\t\t<\/div> <\/div><\/div>","protected":false},"excerpt":{"rendered":"","protected":false},"author":9,"featured_media":0,"parent":2077,"menu_order":0,"comment_status":"closed","ping_status":"closed","template":"templates\/template-application-platform.php","meta":{"publish_to_discourse":"","publish_post_category":"","wpdc_auto_publish_overridden":"","wpdc_topic_tags":"","wpdc_pin_topic":"","wpdc_pin_until":"","discourse_post_id":"","discourse_permalink":"","wpdc_publishing_response":"","wpdc_publishing_error":"","footnotes":""},"class_list":["post-5746","page","type-page","status-publish","hentry"],"yoast_head":"<!-- This site is optimized with the Yoast SEO plugin v25.3.1 - https:\/\/yoast.com\/wordpress\/plugins\/seo\/ -->\n<title>Extensi\u00f3n de la bolsa de trabajo de Joomla: agregue ofertas de trabajo a Joomla (2025)<\/title>\n<meta name=\"description\" content=\"\u00a1Inserte una extensi\u00f3n responsiva de Bolsa de Trabajo en su sitio web Joomla y permita que los trabajadores potenciales exploren las vacantes abiertas!\" \/>\n<meta name=\"robots\" content=\"index, follow, max-snippet:-1, max-image-preview:large, max-video-preview:-1\" \/>\n<link rel=\"canonical\" href=\"https:\/\/elfsight.com\/es\/job-board-widget\/joomla\/\" \/>\n<meta property=\"og:locale\" content=\"es_ES\" \/>\n<meta property=\"og:type\" content=\"article\" \/>\n<meta property=\"og:title\" content=\"Extensi\u00f3n de la bolsa de trabajo de Joomla: agregue ofertas de trabajo a Joomla (2025)\" \/>\n<meta property=\"og:description\" content=\"\u00a1Inserte una extensi\u00f3n responsiva de Bolsa de Trabajo en su sitio web Joomla y permita que los trabajadores potenciales exploren las vacantes abiertas!\" \/>\n<meta property=\"og:url\" content=\"https:\/\/elfsight.com\/es\/job-board-widget\/joomla\/\" \/>\n<meta property=\"og:site_name\" content=\"Elfsight ES\" \/>\n<meta property=\"article:modified_time\" content=\"2025-02-06T16:11:27+00:00\" \/>\n<meta name=\"twitter:card\" content=\"summary_large_image\" \/>\n<meta name=\"twitter:label1\" content=\"Tiempo de lectura\" \/>\n\t<meta name=\"twitter:data1\" content=\"3 minutos\" \/>\n<!-- \/ Yoast SEO plugin. -->","yoast_head_json":{"title":"Extensi\u00f3n de la bolsa de trabajo de Joomla: agregue ofertas de trabajo a Joomla (2025)","description":"\u00a1Inserte una extensi\u00f3n responsiva de Bolsa de Trabajo en su sitio web Joomla y permita que los trabajadores potenciales exploren las vacantes abiertas!","robots":{"index":"index","follow":"follow","max-snippet":"max-snippet:-1","max-image-preview":"max-image-preview:large","max-video-preview":"max-video-preview:-1"},"canonical":"https:\/\/elfsight.com\/es\/job-board-widget\/joomla\/","og_locale":"es_ES","og_type":"article","og_title":"Extensi\u00f3n de la bolsa de trabajo de Joomla: agregue ofertas de trabajo a Joomla (2025)","og_description":"\u00a1Inserte una extensi\u00f3n responsiva de Bolsa de Trabajo en su sitio web Joomla y permita que los trabajadores potenciales exploren las vacantes abiertas!","og_url":"https:\/\/elfsight.com\/es\/job-board-widget\/joomla\/","og_site_name":"Elfsight ES","article_modified_time":"2025-02-06T16:11:27+00:00","twitter_card":"summary_large_image","twitter_misc":{"Tiempo de lectura":"3 minutos"},"schema":{"@context":"https:\/\/schema.org","@graph":[{"@type":"WebPage","@id":"https:\/\/elfsight.com\/es\/job-board-widget\/joomla\/","url":"https:\/\/elfsight.com\/es\/job-board-widget\/joomla\/","name":"Extensi\u00f3n de la bolsa de trabajo de Joomla: agregue ofertas de trabajo a Joomla (2025)","isPartOf":{"@id":"https:\/\/elfsight.com\/es\/#website"},"datePublished":"1970-01-01T00:00:00+00:00","dateModified":"2025-02-06T16:11:27+00:00","description":"\u00a1Inserte una extensi\u00f3n responsiva de Bolsa de Trabajo en su sitio web Joomla y permita que los trabajadores potenciales exploren las vacantes abiertas!","breadcrumb":{"@id":"https:\/\/elfsight.com\/es\/job-board-widget\/joomla\/#breadcrumb"},"inLanguage":"es","potentialAction":[{"@type":"ReadAction","target":["https:\/\/elfsight.com\/es\/job-board-widget\/joomla\/"]}]},{"@type":"BreadcrumbList","@id":"https:\/\/elfsight.com\/es\/job-board-widget\/joomla\/#breadcrumb","itemListElement":[{"@type":"ListItem","position":1,"name":"Home","item":"https:\/\/elfsight.com\/es\/"},{"@type":"ListItem","position":2,"name":"Job Board","item":"https:\/\/elfsight.com\/es\/job-board-widget\/"},{"@type":"ListItem","position":3,"name":"Job Board &#8211; Joomla"}]},{"@type":"WebSite","@id":"https:\/\/elfsight.com\/es\/#website","url":"https:\/\/elfsight.com\/es\/","name":"Elfsight ES","description":"Just another Elfsight Sites site","potentialAction":[{"@type":"SearchAction","target":{"@type":"EntryPoint","urlTemplate":"https:\/\/elfsight.com\/es\/?s={search_term_string}"},"query-input":{"@type":"PropertyValueSpecification","valueRequired":true,"valueName":"search_term_string"}}],"inLanguage":"es"}]}},"meta_box":{"industry":"","seo_heading":"","heading":"","description":"","cta_heading":"","cta_description":"","application":"2075","h1":"Extensi\u00f3n de la bolsa de trabajo de Joomla","h1_caption":"Publique ofertas de trabajo y obtenga curr\u00edculums de sus empleados potenciales","application_category":[],"applications_title":"","applications_request_title":"","applications_request_button_text":"","hero_text":"","hero_video":"","hero_video_schema_markup":"","selling_points_title":"","selling_points_caption":"","selling_points":[],"selling_points_cta_text":"","features_title":"","features":"","ed_cta_examples_text":"","ed_cta_examples_hidden":"","ed_cta_demo_text":"","ed_cta_demo_hidden":"","why_caption":"","why_editor_title":"","why_editor_text":"","why_team_title":"","why_team_text":"","why_service_title":"","why_service_text":"","template_catalog_visible":"","template_catalog_title":"","template_catalog_text":"","template_catalog_categories_visible":"","demo_title":"Crea tu complemento de bolsa de trabajo","demo_caption":"\u00a1Configura tu bolsa de trabajo y agr\u00e9gala a tu sitio web Joomla gratis!","default_faq_hidden":"","app_template_category":[],"platform":"73","template_public_id":"","codecanyon_url":"","codecanyon_item_id":"","codecanyon_price":"","pricing_caption":"","pricing_elfsight_apps_hide_column":"","pricing_elfsight_apps_url":"","pricing_codecanyon_price_caption":"","integration_category":[],"integration_request_title":"","integration_request_cta":"","integration_platform":"","integrations":[],"platform_category":[],"video_schema_markup":"","price":"desde $0 \/ mes","trial":"","benefits":[{"text":"Servicio de instalaci\u00f3n gratuito"},{"text":"Servicio al cliente profesional"},{"text":"Garant\u00eda de devoluci\u00f3n de dinero de 14 d\u00edas"},{"text":"Actualizaciones gratuitas de por vida"}],"button_url":"#demo","button_target_blank":"","button_nofollow":"","attributes":[{"name":"Instalaciones","content":"10,000 - 100,000"},{"name":"Sensible","content":"S\u00ed"},{"name":"Navegadores compatibles","content":"Firefox, Safari, Opera, Chrome, Edge"}],"tags":[],"tags_disable_links":"","hide_more_platforms":"","video_object":"","demo_hide_cta":"","demo_hide_cloud_options":"","pricing_title":"","pricing":[{"pricing_icon":"platform","pricing_title":"Elfsight Apps","pricing_title_caption":"Soluci\u00f3n multiplataforma que se adapta a cualquier sitio","pricing_price":"desde $0 \/ mes","pricing_price_caption":"comienza con un plan gratuito","pricing_benefits":[{"text":"Dominios ilimitados"},{"text":"Soporte gratuito de la empresa"},{"text":"Soporte de instalaci\u00f3n gratuito"},{"text":"100% personalizable"}],"pricing_button_text":"A\u00f1adir al sitio web","pricing_button_url":"#demo"}],"related_apps_title":"","related_apps_hidden":"","author":"","image":[],"title":"","job":"","social_networks":[]},"_links":{"self":[{"href":"https:\/\/elfsight.com\/es\/wp-json\/wp\/v2\/pages\/5746","targetHints":{"allow":["GET"]}}],"collection":[{"href":"https:\/\/elfsight.com\/es\/wp-json\/wp\/v2\/pages"}],"about":[{"href":"https:\/\/elfsight.com\/es\/wp-json\/wp\/v2\/types\/page"}],"author":[{"embeddable":true,"href":"https:\/\/elfsight.com\/es\/wp-json\/wp\/v2\/users\/9"}],"replies":[{"embeddable":true,"href":"https:\/\/elfsight.com\/es\/wp-json\/wp\/v2\/comments?post=5746"}],"version-history":[{"count":2,"href":"https:\/\/elfsight.com\/es\/wp-json\/wp\/v2\/pages\/5746\/revisions"}],"predecessor-version":[{"id":19340,"href":"https:\/\/elfsight.com\/es\/wp-json\/wp\/v2\/pages\/5746\/revisions\/19340"}],"up":[{"embeddable":true,"href":"https:\/\/elfsight.com\/es\/wp-json\/wp\/v2\/pages\/2077"}],"wp:attachment":[{"href":"https:\/\/elfsight.com\/es\/wp-json\/wp\/v2\/media?parent=5746"}],"curies":[{"name":"wp","href":"https:\/\/api.w.org\/{rel}","templated":true}]}}