{"id":5741,"date":"1970-01-01T00:00:00","date_gmt":"1970-01-01T00:00:00","guid":{"rendered":"https:\/\/elfsight.com\/es\/?page_id=5741"},"modified":"2025-02-06T16:11:27","modified_gmt":"2025-02-06T16:11:27","slug":"jimdo","status":"publish","type":"page","link":"https:\/\/elfsight.com\/es\/job-board-widget\/jimdo\/","title":{"rendered":"Job Board &#8211; Jimdo"},"content":{"rendered":"<div class=\"application-platform-content-item-description application-platform-content-item\" id=\"description\" data-nav-section=\"description\"> <h2>Descripci\u00f3n<\/h2> <p>Elfsight Job Board es una sorprendente herramienta que le permite publicar ofertas de trabajo y obtener CV de los solicitantes directamente en su sitio web de la forma m\u00e1s sencilla. Con nuestro nuevo widget, podr\u00e1 divulgar su negocio, publicar informaci\u00f3n sobre vacantes abiertas y recibir curr\u00edculums. El widget le permite dar forma a una tarjeta de trabajo acompa\u00f1ada de una descripci\u00f3n detallada y el bot\u00f3n Aplicar. El empleo de la Bolsa de Trabajo le permite simplificar el proceso de contrataci\u00f3n y obtener las respuestas a los anuncios de trabajo con unos pocos clics. <\/p> <p><b>Contrata personas m\u00e1s f\u00e1cilmente con Job Board.<\/b><\/p> <\/div> <div class=\"application-platform-content-item-features application-platform-content-item\" id=\"features\" data-nav-section=\"features\"> <h2>Estas son solo algunas de las muchas funciones del widget: <\/h2> <ul><li>Agrega tantas vacantes de trabajo como desees<\/li><li>Describe el trabajo en detalle e informa sobre: \u200b\u200bsalario, t\u00edtulo del trabajo y requisitos requeridos. habilidades<\/li><li>Deje detalles de contacto: departamento, ubicaci\u00f3n y el nombre de su empresa<\/li><li>Inserte M\u00e1s informaci\u00f3n, bot\u00f3n Aplicar ahora o ambos<\/li><li>Configuraciones emergentes intercambiables<\/li><li>Haga que sus tarjetas de trabajo aparezcan en modo emergente<\/li><\/ul><p><a href=\"#demo\">Puede probar si el widget es para usted usando la demostraci\u00f3n<\/a><\/p> <\/div> <div class=\"application-platform-content-item-installation application-platform-content-item\" id=\"installation\" data-nav-section=\"installation\"> <h2>\u00bfC\u00f3mo agrego una bolsa de trabajo a mi sitio Jimdo? <\/h2> <p>Simplemente siga las pautas a continuaci\u00f3n para agregar la herramienta. <\/p> <ol><li><b>Inicie nuestro configurador gratuito y comience a crear su instrumento personalizado. <\/b><br> Especifique el aspecto seleccionado y las caracter\u00edsticas de la herramienta y aplique las correcciones. <\/li> <li><b>Adquiera su c\u00f3digo \u00fanico revelado en el cuadro de Elfsight Apps. <\/b><br> Una vez finalizada la generaci\u00f3n de su herramienta personal, copie el c\u00f3digo exclusivo en el cuadro y gu\u00e1rdelo para uso futuro. <\/li> <li><b>Comienza a usar el widget en el sitio Jimdo. <\/b><br> Pega el c\u00f3digo copiado recientemente en tu p\u00e1gina de inicio y guarda las mejoras. <\/li> <li><b>\u00a1Listo! La integraci\u00f3n se realiza con \u00e9xito. <\/b><br>Visita su p\u00e1gina para echar un vistazo al funcionamiento de la herramienta. <\/li><\/ol> <p>Si tienes alg\u00fan problema, no dudes en ponerte en contacto con nuestro equipo de soporte. Nuestra gente estar\u00e1 encantada de resolver todas las dudas que puedas tener con la herramienta. <\/p> <div class=\"faq\" data-component=\"FAQ\"><div class=\"faq-item\">\r\n\t\t\t\t\t<div class=\"faq-item-question\">\r\n\t\t\t\t\t\t<h3 class=\"faq-item-question-text\">\u00bfExiste alguna forma de insertar una bolsa de trabajo en mi p\u00e1gina de inicio de Jimdo sin experiencia en codificaci\u00f3n?<\/h3>\r\n\r\n\t\t\t\t\t\t<div class=\"faq-item-question-icon\"><\/div>\r\n\t\t\t\t\t<\/div>\r\n\r\n\t\t\t\t\t<div class=\"faq-item-answer\">\r\n\t\t\t\t\t\t<div class=\"faq-item-answer-text\"> <p>Elfsight presenta una soluci\u00f3n en la nube que te permite generar un complemento de bolsa de trabajo t\u00fa mismo. Descubre lo sencillo que es el proceso: ve a la demostraci\u00f3n en vivo para crear una aplicaci\u00f3n de bolsa de trabajo que te gustar\u00eda agregar al sitio web de Jimdo. Seleccione una de las muchas plantillas ya preparadas y modifique la configuraci\u00f3n de la Bolsa de Trabajo, agregue su contenido, cambie el dise\u00f1o y la combinaci\u00f3n de colores sin conocimientos de codificaci\u00f3n. Haz clic para guardar la configuraci\u00f3n que has realizado en la Bolsa de Trabajo y obt\u00e9n el c\u00f3digo para la instalaci\u00f3n, que puedes pegar sin esfuerzo en tu sitio web Jimdo de forma gratuita. Con la ayuda del sencillo Editor, cada usuario de Internet puede crear una secci\u00f3n de Bolsa de Trabajo en l\u00ednea y pegarla f\u00e1cilmente en el sitio de Jimdo. No es necesario pagar ni ingresar los datos de tu tarjeta para ingresar a nuestro servicio. Si encuentra alg\u00fan problema de cualquier tipo, no dude en comunicarse con nuestro equipo de soporte.<\/p> <\/div>\r\n\t\t\t\t\t<\/div>\r\n\t\t\t\t<\/div> <\/div><\/div>","protected":false},"excerpt":{"rendered":"","protected":false},"author":9,"featured_media":0,"parent":2077,"menu_order":0,"comment_status":"closed","ping_status":"closed","template":"templates\/template-application-platform.php","meta":{"publish_to_discourse":"","publish_post_category":"","wpdc_auto_publish_overridden":"","wpdc_topic_tags":"","wpdc_pin_topic":"","wpdc_pin_until":"","discourse_post_id":"","discourse_permalink":"","wpdc_publishing_response":"","wpdc_publishing_error":"","footnotes":""},"class_list":["post-5741","page","type-page","status-publish","hentry"],"yoast_head":"<!-- This site is optimized with the Yoast SEO plugin v25.3.1 - https:\/\/yoast.com\/wordpress\/plugins\/seo\/ -->\n<title>Bolsa de trabajo de Jimdo - A\u00f1adir ofertas de trabajo a Jimdo (2025)<\/title>\n<meta name=\"description\" content=\"\u00a1A\u00f1ade un widget responsivo de Bolsa de Trabajo en tu sitio web Jimdo y deja que tus empleados potenciales exploren las vacantes abiertas!\" \/>\n<meta name=\"robots\" content=\"index, follow, max-snippet:-1, max-image-preview:large, max-video-preview:-1\" \/>\n<link rel=\"canonical\" href=\"https:\/\/elfsight.com\/es\/job-board-widget\/jimdo\/\" \/>\n<meta property=\"og:locale\" content=\"es_ES\" \/>\n<meta property=\"og:type\" content=\"article\" \/>\n<meta property=\"og:title\" content=\"Bolsa de trabajo de Jimdo - A\u00f1adir ofertas de trabajo a Jimdo (2025)\" \/>\n<meta property=\"og:description\" content=\"\u00a1A\u00f1ade un widget responsivo de Bolsa de Trabajo en tu sitio web Jimdo y deja que tus empleados potenciales exploren las vacantes abiertas!\" \/>\n<meta property=\"og:url\" content=\"https:\/\/elfsight.com\/es\/job-board-widget\/jimdo\/\" \/>\n<meta property=\"og:site_name\" content=\"Elfsight ES\" \/>\n<meta property=\"article:modified_time\" content=\"2025-02-06T16:11:27+00:00\" \/>\n<meta name=\"twitter:card\" content=\"summary_large_image\" \/>\n<meta name=\"twitter:label1\" content=\"Tiempo de lectura\" \/>\n\t<meta name=\"twitter:data1\" content=\"3 minutos\" \/>\n<!-- \/ Yoast SEO plugin. -->","yoast_head_json":{"title":"Bolsa de trabajo de Jimdo - A\u00f1adir ofertas de trabajo a Jimdo (2025)","description":"\u00a1A\u00f1ade un widget responsivo de Bolsa de Trabajo en tu sitio web Jimdo y deja que tus empleados potenciales exploren las vacantes abiertas!","robots":{"index":"index","follow":"follow","max-snippet":"max-snippet:-1","max-image-preview":"max-image-preview:large","max-video-preview":"max-video-preview:-1"},"canonical":"https:\/\/elfsight.com\/es\/job-board-widget\/jimdo\/","og_locale":"es_ES","og_type":"article","og_title":"Bolsa de trabajo de Jimdo - A\u00f1adir ofertas de trabajo a Jimdo (2025)","og_description":"\u00a1A\u00f1ade un widget responsivo de Bolsa de Trabajo en tu sitio web Jimdo y deja que tus empleados potenciales exploren las vacantes abiertas!","og_url":"https:\/\/elfsight.com\/es\/job-board-widget\/jimdo\/","og_site_name":"Elfsight ES","article_modified_time":"2025-02-06T16:11:27+00:00","twitter_card":"summary_large_image","twitter_misc":{"Tiempo de lectura":"3 minutos"},"schema":{"@context":"https:\/\/schema.org","@graph":[{"@type":"WebPage","@id":"https:\/\/elfsight.com\/es\/job-board-widget\/jimdo\/","url":"https:\/\/elfsight.com\/es\/job-board-widget\/jimdo\/","name":"Bolsa de trabajo de Jimdo - A\u00f1adir ofertas de trabajo a Jimdo (2025)","isPartOf":{"@id":"https:\/\/elfsight.com\/es\/#website"},"datePublished":"1970-01-01T00:00:00+00:00","dateModified":"2025-02-06T16:11:27+00:00","description":"\u00a1A\u00f1ade un widget responsivo de Bolsa de Trabajo en tu sitio web Jimdo y deja que tus empleados potenciales exploren las vacantes abiertas!","breadcrumb":{"@id":"https:\/\/elfsight.com\/es\/job-board-widget\/jimdo\/#breadcrumb"},"inLanguage":"es","potentialAction":[{"@type":"ReadAction","target":["https:\/\/elfsight.com\/es\/job-board-widget\/jimdo\/"]}]},{"@type":"BreadcrumbList","@id":"https:\/\/elfsight.com\/es\/job-board-widget\/jimdo\/#breadcrumb","itemListElement":[{"@type":"ListItem","position":1,"name":"Home","item":"https:\/\/elfsight.com\/es\/"},{"@type":"ListItem","position":2,"name":"Job Board","item":"https:\/\/elfsight.com\/es\/job-board-widget\/"},{"@type":"ListItem","position":3,"name":"Job Board &#8211; Jimdo"}]},{"@type":"WebSite","@id":"https:\/\/elfsight.com\/es\/#website","url":"https:\/\/elfsight.com\/es\/","name":"Elfsight ES","description":"Just another Elfsight Sites site","potentialAction":[{"@type":"SearchAction","target":{"@type":"EntryPoint","urlTemplate":"https:\/\/elfsight.com\/es\/?s={search_term_string}"},"query-input":{"@type":"PropertyValueSpecification","valueRequired":true,"valueName":"search_term_string"}}],"inLanguage":"es"}]}},"meta_box":{"industry":"","seo_heading":"","heading":"","description":"","cta_heading":"","cta_description":"","application":"2075","h1":"Widget de la bolsa de trabajo de Jimdo","h1_caption":"Publicar ofertas de trabajo y obtener CV de trabajadores potenciales","application_category":[],"applications_title":"","applications_request_title":"","applications_request_button_text":"","hero_text":"","hero_video":"","hero_video_schema_markup":"","selling_points_title":"","selling_points_caption":"","selling_points":[],"selling_points_cta_text":"","features_title":"","features":"","ed_cta_examples_text":"","ed_cta_examples_hidden":"","ed_cta_demo_text":"","ed_cta_demo_hidden":"","why_caption":"","why_editor_title":"","why_editor_text":"","why_team_title":"","why_team_text":"","why_service_title":"","why_service_text":"","template_catalog_visible":"","template_catalog_title":"","template_catalog_text":"","template_catalog_categories_visible":"","demo_title":"Crea tu widget de bolsa de trabajo","demo_caption":"\u00a1Configura tu bolsa de trabajo y a\u00f1\u00e1dela a tu sitio web Jimdo gratis!","default_faq_hidden":"","app_template_category":[],"platform":"2198","template_public_id":"","codecanyon_url":"","codecanyon_item_id":"","codecanyon_price":"","pricing_caption":"","pricing_elfsight_apps_hide_column":"","pricing_elfsight_apps_url":"","pricing_codecanyon_price_caption":"","integration_category":[],"integration_request_title":"","integration_request_cta":"","integration_platform":"","integrations":[],"platform_category":[],"video_schema_markup":"","price":"desde $0 \/ mes","trial":"","benefits":[{"text":"Asistencia de instalaci\u00f3n gratuita"},{"text":"Atenci\u00f3n al cliente experimentada"},{"text":"Garant\u00eda de reembolso de 14 d\u00edas"},{"text":"Actualizando constantemente"}],"button_url":"#demo","button_target_blank":"","button_nofollow":"","attributes":[{"name":"Instalaciones","content":"10,000 - 100,000"},{"name":"Sensible","content":"S\u00ed"},{"name":"Navegadores compatibles","content":"Firefox, Safari, Opera, Chrome, Edge"}],"tags":[],"tags_disable_links":"","hide_more_platforms":"","video_object":"","demo_hide_cta":"","demo_hide_cloud_options":"","pricing_title":"","pricing":[{"pricing_icon":"platform","pricing_title":"Elfsight Apps","pricing_title_caption":"Software multiplataforma","pricing_price":"desde $0 \/ mes","pricing_price_caption":"comienza con un plan gratuito","pricing_benefits":[{"text":"N\u00famero ilimitado de sitios web"},{"text":"Atenci\u00f3n al cliente r\u00e1pida"},{"text":"Servicio de instalaci\u00f3n gratuito"},{"text":"100% personalizable"}],"pricing_button_text":"A\u00f1adir al sitio web","pricing_button_url":"#demo"}],"related_apps_title":"","related_apps_hidden":"","author":"","image":[],"title":"","job":"","social_networks":[]},"_links":{"self":[{"href":"https:\/\/elfsight.com\/es\/wp-json\/wp\/v2\/pages\/5741","targetHints":{"allow":["GET"]}}],"collection":[{"href":"https:\/\/elfsight.com\/es\/wp-json\/wp\/v2\/pages"}],"about":[{"href":"https:\/\/elfsight.com\/es\/wp-json\/wp\/v2\/types\/page"}],"author":[{"embeddable":true,"href":"https:\/\/elfsight.com\/es\/wp-json\/wp\/v2\/users\/9"}],"replies":[{"embeddable":true,"href":"https:\/\/elfsight.com\/es\/wp-json\/wp\/v2\/comments?post=5741"}],"version-history":[{"count":2,"href":"https:\/\/elfsight.com\/es\/wp-json\/wp\/v2\/pages\/5741\/revisions"}],"predecessor-version":[{"id":19341,"href":"https:\/\/elfsight.com\/es\/wp-json\/wp\/v2\/pages\/5741\/revisions\/19341"}],"up":[{"embeddable":true,"href":"https:\/\/elfsight.com\/es\/wp-json\/wp\/v2\/pages\/2077"}],"wp:attachment":[{"href":"https:\/\/elfsight.com\/es\/wp-json\/wp\/v2\/media?parent=5741"}],"curies":[{"name":"wp","href":"https:\/\/api.w.org\/{rel}","templated":true}]}}