{"id":5739,"date":"1970-01-01T00:00:00","date_gmt":"1970-01-01T00:00:00","guid":{"rendered":"https:\/\/elfsight.com\/es\/?page_id=5739"},"modified":"2025-02-06T16:11:35","modified_gmt":"2025-02-06T16:11:35","slug":"html","status":"publish","type":"page","link":"https:\/\/elfsight.com\/es\/job-board-widget\/html\/","title":{"rendered":"Job Board &#8211; HTML"},"content":{"rendered":"<div class=\"application-platform-content-item-description application-platform-content-item\" id=\"description\" data-nav-section=\"description\"> <h2>Descripci\u00f3n<\/h2> <p>Nuestra Bolsa de Trabajo para HTML es un widget extraordinario que le brinda la oportunidad de publicar vacantes abiertas y recibir CV de candidatos en su sitio de la manera m\u00e1s accesible. Con nuestra nueva herramienta, podr\u00e1 revelar informaci\u00f3n sobre su empresa, publicar informaci\u00f3n sobre ofertas de trabajo y recopilar curr\u00edculums. El widget le ofrece la posibilidad de crear una tarjeta de trabajo acompa\u00f1ada de una descripci\u00f3n detallada y un bot\u00f3n Aplicar. El uso de Elfsight Job Board le permite agilizar el proceso de contrataci\u00f3n y adquirir las respuestas a los anuncios de trabajo en 1-2-3. <\/p> <p><b>Cree r\u00e1pidamente las descripciones de trabajo y botones de CTA m\u00e1s atractivos para inspirar a m\u00e1s empleados potenciales a cooperar con usted<\/b><\/p> <\/div> <div class=\"application-platform-content-item-features application-platform-content-item\" id=\"features\" data-nav-section=\"features\"> <h2>Estudie la lista de las caracter\u00edsticas m\u00e1s importantes: <\/h2> <ul><li>Cree un enlace Aplicar para dirigir a los usuarios del sitio web a la p\u00e1gina que recopila CV<\/li><li>Presente las vacantes de la manera m\u00e1s atractiva<\/li><li>La cantidad de tarjetas de trabajo que puede agregar es ilimitada<\/li><li>Agregue numerosos detalles sobre el trabajo: salario, habilidades necesarias y puesto de trabajo<\/li><li>Deje informaci\u00f3n de contacto: el nombre de su empresa, ubicaci\u00f3n y departamento<\/li><\/ul><p><a href=\"#demo\">Explore todas las funciones de personalizaci\u00f3n en una demostraci\u00f3n con todas las funciones<\/a><\/p> <\/div> <div class=\"application-platform-content-item-installation application-platform-content-item\" id=\"installation\" data-nav-section=\"installation\"> <h2>\u00bfC\u00f3mo puedo agregar una bolsa de trabajo en mi sitio web HTML? <\/h2> <p>Simplemente siga los pasos que se describen a continuaci\u00f3n para integrar la herramienta. <\/p> <ol><li><b>Inicie nuestro configurador gratuito y comience a crear su widget personalizado. <\/b><br> Especifique el aspecto preferible y las caracter\u00edsticas funcionales de la herramienta y aplique las ediciones. <\/li> <li><b>Reciba su c\u00f3digo personal revelado en el formulario especial en Elfsight Apps. <\/b><br> Inmediatamente despu\u00e9s de configurar su herramienta personal, copie el c\u00f3digo personal en el cuadro que aparece y gu\u00e1rdelo para usarlo m\u00e1s adelante. <\/li> <li><b>Comience a utilizar el widget en su sitio web HTML. <\/b><br>Integre el c\u00f3digo guardado anteriormente en su p\u00e1gina de inicio y aplique las modificaciones. <\/li> <li><b>\u00a1Ya terminaste! La incrustaci\u00f3n ha finalizado con \u00e9xito. <\/b><br>Vaya a su sitio web para comprobar c\u00f3mo funciona el complemento. <\/li><\/ol> <p>Si tienes dudas o tienes alg\u00fan problema, no dudes en ponerte en contacto con nuestro personal de atenci\u00f3n al cliente. Nuestros especialistas estar\u00e1n encantados de ayudarte con todas las dudas que puedas tener sobre el producto. <\/p> <div class=\"faq\" data-component=\"FAQ\"><div class=\"faq-item\">\r\n\t\t\t\t\t<div class=\"faq-item-question\">\r\n\t\t\t\t\t\t<h3 class=\"faq-item-question-text\">\u00bfExiste alguna manera de agregar una bolsa de trabajo a mi p\u00e1gina web HTML sin conocimientos de codificaci\u00f3n?<\/h3>\r\n\r\n\t\t\t\t\t\t<div class=\"faq-item-question-icon\"><\/div>\r\n\t\t\t\t\t<\/div>\r\n\r\n\t\t\t\t\t<div class=\"faq-item-answer\">\r\n\t\t\t\t\t\t<div class=\"faq-item-answer-text\"> <p>Elfsight ofrece una soluci\u00f3n en la nube que permite a los usuarios de una secci\u00f3n de la bolsa de trabajo aprender lo sencillo que es el proceso: comience a trabajar directamente en la demostraci\u00f3n en vivo para crear un complemento de la bolsa de trabajo que le gustar\u00eda incrustar en su p\u00e1gina web HTML. Elija una de nuestras plantillas predise\u00f1adas y ajuste la configuraci\u00f3n de la Bolsa de Trabajo, cambie el dise\u00f1o y el color de los elementos y actualice su contenido, sin codificaci\u00f3n. Guarde la bolsa de trabajo y obtenga el c\u00f3digo de instalaci\u00f3n del complemento, que puede incluirse f\u00e1cilmente en la p\u00e1gina web HTML de forma gratuita. Al trabajar en nuestro editor intuitivo, cualquier usuario de Internet puede crear una secci\u00f3n de Bolsa de trabajo y simplemente pegarla en la p\u00e1gina de inicio HTML. No debe pagar ni ingresar las credenciales de su tarjeta para ingresar al servicio de Elfsight. Si tiene alg\u00fan problema de cualquier tipo, no dude en ponerse en contacto con nuestro equipo de soporte.<\/p> <\/div>\r\n\t\t\t\t\t<\/div>\r\n\t\t\t\t<\/div> <\/div><\/div>","protected":false},"excerpt":{"rendered":"","protected":false},"author":9,"featured_media":0,"parent":2077,"menu_order":0,"comment_status":"closed","ping_status":"closed","template":"templates\/template-application-platform.php","meta":{"publish_to_discourse":"","publish_post_category":"","wpdc_auto_publish_overridden":"","wpdc_topic_tags":"","wpdc_pin_topic":"","wpdc_pin_until":"","discourse_post_id":"","discourse_permalink":"","wpdc_publishing_response":"","wpdc_publishing_error":"","footnotes":""},"class_list":["post-5739","page","type-page","status-publish","hentry"],"yoast_head":"<!-- This site is optimized with the Yoast SEO plugin v25.3.1 - https:\/\/yoast.com\/wordpress\/plugins\/seo\/ -->\n<title>Widget de bolsa de trabajo HTML: agregue ofertas de trabajo a HTML (2025)<\/title>\n<meta name=\"description\" content=\"\u00a1Agregue un widget responsivo de Bolsa de Trabajo en su sitio web HTML y deje que sus trabajadores potenciales exploren las vacantes abiertas!\" \/>\n<meta name=\"robots\" content=\"index, follow, max-snippet:-1, max-image-preview:large, max-video-preview:-1\" \/>\n<link rel=\"canonical\" href=\"https:\/\/elfsight.com\/es\/job-board-widget\/html\/\" \/>\n<meta property=\"og:locale\" content=\"es_ES\" \/>\n<meta property=\"og:type\" content=\"article\" \/>\n<meta property=\"og:title\" content=\"Widget de bolsa de trabajo HTML: agregue ofertas de trabajo a HTML (2025)\" \/>\n<meta property=\"og:description\" content=\"\u00a1Agregue un widget responsivo de Bolsa de Trabajo en su sitio web HTML y deje que sus trabajadores potenciales exploren las vacantes abiertas!\" \/>\n<meta property=\"og:url\" content=\"https:\/\/elfsight.com\/es\/job-board-widget\/html\/\" \/>\n<meta property=\"og:site_name\" content=\"Elfsight ES\" \/>\n<meta property=\"article:modified_time\" content=\"2025-02-06T16:11:35+00:00\" \/>\n<meta name=\"twitter:card\" content=\"summary_large_image\" \/>\n<meta name=\"twitter:label1\" content=\"Tiempo de lectura\" \/>\n\t<meta name=\"twitter:data1\" content=\"3 minutos\" \/>\n<!-- \/ Yoast SEO plugin. -->","yoast_head_json":{"title":"Widget de bolsa de trabajo HTML: agregue ofertas de trabajo a HTML (2025)","description":"\u00a1Agregue un widget responsivo de Bolsa de Trabajo en su sitio web HTML y deje que sus trabajadores potenciales exploren las vacantes abiertas!","robots":{"index":"index","follow":"follow","max-snippet":"max-snippet:-1","max-image-preview":"max-image-preview:large","max-video-preview":"max-video-preview:-1"},"canonical":"https:\/\/elfsight.com\/es\/job-board-widget\/html\/","og_locale":"es_ES","og_type":"article","og_title":"Widget de bolsa de trabajo HTML: agregue ofertas de trabajo a HTML (2025)","og_description":"\u00a1Agregue un widget responsivo de Bolsa de Trabajo en su sitio web HTML y deje que sus trabajadores potenciales exploren las vacantes abiertas!","og_url":"https:\/\/elfsight.com\/es\/job-board-widget\/html\/","og_site_name":"Elfsight ES","article_modified_time":"2025-02-06T16:11:35+00:00","twitter_card":"summary_large_image","twitter_misc":{"Tiempo de lectura":"3 minutos"},"schema":{"@context":"https:\/\/schema.org","@graph":[{"@type":"WebPage","@id":"https:\/\/elfsight.com\/es\/job-board-widget\/html\/","url":"https:\/\/elfsight.com\/es\/job-board-widget\/html\/","name":"Widget de bolsa de trabajo HTML: agregue ofertas de trabajo a HTML (2025)","isPartOf":{"@id":"https:\/\/elfsight.com\/es\/#website"},"datePublished":"1970-01-01T00:00:00+00:00","dateModified":"2025-02-06T16:11:35+00:00","description":"\u00a1Agregue un widget responsivo de Bolsa de Trabajo en su sitio web HTML y deje que sus trabajadores potenciales exploren las vacantes abiertas!","breadcrumb":{"@id":"https:\/\/elfsight.com\/es\/job-board-widget\/html\/#breadcrumb"},"inLanguage":"es","potentialAction":[{"@type":"ReadAction","target":["https:\/\/elfsight.com\/es\/job-board-widget\/html\/"]}]},{"@type":"BreadcrumbList","@id":"https:\/\/elfsight.com\/es\/job-board-widget\/html\/#breadcrumb","itemListElement":[{"@type":"ListItem","position":1,"name":"Home","item":"https:\/\/elfsight.com\/es\/"},{"@type":"ListItem","position":2,"name":"Job Board","item":"https:\/\/elfsight.com\/es\/job-board-widget\/"},{"@type":"ListItem","position":3,"name":"Job Board &#8211; HTML"}]},{"@type":"WebSite","@id":"https:\/\/elfsight.com\/es\/#website","url":"https:\/\/elfsight.com\/es\/","name":"Elfsight ES","description":"Just another Elfsight Sites site","potentialAction":[{"@type":"SearchAction","target":{"@type":"EntryPoint","urlTemplate":"https:\/\/elfsight.com\/es\/?s={search_term_string}"},"query-input":{"@type":"PropertyValueSpecification","valueRequired":true,"valueName":"search_term_string"}}],"inLanguage":"es"}]}},"meta_box":{"industry":"","seo_heading":"","heading":"","description":"","cta_heading":"","cta_description":"","application":"2075","h1":"Widget de bolsa de trabajo HTML","h1_caption":"Publicar anuncios de vacantes y obtener curr\u00edculums de trabajadores potenciales.","application_category":[],"applications_title":"","applications_request_title":"","applications_request_button_text":"","hero_text":"","hero_video":"","hero_video_schema_markup":"","selling_points_title":"","selling_points_caption":"","selling_points":[],"selling_points_cta_text":"","features_title":"","features":"","ed_cta_examples_text":"","ed_cta_examples_hidden":"","ed_cta_demo_text":"","ed_cta_demo_hidden":"","why_caption":"","why_editor_title":"","why_editor_text":"","why_team_title":"","why_team_text":"","why_service_title":"","why_service_text":"","template_catalog_visible":"","template_catalog_title":"","template_catalog_text":"","template_catalog_categories_visible":"","demo_title":"Crea tu widget de bolsa de trabajo","demo_caption":"\u00a1Configure su bolsa de trabajo y agr\u00e9guela a su sitio web HTML de forma gratuita!","default_faq_hidden":"","app_template_category":[],"platform":"70","template_public_id":"","codecanyon_url":"","codecanyon_item_id":"","codecanyon_price":"","pricing_caption":"","pricing_elfsight_apps_hide_column":"","pricing_elfsight_apps_url":"","pricing_codecanyon_price_caption":"","integration_category":[],"integration_request_title":"","integration_request_cta":"","integration_platform":"","integrations":[],"platform_category":[],"video_schema_markup":"","price":"desde $0 \/ mes","trial":"","benefits":[{"text":"Ayuda de instalaci\u00f3n gratuita"},{"text":"Atenci\u00f3n al cliente experimentada"},{"text":"Garant\u00eda de reembolso de 14 d\u00edas"},{"text":"Desarrollo continuo"}],"button_url":"#demo","button_target_blank":"","button_nofollow":"","attributes":[{"name":"Instalaciones","content":"10,000 - 100,000"},{"name":"Sensible","content":"S\u00ed"},{"name":"Navegadores compatibles","content":"Firefox, Safari, Opera, Chrome, Edge"}],"tags":[],"tags_disable_links":"","hide_more_platforms":"","video_object":"","demo_hide_cta":"","demo_hide_cloud_options":"","pricing_title":"","pricing":[{"pricing_icon":"platform","pricing_title":"Elfsight Apps","pricing_title_caption":"Soluci\u00f3n multiplataforma que se adapta a cualquier sitio web.","pricing_price":"desde $0 \/ mes","pricing_price_caption":"comienza con un plan gratuito","pricing_benefits":[{"text":"Sitios web ilimitados"},{"text":"Soporte premium, puntual y bien documentado."},{"text":"Servicio de instalaci\u00f3n gratuito"},{"text":"Dise\u00f1o flexible"}],"pricing_button_text":"A\u00f1adir al sitio web","pricing_button_url":"#demo"}],"related_apps_title":"","related_apps_hidden":"","author":"","image":[],"title":"","job":"","social_networks":[]},"_links":{"self":[{"href":"https:\/\/elfsight.com\/es\/wp-json\/wp\/v2\/pages\/5739","targetHints":{"allow":["GET"]}}],"collection":[{"href":"https:\/\/elfsight.com\/es\/wp-json\/wp\/v2\/pages"}],"about":[{"href":"https:\/\/elfsight.com\/es\/wp-json\/wp\/v2\/types\/page"}],"author":[{"embeddable":true,"href":"https:\/\/elfsight.com\/es\/wp-json\/wp\/v2\/users\/9"}],"replies":[{"embeddable":true,"href":"https:\/\/elfsight.com\/es\/wp-json\/wp\/v2\/comments?post=5739"}],"version-history":[{"count":2,"href":"https:\/\/elfsight.com\/es\/wp-json\/wp\/v2\/pages\/5739\/revisions"}],"predecessor-version":[{"id":19343,"href":"https:\/\/elfsight.com\/es\/wp-json\/wp\/v2\/pages\/5739\/revisions\/19343"}],"up":[{"embeddable":true,"href":"https:\/\/elfsight.com\/es\/wp-json\/wp\/v2\/pages\/2077"}],"wp:attachment":[{"href":"https:\/\/elfsight.com\/es\/wp-json\/wp\/v2\/media?parent=5739"}],"curies":[{"name":"wp","href":"https:\/\/api.w.org\/{rel}","templated":true}]}}