{"id":5738,"date":"1970-01-01T00:00:00","date_gmt":"1970-01-01T00:00:00","guid":{"rendered":"https:\/\/elfsight.com\/es\/?page_id=5738"},"modified":"2025-02-06T16:11:35","modified_gmt":"2025-02-06T16:11:35","slug":"google-sites","status":"publish","type":"page","link":"https:\/\/elfsight.com\/es\/job-board-widget\/google-sites\/","title":{"rendered":"Job Board &#8211; Google Sites"},"content":{"rendered":"<div class=\"application-platform-content-item-description application-platform-content-item\" id=\"description\" data-nav-section=\"description\"> <h2>Integre una bolsa de trabajo en Google Sites con el widget de Elfsight<\/h2> <p>Nuestra bolsa de trabajo para Google Sites es un complemento excepcional que le garantiza la oportunidad de revelar ofertas de trabajo y recibir CV de los candidatos directamente en su sitio web de la manera m\u00e1s accesible. Al aplicar nuestra nueva herramienta, podr\u00e1 presentar su empresa, distribuir informaci\u00f3n sobre vacantes abiertas y recopilar curr\u00edculums. El widget le permite darle forma a una tarjeta de trabajo con una descripci\u00f3n precisa y el bot\u00f3n Aplicar. El uso de Elfsight Job Board le permite facilitar el proceso de contrataci\u00f3n y obtener respuestas a los anuncios de trabajo con unos pocos clics. <\/p> <p><b>Cree f\u00e1cilmente las ofertas de trabajo y botones de CTA m\u00e1s atractivos para impulsar a m\u00e1s empleados potenciales a trabajar con usted<\/b><\/p> <\/div> <div class=\"application-platform-content-item-features application-platform-content-item\" id=\"features\" data-nav-section=\"features\"> <h2>Estas son solo algunas de las m\u00faltiples funciones del complemento: <\/h2> <ul><li>Cree un enlace Aplicar para dirigir candidatos potenciales a la p\u00e1gina con CV<\/li><li>Presente las vacantes de la manera m\u00e1s atractiva<\/li><li>Agregue tantas ofertas de trabajo como desee<\/li><li>Agregue numerosos detalles sobre el trabajo: habilidades necesarias, salario y puesto de trabajo<\/li><li>Brinde informaci\u00f3n sobre la empresa: departamento, su nombre y ubicaci\u00f3n<\/li><\/ul><p><a href=\"#demo\">Pruebe esta demostraci\u00f3n para comprender la funcionalidad del complemento<\/a><\/p> <\/div> <div class=\"application-platform-content-item-installation application-platform-content-item\" id=\"installation\" data-nav-section=\"installation\"> <h2>\u00bfC\u00f3mo inserto una bolsa de trabajo en mi sitio de Google Sites? <\/h2> <p>Simplemente siga los pasos que se describen a continuaci\u00f3n para comenzar a utilizar el complemento. <\/p> <ol><li><b>Utiliza nuestro configurador gratuito y comienza a darle forma a tu complemento personalizado. <\/b><br> Encuentre el dise\u00f1o y las caracter\u00edsticas deseables del complemento y guarde las correcciones. <\/li> <li><b>Reciba el c\u00f3digo individual que aparece en el formulario especial en Elfsight Apps. <\/b><br> Inmediatamente despu\u00e9s de completar la configuraci\u00f3n de su herramienta personal, copie el c\u00f3digo individual en la ventana emergente que aparece y gu\u00e1rdelo para usarlo en el futuro. <\/li> <li><b>Comience a utilizar el complemento en su sitio de Google Sites. <\/b><br> Pega el c\u00f3digo que has copiado anteriormente en tu p\u00e1gina web y guarda los ajustes. <\/li> <li><b>La configuraci\u00f3n est\u00e1 completamente realizada. <\/b><br>Visite su sitio web para ver en acci\u00f3n el trabajo del complemento. <\/li><\/ol> <div class=\"tip-yellow tip\"><b>Debido a las peculiaridades del trabajo de Google Sites, el widget puede tener un aspecto diferente al de la demostraci\u00f3n en l\u00ednea. Nos disculpamos por cualquier inconveniente causado.<\/b><\/div><p>Si tiene alg\u00fan obst\u00e1culo, no dude en escribir a nuestro personal de soporte. Nuestra gente est\u00e1 ansiosa por resolver todas las dudas que puedas tener con el producto. <\/p> <div class=\"faq\" data-component=\"FAQ\"><div class=\"faq-item\">\r\n\t\t\t\t\t<div class=\"faq-item-question\">\r\n\t\t\t\t\t\t<h3 class=\"faq-item-question-text\">\u00bfExiste alguna forma de agregar una Bolsa de trabajo a mi sitio de Google Sites sin conocimientos de codificaci\u00f3n?<\/h3>\r\n\r\n\t\t\t\t\t\t<div class=\"faq-item-question-icon\"><\/div>\r\n\t\t\t\t\t<\/div>\r\n\r\n\t\t\t\t\t<div class=\"faq-item-answer\">\r\n\t\t\t\t\t\t<div class=\"faq-item-answer-text\"> <p>Elfsight proporciona una soluci\u00f3n que le permite crear un complemento de Bolsa de trabajo usted mismo. Vea lo sencillo que es el proceso: trabaje directamente en el editor en vivo para formar un widget de Bolsa de trabajo que le gustar\u00eda incluir en su sitio web de Google Sites. Haga clic en una de nuestras plantillas predise\u00f1adas y modifique la configuraci\u00f3n de la Bolsa de Trabajo, cambie el dise\u00f1o y los colores y agregue su contenido, sin codificaci\u00f3n. Haga clic para guardar la configuraci\u00f3n que realiz\u00f3 en la bolsa de trabajo y obtener su c\u00f3digo para incrustar, que se puede incrustar en la p\u00e1gina de inicio de Google Sites de forma gratuita. Con el sencillo Configurador, cualquier usuario web puede generar una secci\u00f3n de Bolsa de trabajo e incluirla f\u00e1cilmente en cualquier sitio web de Google Sites. No es necesario obtener una suscripci\u00f3n paga ni enviar las credenciales de su tarjeta para ingresar a Elfsight Editor. Si encuentra alg\u00fan obst\u00e1culo de cualquier tipo, no dude en ponerse en contacto con nuestro personal de soporte.<\/p> <\/div>\r\n\t\t\t\t\t<\/div>\r\n\t\t\t\t<\/div> <\/div><\/div>","protected":false},"excerpt":{"rendered":"","protected":false},"author":9,"featured_media":0,"parent":2077,"menu_order":0,"comment_status":"closed","ping_status":"closed","template":"templates\/template-application-platform.php","meta":{"publish_to_discourse":"","publish_post_category":"","wpdc_auto_publish_overridden":"","wpdc_topic_tags":"","wpdc_pin_topic":"","wpdc_pin_until":"","discourse_post_id":"","discourse_permalink":"","wpdc_publishing_response":"","wpdc_publishing_error":"","footnotes":""},"class_list":["post-5738","page","type-page","status-publish","hentry"],"yoast_head":"<!-- This site is optimized with the Yoast SEO plugin v25.3.1 - https:\/\/yoast.com\/wordpress\/plugins\/seo\/ -->\n<title>Complemento de la bolsa de empleo de Google Sites: agregue ofertas de trabajo a su sitio (2025)<\/title>\n<meta name=\"description\" content=\"Inserte un complemento de bolsa de trabajo responsivo en su sitio web de Google Sites y permita que sus empleados potenciales exploren las ofertas de trabajo.\" \/>\n<meta name=\"robots\" content=\"index, follow, max-snippet:-1, max-image-preview:large, max-video-preview:-1\" \/>\n<link rel=\"canonical\" href=\"https:\/\/elfsight.com\/es\/job-board-widget\/google-sites\/\" \/>\n<meta property=\"og:locale\" content=\"es_ES\" \/>\n<meta property=\"og:type\" content=\"article\" \/>\n<meta property=\"og:title\" content=\"Complemento de la bolsa de empleo de Google Sites: agregue ofertas de trabajo a su sitio (2025)\" \/>\n<meta property=\"og:description\" content=\"Inserte un complemento de bolsa de trabajo responsivo en su sitio web de Google Sites y permita que sus empleados potenciales exploren las ofertas de trabajo.\" \/>\n<meta property=\"og:url\" content=\"https:\/\/elfsight.com\/es\/job-board-widget\/google-sites\/\" \/>\n<meta property=\"og:site_name\" content=\"Elfsight ES\" \/>\n<meta property=\"article:modified_time\" content=\"2025-02-06T16:11:35+00:00\" \/>\n<meta name=\"twitter:card\" content=\"summary_large_image\" \/>\n<meta name=\"twitter:label1\" content=\"Tiempo de lectura\" \/>\n\t<meta name=\"twitter:data1\" content=\"3 minutos\" \/>\n<!-- \/ Yoast SEO plugin. -->","yoast_head_json":{"title":"Complemento de la bolsa de empleo de Google Sites: agregue ofertas de trabajo a su sitio (2025)","description":"Inserte un complemento de bolsa de trabajo responsivo en su sitio web de Google Sites y permita que sus empleados potenciales exploren las ofertas de trabajo.","robots":{"index":"index","follow":"follow","max-snippet":"max-snippet:-1","max-image-preview":"max-image-preview:large","max-video-preview":"max-video-preview:-1"},"canonical":"https:\/\/elfsight.com\/es\/job-board-widget\/google-sites\/","og_locale":"es_ES","og_type":"article","og_title":"Complemento de la bolsa de empleo de Google Sites: agregue ofertas de trabajo a su sitio (2025)","og_description":"Inserte un complemento de bolsa de trabajo responsivo en su sitio web de Google Sites y permita que sus empleados potenciales exploren las ofertas de trabajo.","og_url":"https:\/\/elfsight.com\/es\/job-board-widget\/google-sites\/","og_site_name":"Elfsight ES","article_modified_time":"2025-02-06T16:11:35+00:00","twitter_card":"summary_large_image","twitter_misc":{"Tiempo de lectura":"3 minutos"},"schema":{"@context":"https:\/\/schema.org","@graph":[{"@type":"WebPage","@id":"https:\/\/elfsight.com\/es\/job-board-widget\/google-sites\/","url":"https:\/\/elfsight.com\/es\/job-board-widget\/google-sites\/","name":"Complemento de la bolsa de empleo de Google Sites: agregue ofertas de trabajo a su sitio (2025)","isPartOf":{"@id":"https:\/\/elfsight.com\/es\/#website"},"datePublished":"1970-01-01T00:00:00+00:00","dateModified":"2025-02-06T16:11:35+00:00","description":"Inserte un complemento de bolsa de trabajo responsivo en su sitio web de Google Sites y permita que sus empleados potenciales exploren las ofertas de trabajo.","breadcrumb":{"@id":"https:\/\/elfsight.com\/es\/job-board-widget\/google-sites\/#breadcrumb"},"inLanguage":"es","potentialAction":[{"@type":"ReadAction","target":["https:\/\/elfsight.com\/es\/job-board-widget\/google-sites\/"]}]},{"@type":"BreadcrumbList","@id":"https:\/\/elfsight.com\/es\/job-board-widget\/google-sites\/#breadcrumb","itemListElement":[{"@type":"ListItem","position":1,"name":"Home","item":"https:\/\/elfsight.com\/es\/"},{"@type":"ListItem","position":2,"name":"Job Board","item":"https:\/\/elfsight.com\/es\/job-board-widget\/"},{"@type":"ListItem","position":3,"name":"Job Board &#8211; Google Sites"}]},{"@type":"WebSite","@id":"https:\/\/elfsight.com\/es\/#website","url":"https:\/\/elfsight.com\/es\/","name":"Elfsight ES","description":"Just another Elfsight Sites site","potentialAction":[{"@type":"SearchAction","target":{"@type":"EntryPoint","urlTemplate":"https:\/\/elfsight.com\/es\/?s={search_term_string}"},"query-input":{"@type":"PropertyValueSpecification","valueRequired":true,"valueName":"search_term_string"}}],"inLanguage":"es"}]}},"meta_box":{"industry":"","seo_heading":"","heading":"","description":"","cta_heading":"","cta_description":"","application":"2075","h1":"Complemento de la bolsa de trabajo de Google Sites","h1_caption":"Publique anuncios de vacantes y recopile CV de sus empleados potenciales","application_category":[],"applications_title":"","applications_request_title":"","applications_request_button_text":"","hero_text":"","hero_video":"","hero_video_schema_markup":"","selling_points_title":"","selling_points_caption":"","selling_points":[],"selling_points_cta_text":"","features_title":"","features":"","ed_cta_examples_text":"","ed_cta_examples_hidden":"","ed_cta_demo_text":"","ed_cta_demo_hidden":"","why_caption":"","why_editor_title":"","why_editor_text":"","why_team_title":"","why_team_text":"","why_service_title":"","why_service_text":"","template_catalog_visible":"","template_catalog_title":"","template_catalog_text":"","template_catalog_categories_visible":"","demo_title":"Crea tu widget de bolsa de trabajo","demo_caption":"\u00a1Configure su bolsa de trabajo y agr\u00e9guela a su sitio web de Google Sites de forma gratuita!","default_faq_hidden":"","app_template_category":[],"platform":"67","template_public_id":"","codecanyon_url":"","codecanyon_item_id":"","codecanyon_price":"","pricing_caption":"","pricing_elfsight_apps_hide_column":"","pricing_elfsight_apps_url":"","pricing_codecanyon_price_caption":"","integration_category":[],"integration_request_title":"","integration_request_cta":"","integration_platform":"","integrations":[],"platform_category":[],"video_schema_markup":"","price":"desde $0 \/ mes","trial":"","benefits":[{"text":"Servicio de instalaci\u00f3n gratuito"},{"text":"Soporte excepcional"},{"text":"Garant\u00eda de devoluci\u00f3n de dinero de 14 d\u00edas"},{"text":"Desarrollo continuo"}],"button_url":"#demo","button_target_blank":"","button_nofollow":"","attributes":[{"name":"Instalaciones","content":"10,000 - 100,000"},{"name":"Sensible","content":"S\u00ed"},{"name":"Navegadores compatibles","content":"Firefox, Safari, Opera, Chrome, Edge"}],"tags":[],"tags_disable_links":"","hide_more_platforms":"","video_object":"","demo_hide_cta":"","demo_hide_cloud_options":"","pricing_title":"","pricing":[{"pricing_icon":"platform","pricing_title":"Elfsight Apps","pricing_title_caption":"Software independiente de la plataforma","pricing_price":"desde $0 \/ mes","pricing_price_caption":"comienza con un plan gratuito","pricing_benefits":[{"text":"Sitios web ilimitados"},{"text":"Soporte dedicado y puntual"},{"text":"Asistencia de instalaci\u00f3n gratuita"},{"text":"Totalmente personalizable"}],"pricing_button_text":"A\u00f1adir al sitio web","pricing_button_url":"#demo"}],"related_apps_title":"","related_apps_hidden":"","author":"","image":[],"title":"","job":"","social_networks":[]},"_links":{"self":[{"href":"https:\/\/elfsight.com\/es\/wp-json\/wp\/v2\/pages\/5738","targetHints":{"allow":["GET"]}}],"collection":[{"href":"https:\/\/elfsight.com\/es\/wp-json\/wp\/v2\/pages"}],"about":[{"href":"https:\/\/elfsight.com\/es\/wp-json\/wp\/v2\/types\/page"}],"author":[{"embeddable":true,"href":"https:\/\/elfsight.com\/es\/wp-json\/wp\/v2\/users\/9"}],"replies":[{"embeddable":true,"href":"https:\/\/elfsight.com\/es\/wp-json\/wp\/v2\/comments?post=5738"}],"version-history":[{"count":2,"href":"https:\/\/elfsight.com\/es\/wp-json\/wp\/v2\/pages\/5738\/revisions"}],"predecessor-version":[{"id":19344,"href":"https:\/\/elfsight.com\/es\/wp-json\/wp\/v2\/pages\/5738\/revisions\/19344"}],"up":[{"embeddable":true,"href":"https:\/\/elfsight.com\/es\/wp-json\/wp\/v2\/pages\/2077"}],"wp:attachment":[{"href":"https:\/\/elfsight.com\/es\/wp-json\/wp\/v2\/media?parent=5738"}],"curies":[{"name":"wp","href":"https:\/\/api.w.org\/{rel}","templated":true}]}}