{"id":5733,"date":"1970-01-01T00:00:00","date_gmt":"1970-01-01T00:00:00","guid":{"rendered":"https:\/\/elfsight.com\/es\/?page_id=5733"},"modified":"2025-02-06T16:11:35","modified_gmt":"2025-02-06T16:11:35","slug":"godaddy","status":"publish","type":"page","link":"https:\/\/elfsight.com\/es\/job-board-widget\/godaddy\/","title":{"rendered":"Job Board &#8211; GoDaddy"},"content":{"rendered":"<div class=\"application-platform-content-item-description application-platform-content-item\" id=\"description\" data-nav-section=\"description\"> <h2>Integre la bolsa de trabajo en GoDaddy con el widget de Elfsight<\/h2> <p>La bolsa de trabajo es una herramienta impresionante que le garantiza la oportunidad de publicar vacantes abiertas y recopilar CV de los solicitantes en su sitio web de la forma m\u00e1s sencilla. Al aplicar nuestro nuevo complemento, podr\u00e1 informar sobre su negocio, distribuir informaci\u00f3n sobre ofertas de trabajo y obtener curr\u00edculums. El complemento le ofrece darle forma a una tarjeta de trabajo con una descripci\u00f3n detallada y un bot\u00f3n Aplicar. Aplicar Elfsight Job Board te permite facilitar el proceso de contrataci\u00f3n y sacar las respuestas a las ofertas de trabajo en 1-2-3!. <\/p> <p><b>Crea r\u00e1pidamente las descripciones de trabajo y los botones de CTA m\u00e1s atractivos para inspirar a m\u00e1s empleados potenciales a trabajar contigo<\/b><\/p> <\/div> <div class=\"application-platform-content-item-features application-platform-content-item\" id=\"features\" data-nav-section=\"features\"> <h2>Estas son las caracter\u00edsticas esenciales del complemento: <\/h2> <ul><li>Agrega un enlace Aplicar para dirigir a los candidatos potenciales a la p\u00e1gina que recopila CV<\/li><li>Mostrar ofertas de trabajo de la manera m\u00e1s fascinante<\/li><li>Agregue tantos trabajos como desee<\/li><li>Describa el trabajo detalladamente e indique: salario, habilidades requeridas y puesto de trabajo<\/li><li>Brinde informaci\u00f3n sobre su empresa: su nombre, ubicaci\u00f3n y departamento<\/li><\/ul><p><a href=\"#demo\">Puede descubrir la funcionalidad completa del complemento en la demostraci\u00f3n <\/a><\/p> <\/div> <div class=\"application-platform-content-item-installation application-platform-content-item\" id=\"installation\" data-nav-section=\"installation\"> <h2>\u00bfC\u00f3mo insertar una bolsa de trabajo en mi p\u00e1gina web de GoDaddy? <\/h2> <p>Simplemente aplique las instrucciones a continuaci\u00f3n para comenzar a trabajar con el complemento. <\/p> <ol><li><b>Realiza nuestra demostraci\u00f3n gratuita y comienza a crear tu instrumento personalizado. <\/b><br> Especifique el dise\u00f1o y las especificaciones preferibles del complemento y guarde las modificaciones. <\/li> <li><b>Reciba el c\u00f3digo personal que se muestra en la ventana de Elfsight Apps. <\/b><br> Inmediatamente despu\u00e9s de completar la personalizaci\u00f3n de su complemento, copie el c\u00f3digo exclusivo del cuadro que aparece y gu\u00e1rdelo para usarlo m\u00e1s adelante. <\/li> <li><b>Comience a usar el complemento en la p\u00e1gina web de GoDaddy. <\/b><br> Introduce el c\u00f3digo que has guardado anteriormente en tu sitio web y guarda los ajustes. <\/li> <li><b>La instalaci\u00f3n finaliz\u00f3 exitosamente. <\/b><br>Vaya a su sitio web para comprobar c\u00f3mo funciona el complemento. <\/li><\/ol> <p>Si tiene algunas dificultades, comun\u00edquese con nuestro equipo de soporte. Nuestros consultores est\u00e1n deseando ayudarle con todos los problemas que pueda tener con la herramienta. <\/p> <div class=\"faq\" data-component=\"FAQ\"><div class=\"faq-item\">\r\n\t\t\t\t\t<div class=\"faq-item-question\">\r\n\t\t\t\t\t\t<h3 class=\"faq-item-question-text\">\u00bfDe qu\u00e9 manera puedo agregar una bolsa de trabajo a mi sitio GoDaddy sin experiencia en codificaci\u00f3n?<\/h3>\r\n\r\n\t\t\t\t\t\t<div class=\"faq-item-question-icon\"><\/div>\r\n\t\t\t\t\t<\/div>\r\n\r\n\t\t\t\t\t<div class=\"faq-item-answer\">\r\n\t\t\t\t\t\t<div class=\"faq-item-answer-text\"> <p>La empresa Elfsight ofrece una soluci\u00f3n SaaS que le permite crear una secci\u00f3n de la bolsa de trabajo usted mismo. Consulte las sencillas instrucciones: Comience a trabajar directamente en el editor en l\u00ednea para generar una secci\u00f3n de la bolsa de trabajo que le gustar\u00eda agregar en su sitio web de GoDaddy. Haga clic en una de las plantillas predise\u00f1adas y modifique la configuraci\u00f3n de la bolsa de trabajo, cambie el dise\u00f1o y la combinaci\u00f3n de colores y actualice su contenido, sin conocimientos de codificaci\u00f3n. Haga clic para guardar la bolsa de trabajo y obtener el c\u00f3digo para insertar, que puede incluir f\u00e1cilmente en cualquier p\u00e1gina web de GoDaddy sin necesidad de comprar una suscripci\u00f3n paga. Con la ayuda del editor f\u00e1cil de usar, cualquier usuario web puede crear una aplicaci\u00f3n de bolsa de trabajo y pegarla f\u00e1cilmente en la p\u00e1gina de inicio de GoDaddy. No es necesario obtener una suscripci\u00f3n paga ni ingresar los datos de su tarjeta para acceder a Elfsight Editor. Si tiene alg\u00fan problema en cualquier paso, contin\u00fae y p\u00f3ngase en contacto con nuestro personal de soporte.<\/p> <\/div>\r\n\t\t\t\t\t<\/div>\r\n\t\t\t\t<\/div> <\/div><\/div>","protected":false},"excerpt":{"rendered":"","protected":false},"author":9,"featured_media":0,"parent":2077,"menu_order":0,"comment_status":"closed","ping_status":"closed","template":"templates\/template-application-platform.php","meta":{"publish_to_discourse":"","publish_post_category":"","wpdc_auto_publish_overridden":"","wpdc_topic_tags":"","wpdc_pin_topic":"","wpdc_pin_until":"","discourse_post_id":"","discourse_permalink":"","wpdc_publishing_response":"","wpdc_publishing_error":"","footnotes":""},"class_list":["post-5733","page","type-page","status-publish","hentry"],"yoast_head":"<!-- This site is optimized with the Yoast SEO plugin v25.3.1 - https:\/\/yoast.com\/wordpress\/plugins\/seo\/ -->\n<title>Complemento de la Bolsa de Trabajo: \u00a1Agregue el complemento de la Bolsa de Trabajo al sitio web de GoDaddy!<\/title>\n<meta name=\"description\" content=\"\u00a1Incorpore un complemento de bolsa de trabajo responsivo en su sitio web de GoDaddy y permita que los trabajadores potenciales exploren las ofertas de trabajo!\" \/>\n<meta name=\"robots\" content=\"index, follow, max-snippet:-1, max-image-preview:large, max-video-preview:-1\" \/>\n<link rel=\"canonical\" href=\"https:\/\/elfsight.com\/es\/job-board-widget\/godaddy\/\" \/>\n<meta property=\"og:locale\" content=\"es_ES\" \/>\n<meta property=\"og:type\" content=\"article\" \/>\n<meta property=\"og:title\" content=\"Complemento de la Bolsa de Trabajo: \u00a1Agregue el complemento de la Bolsa de Trabajo al sitio web de GoDaddy!\" \/>\n<meta property=\"og:description\" content=\"\u00a1Incorpore un complemento de bolsa de trabajo responsivo en su sitio web de GoDaddy y permita que los trabajadores potenciales exploren las ofertas de trabajo!\" \/>\n<meta property=\"og:url\" content=\"https:\/\/elfsight.com\/es\/job-board-widget\/godaddy\/\" \/>\n<meta property=\"og:site_name\" content=\"Elfsight ES\" \/>\n<meta property=\"article:modified_time\" content=\"2025-02-06T16:11:35+00:00\" \/>\n<meta name=\"twitter:card\" content=\"summary_large_image\" \/>\n<meta name=\"twitter:label1\" content=\"Tiempo de lectura\" \/>\n\t<meta name=\"twitter:data1\" content=\"3 minutos\" \/>\n<!-- \/ Yoast SEO plugin. -->","yoast_head_json":{"title":"Complemento de la Bolsa de Trabajo: \u00a1Agregue el complemento de la Bolsa de Trabajo al sitio web de GoDaddy!","description":"\u00a1Incorpore un complemento de bolsa de trabajo responsivo en su sitio web de GoDaddy y permita que los trabajadores potenciales exploren las ofertas de trabajo!","robots":{"index":"index","follow":"follow","max-snippet":"max-snippet:-1","max-image-preview":"max-image-preview:large","max-video-preview":"max-video-preview:-1"},"canonical":"https:\/\/elfsight.com\/es\/job-board-widget\/godaddy\/","og_locale":"es_ES","og_type":"article","og_title":"Complemento de la Bolsa de Trabajo: \u00a1Agregue el complemento de la Bolsa de Trabajo al sitio web de GoDaddy!","og_description":"\u00a1Incorpore un complemento de bolsa de trabajo responsivo en su sitio web de GoDaddy y permita que los trabajadores potenciales exploren las ofertas de trabajo!","og_url":"https:\/\/elfsight.com\/es\/job-board-widget\/godaddy\/","og_site_name":"Elfsight ES","article_modified_time":"2025-02-06T16:11:35+00:00","twitter_card":"summary_large_image","twitter_misc":{"Tiempo de lectura":"3 minutos"},"schema":{"@context":"https:\/\/schema.org","@graph":[{"@type":"WebPage","@id":"https:\/\/elfsight.com\/es\/job-board-widget\/godaddy\/","url":"https:\/\/elfsight.com\/es\/job-board-widget\/godaddy\/","name":"Complemento de la Bolsa de Trabajo: \u00a1Agregue el complemento de la Bolsa de Trabajo al sitio web de GoDaddy!","isPartOf":{"@id":"https:\/\/elfsight.com\/es\/#website"},"datePublished":"1970-01-01T00:00:00+00:00","dateModified":"2025-02-06T16:11:35+00:00","description":"\u00a1Incorpore un complemento de bolsa de trabajo responsivo en su sitio web de GoDaddy y permita que los trabajadores potenciales exploren las ofertas de trabajo!","breadcrumb":{"@id":"https:\/\/elfsight.com\/es\/job-board-widget\/godaddy\/#breadcrumb"},"inLanguage":"es","potentialAction":[{"@type":"ReadAction","target":["https:\/\/elfsight.com\/es\/job-board-widget\/godaddy\/"]}]},{"@type":"BreadcrumbList","@id":"https:\/\/elfsight.com\/es\/job-board-widget\/godaddy\/#breadcrumb","itemListElement":[{"@type":"ListItem","position":1,"name":"Home","item":"https:\/\/elfsight.com\/es\/"},{"@type":"ListItem","position":2,"name":"Job Board","item":"https:\/\/elfsight.com\/es\/job-board-widget\/"},{"@type":"ListItem","position":3,"name":"Job Board &#8211; GoDaddy"}]},{"@type":"WebSite","@id":"https:\/\/elfsight.com\/es\/#website","url":"https:\/\/elfsight.com\/es\/","name":"Elfsight ES","description":"Just another Elfsight Sites site","potentialAction":[{"@type":"SearchAction","target":{"@type":"EntryPoint","urlTemplate":"https:\/\/elfsight.com\/es\/?s={search_term_string}"},"query-input":{"@type":"PropertyValueSpecification","valueRequired":true,"valueName":"search_term_string"}}],"inLanguage":"es"}]}},"meta_box":{"industry":"","seo_heading":"","heading":"","description":"","cta_heading":"","cta_description":"","application":"2075","h1":"Complemento de la bolsa de trabajo de GoDaddy","h1_caption":"Publique anuncios de vacantes y recopile CV de sus empleados potenciales","application_category":[],"applications_title":"","applications_request_title":"","applications_request_button_text":"","hero_text":"","hero_video":"","hero_video_schema_markup":"","selling_points_title":"","selling_points_caption":"","selling_points":[],"selling_points_cta_text":"","features_title":"","features":"","ed_cta_examples_text":"","ed_cta_examples_hidden":"","ed_cta_demo_text":"","ed_cta_demo_hidden":"","why_caption":"","why_editor_title":"","why_editor_text":"","why_team_title":"","why_team_text":"","why_service_title":"","why_service_text":"","template_catalog_visible":"","template_catalog_title":"","template_catalog_text":"","template_catalog_categories_visible":"","demo_title":"Crea tu complemento de bolsa de trabajo","demo_caption":"\u00a1Configura tu bolsa de trabajo y agr\u00e9gala a tu sitio web de GoDaddy gratis!","default_faq_hidden":"","app_template_category":[],"platform":"2183","template_public_id":"","codecanyon_url":"","codecanyon_item_id":"","codecanyon_price":"","pricing_caption":"","pricing_elfsight_apps_hide_column":"","pricing_elfsight_apps_url":"","pricing_codecanyon_price_caption":"","integration_category":[],"integration_request_title":"","integration_request_cta":"","integration_platform":"","integrations":[],"platform_category":[],"video_schema_markup":"","price":"desde $0 \/ mes","trial":"","benefits":[{"text":"Servicio de instalaci\u00f3n gratuito"},{"text":"Soporte excepcional"},{"text":"Garant\u00eda de reembolso de 14 d\u00edas"},{"text":"Actualizaciones futuras"}],"button_url":"#demo","button_target_blank":"","button_nofollow":"","attributes":[{"name":"Instalaciones","content":"10,000 - 100,000"},{"name":"Sensible","content":"S\u00ed"},{"name":"Navegadores compatibles","content":"IE11, Firefox, Safari, Opera, Chrome, Edge"}],"tags":[],"tags_disable_links":"","hide_more_platforms":"","video_object":"","demo_hide_cta":"","demo_hide_cloud_options":"","pricing_title":"","pricing":[{"pricing_icon":"platform","pricing_title":"Elfsight Apps","pricing_title_caption":"Software independiente de la plataforma que se adapta a cualquier sitio web","pricing_price":"desde $0 \/ mes","pricing_price_caption":"comienza con el plan gratuito","pricing_benefits":[{"text":"Sitios web ilimitados"},{"text":"Soporte profesional y puntual"},{"text":"Servicio de instalaci\u00f3n gratuito"},{"text":"Totalmente personalizable"}],"pricing_button_text":"A\u00f1adir al sitio web","pricing_button_url":"#demo"}],"related_apps_title":"","related_apps_hidden":"","author":"","image":[],"title":"","job":"","social_networks":[]},"_links":{"self":[{"href":"https:\/\/elfsight.com\/es\/wp-json\/wp\/v2\/pages\/5733","targetHints":{"allow":["GET"]}}],"collection":[{"href":"https:\/\/elfsight.com\/es\/wp-json\/wp\/v2\/pages"}],"about":[{"href":"https:\/\/elfsight.com\/es\/wp-json\/wp\/v2\/types\/page"}],"author":[{"embeddable":true,"href":"https:\/\/elfsight.com\/es\/wp-json\/wp\/v2\/users\/9"}],"replies":[{"embeddable":true,"href":"https:\/\/elfsight.com\/es\/wp-json\/wp\/v2\/comments?post=5733"}],"version-history":[{"count":2,"href":"https:\/\/elfsight.com\/es\/wp-json\/wp\/v2\/pages\/5733\/revisions"}],"predecessor-version":[{"id":19345,"href":"https:\/\/elfsight.com\/es\/wp-json\/wp\/v2\/pages\/5733\/revisions\/19345"}],"up":[{"embeddable":true,"href":"https:\/\/elfsight.com\/es\/wp-json\/wp\/v2\/pages\/2077"}],"wp:attachment":[{"href":"https:\/\/elfsight.com\/es\/wp-json\/wp\/v2\/media?parent=5733"}],"curies":[{"name":"wp","href":"https:\/\/api.w.org\/{rel}","templated":true}]}}