{"id":5732,"date":"1970-01-01T00:00:00","date_gmt":"1970-01-01T00:00:00","guid":{"rendered":"https:\/\/elfsight.com\/es\/?page_id=5732"},"modified":"2025-02-06T16:11:35","modified_gmt":"2025-02-06T16:11:35","slug":"facebook","status":"publish","type":"page","link":"https:\/\/elfsight.com\/es\/job-board-widget\/facebook\/","title":{"rendered":"Job Board &#8211; Facebook Page"},"content":{"rendered":"<div class=\"application-platform-content-item-description application-platform-content-item\" id=\"description\" data-nav-section=\"description\"> <h2>Descripci\u00f3n<\/h2> <p>Elfsight Job Board para Facebook es un widget notable que le brinda la oportunidad de revelar vacantes abiertas y recibir CV de candidatos en su sitio de la manera m\u00e1s f\u00e1cil. Mediante nuestro nuevo widget, podr\u00e1 revelar informaci\u00f3n sobre su negocio, publicar informaci\u00f3n sobre ofertas de trabajo y recopilar curr\u00edculums. El widget le ofrece la posibilidad de crear una tarjeta de trabajo acompa\u00f1ada de una descripci\u00f3n detallada y un bot\u00f3n Aplicar. El uso de Elfsight Job Board le permite agilizar el proceso de contrataci\u00f3n y adquirir las respuestas a las ofertas de trabajo con un solo clic. <\/p> <p><b>Cree f\u00e1cilmente las descripciones de trabajo y los botones de CTA m\u00e1s tentadores para inspirar a m\u00e1s posibles empleados a cooperar con usted<\/b><\/p> <\/div> <div class=\"application-platform-content-item-features application-platform-content-item\" id=\"features\" data-nav-section=\"features\"> <h2>A continuaci\u00f3n se detallan las caracter\u00edsticas centrales del widget: <\/h2> <ul><li>Integre un enlace Aplicar para dirigir a los empleados potenciales a la p\u00e1gina que recopila CV<\/li><li>Presente las ofertas de trabajo de la manera m\u00e1s detallada<\/li><li>Agregue tantos trabajos como desee<\/li><li>Describa el trabajo detalladamente e indique: salario, habilidades requeridas y puesto de trabajo<\/li><li>Deje los datos de contacto: departamento, el nombre de su empresa y ubicaci\u00f3n<\/li><\/ul><p><a href=\"#demo\">Simplemente pruebe esta demostraci\u00f3n para tener una idea completa<\/a><\/p> <\/div> <div class=\"application-platform-content-item-installation application-platform-content-item\" id=\"installation\" data-nav-section=\"installation\"> <h2>\u00bfC\u00f3mo inserto una bolsa de trabajo en mi sitio web de Facebook? <\/h2> <p>Simplemente siga varios pasos que se presentan a continuaci\u00f3n para insertar el widget. <\/p> <ol><li><b>Inicie nuestro configurador gratuito y comience a darle forma a su instrumento personalizado. <\/b><br> Especifique el dise\u00f1o deseado y las caracter\u00edsticas funcionales del widget y guarde las ediciones. <\/li> <li><b>Adquiera el c\u00f3digo \u00fanico que se muestra en el formulario especial en Elfsight Apps. <\/b><br> Inmediatamente despu\u00e9s de finalizar la personalizaci\u00f3n de su widget, copie el c\u00f3digo individual en el cuadro que aparece y gu\u00e1rdelo para usarlo en el futuro. <\/li> <li><b>Inicie la utilizaci\u00f3n del widget en su sitio web de Facebook. <\/b><br>Integre el c\u00f3digo que guard\u00f3 anteriormente en su p\u00e1gina web y guarde las ediciones. <\/li> <li><b>La configuraci\u00f3n se realiz\u00f3 correctamente. <\/b><br>Visita su p\u00e1gina web para comprobar el funcionamiento del widget. <\/li><\/ol> <p>Si tiene alg\u00fan problema, no tema buscar ayuda de nuestro personal de soporte. Nuestra gente est\u00e1 ansiosa por ayudarte con todas las dudas que puedas tener con la herramienta. <\/p><div class=\"faq\" data-component=\"FAQ\"><div class=\"faq-item\">\r\n\t\t\t\t\t<div class=\"faq-item-question\">\r\n\t\t\t\t\t\t<h3 class=\"faq-item-question-text\">\u00bfDe qu\u00e9 manera es posible agregar una bolsa de trabajo al sitio de mi p\u00e1gina de Facebook sin conocimientos de codificaci\u00f3n?<\/h3>\r\n\r\n\t\t\t\t\t\t<div class=\"faq-item-question-icon\"><\/div>\r\n\t\t\t\t\t<\/div>\r\n\r\n\t\t\t\t\t<div class=\"faq-item-answer\">\r\n\t\t\t\t\t\t<div class=\"faq-item-answer-text\"> <p>La empresa Elfsight ofrece una soluci\u00f3n SaaS que le permite crear una secci\u00f3n de bolsa de trabajo usted mismo. Vea lo f\u00e1cil que es: vaya al editor en vivo para establecer una aplicaci\u00f3n de bolsa de trabajo que le gustar\u00eda incluir en la p\u00e1gina web de la p\u00e1gina de Facebook. Elija una de las plantillas predise\u00f1adas y modifique la configuraci\u00f3n de la bolsa de trabajo, transforme el dise\u00f1o y los colores, agregue su contenido, sin conocimientos de codificaci\u00f3n. Haga clic para guardar la configuraci\u00f3n que realiz\u00f3 en la bolsa de trabajo y obtener el c\u00f3digo del complemento para la instalaci\u00f3n, que puede insertar f\u00e1cilmente en el sitio web de la p\u00e1gina de Facebook sin comprar un plan pago. Al trabajar en nuestro editor f\u00e1cil de usar, cada usuario web puede crear una bolsa de trabajo en l\u00ednea y simplemente pegarla en el sitio de su p\u00e1gina de Facebook. No debe obtener una suscripci\u00f3n paga ni enviar las credenciales de su tarjeta para ingresar a nuestro servicio. Si tiene alg\u00fan problema en alg\u00fan paso, contin\u00fae y comun\u00edquese con nuestro soporte t\u00e9cnico al cliente.<\/p> <\/div>\r\n\t\t\t\t\t<\/div>\r\n\t\t\t\t<\/div> <\/div> <\/div>","protected":false},"excerpt":{"rendered":"","protected":false},"author":9,"featured_media":0,"parent":2077,"menu_order":0,"comment_status":"closed","ping_status":"closed","template":"templates\/template-application-platform.php","meta":{"publish_to_discourse":"","publish_post_category":"","wpdc_auto_publish_overridden":"","wpdc_topic_tags":"","wpdc_pin_topic":"","wpdc_pin_until":"","discourse_post_id":"","discourse_permalink":"","wpdc_publishing_response":"","wpdc_publishing_error":"","footnotes":""},"class_list":["post-5732","page","type-page","status-publish","hentry"],"yoast_head":"<!-- This site is optimized with the Yoast SEO plugin v25.3.1 - https:\/\/yoast.com\/wordpress\/plugins\/seo\/ -->\n<title>Widget de la bolsa de trabajo de Facebook: agregue ofertas de trabajo a Facebook (2025)<\/title>\n<meta name=\"description\" content=\"Integre un widget de Bolsa de Trabajo responsivo en su sitio web de Facebook y permita que los trabajadores potenciales exploren las ofertas de trabajo.\" \/>\n<meta name=\"robots\" content=\"index, follow, max-snippet:-1, max-image-preview:large, max-video-preview:-1\" \/>\n<link rel=\"canonical\" href=\"https:\/\/elfsight.com\/es\/job-board-widget\/facebook\/\" \/>\n<meta property=\"og:locale\" content=\"es_ES\" \/>\n<meta property=\"og:type\" content=\"article\" \/>\n<meta property=\"og:title\" content=\"Widget de la bolsa de trabajo de Facebook: agregue ofertas de trabajo a Facebook (2025)\" \/>\n<meta property=\"og:description\" content=\"Integre un widget de Bolsa de Trabajo responsivo en su sitio web de Facebook y permita que los trabajadores potenciales exploren las ofertas de trabajo.\" \/>\n<meta property=\"og:url\" content=\"https:\/\/elfsight.com\/es\/job-board-widget\/facebook\/\" \/>\n<meta property=\"og:site_name\" content=\"Elfsight ES\" \/>\n<meta property=\"article:modified_time\" content=\"2025-02-06T16:11:35+00:00\" \/>\n<meta name=\"twitter:card\" content=\"summary_large_image\" \/>\n<meta name=\"twitter:label1\" content=\"Tiempo de lectura\" \/>\n\t<meta name=\"twitter:data1\" content=\"3 minutos\" \/>\n<!-- \/ Yoast SEO plugin. -->","yoast_head_json":{"title":"Widget de la bolsa de trabajo de Facebook: agregue ofertas de trabajo a Facebook (2025)","description":"Integre un widget de Bolsa de Trabajo responsivo en su sitio web de Facebook y permita que los trabajadores potenciales exploren las ofertas de trabajo.","robots":{"index":"index","follow":"follow","max-snippet":"max-snippet:-1","max-image-preview":"max-image-preview:large","max-video-preview":"max-video-preview:-1"},"canonical":"https:\/\/elfsight.com\/es\/job-board-widget\/facebook\/","og_locale":"es_ES","og_type":"article","og_title":"Widget de la bolsa de trabajo de Facebook: agregue ofertas de trabajo a Facebook (2025)","og_description":"Integre un widget de Bolsa de Trabajo responsivo en su sitio web de Facebook y permita que los trabajadores potenciales exploren las ofertas de trabajo.","og_url":"https:\/\/elfsight.com\/es\/job-board-widget\/facebook\/","og_site_name":"Elfsight ES","article_modified_time":"2025-02-06T16:11:35+00:00","twitter_card":"summary_large_image","twitter_misc":{"Tiempo de lectura":"3 minutos"},"schema":{"@context":"https:\/\/schema.org","@graph":[{"@type":"WebPage","@id":"https:\/\/elfsight.com\/es\/job-board-widget\/facebook\/","url":"https:\/\/elfsight.com\/es\/job-board-widget\/facebook\/","name":"Widget de la bolsa de trabajo de Facebook: agregue ofertas de trabajo a Facebook (2025)","isPartOf":{"@id":"https:\/\/elfsight.com\/es\/#website"},"datePublished":"1970-01-01T00:00:00+00:00","dateModified":"2025-02-06T16:11:35+00:00","description":"Integre un widget de Bolsa de Trabajo responsivo en su sitio web de Facebook y permita que los trabajadores potenciales exploren las ofertas de trabajo.","breadcrumb":{"@id":"https:\/\/elfsight.com\/es\/job-board-widget\/facebook\/#breadcrumb"},"inLanguage":"es","potentialAction":[{"@type":"ReadAction","target":["https:\/\/elfsight.com\/es\/job-board-widget\/facebook\/"]}]},{"@type":"BreadcrumbList","@id":"https:\/\/elfsight.com\/es\/job-board-widget\/facebook\/#breadcrumb","itemListElement":[{"@type":"ListItem","position":1,"name":"Home","item":"https:\/\/elfsight.com\/es\/"},{"@type":"ListItem","position":2,"name":"Job Board","item":"https:\/\/elfsight.com\/es\/job-board-widget\/"},{"@type":"ListItem","position":3,"name":"Job Board &#8211; Facebook Page"}]},{"@type":"WebSite","@id":"https:\/\/elfsight.com\/es\/#website","url":"https:\/\/elfsight.com\/es\/","name":"Elfsight ES","description":"Just another Elfsight Sites site","potentialAction":[{"@type":"SearchAction","target":{"@type":"EntryPoint","urlTemplate":"https:\/\/elfsight.com\/es\/?s={search_term_string}"},"query-input":{"@type":"PropertyValueSpecification","valueRequired":true,"valueName":"search_term_string"}}],"inLanguage":"es"}]}},"meta_box":{"industry":"","seo_heading":"","heading":"","description":"","cta_heading":"","cta_description":"","application":"2075","h1":"Widget de la bolsa de trabajo de Facebook","h1_caption":"Publicar anuncios de vacantes y recopilar CV de trabajadores potenciales.","application_category":[],"applications_title":"","applications_request_title":"","applications_request_button_text":"","hero_text":"","hero_video":"","hero_video_schema_markup":"","selling_points_title":"","selling_points_caption":"","selling_points":[],"selling_points_cta_text":"","features_title":"","features":"","ed_cta_examples_text":"","ed_cta_examples_hidden":"","ed_cta_demo_text":"","ed_cta_demo_hidden":"","why_caption":"","why_editor_title":"","why_editor_text":"","why_team_title":"","why_team_text":"","why_service_title":"","why_service_text":"","template_catalog_visible":"","template_catalog_title":"","template_catalog_text":"","template_catalog_categories_visible":"","demo_title":"Crea tu widget de bolsa de trabajo","demo_caption":"\u00a1Configure su bolsa de trabajo y agr\u00e9guela al sitio web de su p\u00e1gina de Facebook de forma gratuita!","default_faq_hidden":"","app_template_category":[],"platform":"64","template_public_id":"","codecanyon_url":"","codecanyon_item_id":"","codecanyon_price":"","pricing_caption":"","pricing_elfsight_apps_hide_column":"","pricing_elfsight_apps_url":"","pricing_codecanyon_price_caption":"","integration_category":[],"integration_request_title":"","integration_request_cta":"","integration_platform":"","integrations":[],"platform_category":[],"video_schema_markup":"","price":"desde $0 \/ mes","trial":"","benefits":[{"text":"Ayuda de instalaci\u00f3n gratuita"},{"text":"Servicio al cliente profesional"},{"text":"Garant\u00eda de devoluci\u00f3n de dinero de 14 d\u00edas"},{"text":"Actualizando constantemente"}],"button_url":"#demo","button_target_blank":"","button_nofollow":"","attributes":[{"name":"Instalaciones","content":"10,000 - 100,000"},{"name":"Sensible","content":"S\u00ed"},{"name":"Navegadores compatibles","content":"Firefox, Safari, Opera, Chrome, Edge"}],"tags":[],"tags_disable_links":"","hide_more_platforms":"","video_object":"","demo_hide_cta":"","demo_hide_cloud_options":"","pricing_title":"","pricing":[{"pricing_icon":"platform","pricing_title":"Elfsight Apps","pricing_title_caption":"Soluci\u00f3n independiente de la plataforma","pricing_price":"desde $0 \/ mes","pricing_price_caption":"comienza con un plan gratuito","pricing_benefits":[{"text":"Sitios web ilimitados"},{"text":"Atenci\u00f3n al cliente premium y bien documentada."},{"text":"Servicio de instalaci\u00f3n gratuito"},{"text":"100% personalizable"}],"pricing_button_text":"A\u00f1adir al sitio web","pricing_button_url":"#demo"}],"related_apps_title":"","related_apps_hidden":"","author":"","image":[],"title":"","job":"","social_networks":[]},"_links":{"self":[{"href":"https:\/\/elfsight.com\/es\/wp-json\/wp\/v2\/pages\/5732","targetHints":{"allow":["GET"]}}],"collection":[{"href":"https:\/\/elfsight.com\/es\/wp-json\/wp\/v2\/pages"}],"about":[{"href":"https:\/\/elfsight.com\/es\/wp-json\/wp\/v2\/types\/page"}],"author":[{"embeddable":true,"href":"https:\/\/elfsight.com\/es\/wp-json\/wp\/v2\/users\/9"}],"replies":[{"embeddable":true,"href":"https:\/\/elfsight.com\/es\/wp-json\/wp\/v2\/comments?post=5732"}],"version-history":[{"count":2,"href":"https:\/\/elfsight.com\/es\/wp-json\/wp\/v2\/pages\/5732\/revisions"}],"predecessor-version":[{"id":19346,"href":"https:\/\/elfsight.com\/es\/wp-json\/wp\/v2\/pages\/5732\/revisions\/19346"}],"up":[{"embeddable":true,"href":"https:\/\/elfsight.com\/es\/wp-json\/wp\/v2\/pages\/2077"}],"wp:attachment":[{"href":"https:\/\/elfsight.com\/es\/wp-json\/wp\/v2\/media?parent=5732"}],"curies":[{"name":"wp","href":"https:\/\/api.w.org\/{rel}","templated":true}]}}