{"id":5731,"date":"1970-01-01T00:00:00","date_gmt":"1970-01-01T00:00:00","guid":{"rendered":"https:\/\/elfsight.com\/es\/?page_id=5731"},"modified":"2025-02-06T16:11:42","modified_gmt":"2025-02-06T16:11:42","slug":"elementor","status":"publish","type":"page","link":"https:\/\/elfsight.com\/es\/job-board-widget\/elementor\/","title":{"rendered":"Job Board &#8211; Elementor"},"content":{"rendered":"<div class=\"application-platform-content-item-description application-platform-content-item\" id=\"description\" data-nav-section=\"description\"> <h2>Integre la bolsa de trabajo en Elementor con el widget Elfsight<\/h2> <p>La bolsa de trabajo para Elementor es un widget impresionante que le permite revelar ofertas de trabajo y recibir CV de los solicitantes directamente en su sitio de la forma m\u00e1s sencilla. A trav\u00e9s de nuestra nueva herramienta, podr\u00e1 revelar informaci\u00f3n sobre su empresa, publicar informaci\u00f3n sobre ofertas de trabajo y recopilar curr\u00edculums. El widget le ofrece crear una tarjeta de trabajo con una descripci\u00f3n detallada y el bot\u00f3n Aplicar. \u00a1El uso de la Bolsa de Trabajo le permite agilizar el proceso de contrataci\u00f3n y adquirir las respuestas a las ofertas de trabajo en 1-2-3!. <\/p> <p><b>Cree f\u00e1cilmente las descripciones de trabajo y los llamados a la acci\u00f3n m\u00e1s atractivos para motivar a m\u00e1s empleados potenciales a trabajar con usted<\/b><\/p> <\/div> <div class=\"application-platform-content-item-features application-platform-content-item\" id=\"features\" data-nav-section=\"features\"> <h2>Encuentre las siguientes caracter\u00edsticas centrales del widget: <\/h2> <ul><li>Integre un enlace Aplicar para dirigir a los usuarios del sitio web a la p\u00e1gina con CV<\/li><li>Muestre las vacantes abiertas de la manera m\u00e1s fascinante<\/li><li>La cantidad de trabajos que puede agregar es ilimitada<\/li><li>Agregue numerosos detalles sobre el trabajo: salario, habilidades necesarias y puesto de trabajo<\/li><li>Deje informaci\u00f3n de contacto: el nombre de su empresa, departamento y ubicaci\u00f3n<\/li><\/ul><p><a href=\"#demo\">Puede verificar cu\u00e1nto vale el widget usando la demostraci\u00f3n<\/a><\/p> <\/div> <div class=\"application-platform-content-item-installation application-platform-content-item\" id=\"installation\" data-nav-section=\"installation\"> <h2>\u00bfC\u00f3mo inserto una bolsa de trabajo en mi sitio web de Elementor? <\/h2> <p>Simplemente siga varios pasos que se presentan a continuaci\u00f3n para insertar el widget. <\/p> <ol><li><b>Utiliza nuestro editor gratuito y comienza a crear tu widget personalizado. <\/b><br> Determine la forma y los par\u00e1metros preferidos de la herramienta y aplique las modificaciones. <\/li> <li><b>Adquiera su c\u00f3digo personal que aparece en la ventana de Elfsight Apps. <\/b><br> Cuando finalice la configuraci\u00f3n de su complemento personal, copie el c\u00f3digo individual del cuadro que aparece y gu\u00e1rdelo para futuras ocasiones. <\/li> <li><b>Inicie la aplicaci\u00f3n del complemento en su sitio Elementor. <\/b><br> Pegue el c\u00f3digo copiado anteriormente en su sitio web y aplique las ediciones. <\/li> <li><b>\u00a1Ya terminaste! La integraci\u00f3n ha finalizado con \u00e9xito. <\/b><br> Vaya a su sitio web para examinar el rendimiento de la herramienta. <\/li><\/ol> <p>Si encuentras alg\u00fan obst\u00e1culo, no dudes en escribir a nuestro equipo de atenci\u00f3n al cliente. Nuestros consultores estar\u00e1n encantados de resolver todas las dudas que puedas tener con el plugin. <\/p> <div class=\"faq\" data-component=\"FAQ\"><div class=\"faq-item\">\r\n\t\t\t\t\t<div class=\"faq-item-question\">\r\n\t\t\t\t\t\t<h3 class=\"faq-item-question-text\">\u00bfC\u00f3mo puedo insertar una bolsa de trabajo en mi sitio web de Elementor sin conocimientos de codificaci\u00f3n?<\/h3>\r\n\r\n\t\t\t\t\t\t<div class=\"faq-item-question-icon\"><\/div>\r\n\t\t\t\t\t<\/div>\r\n\r\n\t\t\t\t\t<div class=\"faq-item-answer\">\r\n\t\t\t\t\t\t<div class=\"faq-item-answer-text\"> <p>La empresa Elfsight ofrece una soluci\u00f3n que permite a una amplia audiencia crear una secci\u00f3n de bolsa de trabajo usted mismo. Descubra lo f\u00e1cil que es el proceso: vaya a la demostraci\u00f3n en vivo para crear un widget de bolsa de trabajo que le gustar\u00eda incluir en su Elementor. Seleccione una de las plantillas ya preparadas y ajuste la configuraci\u00f3n de la Bolsa de Trabajo, agregue su contenido, cambie el dise\u00f1o y los colores sin codificaci\u00f3n. Haga clic para guardar la bolsa de trabajo y obtener su c\u00f3digo para incrustarlo, que se puede pegar f\u00e1cilmente en cualquier p\u00e1gina de inicio de Elementor dentro de un plan gratuito. Con la ayuda del Configurador f\u00e1cil de usar, cualquier usuario de Internet puede crear una bolsa de trabajo en l\u00ednea y agregarla a cualquier p\u00e1gina web de Elementor. No es necesario pagar ni revelar los datos de su tarjeta para poder ingresar a nuestro servicio. Si encuentra alg\u00fan obst\u00e1culo en alg\u00fan paso, no dude en comunicarse con nuestro personal de soporte t\u00e9cnico.<\/p> <\/div>\r\n\t\t\t\t\t<\/div>\r\n\t\t\t\t<\/div> <\/div><\/div>","protected":false},"excerpt":{"rendered":"","protected":false},"author":9,"featured_media":0,"parent":2077,"menu_order":0,"comment_status":"closed","ping_status":"closed","template":"templates\/template-application-platform.php","meta":{"publish_to_discourse":"","publish_post_category":"","wpdc_auto_publish_overridden":"","wpdc_topic_tags":"","wpdc_pin_topic":"","wpdc_pin_until":"","discourse_post_id":"","discourse_permalink":"","wpdc_publishing_response":"","wpdc_publishing_error":"","footnotes":""},"class_list":["post-5731","page","type-page","status-publish","hentry"],"yoast_head":"<!-- This site is optimized with the Yoast SEO plugin v25.3.1 - https:\/\/yoast.com\/wordpress\/plugins\/seo\/ -->\n<title>Widget de bolsa de trabajo de Elementor: agregue ofertas de trabajo a Elementor (2025)<\/title>\n<meta name=\"description\" content=\"Inserte un widget de bolsa de trabajo responsivo en su sitio web de Elementor y permita que sus trabajadores potenciales exploren las vacantes abiertas.\" \/>\n<meta name=\"robots\" content=\"index, follow, max-snippet:-1, max-image-preview:large, max-video-preview:-1\" \/>\n<link rel=\"canonical\" href=\"https:\/\/elfsight.com\/es\/job-board-widget\/elementor\/\" \/>\n<meta property=\"og:locale\" content=\"es_ES\" \/>\n<meta property=\"og:type\" content=\"article\" \/>\n<meta property=\"og:title\" content=\"Widget de bolsa de trabajo de Elementor: agregue ofertas de trabajo a Elementor (2025)\" \/>\n<meta property=\"og:description\" content=\"Inserte un widget de bolsa de trabajo responsivo en su sitio web de Elementor y permita que sus trabajadores potenciales exploren las vacantes abiertas.\" \/>\n<meta property=\"og:url\" content=\"https:\/\/elfsight.com\/es\/job-board-widget\/elementor\/\" \/>\n<meta property=\"og:site_name\" content=\"Elfsight ES\" \/>\n<meta property=\"article:modified_time\" content=\"2025-02-06T16:11:42+00:00\" \/>\n<meta name=\"twitter:card\" content=\"summary_large_image\" \/>\n<meta name=\"twitter:label1\" content=\"Tiempo de lectura\" \/>\n\t<meta name=\"twitter:data1\" content=\"3 minutos\" \/>\n<!-- \/ Yoast SEO plugin. -->","yoast_head_json":{"title":"Widget de bolsa de trabajo de Elementor: agregue ofertas de trabajo a Elementor (2025)","description":"Inserte un widget de bolsa de trabajo responsivo en su sitio web de Elementor y permita que sus trabajadores potenciales exploren las vacantes abiertas.","robots":{"index":"index","follow":"follow","max-snippet":"max-snippet:-1","max-image-preview":"max-image-preview:large","max-video-preview":"max-video-preview:-1"},"canonical":"https:\/\/elfsight.com\/es\/job-board-widget\/elementor\/","og_locale":"es_ES","og_type":"article","og_title":"Widget de bolsa de trabajo de Elementor: agregue ofertas de trabajo a Elementor (2025)","og_description":"Inserte un widget de bolsa de trabajo responsivo en su sitio web de Elementor y permita que sus trabajadores potenciales exploren las vacantes abiertas.","og_url":"https:\/\/elfsight.com\/es\/job-board-widget\/elementor\/","og_site_name":"Elfsight ES","article_modified_time":"2025-02-06T16:11:42+00:00","twitter_card":"summary_large_image","twitter_misc":{"Tiempo de lectura":"3 minutos"},"schema":{"@context":"https:\/\/schema.org","@graph":[{"@type":"WebPage","@id":"https:\/\/elfsight.com\/es\/job-board-widget\/elementor\/","url":"https:\/\/elfsight.com\/es\/job-board-widget\/elementor\/","name":"Widget de bolsa de trabajo de Elementor: agregue ofertas de trabajo a Elementor (2025)","isPartOf":{"@id":"https:\/\/elfsight.com\/es\/#website"},"datePublished":"1970-01-01T00:00:00+00:00","dateModified":"2025-02-06T16:11:42+00:00","description":"Inserte un widget de bolsa de trabajo responsivo en su sitio web de Elementor y permita que sus trabajadores potenciales exploren las vacantes abiertas.","breadcrumb":{"@id":"https:\/\/elfsight.com\/es\/job-board-widget\/elementor\/#breadcrumb"},"inLanguage":"es","potentialAction":[{"@type":"ReadAction","target":["https:\/\/elfsight.com\/es\/job-board-widget\/elementor\/"]}]},{"@type":"BreadcrumbList","@id":"https:\/\/elfsight.com\/es\/job-board-widget\/elementor\/#breadcrumb","itemListElement":[{"@type":"ListItem","position":1,"name":"Home","item":"https:\/\/elfsight.com\/es\/"},{"@type":"ListItem","position":2,"name":"Job Board","item":"https:\/\/elfsight.com\/es\/job-board-widget\/"},{"@type":"ListItem","position":3,"name":"Job Board &#8211; Elementor"}]},{"@type":"WebSite","@id":"https:\/\/elfsight.com\/es\/#website","url":"https:\/\/elfsight.com\/es\/","name":"Elfsight ES","description":"Just another Elfsight Sites site","potentialAction":[{"@type":"SearchAction","target":{"@type":"EntryPoint","urlTemplate":"https:\/\/elfsight.com\/es\/?s={search_term_string}"},"query-input":{"@type":"PropertyValueSpecification","valueRequired":true,"valueName":"search_term_string"}}],"inLanguage":"es"}]}},"meta_box":{"industry":"","seo_heading":"","heading":"","description":"","cta_heading":"","cta_description":"","application":"2075","h1":"Widget de la bolsa de trabajo de Elementor","h1_caption":"Publique anuncios de vacantes y recopile curr\u00edculums de sus empleados potenciales.","application_category":[],"applications_title":"","applications_request_title":"","applications_request_button_text":"","hero_text":"","hero_video":"","hero_video_schema_markup":"","selling_points_title":"","selling_points_caption":"","selling_points":[],"selling_points_cta_text":"","features_title":"","features":"","ed_cta_examples_text":"","ed_cta_examples_hidden":"","ed_cta_demo_text":"","ed_cta_demo_hidden":"","why_caption":"","why_editor_title":"","why_editor_text":"","why_team_title":"","why_team_text":"","why_service_title":"","why_service_text":"","template_catalog_visible":"","template_catalog_title":"","template_catalog_text":"","template_catalog_categories_visible":"","demo_title":"Crea tu widget de bolsa de trabajo","demo_caption":"\u00a1Configure su bolsa de trabajo y agr\u00e9guela a su sitio web de Elementor de forma gratuita!","default_faq_hidden":"","app_template_category":[],"platform":"58","template_public_id":"","codecanyon_url":"","codecanyon_item_id":"","codecanyon_price":"","pricing_caption":"","pricing_elfsight_apps_hide_column":"","pricing_elfsight_apps_url":"","pricing_codecanyon_price_caption":"","integration_category":[],"integration_request_title":"","integration_request_cta":"","integration_platform":"","integrations":[],"platform_category":[],"video_schema_markup":"","price":"desde $0 \/ mes","trial":"","benefits":[{"text":"Servicio de instalaci\u00f3n gratuito"},{"text":"Servicio al cliente eficaz"},{"text":"Garant\u00eda de devoluci\u00f3n de dinero de 14 d\u00edas"},{"text":"Desarrollo continuo"}],"button_url":"#demo","button_target_blank":"","button_nofollow":"","attributes":[{"name":"Instalaciones","content":"10,000 - 100,000"},{"name":"Sensible","content":"S\u00ed"},{"name":"Navegadores compatibles","content":"Firefox, Safari, Opera, Chrome, Edge"}],"tags":[],"tags_disable_links":"","hide_more_platforms":"","video_object":"","demo_hide_cta":"","demo_hide_cloud_options":"","pricing_title":"","pricing":[{"pricing_icon":"platform","pricing_title":"Elfsight Apps","pricing_title_caption":"Soluci\u00f3n multiplataforma que se adapta a cualquier sitio","pricing_price":"desde $0 \/ mes","pricing_price_caption":"comienza con un plan gratuito","pricing_benefits":[{"text":"Sitios web ilimitados"},{"text":"Soporte r\u00e1pido de la empresa"},{"text":"Soporte de instalaci\u00f3n gratuito"},{"text":"Totalmente personalizable"}],"pricing_button_text":"A\u00f1adir al sitio web","pricing_button_url":"#demo"}],"related_apps_title":"","related_apps_hidden":"","author":"","image":[],"title":"","job":"","social_networks":[]},"_links":{"self":[{"href":"https:\/\/elfsight.com\/es\/wp-json\/wp\/v2\/pages\/5731","targetHints":{"allow":["GET"]}}],"collection":[{"href":"https:\/\/elfsight.com\/es\/wp-json\/wp\/v2\/pages"}],"about":[{"href":"https:\/\/elfsight.com\/es\/wp-json\/wp\/v2\/types\/page"}],"author":[{"embeddable":true,"href":"https:\/\/elfsight.com\/es\/wp-json\/wp\/v2\/users\/9"}],"replies":[{"embeddable":true,"href":"https:\/\/elfsight.com\/es\/wp-json\/wp\/v2\/comments?post=5731"}],"version-history":[{"count":2,"href":"https:\/\/elfsight.com\/es\/wp-json\/wp\/v2\/pages\/5731\/revisions"}],"predecessor-version":[{"id":19347,"href":"https:\/\/elfsight.com\/es\/wp-json\/wp\/v2\/pages\/5731\/revisions\/19347"}],"up":[{"embeddable":true,"href":"https:\/\/elfsight.com\/es\/wp-json\/wp\/v2\/pages\/2077"}],"wp:attachment":[{"href":"https:\/\/elfsight.com\/es\/wp-json\/wp\/v2\/media?parent=5731"}],"curies":[{"name":"wp","href":"https:\/\/api.w.org\/{rel}","templated":true}]}}