{"id":5730,"date":"1970-01-01T00:00:00","date_gmt":"1970-01-01T00:00:00","guid":{"rendered":"https:\/\/elfsight.com\/es\/?page_id=5730"},"modified":"2025-02-06T16:11:42","modified_gmt":"2025-02-06T16:11:42","slug":"drupal","status":"publish","type":"page","link":"https:\/\/elfsight.com\/es\/job-board-widget\/drupal\/","title":{"rendered":"Job Board &#8211; Drupal"},"content":{"rendered":"<div class=\"application-platform-content-item-description application-platform-content-item\" id=\"description\" data-nav-section=\"description\"> <h2>Descripci\u00f3n<\/h2> <p>Nuestra Bolsa de Trabajo para Drupalis es un m\u00f3dulo notable que le garantiza la oportunidad de revelar vacantes abiertas y recibir CV de los solicitantes directamente en su sitio web de la manera m\u00e1s f\u00e1cil. Con nuestra nueva herramienta, podr\u00e1s presentar tu negocio, publicar informaci\u00f3n sobre ofertas de trabajo y recibir curr\u00edculums. El widget le ofrece darle forma a una tarjeta de trabajo con una descripci\u00f3n precisa y el bot\u00f3n Aplicar. El uso de Elfsight Job Board le permite agilizar el proceso de contrataci\u00f3n y adquirir las respuestas a los anuncios de trabajo en 1-2-3. <\/p> <p><b>Cree r\u00e1pidamente las descripciones de trabajo y los llamados a la acci\u00f3n m\u00e1s atractivos para impulsar a m\u00e1s empleados potenciales a cooperar con usted<\/b><\/p> <\/div> <div class=\"application-platform-content-item-features application-platform-content-item\" id=\"features\" data-nav-section=\"features\"> <h2>Ofrecemos funciones pr\u00e1cticas y sencillas, estas son algunas de ellas: <\/h2> <ul><li>Agregue un enlace Aplicar para dirigir a los candidatos potenciales a la p\u00e1gina que recopila CV<\/li><li>Presente las vacantes abiertas de la manera m\u00e1s atractiva<\/li><li>Agregue tantas ofertas de trabajo como desee<\/li><li>Agregue informaci\u00f3n sobre el trabajo: habilidades requeridas, puesto y salario<\/li><li>Inf\u00f3rmese sobre su empresa: su nombre, departamento y ubicaci\u00f3n<\/li><\/ul><p><a href=\"#demo\">Puede probar la funcionalidad completa del m\u00f3dulo en la demostraci\u00f3n <\/a><\/p> <\/div> <div class=\"application-platform-content-item-installation application-platform-content-item\" id=\"installation\" data-nav-section=\"installation\"> <h2>\u00bfC\u00f3mo insertar una bolsa de trabajo en mi sitio web Drupal? <\/h2> <p>Simplemente aplique las instrucciones a continuaci\u00f3n para integrar el widget. <\/p> <ol><li><b>Abre nuestro configurador gratuito y comienza a construir tu propio m\u00f3dulo. <\/b><br> Especifique la forma y los par\u00e1metros deseados de la herramienta y guarde las correcciones. <\/li> <li><b>Reciba su c\u00f3digo personal expuesto en el formulario especial en Elfsight Apps. <\/b><br> Cuando finalice la configuraci\u00f3n de su complemento, copie el c\u00f3digo individual de la ventana que aparece y gu\u00e1rdelo para su uso posterior. <\/li> <li><b>Inicie la utilizaci\u00f3n del widget en su p\u00e1gina de inicio de Drupal. <\/b><br> Pegue el c\u00f3digo que copi\u00f3 recientemente en su sitio web y aplique las modificaciones. <\/li> <li><b>\u00a1Listo! La integraci\u00f3n se realiza por completo. <\/b><br>Vaya a su sitio web para comprobar el funcionamiento del m\u00f3dulo. <\/li><\/ol> <p>En el caso de atender consultas o enfrentar algunos problemas, no dude en comunicarse con nuestro equipo de soporte. Nuestros especialistas est\u00e1n ansiosos por ayudarle con todas las preguntas que pueda tener sobre la herramienta. <\/p> <div class=\"faq\" data-component=\"FAQ\"><div class=\"faq-item\">\r\n\t\t\t\t\t<div class=\"faq-item-question\">\r\n\t\t\t\t\t\t<h3 class=\"faq-item-question-text\">\u00bfExiste alguna forma de agregar una bolsa de trabajo a mi sitio web Drupal sin necesidad de codificaci\u00f3n?<\/h3>\r\n\r\n\t\t\t\t\t\t<div class=\"faq-item-question-icon\"><\/div>\r\n\t\t\t\t\t<\/div>\r\n\r\n\t\t\t\t\t<div class=\"faq-item-answer\">\r\n\t\t\t\t\t\t<div class=\"faq-item-answer-text\"> <p>La empresa Elfsight ofrece una soluci\u00f3n que permite a las personas establecer un complemento de bolsa de trabajo usted mismo. Observe lo f\u00e1cil que es: vaya a la demostraci\u00f3n en l\u00ednea para generar una secci\u00f3n de bolsa de trabajo que le gustar\u00eda que aparezca en su sitio web Drupal. Elija una de las muchas plantillas ya preparadas y ajuste la configuraci\u00f3n de la Bolsa de Trabajo, actualice su contenido, cambie el dise\u00f1o y la combinaci\u00f3n de colores sin conocimientos de codificaci\u00f3n. Guarde la configuraci\u00f3n que realiz\u00f3 en la bolsa de trabajo y obtenga el c\u00f3digo del widget para la instalaci\u00f3n, que puede incluirse sin esfuerzo en su sitio Drupal sin necesidad de comprar una versi\u00f3n paga. Al trabajar en el sencillo Configurador, cualquier usuario web puede generar una aplicaci\u00f3n de bolsa de trabajo y pegarla sin esfuerzo en su sitio web Drupal. No es necesario pagar ni revelar los datos de su tarjeta para acceder al servicio de Elfsight. Si tiene alg\u00fan problema de cualquier tipo, no dude en comunicarse con nuestro personal de soporte t\u00e9cnico.<\/p> <\/div>\r\n\t\t\t\t\t<\/div>\r\n\t\t\t\t<\/div> <\/div><\/div>","protected":false},"excerpt":{"rendered":"","protected":false},"author":9,"featured_media":0,"parent":2077,"menu_order":0,"comment_status":"closed","ping_status":"closed","template":"templates\/template-application-platform.php","meta":{"publish_to_discourse":"","publish_post_category":"","wpdc_auto_publish_overridden":"","wpdc_topic_tags":"","wpdc_pin_topic":"","wpdc_pin_until":"","discourse_post_id":"","discourse_permalink":"","wpdc_publishing_response":"","wpdc_publishing_error":"","footnotes":""},"class_list":["post-5730","page","type-page","status-publish","hentry"],"yoast_head":"<!-- This site is optimized with the Yoast SEO plugin v25.3.1 - https:\/\/yoast.com\/wordpress\/plugins\/seo\/ -->\n<title>M\u00f3dulo de bolsa de trabajo de Drupal: agregar ofertas de trabajo a Drupal (2025)<\/title>\n<meta name=\"description\" content=\"\u00a1Incorpore un m\u00f3dulo de bolsa de trabajo responsivo en su sitio Drupal y permita que los empleados potenciales exploren las ofertas de trabajo!\" \/>\n<meta name=\"robots\" content=\"index, follow, max-snippet:-1, max-image-preview:large, max-video-preview:-1\" \/>\n<link rel=\"canonical\" href=\"https:\/\/elfsight.com\/es\/job-board-widget\/drupal\/\" \/>\n<meta property=\"og:locale\" content=\"es_ES\" \/>\n<meta property=\"og:type\" content=\"article\" \/>\n<meta property=\"og:title\" content=\"M\u00f3dulo de bolsa de trabajo de Drupal: agregar ofertas de trabajo a Drupal (2025)\" \/>\n<meta property=\"og:description\" content=\"\u00a1Incorpore un m\u00f3dulo de bolsa de trabajo responsivo en su sitio Drupal y permita que los empleados potenciales exploren las ofertas de trabajo!\" \/>\n<meta property=\"og:url\" content=\"https:\/\/elfsight.com\/es\/job-board-widget\/drupal\/\" \/>\n<meta property=\"og:site_name\" content=\"Elfsight ES\" \/>\n<meta property=\"article:modified_time\" content=\"2025-02-06T16:11:42+00:00\" \/>\n<meta name=\"twitter:card\" content=\"summary_large_image\" \/>\n<meta name=\"twitter:label1\" content=\"Tiempo de lectura\" \/>\n\t<meta name=\"twitter:data1\" content=\"3 minutos\" \/>\n<!-- \/ Yoast SEO plugin. -->","yoast_head_json":{"title":"M\u00f3dulo de bolsa de trabajo de Drupal: agregar ofertas de trabajo a Drupal (2025)","description":"\u00a1Incorpore un m\u00f3dulo de bolsa de trabajo responsivo en su sitio Drupal y permita que los empleados potenciales exploren las ofertas de trabajo!","robots":{"index":"index","follow":"follow","max-snippet":"max-snippet:-1","max-image-preview":"max-image-preview:large","max-video-preview":"max-video-preview:-1"},"canonical":"https:\/\/elfsight.com\/es\/job-board-widget\/drupal\/","og_locale":"es_ES","og_type":"article","og_title":"M\u00f3dulo de bolsa de trabajo de Drupal: agregar ofertas de trabajo a Drupal (2025)","og_description":"\u00a1Incorpore un m\u00f3dulo de bolsa de trabajo responsivo en su sitio Drupal y permita que los empleados potenciales exploren las ofertas de trabajo!","og_url":"https:\/\/elfsight.com\/es\/job-board-widget\/drupal\/","og_site_name":"Elfsight ES","article_modified_time":"2025-02-06T16:11:42+00:00","twitter_card":"summary_large_image","twitter_misc":{"Tiempo de lectura":"3 minutos"},"schema":{"@context":"https:\/\/schema.org","@graph":[{"@type":"WebPage","@id":"https:\/\/elfsight.com\/es\/job-board-widget\/drupal\/","url":"https:\/\/elfsight.com\/es\/job-board-widget\/drupal\/","name":"M\u00f3dulo de bolsa de trabajo de Drupal: agregar ofertas de trabajo a Drupal (2025)","isPartOf":{"@id":"https:\/\/elfsight.com\/es\/#website"},"datePublished":"1970-01-01T00:00:00+00:00","dateModified":"2025-02-06T16:11:42+00:00","description":"\u00a1Incorpore un m\u00f3dulo de bolsa de trabajo responsivo en su sitio Drupal y permita que los empleados potenciales exploren las ofertas de trabajo!","breadcrumb":{"@id":"https:\/\/elfsight.com\/es\/job-board-widget\/drupal\/#breadcrumb"},"inLanguage":"es","potentialAction":[{"@type":"ReadAction","target":["https:\/\/elfsight.com\/es\/job-board-widget\/drupal\/"]}]},{"@type":"BreadcrumbList","@id":"https:\/\/elfsight.com\/es\/job-board-widget\/drupal\/#breadcrumb","itemListElement":[{"@type":"ListItem","position":1,"name":"Home","item":"https:\/\/elfsight.com\/es\/"},{"@type":"ListItem","position":2,"name":"Job Board","item":"https:\/\/elfsight.com\/es\/job-board-widget\/"},{"@type":"ListItem","position":3,"name":"Job Board &#8211; Drupal"}]},{"@type":"WebSite","@id":"https:\/\/elfsight.com\/es\/#website","url":"https:\/\/elfsight.com\/es\/","name":"Elfsight ES","description":"Just another Elfsight Sites site","potentialAction":[{"@type":"SearchAction","target":{"@type":"EntryPoint","urlTemplate":"https:\/\/elfsight.com\/es\/?s={search_term_string}"},"query-input":{"@type":"PropertyValueSpecification","valueRequired":true,"valueName":"search_term_string"}}],"inLanguage":"es"}]}},"meta_box":{"industry":"","seo_heading":"","heading":"","description":"","cta_heading":"","cta_description":"","application":"2075","h1":"M\u00f3dulo de bolsa de trabajo Drupal","h1_caption":"Publique ofertas de trabajo y obtenga curr\u00edculums de sus empleados potenciales","application_category":[],"applications_title":"","applications_request_title":"","applications_request_button_text":"","hero_text":"","hero_video":"","hero_video_schema_markup":"","selling_points_title":"","selling_points_caption":"","selling_points":[],"selling_points_cta_text":"","features_title":"","features":"","ed_cta_examples_text":"","ed_cta_examples_hidden":"","ed_cta_demo_text":"","ed_cta_demo_hidden":"","why_caption":"","why_editor_title":"","why_editor_text":"","why_team_title":"","why_team_text":"","why_service_title":"","why_service_text":"","template_catalog_visible":"","template_catalog_title":"","template_catalog_text":"","template_catalog_categories_visible":"","demo_title":"Crea tu m\u00f3dulo de Bolsa de Trabajo","demo_caption":"\u00a1Configura tu bolsa de trabajo y agr\u00e9gala a tu sitio web Drupal gratis!","default_faq_hidden":"","app_template_category":[],"platform":"2161","template_public_id":"","codecanyon_url":"","codecanyon_item_id":"","codecanyon_price":"","pricing_caption":"","pricing_elfsight_apps_hide_column":"","pricing_elfsight_apps_url":"","pricing_codecanyon_price_caption":"","integration_category":[],"integration_request_title":"","integration_request_cta":"","integration_platform":"","integrations":[],"platform_category":[],"video_schema_markup":"","price":"desde $0 \/ mes","trial":"","benefits":[{"text":"Servicio de instalaci\u00f3n gratuito"},{"text":"Servicio al cliente profesional"},{"text":"Garant\u00eda de devoluci\u00f3n de dinero de 14 d\u00edas"},{"text":"Actualizando constantemente"}],"button_url":"#demo","button_target_blank":"","button_nofollow":"","attributes":[{"name":"Instalaciones","content":"10,000 - 100,000"},{"name":"Sensible","content":"S\u00ed"},{"name":"Navegadores compatibles","content":"Firefox, Safari, Opera, Chrome, Edge"}],"tags":[],"tags_disable_links":"","hide_more_platforms":"","video_object":"","demo_hide_cta":"","demo_hide_cloud_options":"","pricing_title":"","pricing":[{"pricing_icon":"platform","pricing_title":"Elfsight Apps","pricing_title_caption":"Soluci\u00f3n multiplataforma que se adapta a cualquier sitio web.","pricing_price":"desde $0 \/ mes","pricing_price_caption":"comienza con un plan gratuito","pricing_benefits":[{"text":"Dominios ilimitados"},{"text":"Soporte empresarial dedicado"},{"text":"Soporte de instalaci\u00f3n gratuito"},{"text":"Totalmente personalizable"}],"pricing_button_text":"A\u00f1adir al sitio web","pricing_button_url":"#demo"}],"related_apps_title":"","related_apps_hidden":"","author":"","image":[],"title":"","job":"","social_networks":[]},"_links":{"self":[{"href":"https:\/\/elfsight.com\/es\/wp-json\/wp\/v2\/pages\/5730","targetHints":{"allow":["GET"]}}],"collection":[{"href":"https:\/\/elfsight.com\/es\/wp-json\/wp\/v2\/pages"}],"about":[{"href":"https:\/\/elfsight.com\/es\/wp-json\/wp\/v2\/types\/page"}],"author":[{"embeddable":true,"href":"https:\/\/elfsight.com\/es\/wp-json\/wp\/v2\/users\/9"}],"replies":[{"embeddable":true,"href":"https:\/\/elfsight.com\/es\/wp-json\/wp\/v2\/comments?post=5730"}],"version-history":[{"count":2,"href":"https:\/\/elfsight.com\/es\/wp-json\/wp\/v2\/pages\/5730\/revisions"}],"predecessor-version":[{"id":19348,"href":"https:\/\/elfsight.com\/es\/wp-json\/wp\/v2\/pages\/5730\/revisions\/19348"}],"up":[{"embeddable":true,"href":"https:\/\/elfsight.com\/es\/wp-json\/wp\/v2\/pages\/2077"}],"wp:attachment":[{"href":"https:\/\/elfsight.com\/es\/wp-json\/wp\/v2\/media?parent=5730"}],"curies":[{"name":"wp","href":"https:\/\/api.w.org\/{rel}","templated":true}]}}