{"id":5714,"date":"1970-01-01T00:00:00","date_gmt":"1970-01-01T00:00:00","guid":{"rendered":"https:\/\/elfsight.com\/es\/?page_id=5714"},"modified":"2025-02-06T16:11:58","modified_gmt":"2025-02-06T16:11:58","slug":"webnode","status":"publish","type":"page","link":"https:\/\/elfsight.com\/es\/subscription-form-widget\/webnode\/","title":{"rendered":"Subscription Form &#8211; Webnode"},"content":{"rendered":"<div class=\"application-platform-content-item-description application-platform-content-item\" id=\"description\" data-nav-section=\"description\"> <h2>Descripci\u00f3n<\/h2> <p>El formulario de suscripci\u00f3n de Elfsight para Webnode es un pr\u00e1ctico widget que le permite recopilar correos electr\u00f3nicos. El widget le brinda la opci\u00f3n no solo de hacer crecer su lista de correo electr\u00f3nico, sino tambi\u00e9n de hacerlo exitosamente: puede adjuntar el encabezado con un t\u00edtulo informativo al formulario, solicitar el nombre, apellido, correo electr\u00f3nico o mantenerlo simple y colocar solo un campo de correo electr\u00f3nico all\u00ed y agregar una etiqueta informativa y un marcador de posici\u00f3n. Tambi\u00e9n tienes la opci\u00f3n de conectar tu complemento de formulario de suscripci\u00f3n con el servicio Mailchimp. Y con la ayuda de una de las cuatro plantillas de dise\u00f1o listas para usar, crear\u00e1 la herramienta que funcione exactamente como necesita. <\/p> <p><b>Muestre sus formularios de suscripci\u00f3n a las personas adecuadas en las p\u00e1ginas adecuadas de su sitio y evite que reboten. <\/b><\/p> <\/div> <div class=\"application-platform-content-item-features application-platform-content-item\" id=\"features\" data-nav-section=\"features\"> <h2>Ofrecemos funciones valiosas y r\u00e1pidas, estas son algunas de ellas: <\/h2> <ul><li>Agrega un encabezado con un t\u00edtulo informativo. <\/li><li>Vincula tu formulario con Mailchimp <\/li><li>Obt\u00e9n tu base de datos de correo electr\u00f3nico en formato CSV. <\/li><li>Campos de formulario personalizables. <\/li><li>Cuatro dise\u00f1os entre los que puede seleccionar: panel, incrustado, lateral, emergente. <\/li><\/ul><p><a href=\"#demo\">Pruebe todas las funciones de personalizaci\u00f3n en una demostraci\u00f3n completa<\/a><\/p> <\/div> <div class=\"application-platform-content-item-installation application-platform-content-item\" id=\"installation\" data-nav-section=\"installation\"> <h2>\u00bfC\u00f3mo agrego un formulario de suscripci\u00f3n a mi sitio Webnode? <\/h2> <p>Simplemente siga las instrucciones a continuaci\u00f3n para activar la herramienta. <\/p> <ol><li><b>Emplee nuestro configurador gratuito y comience a crear su widget personalizado. <\/b><br> Elija el aspecto y las especificaciones deseables del widget y aplique las modificaciones. <\/li> <li><b>Copia tu c\u00f3digo individual que se muestra en el cuadro de Elfsight Apps. <\/b><br> Tan pronto como finalice la configuraci\u00f3n de su widget, copie el c\u00f3digo individual en la ventana emergente que aparece y gu\u00e1rdelo para su uso posterior. <\/li> <li><b>Empiece a utilizar la herramienta en el sitio web de Webnode. <\/b><br> A\u00f1ade el c\u00f3digo copiado recientemente a tu sitio web y guarda las mejoras. <\/li> <li><b>\u00a1Listo! La incrustaci\u00f3n est\u00e1 totalmente realizada. <\/b><br>Vaya a su sitio web para observar el funcionamiento del widget. <\/li><\/ol> <p>Si enfrenta algunos obst\u00e1culos, no dude en solicitar nuestro personal de soporte. Nuestra gente estar\u00e1 encantada de ayudarte con todas las dudas que puedas tener con la herramienta. <\/p><div class=\"faq\" data-component=\"FAQ\"> <div class=\"faq-item\">\r\n\t\t\t\t\t<div class=\"faq-item-question\">\r\n\t\t\t\t\t\t<h3 class=\"faq-item-question-text\">\u00bfC\u00f3mo agregar Form Builder a mi sitio web Webnode sin conocimientos de codificaci\u00f3n?<\/h3>\r\n\r\n\t\t\t\t\t\t<div class=\"faq-item-question-icon\"><\/div>\r\n\t\t\t\t\t<\/div>\r\n\r\n\t\t\t\t\t<div class=\"faq-item-answer\">\r\n\t\t\t\t\t\t<div class=\"faq-item-answer-text\"> <p>Elfsight proporciona una soluci\u00f3n SaaS que le permite crear un widget Form Builder usted mismo. Vea lo f\u00e1cil que es el proceso: trabaje directamente en el editor en l\u00ednea para crear un widget Form Builder que le gustar\u00eda ver en su sitio web Webnode. Elija una de las plantillas predise\u00f1adas y ajuste la configuraci\u00f3n del Creador de formularios, agregue su contenido, cambie el dise\u00f1o y los colores sin conocimientos de codificaci\u00f3n. Guarda el Form Builder y copia su c\u00f3digo de instalaci\u00f3n, que podr\u00e1s incluir en tu sitio web Webnode sin necesidad de comprar una suscripci\u00f3n paga. Con nuestro editor intuitivo, cualquier usuario de Internet puede crear un widget de Form Builder en l\u00ednea e incrustarlo f\u00e1cilmente en su sitio web Webnode. No es necesario pagar ni ingresar las credenciales de su tarjeta para acceder al servicio. Si tiene alg\u00fan problema en alg\u00fan paso, no dude en ponerse en contacto con nuestro equipo de soporte t\u00e9cnico.<\/p> <\/div>\r\n\t\t\t\t\t<\/div>\r\n\t\t\t\t<\/div><div class=\"faq-item\">\r\n\t\t\t\t\t<div class=\"faq-item-question\">\r\n\t\t\t\t\t\t<h3 class=\"faq-item-question-text\">\u00bfProporcionan plantillas de formulario de suscripci\u00f3n para el sitio web de Webnode?<\/h3>\r\n\r\n\t\t\t\t\t\t<div class=\"faq-item-question-icon\"><\/div>\r\n\t\t\t\t\t<\/div>\r\n\r\n\t\t\t\t\t<div class=\"faq-item-answer\">\r\n\t\t\t\t\t\t<div class=\"faq-item-answer-text\"><p>S\u00ed, hay m\u00e1s de 300 plantillas listas para usar para elegir. Pruebe las <a href=\"https:\/\/elfsight.com\/online-form-builder\/templates\/subscription-forms\/\">plantillas de formularios de suscripci\u00f3n<\/a> y d\u00edganos cu\u00e1l le gusta m\u00e1s.<\/p><\/div>\r\n\t\t\t\t\t<\/div>\r\n\t\t\t\t<\/div> <\/div> <\/div>","protected":false},"excerpt":{"rendered":"","protected":false},"author":9,"featured_media":0,"parent":2095,"menu_order":0,"comment_status":"closed","ping_status":"closed","template":"templates\/template-application-platform.php","meta":{"publish_to_discourse":"","publish_post_category":"","wpdc_auto_publish_overridden":"","wpdc_topic_tags":"","wpdc_pin_topic":"","wpdc_pin_until":"","discourse_post_id":"","discourse_permalink":"","wpdc_publishing_response":"","wpdc_publishing_error":"","footnotes":""},"class_list":["post-5714","page","type-page","status-publish","hentry"],"yoast_head":"<!-- This site is optimized with the Yoast SEO plugin v25.3.1 - https:\/\/yoast.com\/wordpress\/plugins\/seo\/ -->\n<title>Agregue el widget Formulario de suscripci\u00f3n al sitio web de Webnode (r\u00e1pido y gratis)<\/title>\n<meta name=\"description\" content=\"Inserte un widget de formulario de suscripci\u00f3n de Webnode responsivo en su sitio web. Dise\u00f1e todos los campos, elija uno de los cuatro dise\u00f1os predise\u00f1ados y m\u00e1s.\" \/>\n<meta name=\"robots\" content=\"index, follow, max-snippet:-1, max-image-preview:large, max-video-preview:-1\" \/>\n<link rel=\"canonical\" href=\"https:\/\/elfsight.com\/es\/subscription-form-widget\/webnode\/\" \/>\n<meta property=\"og:locale\" content=\"es_ES\" \/>\n<meta property=\"og:type\" content=\"article\" \/>\n<meta property=\"og:title\" content=\"Agregue el widget Formulario de suscripci\u00f3n al sitio web de Webnode (r\u00e1pido y gratis)\" \/>\n<meta property=\"og:description\" content=\"Inserte un widget de formulario de suscripci\u00f3n de Webnode responsivo en su sitio web. Dise\u00f1e todos los campos, elija uno de los cuatro dise\u00f1os predise\u00f1ados y m\u00e1s.\" \/>\n<meta property=\"og:url\" content=\"https:\/\/elfsight.com\/es\/subscription-form-widget\/webnode\/\" \/>\n<meta property=\"og:site_name\" content=\"Elfsight ES\" \/>\n<meta property=\"article:modified_time\" content=\"2025-02-06T16:11:58+00:00\" \/>\n<meta name=\"twitter:card\" content=\"summary_large_image\" \/>\n<meta name=\"twitter:label1\" content=\"Tiempo de lectura\" \/>\n\t<meta name=\"twitter:data1\" content=\"3 minutos\" \/>\n<!-- \/ Yoast SEO plugin. -->","yoast_head_json":{"title":"Agregue el widget Formulario de suscripci\u00f3n al sitio web de Webnode (r\u00e1pido y gratis)","description":"Inserte un widget de formulario de suscripci\u00f3n de Webnode responsivo en su sitio web. Dise\u00f1e todos los campos, elija uno de los cuatro dise\u00f1os predise\u00f1ados y m\u00e1s.","robots":{"index":"index","follow":"follow","max-snippet":"max-snippet:-1","max-image-preview":"max-image-preview:large","max-video-preview":"max-video-preview:-1"},"canonical":"https:\/\/elfsight.com\/es\/subscription-form-widget\/webnode\/","og_locale":"es_ES","og_type":"article","og_title":"Agregue el widget Formulario de suscripci\u00f3n al sitio web de Webnode (r\u00e1pido y gratis)","og_description":"Inserte un widget de formulario de suscripci\u00f3n de Webnode responsivo en su sitio web. Dise\u00f1e todos los campos, elija uno de los cuatro dise\u00f1os predise\u00f1ados y m\u00e1s.","og_url":"https:\/\/elfsight.com\/es\/subscription-form-widget\/webnode\/","og_site_name":"Elfsight ES","article_modified_time":"2025-02-06T16:11:58+00:00","twitter_card":"summary_large_image","twitter_misc":{"Tiempo de lectura":"3 minutos"},"schema":{"@context":"https:\/\/schema.org","@graph":[{"@type":"WebPage","@id":"https:\/\/elfsight.com\/es\/subscription-form-widget\/webnode\/","url":"https:\/\/elfsight.com\/es\/subscription-form-widget\/webnode\/","name":"Agregue el widget Formulario de suscripci\u00f3n al sitio web de Webnode (r\u00e1pido y gratis)","isPartOf":{"@id":"https:\/\/elfsight.com\/es\/#website"},"datePublished":"1970-01-01T00:00:00+00:00","dateModified":"2025-02-06T16:11:58+00:00","description":"Inserte un widget de formulario de suscripci\u00f3n de Webnode responsivo en su sitio web. Dise\u00f1e todos los campos, elija uno de los cuatro dise\u00f1os predise\u00f1ados y m\u00e1s.","breadcrumb":{"@id":"https:\/\/elfsight.com\/es\/subscription-form-widget\/webnode\/#breadcrumb"},"inLanguage":"es","potentialAction":[{"@type":"ReadAction","target":["https:\/\/elfsight.com\/es\/subscription-form-widget\/webnode\/"]}]},{"@type":"BreadcrumbList","@id":"https:\/\/elfsight.com\/es\/subscription-form-widget\/webnode\/#breadcrumb","itemListElement":[{"@type":"ListItem","position":1,"name":"Home","item":"https:\/\/elfsight.com\/es\/"},{"@type":"ListItem","position":2,"name":"Subscription Form","item":"https:\/\/elfsight.com\/es\/subscription-form-widget\/"},{"@type":"ListItem","position":3,"name":"Subscription Form &#8211; Webnode"}]},{"@type":"WebSite","@id":"https:\/\/elfsight.com\/es\/#website","url":"https:\/\/elfsight.com\/es\/","name":"Elfsight ES","description":"Just another Elfsight Sites site","potentialAction":[{"@type":"SearchAction","target":{"@type":"EntryPoint","urlTemplate":"https:\/\/elfsight.com\/es\/?s={search_term_string}"},"query-input":{"@type":"PropertyValueSpecification","valueRequired":true,"valueName":"search_term_string"}}],"inLanguage":"es"}]}},"meta_box":{"industry":"","seo_heading":"","heading":"","description":"","cta_heading":"","cta_description":"","application":"2094","h1":"Widget de formulario de suscripci\u00f3n de Webnode","h1_caption":"Inserta un formulario de suscripci\u00f3n para recopilar correos electr\u00f3nicos y hacer crecer tu lista de correo sin esfuerzo en tu sitio web Webnode.","application_category":[],"applications_title":"","applications_request_title":"","applications_request_button_text":"","hero_text":"","hero_video":"","hero_video_schema_markup":"","selling_points_title":"","selling_points_caption":"","selling_points":[],"selling_points_cta_text":"","features_title":"","features":"","ed_cta_examples_text":"","ed_cta_examples_hidden":"","ed_cta_demo_text":"","ed_cta_demo_hidden":"","why_caption":"","why_editor_title":"","why_editor_text":"","why_team_title":"","why_team_text":"","why_service_title":"","why_service_text":"","template_catalog_visible":"","template_catalog_title":"","template_catalog_text":"","template_catalog_categories_visible":"","demo_title":"Crea tu widget de formulario de suscripci\u00f3n","demo_caption":"\u00a1Configura tu Formulario de Suscripci\u00f3n y agr\u00e9galo a tu sitio web Webnode gratis!","default_faq_hidden":"","app_template_category":[],"platform":"2302","template_public_id":"","codecanyon_url":"","codecanyon_item_id":"","codecanyon_price":"","pricing_caption":"","pricing_elfsight_apps_hide_column":"","pricing_elfsight_apps_url":"","pricing_codecanyon_price_caption":"","integration_category":[],"integration_request_title":"","integration_request_cta":"","integration_platform":"","integrations":[],"platform_category":[],"video_schema_markup":"","price":"desde $0 \/ mes","trial":"","benefits":[{"text":"Servicio de instalaci\u00f3n gratuito"},{"text":"Soporte premium"},{"text":"Garant\u00eda de reembolso de 14 d\u00edas"},{"text":"Actualizaciones de por vida"}],"button_url":"#demo","button_target_blank":"","button_nofollow":"","attributes":[{"name":"Instalaciones","content":"10,000 - 100,000"},{"name":"Sensible","content":"S\u00ed"},{"name":"Navegadores compatibles","content":"Firefox, Safari, Opera, Chrome, Edge"}],"tags":[],"tags_disable_links":"","hide_more_platforms":"","video_object":"","demo_hide_cta":"","demo_hide_cloud_options":"","pricing_title":"","pricing":[{"pricing_icon":"platform","pricing_title":"Elfsight Apps","pricing_title_caption":"Software multiplataforma que funciona en cualquier sitio","pricing_price":"desde $0 \/ mes","pricing_price_caption":"comienza con un plan gratuito","pricing_benefits":[{"text":"Sitios web ilimitados"},{"text":"Soporte gratuito y puntual"},{"text":"Asistencia de instalaci\u00f3n gratuita"},{"text":"100% personalizable"}],"pricing_button_text":"A\u00f1adir al sitio web","pricing_button_url":"#demo"}],"related_apps_title":"","related_apps_hidden":"","author":"","image":[],"title":"","job":"","social_networks":[]},"_links":{"self":[{"href":"https:\/\/elfsight.com\/es\/wp-json\/wp\/v2\/pages\/5714","targetHints":{"allow":["GET"]}}],"collection":[{"href":"https:\/\/elfsight.com\/es\/wp-json\/wp\/v2\/pages"}],"about":[{"href":"https:\/\/elfsight.com\/es\/wp-json\/wp\/v2\/types\/page"}],"author":[{"embeddable":true,"href":"https:\/\/elfsight.com\/es\/wp-json\/wp\/v2\/users\/9"}],"replies":[{"embeddable":true,"href":"https:\/\/elfsight.com\/es\/wp-json\/wp\/v2\/comments?post=5714"}],"version-history":[{"count":2,"href":"https:\/\/elfsight.com\/es\/wp-json\/wp\/v2\/pages\/5714\/revisions"}],"predecessor-version":[{"id":19355,"href":"https:\/\/elfsight.com\/es\/wp-json\/wp\/v2\/pages\/5714\/revisions\/19355"}],"up":[{"embeddable":true,"href":"https:\/\/elfsight.com\/es\/wp-json\/wp\/v2\/pages\/2095"}],"wp:attachment":[{"href":"https:\/\/elfsight.com\/es\/wp-json\/wp\/v2\/media?parent=5714"}],"curies":[{"name":"wp","href":"https:\/\/api.w.org\/{rel}","templated":true}]}}