{"id":5707,"date":"1970-01-01T00:00:00","date_gmt":"1970-01-01T00:00:00","guid":{"rendered":"https:\/\/elfsight.com\/es\/?page_id=5707"},"modified":"2025-02-06T16:11:58","modified_gmt":"2025-02-06T16:11:58","slug":"shopify","status":"publish","type":"page","link":"https:\/\/elfsight.com\/es\/subscription-form-widget\/shopify\/","title":{"rendered":"Subscription Form &#8211; Shopify"},"content":{"rendered":"<div class=\"application-platform-content-item-description application-platform-content-item\" id=\"description\" data-nav-section=\"description\"> <h2>Incorporar formulario de suscripci\u00f3n en Shopify con el widget de Elfsight<\/h2> <p>El formulario de suscripci\u00f3n para Shopify es una aplicaci\u00f3n pr\u00e1ctica que te brinda la posibilidad de obtener correos electr\u00f3nicos. Nuestro complemento le brinda una opci\u00f3n no solo para hacer crecer su base de datos de correo electr\u00f3nico, sino tambi\u00e9n para hacerlo c\u00f3modamente: puede agregar la secci\u00f3n de encabezado con un t\u00edtulo informativo al formulario, solicitar el nombre, apellido, correo electr\u00f3nico o mantenerlo simple y colocar solo un campo de correo electr\u00f3nico y adjuntar una etiqueta informativa y un marcador de posici\u00f3n. Tambi\u00e9n tienes la oportunidad de vincular tu herramienta Formulario de suscripci\u00f3n con el servicio Mailchimp. Y utilizando una de las 4 plantillas de dise\u00f1o listas para usar, crear\u00e1 el widget que funcione solo para usted. <\/p> <p><b>\u00a1Muestre su formulario de suscripci\u00f3n al bolet\u00edn informativo a las personas adecuadas en las p\u00e1ginas adecuadas de su sitio web y evite que reboten! <\/b><\/p> <\/div> <div class=\"application-platform-content-item-features application-platform-content-item\" id=\"features\" data-nav-section=\"features\"> <h2>Ofrecemos funciones pr\u00e1cticas y sencillas, vea algunas de ellas: <\/h2> <ul><li>Adjunte una secci\u00f3n principal con un t\u00edtulo atractivo. <\/li><li>Vincula tu formulario con el servicio Mailchimp<\/li><li>Obt\u00e9n tu lista de correo electr\u00f3nico en formato CSV. <\/li><li>Piezas maleables. <\/li><li>4 plantillas de dise\u00f1o para elegir: lateral, ventana emergente, incrustada y panel. <\/li><\/ul><p><a href=\"#demo\">Simplemente revisa esta demostraci\u00f3n para ver c\u00f3mo funciona<\/a><\/p> <\/div> <div class=\"application-platform-content-item-installation application-platform-content-item\" id=\"installation\" data-nav-section=\"installation\"> <h2>\u00bfC\u00f3mo inserto el formulario de suscripci\u00f3n en mi sitio web de Shopify? <\/h2> <p>Simplemente siga los pasos que se describen a continuaci\u00f3n para insertar la aplicaci\u00f3n. <\/p> <ol><li><b>Utiliza nuestro editor gratuito y comienza a crear tu propia aplicaci\u00f3n. <\/b><br> Encuentre el aspecto personalizado y las caracter\u00edsticas del complemento y guarde las modificaciones. <\/li> <li><b>Adquiera el c\u00f3digo personal que aparece en la ventana de Elfsight Apps. <\/b><br> Inmediatamente despu\u00e9s de finalizar el establecimiento de su aplicaci\u00f3n personal, copie el c\u00f3digo personal de la ventana emergente que aparece y gu\u00e1rdelo para usarlo m\u00e1s adelante. <\/li> <li><b>Comience a aplicar la herramienta en el sitio de Shopify. <\/b><br>Implemente el c\u00f3digo que ha copiado anteriormente en su sitio web y aplique las correcciones. <\/li> <li><b>\u00a1Listo! La integraci\u00f3n ha finalizado con \u00e9xito. <\/b><br>Entra en su sitio web para ver el trabajo de la herramienta. <\/li><\/ol> <p>En caso de que tengas alguna dificultad, no dudes en ponerte en contacto con nuestro equipo de soporte. Nuestros especialistas estar\u00e1n encantados de resolver todas las dudas que puedas tener con la app. <\/p> <div class=\"faq\" data-component=\"FAQ\"> <div class=\"faq-item\">\r\n\t\t\t\t\t<div class=\"faq-item-question\">\r\n\t\t\t\t\t\t<h3 class=\"faq-item-question-text\">\u00bfC\u00f3mo puedo agregar Form Builder a mi sitio web de Shopify sin conocimientos de codificaci\u00f3n?<\/h3>\r\n\r\n\t\t\t\t\t\t<div class=\"faq-item-question-icon\"><\/div>\r\n\t\t\t\t\t<\/div>\r\n\r\n\t\t\t\t\t<div class=\"faq-item-answer\">\r\n\t\t\t\t\t\t<div class=\"faq-item-answer-text\"> <p>Elfsight proporciona una soluci\u00f3n SaaS que te permite crear un widget de Form Builder t\u00fa mismo. Mira lo f\u00e1cil que es el proceso: trabaja directamente en el editor en l\u00ednea para crear un widget de Form Builder que te gustar\u00eda ver en tu sitio web de Shopify. Elija una de las plantillas predise\u00f1adas y ajuste la configuraci\u00f3n del Creador de formularios, agregue su contenido, cambie el dise\u00f1o y la combinaci\u00f3n de colores sin conocimientos de codificaci\u00f3n. Guarde Form Builder y copie su c\u00f3digo de instalaci\u00f3n, que puede insertar f\u00e1cilmente en su sitio web de Shopify sin necesidad de comprar una versi\u00f3n paga. Con nuestro editor intuitivo, cualquier usuario de Internet puede crear un widget Form Builder en l\u00ednea e incrustarlo f\u00e1cilmente en su sitio web Shopify. No es necesario pagar ni ingresar las credenciales de su tarjeta para acceder al servicio. Si tiene alg\u00fan problema en cualquier paso, no dude en comunicarse con nuestro equipo de soporte t\u00e9cnico.<\/p> <\/div>\r\n\t\t\t\t\t<\/div>\r\n\t\t\t\t<\/div><div class=\"faq-item\">\r\n\t\t\t\t\t<div class=\"faq-item-question\">\r\n\t\t\t\t\t\t<h3 class=\"faq-item-question-text\">\u00bfTiene alguna plantilla de formulario de suscripci\u00f3n prefabricada para el sitio web de Shopify?<\/h3>\r\n\r\n\t\t\t\t\t\t<div class=\"faq-item-question-icon\"><\/div>\r\n\t\t\t\t\t<\/div>\r\n\r\n\t\t\t\t\t<div class=\"faq-item-answer\">\r\n\t\t\t\t\t\t<div class=\"faq-item-answer-text\"><p>S\u00ed, Elfsight ofrece una biblioteca masiva de m\u00e1s de 300 plantillas para cualquier caso. Despl\u00e1cese por las <a href=\"https:\/\/elfsight.com\/online-form-builder\/templates\/subscription-forms\/\">plantillas de formularios de suscripci\u00f3n<\/a> y decida cu\u00e1l funciona mejor para usted.<\/p><\/div>\r\n\t\t\t\t\t<\/div>\r\n\t\t\t\t<\/div> <\/div> <\/div>","protected":false},"excerpt":{"rendered":"","protected":false},"author":9,"featured_media":0,"parent":2095,"menu_order":0,"comment_status":"closed","ping_status":"closed","template":"templates\/template-application-platform.php","meta":{"publish_to_discourse":"","publish_post_category":"","wpdc_auto_publish_overridden":"","wpdc_topic_tags":"","wpdc_pin_topic":"","wpdc_pin_until":"","discourse_post_id":"","discourse_permalink":"","wpdc_publishing_response":"","wpdc_publishing_error":"","footnotes":""},"class_list":["post-5707","page","type-page","status-publish","hentry"],"yoast_head":"<!-- This site is optimized with the Yoast SEO plugin v25.3.1 - https:\/\/yoast.com\/wordpress\/plugins\/seo\/ -->\n<title>Agregue la aplicaci\u00f3n Formulario de suscripci\u00f3n al sitio web de Shopify (r\u00e1pido y gratis)<\/title>\n<meta name=\"description\" content=\"Incrusta una aplicaci\u00f3n de formulario de suscripci\u00f3n de Shopify responsiva en tu sitio web. Dise\u00f1e todos los campos, elija una de las 4 plantillas de dise\u00f1o listas para usar y m\u00e1s.\" \/>\n<meta name=\"robots\" content=\"index, follow, max-snippet:-1, max-image-preview:large, max-video-preview:-1\" \/>\n<link rel=\"canonical\" href=\"https:\/\/elfsight.com\/es\/subscription-form-widget\/shopify\/\" \/>\n<meta property=\"og:locale\" content=\"es_ES\" \/>\n<meta property=\"og:type\" content=\"article\" \/>\n<meta property=\"og:title\" content=\"Agregue la aplicaci\u00f3n Formulario de suscripci\u00f3n al sitio web de Shopify (r\u00e1pido y gratis)\" \/>\n<meta property=\"og:description\" content=\"Incrusta una aplicaci\u00f3n de formulario de suscripci\u00f3n de Shopify responsiva en tu sitio web. Dise\u00f1e todos los campos, elija una de las 4 plantillas de dise\u00f1o listas para usar y m\u00e1s.\" \/>\n<meta property=\"og:url\" content=\"https:\/\/elfsight.com\/es\/subscription-form-widget\/shopify\/\" \/>\n<meta property=\"og:site_name\" content=\"Elfsight ES\" \/>\n<meta property=\"article:modified_time\" content=\"2025-02-06T16:11:58+00:00\" \/>\n<meta name=\"twitter:card\" content=\"summary_large_image\" \/>\n<meta name=\"twitter:label1\" content=\"Tiempo de lectura\" \/>\n\t<meta name=\"twitter:data1\" content=\"3 minutos\" \/>\n<!-- \/ Yoast SEO plugin. -->","yoast_head_json":{"title":"Agregue la aplicaci\u00f3n Formulario de suscripci\u00f3n al sitio web de Shopify (r\u00e1pido y gratis)","description":"Incrusta una aplicaci\u00f3n de formulario de suscripci\u00f3n de Shopify responsiva en tu sitio web. Dise\u00f1e todos los campos, elija una de las 4 plantillas de dise\u00f1o listas para usar y m\u00e1s.","robots":{"index":"index","follow":"follow","max-snippet":"max-snippet:-1","max-image-preview":"max-image-preview:large","max-video-preview":"max-video-preview:-1"},"canonical":"https:\/\/elfsight.com\/es\/subscription-form-widget\/shopify\/","og_locale":"es_ES","og_type":"article","og_title":"Agregue la aplicaci\u00f3n Formulario de suscripci\u00f3n al sitio web de Shopify (r\u00e1pido y gratis)","og_description":"Incrusta una aplicaci\u00f3n de formulario de suscripci\u00f3n de Shopify responsiva en tu sitio web. Dise\u00f1e todos los campos, elija una de las 4 plantillas de dise\u00f1o listas para usar y m\u00e1s.","og_url":"https:\/\/elfsight.com\/es\/subscription-form-widget\/shopify\/","og_site_name":"Elfsight ES","article_modified_time":"2025-02-06T16:11:58+00:00","twitter_card":"summary_large_image","twitter_misc":{"Tiempo de lectura":"3 minutos"},"schema":{"@context":"https:\/\/schema.org","@graph":[{"@type":"WebPage","@id":"https:\/\/elfsight.com\/es\/subscription-form-widget\/shopify\/","url":"https:\/\/elfsight.com\/es\/subscription-form-widget\/shopify\/","name":"Agregue la aplicaci\u00f3n Formulario de suscripci\u00f3n al sitio web de Shopify (r\u00e1pido y gratis)","isPartOf":{"@id":"https:\/\/elfsight.com\/es\/#website"},"datePublished":"1970-01-01T00:00:00+00:00","dateModified":"2025-02-06T16:11:58+00:00","description":"Incrusta una aplicaci\u00f3n de formulario de suscripci\u00f3n de Shopify responsiva en tu sitio web. Dise\u00f1e todos los campos, elija una de las 4 plantillas de dise\u00f1o listas para usar y m\u00e1s.","breadcrumb":{"@id":"https:\/\/elfsight.com\/es\/subscription-form-widget\/shopify\/#breadcrumb"},"inLanguage":"es","potentialAction":[{"@type":"ReadAction","target":["https:\/\/elfsight.com\/es\/subscription-form-widget\/shopify\/"]}]},{"@type":"BreadcrumbList","@id":"https:\/\/elfsight.com\/es\/subscription-form-widget\/shopify\/#breadcrumb","itemListElement":[{"@type":"ListItem","position":1,"name":"Home","item":"https:\/\/elfsight.com\/es\/"},{"@type":"ListItem","position":2,"name":"Subscription Form","item":"https:\/\/elfsight.com\/es\/subscription-form-widget\/"},{"@type":"ListItem","position":3,"name":"Subscription Form &#8211; Shopify"}]},{"@type":"WebSite","@id":"https:\/\/elfsight.com\/es\/#website","url":"https:\/\/elfsight.com\/es\/","name":"Elfsight ES","description":"Just another Elfsight Sites site","potentialAction":[{"@type":"SearchAction","target":{"@type":"EntryPoint","urlTemplate":"https:\/\/elfsight.com\/es\/?s={search_term_string}"},"query-input":{"@type":"PropertyValueSpecification","valueRequired":true,"valueName":"search_term_string"}}],"inLanguage":"es"}]}},"meta_box":{"industry":"","seo_heading":"","heading":"","description":"","cta_heading":"","cta_description":"","application":"2094","h1":"Aplicaci\u00f3n Formulario de suscripci\u00f3n de Shopify","h1_caption":"Inserta un formulario de suscripci\u00f3n para recopilar correos electr\u00f3nicos y hacer crecer tu lista de correo sin esfuerzo en tu sitio web de Shopify.","application_category":[],"applications_title":"","applications_request_title":"","applications_request_button_text":"","hero_text":"","hero_video":"","hero_video_schema_markup":"","selling_points_title":"","selling_points_caption":"","selling_points":[],"selling_points_cta_text":"","features_title":"","features":"","ed_cta_examples_text":"","ed_cta_examples_hidden":"","ed_cta_demo_text":"","ed_cta_demo_hidden":"","why_caption":"","why_editor_title":"","why_editor_text":"","why_team_title":"","why_team_text":"","why_service_title":"","why_service_text":"","template_catalog_visible":"","template_catalog_title":"","template_catalog_text":"","template_catalog_categories_visible":"","demo_title":"Crea tu aplicaci\u00f3n Formulario de suscripci\u00f3n","demo_caption":"\u00a1Configura tu formulario de suscripci\u00f3n y agr\u00e9galo a tu sitio web de Shopify gratis!","default_faq_hidden":"","app_template_category":[],"platform":"91","template_public_id":"","codecanyon_url":"","codecanyon_item_id":"","codecanyon_price":"","pricing_caption":"","pricing_elfsight_apps_hide_column":"","pricing_elfsight_apps_url":"","pricing_codecanyon_price_caption":"","integration_category":[],"integration_request_title":"","integration_request_cta":"","integration_platform":"","integrations":[],"platform_category":[],"video_schema_markup":"","price":"desde $0 \/ mes","trial":"","benefits":[{"text":"Servicio de instalaci\u00f3n gratuito"},{"text":"Soporte excepcional"},{"text":"Garant\u00eda de devoluci\u00f3n de dinero de 14 d\u00edas"},{"text":"Actualizando constantemente"}],"button_url":"#demo","button_target_blank":"","button_nofollow":"","attributes":[{"name":"Instalaciones","content":"10,000 - 100,000"},{"name":"Sensible","content":"S\u00ed"},{"name":"Navegadores compatibles","content":"Firefox, Safari, Opera, Chrome, Edge"}],"tags":[],"tags_disable_links":"","hide_more_platforms":"","video_object":"","demo_hide_cta":"","demo_hide_cloud_options":"","pricing_title":"","pricing":[{"pricing_icon":"platform","pricing_title":"Elfsight Apps","pricing_title_caption":"Software multiplataforma que se adapta a cualquier sitio","pricing_price":"desde $0 \/ mes","pricing_price_caption":"comienza con un plan gratuito","pricing_benefits":[{"text":"Dominios ilimitados"},{"text":"Soporte dedicado y puntual"},{"text":"Asistencia de instalaci\u00f3n gratuita"},{"text":"Dise\u00f1o flexible"}],"pricing_button_text":"A\u00f1adir al sitio web","pricing_button_url":"#demo"}],"related_apps_title":"","related_apps_hidden":"","author":"","image":[],"title":"","job":"","social_networks":[]},"_links":{"self":[{"href":"https:\/\/elfsight.com\/es\/wp-json\/wp\/v2\/pages\/5707","targetHints":{"allow":["GET"]}}],"collection":[{"href":"https:\/\/elfsight.com\/es\/wp-json\/wp\/v2\/pages"}],"about":[{"href":"https:\/\/elfsight.com\/es\/wp-json\/wp\/v2\/types\/page"}],"author":[{"embeddable":true,"href":"https:\/\/elfsight.com\/es\/wp-json\/wp\/v2\/users\/9"}],"replies":[{"embeddable":true,"href":"https:\/\/elfsight.com\/es\/wp-json\/wp\/v2\/comments?post=5707"}],"version-history":[{"count":2,"href":"https:\/\/elfsight.com\/es\/wp-json\/wp\/v2\/pages\/5707\/revisions"}],"predecessor-version":[{"id":19358,"href":"https:\/\/elfsight.com\/es\/wp-json\/wp\/v2\/pages\/5707\/revisions\/19358"}],"up":[{"embeddable":true,"href":"https:\/\/elfsight.com\/es\/wp-json\/wp\/v2\/pages\/2095"}],"wp:attachment":[{"href":"https:\/\/elfsight.com\/es\/wp-json\/wp\/v2\/media?parent=5707"}],"curies":[{"name":"wp","href":"https:\/\/api.w.org\/{rel}","templated":true}]}}