{"id":5691,"date":"1970-01-01T00:00:00","date_gmt":"1970-01-01T00:00:00","guid":{"rendered":"https:\/\/elfsight.com\/es\/?page_id=5691"},"modified":"2025-02-06T16:12:14","modified_gmt":"2025-02-06T16:12:14","slug":"jimdo","status":"publish","type":"page","link":"https:\/\/elfsight.com\/es\/subscription-form-widget\/jimdo\/","title":{"rendered":"Subscription Form &#8211; Jimdo"},"content":{"rendered":"<div class=\"application-platform-content-item-description application-platform-content-item\" id=\"description\" data-nav-section=\"description\"> <h2>Descripci\u00f3n<\/h2> <p>El formulario de suscripci\u00f3n es un instrumento \u00fatil que le brinda la posibilidad de recopilar correos electr\u00f3nicos. Nuestra aplicaci\u00f3n le ofrece la opci\u00f3n no solo de hacer crecer su base de datos de correo electr\u00f3nico, sino tambi\u00e9n de hacerlo de manera eficiente: puede adjuntar al encabezado un t\u00edtulo informativo, solicitar el nombre, la direcci\u00f3n de correo electr\u00f3nico o hacerlo simple y dejar solo un campo de correo electr\u00f3nico all\u00ed y adjuntar una etiqueta explicativa y un marcador de posici\u00f3n. Tambi\u00e9n existe una opci\u00f3n para conectar su aplicaci\u00f3n Formulario de suscripci\u00f3n con el servicio Mailchimp. Y utilizando uno de los 4 dise\u00f1os listos para usar, crear\u00e1 el widget que funciona exactamente como lo necesita. <\/p> <p><b>Muestre su formulario de suscripci\u00f3n al bolet\u00edn informativo a las personas adecuadas en las p\u00e1ginas adecuadas de su sitio web y evite que reboten. <\/b><\/p> <\/div> <div class=\"application-platform-content-item-features application-platform-content-item\" id=\"features\" data-nav-section=\"features\"> <h2>Estas son solo algunas de las muchas caracter\u00edsticas del widget: <\/h2> <ul><li>Agregue una secci\u00f3n de encabezado con un t\u00edtulo atractivo. <\/li><li>Vincula el formulario de suscripci\u00f3n con Mailchimp <\/li><li>Obt\u00e9n tu base de datos de correo electr\u00f3nico en formato CSV. <\/li><li>Partes de formulario manejables. <\/li><li>4 dise\u00f1os para elegir: lateral, incrustado, emergente y panel. <\/li><\/ul><p><a href=\"#demo\">Puedes comprobar la funcionalidad completa del widget en la demostraci\u00f3n de esta p\u00e1gina<\/a><\/p> <\/div> <div class=\"application-platform-content-item-installation application-platform-content-item\" id=\"installation\" data-nav-section=\"installation\"> <h2>\u00bfC\u00f3mo agrego un formulario de suscripci\u00f3n en mi sitio Jimdo? <\/h2> <p>Simplemente siga las instrucciones a continuaci\u00f3n para integrar la herramienta. <\/p> <ol><li><b>Abre nuestro configurador gratuito y comienza a construir tu instrumento personalizado. <\/b><br> Encuentre el aspecto seleccionado y los rasgos funcionales del widget y aplique las correcciones. <\/li> <li><b>Copia el c\u00f3digo \u00fanico expuesto en la ventana de Elfsight Apps. <\/b><br> Inmediatamente despu\u00e9s de que finalice la creaci\u00f3n de su widget personal, copie el c\u00f3digo exclusivo en la ventana emergente y gu\u00e1rdelo para futuras necesidades. <\/li> <li><b>Comienza a utilizar el widget en tu p\u00e1gina de inicio de Jimdo. <\/b><br> Implemente el c\u00f3digo guardado anteriormente en su p\u00e1gina de inicio y aplique las ediciones. <\/li> <li><b>\u00a1Ya terminaste! La configuraci\u00f3n est\u00e1 completamente realizada. <\/b><br> Vaya a su sitio para observar el funcionamiento de la herramienta. <\/li><\/ol> <p>En caso de que surjan algunas complicaciones, no tema comunicarse con nuestro personal de servicio al cliente. Nuestros especialistas est\u00e1n deseando resolver todos los problemas que pueda tener con el producto. <\/p> <div class=\"faq\" data-component=\"FAQ\"> <div class=\"faq-item\">\r\n\t\t\t\t\t<div class=\"faq-item-question\">\r\n\t\t\t\t\t\t<h3 class=\"faq-item-question-text\">\u00bfC\u00f3mo puedo a\u00f1adir Form Builder a mi sitio web Jimdo sin conocimientos de codificaci\u00f3n?<\/h3>\r\n\r\n\t\t\t\t\t\t<div class=\"faq-item-question-icon\"><\/div>\r\n\t\t\t\t\t<\/div>\r\n\r\n\t\t\t\t\t<div class=\"faq-item-answer\">\r\n\t\t\t\t\t\t<div class=\"faq-item-answer-text\"> <p>Elfsight proporciona una soluci\u00f3n SaaS que te permite crear un widget Form Builder t\u00fa mismo. Mira lo f\u00e1cil que es el proceso: trabaja directamente en el editor en l\u00ednea para crear un widget Form Builder que te gustar\u00eda ver en tu sitio web Jimdo. Elija una de las plantillas predise\u00f1adas y ajuste la configuraci\u00f3n del Creador de formularios, agregue su contenido, cambie el dise\u00f1o y los colores sin conocimientos de codificaci\u00f3n. Guarda el Form Builder y copia su c\u00f3digo de instalaci\u00f3n, que puedes agregar f\u00e1cilmente en tu sitio web Jimdo sin comprar una suscripci\u00f3n paga. Con nuestro editor intuitivo, cualquier usuario de Internet puede crear un widget Form Builder en l\u00ednea e incrustarlo f\u00e1cilmente en su sitio web Jimdo. No es necesario pagar ni ingresar las credenciales de su tarjeta para acceder al servicio. Si tienes alg\u00fan problema en cualquier paso, no dudes en ponerte en contacto con nuestro equipo de soporte t\u00e9cnico.<\/p> <\/div>\r\n\t\t\t\t\t<\/div>\r\n\t\t\t\t<\/div><div class=\"faq-item\">\r\n\t\t\t\t\t<div class=\"faq-item-question\">\r\n\t\t\t\t\t\t<h3 class=\"faq-item-question-text\">\u00bfHay alguna plantilla de formulario de suscripci\u00f3n para usar en el sitio web de Jimdo?<\/h3>\r\n\r\n\t\t\t\t\t\t<div class=\"faq-item-question-icon\"><\/div>\r\n\t\t\t\t\t<\/div>\r\n\r\n\t\t\t\t\t<div class=\"faq-item-answer\">\r\n\t\t\t\t\t\t<div class=\"faq-item-answer-text\"><p>\u00a1S\u00ed, claro! Elfsight reuni\u00f3 una amplia selecci\u00f3n de m\u00e1s de 300 plantillas predise\u00f1adas. Consulte las <a href=\"https:\/\/elfsight.com\/online-form-builder\/templates\/subscription-forms\/\">plantillas de formularios de suscripci\u00f3n<\/a> para encontrar la mejor opci\u00f3n para su sitio web.<\/p><\/div>\r\n\t\t\t\t\t<\/div>\r\n\t\t\t\t<\/div> <\/div> <\/div>","protected":false},"excerpt":{"rendered":"","protected":false},"author":9,"featured_media":0,"parent":2095,"menu_order":0,"comment_status":"closed","ping_status":"closed","template":"templates\/template-application-platform.php","meta":{"publish_to_discourse":"","publish_post_category":"","wpdc_auto_publish_overridden":"","wpdc_topic_tags":"","wpdc_pin_topic":"","wpdc_pin_until":"","discourse_post_id":"","discourse_permalink":"","wpdc_publishing_response":"","wpdc_publishing_error":"","footnotes":""},"class_list":["post-5691","page","type-page","status-publish","hentry"],"yoast_head":"<!-- This site is optimized with the Yoast SEO plugin v25.3.1 - https:\/\/yoast.com\/wordpress\/plugins\/seo\/ -->\n<title>A\u00f1ade el widget Formulario de suscripci\u00f3n al sitio web de Jimdo (r\u00e1pido y gratuito)<\/title>\n<meta name=\"description\" content=\"Integra un widget de formulario de suscripci\u00f3n de Jimdo en tu sitio web. Ajuste todos los campos, elija una de las 4 plantillas de dise\u00f1o y m\u00e1s.\" \/>\n<meta name=\"robots\" content=\"index, follow, max-snippet:-1, max-image-preview:large, max-video-preview:-1\" \/>\n<link rel=\"canonical\" href=\"https:\/\/elfsight.com\/es\/subscription-form-widget\/jimdo\/\" \/>\n<meta property=\"og:locale\" content=\"es_ES\" \/>\n<meta property=\"og:type\" content=\"article\" \/>\n<meta property=\"og:title\" content=\"A\u00f1ade el widget Formulario de suscripci\u00f3n al sitio web de Jimdo (r\u00e1pido y gratuito)\" \/>\n<meta property=\"og:description\" content=\"Integra un widget de formulario de suscripci\u00f3n de Jimdo en tu sitio web. Ajuste todos los campos, elija una de las 4 plantillas de dise\u00f1o y m\u00e1s.\" \/>\n<meta property=\"og:url\" content=\"https:\/\/elfsight.com\/es\/subscription-form-widget\/jimdo\/\" \/>\n<meta property=\"og:site_name\" content=\"Elfsight ES\" \/>\n<meta property=\"article:modified_time\" content=\"2025-02-06T16:12:14+00:00\" \/>\n<meta name=\"twitter:card\" content=\"summary_large_image\" \/>\n<meta name=\"twitter:label1\" content=\"Tiempo de lectura\" \/>\n\t<meta name=\"twitter:data1\" content=\"3 minutos\" \/>\n<!-- \/ Yoast SEO plugin. -->","yoast_head_json":{"title":"A\u00f1ade el widget Formulario de suscripci\u00f3n al sitio web de Jimdo (r\u00e1pido y gratuito)","description":"Integra un widget de formulario de suscripci\u00f3n de Jimdo en tu sitio web. Ajuste todos los campos, elija una de las 4 plantillas de dise\u00f1o y m\u00e1s.","robots":{"index":"index","follow":"follow","max-snippet":"max-snippet:-1","max-image-preview":"max-image-preview:large","max-video-preview":"max-video-preview:-1"},"canonical":"https:\/\/elfsight.com\/es\/subscription-form-widget\/jimdo\/","og_locale":"es_ES","og_type":"article","og_title":"A\u00f1ade el widget Formulario de suscripci\u00f3n al sitio web de Jimdo (r\u00e1pido y gratuito)","og_description":"Integra un widget de formulario de suscripci\u00f3n de Jimdo en tu sitio web. Ajuste todos los campos, elija una de las 4 plantillas de dise\u00f1o y m\u00e1s.","og_url":"https:\/\/elfsight.com\/es\/subscription-form-widget\/jimdo\/","og_site_name":"Elfsight ES","article_modified_time":"2025-02-06T16:12:14+00:00","twitter_card":"summary_large_image","twitter_misc":{"Tiempo de lectura":"3 minutos"},"schema":{"@context":"https:\/\/schema.org","@graph":[{"@type":"WebPage","@id":"https:\/\/elfsight.com\/es\/subscription-form-widget\/jimdo\/","url":"https:\/\/elfsight.com\/es\/subscription-form-widget\/jimdo\/","name":"A\u00f1ade el widget Formulario de suscripci\u00f3n al sitio web de Jimdo (r\u00e1pido y gratuito)","isPartOf":{"@id":"https:\/\/elfsight.com\/es\/#website"},"datePublished":"1970-01-01T00:00:00+00:00","dateModified":"2025-02-06T16:12:14+00:00","description":"Integra un widget de formulario de suscripci\u00f3n de Jimdo en tu sitio web. Ajuste todos los campos, elija una de las 4 plantillas de dise\u00f1o y m\u00e1s.","breadcrumb":{"@id":"https:\/\/elfsight.com\/es\/subscription-form-widget\/jimdo\/#breadcrumb"},"inLanguage":"es","potentialAction":[{"@type":"ReadAction","target":["https:\/\/elfsight.com\/es\/subscription-form-widget\/jimdo\/"]}]},{"@type":"BreadcrumbList","@id":"https:\/\/elfsight.com\/es\/subscription-form-widget\/jimdo\/#breadcrumb","itemListElement":[{"@type":"ListItem","position":1,"name":"Home","item":"https:\/\/elfsight.com\/es\/"},{"@type":"ListItem","position":2,"name":"Subscription Form","item":"https:\/\/elfsight.com\/es\/subscription-form-widget\/"},{"@type":"ListItem","position":3,"name":"Subscription Form &#8211; Jimdo"}]},{"@type":"WebSite","@id":"https:\/\/elfsight.com\/es\/#website","url":"https:\/\/elfsight.com\/es\/","name":"Elfsight ES","description":"Just another Elfsight Sites site","potentialAction":[{"@type":"SearchAction","target":{"@type":"EntryPoint","urlTemplate":"https:\/\/elfsight.com\/es\/?s={search_term_string}"},"query-input":{"@type":"PropertyValueSpecification","valueRequired":true,"valueName":"search_term_string"}}],"inLanguage":"es"}]}},"meta_box":{"industry":"","seo_heading":"","heading":"","description":"","cta_heading":"","cta_description":"","application":"2094","h1":"Widget de formulario de suscripci\u00f3n de Jimdo","h1_caption":"Inserta un formulario de suscripci\u00f3n para recopilar correos electr\u00f3nicos y hacer crecer tu lista de correo sin esfuerzo en tu sitio web Jimdo.","application_category":[],"applications_title":"","applications_request_title":"","applications_request_button_text":"","hero_text":"","hero_video":"","hero_video_schema_markup":"","selling_points_title":"","selling_points_caption":"","selling_points":[],"selling_points_cta_text":"","features_title":"","features":"","ed_cta_examples_text":"","ed_cta_examples_hidden":"","ed_cta_demo_text":"","ed_cta_demo_hidden":"","why_caption":"","why_editor_title":"","why_editor_text":"","why_team_title":"","why_team_text":"","why_service_title":"","why_service_text":"","template_catalog_visible":"","template_catalog_title":"","template_catalog_text":"","template_catalog_categories_visible":"","demo_title":"Crea tu widget de formulario de suscripci\u00f3n","demo_caption":"\u00a1Configura tu Formulario de Suscripci\u00f3n y a\u00f1\u00e1delo a tu sitio web Jimdo gratis!","default_faq_hidden":"","app_template_category":[],"platform":"2198","template_public_id":"","codecanyon_url":"","codecanyon_item_id":"","codecanyon_price":"","pricing_caption":"","pricing_elfsight_apps_hide_column":"","pricing_elfsight_apps_url":"","pricing_codecanyon_price_caption":"","integration_category":[],"integration_request_title":"","integration_request_cta":"","integration_platform":"","integrations":[],"platform_category":[],"video_schema_markup":"","price":"desde $0 \/ mes","trial":"","benefits":[{"text":"Ayuda de instalaci\u00f3n gratuita"},{"text":"Servicio al cliente eficaz"},{"text":"Garant\u00eda de reembolso de 14 d\u00edas"},{"text":"Actualizando constantemente"}],"button_url":"#demo","button_target_blank":"","button_nofollow":"","attributes":[{"name":"Instalaciones","content":"10,000 - 100,000"},{"name":"Sensible","content":"S\u00ed"},{"name":"Navegadores compatibles","content":"Firefox, Safari, Opera, Chrome, Edge"}],"tags":[],"tags_disable_links":"","hide_more_platforms":"","video_object":"","demo_hide_cta":"","demo_hide_cloud_options":"","pricing_title":"","pricing":[{"pricing_icon":"platform","pricing_title":"Elfsight Apps","pricing_title_caption":"Soluci\u00f3n digital multiplataforma","pricing_price":"desde $0 \/ mes","pricing_price_caption":"comienza con un plan gratuito","pricing_benefits":[{"text":"Dominios ilimitados"},{"text":"Soporte dedicado"},{"text":"Ayuda de instalaci\u00f3n gratuita"},{"text":"100% personalizable"}],"pricing_button_text":"A\u00f1adir al sitio web","pricing_button_url":"#demo"}],"related_apps_title":"","related_apps_hidden":"","author":"","image":[],"title":"","job":"","social_networks":[]},"_links":{"self":[{"href":"https:\/\/elfsight.com\/es\/wp-json\/wp\/v2\/pages\/5691","targetHints":{"allow":["GET"]}}],"collection":[{"href":"https:\/\/elfsight.com\/es\/wp-json\/wp\/v2\/pages"}],"about":[{"href":"https:\/\/elfsight.com\/es\/wp-json\/wp\/v2\/types\/page"}],"author":[{"embeddable":true,"href":"https:\/\/elfsight.com\/es\/wp-json\/wp\/v2\/users\/9"}],"replies":[{"embeddable":true,"href":"https:\/\/elfsight.com\/es\/wp-json\/wp\/v2\/comments?post=5691"}],"version-history":[{"count":2,"href":"https:\/\/elfsight.com\/es\/wp-json\/wp\/v2\/pages\/5691\/revisions"}],"predecessor-version":[{"id":19366,"href":"https:\/\/elfsight.com\/es\/wp-json\/wp\/v2\/pages\/5691\/revisions\/19366"}],"up":[{"embeddable":true,"href":"https:\/\/elfsight.com\/es\/wp-json\/wp\/v2\/pages\/2095"}],"wp:attachment":[{"href":"https:\/\/elfsight.com\/es\/wp-json\/wp\/v2\/media?parent=5691"}],"curies":[{"name":"wp","href":"https:\/\/api.w.org\/{rel}","templated":true}]}}