{"id":5690,"date":"1970-01-01T00:00:00","date_gmt":"1970-01-01T00:00:00","guid":{"rendered":"https:\/\/elfsight.com\/es\/?page_id=5690"},"modified":"2025-02-06T16:12:22","modified_gmt":"2025-02-06T16:12:22","slug":"iframe","status":"publish","type":"page","link":"https:\/\/elfsight.com\/es\/subscription-form-widget\/iframe\/","title":{"rendered":"Subscription Form &#8211; iFrame"},"content":{"rendered":"<div class=\"application-platform-content-item-description application-platform-content-item\" id=\"description\" data-nav-section=\"description\"> <h2>Incrustar formulario de suscripci\u00f3n en iFrame con el widget Elfsight<\/h2> <p>El formulario de suscripci\u00f3n para iFrame es un poderoso widget que le brinda la oportunidad de recopilar correos electr\u00f3nicos. Nuestro complemento le brinda una opci\u00f3n no solo para ampliar su base de datos de correo electr\u00f3nico, sino tambi\u00e9n para hacerlo con \u00e9xito: puede agregar la secci\u00f3n de encabezado con un t\u00edtulo informativo al formulario, solicitar el nombre, apellido, direcci\u00f3n de correo electr\u00f3nico o hacerlo simple y dejar solo un campo de correo electr\u00f3nico y agregar una etiqueta explicativa y un marcador de posici\u00f3n. Tambi\u00e9n existe la oportunidad de vincular su herramienta Formulario de suscripci\u00f3n con Mailchimp. Y aplicando una de las cuatro plantillas de dise\u00f1o predise\u00f1adas, crear\u00e1s la herramienta que funciona exactamente como necesitas. <\/p> <p><b>Muestre su formulario de suscripci\u00f3n al bolet\u00edn informativo al p\u00fablico objetivo en las p\u00e1ginas adecuadas de su sitio web y evite que abandonen su sitio. <\/b><\/p> <\/div> <div class=\"application-platform-content-item-features application-platform-content-item\" id=\"features\" data-nav-section=\"features\"> <h2>Estas son solo algunas de las m\u00faltiples funciones del widget: <\/h2> <ul><li>Agregue una secci\u00f3n principal con un t\u00edtulo atractivo. <\/li><li>Conecta el formulario con el servicio Mailchimp<\/li><li>Obt\u00e9n tu lista de correo electr\u00f3nico en formato CSV. <\/li><li>Campos de formulario personalizables. <\/li><li>4 dise\u00f1os entre los que puede seleccionar: panel, ventana emergente, incrustado y lateral. <\/li><\/ul><p><a href=\"#demo\">Explore todas las funciones de personalizaci\u00f3n en una demostraci\u00f3n completa<\/a><\/p> <\/div> <div class=\"application-platform-content-item-installation application-platform-content-item\" id=\"installation\" data-nav-section=\"installation\"> <h2>\u00bfC\u00f3mo puedo agregar un formulario de suscripci\u00f3n en mi sitio web iFrame? <\/h2> <p>Simplemente siga las pautas a continuaci\u00f3n para comenzar a trabajar con el widget. <\/p> <ol><li><b>Inicie nuestro editor gratuito y comience a crear su widget personalizado. <\/b><br> Especifique el dise\u00f1o seleccionado y la funcionalidad de la herramienta y aplique las ediciones. <\/li> <li><b>Adquiera el c\u00f3digo personal que aparece en el formulario especial en Elfsight Apps. <\/b><br> Inmediatamente despu\u00e9s de configurar su widget, copie el c\u00f3digo personal en la ventana emergente que aparece y gu\u00e1rdelo para usarlo m\u00e1s adelante. <\/li> <li><b>Comience a utilizar el widget en el sitio web iFrame. <\/b><br>Implemente el c\u00f3digo copiado anteriormente en su p\u00e1gina y guarde las modificaciones. <\/li> <li><b>\u00a1Ya terminaste! La configuraci\u00f3n se realiz\u00f3 con \u00e9xito. <\/b><br>Visita su p\u00e1gina para revisar el rendimiento de la herramienta. <\/li><\/ol> <p>Si tienes dudas o te encuentras con alguna dificultad, no dudes en dirigirte a nuestro equipo de atenci\u00f3n al cliente. Nuestros consultores est\u00e1n deseando ayudarte con todas las dudas que puedas tener con el complemento. <\/p> <div class=\"faq\" data-component=\"FAQ\"> <div class=\"faq-item\">\r\n\t\t\t\t\t<div class=\"faq-item-question\">\r\n\t\t\t\t\t\t<h3 class=\"faq-item-question-text\">\u00bfC\u00f3mo puedo agregar Form Builder a mi sitio web iFrame sin conocimientos de codificaci\u00f3n?<\/h3>\r\n\r\n\t\t\t\t\t\t<div class=\"faq-item-question-icon\"><\/div>\r\n\t\t\t\t\t<\/div>\r\n\r\n\t\t\t\t\t<div class=\"faq-item-answer\">\r\n\t\t\t\t\t\t<div class=\"faq-item-answer-text\"> <p>Elfsight proporciona una soluci\u00f3n SaaS que le permite crear un widget Form Builder usted mismo. Vea lo f\u00e1cil que es el proceso: trabaje directamente en el editor en l\u00ednea para crear un widget Form Builder que le gustar\u00eda ver en su sitio web iFrame. Elija una de las plantillas predise\u00f1adas y ajuste la configuraci\u00f3n del Creador de formularios, agregue su contenido, cambie el dise\u00f1o y los colores sin conocimientos de codificaci\u00f3n. Guarde Form Builder y copie su c\u00f3digo de instalaci\u00f3n, que puede incluir en su sitio web iFrame sin necesidad de comprar un plan pago. Con nuestro editor intuitivo, cualquier usuario de Internet puede crear un widget de Form Builder en l\u00ednea e incrustarlo f\u00e1cilmente en su sitio web iFrame. No es necesario pagar ni ingresar las credenciales de su tarjeta para acceder al servicio. Si tiene alg\u00fan problema en cualquier paso, no dude en ponerse en contacto con nuestro equipo de soporte t\u00e9cnico.<\/p> <\/div>\r\n\t\t\t\t\t<\/div>\r\n\t\t\t\t<\/div><div class=\"faq-item\">\r\n\t\t\t\t\t<div class=\"faq-item-question\">\r\n\t\t\t\t\t\t<h3 class=\"faq-item-question-text\">\u00bfTiene alguna plantilla de formulario de suscripci\u00f3n prefabricada para el sitio web iFrame?<\/h3>\r\n\r\n\t\t\t\t\t\t<div class=\"faq-item-question-icon\"><\/div>\r\n\t\t\t\t\t<\/div>\r\n\r\n\t\t\t\t\t<div class=\"faq-item-answer\">\r\n\t\t\t\t\t\t<div class=\"faq-item-answer-text\"><p>S\u00ed, Elfsight ofrece una biblioteca masiva de m\u00e1s de 300 plantillas para cualquier caso. Despl\u00e1cese por las <a href=\"https:\/\/elfsight.com\/online-form-builder\/templates\/subscription-forms\/\">plantillas de formularios de suscripci\u00f3n<\/a> y decida cu\u00e1l funciona mejor para usted.<\/p><\/div>\r\n\t\t\t\t\t<\/div>\r\n\t\t\t\t<\/div> <\/div> <\/div>","protected":false},"excerpt":{"rendered":"","protected":false},"author":9,"featured_media":0,"parent":2095,"menu_order":0,"comment_status":"closed","ping_status":"closed","template":"templates\/template-application-platform.php","meta":{"publish_to_discourse":"","publish_post_category":"","wpdc_auto_publish_overridden":"","wpdc_topic_tags":"","wpdc_pin_topic":"","wpdc_pin_until":"","discourse_post_id":"","discourse_permalink":"","wpdc_publishing_response":"","wpdc_publishing_error":"","footnotes":""},"class_list":["post-5690","page","type-page","status-publish","hentry"],"yoast_head":"<!-- This site is optimized with the Yoast SEO plugin v25.3.1 - https:\/\/yoast.com\/wordpress\/plugins\/seo\/ -->\n<title>Agregue el widget de formulario de suscripci\u00f3n al sitio web iFrame (r\u00e1pido y gratuito)<\/title>\n<meta name=\"description\" content=\"Integre el widget Formulario de suscripci\u00f3n iFrame a su sitio. Modifique todos los campos, seleccione uno de los cuatro dise\u00f1os ya preparados y mucho m\u00e1s.\" \/>\n<meta name=\"robots\" content=\"index, follow, max-snippet:-1, max-image-preview:large, max-video-preview:-1\" \/>\n<link rel=\"canonical\" href=\"https:\/\/elfsight.com\/es\/subscription-form-widget\/iframe\/\" \/>\n<meta property=\"og:locale\" content=\"es_ES\" \/>\n<meta property=\"og:type\" content=\"article\" \/>\n<meta property=\"og:title\" content=\"Agregue el widget de formulario de suscripci\u00f3n al sitio web iFrame (r\u00e1pido y gratuito)\" \/>\n<meta property=\"og:description\" content=\"Integre el widget Formulario de suscripci\u00f3n iFrame a su sitio. Modifique todos los campos, seleccione uno de los cuatro dise\u00f1os ya preparados y mucho m\u00e1s.\" \/>\n<meta property=\"og:url\" content=\"https:\/\/elfsight.com\/es\/subscription-form-widget\/iframe\/\" \/>\n<meta property=\"og:site_name\" content=\"Elfsight ES\" \/>\n<meta property=\"article:modified_time\" content=\"2025-02-06T16:12:22+00:00\" \/>\n<meta name=\"twitter:card\" content=\"summary_large_image\" \/>\n<meta name=\"twitter:label1\" content=\"Tiempo de lectura\" \/>\n\t<meta name=\"twitter:data1\" content=\"3 minutos\" \/>\n<!-- \/ Yoast SEO plugin. -->","yoast_head_json":{"title":"Agregue el widget de formulario de suscripci\u00f3n al sitio web iFrame (r\u00e1pido y gratuito)","description":"Integre el widget Formulario de suscripci\u00f3n iFrame a su sitio. Modifique todos los campos, seleccione uno de los cuatro dise\u00f1os ya preparados y mucho m\u00e1s.","robots":{"index":"index","follow":"follow","max-snippet":"max-snippet:-1","max-image-preview":"max-image-preview:large","max-video-preview":"max-video-preview:-1"},"canonical":"https:\/\/elfsight.com\/es\/subscription-form-widget\/iframe\/","og_locale":"es_ES","og_type":"article","og_title":"Agregue el widget de formulario de suscripci\u00f3n al sitio web iFrame (r\u00e1pido y gratuito)","og_description":"Integre el widget Formulario de suscripci\u00f3n iFrame a su sitio. Modifique todos los campos, seleccione uno de los cuatro dise\u00f1os ya preparados y mucho m\u00e1s.","og_url":"https:\/\/elfsight.com\/es\/subscription-form-widget\/iframe\/","og_site_name":"Elfsight ES","article_modified_time":"2025-02-06T16:12:22+00:00","twitter_card":"summary_large_image","twitter_misc":{"Tiempo de lectura":"3 minutos"},"schema":{"@context":"https:\/\/schema.org","@graph":[{"@type":"WebPage","@id":"https:\/\/elfsight.com\/es\/subscription-form-widget\/iframe\/","url":"https:\/\/elfsight.com\/es\/subscription-form-widget\/iframe\/","name":"Agregue el widget de formulario de suscripci\u00f3n al sitio web iFrame (r\u00e1pido y gratuito)","isPartOf":{"@id":"https:\/\/elfsight.com\/es\/#website"},"datePublished":"1970-01-01T00:00:00+00:00","dateModified":"2025-02-06T16:12:22+00:00","description":"Integre el widget Formulario de suscripci\u00f3n iFrame a su sitio. Modifique todos los campos, seleccione uno de los cuatro dise\u00f1os ya preparados y mucho m\u00e1s.","breadcrumb":{"@id":"https:\/\/elfsight.com\/es\/subscription-form-widget\/iframe\/#breadcrumb"},"inLanguage":"es","potentialAction":[{"@type":"ReadAction","target":["https:\/\/elfsight.com\/es\/subscription-form-widget\/iframe\/"]}]},{"@type":"BreadcrumbList","@id":"https:\/\/elfsight.com\/es\/subscription-form-widget\/iframe\/#breadcrumb","itemListElement":[{"@type":"ListItem","position":1,"name":"Home","item":"https:\/\/elfsight.com\/es\/"},{"@type":"ListItem","position":2,"name":"Subscription Form","item":"https:\/\/elfsight.com\/es\/subscription-form-widget\/"},{"@type":"ListItem","position":3,"name":"Subscription Form &#8211; iFrame"}]},{"@type":"WebSite","@id":"https:\/\/elfsight.com\/es\/#website","url":"https:\/\/elfsight.com\/es\/","name":"Elfsight ES","description":"Just another Elfsight Sites site","potentialAction":[{"@type":"SearchAction","target":{"@type":"EntryPoint","urlTemplate":"https:\/\/elfsight.com\/es\/?s={search_term_string}"},"query-input":{"@type":"PropertyValueSpecification","valueRequired":true,"valueName":"search_term_string"}}],"inLanguage":"es"}]}},"meta_box":{"industry":"","seo_heading":"","heading":"","description":"","cta_heading":"","cta_description":"","application":"2094","h1":"Widget de formulario de suscripci\u00f3n de iFrame","h1_caption":"Incruste un formulario de suscripci\u00f3n para recopilar correos electr\u00f3nicos y hacer crecer su lista de correo sin esfuerzo en su sitio web iFrame.","application_category":[],"applications_title":"","applications_request_title":"","applications_request_button_text":"","hero_text":"","hero_video":"","hero_video_schema_markup":"","selling_points_title":"","selling_points_caption":"","selling_points":[],"selling_points_cta_text":"","features_title":"","features":"","ed_cta_examples_text":"","ed_cta_examples_hidden":"","ed_cta_demo_text":"","ed_cta_demo_hidden":"","why_caption":"","why_editor_title":"","why_editor_text":"","why_team_title":"","why_team_text":"","why_service_title":"","why_service_text":"","template_catalog_visible":"","template_catalog_title":"","template_catalog_text":"","template_catalog_categories_visible":"","demo_title":"Crea tu widget de formulario de suscripci\u00f3n","demo_caption":"\u00a1Configure su formulario de suscripci\u00f3n y agr\u00e9guelo a su sitio web iFrame gratis!","default_faq_hidden":"","app_template_category":[],"platform":"2192","template_public_id":"","codecanyon_url":"","codecanyon_item_id":"","codecanyon_price":"","pricing_caption":"","pricing_elfsight_apps_hide_column":"","pricing_elfsight_apps_url":"","pricing_codecanyon_price_caption":"","integration_category":[],"integration_request_title":"","integration_request_cta":"","integration_platform":"","integrations":[],"platform_category":[],"video_schema_markup":"","price":"desde $0 \/ mes","trial":"","benefits":[{"text":"Ayuda de instalaci\u00f3n gratuita"},{"text":"Atenci\u00f3n al cliente experimentada"},{"text":"Garant\u00eda de devoluci\u00f3n de dinero de 14 d\u00edas"},{"text":"Desarrollo continuo"}],"button_url":"#demo","button_target_blank":"","button_nofollow":"","attributes":[{"name":"Instalaciones","content":"10,000 - 100,000"},{"name":"Sensible","content":"S\u00ed"},{"name":"Navegadores compatibles","content":"Firefox, Safari, Opera, Chrome, Edge"}],"tags":[],"tags_disable_links":"","hide_more_platforms":"","video_object":"","demo_hide_cta":"","demo_hide_cloud_options":"","pricing_title":"","pricing":[{"pricing_icon":"platform","pricing_title":"Elfsight Apps","pricing_title_caption":"Soluci\u00f3n digital multiplataforma que se adapta a cualquier sitio web","pricing_price":"desde $0 \/ mes","pricing_price_caption":"comienza con un plan gratuito","pricing_benefits":[{"text":"Sitios web ilimitados"},{"text":"Soporte dedicado y bien documentado."},{"text":"Asistencia de instalaci\u00f3n gratuita"},{"text":"Dise\u00f1o flexible"}],"pricing_button_text":"A\u00f1adir al sitio web","pricing_button_url":"#demo"}],"related_apps_title":"","related_apps_hidden":"","author":"","image":[],"title":"","job":"","social_networks":[]},"_links":{"self":[{"href":"https:\/\/elfsight.com\/es\/wp-json\/wp\/v2\/pages\/5690","targetHints":{"allow":["GET"]}}],"collection":[{"href":"https:\/\/elfsight.com\/es\/wp-json\/wp\/v2\/pages"}],"about":[{"href":"https:\/\/elfsight.com\/es\/wp-json\/wp\/v2\/types\/page"}],"author":[{"embeddable":true,"href":"https:\/\/elfsight.com\/es\/wp-json\/wp\/v2\/users\/9"}],"replies":[{"embeddable":true,"href":"https:\/\/elfsight.com\/es\/wp-json\/wp\/v2\/comments?post=5690"}],"version-history":[{"count":2,"href":"https:\/\/elfsight.com\/es\/wp-json\/wp\/v2\/pages\/5690\/revisions"}],"predecessor-version":[{"id":19367,"href":"https:\/\/elfsight.com\/es\/wp-json\/wp\/v2\/pages\/5690\/revisions\/19367"}],"up":[{"embeddable":true,"href":"https:\/\/elfsight.com\/es\/wp-json\/wp\/v2\/pages\/2095"}],"wp:attachment":[{"href":"https:\/\/elfsight.com\/es\/wp-json\/wp\/v2\/media?parent=5690"}],"curies":[{"name":"wp","href":"https:\/\/api.w.org\/{rel}","templated":true}]}}