{"id":5685,"date":"1970-01-01T00:00:00","date_gmt":"1970-01-01T00:00:00","guid":{"rendered":"https:\/\/elfsight.com\/es\/?page_id=5685"},"modified":"2025-02-06T16:12:22","modified_gmt":"2025-02-06T16:12:22","slug":"html","status":"publish","type":"page","link":"https:\/\/elfsight.com\/es\/subscription-form-widget\/html\/","title":{"rendered":"Subscription Form &#8211; HTML"},"content":{"rendered":"<div class=\"application-platform-content-item-description application-platform-content-item\" id=\"description\" data-nav-section=\"description\"> <h2>Descripci\u00f3n<\/h2> <p>El formulario de suscripci\u00f3n para HTML es un poderoso widget que le permite obtener correos electr\u00f3nicos. La herramienta le brinda una opci\u00f3n no solo para hacer crecer su lista de correo electr\u00f3nico, sino tambi\u00e9n para hacerlo c\u00f3modamente: puede agregar el encabezado con un t\u00edtulo informativo, solicitar el nombre de la direcci\u00f3n de correo electr\u00f3nico o mantenerlo simple y conservar solo un campo de correo electr\u00f3nico y adjuntar una etiqueta explicativa y un marcador de posici\u00f3n. Tambi\u00e9n tienes la oportunidad de conectar tu herramienta Formulario de suscripci\u00f3n con el servicio Mailchimp. Y con la ayuda de uno de los 4 dise\u00f1os predise\u00f1ados, crear\u00e1s el widget que funcione solo para ti. <\/p> <p><b>\u00a1Muestre sus formularios de suscripci\u00f3n al p\u00fablico objetivo en las p\u00e1ginas correctas de su sitio web y evite que abandonen su sitio! <\/b><\/p> <\/div> <div class=\"application-platform-content-item-features application-platform-content-item\" id=\"features\" data-nav-section=\"features\"> <h2>Las caracter\u00edsticas fundamentales del widget ofrecen<\/h2> <ul><li>Adjunte un encabezado con un t\u00edtulo informativo. <\/li><li>Integra tu formulario de suscripci\u00f3n con Mailchimp <\/li><li>Descarga tu lista de correo electr\u00f3nico en formato CSV. <\/li><li>Piezas maleables. <\/li><li>4 plantillas de dise\u00f1o para que elijas: ventana emergente, incrustada, lateral y panel. <\/li><\/ul><p><a href=\"#demo\">Pruebe todas las configuraciones en una demostraci\u00f3n con todas las funciones<\/a><\/p> <\/div> <div class=\"application-platform-content-item-installation application-platform-content-item\" id=\"installation\" data-nav-section=\"installation\"> <h2>\u00bfC\u00f3mo puedo incrustar el formulario de suscripci\u00f3n en mi sitio HTML? <\/h2> <p>Simplemente siga las pautas a continuaci\u00f3n para comenzar a trabajar con la herramienta. <\/p> <ol><li><b>Emplea nuestro editor gratuito y comienza a crear tu widget personalizado. <\/b><br>Elige la interfaz seleccionada y las caracter\u00edsticas de la herramienta y aplica las modificaciones. <\/li> <li><b>Obtenga su c\u00f3digo individual que aparece en el cuadro de Elfsight Apps. <\/b><br> Una vez completado el establecimiento de su widget personal, copie el c\u00f3digo exclusivo en la ventana emergente que aparece y gu\u00e1rdelo para su uso posterior. <\/li> <li><b>Inicie la aplicaci\u00f3n del widget en su sitio HTML. <\/b><br>Incruste el c\u00f3digo copiado anteriormente en su sitio web y guarde las ediciones. <\/li> <li><b>La configuraci\u00f3n se realiz\u00f3 exitosamente. <\/b><br>Vaya a su p\u00e1gina para revisar el rendimiento del complemento. <\/li><\/ol> <p>En caso de que encuentre alg\u00fan problema, comun\u00edquese con nuestro personal de soporte. Nuestros especialistas estar\u00e1n encantados de ayudarle con todas las dificultades que pueda tener con el producto. <\/p> <div class=\"faq\" data-component=\"FAQ\"> <div class=\"faq-item\">\r\n\t\t\t\t\t<div class=\"faq-item-question\">\r\n\t\t\t\t\t\t<h3 class=\"faq-item-question-text\">\u00bfC\u00f3mo agregar Form Builder a mi sitio web HTML sin conocimientos de codificaci\u00f3n?<\/h3>\r\n\r\n\t\t\t\t\t\t<div class=\"faq-item-question-icon\"><\/div>\r\n\t\t\t\t\t<\/div>\r\n\r\n\t\t\t\t\t<div class=\"faq-item-answer\">\r\n\t\t\t\t\t\t<div class=\"faq-item-answer-text\"> <p>Elfsight proporciona una soluci\u00f3n SaaS que le permite crear un widget de Form Builder usted mismo. Vea lo f\u00e1cil que es el proceso: trabaje directamente en el editor en l\u00ednea para crear un widget de Form Builder que le gustar\u00eda ver en su sitio web HTML. Elija una de las plantillas predise\u00f1adas y ajuste la configuraci\u00f3n del Creador de formularios, agregue su contenido, cambie el dise\u00f1o y la combinaci\u00f3n de colores sin conocimientos de codificaci\u00f3n. Guarde Form Builder y copie su c\u00f3digo de instalaci\u00f3n, que puede incluir en su sitio web HTML sin comprar una suscripci\u00f3n paga. Con nuestro editor intuitivo, cualquier usuario de Internet puede crear un widget de Form Builder en l\u00ednea e incrustarlo f\u00e1cilmente en su sitio web HTML. No es necesario pagar ni ingresar las credenciales de su tarjeta para acceder al servicio. Si tiene alg\u00fan problema en alg\u00fan paso, no dude en ponerse en contacto con nuestro equipo de soporte t\u00e9cnico.<\/p> <\/div>\r\n\t\t\t\t\t<\/div>\r\n\t\t\t\t<\/div><div class=\"faq-item\">\r\n\t\t\t\t\t<div class=\"faq-item-question\">\r\n\t\t\t\t\t\t<h3 class=\"faq-item-question-text\">\u00bfHay alguna plantilla de formulario de suscripci\u00f3n para usar en el sitio web HTML?<\/h3>\r\n\r\n\t\t\t\t\t\t<div class=\"faq-item-question-icon\"><\/div>\r\n\t\t\t\t\t<\/div>\r\n\r\n\t\t\t\t\t<div class=\"faq-item-answer\">\r\n\t\t\t\t\t\t<div class=\"faq-item-answer-text\"><p>\u00a1S\u00ed, claro! Elfsight reuni\u00f3 una amplia selecci\u00f3n de m\u00e1s de 300 plantillas predise\u00f1adas. Consulte las <a href=\"https:\/\/elfsight.com\/online-form-builder\/templates\/subscription-forms\/\">plantillas de formularios de suscripci\u00f3n<\/a> para encontrar la mejor opci\u00f3n para su sitio web.<\/p><\/div>\r\n\t\t\t\t\t<\/div>\r\n\t\t\t\t<\/div> <\/div> <\/div>","protected":false},"excerpt":{"rendered":"","protected":false},"author":9,"featured_media":0,"parent":2095,"menu_order":0,"comment_status":"closed","ping_status":"closed","template":"templates\/template-application-platform.php","meta":{"publish_to_discourse":"","publish_post_category":"","wpdc_auto_publish_overridden":"","wpdc_topic_tags":"","wpdc_pin_topic":"","wpdc_pin_until":"","discourse_post_id":"","discourse_permalink":"","wpdc_publishing_response":"","wpdc_publishing_error":"","footnotes":""},"class_list":["post-5685","page","type-page","status-publish","hentry"],"yoast_head":"<!-- This site is optimized with the Yoast SEO plugin v25.3.1 - https:\/\/yoast.com\/wordpress\/plugins\/seo\/ -->\n<title>Agregue el widget Formulario de suscripci\u00f3n al sitio web HTML (r\u00e1pido y gratuito)<\/title>\n<meta name=\"description\" content=\"Incorpore una extensi\u00f3n de formulario de suscripci\u00f3n HTML responsiva en su sitio. \u00a1Ajusta todos los campos, elige una de las 4 plantillas de dise\u00f1o listas para usar y m\u00e1s!\" \/>\n<meta name=\"robots\" content=\"index, follow, max-snippet:-1, max-image-preview:large, max-video-preview:-1\" \/>\n<link rel=\"canonical\" href=\"https:\/\/elfsight.com\/es\/subscription-form-widget\/html\/\" \/>\n<meta property=\"og:locale\" content=\"es_ES\" \/>\n<meta property=\"og:type\" content=\"article\" \/>\n<meta property=\"og:title\" content=\"Agregue el widget Formulario de suscripci\u00f3n al sitio web HTML (r\u00e1pido y gratuito)\" \/>\n<meta property=\"og:description\" content=\"Incorpore una extensi\u00f3n de formulario de suscripci\u00f3n HTML responsiva en su sitio. \u00a1Ajusta todos los campos, elige una de las 4 plantillas de dise\u00f1o listas para usar y m\u00e1s!\" \/>\n<meta property=\"og:url\" content=\"https:\/\/elfsight.com\/es\/subscription-form-widget\/html\/\" \/>\n<meta property=\"og:site_name\" content=\"Elfsight ES\" \/>\n<meta property=\"article:modified_time\" content=\"2025-02-06T16:12:22+00:00\" \/>\n<meta name=\"twitter:card\" content=\"summary_large_image\" \/>\n<meta name=\"twitter:label1\" content=\"Tiempo de lectura\" \/>\n\t<meta name=\"twitter:data1\" content=\"3 minutos\" \/>\n<!-- \/ Yoast SEO plugin. -->","yoast_head_json":{"title":"Agregue el widget Formulario de suscripci\u00f3n al sitio web HTML (r\u00e1pido y gratuito)","description":"Incorpore una extensi\u00f3n de formulario de suscripci\u00f3n HTML responsiva en su sitio. \u00a1Ajusta todos los campos, elige una de las 4 plantillas de dise\u00f1o listas para usar y m\u00e1s!","robots":{"index":"index","follow":"follow","max-snippet":"max-snippet:-1","max-image-preview":"max-image-preview:large","max-video-preview":"max-video-preview:-1"},"canonical":"https:\/\/elfsight.com\/es\/subscription-form-widget\/html\/","og_locale":"es_ES","og_type":"article","og_title":"Agregue el widget Formulario de suscripci\u00f3n al sitio web HTML (r\u00e1pido y gratuito)","og_description":"Incorpore una extensi\u00f3n de formulario de suscripci\u00f3n HTML responsiva en su sitio. \u00a1Ajusta todos los campos, elige una de las 4 plantillas de dise\u00f1o listas para usar y m\u00e1s!","og_url":"https:\/\/elfsight.com\/es\/subscription-form-widget\/html\/","og_site_name":"Elfsight ES","article_modified_time":"2025-02-06T16:12:22+00:00","twitter_card":"summary_large_image","twitter_misc":{"Tiempo de lectura":"3 minutos"},"schema":{"@context":"https:\/\/schema.org","@graph":[{"@type":"WebPage","@id":"https:\/\/elfsight.com\/es\/subscription-form-widget\/html\/","url":"https:\/\/elfsight.com\/es\/subscription-form-widget\/html\/","name":"Agregue el widget Formulario de suscripci\u00f3n al sitio web HTML (r\u00e1pido y gratuito)","isPartOf":{"@id":"https:\/\/elfsight.com\/es\/#website"},"datePublished":"1970-01-01T00:00:00+00:00","dateModified":"2025-02-06T16:12:22+00:00","description":"Incorpore una extensi\u00f3n de formulario de suscripci\u00f3n HTML responsiva en su sitio. \u00a1Ajusta todos los campos, elige una de las 4 plantillas de dise\u00f1o listas para usar y m\u00e1s!","breadcrumb":{"@id":"https:\/\/elfsight.com\/es\/subscription-form-widget\/html\/#breadcrumb"},"inLanguage":"es","potentialAction":[{"@type":"ReadAction","target":["https:\/\/elfsight.com\/es\/subscription-form-widget\/html\/"]}]},{"@type":"BreadcrumbList","@id":"https:\/\/elfsight.com\/es\/subscription-form-widget\/html\/#breadcrumb","itemListElement":[{"@type":"ListItem","position":1,"name":"Home","item":"https:\/\/elfsight.com\/es\/"},{"@type":"ListItem","position":2,"name":"Subscription Form","item":"https:\/\/elfsight.com\/es\/subscription-form-widget\/"},{"@type":"ListItem","position":3,"name":"Subscription Form &#8211; HTML"}]},{"@type":"WebSite","@id":"https:\/\/elfsight.com\/es\/#website","url":"https:\/\/elfsight.com\/es\/","name":"Elfsight ES","description":"Just another Elfsight Sites site","potentialAction":[{"@type":"SearchAction","target":{"@type":"EntryPoint","urlTemplate":"https:\/\/elfsight.com\/es\/?s={search_term_string}"},"query-input":{"@type":"PropertyValueSpecification","valueRequired":true,"valueName":"search_term_string"}}],"inLanguage":"es"}]}},"meta_box":{"industry":"","seo_heading":"","heading":"","description":"","cta_heading":"","cta_description":"","application":"2094","h1":"Widget de formulario de suscripci\u00f3n HTML","h1_caption":"Incruste un formulario de suscripci\u00f3n para recopilar correos electr\u00f3nicos y hacer crecer su lista de correo sin esfuerzo en su sitio web HTML.","application_category":[],"applications_title":"","applications_request_title":"","applications_request_button_text":"","hero_text":"","hero_video":"","hero_video_schema_markup":"","selling_points_title":"","selling_points_caption":"","selling_points":[],"selling_points_cta_text":"","features_title":"","features":"","ed_cta_examples_text":"","ed_cta_examples_hidden":"","ed_cta_demo_text":"","ed_cta_demo_hidden":"","why_caption":"","why_editor_title":"","why_editor_text":"","why_team_title":"","why_team_text":"","why_service_title":"","why_service_text":"","template_catalog_visible":"","template_catalog_title":"","template_catalog_text":"","template_catalog_categories_visible":"","demo_title":"Crea tu widget de formulario de suscripci\u00f3n","demo_caption":"\u00a1Configure su formulario de suscripci\u00f3n y agr\u00e9guelo a su sitio web HTML de forma gratuita!","default_faq_hidden":"","app_template_category":[],"platform":"70","template_public_id":"","codecanyon_url":"","codecanyon_item_id":"","codecanyon_price":"","pricing_caption":"","pricing_elfsight_apps_hide_column":"","pricing_elfsight_apps_url":"","pricing_codecanyon_price_caption":"","integration_category":[],"integration_request_title":"","integration_request_cta":"","integration_platform":"","integrations":[],"platform_category":[],"video_schema_markup":"","price":"desde $0 \/ mes","trial":"","benefits":[{"text":"Asistencia de instalaci\u00f3n gratuita"},{"text":"Soporte excepcional"},{"text":"Garant\u00eda de devoluci\u00f3n de dinero de 14 d\u00edas"},{"text":"Mejoras continuas"}],"button_url":"#demo","button_target_blank":"","button_nofollow":"","attributes":[{"name":"Instalaciones","content":"10,000 - 100,000"},{"name":"Sensible","content":"S\u00ed"},{"name":"Navegadores compatibles","content":"Firefox, Safari, Opera, Chrome, Edge"}],"tags":[],"tags_disable_links":"","hide_more_platforms":"","video_object":"","demo_hide_cta":"","demo_hide_cloud_options":"","pricing_title":"","pricing":[{"pricing_icon":"platform","pricing_title":"Elfsight Apps","pricing_title_caption":"Soluci\u00f3n multiplataforma","pricing_price":"desde $0 \/ mes","pricing_price_caption":"comienza con un plan gratuito","pricing_benefits":[{"text":"Sitios web ilimitados"},{"text":"Atenci\u00f3n al cliente r\u00e1pida y bien documentada."},{"text":"Asistencia de instalaci\u00f3n gratuita"},{"text":"100% personalizable"}],"pricing_button_text":"A\u00f1adir al sitio web","pricing_button_url":"#demo"}],"related_apps_title":"","related_apps_hidden":"","author":"","image":[],"title":"","job":"","social_networks":[]},"_links":{"self":[{"href":"https:\/\/elfsight.com\/es\/wp-json\/wp\/v2\/pages\/5685","targetHints":{"allow":["GET"]}}],"collection":[{"href":"https:\/\/elfsight.com\/es\/wp-json\/wp\/v2\/pages"}],"about":[{"href":"https:\/\/elfsight.com\/es\/wp-json\/wp\/v2\/types\/page"}],"author":[{"embeddable":true,"href":"https:\/\/elfsight.com\/es\/wp-json\/wp\/v2\/users\/9"}],"replies":[{"embeddable":true,"href":"https:\/\/elfsight.com\/es\/wp-json\/wp\/v2\/comments?post=5685"}],"version-history":[{"count":2,"href":"https:\/\/elfsight.com\/es\/wp-json\/wp\/v2\/pages\/5685\/revisions"}],"predecessor-version":[{"id":19368,"href":"https:\/\/elfsight.com\/es\/wp-json\/wp\/v2\/pages\/5685\/revisions\/19368"}],"up":[{"embeddable":true,"href":"https:\/\/elfsight.com\/es\/wp-json\/wp\/v2\/pages\/2095"}],"wp:attachment":[{"href":"https:\/\/elfsight.com\/es\/wp-json\/wp\/v2\/media?parent=5685"}],"curies":[{"name":"wp","href":"https:\/\/api.w.org\/{rel}","templated":true}]}}