{"id":5676,"date":"1970-01-01T00:00:00","date_gmt":"1970-01-01T00:00:00","guid":{"rendered":"https:\/\/elfsight.com\/es\/?page_id=5676"},"modified":"2025-02-06T16:12:30","modified_gmt":"2025-02-06T16:12:30","slug":"drupal","status":"publish","type":"page","link":"https:\/\/elfsight.com\/es\/subscription-form-widget\/drupal\/","title":{"rendered":"Subscription Form &#8211; Drupal"},"content":{"rendered":"<div class=\"application-platform-content-item-description application-platform-content-item\" id=\"description\" data-nav-section=\"description\"> <h2>Descripci\u00f3n<\/h2> <p>El formulario de suscripci\u00f3n de Elfsight para Drupal es un m\u00f3dulo \u00fatil que le brinda la posibilidad de recibir correos electr\u00f3nicos. La aplicaci\u00f3n le brinda la opci\u00f3n no solo de crear su lista de correo electr\u00f3nico, sino tambi\u00e9n de hacerlo de manera eficiente: puede agregar la secci\u00f3n de encabezado con t\u00edtulo al formulario, solicitar el nombre de correo electr\u00f3nico o hacerlo simple y dejar solo un campo de correo electr\u00f3nico all\u00ed y adjuntar una etiqueta explicativa y un marcador de posici\u00f3n. Tambi\u00e9n tiene la opci\u00f3n de vincular su widget de formulario de suscripci\u00f3n con el servicio Mailchimp. Y utilizando una de las 4 plantillas de dise\u00f1o listas para usar, podr\u00e1s dise\u00f1ar la herramienta que funcione exactamente como necesitas. <\/p> <p><b>Muestre sus formularios de suscripci\u00f3n al bolet\u00edn informativo al p\u00fablico objetivo en las p\u00e1ginas correctas de su sitio web y evite que abandonen su sitio. <\/b><\/p> <\/div> <div class=\"application-platform-content-item-features application-platform-content-item\" id=\"features\" data-nav-section=\"features\"> <h2>Ver la lista de las caracter\u00edsticas m\u00e1s importantes: <\/h2> <ul><li>Adjunte un encabezado con un t\u00edtulo informativo. <\/li><li>Integra tu formulario de suscripci\u00f3n con el servicio Mailchimp<\/li><li>Obt\u00e9n tu base de datos de correo electr\u00f3nico en formato CSV. <\/li><li>Campos de formulario personalizables. <\/li><li>4 dise\u00f1os para elegir: ventana emergente, panel, incrustado, lateral. <\/li><\/ul><p><a href=\"#demo\">Puedes explorar todas las capacidades del m\u00f3dulo en la demostraci\u00f3n <\/a><\/p> <\/div> <div class=\"application-platform-content-item-installation application-platform-content-item\" id=\"installation\" data-nav-section=\"installation\"> <h2>\u00bfC\u00f3mo agrego un formulario de suscripci\u00f3n en mi sitio web Drupal? <\/h2> <p>Simplemente siga un par de pasos que se detallan a continuaci\u00f3n para activar el m\u00f3dulo. <\/p> <ol><li><b>Utilice nuestra demostraci\u00f3n gratuita y comience a darle forma a su m\u00f3dulo personalizado. <\/b><br> Encuentre el dise\u00f1o y la funcionalidad preferibles de la herramienta y guarde las correcciones. <\/li> <li><b>Obtenga su c\u00f3digo \u00fanico que se muestra en la ventana de Elfsight Apps. <\/b><br> Una vez completada la personalizaci\u00f3n de su m\u00f3dulo personal, copie el c\u00f3digo exclusivo en la ventana emergente que aparece y gu\u00e1rdelo para ocasiones posteriores. <\/li> <li><b>Comience a utilizar el widget en su sitio web Drupal. <\/b><br> Inserta el c\u00f3digo guardado anteriormente en tu sitio web y aplica las correcciones. <\/li> <li><b>\u00a1Ya terminaste! La integraci\u00f3n est\u00e1 plenamente lograda. <\/b><br>Vaya a su p\u00e1gina para ver el funcionamiento del m\u00f3dulo. <\/li><\/ol> <p>Si tiene alguna complicaci\u00f3n, comun\u00edquese con nuestro equipo de soporte. Nuestra gente est\u00e1 ansiosa por ayudarlo con todas las dificultades que pueda tener con el complemento. <\/p> <div class=\"faq\" data-component=\"FAQ\"> <div class=\"faq-item\">\r\n\t\t\t\t\t<div class=\"faq-item-question\">\r\n\t\t\t\t\t\t<h3 class=\"faq-item-question-text\">\u00bfC\u00f3mo puedo agregar Form Builder a mi sitio web Drupal sin conocimientos de codificaci\u00f3n?<\/h3>\r\n\r\n\t\t\t\t\t\t<div class=\"faq-item-question-icon\"><\/div>\r\n\t\t\t\t\t<\/div>\r\n\r\n\t\t\t\t\t<div class=\"faq-item-answer\">\r\n\t\t\t\t\t\t<div class=\"faq-item-answer-text\"> <p>Elfsight proporciona una soluci\u00f3n SaaS que le permite crear un widget Form Builder usted mismo. Vea lo f\u00e1cil que es el proceso: trabaje directamente en el editor en l\u00ednea para crear un widget Form Builder que le gustar\u00eda ver en su sitio web Drupal. Elija una de las plantillas predise\u00f1adas y ajuste la configuraci\u00f3n del Creador de formularios, agregue su contenido, cambie el dise\u00f1o y la combinaci\u00f3n de colores sin conocimientos de codificaci\u00f3n. Guarda el Form Builder y copia su c\u00f3digo de instalaci\u00f3n, que puedes incluir en tu sitio web Drupal sin necesidad de comprar una versi\u00f3n paga. Con nuestro editor intuitivo, cualquier usuario de Internet puede crear un widget de Form Builder en l\u00ednea e incrustarlo f\u00e1cilmente en su sitio web Drupal. No es necesario pagar ni ingresar las credenciales de su tarjeta para acceder al servicio. Si tiene alg\u00fan problema en cualquier paso, no dude en ponerse en contacto con nuestro equipo de soporte t\u00e9cnico.<\/p> <\/div>\r\n\t\t\t\t\t<\/div>\r\n\t\t\t\t<\/div> <div class=\"faq-item\">\r\n\t\t\t\t\t<div class=\"faq-item-question\">\r\n\t\t\t\t\t\t<h3 class=\"faq-item-question-text\">\u00bfTiene alguna plantilla de formulario de suscripci\u00f3n prefabricada para el sitio web de Drupal?<\/h3>\r\n\r\n\t\t\t\t\t\t<div class=\"faq-item-question-icon\"><\/div>\r\n\t\t\t\t\t<\/div>\r\n\r\n\t\t\t\t\t<div class=\"faq-item-answer\">\r\n\t\t\t\t\t\t<div class=\"faq-item-answer-text\"><p>S\u00ed, Elfsight ofrece una biblioteca masiva de m\u00e1s de 300 plantillas para cualquier caso. Despl\u00e1cese por las <a href=\"https:\/\/elfsight.com\/online-form-builder\/templates\/subscription-forms\/\">plantillas de formularios de suscripci\u00f3n<\/a> y decida cu\u00e1l funciona mejor para usted.<\/p><\/div>\r\n\t\t\t\t\t<\/div>\r\n\t\t\t\t<\/div><\/div> <\/div>","protected":false},"excerpt":{"rendered":"","protected":false},"author":9,"featured_media":0,"parent":2095,"menu_order":0,"comment_status":"closed","ping_status":"closed","template":"templates\/template-application-platform.php","meta":{"publish_to_discourse":"","publish_post_category":"","wpdc_auto_publish_overridden":"","wpdc_topic_tags":"","wpdc_pin_topic":"","wpdc_pin_until":"","discourse_post_id":"","discourse_permalink":"","wpdc_publishing_response":"","wpdc_publishing_error":"","footnotes":""},"class_list":["post-5676","page","type-page","status-publish","hentry"],"yoast_head":"<!-- This site is optimized with the Yoast SEO plugin v25.3.1 - https:\/\/yoast.com\/wordpress\/plugins\/seo\/ -->\n<title>Agregue el m\u00f3dulo Formulario de suscripci\u00f3n al sitio web de Drupal (r\u00e1pido y gratuito)<\/title>\n<meta name=\"description\" content=\"Integre un m\u00f3dulo de formulario de suscripci\u00f3n Drupal responsivo a su sitio. Ajuste todos los campos, elija uno de los cuatro dise\u00f1os predise\u00f1ados y mucho m\u00e1s.\" \/>\n<meta name=\"robots\" content=\"index, follow, max-snippet:-1, max-image-preview:large, max-video-preview:-1\" \/>\n<link rel=\"canonical\" href=\"https:\/\/elfsight.com\/es\/subscription-form-widget\/drupal\/\" \/>\n<meta property=\"og:locale\" content=\"es_ES\" \/>\n<meta property=\"og:type\" content=\"article\" \/>\n<meta property=\"og:title\" content=\"Agregue el m\u00f3dulo Formulario de suscripci\u00f3n al sitio web de Drupal (r\u00e1pido y gratuito)\" \/>\n<meta property=\"og:description\" content=\"Integre un m\u00f3dulo de formulario de suscripci\u00f3n Drupal responsivo a su sitio. Ajuste todos los campos, elija uno de los cuatro dise\u00f1os predise\u00f1ados y mucho m\u00e1s.\" \/>\n<meta property=\"og:url\" content=\"https:\/\/elfsight.com\/es\/subscription-form-widget\/drupal\/\" \/>\n<meta property=\"og:site_name\" content=\"Elfsight ES\" \/>\n<meta property=\"article:modified_time\" content=\"2025-02-06T16:12:30+00:00\" \/>\n<meta name=\"twitter:card\" content=\"summary_large_image\" \/>\n<meta name=\"twitter:label1\" content=\"Tiempo de lectura\" \/>\n\t<meta name=\"twitter:data1\" content=\"3 minutos\" \/>\n<!-- \/ Yoast SEO plugin. -->","yoast_head_json":{"title":"Agregue el m\u00f3dulo Formulario de suscripci\u00f3n al sitio web de Drupal (r\u00e1pido y gratuito)","description":"Integre un m\u00f3dulo de formulario de suscripci\u00f3n Drupal responsivo a su sitio. Ajuste todos los campos, elija uno de los cuatro dise\u00f1os predise\u00f1ados y mucho m\u00e1s.","robots":{"index":"index","follow":"follow","max-snippet":"max-snippet:-1","max-image-preview":"max-image-preview:large","max-video-preview":"max-video-preview:-1"},"canonical":"https:\/\/elfsight.com\/es\/subscription-form-widget\/drupal\/","og_locale":"es_ES","og_type":"article","og_title":"Agregue el m\u00f3dulo Formulario de suscripci\u00f3n al sitio web de Drupal (r\u00e1pido y gratuito)","og_description":"Integre un m\u00f3dulo de formulario de suscripci\u00f3n Drupal responsivo a su sitio. Ajuste todos los campos, elija uno de los cuatro dise\u00f1os predise\u00f1ados y mucho m\u00e1s.","og_url":"https:\/\/elfsight.com\/es\/subscription-form-widget\/drupal\/","og_site_name":"Elfsight ES","article_modified_time":"2025-02-06T16:12:30+00:00","twitter_card":"summary_large_image","twitter_misc":{"Tiempo de lectura":"3 minutos"},"schema":{"@context":"https:\/\/schema.org","@graph":[{"@type":"WebPage","@id":"https:\/\/elfsight.com\/es\/subscription-form-widget\/drupal\/","url":"https:\/\/elfsight.com\/es\/subscription-form-widget\/drupal\/","name":"Agregue el m\u00f3dulo Formulario de suscripci\u00f3n al sitio web de Drupal (r\u00e1pido y gratuito)","isPartOf":{"@id":"https:\/\/elfsight.com\/es\/#website"},"datePublished":"1970-01-01T00:00:00+00:00","dateModified":"2025-02-06T16:12:30+00:00","description":"Integre un m\u00f3dulo de formulario de suscripci\u00f3n Drupal responsivo a su sitio. Ajuste todos los campos, elija uno de los cuatro dise\u00f1os predise\u00f1ados y mucho m\u00e1s.","breadcrumb":{"@id":"https:\/\/elfsight.com\/es\/subscription-form-widget\/drupal\/#breadcrumb"},"inLanguage":"es","potentialAction":[{"@type":"ReadAction","target":["https:\/\/elfsight.com\/es\/subscription-form-widget\/drupal\/"]}]},{"@type":"BreadcrumbList","@id":"https:\/\/elfsight.com\/es\/subscription-form-widget\/drupal\/#breadcrumb","itemListElement":[{"@type":"ListItem","position":1,"name":"Home","item":"https:\/\/elfsight.com\/es\/"},{"@type":"ListItem","position":2,"name":"Subscription Form","item":"https:\/\/elfsight.com\/es\/subscription-form-widget\/"},{"@type":"ListItem","position":3,"name":"Subscription Form &#8211; Drupal"}]},{"@type":"WebSite","@id":"https:\/\/elfsight.com\/es\/#website","url":"https:\/\/elfsight.com\/es\/","name":"Elfsight ES","description":"Just another Elfsight Sites site","potentialAction":[{"@type":"SearchAction","target":{"@type":"EntryPoint","urlTemplate":"https:\/\/elfsight.com\/es\/?s={search_term_string}"},"query-input":{"@type":"PropertyValueSpecification","valueRequired":true,"valueName":"search_term_string"}}],"inLanguage":"es"}]}},"meta_box":{"industry":"","seo_heading":"","heading":"","description":"","cta_heading":"","cta_description":"","application":"2094","h1":"M\u00f3dulo de formulario de suscripci\u00f3n de Drupal","h1_caption":"Incruste un formulario de suscripci\u00f3n para recopilar correos electr\u00f3nicos y hacer crecer su lista de correo sin esfuerzo en su sitio web Drupal.","application_category":[],"applications_title":"","applications_request_title":"","applications_request_button_text":"","hero_text":"","hero_video":"","hero_video_schema_markup":"","selling_points_title":"","selling_points_caption":"","selling_points":[],"selling_points_cta_text":"","features_title":"","features":"","ed_cta_examples_text":"","ed_cta_examples_hidden":"","ed_cta_demo_text":"","ed_cta_demo_hidden":"","why_caption":"","why_editor_title":"","why_editor_text":"","why_team_title":"","why_team_text":"","why_service_title":"","why_service_text":"","template_catalog_visible":"","template_catalog_title":"","template_catalog_text":"","template_catalog_categories_visible":"","demo_title":"Crea tu m\u00f3dulo de Formulario de Suscripci\u00f3n","demo_caption":"\u00a1Configure su formulario de suscripci\u00f3n y agr\u00e9guelo a su sitio web Drupal gratis!","default_faq_hidden":"","app_template_category":[],"platform":"2161","template_public_id":"","codecanyon_url":"","codecanyon_item_id":"","codecanyon_price":"","pricing_caption":"","pricing_elfsight_apps_hide_column":"","pricing_elfsight_apps_url":"","pricing_codecanyon_price_caption":"","integration_category":[],"integration_request_title":"","integration_request_cta":"","integration_platform":"","integrations":[],"platform_category":[],"video_schema_markup":"","price":"desde $0 \/ mes","trial":"","benefits":[{"text":"Asistencia de instalaci\u00f3n gratuita"},{"text":"Soporte premium"},{"text":"Garant\u00eda de devoluci\u00f3n de dinero de 14 d\u00edas"},{"text":"Desarrollo continuo"}],"button_url":"#demo","button_target_blank":"","button_nofollow":"","attributes":[{"name":"Instalaciones","content":"10,000 - 100,000"},{"name":"Sensible","content":"S\u00ed"},{"name":"Navegadores compatibles","content":"Firefox, Safari, Opera, Chrome, Edge"}],"tags":[],"tags_disable_links":"","hide_more_platforms":"","video_object":"","demo_hide_cta":"","demo_hide_cloud_options":"","pricing_title":"","pricing":[{"pricing_icon":"platform","pricing_title":"Elfsight Apps","pricing_title_caption":"Soluci\u00f3n independiente de plataforma que funciona en cualquier sitio web","pricing_price":"desde $0 \/ mes","pricing_price_caption":"comienza con un plan gratuito","pricing_benefits":[{"text":"Dominios ilimitados"},{"text":"Soporte gratuito"},{"text":"Soporte de instalaci\u00f3n gratuito"},{"text":"100% personalizable"}],"pricing_button_text":"A\u00f1adir al sitio web","pricing_button_url":"#demo"}],"related_apps_title":"","related_apps_hidden":"","author":"","image":[],"title":"","job":"","social_networks":[]},"_links":{"self":[{"href":"https:\/\/elfsight.com\/es\/wp-json\/wp\/v2\/pages\/5676","targetHints":{"allow":["GET"]}}],"collection":[{"href":"https:\/\/elfsight.com\/es\/wp-json\/wp\/v2\/pages"}],"about":[{"href":"https:\/\/elfsight.com\/es\/wp-json\/wp\/v2\/types\/page"}],"author":[{"embeddable":true,"href":"https:\/\/elfsight.com\/es\/wp-json\/wp\/v2\/users\/9"}],"replies":[{"embeddable":true,"href":"https:\/\/elfsight.com\/es\/wp-json\/wp\/v2\/comments?post=5676"}],"version-history":[{"count":2,"href":"https:\/\/elfsight.com\/es\/wp-json\/wp\/v2\/pages\/5676\/revisions"}],"predecessor-version":[{"id":19373,"href":"https:\/\/elfsight.com\/es\/wp-json\/wp\/v2\/pages\/5676\/revisions\/19373"}],"up":[{"embeddable":true,"href":"https:\/\/elfsight.com\/es\/wp-json\/wp\/v2\/pages\/2095"}],"wp:attachment":[{"href":"https:\/\/elfsight.com\/es\/wp-json\/wp\/v2\/media?parent=5676"}],"curies":[{"name":"wp","href":"https:\/\/api.w.org\/{rel}","templated":true}]}}