{"id":5661,"date":"1970-01-01T00:00:00","date_gmt":"1970-01-01T00:00:00","guid":{"rendered":"https:\/\/elfsight.com\/es\/?page_id=5661"},"modified":"2025-02-06T16:12:46","modified_gmt":"2025-02-06T16:12:46","slug":"weebly","status":"publish","type":"page","link":"https:\/\/elfsight.com\/es\/tumblr-feed-widget\/weebly\/","title":{"rendered":"Tumblr Feed &#8211; Weebly"},"content":{"rendered":"<div class=\"application-platform-content-item-description application-platform-content-item\" id=\"description\" data-nav-section=\"description\"> <h2>Descripci\u00f3n<\/h2> <p>Elfsight Tumblr Feed para Weebly es una aplicaci\u00f3n exclusiva para crear su feed personalizado compuesto por blogs de Tumblr y demostrarlo directamente en su sitio web. \u00a1Desarrolla una galer\u00eda o un control deslizante de publicaciones con unos pocos clics! Ejerza el control total sobre el contenido mostrado y elimine el spam y cualquier contenido no deseado mediante moderaci\u00f3n manual. El configurador en l\u00ednea totalmente responsivo le proporciona varias plantillas para elegir. <\/p> <p><b>Presente el contenido de Tumblr m\u00e1s brillante para que sus usuarios interact\u00faen y contacten con m\u00e1s personas<\/b><\/p> <\/div> <div class=\"application-platform-content-item-features application-platform-content-item\" id=\"features\" data-nav-section=\"features\"> <h2>Estudie la lista de las funciones m\u00e1s \u00fatiles: <\/h2> <ul><li>Muestre el contenido de las redes sociales de Tumblr<\/li><li>Elimine cualquier spam y contenido no deseado con moderaci\u00f3n manual modo. <\/li><li>Establezca el bot\u00f3n Seguir en el feed del widget. <\/li><li>Permite que tus publicaciones se vean en modo emergente. <\/li><\/ul><p><a href=\"#demo\">Puedes descubrir todas las capacidades del widget en la demostraci\u00f3n ahora mismo<\/a><\/p> <\/div> <div class=\"application-platform-content-item-installation application-platform-content-item\" id=\"installation\" data-nav-section=\"installation\"> <h2>\u00bfC\u00f3mo incrustar Tumblr Feed en mi sitio Weebly? <\/h2> <p>Simplemente siga varios pasos que se describen a continuaci\u00f3n para integrar la aplicaci\u00f3n. <\/p> <ol><li><b>Inicie nuestra demostraci\u00f3n gratuita y comience a darle forma a su aplicaci\u00f3n personalizada. <\/b><br> Encuentre la interfaz y las funciones preferibles de la aplicaci\u00f3n y aplique las correcciones. <\/li> <li><b>Adquiera su c\u00f3digo individual que se muestra en el formulario especial en Elfsight Apps. <\/b><br> Una vez finalizada la creaci\u00f3n de su widget personal, copie el c\u00f3digo personal en el cuadro que aparece y gu\u00e1rdelo para usarlo en el futuro. <\/li> <li><b>Empiece a utilizar la herramienta en su sitio web Weebly. <\/b><br>Coloca el c\u00f3digo que has copiado antes en tu p\u00e1gina y aplica las modificaciones. <\/li> <li><b>\u00a1Listo! La integraci\u00f3n ha finalizado con \u00e9xito. <\/b><br>Vaya a su sitio web para echar un vistazo al funcionamiento del widget. <\/li><\/ol> <p>A condici\u00f3n de atender consultas o enfrentar algunas complicaciones, no dude en apelar a nuestro equipo de soporte. Nuestra gente estar\u00e1 encantada de ayudarle con todos los problemas que pueda tener con el complemento. <\/p> <\/div><div class=\"faq\" data-component=\"FAQ\"><div class=\"faq-item\">\r\n\t\t\t\t\t<div class=\"faq-item-question\">\r\n\t\t\t\t\t\t<h3 class=\"faq-item-question-text\">\u00bfDe qu\u00e9 manera puedo incrustar el feed de Tumblr en mi sitio web Weebly sin codificaci\u00f3n?<\/h3>\r\n\r\n\t\t\t\t\t\t<div class=\"faq-item-question-icon\"><\/div>\r\n\t\t\t\t\t<\/div>\r\n\r\n\t\t\t\t\t<div class=\"faq-item-answer\">\r\n\t\t\t\t\t\t<div class=\"faq-item-answer-text\"><p>La empresa Elfsight ofrece una soluci\u00f3n en la nube que permite al usuario generar una secci\u00f3n del feed de Tumblr usted mismo; consulte la gu\u00eda sencilla:<\/p><ul><li>Vaya al editor en l\u00ednea para establecer una secci\u00f3n del feed de Tumblr que le gustar\u00eda incrustar en su Sitio web Weebly.<\/li><li>Decida una de las plantillas predise\u00f1adas y adapte la configuraci\u00f3n del Feed de Tumblr, modifique el dise\u00f1o y los colores, actualice su contenido sin ning\u00fan tipo de codificaci\u00f3n.<\/li><li>Guarde el Feed de Tumblr y obtenga el c\u00f3digo para incrustarlo, que se puede incrustar en el sitio de Weebly de forma gratuita.<\/li><\/ul><p>Con el Configurador f\u00e1cil de usar, cualquier usuario de Internet puede establecer el widget Feed de Tumblr en l\u00ednea y pegarlo f\u00e1cilmente en el sitio de Weebly. No debe pagar ni revelar los datos de su tarjeta para acceder al Editor. Si tiene alg\u00fan problema en alg\u00fan paso, contin\u00fae y p\u00f3ngase en contacto con nuestro servicio t\u00e9cnico de atenci\u00f3n al cliente.<\/p><\/div>\r\n\t\t\t\t\t<\/div>\r\n\t\t\t\t<\/div><\/div>","protected":false},"excerpt":{"rendered":"","protected":false},"author":9,"featured_media":0,"parent":2112,"menu_order":0,"comment_status":"closed","ping_status":"closed","template":"templates\/template-application-platform.php","meta":{"publish_to_discourse":"","publish_post_category":"","wpdc_auto_publish_overridden":"","wpdc_topic_tags":"","wpdc_pin_topic":"","wpdc_pin_until":"","discourse_post_id":"","discourse_permalink":"","wpdc_publishing_response":"","wpdc_publishing_error":"","footnotes":""},"class_list":["post-5661","page","type-page","status-publish","hentry"],"yoast_head":"<!-- This site is optimized with the Yoast SEO plugin v25.3.1 - https:\/\/yoast.com\/wordpress\/plugins\/seo\/ -->\n<title>Agregue la aplicaci\u00f3n Tumblr Feed al sitio web Weebly (r\u00e1pido y gratis)<\/title>\n<meta name=\"description\" content=\"Incorpore una aplicaci\u00f3n Weebly Tumblr Feed compatible con dispositivos m\u00f3viles en su sitio. Pruebe la pr\u00e1ctica demostraci\u00f3n de Elfsight y cree su aplicaci\u00f3n Tumblr \u00fanica con unos pocos clics\" \/>\n<meta name=\"robots\" content=\"index, follow, max-snippet:-1, max-image-preview:large, max-video-preview:-1\" \/>\n<link rel=\"canonical\" href=\"https:\/\/elfsight.com\/es\/tumblr-feed-widget\/weebly\/\" \/>\n<meta property=\"og:locale\" content=\"es_ES\" \/>\n<meta property=\"og:type\" content=\"article\" \/>\n<meta property=\"og:title\" content=\"Agregue la aplicaci\u00f3n Tumblr Feed al sitio web Weebly (r\u00e1pido y gratis)\" \/>\n<meta property=\"og:description\" content=\"Incorpore una aplicaci\u00f3n Weebly Tumblr Feed compatible con dispositivos m\u00f3viles en su sitio. Pruebe la pr\u00e1ctica demostraci\u00f3n de Elfsight y cree su aplicaci\u00f3n Tumblr \u00fanica con unos pocos clics\" \/>\n<meta property=\"og:url\" content=\"https:\/\/elfsight.com\/es\/tumblr-feed-widget\/weebly\/\" \/>\n<meta property=\"og:site_name\" content=\"Elfsight ES\" \/>\n<meta property=\"article:modified_time\" content=\"2025-02-06T16:12:46+00:00\" \/>\n<meta name=\"twitter:card\" content=\"summary_large_image\" \/>\n<meta name=\"twitter:label1\" content=\"Tiempo de lectura\" \/>\n\t<meta name=\"twitter:data1\" content=\"3 minutos\" \/>\n<!-- \/ Yoast SEO plugin. -->","yoast_head_json":{"title":"Agregue la aplicaci\u00f3n Tumblr Feed al sitio web Weebly (r\u00e1pido y gratis)","description":"Incorpore una aplicaci\u00f3n Weebly Tumblr Feed compatible con dispositivos m\u00f3viles en su sitio. Pruebe la pr\u00e1ctica demostraci\u00f3n de Elfsight y cree su aplicaci\u00f3n Tumblr \u00fanica con unos pocos clics","robots":{"index":"index","follow":"follow","max-snippet":"max-snippet:-1","max-image-preview":"max-image-preview:large","max-video-preview":"max-video-preview:-1"},"canonical":"https:\/\/elfsight.com\/es\/tumblr-feed-widget\/weebly\/","og_locale":"es_ES","og_type":"article","og_title":"Agregue la aplicaci\u00f3n Tumblr Feed al sitio web Weebly (r\u00e1pido y gratis)","og_description":"Incorpore una aplicaci\u00f3n Weebly Tumblr Feed compatible con dispositivos m\u00f3viles en su sitio. Pruebe la pr\u00e1ctica demostraci\u00f3n de Elfsight y cree su aplicaci\u00f3n Tumblr \u00fanica con unos pocos clics","og_url":"https:\/\/elfsight.com\/es\/tumblr-feed-widget\/weebly\/","og_site_name":"Elfsight ES","article_modified_time":"2025-02-06T16:12:46+00:00","twitter_card":"summary_large_image","twitter_misc":{"Tiempo de lectura":"3 minutos"},"schema":{"@context":"https:\/\/schema.org","@graph":[{"@type":"WebPage","@id":"https:\/\/elfsight.com\/es\/tumblr-feed-widget\/weebly\/","url":"https:\/\/elfsight.com\/es\/tumblr-feed-widget\/weebly\/","name":"Agregue la aplicaci\u00f3n Tumblr Feed al sitio web Weebly (r\u00e1pido y gratis)","isPartOf":{"@id":"https:\/\/elfsight.com\/es\/#website"},"datePublished":"1970-01-01T00:00:00+00:00","dateModified":"2025-02-06T16:12:46+00:00","description":"Incorpore una aplicaci\u00f3n Weebly Tumblr Feed compatible con dispositivos m\u00f3viles en su sitio. Pruebe la pr\u00e1ctica demostraci\u00f3n de Elfsight y cree su aplicaci\u00f3n Tumblr \u00fanica con unos pocos clics","breadcrumb":{"@id":"https:\/\/elfsight.com\/es\/tumblr-feed-widget\/weebly\/#breadcrumb"},"inLanguage":"es","potentialAction":[{"@type":"ReadAction","target":["https:\/\/elfsight.com\/es\/tumblr-feed-widget\/weebly\/"]}]},{"@type":"BreadcrumbList","@id":"https:\/\/elfsight.com\/es\/tumblr-feed-widget\/weebly\/#breadcrumb","itemListElement":[{"@type":"ListItem","position":1,"name":"Home","item":"https:\/\/elfsight.com\/es\/"},{"@type":"ListItem","position":2,"name":"Tumblr Feed","item":"https:\/\/elfsight.com\/es\/tumblr-feed-widget\/"},{"@type":"ListItem","position":3,"name":"Tumblr Feed &#8211; Weebly"}]},{"@type":"WebSite","@id":"https:\/\/elfsight.com\/es\/#website","url":"https:\/\/elfsight.com\/es\/","name":"Elfsight ES","description":"Just another Elfsight Sites site","potentialAction":[{"@type":"SearchAction","target":{"@type":"EntryPoint","urlTemplate":"https:\/\/elfsight.com\/es\/?s={search_term_string}"},"query-input":{"@type":"PropertyValueSpecification","valueRequired":true,"valueName":"search_term_string"}}],"inLanguage":"es"}]}},"meta_box":{"industry":"","seo_heading":"","heading":"","description":"","cta_heading":"","cta_description":"","application":"2111","h1":"Aplicaci\u00f3n Weebly Tumblr Feed","h1_caption":"\u00a1Presenta tus publicaciones de Tumblr en tu sitio web en 1-2-3!","application_category":[],"applications_title":"","applications_request_title":"","applications_request_button_text":"","hero_text":"","hero_video":"","hero_video_schema_markup":"","selling_points_title":"","selling_points_caption":"","selling_points":[],"selling_points_cta_text":"","features_title":"","features":"","ed_cta_examples_text":"","ed_cta_examples_hidden":"","ed_cta_demo_text":"","ed_cta_demo_hidden":"","why_caption":"","why_editor_title":"","why_editor_text":"","why_team_title":"","why_team_text":"","why_service_title":"","why_service_text":"","template_catalog_visible":"","template_catalog_title":"","template_catalog_text":"","template_catalog_categories_visible":"","demo_title":"Crea tu aplicaci\u00f3n Tumblr Feed","demo_caption":"\u00a1Configura tu feed de Tumblr y agr\u00e9galo a tu sitio web Weebly gratis!","default_faq_hidden":"","app_template_category":[],"platform":"109","template_public_id":"","codecanyon_url":"","codecanyon_item_id":"","codecanyon_price":"","pricing_caption":"","pricing_elfsight_apps_hide_column":"","pricing_elfsight_apps_url":"","pricing_codecanyon_price_caption":"","integration_category":[],"integration_request_title":"","integration_request_cta":"","integration_platform":"","integrations":[],"platform_category":[],"video_schema_markup":"","price":"desde $0 \/ mes","trial":"","benefits":[{"text":"Asistencia de instalaci\u00f3n gratuita"},{"text":"Servicio al cliente eficaz"},{"text":"Garant\u00eda de reembolso de 14 d\u00edas"},{"text":"Actualizando constantemente"}],"button_url":"#demo","button_target_blank":"","button_nofollow":"","attributes":[{"name":"Instalaciones","content":"10,000 - 100,000"},{"name":"Sensible","content":"S\u00ed"},{"name":"Navegadores compatibles","content":"Firefox, Safari, Opera, Chrome, Edge"}],"tags":[],"tags_disable_links":"","hide_more_platforms":"","video_object":"","demo_hide_cta":"","demo_hide_cloud_options":"","pricing_title":"","pricing":[{"pricing_icon":"platform","pricing_title":"Elfsight Apps","pricing_title_caption":"Software independiente de la plataforma","pricing_price":"desde $0 \/ mes","pricing_price_caption":"comienza con un plan gratuito","pricing_benefits":[{"text":"Dominios ilimitados"},{"text":"Soporte dedicado"},{"text":"Ayuda de instalaci\u00f3n gratuita"},{"text":"Totalmente personalizable"}],"pricing_button_text":"A\u00f1adir al sitio web","pricing_button_url":"#demo"}],"related_apps_title":"","related_apps_hidden":"","author":"","image":[],"title":"","job":"","social_networks":[]},"_links":{"self":[{"href":"https:\/\/elfsight.com\/es\/wp-json\/wp\/v2\/pages\/5661","targetHints":{"allow":["GET"]}}],"collection":[{"href":"https:\/\/elfsight.com\/es\/wp-json\/wp\/v2\/pages"}],"about":[{"href":"https:\/\/elfsight.com\/es\/wp-json\/wp\/v2\/types\/page"}],"author":[{"embeddable":true,"href":"https:\/\/elfsight.com\/es\/wp-json\/wp\/v2\/users\/9"}],"replies":[{"embeddable":true,"href":"https:\/\/elfsight.com\/es\/wp-json\/wp\/v2\/comments?post=5661"}],"version-history":[{"count":2,"href":"https:\/\/elfsight.com\/es\/wp-json\/wp\/v2\/pages\/5661\/revisions"}],"predecessor-version":[{"id":19379,"href":"https:\/\/elfsight.com\/es\/wp-json\/wp\/v2\/pages\/5661\/revisions\/19379"}],"up":[{"embeddable":true,"href":"https:\/\/elfsight.com\/es\/wp-json\/wp\/v2\/pages\/2112"}],"wp:attachment":[{"href":"https:\/\/elfsight.com\/es\/wp-json\/wp\/v2\/media?parent=5661"}],"curies":[{"name":"wp","href":"https:\/\/api.w.org\/{rel}","templated":true}]}}