{"id":5659,"date":"1970-01-01T00:00:00","date_gmt":"1970-01-01T00:00:00","guid":{"rendered":"https:\/\/elfsight.com\/es\/?page_id=5659"},"modified":"2025-02-06T16:12:46","modified_gmt":"2025-02-06T16:12:46","slug":"webflow","status":"publish","type":"page","link":"https:\/\/elfsight.com\/es\/tumblr-feed-widget\/webflow\/","title":{"rendered":"Tumblr Feed &#8211; Webflow"},"content":{"rendered":"<div class=\"application-platform-content-item-description application-platform-content-item\" id=\"description\" data-nav-section=\"description\"> <h2>Incorpore el feed de Tumblr en Webflow con el widget de Elfsight<\/h2> <p>Elfsight Tumblr Feed para Webflow es un widget exclusivo para desarrollar su feed individualizado que consiste en el contenido de las redes sociales de Tumblr y colocarlo directamente en su sitio web. \u00a1Crea una galer\u00eda o un control deslizante de publicaciones en unos minutos! Disfrute del control total sobre el contenido demostrado y elimine el spam y cualquier contenido no deseado mediante la moderaci\u00f3n manual. El configurador en l\u00ednea totalmente responsivo le ofrece numerosas plantillas para elegir. <\/p> <p><b>Elija el contenido de Tumblr m\u00e1s brillante para mantener entusiasmada a la audiencia de su sitio web y llegar a m\u00e1s personas<\/b><\/p> <\/div> <div class=\"application-platform-content-item-features application-platform-content-item\" id=\"features\" data-nav-section=\"features\"> <h2>Encuentre las siguientes funciones b\u00e1sicas del widget: <\/h2> <ul><li>Presente su contenido de redes sociales desde Tumblr<\/li><li>Elimine cualquier spam y contenido no deseado aplicando el manual moderaci\u00f3n. <\/li><li>Establezca el bot\u00f3n Seguir en el feed del widget. <\/li><li>Haz que tus publicaciones se muestren en modo emergente. <\/li><\/ul><p><a href=\"#demo\">Puedes comprobar si el widget es para ti usando la demostraci\u00f3n<\/a><\/p> <\/div> <div class=\"application-platform-content-item-installation application-platform-content-item\" id=\"installation\" data-nav-section=\"installation\"> <h2>\u00bfC\u00f3mo agrego Tumblr Feed en mi sitio web Webflow? <\/h2> <p>Simplemente siga las siguientes pautas para insertar la herramienta. <\/p> <ol><li><b>Realiza nuestra demostraci\u00f3n gratuita y comienza a crear tu propio widget. <\/b><br> Encuentre la forma y las especificaciones adecuadas del widget y guarde las modificaciones. <\/li> <li><b>Reciba su c\u00f3digo individual que se muestra en el cuadro de Elfsight Apps. <\/b><br> Una vez finalizada la configuraci\u00f3n de su herramienta, copie el c\u00f3digo exclusivo en la ventana que aparece y gu\u00e1rdelo para futuras necesidades. <\/li> <li><b>Iniciar el uso del widget en el sitio web de Webflow. <\/b><br>Coloca el c\u00f3digo que has copiado recientemente en tu sitio web y guarda los ajustes. <\/li> <li><b>La instalaci\u00f3n se ha realizado por completo. <\/b><br> Vaya a su sitio para examinar c\u00f3mo funciona el widget. <\/li><\/ol> <p>Si tienes dudas o tienes alguna complicaci\u00f3n, ponte en contacto con nuestro equipo de atenci\u00f3n al cliente. Nuestros asesores estar\u00e1n encantados de resolver todas las dudas que puedas tener con el widget. <\/p> <\/div><div class=\"faq\" data-component=\"FAQ\"><div class=\"faq-item\">\r\n\t\t\t\t\t<div class=\"faq-item-question\">\r\n\t\t\t\t\t\t<h3 class=\"faq-item-question-text\">\u00bfDe qu\u00e9 manera puedo agregar Tumblr Feed a mi sitio Webflow sin codificaci\u00f3n?<\/h3>\r\n\r\n\t\t\t\t\t\t<div class=\"faq-item-question-icon\"><\/div>\r\n\t\t\t\t\t<\/div>\r\n\r\n\t\t\t\t\t<div class=\"faq-item-answer\">\r\n\t\t\t\t\t\t<div class=\"faq-item-answer-text\"><p>La empresa Elfsight ofrece una soluci\u00f3n en la nube que permite a los propietarios de sitios crear un widget de Tumblr Feed usted mismo. Observe lo sencillo que es:<\/p><ul><li>Trabaja directamente en el editor en l\u00ednea para crear un widget de Tumblr Feed en el que te gustar\u00eda integrarlo. Webflow.<\/li><li>Elija una de las plantillas predise\u00f1adas y modifique la configuraci\u00f3n de Tumblr Feed, modifique el dise\u00f1o y el color de los elementos, incluya su contenido sin conocimientos de codificaci\u00f3n.<\/li><li>Guarde el Tumblr Feed y obtenga el c\u00f3digo del widget para incrustar, que se puede agregar en el sitio web de Webflow dentro de un plan gratuito.<\/li><\/ul><p>Con nuestro editor sencillo, cualquier usuario de Internet puede establecer Tumblr Feed en l\u00ednea y agregarlo sin esfuerzo a cualquier p\u00e1gina de inicio de Webflow. No debes pagar ni ingresar las credenciales de tu tarjeta para poder ingresar a nuestro servicio. Si encuentra alg\u00fan obst\u00e1culo en alg\u00fan paso, no dude en comunicarse con nuestro servicio de atenci\u00f3n al cliente.<\/p><\/div>\r\n\t\t\t\t\t<\/div>\r\n\t\t\t\t<\/div><\/div>","protected":false},"excerpt":{"rendered":"","protected":false},"author":9,"featured_media":0,"parent":2112,"menu_order":0,"comment_status":"closed","ping_status":"closed","template":"templates\/template-application-platform.php","meta":{"publish_to_discourse":"","publish_post_category":"","wpdc_auto_publish_overridden":"","wpdc_topic_tags":"","wpdc_pin_topic":"","wpdc_pin_until":"","discourse_post_id":"","discourse_permalink":"","wpdc_publishing_response":"","wpdc_publishing_error":"","footnotes":""},"class_list":["post-5659","page","type-page","status-publish","hentry"],"yoast_head":"<!-- This site is optimized with the Yoast SEO plugin v25.3.1 - https:\/\/yoast.com\/wordpress\/plugins\/seo\/ -->\n<title>Agregue el widget Tumblr Feed al sitio web de Webflow (r\u00e1pido y gratuito)<\/title>\n<meta name=\"description\" content=\"Integre el widget Webflow Tumblr Feed en su sitio. Pruebe la pr\u00e1ctica demostraci\u00f3n de Elfsight y cree su magn\u00edfico widget de Tumblr en unos minutos\" \/>\n<meta name=\"robots\" content=\"index, follow, max-snippet:-1, max-image-preview:large, max-video-preview:-1\" \/>\n<link rel=\"canonical\" href=\"https:\/\/elfsight.com\/es\/tumblr-feed-widget\/webflow\/\" \/>\n<meta property=\"og:locale\" content=\"es_ES\" \/>\n<meta property=\"og:type\" content=\"article\" \/>\n<meta property=\"og:title\" content=\"Agregue el widget Tumblr Feed al sitio web de Webflow (r\u00e1pido y gratuito)\" \/>\n<meta property=\"og:description\" content=\"Integre el widget Webflow Tumblr Feed en su sitio. Pruebe la pr\u00e1ctica demostraci\u00f3n de Elfsight y cree su magn\u00edfico widget de Tumblr en unos minutos\" \/>\n<meta property=\"og:url\" content=\"https:\/\/elfsight.com\/es\/tumblr-feed-widget\/webflow\/\" \/>\n<meta property=\"og:site_name\" content=\"Elfsight ES\" \/>\n<meta property=\"article:modified_time\" content=\"2025-02-06T16:12:46+00:00\" \/>\n<meta name=\"twitter:card\" content=\"summary_large_image\" \/>\n<meta name=\"twitter:label1\" content=\"Tiempo de lectura\" \/>\n\t<meta name=\"twitter:data1\" content=\"3 minutos\" \/>\n<!-- \/ Yoast SEO plugin. -->","yoast_head_json":{"title":"Agregue el widget Tumblr Feed al sitio web de Webflow (r\u00e1pido y gratuito)","description":"Integre el widget Webflow Tumblr Feed en su sitio. Pruebe la pr\u00e1ctica demostraci\u00f3n de Elfsight y cree su magn\u00edfico widget de Tumblr en unos minutos","robots":{"index":"index","follow":"follow","max-snippet":"max-snippet:-1","max-image-preview":"max-image-preview:large","max-video-preview":"max-video-preview:-1"},"canonical":"https:\/\/elfsight.com\/es\/tumblr-feed-widget\/webflow\/","og_locale":"es_ES","og_type":"article","og_title":"Agregue el widget Tumblr Feed al sitio web de Webflow (r\u00e1pido y gratuito)","og_description":"Integre el widget Webflow Tumblr Feed en su sitio. Pruebe la pr\u00e1ctica demostraci\u00f3n de Elfsight y cree su magn\u00edfico widget de Tumblr en unos minutos","og_url":"https:\/\/elfsight.com\/es\/tumblr-feed-widget\/webflow\/","og_site_name":"Elfsight ES","article_modified_time":"2025-02-06T16:12:46+00:00","twitter_card":"summary_large_image","twitter_misc":{"Tiempo de lectura":"3 minutos"},"schema":{"@context":"https:\/\/schema.org","@graph":[{"@type":"WebPage","@id":"https:\/\/elfsight.com\/es\/tumblr-feed-widget\/webflow\/","url":"https:\/\/elfsight.com\/es\/tumblr-feed-widget\/webflow\/","name":"Agregue el widget Tumblr Feed al sitio web de Webflow (r\u00e1pido y gratuito)","isPartOf":{"@id":"https:\/\/elfsight.com\/es\/#website"},"datePublished":"1970-01-01T00:00:00+00:00","dateModified":"2025-02-06T16:12:46+00:00","description":"Integre el widget Webflow Tumblr Feed en su sitio. Pruebe la pr\u00e1ctica demostraci\u00f3n de Elfsight y cree su magn\u00edfico widget de Tumblr en unos minutos","breadcrumb":{"@id":"https:\/\/elfsight.com\/es\/tumblr-feed-widget\/webflow\/#breadcrumb"},"inLanguage":"es","potentialAction":[{"@type":"ReadAction","target":["https:\/\/elfsight.com\/es\/tumblr-feed-widget\/webflow\/"]}]},{"@type":"BreadcrumbList","@id":"https:\/\/elfsight.com\/es\/tumblr-feed-widget\/webflow\/#breadcrumb","itemListElement":[{"@type":"ListItem","position":1,"name":"Home","item":"https:\/\/elfsight.com\/es\/"},{"@type":"ListItem","position":2,"name":"Tumblr Feed","item":"https:\/\/elfsight.com\/es\/tumblr-feed-widget\/"},{"@type":"ListItem","position":3,"name":"Tumblr Feed &#8211; Webflow"}]},{"@type":"WebSite","@id":"https:\/\/elfsight.com\/es\/#website","url":"https:\/\/elfsight.com\/es\/","name":"Elfsight ES","description":"Just another Elfsight Sites site","potentialAction":[{"@type":"SearchAction","target":{"@type":"EntryPoint","urlTemplate":"https:\/\/elfsight.com\/es\/?s={search_term_string}"},"query-input":{"@type":"PropertyValueSpecification","valueRequired":true,"valueName":"search_term_string"}}],"inLanguage":"es"}]}},"meta_box":{"industry":"","seo_heading":"","heading":"","description":"","cta_heading":"","cta_description":"","application":"2111","h1":"Widget de alimentaci\u00f3n de Tumblr de flujo web","h1_caption":"\u00a1Revela tu contenido de Tumblr en tu sitio con facilidad!","application_category":[],"applications_title":"","applications_request_title":"","applications_request_button_text":"","hero_text":"","hero_video":"","hero_video_schema_markup":"","selling_points_title":"","selling_points_caption":"","selling_points":[],"selling_points_cta_text":"","features_title":"","features":"","ed_cta_examples_text":"","ed_cta_examples_hidden":"","ed_cta_demo_text":"","ed_cta_demo_hidden":"","why_caption":"","why_editor_title":"","why_editor_text":"","why_team_title":"","why_team_text":"","why_service_title":"","why_service_text":"","template_catalog_visible":"","template_catalog_title":"","template_catalog_text":"","template_catalog_categories_visible":"","demo_title":"Crea tu widget de feed de Tumblr","demo_caption":"\u00a1Configura tu feed de Tumblr y agr\u00e9galo a tu sitio web Webflow gratis!","default_faq_hidden":"","app_template_category":[],"platform":"106","template_public_id":"","codecanyon_url":"","codecanyon_item_id":"","codecanyon_price":"","pricing_caption":"","pricing_elfsight_apps_hide_column":"","pricing_elfsight_apps_url":"","pricing_codecanyon_price_caption":"","integration_category":[],"integration_request_title":"","integration_request_cta":"","integration_platform":"","integrations":[],"platform_category":[],"video_schema_markup":"","price":"desde $0 \/ mes","trial":"","benefits":[{"text":"Servicio de instalaci\u00f3n gratuito"},{"text":"Servicio al cliente competente"},{"text":"Garant\u00eda de reembolso de 14 d\u00edas"},{"text":"Actualizaciones peri\u00f3dicas"}],"button_url":"#demo","button_target_blank":"","button_nofollow":"","attributes":[{"name":"Instalaciones","content":"10,000 - 100,000"},{"name":"Sensible","content":"S\u00ed"},{"name":"Navegadores compatibles","content":"Firefox, Safari, Opera, Chrome, Edge"}],"tags":[],"tags_disable_links":"","hide_more_platforms":"","video_object":"","demo_hide_cta":"","demo_hide_cloud_options":"","pricing_title":"","pricing":[{"pricing_icon":"platform","pricing_title":"Elfsight Apps","pricing_title_caption":"Software multiplataforma que se adapta a cualquier sitio","pricing_price":"desde $0 \/ mes","pricing_price_caption":"comienza con un plan gratuito","pricing_benefits":[{"text":"Sitios web ilimitados"},{"text":"Atenci\u00f3n al cliente gratuita y bien documentada."},{"text":"Asistencia de instalaci\u00f3n gratuita"},{"text":"100% personalizable"}],"pricing_button_text":"A\u00f1adir al sitio web","pricing_button_url":"#demo"}],"related_apps_title":"","related_apps_hidden":"","author":"","image":[],"title":"","job":"","social_networks":[]},"_links":{"self":[{"href":"https:\/\/elfsight.com\/es\/wp-json\/wp\/v2\/pages\/5659","targetHints":{"allow":["GET"]}}],"collection":[{"href":"https:\/\/elfsight.com\/es\/wp-json\/wp\/v2\/pages"}],"about":[{"href":"https:\/\/elfsight.com\/es\/wp-json\/wp\/v2\/types\/page"}],"author":[{"embeddable":true,"href":"https:\/\/elfsight.com\/es\/wp-json\/wp\/v2\/users\/9"}],"replies":[{"embeddable":true,"href":"https:\/\/elfsight.com\/es\/wp-json\/wp\/v2\/comments?post=5659"}],"version-history":[{"count":2,"href":"https:\/\/elfsight.com\/es\/wp-json\/wp\/v2\/pages\/5659\/revisions"}],"predecessor-version":[{"id":19381,"href":"https:\/\/elfsight.com\/es\/wp-json\/wp\/v2\/pages\/5659\/revisions\/19381"}],"up":[{"embeddable":true,"href":"https:\/\/elfsight.com\/es\/wp-json\/wp\/v2\/pages\/2112"}],"wp:attachment":[{"href":"https:\/\/elfsight.com\/es\/wp-json\/wp\/v2\/media?parent=5659"}],"curies":[{"name":"wp","href":"https:\/\/api.w.org\/{rel}","templated":true}]}}