{"id":5653,"date":"1970-01-01T00:00:00","date_gmt":"1970-01-01T00:00:00","guid":{"rendered":"https:\/\/elfsight.com\/es\/?page_id=5653"},"modified":"2025-02-06T16:12:54","modified_gmt":"2025-02-06T16:12:54","slug":"shopify","status":"publish","type":"page","link":"https:\/\/elfsight.com\/es\/tumblr-feed-widget\/shopify\/","title":{"rendered":"Tumblr Feed &#8211; Shopify"},"content":{"rendered":"<div class=\"application-platform-content-item-description application-platform-content-item\" id=\"description\" data-nav-section=\"description\"> <h2>Incrustar el feed de Tumblr en Shopify con el widget de Elfsight<\/h2> <p>El feed de Tumblr de Elfsight para Shopify es un widget especial para dar forma a tu feed individualizado compuesto por la red de Tumblr y mostrarlo directamente en tu sitio web. \u00a1Desarrolla una galer\u00eda o un control deslizante de publicaciones con unos pocos clics! Ejerza el control total sobre el contenido demostrado y elimine el spam y cualquier contenido no deseado con moderaci\u00f3n manual. El configurador en l\u00ednea totalmente responsivo le ofrece numerosas plantillas para elegir. <\/p> <p><b>Elija el contenido de Tumblr m\u00e1s fascinante para que los visitantes de su sitio web se interesen y llegue a m\u00e1s personas<\/b><\/p> <\/div> <div class=\"application-platform-content-item-features application-platform-content-item\" id=\"features\" data-nav-section=\"features\"> <h2>Estas son las caracter\u00edsticas clave de la aplicaci\u00f3n: <\/h2> <ul><li>Muestre su contenido de Tumblr<\/li><li>Elimine cualquier spam y contenido no deseado aplicando moderaci\u00f3n manual. <\/li><li>Coloque el bot\u00f3n Seguir en las publicaciones del widget. <\/li><li>Haz que tus publicaciones se muestren en una ventana emergente. <\/li><\/ul><p><a href=\"#demo\">Puedes probar todas las capacidades de la aplicaci\u00f3n en la demostraci\u00f3n a continuaci\u00f3n<\/a><\/p> <\/div> <div class=\"application-platform-content-item-installation application-platform-content-item\" id=\"installation\" data-nav-section=\"installation\"> <h2>\u00bfC\u00f3mo puedo agregar Tumblr Feed a mi sitio web de Shopify? <\/h2> <p>Simplemente aplique las instrucciones a continuaci\u00f3n para activar la herramienta. <\/p> <ol><li><b>Utilice nuestro editor gratuito y comience a crear su aplicaci\u00f3n personalizada. <\/b><br> Elija el dise\u00f1o y los aspectos adecuados de la herramienta y aplique las correcciones. <\/li> <li><b>Copia el c\u00f3digo personal que se muestra en el formulario especial en Elfsight Apps. <\/b><br> Inmediatamente despu\u00e9s de finalizar la personalizaci\u00f3n de su herramienta, copie el c\u00f3digo individual en el cuadro que aparece y gu\u00e1rdelo para su uso posterior. <\/li> <li><b>Iniciar la utilizaci\u00f3n del complemento en el sitio de Shopify. <\/b><br>Implemente el c\u00f3digo guardado recientemente en su sitio web y aplique las correcciones. <\/li> <li><b>La instalaci\u00f3n finaliz\u00f3 exitosamente. <\/b><br>Visite su sitio web para revisar el rendimiento del widget. <\/li><\/ol> <p>En caso de que tenga alguna complicaci\u00f3n, p\u00f3ngase en contacto con nuestro equipo de atenci\u00f3n al cliente. Nuestros consultores est\u00e1n ansiosos por ayudarlo con todos los problemas que pueda tener con el complemento. <\/p> <\/div><div class=\"faq\" data-component=\"FAQ\"><div class=\"faq-item\">\r\n\t\t\t\t\t<div class=\"faq-item-question\">\r\n\t\t\t\t\t\t<h3 class=\"faq-item-question-text\">\u00bfExiste alg\u00fan m\u00e9todo para agregar Tumblr Feed a mi p\u00e1gina de inicio de Shopify sin codificaci\u00f3n?<\/h3>\r\n\r\n\t\t\t\t\t\t<div class=\"faq-item-question-icon\"><\/div>\r\n\t\t\t\t\t<\/div>\r\n\r\n\t\t\t\t\t<div class=\"faq-item-answer\">\r\n\t\t\t\t\t\t<div class=\"faq-item-answer-text\"><p>La empresa Elfsight ofrece una soluci\u00f3n que permite a los usuarios establecer una secci\u00f3n de Tumblr Feed usted mismo, mire las sencillas instrucciones:<\/p><ul><li>Trabaja en la demostraci\u00f3n en vivo para crear una secci\u00f3n de Tumblr Feed en la que te gustar\u00eda aparecer Shopify.<\/li><li>Elija una de las muchas plantillas predise\u00f1adas y modifique la configuraci\u00f3n del Feed de Tumblr, modifique el dise\u00f1o y el color de los elementos, agregue su contenido sin conocimientos de codificaci\u00f3n.<\/li><li>Guarde el Feed de Tumblr y copie el c\u00f3digo de instalaci\u00f3n del widget, que se puede pegar en cualquier sitio web de Shopify de forma gratuita.<\/li><\/ul><p>Utilizando nuestro Configurador intuitivo, cada usuario web puede establecer la aplicaci\u00f3n Feed de Tumblr en l\u00ednea e incluirla en su p\u00e1gina web de Shopify. No es necesario pagar ni revelar las credenciales de su tarjeta para acceder a nuestro servicio. Si encuentra alg\u00fan obst\u00e1culo de cualquier tipo, no dude en ponerse en contacto con nuestro equipo de soporte t\u00e9cnico.<\/p><\/div>\r\n\t\t\t\t\t<\/div>\r\n\t\t\t\t<\/div><\/div>","protected":false},"excerpt":{"rendered":"","protected":false},"author":9,"featured_media":0,"parent":2112,"menu_order":0,"comment_status":"closed","ping_status":"closed","template":"templates\/template-application-platform.php","meta":{"publish_to_discourse":"","publish_post_category":"","wpdc_auto_publish_overridden":"","wpdc_topic_tags":"","wpdc_pin_topic":"","wpdc_pin_until":"","discourse_post_id":"","discourse_permalink":"","wpdc_publishing_response":"","wpdc_publishing_error":"","footnotes":""},"class_list":["post-5653","page","type-page","status-publish","hentry"],"yoast_head":"<!-- This site is optimized with the Yoast SEO plugin v25.3.1 - https:\/\/yoast.com\/wordpress\/plugins\/seo\/ -->\n<title>Agregue la aplicaci\u00f3n Tumblr Feed al sitio web de Shopify (r\u00e1pido y gratis)<\/title>\n<meta name=\"description\" content=\"Agrega una aplicaci\u00f3n Shopify Tumblr Feed compatible con dispositivos m\u00f3viles en tu sitio. Utilice la pr\u00e1ctica demostraci\u00f3n de Elfsight y cree su magn\u00edfica aplicaci\u00f3n Tumblr con solo dos clics\" \/>\n<meta name=\"robots\" content=\"index, follow, max-snippet:-1, max-image-preview:large, max-video-preview:-1\" \/>\n<link rel=\"canonical\" href=\"https:\/\/elfsight.com\/es\/tumblr-feed-widget\/shopify\/\" \/>\n<meta property=\"og:locale\" content=\"es_ES\" \/>\n<meta property=\"og:type\" content=\"article\" \/>\n<meta property=\"og:title\" content=\"Agregue la aplicaci\u00f3n Tumblr Feed al sitio web de Shopify (r\u00e1pido y gratis)\" \/>\n<meta property=\"og:description\" content=\"Agrega una aplicaci\u00f3n Shopify Tumblr Feed compatible con dispositivos m\u00f3viles en tu sitio. Utilice la pr\u00e1ctica demostraci\u00f3n de Elfsight y cree su magn\u00edfica aplicaci\u00f3n Tumblr con solo dos clics\" \/>\n<meta property=\"og:url\" content=\"https:\/\/elfsight.com\/es\/tumblr-feed-widget\/shopify\/\" \/>\n<meta property=\"og:site_name\" content=\"Elfsight ES\" \/>\n<meta property=\"article:modified_time\" content=\"2025-02-06T16:12:54+00:00\" \/>\n<meta name=\"twitter:card\" content=\"summary_large_image\" \/>\n<meta name=\"twitter:label1\" content=\"Tiempo de lectura\" \/>\n\t<meta name=\"twitter:data1\" content=\"3 minutos\" \/>\n<!-- \/ Yoast SEO plugin. -->","yoast_head_json":{"title":"Agregue la aplicaci\u00f3n Tumblr Feed al sitio web de Shopify (r\u00e1pido y gratis)","description":"Agrega una aplicaci\u00f3n Shopify Tumblr Feed compatible con dispositivos m\u00f3viles en tu sitio. Utilice la pr\u00e1ctica demostraci\u00f3n de Elfsight y cree su magn\u00edfica aplicaci\u00f3n Tumblr con solo dos clics","robots":{"index":"index","follow":"follow","max-snippet":"max-snippet:-1","max-image-preview":"max-image-preview:large","max-video-preview":"max-video-preview:-1"},"canonical":"https:\/\/elfsight.com\/es\/tumblr-feed-widget\/shopify\/","og_locale":"es_ES","og_type":"article","og_title":"Agregue la aplicaci\u00f3n Tumblr Feed al sitio web de Shopify (r\u00e1pido y gratis)","og_description":"Agrega una aplicaci\u00f3n Shopify Tumblr Feed compatible con dispositivos m\u00f3viles en tu sitio. Utilice la pr\u00e1ctica demostraci\u00f3n de Elfsight y cree su magn\u00edfica aplicaci\u00f3n Tumblr con solo dos clics","og_url":"https:\/\/elfsight.com\/es\/tumblr-feed-widget\/shopify\/","og_site_name":"Elfsight ES","article_modified_time":"2025-02-06T16:12:54+00:00","twitter_card":"summary_large_image","twitter_misc":{"Tiempo de lectura":"3 minutos"},"schema":{"@context":"https:\/\/schema.org","@graph":[{"@type":"WebPage","@id":"https:\/\/elfsight.com\/es\/tumblr-feed-widget\/shopify\/","url":"https:\/\/elfsight.com\/es\/tumblr-feed-widget\/shopify\/","name":"Agregue la aplicaci\u00f3n Tumblr Feed al sitio web de Shopify (r\u00e1pido y gratis)","isPartOf":{"@id":"https:\/\/elfsight.com\/es\/#website"},"datePublished":"1970-01-01T00:00:00+00:00","dateModified":"2025-02-06T16:12:54+00:00","description":"Agrega una aplicaci\u00f3n Shopify Tumblr Feed compatible con dispositivos m\u00f3viles en tu sitio. Utilice la pr\u00e1ctica demostraci\u00f3n de Elfsight y cree su magn\u00edfica aplicaci\u00f3n Tumblr con solo dos clics","breadcrumb":{"@id":"https:\/\/elfsight.com\/es\/tumblr-feed-widget\/shopify\/#breadcrumb"},"inLanguage":"es","potentialAction":[{"@type":"ReadAction","target":["https:\/\/elfsight.com\/es\/tumblr-feed-widget\/shopify\/"]}]},{"@type":"BreadcrumbList","@id":"https:\/\/elfsight.com\/es\/tumblr-feed-widget\/shopify\/#breadcrumb","itemListElement":[{"@type":"ListItem","position":1,"name":"Home","item":"https:\/\/elfsight.com\/es\/"},{"@type":"ListItem","position":2,"name":"Tumblr Feed","item":"https:\/\/elfsight.com\/es\/tumblr-feed-widget\/"},{"@type":"ListItem","position":3,"name":"Tumblr Feed &#8211; Shopify"}]},{"@type":"WebSite","@id":"https:\/\/elfsight.com\/es\/#website","url":"https:\/\/elfsight.com\/es\/","name":"Elfsight ES","description":"Just another Elfsight Sites site","potentialAction":[{"@type":"SearchAction","target":{"@type":"EntryPoint","urlTemplate":"https:\/\/elfsight.com\/es\/?s={search_term_string}"},"query-input":{"@type":"PropertyValueSpecification","valueRequired":true,"valueName":"search_term_string"}}],"inLanguage":"es"}]}},"meta_box":{"industry":"","seo_heading":"","heading":"","description":"","cta_heading":"","cta_description":"","application":"2111","h1":"Aplicaci\u00f3n Shopify Tumblr Feed","h1_caption":"\u00a1Muestre su contenido de Tumblr en su sitio web con un clic!","application_category":[],"applications_title":"","applications_request_title":"","applications_request_button_text":"","hero_text":"","hero_video":"","hero_video_schema_markup":"","selling_points_title":"","selling_points_caption":"","selling_points":[],"selling_points_cta_text":"","features_title":"","features":"","ed_cta_examples_text":"","ed_cta_examples_hidden":"","ed_cta_demo_text":"","ed_cta_demo_hidden":"","why_caption":"","why_editor_title":"","why_editor_text":"","why_team_title":"","why_team_text":"","why_service_title":"","why_service_text":"","template_catalog_visible":"","template_catalog_title":"","template_catalog_text":"","template_catalog_categories_visible":"","demo_title":"Crea tu aplicaci\u00f3n Tumblr Feed","demo_caption":"\u00a1Configura tu feed de Tumblr y agr\u00e9galo a tu sitio web de Shopify gratis!","default_faq_hidden":"","app_template_category":[],"platform":"91","template_public_id":"","codecanyon_url":"","codecanyon_item_id":"","codecanyon_price":"","pricing_caption":"","pricing_elfsight_apps_hide_column":"","pricing_elfsight_apps_url":"","pricing_codecanyon_price_caption":"","integration_category":[],"integration_request_title":"","integration_request_cta":"","integration_platform":"","integrations":[],"platform_category":[],"video_schema_markup":"","price":"desde $0 \/ mes","trial":"","benefits":[{"text":"Ayuda de instalaci\u00f3n gratuita"},{"text":"Servicio al cliente profesional"},{"text":"Garant\u00eda de reembolso de 14 d\u00edas"},{"text":"Mejoras peri\u00f3dicas"}],"button_url":"#demo","button_target_blank":"","button_nofollow":"","attributes":[{"name":"Instalaciones","content":"10,000 - 100,000"},{"name":"Sensible","content":"S\u00ed"},{"name":"Navegadores compatibles","content":"Firefox, Safari, Opera, Chrome, Edge"}],"tags":[],"tags_disable_links":"","hide_more_platforms":"","video_object":"","demo_hide_cta":"","demo_hide_cloud_options":"","pricing_title":"","pricing":[{"pricing_icon":"platform","pricing_title":"Elfsight Apps","pricing_title_caption":"Software multiplataforma que se adapta a cualquier sitio","pricing_price":"desde $0 \/ mes","pricing_price_caption":"comienza con un plan gratuito","pricing_benefits":[{"text":"Sitios web ilimitados"},{"text":"Soporte gratuito"},{"text":"Soporte de instalaci\u00f3n gratuito"},{"text":"Totalmente personalizable"}],"pricing_button_text":"A\u00f1adir al sitio web","pricing_button_url":"#demo"}],"related_apps_title":"","related_apps_hidden":"","author":"","image":[],"title":"","job":"","social_networks":[]},"_links":{"self":[{"href":"https:\/\/elfsight.com\/es\/wp-json\/wp\/v2\/pages\/5653","targetHints":{"allow":["GET"]}}],"collection":[{"href":"https:\/\/elfsight.com\/es\/wp-json\/wp\/v2\/pages"}],"about":[{"href":"https:\/\/elfsight.com\/es\/wp-json\/wp\/v2\/types\/page"}],"author":[{"embeddable":true,"href":"https:\/\/elfsight.com\/es\/wp-json\/wp\/v2\/users\/9"}],"replies":[{"embeddable":true,"href":"https:\/\/elfsight.com\/es\/wp-json\/wp\/v2\/comments?post=5653"}],"version-history":[{"count":2,"href":"https:\/\/elfsight.com\/es\/wp-json\/wp\/v2\/pages\/5653\/revisions"}],"predecessor-version":[{"id":19383,"href":"https:\/\/elfsight.com\/es\/wp-json\/wp\/v2\/pages\/5653\/revisions\/19383"}],"up":[{"embeddable":true,"href":"https:\/\/elfsight.com\/es\/wp-json\/wp\/v2\/pages\/2112"}],"wp:attachment":[{"href":"https:\/\/elfsight.com\/es\/wp-json\/wp\/v2\/media?parent=5653"}],"curies":[{"name":"wp","href":"https:\/\/api.w.org\/{rel}","templated":true}]}}