{"id":5651,"date":"1970-01-01T00:00:00","date_gmt":"1970-01-01T00:00:00","guid":{"rendered":"https:\/\/elfsight.com\/es\/?page_id=5651"},"modified":"2025-02-06T16:12:54","modified_gmt":"2025-02-06T16:12:54","slug":"opencart","status":"publish","type":"page","link":"https:\/\/elfsight.com\/es\/tumblr-feed-widget\/opencart\/","title":{"rendered":"Tumblr Feed &#8211; OpenCart"},"content":{"rendered":"<div class=\"application-platform-content-item-description application-platform-content-item\" id=\"description\" data-nav-section=\"description\"> <h2>Descripci\u00f3n<\/h2> <p>Elfsight Tumblr Feed para OpenCart es un instrumento exclusivo para establecer su feed individualizado compuesto por el contenido de la red Tumblr y mostrarlo directamente en su sitio de Internet. \u00a1Dise\u00f1e una galer\u00eda o un control deslizante de publicaciones con unos pocos clics! Ejerza el control total sobre el contenido demostrado y elimine el spam y cualquier contenido no deseado mediante la moderaci\u00f3n manual. El configurador en l\u00ednea completamente responsivo le proporciona varias plantillas para elegir. <\/p> <p><b>Elija el contenido de Tumblr m\u00e1s atractivo para mantener a los usuarios de su sitio web interesados \u200b\u200by llegar a m\u00e1s personas<\/b><\/p> <\/div> <div class=\"application-platform-content-item-features application-platform-content-item\" id=\"features\" data-nav-section=\"features\"> <h2>Aqu\u00ed est\u00e1 la lista de las caracter\u00edsticas m\u00e1s importantes: <\/h2> <ul><li>Presente su contenido de redes sociales desde Tumblr<\/li><li>Elimine cualquier spam y contenido no deseado los medios del modo de moderaci\u00f3n manual. <\/li><li>Coloque el bot\u00f3n Seguir en las tarjetas de widgets. <\/li><li>Haz que tus publicaciones aparezcan en una ventana emergente. <\/li><\/ul><p><a href=\"#demo\">Pruebe todas las funciones de personalizaci\u00f3n en una demostraci\u00f3n completamente funcional<\/a><\/p> <\/div> <div class=\"application-platform-content-item-installation application-platform-content-item\" id=\"installation\" data-nav-section=\"installation\"> <h2>\u00bfC\u00f3mo puedo insertar Tumblr Feed en mi sitio OpenCart? <\/h2> <p>Simplemente siga las instrucciones a continuaci\u00f3n para integrar la extensi\u00f3n. <\/p> <ol><li><b>Utilice nuestro editor gratuito y comience a crear su extensi\u00f3n personalizada. <\/b><br>Especifique el dise\u00f1o y la funcionalidad adecuados de la extensi\u00f3n y aplique las modificaciones. <\/li> <li><b>Adquiera su c\u00f3digo personal que se muestra en el cuadro de Elfsight Apps. <\/b><br> Inmediatamente despu\u00e9s de finalizar la configuraci\u00f3n de su widget personal, copie el c\u00f3digo personal en el cuadro que aparece y gu\u00e1rdelo para futuras necesidades. <\/li> <li><b>Empiece a utilizar el complemento en su sitio web de plataforma. <\/b><br> Introduce el c\u00f3digo copiado anteriormente en tu web y guarda las correcciones. <\/li> <li><b>\u00a1Listo! La configuraci\u00f3n se realiz\u00f3 con \u00e9xito. <\/b><br>Vaya a su p\u00e1gina para ver en acci\u00f3n c\u00f3mo funciona la extensi\u00f3n. <\/li><\/ol> <p>Si tiene alg\u00fan problema, no dude en comunicarse con nuestro personal de atenci\u00f3n al cliente. Nuestra gente est\u00e1 ansiosa por resolver todas las preguntas que puedas tener con el complemento. <\/p> <\/div><div class=\"faq\" data-component=\"FAQ\"><div class=\"faq-item\">\r\n\t\t\t\t\t<div class=\"faq-item-question\">\r\n\t\t\t\t\t\t<h3 class=\"faq-item-question-text\">\u00bfExiste una opci\u00f3n para agregar Tumblr Feed a mi p\u00e1gina de inicio de OpenCart sin codificaci\u00f3n?<\/h3>\r\n\r\n\t\t\t\t\t\t<div class=\"faq-item-question-icon\"><\/div>\r\n\t\t\t\t\t<\/div>\r\n\r\n\t\t\t\t\t<div class=\"faq-item-answer\">\r\n\t\t\t\t\t\t<div class=\"faq-item-answer-text\"><p>La empresa Elfsight ofrece una soluci\u00f3n SaaS que permite a las personas crear un widget de Tumblr Feed usted mismo. Descubra las sencillas instrucciones:<\/p><ul><li>Vaya al editor en vivo para generar un complemento de Tumblr Feed que usted mismo usar\u00eda. desea incluir en OpenCart.<\/li><li>Elija una de nuestras plantillas listas para usar y ajuste la configuraci\u00f3n de Tumblr Feed, cambie el dise\u00f1o y los colores, incluya su contenido sin conocimientos de codificaci\u00f3n.<\/li><li>Haga clic para guardar Tumblr Feed y obtenga el c\u00f3digo de instalaci\u00f3n del widget, que se puede incluir f\u00e1cilmente en el sitio OpenCart dentro de un plan gratuito.<\/li><\/ul><p>Trabajando en el Configurador intuitivo, cada usuario de Internet puede crear una secci\u00f3n Tumblr Feed en l\u00ednea e incluirla en la p\u00e1gina de inicio de OpenCart. No es necesario pagar ni ingresar los datos de tu tarjeta para ingresar a nuestro servicio. Si tiene alg\u00fan problema en cualquier paso, contin\u00fae y hable con nuestro personal de soporte t\u00e9cnico.<\/p><\/div>\r\n\t\t\t\t\t<\/div>\r\n\t\t\t\t<\/div><\/div>","protected":false},"excerpt":{"rendered":"","protected":false},"author":9,"featured_media":0,"parent":2112,"menu_order":0,"comment_status":"closed","ping_status":"closed","template":"templates\/template-application-platform.php","meta":{"publish_to_discourse":"","publish_post_category":"","wpdc_auto_publish_overridden":"","wpdc_topic_tags":"","wpdc_pin_topic":"","wpdc_pin_until":"","discourse_post_id":"","discourse_permalink":"","wpdc_publishing_response":"","wpdc_publishing_error":"","footnotes":""},"class_list":["post-5651","page","type-page","status-publish","hentry"],"yoast_head":"<!-- This site is optimized with the Yoast SEO plugin v25.3.1 - https:\/\/yoast.com\/wordpress\/plugins\/seo\/ -->\n<title>Agregue la extensi\u00f3n Tumblr Feed al sitio web OpenCart (r\u00e1pido y gratis)<\/title>\n<meta name=\"description\" content=\"Incruste una extensi\u00f3n OpenCart Tumblr Feed en su p\u00e1gina. Utilice la pr\u00e1ctica demostraci\u00f3n de Elfsight y genere su magn\u00edfico widget de Tumblr en solo unos minutos\" \/>\n<meta name=\"robots\" content=\"index, follow, max-snippet:-1, max-image-preview:large, max-video-preview:-1\" \/>\n<link rel=\"canonical\" href=\"https:\/\/elfsight.com\/es\/tumblr-feed-widget\/opencart\/\" \/>\n<meta property=\"og:locale\" content=\"es_ES\" \/>\n<meta property=\"og:type\" content=\"article\" \/>\n<meta property=\"og:title\" content=\"Agregue la extensi\u00f3n Tumblr Feed al sitio web OpenCart (r\u00e1pido y gratis)\" \/>\n<meta property=\"og:description\" content=\"Incruste una extensi\u00f3n OpenCart Tumblr Feed en su p\u00e1gina. Utilice la pr\u00e1ctica demostraci\u00f3n de Elfsight y genere su magn\u00edfico widget de Tumblr en solo unos minutos\" \/>\n<meta property=\"og:url\" content=\"https:\/\/elfsight.com\/es\/tumblr-feed-widget\/opencart\/\" \/>\n<meta property=\"og:site_name\" content=\"Elfsight ES\" \/>\n<meta property=\"article:modified_time\" content=\"2025-02-06T16:12:54+00:00\" \/>\n<meta name=\"twitter:card\" content=\"summary_large_image\" \/>\n<meta name=\"twitter:label1\" content=\"Tiempo de lectura\" \/>\n\t<meta name=\"twitter:data1\" content=\"3 minutos\" \/>\n<!-- \/ Yoast SEO plugin. -->","yoast_head_json":{"title":"Agregue la extensi\u00f3n Tumblr Feed al sitio web OpenCart (r\u00e1pido y gratis)","description":"Incruste una extensi\u00f3n OpenCart Tumblr Feed en su p\u00e1gina. Utilice la pr\u00e1ctica demostraci\u00f3n de Elfsight y genere su magn\u00edfico widget de Tumblr en solo unos minutos","robots":{"index":"index","follow":"follow","max-snippet":"max-snippet:-1","max-image-preview":"max-image-preview:large","max-video-preview":"max-video-preview:-1"},"canonical":"https:\/\/elfsight.com\/es\/tumblr-feed-widget\/opencart\/","og_locale":"es_ES","og_type":"article","og_title":"Agregue la extensi\u00f3n Tumblr Feed al sitio web OpenCart (r\u00e1pido y gratis)","og_description":"Incruste una extensi\u00f3n OpenCart Tumblr Feed en su p\u00e1gina. Utilice la pr\u00e1ctica demostraci\u00f3n de Elfsight y genere su magn\u00edfico widget de Tumblr en solo unos minutos","og_url":"https:\/\/elfsight.com\/es\/tumblr-feed-widget\/opencart\/","og_site_name":"Elfsight ES","article_modified_time":"2025-02-06T16:12:54+00:00","twitter_card":"summary_large_image","twitter_misc":{"Tiempo de lectura":"3 minutos"},"schema":{"@context":"https:\/\/schema.org","@graph":[{"@type":"WebPage","@id":"https:\/\/elfsight.com\/es\/tumblr-feed-widget\/opencart\/","url":"https:\/\/elfsight.com\/es\/tumblr-feed-widget\/opencart\/","name":"Agregue la extensi\u00f3n Tumblr Feed al sitio web OpenCart (r\u00e1pido y gratis)","isPartOf":{"@id":"https:\/\/elfsight.com\/es\/#website"},"datePublished":"1970-01-01T00:00:00+00:00","dateModified":"2025-02-06T16:12:54+00:00","description":"Incruste una extensi\u00f3n OpenCart Tumblr Feed en su p\u00e1gina. Utilice la pr\u00e1ctica demostraci\u00f3n de Elfsight y genere su magn\u00edfico widget de Tumblr en solo unos minutos","breadcrumb":{"@id":"https:\/\/elfsight.com\/es\/tumblr-feed-widget\/opencart\/#breadcrumb"},"inLanguage":"es","potentialAction":[{"@type":"ReadAction","target":["https:\/\/elfsight.com\/es\/tumblr-feed-widget\/opencart\/"]}]},{"@type":"BreadcrumbList","@id":"https:\/\/elfsight.com\/es\/tumblr-feed-widget\/opencart\/#breadcrumb","itemListElement":[{"@type":"ListItem","position":1,"name":"Home","item":"https:\/\/elfsight.com\/es\/"},{"@type":"ListItem","position":2,"name":"Tumblr Feed","item":"https:\/\/elfsight.com\/es\/tumblr-feed-widget\/"},{"@type":"ListItem","position":3,"name":"Tumblr Feed &#8211; OpenCart"}]},{"@type":"WebSite","@id":"https:\/\/elfsight.com\/es\/#website","url":"https:\/\/elfsight.com\/es\/","name":"Elfsight ES","description":"Just another Elfsight Sites site","potentialAction":[{"@type":"SearchAction","target":{"@type":"EntryPoint","urlTemplate":"https:\/\/elfsight.com\/es\/?s={search_term_string}"},"query-input":{"@type":"PropertyValueSpecification","valueRequired":true,"valueName":"search_term_string"}}],"inLanguage":"es"}]}},"meta_box":{"industry":"","seo_heading":"","heading":"","description":"","cta_heading":"","cta_description":"","application":"2111","h1":"Extensi\u00f3n OpenCart Tumblr Feed","h1_caption":"\u00a1Muestre sus publicaciones de Tumblr en su sitio con solo unos pocos clics!","application_category":[],"applications_title":"","applications_request_title":"","applications_request_button_text":"","hero_text":"","hero_video":"","hero_video_schema_markup":"","selling_points_title":"","selling_points_caption":"","selling_points":[],"selling_points_cta_text":"","features_title":"","features":"","ed_cta_examples_text":"","ed_cta_examples_hidden":"","ed_cta_demo_text":"","ed_cta_demo_hidden":"","why_caption":"","why_editor_title":"","why_editor_text":"","why_team_title":"","why_team_text":"","why_service_title":"","why_service_text":"","template_catalog_visible":"","template_catalog_title":"","template_catalog_text":"","template_catalog_categories_visible":"","demo_title":"Crea tu extensi\u00f3n Tumblr Feed","demo_caption":"\u00a1Configure su feed de Tumblr y agr\u00e9guelo a su sitio web OpenCart gratis!","default_faq_hidden":"","app_template_category":[],"platform":"88","template_public_id":"","codecanyon_url":"","codecanyon_item_id":"","codecanyon_price":"","pricing_caption":"","pricing_elfsight_apps_hide_column":"","pricing_elfsight_apps_url":"","pricing_codecanyon_price_caption":"","integration_category":[],"integration_request_title":"","integration_request_cta":"","integration_platform":"","integrations":[],"platform_category":[],"video_schema_markup":"","price":"desde $0 \/ mes","trial":"","benefits":[{"text":"Servicio de instalaci\u00f3n gratuito"},{"text":"Soporte premium"},{"text":"Garant\u00eda de devoluci\u00f3n de dinero de 14 d\u00edas"},{"text":"Desarrollo continuo"}],"button_url":"#demo","button_target_blank":"","button_nofollow":"","attributes":[{"name":"Instalaciones","content":"10,000 - 100,000"},{"name":"Sensible","content":"S\u00ed"},{"name":"Navegadores compatibles","content":"Firefox, Safari, Opera, Chrome, Edge"}],"tags":[],"tags_disable_links":"","hide_more_platforms":"","video_object":"","demo_hide_cta":"","demo_hide_cloud_options":"","pricing_title":"","pricing":[{"pricing_icon":"platform","pricing_title":"Elfsight Apps","pricing_title_caption":"Soluci\u00f3n multiplataforma","pricing_price":"desde $0 \/ mes","pricing_price_caption":"comienza con un plan gratuito","pricing_benefits":[{"text":"Dominios ilimitados"},{"text":"Atenci\u00f3n al cliente dedicada"},{"text":"Servicio de instalaci\u00f3n gratuito"},{"text":"Totalmente personalizable"}],"pricing_button_text":"A\u00f1adir al sitio web","pricing_button_url":"#demo"}],"related_apps_title":"","related_apps_hidden":"","author":"","image":[],"title":"","job":"","social_networks":[]},"_links":{"self":[{"href":"https:\/\/elfsight.com\/es\/wp-json\/wp\/v2\/pages\/5651","targetHints":{"allow":["GET"]}}],"collection":[{"href":"https:\/\/elfsight.com\/es\/wp-json\/wp\/v2\/pages"}],"about":[{"href":"https:\/\/elfsight.com\/es\/wp-json\/wp\/v2\/types\/page"}],"author":[{"embeddable":true,"href":"https:\/\/elfsight.com\/es\/wp-json\/wp\/v2\/users\/9"}],"replies":[{"embeddable":true,"href":"https:\/\/elfsight.com\/es\/wp-json\/wp\/v2\/comments?post=5651"}],"version-history":[{"count":2,"href":"https:\/\/elfsight.com\/es\/wp-json\/wp\/v2\/pages\/5651\/revisions"}],"predecessor-version":[{"id":19385,"href":"https:\/\/elfsight.com\/es\/wp-json\/wp\/v2\/pages\/5651\/revisions\/19385"}],"up":[{"embeddable":true,"href":"https:\/\/elfsight.com\/es\/wp-json\/wp\/v2\/pages\/2112"}],"wp:attachment":[{"href":"https:\/\/elfsight.com\/es\/wp-json\/wp\/v2\/media?parent=5651"}],"curies":[{"name":"wp","href":"https:\/\/api.w.org\/{rel}","templated":true}]}}