{"id":5645,"date":"1970-01-01T00:00:00","date_gmt":"1970-01-01T00:00:00","guid":{"rendered":"https:\/\/elfsight.com\/es\/?page_id=5645"},"modified":"2025-02-06T16:13:03","modified_gmt":"2025-02-06T16:13:03","slug":"magento","status":"publish","type":"page","link":"https:\/\/elfsight.com\/es\/tumblr-feed-widget\/magento\/","title":{"rendered":"Tumblr Feed &#8211; Magento"},"content":{"rendered":"<div class=\"application-platform-content-item-description application-platform-content-item\" id=\"description\" data-nav-section=\"description\"> <h2>Descripci\u00f3n<\/h2> <p>Elfsight Tumblr Feed para Magento es una extensi\u00f3n para crear su feed individualizado que consta de las fuentes de Tumblr y demostrarlo directamente en su sitio web. \u00a1Desarrolla una galer\u00eda o un control deslizante de publicaciones en 1-2-3! Ejerza el control absoluto sobre el contenido mostrado y elimine el spam y cualquier contenido no deseado mediante la moderaci\u00f3n manual. El configurador en l\u00ednea totalmente responsivo le ofrece numerosas plantillas para seleccionar. <\/p> <p><b>Seleccione el contenido de Tumblr m\u00e1s llamativo para mantener a los visitantes de su sitio web interesados \u200b\u200by afectar a m\u00e1s personas<\/b><\/p> <\/div> <div class=\"application-platform-content-item-features application-platform-content-item\" id=\"features\" data-nav-section=\"features\"> <h2>Las funciones del widget central ofrecen<\/h2> <ul><li>Muestre su contenido de Tumblr<\/li><li>Elimine cualquier spam y contenido no deseado aplicando el modo de moderaci\u00f3n manual. <\/li><li>Instale el bot\u00f3n Seguir en las tarjetas de widgets. <\/li><li>Haz que tus publicaciones se vean en modo emergente. <\/li><\/ul><p><a href=\"#demo\">Puedes comprobar lo que ofrece el widget usando la demostraci\u00f3n<\/a><\/p> <\/div> <div class=\"application-platform-content-item-installation application-platform-content-item\" id=\"installation\" data-nav-section=\"installation\"> <h2>\u00bfC\u00f3mo puedo insertar Tumblr Feed en mi sitio web Magento? <\/h2> <p>Simplemente siga las pautas a continuaci\u00f3n para integrar la herramienta. <\/p> <ol><li><b>Emplee nuestro editor gratuito y comience a crear su propia extensi\u00f3n. <\/b><br> Encuentre la forma deseable y los rasgos funcionales de la extensi\u00f3n y guarde las correcciones. <\/li> <li><b>Reciba el c\u00f3digo personal que se muestra en el formulario especial en Elfsight Apps. <\/b><br> Inmediatamente despu\u00e9s de establecer su extensi\u00f3n, copie el c\u00f3digo personal en la ventana que aparece y gu\u00e1rdelo para su uso posterior. <\/li> <li><b>Comience a aplicar la herramienta en el sitio web de Magento. <\/b><br>Implemente el c\u00f3digo guardado recientemente en su sitio web y aplique las ediciones. <\/li> <li><b>\u00a1Listo! La integraci\u00f3n ha finalizado con \u00e9xito. <\/b><br>Vaya a su p\u00e1gina para ver el rendimiento de la herramienta. <\/li><\/ol> <p>A condici\u00f3n de resolver dudas o repasar algunas complicaciones, no dude en buscar ayuda de nuestro equipo de atenci\u00f3n al cliente. Nuestros asesores estar\u00e1n encantados de ayudarle con todos los problemas que pueda tener con el producto. <\/p> <\/div><div class=\"faq\" data-component=\"FAQ\"><div class=\"faq-item\">\r\n\t\t\t\t\t<div class=\"faq-item-question\">\r\n\t\t\t\t\t\t<h3 class=\"faq-item-question-text\">\u00bfExiste alguna manera de incrustar Tumblr Feed en mi sitio web Magento sin experiencia en codificaci\u00f3n?<\/h3>\r\n\r\n\t\t\t\t\t\t<div class=\"faq-item-question-icon\"><\/div>\r\n\t\t\t\t\t<\/div>\r\n\r\n\t\t\t\t\t<div class=\"faq-item-answer\">\r\n\t\t\t\t\t\t<div class=\"faq-item-answer-text\"><p>La empresa Elfsight ofrece una soluci\u00f3n SaaS que permite al usuario crear una aplicaci\u00f3n Tumblr Feed usted mismo. Descubra lo f\u00e1cil que es:<\/p><ul><li>Comience a trabajar en la demostraci\u00f3n en l\u00ednea para crear el complemento Tumblr Feed que desee. para integrar en el sitio web de Magento.<\/li><li>Elija una de nuestras plantillas listas para usar y modifique la configuraci\u00f3n del Feed de Tumblr, agregue su contenido, modifique el dise\u00f1o y la combinaci\u00f3n de colores sin codificaci\u00f3n.<\/li><li>Guarde el Feed de Tumblr y obtenga el c\u00f3digo de instalaci\u00f3n, que puede incluirse sin esfuerzo en el sitio de Magento sin comprar un plan pago.<\/li><\/ul><p>Utilizando nuestro editor intuitivo, cualquier usuario de Internet puede generar Feed de Tumblr en l\u00ednea y simplemente pegarlo en el sitio de Magento. No debe pagar ni ingresar los datos de su tarjeta para acceder a Elfsight Editor. Si encuentra alg\u00fan obst\u00e1culo de cualquier tipo, no dude en comunicarse con nuestro servicio de atenci\u00f3n al cliente.<\/p><\/div>\r\n\t\t\t\t\t<\/div>\r\n\t\t\t\t<\/div><\/div>","protected":false},"excerpt":{"rendered":"","protected":false},"author":9,"featured_media":0,"parent":2112,"menu_order":0,"comment_status":"closed","ping_status":"closed","template":"templates\/template-application-platform.php","meta":{"publish_to_discourse":"","publish_post_category":"","wpdc_auto_publish_overridden":"","wpdc_topic_tags":"","wpdc_pin_topic":"","wpdc_pin_until":"","discourse_post_id":"","discourse_permalink":"","wpdc_publishing_response":"","wpdc_publishing_error":"","footnotes":""},"class_list":["post-5645","page","type-page","status-publish","hentry"],"yoast_head":"<!-- This site is optimized with the Yoast SEO plugin v25.3.1 - https:\/\/yoast.com\/wordpress\/plugins\/seo\/ -->\n<title>Agregue la extensi\u00f3n Tumblr Feed al sitio web de Magento (r\u00e1pido y gratis)<\/title>\n<meta name=\"description\" content=\"Inserte la extensi\u00f3n Magento Tumblr Feed en el sitio web. Pruebe la pr\u00e1ctica demostraci\u00f3n de Elfsight y cree su incre\u00edble extensi\u00f3n de Tumblr en dos clics\" \/>\n<meta name=\"robots\" content=\"index, follow, max-snippet:-1, max-image-preview:large, max-video-preview:-1\" \/>\n<link rel=\"canonical\" href=\"https:\/\/elfsight.com\/es\/tumblr-feed-widget\/magento\/\" \/>\n<meta property=\"og:locale\" content=\"es_ES\" \/>\n<meta property=\"og:type\" content=\"article\" \/>\n<meta property=\"og:title\" content=\"Agregue la extensi\u00f3n Tumblr Feed al sitio web de Magento (r\u00e1pido y gratis)\" \/>\n<meta property=\"og:description\" content=\"Inserte la extensi\u00f3n Magento Tumblr Feed en el sitio web. Pruebe la pr\u00e1ctica demostraci\u00f3n de Elfsight y cree su incre\u00edble extensi\u00f3n de Tumblr en dos clics\" \/>\n<meta property=\"og:url\" content=\"https:\/\/elfsight.com\/es\/tumblr-feed-widget\/magento\/\" \/>\n<meta property=\"og:site_name\" content=\"Elfsight ES\" \/>\n<meta property=\"article:modified_time\" content=\"2025-02-06T16:13:03+00:00\" \/>\n<meta name=\"twitter:card\" content=\"summary_large_image\" \/>\n<meta name=\"twitter:label1\" content=\"Tiempo de lectura\" \/>\n\t<meta name=\"twitter:data1\" content=\"3 minutos\" \/>\n<!-- \/ Yoast SEO plugin. -->","yoast_head_json":{"title":"Agregue la extensi\u00f3n Tumblr Feed al sitio web de Magento (r\u00e1pido y gratis)","description":"Inserte la extensi\u00f3n Magento Tumblr Feed en el sitio web. Pruebe la pr\u00e1ctica demostraci\u00f3n de Elfsight y cree su incre\u00edble extensi\u00f3n de Tumblr en dos clics","robots":{"index":"index","follow":"follow","max-snippet":"max-snippet:-1","max-image-preview":"max-image-preview:large","max-video-preview":"max-video-preview:-1"},"canonical":"https:\/\/elfsight.com\/es\/tumblr-feed-widget\/magento\/","og_locale":"es_ES","og_type":"article","og_title":"Agregue la extensi\u00f3n Tumblr Feed al sitio web de Magento (r\u00e1pido y gratis)","og_description":"Inserte la extensi\u00f3n Magento Tumblr Feed en el sitio web. Pruebe la pr\u00e1ctica demostraci\u00f3n de Elfsight y cree su incre\u00edble extensi\u00f3n de Tumblr en dos clics","og_url":"https:\/\/elfsight.com\/es\/tumblr-feed-widget\/magento\/","og_site_name":"Elfsight ES","article_modified_time":"2025-02-06T16:13:03+00:00","twitter_card":"summary_large_image","twitter_misc":{"Tiempo de lectura":"3 minutos"},"schema":{"@context":"https:\/\/schema.org","@graph":[{"@type":"WebPage","@id":"https:\/\/elfsight.com\/es\/tumblr-feed-widget\/magento\/","url":"https:\/\/elfsight.com\/es\/tumblr-feed-widget\/magento\/","name":"Agregue la extensi\u00f3n Tumblr Feed al sitio web de Magento (r\u00e1pido y gratis)","isPartOf":{"@id":"https:\/\/elfsight.com\/es\/#website"},"datePublished":"1970-01-01T00:00:00+00:00","dateModified":"2025-02-06T16:13:03+00:00","description":"Inserte la extensi\u00f3n Magento Tumblr Feed en el sitio web. Pruebe la pr\u00e1ctica demostraci\u00f3n de Elfsight y cree su incre\u00edble extensi\u00f3n de Tumblr en dos clics","breadcrumb":{"@id":"https:\/\/elfsight.com\/es\/tumblr-feed-widget\/magento\/#breadcrumb"},"inLanguage":"es","potentialAction":[{"@type":"ReadAction","target":["https:\/\/elfsight.com\/es\/tumblr-feed-widget\/magento\/"]}]},{"@type":"BreadcrumbList","@id":"https:\/\/elfsight.com\/es\/tumblr-feed-widget\/magento\/#breadcrumb","itemListElement":[{"@type":"ListItem","position":1,"name":"Home","item":"https:\/\/elfsight.com\/es\/"},{"@type":"ListItem","position":2,"name":"Tumblr Feed","item":"https:\/\/elfsight.com\/es\/tumblr-feed-widget\/"},{"@type":"ListItem","position":3,"name":"Tumblr Feed &#8211; Magento"}]},{"@type":"WebSite","@id":"https:\/\/elfsight.com\/es\/#website","url":"https:\/\/elfsight.com\/es\/","name":"Elfsight ES","description":"Just another Elfsight Sites site","potentialAction":[{"@type":"SearchAction","target":{"@type":"EntryPoint","urlTemplate":"https:\/\/elfsight.com\/es\/?s={search_term_string}"},"query-input":{"@type":"PropertyValueSpecification","valueRequired":true,"valueName":"search_term_string"}}],"inLanguage":"es"}]}},"meta_box":{"industry":"","seo_heading":"","heading":"","description":"","cta_heading":"","cta_description":"","application":"2111","h1":"Extensi\u00f3n de feed de Tumblr de Magento","h1_caption":"\u00a1Revela tu contenido de Tumblr en tu sitio web en 1-2-3!","application_category":[],"applications_title":"","applications_request_title":"","applications_request_button_text":"","hero_text":"","hero_video":"","hero_video_schema_markup":"","selling_points_title":"","selling_points_caption":"","selling_points":[],"selling_points_cta_text":"","features_title":"","features":"","ed_cta_examples_text":"","ed_cta_examples_hidden":"","ed_cta_demo_text":"","ed_cta_demo_hidden":"","why_caption":"","why_editor_title":"","why_editor_text":"","why_team_title":"","why_team_text":"","why_service_title":"","why_service_text":"","template_catalog_visible":"","template_catalog_title":"","template_catalog_text":"","template_catalog_categories_visible":"","demo_title":"Crea tu extensi\u00f3n Tumblr Feed","demo_caption":"\u00a1Configura tu feed de Tumblr y agr\u00e9galo a tu sitio web Magento gratis!","default_faq_hidden":"","app_template_category":[],"platform":"82","template_public_id":"","codecanyon_url":"","codecanyon_item_id":"","codecanyon_price":"","pricing_caption":"","pricing_elfsight_apps_hide_column":"","pricing_elfsight_apps_url":"","pricing_codecanyon_price_caption":"","integration_category":[],"integration_request_title":"","integration_request_cta":"","integration_platform":"","integrations":[],"platform_category":[],"video_schema_markup":"","price":"desde $0 \/ mes","trial":"","benefits":[{"text":"Ayuda de instalaci\u00f3n gratuita"},{"text":"Soporte premium"},{"text":"Garant\u00eda de reembolso de 14 d\u00edas"},{"text":"Actualizaciones de por vida"}],"button_url":"#demo","button_target_blank":"","button_nofollow":"","attributes":[{"name":"Instalaciones","content":"10,000 - 100,000"},{"name":"Sensible","content":"S\u00ed"},{"name":"Navegadores compatibles","content":"Firefox, Safari, Opera, Chrome, Edge"}],"tags":[],"tags_disable_links":"","hide_more_platforms":"","video_object":"","demo_hide_cta":"","demo_hide_cloud_options":"","pricing_title":"","pricing":[{"pricing_icon":"platform","pricing_title":"Elfsight Apps","pricing_title_caption":"Soluci\u00f3n independiente de plataforma que se adapta a cualquier sitio","pricing_price":"desde $0 \/ mes","pricing_price_caption":"comienza con un plan gratuito","pricing_benefits":[{"text":"Dominios ilimitados"},{"text":"Soporte premium y bien documentado."},{"text":"Asistencia de instalaci\u00f3n gratuita"},{"text":"Dise\u00f1o flexible"}],"pricing_button_text":"A\u00f1adir al sitio web","pricing_button_url":"#demo"}],"related_apps_title":"","related_apps_hidden":"","author":"","image":[],"title":"","job":"","social_networks":[]},"_links":{"self":[{"href":"https:\/\/elfsight.com\/es\/wp-json\/wp\/v2\/pages\/5645","targetHints":{"allow":["GET"]}}],"collection":[{"href":"https:\/\/elfsight.com\/es\/wp-json\/wp\/v2\/pages"}],"about":[{"href":"https:\/\/elfsight.com\/es\/wp-json\/wp\/v2\/types\/page"}],"author":[{"embeddable":true,"href":"https:\/\/elfsight.com\/es\/wp-json\/wp\/v2\/users\/9"}],"replies":[{"embeddable":true,"href":"https:\/\/elfsight.com\/es\/wp-json\/wp\/v2\/comments?post=5645"}],"version-history":[{"count":2,"href":"https:\/\/elfsight.com\/es\/wp-json\/wp\/v2\/pages\/5645\/revisions"}],"predecessor-version":[{"id":19387,"href":"https:\/\/elfsight.com\/es\/wp-json\/wp\/v2\/pages\/5645\/revisions\/19387"}],"up":[{"embeddable":true,"href":"https:\/\/elfsight.com\/es\/wp-json\/wp\/v2\/pages\/2112"}],"wp:attachment":[{"href":"https:\/\/elfsight.com\/es\/wp-json\/wp\/v2\/media?parent=5645"}],"curies":[{"name":"wp","href":"https:\/\/api.w.org\/{rel}","templated":true}]}}