{"id":5642,"date":"1970-01-01T00:00:00","date_gmt":"1970-01-01T00:00:00","guid":{"rendered":"https:\/\/elfsight.com\/es\/?page_id=5642"},"modified":"2025-02-06T16:13:03","modified_gmt":"2025-02-06T16:13:03","slug":"joomla","status":"publish","type":"page","link":"https:\/\/elfsight.com\/es\/tumblr-feed-widget\/joomla\/","title":{"rendered":"Tumblr Feed &#8211; Joomla"},"content":{"rendered":"<div class=\"application-platform-content-item-description application-platform-content-item\" id=\"description\" data-nav-section=\"description\"> <h2>Descripci\u00f3n<\/h2> <p>Elfsight Tumblr Feed para Joomla es una extensi\u00f3n \u00fanica para dise\u00f1ar su feed individualizado que consiste en el contenido de la red Tumblr y mostrarlo directamente en su sitio web. \u00a1Forma una galer\u00eda o control deslizante de publicaciones en 1-2-3! Ejerza el control total sobre el contenido mostrado y elimine el spam y cualquier contenido no deseado mediante la moderaci\u00f3n manual. El editor en l\u00ednea totalmente responsivo le ofrece muchas plantillas para seleccionar. <\/p> <p><b>Muestre el contenido de Tumblr m\u00e1s llamativo para mantener a sus visitantes interesados \u200b\u200by afectar a m\u00e1s personas<\/b><\/p> <\/div> <div class=\"application-platform-content-item-features application-platform-content-item\" id=\"features\" data-nav-section=\"features\"> <h2>A continuaci\u00f3n se muestran las caracter\u00edsticas clave del widget: <\/h2> <ul><li>Muestre el contenido de Tumblr<\/li><li>Desh\u00e1gase de cualquier spam y contenido no deseado mediante el modo de moderaci\u00f3n manual. <\/li><li>Establezca el bot\u00f3n Seguir en las tarjetas de widgets. <\/li><li>Haz que tus publicaciones aparezcan en modo emergente. <\/li><\/ul><p><a href=\"#demo\">Puedes explorar todas las capacidades del widget en la demostraci\u00f3n <\/a><\/p> <\/div> <div class=\"application-platform-content-item-installation application-platform-content-item\" id=\"installation\" data-nav-section=\"installation\"> <h2>\u00bfC\u00f3mo puedo insertar Tumblr Feed en mi sitio web Joomla? <\/h2> <p>Simplemente siga los siguientes pasos que se detallan a continuaci\u00f3n para integrar la herramienta. <\/p> <ol><li><b>Emplee nuestra demostraci\u00f3n gratuita y comience a crear su extensi\u00f3n personalizada. <\/b><br> Encuentre el dise\u00f1o adecuado y las caracter\u00edsticas funcionales del complemento y aplique las correcciones. <\/li> <li><b>Adquiera el c\u00f3digo personal que se revela en el cuadro de Elfsight Apps. <\/b><br> Inmediatamente despu\u00e9s de completar la configuraci\u00f3n de su complemento, copie el c\u00f3digo individual en la ventana emergente que aparece y gu\u00e1rdelo para futuras necesidades. <\/li> <li><b>Inicie la utilizaci\u00f3n del widget en su sitio web Joomla. <\/b><br> Pegue el c\u00f3digo que guard\u00f3 anteriormente en su p\u00e1gina y guarde las correcciones. <\/li> <li><b>La configuraci\u00f3n se realiz\u00f3 exitosamente. <\/b><br>Vaya a su sitio para ver el funcionamiento de la extensi\u00f3n. <\/li><\/ol> <p>Si tienes alg\u00fan problema, no dudes en escribir a nuestro equipo de soporte. Nuestros especialistas estar\u00e1n encantados de ayudarte con todas las dudas que puedas tener sobre el producto. <\/p> <\/div><div class=\"faq\" data-component=\"FAQ\"><div class=\"faq-item\">\r\n\t\t\t\t\t<div class=\"faq-item-question\">\r\n\t\t\t\t\t\t<h3 class=\"faq-item-question-text\">\u00bfExiste alguna manera de agregar Tumblr Feed a mi p\u00e1gina web Joomla sin conocimientos de codificaci\u00f3n?<\/h3>\r\n\r\n\t\t\t\t\t\t<div class=\"faq-item-question-icon\"><\/div>\r\n\t\t\t\t\t<\/div>\r\n\r\n\t\t\t\t\t<div class=\"faq-item-answer\">\r\n\t\t\t\t\t\t<div class=\"faq-item-answer-text\"><p>La empresa Elfsight proporciona una soluci\u00f3n que permite a los usuarios generar una aplicaci\u00f3n Tumblr Feed usted mismo. Descubra los sencillos pasos:<\/p><ul><li>Trabaje directamente en el editor en l\u00ednea para establecer una aplicaci\u00f3n Tumblr Feed que le gustar\u00eda incluir en la web Joomla. p\u00e1gina.<\/li><li>Elija una de nuestras plantillas predise\u00f1adas y adapte la configuraci\u00f3n de Tumblr Feed, transforme el dise\u00f1o y el color de los elementos, incluya su contenido sin codificaci\u00f3n.<\/li><li>Guarde el Tumblr Feed y obtenga c\u00f3digo para incrustar, que puede incluirse sin esfuerzo en su p\u00e1gina de inicio de Joomla sin comprar una suscripci\u00f3n paga.<\/li><\/ul><p>Utilizando nuestro Configurador intuitivo, cada usuario web puede crear un complemento Tumblr Feed en l\u00ednea e incluirlo en su sitio Joomla. No es necesario obtener una suscripci\u00f3n paga ni enviar las credenciales de su tarjeta para ingresar al servicio. Si tiene alg\u00fan problema en cualquier paso, no dude en ponerse en contacto con nuestro equipo de soporte.<\/p><\/div>\r\n\t\t\t\t\t<\/div>\r\n\t\t\t\t<\/div><\/div>","protected":false},"excerpt":{"rendered":"","protected":false},"author":9,"featured_media":0,"parent":2112,"menu_order":0,"comment_status":"closed","ping_status":"closed","template":"templates\/template-application-platform.php","meta":{"publish_to_discourse":"","publish_post_category":"","wpdc_auto_publish_overridden":"","wpdc_topic_tags":"","wpdc_pin_topic":"","wpdc_pin_until":"","discourse_post_id":"","discourse_permalink":"","wpdc_publishing_response":"","wpdc_publishing_error":"","footnotes":""},"class_list":["post-5642","page","type-page","status-publish","hentry"],"yoast_head":"<!-- This site is optimized with the Yoast SEO plugin v25.3.1 - https:\/\/yoast.com\/wordpress\/plugins\/seo\/ -->\n<title>Agregue la extensi\u00f3n Tumblr Feed al sitio web Joomla (r\u00e1pido y gratis)<\/title>\n<meta name=\"description\" content=\"Inserte la extensi\u00f3n Joomla Tumblr Feed en la p\u00e1gina. Pruebe la pr\u00e1ctica demostraci\u00f3n de Elfsight y modifique su incre\u00edble extensi\u00f3n de Tumblr con un par de clics\" \/>\n<meta name=\"robots\" content=\"index, follow, max-snippet:-1, max-image-preview:large, max-video-preview:-1\" \/>\n<link rel=\"canonical\" href=\"https:\/\/elfsight.com\/es\/tumblr-feed-widget\/joomla\/\" \/>\n<meta property=\"og:locale\" content=\"es_ES\" \/>\n<meta property=\"og:type\" content=\"article\" \/>\n<meta property=\"og:title\" content=\"Agregue la extensi\u00f3n Tumblr Feed al sitio web Joomla (r\u00e1pido y gratis)\" \/>\n<meta property=\"og:description\" content=\"Inserte la extensi\u00f3n Joomla Tumblr Feed en la p\u00e1gina. Pruebe la pr\u00e1ctica demostraci\u00f3n de Elfsight y modifique su incre\u00edble extensi\u00f3n de Tumblr con un par de clics\" \/>\n<meta property=\"og:url\" content=\"https:\/\/elfsight.com\/es\/tumblr-feed-widget\/joomla\/\" \/>\n<meta property=\"og:site_name\" content=\"Elfsight ES\" \/>\n<meta property=\"article:modified_time\" content=\"2025-02-06T16:13:03+00:00\" \/>\n<meta name=\"twitter:card\" content=\"summary_large_image\" \/>\n<meta name=\"twitter:label1\" content=\"Tiempo de lectura\" \/>\n\t<meta name=\"twitter:data1\" content=\"3 minutos\" \/>\n<!-- \/ Yoast SEO plugin. -->","yoast_head_json":{"title":"Agregue la extensi\u00f3n Tumblr Feed al sitio web Joomla (r\u00e1pido y gratis)","description":"Inserte la extensi\u00f3n Joomla Tumblr Feed en la p\u00e1gina. Pruebe la pr\u00e1ctica demostraci\u00f3n de Elfsight y modifique su incre\u00edble extensi\u00f3n de Tumblr con un par de clics","robots":{"index":"index","follow":"follow","max-snippet":"max-snippet:-1","max-image-preview":"max-image-preview:large","max-video-preview":"max-video-preview:-1"},"canonical":"https:\/\/elfsight.com\/es\/tumblr-feed-widget\/joomla\/","og_locale":"es_ES","og_type":"article","og_title":"Agregue la extensi\u00f3n Tumblr Feed al sitio web Joomla (r\u00e1pido y gratis)","og_description":"Inserte la extensi\u00f3n Joomla Tumblr Feed en la p\u00e1gina. Pruebe la pr\u00e1ctica demostraci\u00f3n de Elfsight y modifique su incre\u00edble extensi\u00f3n de Tumblr con un par de clics","og_url":"https:\/\/elfsight.com\/es\/tumblr-feed-widget\/joomla\/","og_site_name":"Elfsight ES","article_modified_time":"2025-02-06T16:13:03+00:00","twitter_card":"summary_large_image","twitter_misc":{"Tiempo de lectura":"3 minutos"},"schema":{"@context":"https:\/\/schema.org","@graph":[{"@type":"WebPage","@id":"https:\/\/elfsight.com\/es\/tumblr-feed-widget\/joomla\/","url":"https:\/\/elfsight.com\/es\/tumblr-feed-widget\/joomla\/","name":"Agregue la extensi\u00f3n Tumblr Feed al sitio web Joomla (r\u00e1pido y gratis)","isPartOf":{"@id":"https:\/\/elfsight.com\/es\/#website"},"datePublished":"1970-01-01T00:00:00+00:00","dateModified":"2025-02-06T16:13:03+00:00","description":"Inserte la extensi\u00f3n Joomla Tumblr Feed en la p\u00e1gina. Pruebe la pr\u00e1ctica demostraci\u00f3n de Elfsight y modifique su incre\u00edble extensi\u00f3n de Tumblr con un par de clics","breadcrumb":{"@id":"https:\/\/elfsight.com\/es\/tumblr-feed-widget\/joomla\/#breadcrumb"},"inLanguage":"es","potentialAction":[{"@type":"ReadAction","target":["https:\/\/elfsight.com\/es\/tumblr-feed-widget\/joomla\/"]}]},{"@type":"BreadcrumbList","@id":"https:\/\/elfsight.com\/es\/tumblr-feed-widget\/joomla\/#breadcrumb","itemListElement":[{"@type":"ListItem","position":1,"name":"Home","item":"https:\/\/elfsight.com\/es\/"},{"@type":"ListItem","position":2,"name":"Tumblr Feed","item":"https:\/\/elfsight.com\/es\/tumblr-feed-widget\/"},{"@type":"ListItem","position":3,"name":"Tumblr Feed &#8211; Joomla"}]},{"@type":"WebSite","@id":"https:\/\/elfsight.com\/es\/#website","url":"https:\/\/elfsight.com\/es\/","name":"Elfsight ES","description":"Just another Elfsight Sites site","potentialAction":[{"@type":"SearchAction","target":{"@type":"EntryPoint","urlTemplate":"https:\/\/elfsight.com\/es\/?s={search_term_string}"},"query-input":{"@type":"PropertyValueSpecification","valueRequired":true,"valueName":"search_term_string"}}],"inLanguage":"es"}]}},"meta_box":{"industry":"","seo_heading":"","heading":"","description":"","cta_heading":"","cta_description":"","application":"2111","h1":"Extensi\u00f3n de alimentaci\u00f3n de Tumblr de Joomla","h1_caption":"\u00a1Muestra tus publicaciones de Tumblr en tu sitio web en 1-2-3!","application_category":[],"applications_title":"","applications_request_title":"","applications_request_button_text":"","hero_text":"","hero_video":"","hero_video_schema_markup":"","selling_points_title":"","selling_points_caption":"","selling_points":[],"selling_points_cta_text":"","features_title":"","features":"","ed_cta_examples_text":"","ed_cta_examples_hidden":"","ed_cta_demo_text":"","ed_cta_demo_hidden":"","why_caption":"","why_editor_title":"","why_editor_text":"","why_team_title":"","why_team_text":"","why_service_title":"","why_service_text":"","template_catalog_visible":"","template_catalog_title":"","template_catalog_text":"","template_catalog_categories_visible":"","demo_title":"Crea tu complemento Tumblr Feed","demo_caption":"\u00a1Configura tu feed de Tumblr y agr\u00e9galo a tu sitio web Joomla gratis!","default_faq_hidden":"","app_template_category":[],"platform":"73","template_public_id":"","codecanyon_url":"","codecanyon_item_id":"","codecanyon_price":"","pricing_caption":"","pricing_elfsight_apps_hide_column":"","pricing_elfsight_apps_url":"","pricing_codecanyon_price_caption":"","integration_category":[],"integration_request_title":"","integration_request_cta":"","integration_platform":"","integrations":[],"platform_category":[],"video_schema_markup":"","price":"desde $0 \/ mes","trial":"","benefits":[{"text":"Servicio de instalaci\u00f3n gratuito"},{"text":"Atenci\u00f3n al cliente experimentada"},{"text":"Garant\u00eda de devoluci\u00f3n de dinero de 14 d\u00edas"},{"text":"Actualizando constantemente"}],"button_url":"#demo","button_target_blank":"","button_nofollow":"","attributes":[{"name":"Instalaciones","content":"10,000 - 100,000"},{"name":"Sensible","content":"S\u00ed"},{"name":"Navegadores compatibles","content":"Firefox, Safari, Opera, Chrome, Edge"}],"tags":[],"tags_disable_links":"","hide_more_platforms":"","video_object":"","demo_hide_cta":"","demo_hide_cloud_options":"","pricing_title":"","pricing":[{"pricing_icon":"platform","pricing_title":"Elfsight Apps","pricing_title_caption":"Soluci\u00f3n independiente de plataforma que se adapta a cualquier sitio","pricing_price":"desde $0 \/ mes","pricing_price_caption":"comienza con un plan gratuito","pricing_benefits":[{"text":"Dominios ilimitados"},{"text":"Soporte premium, puntual y bien documentado."},{"text":"Asistencia de instalaci\u00f3n gratuita"},{"text":"100% personalizable"}],"pricing_button_text":"A\u00f1adir al sitio web","pricing_button_url":"#demo"}],"related_apps_title":"","related_apps_hidden":"","author":"","image":[],"title":"","job":"","social_networks":[]},"_links":{"self":[{"href":"https:\/\/elfsight.com\/es\/wp-json\/wp\/v2\/pages\/5642","targetHints":{"allow":["GET"]}}],"collection":[{"href":"https:\/\/elfsight.com\/es\/wp-json\/wp\/v2\/pages"}],"about":[{"href":"https:\/\/elfsight.com\/es\/wp-json\/wp\/v2\/types\/page"}],"author":[{"embeddable":true,"href":"https:\/\/elfsight.com\/es\/wp-json\/wp\/v2\/users\/9"}],"replies":[{"embeddable":true,"href":"https:\/\/elfsight.com\/es\/wp-json\/wp\/v2\/comments?post=5642"}],"version-history":[{"count":2,"href":"https:\/\/elfsight.com\/es\/wp-json\/wp\/v2\/pages\/5642\/revisions"}],"predecessor-version":[{"id":19390,"href":"https:\/\/elfsight.com\/es\/wp-json\/wp\/v2\/pages\/5642\/revisions\/19390"}],"up":[{"embeddable":true,"href":"https:\/\/elfsight.com\/es\/wp-json\/wp\/v2\/pages\/2112"}],"wp:attachment":[{"href":"https:\/\/elfsight.com\/es\/wp-json\/wp\/v2\/media?parent=5642"}],"curies":[{"name":"wp","href":"https:\/\/api.w.org\/{rel}","templated":true}]}}