{"id":5637,"date":"1970-01-01T00:00:00","date_gmt":"1970-01-01T00:00:00","guid":{"rendered":"https:\/\/elfsight.com\/es\/?page_id=5637"},"modified":"2025-02-06T16:13:12","modified_gmt":"2025-02-06T16:13:12","slug":"jimdo","status":"publish","type":"page","link":"https:\/\/elfsight.com\/es\/tumblr-feed-widget\/jimdo\/","title":{"rendered":"Tumblr Feed &#8211; Jimdo"},"content":{"rendered":"<div class=\"application-platform-content-item-description application-platform-content-item\" id=\"description\" data-nav-section=\"description\"><h2>Descripci\u00f3n<\/h2> <p>Elfsight Tumblr Feed para Jimdo es un widget cuyo objetivo es ayudarle con todas las demandas constantes para obtener impresiones y solicitudes de los clientes en su sitio. Muestre los componentes necesarios para completar, elija la plantilla deseada y adapte la interfaz para motivar a sus clientes a dejar consultas sobre los servicios de su empresa. Nuestro Tumblr Feed est\u00e1 dise\u00f1ado para satisfacer todas sus necesidades de obtener comentarios y estar siempre en contacto con sus clientes.<\/p><p><b>Con Tumblr Feed, tenga un desarrollo comercial m\u00e1s r\u00e1pido y m\u00e1s ventas <\/b><\/p> <\/div> <div class=\"application-platform-content-item-features application-platform-content-item\" id=\"features\" data-nav-section=\"features\"> <h2>Aqu\u00ed est\u00e1 la lista de las caracter\u00edsticas m\u00e1s importantes: <\/h2> <ul><li>Funciones de filtrado autom\u00e1tico y moderaci\u00f3n manual modo<\/li><li>Modo de moderaci\u00f3n autom\u00e1tica para una carga de contenido fluida<\/li><li>Cinco plantillas de publicaciones listas para usar con varias posiciones de foto, texto e imagen del autor<\/li><li>Las publicaciones de video se reproducen autom\u00e1ticamente en un modo emergente<\/li><li>Permita que sus publicaciones se vean en una ventana emergente <\/li><li>Dos variantes de representaci\u00f3n de publicaciones emergentes: control deslizante y feed<\/li><\/ul><p><a href=\"#demo\">Explore todas las configuraciones en forma totalmente funcional demo<\/a><\/p> <\/div> <div class=\"application-platform-content-item-installation application-platform-content-item\" id=\"installation\" data-nav-section=\"installation\"> <h2>\u00bfC\u00f3mo insertar Tumblr Feed en mi sitio web Jimdo? <\/h2> <p>Simplemente siga los pasos que se presentan a continuaci\u00f3n para insertar la herramienta. <\/p> <ol><li><b>Utilice nuestra demostraci\u00f3n gratuita y comience a formar su instrumento \u00fanico. <\/b><br> Determine la forma seleccionada y las especificaciones del widget y aplique las ediciones. <\/li> <li><b>Adquiera el c\u00f3digo individual que aparece en el cuadro de Elfsight Apps. <\/b><br>Cuando finalice la generaci\u00f3n de su widget personal, copie el c\u00f3digo personal en el cuadro que aparece y gu\u00e1rdelo para ocasiones posteriores. <\/li> <li><b>Empiece a utilizar la herramienta en la p\u00e1gina web de Jimdo. <\/b><br>Integre el c\u00f3digo que ha copiado anteriormente en su sitio web y guarde las ediciones. <\/li> <li><b>\u00a1Listo! La incrustaci\u00f3n est\u00e1 totalmente realizada. <\/b><br> Vaya a su sitio para inspeccionar c\u00f3mo est\u00e1 funcionando el widget. <\/li><\/ol> <p>En caso de tener dudas o tener algunas complicaciones, no dude en ponerse en contacto con nuestro equipo de atenci\u00f3n al cliente. Nuestros especialistas est\u00e1n deseosos de resolver todas las dudas que puedas tener con el producto. <\/p> <\/div><div class=\"faq\" data-component=\"FAQ\"><div class=\"faq-item\">\r\n\t\t\t\t\t<div class=\"faq-item-question\">\r\n\t\t\t\t\t\t<h3 class=\"faq-item-question-text\">\u00bfExiste una opci\u00f3n para incrustar Tumblr Feed en mi p\u00e1gina web Jimdo sin experiencia en programaci\u00f3n?<\/h3>\r\n\r\n\t\t\t\t\t\t<div class=\"faq-item-question-icon\"><\/div>\r\n\t\t\t\t\t<\/div>\r\n\r\n\t\t\t\t\t<div class=\"faq-item-answer\">\r\n\t\t\t\t\t\t<div class=\"faq-item-answer-text\"><p>La empresa Elfsight ofrece una soluci\u00f3n que permite al usuario crear un complemento de Tumblr Feed usted mismo. Descubra la gu\u00eda sencilla:<\/p><ul><li>Comience a trabajar directamente en el editor en l\u00ednea para establecer una aplicaci\u00f3n de Tumblr Feed en la que le gustar\u00eda integrarse. Jimdo.<\/li><li>Haga clic en una de las plantillas predise\u00f1adas y modifique la configuraci\u00f3n del Feed de Tumblr, agregue su contenido, cambie el dise\u00f1o y los colores sin codificaci\u00f3n.<\/li><li>Haga clic para guardar el Feed de Tumblr y obtenga el c\u00f3digo del complemento para la instalaci\u00f3n, que puede agregar f\u00e1cilmente a su p\u00e1gina de inicio de Jimdo de forma gratuita.<\/li><\/ul><p>Con la ayuda de nuestro Configurador f\u00e1cil de usar, cualquier usuario web puede generar la secci\u00f3n Feed de Tumblr y pegarla en la p\u00e1gina de inicio de Jimdo. No debes pagar ni enviar los datos de tu tarjeta para acceder al Editor. Si tiene alg\u00fan problema de cualquier tipo, no dude en ponerse en contacto con nuestro personal de soporte t\u00e9cnico.<\/p><\/div>\r\n\t\t\t\t\t<\/div>\r\n\t\t\t\t<\/div><\/div>","protected":false},"excerpt":{"rendered":"","protected":false},"author":9,"featured_media":0,"parent":2112,"menu_order":0,"comment_status":"closed","ping_status":"closed","template":"templates\/template-application-platform.php","meta":{"publish_to_discourse":"","publish_post_category":"","wpdc_auto_publish_overridden":"","wpdc_topic_tags":"","wpdc_pin_topic":"","wpdc_pin_until":"","discourse_post_id":"","discourse_permalink":"","wpdc_publishing_response":"","wpdc_publishing_error":"","footnotes":""},"class_list":["post-5637","page","type-page","status-publish","hentry"],"yoast_head":"<!-- This site is optimized with the Yoast SEO plugin v25.3.1 - https:\/\/yoast.com\/wordpress\/plugins\/seo\/ -->\n<title>A\u00f1ade el complemento Tumblr Feed al sitio web de Jimdo (r\u00e1pido y gratuito)<\/title>\n<meta name=\"description\" content=\"Inserta el complemento Jimdo Tumblr Feed en tu p\u00e1gina. Utilice la pr\u00e1ctica demostraci\u00f3n de Elfsight y cree su incre\u00edble complemento de Tumblr en solo un par de minutos\" \/>\n<meta name=\"robots\" content=\"index, follow, max-snippet:-1, max-image-preview:large, max-video-preview:-1\" \/>\n<link rel=\"canonical\" href=\"https:\/\/elfsight.com\/es\/tumblr-feed-widget\/jimdo\/\" \/>\n<meta property=\"og:locale\" content=\"es_ES\" \/>\n<meta property=\"og:type\" content=\"article\" \/>\n<meta property=\"og:title\" content=\"A\u00f1ade el complemento Tumblr Feed al sitio web de Jimdo (r\u00e1pido y gratuito)\" \/>\n<meta property=\"og:description\" content=\"Inserta el complemento Jimdo Tumblr Feed en tu p\u00e1gina. Utilice la pr\u00e1ctica demostraci\u00f3n de Elfsight y cree su incre\u00edble complemento de Tumblr en solo un par de minutos\" \/>\n<meta property=\"og:url\" content=\"https:\/\/elfsight.com\/es\/tumblr-feed-widget\/jimdo\/\" \/>\n<meta property=\"og:site_name\" content=\"Elfsight ES\" \/>\n<meta property=\"article:modified_time\" content=\"2025-02-06T16:13:12+00:00\" \/>\n<meta name=\"twitter:card\" content=\"summary_large_image\" \/>\n<meta name=\"twitter:label1\" content=\"Tiempo de lectura\" \/>\n\t<meta name=\"twitter:data1\" content=\"3 minutos\" \/>\n<!-- \/ Yoast SEO plugin. -->","yoast_head_json":{"title":"A\u00f1ade el complemento Tumblr Feed al sitio web de Jimdo (r\u00e1pido y gratuito)","description":"Inserta el complemento Jimdo Tumblr Feed en tu p\u00e1gina. Utilice la pr\u00e1ctica demostraci\u00f3n de Elfsight y cree su incre\u00edble complemento de Tumblr en solo un par de minutos","robots":{"index":"index","follow":"follow","max-snippet":"max-snippet:-1","max-image-preview":"max-image-preview:large","max-video-preview":"max-video-preview:-1"},"canonical":"https:\/\/elfsight.com\/es\/tumblr-feed-widget\/jimdo\/","og_locale":"es_ES","og_type":"article","og_title":"A\u00f1ade el complemento Tumblr Feed al sitio web de Jimdo (r\u00e1pido y gratuito)","og_description":"Inserta el complemento Jimdo Tumblr Feed en tu p\u00e1gina. Utilice la pr\u00e1ctica demostraci\u00f3n de Elfsight y cree su incre\u00edble complemento de Tumblr en solo un par de minutos","og_url":"https:\/\/elfsight.com\/es\/tumblr-feed-widget\/jimdo\/","og_site_name":"Elfsight ES","article_modified_time":"2025-02-06T16:13:12+00:00","twitter_card":"summary_large_image","twitter_misc":{"Tiempo de lectura":"3 minutos"},"schema":{"@context":"https:\/\/schema.org","@graph":[{"@type":"WebPage","@id":"https:\/\/elfsight.com\/es\/tumblr-feed-widget\/jimdo\/","url":"https:\/\/elfsight.com\/es\/tumblr-feed-widget\/jimdo\/","name":"A\u00f1ade el complemento Tumblr Feed al sitio web de Jimdo (r\u00e1pido y gratuito)","isPartOf":{"@id":"https:\/\/elfsight.com\/es\/#website"},"datePublished":"1970-01-01T00:00:00+00:00","dateModified":"2025-02-06T16:13:12+00:00","description":"Inserta el complemento Jimdo Tumblr Feed en tu p\u00e1gina. Utilice la pr\u00e1ctica demostraci\u00f3n de Elfsight y cree su incre\u00edble complemento de Tumblr en solo un par de minutos","breadcrumb":{"@id":"https:\/\/elfsight.com\/es\/tumblr-feed-widget\/jimdo\/#breadcrumb"},"inLanguage":"es","potentialAction":[{"@type":"ReadAction","target":["https:\/\/elfsight.com\/es\/tumblr-feed-widget\/jimdo\/"]}]},{"@type":"BreadcrumbList","@id":"https:\/\/elfsight.com\/es\/tumblr-feed-widget\/jimdo\/#breadcrumb","itemListElement":[{"@type":"ListItem","position":1,"name":"Home","item":"https:\/\/elfsight.com\/es\/"},{"@type":"ListItem","position":2,"name":"Tumblr Feed","item":"https:\/\/elfsight.com\/es\/tumblr-feed-widget\/"},{"@type":"ListItem","position":3,"name":"Tumblr Feed &#8211; Jimdo"}]},{"@type":"WebSite","@id":"https:\/\/elfsight.com\/es\/#website","url":"https:\/\/elfsight.com\/es\/","name":"Elfsight ES","description":"Just another Elfsight Sites site","potentialAction":[{"@type":"SearchAction","target":{"@type":"EntryPoint","urlTemplate":"https:\/\/elfsight.com\/es\/?s={search_term_string}"},"query-input":{"@type":"PropertyValueSpecification","valueRequired":true,"valueName":"search_term_string"}}],"inLanguage":"es"}]}},"meta_box":{"industry":"","seo_heading":"","heading":"","description":"","cta_heading":"","cta_description":"","application":"2111","h1":"Widget de alimentaci\u00f3n de Tumblr de Jimdo","h1_caption":"\u00a1Muestra tus publicaciones de Tumblr en un sitio web con solo unos pocos clics!","application_category":[],"applications_title":"","applications_request_title":"","applications_request_button_text":"","hero_text":"","hero_video":"","hero_video_schema_markup":"","selling_points_title":"","selling_points_caption":"","selling_points":[],"selling_points_cta_text":"","features_title":"","features":"","ed_cta_examples_text":"","ed_cta_examples_hidden":"","ed_cta_demo_text":"","ed_cta_demo_hidden":"","why_caption":"","why_editor_title":"","why_editor_text":"","why_team_title":"","why_team_text":"","why_service_title":"","why_service_text":"","template_catalog_visible":"","template_catalog_title":"","template_catalog_text":"","template_catalog_categories_visible":"","demo_title":"Crea tu widget de feed de Tumblr","demo_caption":"\u00a1Configura tu feed de Tumblr y a\u00f1\u00e1delo a tu sitio web Jimdo gratis!","default_faq_hidden":"","app_template_category":[],"platform":"2198","template_public_id":"","codecanyon_url":"","codecanyon_item_id":"","codecanyon_price":"","pricing_caption":"","pricing_elfsight_apps_hide_column":"","pricing_elfsight_apps_url":"","pricing_codecanyon_price_caption":"","integration_category":[],"integration_request_title":"","integration_request_cta":"","integration_platform":"","integrations":[],"platform_category":[],"video_schema_markup":"","price":"desde $0 \/ mes","trial":"","benefits":[{"text":"Ayuda de instalaci\u00f3n gratuita"},{"text":"Servicio al cliente profesional"},{"text":"Garant\u00eda de reembolso de 14 d\u00edas"},{"text":"Mejoras continuas"}],"button_url":"#demo","button_target_blank":"","button_nofollow":"","attributes":[{"name":"Instalaciones","content":"10,000 - 100,000"},{"name":"Sensible","content":"S\u00ed"},{"name":"Navegadores compatibles","content":"Firefox, Safari, Opera, Chrome, Edge"}],"tags":[],"tags_disable_links":"","hide_more_platforms":"","video_object":"","demo_hide_cta":"","demo_hide_cloud_options":"","pricing_title":"","pricing":[{"pricing_icon":"platform","pricing_title":"Elfsight Apps","pricing_title_caption":"Soluci\u00f3n digital multiplataforma","pricing_price":"desde $0 \/ mes","pricing_price_caption":"comienza con un plan gratuito","pricing_benefits":[{"text":"Dominios ilimitados"},{"text":"Soporte 24 horas al d\u00eda, 7 d\u00edas a la semana y a tiempo"},{"text":"Asistencia de instalaci\u00f3n gratuita"},{"text":"Dise\u00f1o flexible"}],"pricing_button_text":"A\u00f1adir al sitio web","pricing_button_url":"#demo"}],"related_apps_title":"","related_apps_hidden":"","author":"","image":[],"title":"","job":"","social_networks":[]},"_links":{"self":[{"href":"https:\/\/elfsight.com\/es\/wp-json\/wp\/v2\/pages\/5637","targetHints":{"allow":["GET"]}}],"collection":[{"href":"https:\/\/elfsight.com\/es\/wp-json\/wp\/v2\/pages"}],"about":[{"href":"https:\/\/elfsight.com\/es\/wp-json\/wp\/v2\/types\/page"}],"author":[{"embeddable":true,"href":"https:\/\/elfsight.com\/es\/wp-json\/wp\/v2\/users\/9"}],"replies":[{"embeddable":true,"href":"https:\/\/elfsight.com\/es\/wp-json\/wp\/v2\/comments?post=5637"}],"version-history":[{"count":2,"href":"https:\/\/elfsight.com\/es\/wp-json\/wp\/v2\/pages\/5637\/revisions"}],"predecessor-version":[{"id":19391,"href":"https:\/\/elfsight.com\/es\/wp-json\/wp\/v2\/pages\/5637\/revisions\/19391"}],"up":[{"embeddable":true,"href":"https:\/\/elfsight.com\/es\/wp-json\/wp\/v2\/pages\/2112"}],"wp:attachment":[{"href":"https:\/\/elfsight.com\/es\/wp-json\/wp\/v2\/media?parent=5637"}],"curies":[{"name":"wp","href":"https:\/\/api.w.org\/{rel}","templated":true}]}}