{"id":5636,"date":"1970-01-01T00:00:00","date_gmt":"1970-01-01T00:00:00","guid":{"rendered":"https:\/\/elfsight.com\/es\/?page_id=5636"},"modified":"2025-02-06T16:13:12","modified_gmt":"2025-02-06T16:13:12","slug":"iframe","status":"publish","type":"page","link":"https:\/\/elfsight.com\/es\/tumblr-feed-widget\/iframe\/","title":{"rendered":"Tumblr Feed &#8211; iFrame"},"content":{"rendered":"<div class=\"application-platform-content-item-description application-platform-content-item\" id=\"description\" data-nav-section=\"description\"> <h2>Incrustar feed de Tumblr en iFrame con el widget de Elfsight<\/h2> <p>El feed de Tumblr de Elfsight para iFrame es un widget para dar forma a su feed personalizado compuesto por las fuentes de Tumblr y demostrarlo directamente en su sitio. \u00a1Desarrolla una galer\u00eda o un control deslizante de publicaciones en 1-2-3! Ejerza un control total sobre el contenido demostrado y elimine el spam y cualquier contenido no deseado mediante la moderaci\u00f3n manual. El editor en l\u00ednea totalmente responsivo le ofrece numerosas plantillas para elegir. <\/p> <p><b>Elige el contenido de Tumblr m\u00e1s llamativo para mantener a tu audiencia entusiasmada y afectar a m\u00e1s personas<\/b><\/p> <\/div> <div class=\"application-platform-content-item-features application-platform-content-item\" id=\"features\" data-nav-section=\"features\"> <h2>Estas son solo algunas de las valiosas funciones del widget: <\/h2> <ul><li>Muestra el contenido de Tumblr<\/li><li>Elimina el spam y el contenido no deseado mediante la moderaci\u00f3n manual modo. <\/li><li>Instale el bot\u00f3n Seguir en las tarjetas de widgets. <\/li><li>Haz que tus publicaciones se muestren en una ventana emergente. <\/li><\/ul><p><a href=\"#demo\">Puedes descubrir la funcionalidad completa del widget en la demostraci\u00f3n aqu\u00ed mismo<\/a><\/p> <\/div> <div class=\"application-platform-content-item-installation application-platform-content-item\" id=\"installation\" data-nav-section=\"installation\"> <h2>\u00bfC\u00f3mo puedo insertar Tumblr Feed en mi sitio iFrame? <\/h2> <p>Simplemente siga las pautas a continuaci\u00f3n para integrar la herramienta. <\/p> <ol><li><b>Utiliza nuestro configurador gratuito y comienza a crear tu widget personalizado. <\/b><br> Especifique el dise\u00f1o y las caracter\u00edsticas adecuadas del complemento y guarde las modificaciones. <\/li> <li><b>Adquiera el c\u00f3digo individual que se muestra en el formulario especial en Elfsight Apps. <\/b><br> Tan pronto como finalice la configuraci\u00f3n de su widget, copie el c\u00f3digo personal en la ventana emergente que aparece y gu\u00e1rdelo para futuras ocasiones. <\/li> <li><b>Comience a utilizar el widget en el sitio web iFrame. <\/b><br> Inserta el c\u00f3digo copiado recientemente en tu sitio web y guarda los ajustes. <\/li> <li><b>La configuraci\u00f3n se realiz\u00f3 exitosamente. <\/b><br>Vaya a su p\u00e1gina para ver en acci\u00f3n el rendimiento del complemento. <\/li><\/ol> <p>Si enfrenta algunas dificultades, no tema buscar ayuda de nuestro equipo de atenci\u00f3n al cliente. Nuestra gente estar\u00e1 encantada de ayudarle con todas las dificultades que pueda tener con la herramienta. <\/p> <\/div><div class=\"faq\" data-component=\"FAQ\"><div class=\"faq-item\">\r\n\t\t\t\t\t<div class=\"faq-item-question\">\r\n\t\t\t\t\t\t<h3 class=\"faq-item-question-text\">\u00bfExiste una opci\u00f3n para incrustar Tumblr Feed en mi p\u00e1gina web iFrame sin codificaci\u00f3n?<\/h3>\r\n\r\n\t\t\t\t\t\t<div class=\"faq-item-question-icon\"><\/div>\r\n\t\t\t\t\t<\/div>\r\n\r\n\t\t\t\t\t<div class=\"faq-item-answer\">\r\n\t\t\t\t\t\t<div class=\"faq-item-answer-text\"><p>La empresa Elfsight ofrece una soluci\u00f3n en la nube que permite a los usuarios crear una aplicaci\u00f3n Tumblr Feed usted mismo. Aprenda las sencillas instrucciones:<\/p><ul><li>Comience a trabajar en el editor en vivo para crear un widget de Tumblr Feed en el que le gustar\u00eda integrarse. Sitio web iFrame.<\/li><li>Elija una de las muchas plantillas predise\u00f1adas y adapte la configuraci\u00f3n de Tumblr Feed, actualice su contenido, transforme el dise\u00f1o y la combinaci\u00f3n de colores sin experiencia en codificaci\u00f3n.<\/li><li>Haga clic para guardar la configuraci\u00f3n que ha realizado en Tumblr Feed y obtenga el c\u00f3digo de instalaci\u00f3n, que puede simplemente incrustarse en cualquier sitio web iFrame de forma gratuita.<\/li><\/ul><p>Utilizando nuestro Configurador intuitivo, cualquier usuario web puede crear el complemento Tumblr Feed en l\u00ednea y pegarlo sin esfuerzo en el iFrame. sitio web. No debes pagar ni enviar los datos de tu tarjeta para ingresar a nuestro Editor. Si tiene alg\u00fan problema en cualquier paso, no dude en ponerse en contacto con nuestro servicio t\u00e9cnico de atenci\u00f3n al cliente.<\/p><\/div>\r\n\t\t\t\t\t<\/div>\r\n\t\t\t\t<\/div><\/div>","protected":false},"excerpt":{"rendered":"","protected":false},"author":9,"featured_media":0,"parent":2112,"menu_order":0,"comment_status":"closed","ping_status":"closed","template":"templates\/template-application-platform.php","meta":{"publish_to_discourse":"","publish_post_category":"","wpdc_auto_publish_overridden":"","wpdc_topic_tags":"","wpdc_pin_topic":"","wpdc_pin_until":"","discourse_post_id":"","discourse_permalink":"","wpdc_publishing_response":"","wpdc_publishing_error":"","footnotes":""},"class_list":["post-5636","page","type-page","status-publish","hentry"],"yoast_head":"<!-- This site is optimized with the Yoast SEO plugin v25.3.1 - https:\/\/yoast.com\/wordpress\/plugins\/seo\/ -->\n<title>Agregue el widget Tumblr Feed al sitio web iFrame (r\u00e1pido y gratis)<\/title>\n<meta name=\"description\" content=\"Integre un widget iFrame Tumblr Feed f\u00e1cil de administrar en la p\u00e1gina. Pruebe la pr\u00e1ctica demostraci\u00f3n de Elfsight y cree su incre\u00edble aplicaci\u00f3n Tumblr con dos clics\" \/>\n<meta name=\"robots\" content=\"index, follow, max-snippet:-1, max-image-preview:large, max-video-preview:-1\" \/>\n<link rel=\"canonical\" href=\"https:\/\/elfsight.com\/es\/tumblr-feed-widget\/iframe\/\" \/>\n<meta property=\"og:locale\" content=\"es_ES\" \/>\n<meta property=\"og:type\" content=\"article\" \/>\n<meta property=\"og:title\" content=\"Agregue el widget Tumblr Feed al sitio web iFrame (r\u00e1pido y gratis)\" \/>\n<meta property=\"og:description\" content=\"Integre un widget iFrame Tumblr Feed f\u00e1cil de administrar en la p\u00e1gina. Pruebe la pr\u00e1ctica demostraci\u00f3n de Elfsight y cree su incre\u00edble aplicaci\u00f3n Tumblr con dos clics\" \/>\n<meta property=\"og:url\" content=\"https:\/\/elfsight.com\/es\/tumblr-feed-widget\/iframe\/\" \/>\n<meta property=\"og:site_name\" content=\"Elfsight ES\" \/>\n<meta property=\"article:modified_time\" content=\"2025-02-06T16:13:12+00:00\" \/>\n<meta name=\"twitter:card\" content=\"summary_large_image\" \/>\n<meta name=\"twitter:label1\" content=\"Tiempo de lectura\" \/>\n\t<meta name=\"twitter:data1\" content=\"3 minutos\" \/>\n<!-- \/ Yoast SEO plugin. -->","yoast_head_json":{"title":"Agregue el widget Tumblr Feed al sitio web iFrame (r\u00e1pido y gratis)","description":"Integre un widget iFrame Tumblr Feed f\u00e1cil de administrar en la p\u00e1gina. Pruebe la pr\u00e1ctica demostraci\u00f3n de Elfsight y cree su incre\u00edble aplicaci\u00f3n Tumblr con dos clics","robots":{"index":"index","follow":"follow","max-snippet":"max-snippet:-1","max-image-preview":"max-image-preview:large","max-video-preview":"max-video-preview:-1"},"canonical":"https:\/\/elfsight.com\/es\/tumblr-feed-widget\/iframe\/","og_locale":"es_ES","og_type":"article","og_title":"Agregue el widget Tumblr Feed al sitio web iFrame (r\u00e1pido y gratis)","og_description":"Integre un widget iFrame Tumblr Feed f\u00e1cil de administrar en la p\u00e1gina. Pruebe la pr\u00e1ctica demostraci\u00f3n de Elfsight y cree su incre\u00edble aplicaci\u00f3n Tumblr con dos clics","og_url":"https:\/\/elfsight.com\/es\/tumblr-feed-widget\/iframe\/","og_site_name":"Elfsight ES","article_modified_time":"2025-02-06T16:13:12+00:00","twitter_card":"summary_large_image","twitter_misc":{"Tiempo de lectura":"3 minutos"},"schema":{"@context":"https:\/\/schema.org","@graph":[{"@type":"WebPage","@id":"https:\/\/elfsight.com\/es\/tumblr-feed-widget\/iframe\/","url":"https:\/\/elfsight.com\/es\/tumblr-feed-widget\/iframe\/","name":"Agregue el widget Tumblr Feed al sitio web iFrame (r\u00e1pido y gratis)","isPartOf":{"@id":"https:\/\/elfsight.com\/es\/#website"},"datePublished":"1970-01-01T00:00:00+00:00","dateModified":"2025-02-06T16:13:12+00:00","description":"Integre un widget iFrame Tumblr Feed f\u00e1cil de administrar en la p\u00e1gina. Pruebe la pr\u00e1ctica demostraci\u00f3n de Elfsight y cree su incre\u00edble aplicaci\u00f3n Tumblr con dos clics","breadcrumb":{"@id":"https:\/\/elfsight.com\/es\/tumblr-feed-widget\/iframe\/#breadcrumb"},"inLanguage":"es","potentialAction":[{"@type":"ReadAction","target":["https:\/\/elfsight.com\/es\/tumblr-feed-widget\/iframe\/"]}]},{"@type":"BreadcrumbList","@id":"https:\/\/elfsight.com\/es\/tumblr-feed-widget\/iframe\/#breadcrumb","itemListElement":[{"@type":"ListItem","position":1,"name":"Home","item":"https:\/\/elfsight.com\/es\/"},{"@type":"ListItem","position":2,"name":"Tumblr Feed","item":"https:\/\/elfsight.com\/es\/tumblr-feed-widget\/"},{"@type":"ListItem","position":3,"name":"Tumblr Feed &#8211; iFrame"}]},{"@type":"WebSite","@id":"https:\/\/elfsight.com\/es\/#website","url":"https:\/\/elfsight.com\/es\/","name":"Elfsight ES","description":"Just another Elfsight Sites site","potentialAction":[{"@type":"SearchAction","target":{"@type":"EntryPoint","urlTemplate":"https:\/\/elfsight.com\/es\/?s={search_term_string}"},"query-input":{"@type":"PropertyValueSpecification","valueRequired":true,"valueName":"search_term_string"}}],"inLanguage":"es"}]}},"meta_box":{"industry":"","seo_heading":"","heading":"","description":"","cta_heading":"","cta_description":"","application":"2111","h1":"Widget de alimentaci\u00f3n de Tumblr de iFrame","h1_caption":"\u00a1Muestre su contenido de Tumblr en su sitio con solo unos pocos clics!","application_category":[],"applications_title":"","applications_request_title":"","applications_request_button_text":"","hero_text":"","hero_video":"","hero_video_schema_markup":"","selling_points_title":"","selling_points_caption":"","selling_points":[],"selling_points_cta_text":"","features_title":"","features":"","ed_cta_examples_text":"","ed_cta_examples_hidden":"","ed_cta_demo_text":"","ed_cta_demo_hidden":"","why_caption":"","why_editor_title":"","why_editor_text":"","why_team_title":"","why_team_text":"","why_service_title":"","why_service_text":"","template_catalog_visible":"","template_catalog_title":"","template_catalog_text":"","template_catalog_categories_visible":"","demo_title":"Crea tu widget de feed de Tumblr","demo_caption":"\u00a1Configura tu feed de Tumblr y agr\u00e9galo a tu sitio web iFrame gratis!","default_faq_hidden":"","app_template_category":[],"platform":"2192","template_public_id":"","codecanyon_url":"","codecanyon_item_id":"","codecanyon_price":"","pricing_caption":"","pricing_elfsight_apps_hide_column":"","pricing_elfsight_apps_url":"","pricing_codecanyon_price_caption":"","integration_category":[],"integration_request_title":"","integration_request_cta":"","integration_platform":"","integrations":[],"platform_category":[],"video_schema_markup":"","price":"desde $0 \/ mes","trial":"","benefits":[{"text":"Ayuda de instalaci\u00f3n gratuita"},{"text":"Servicio al cliente competente"},{"text":"Garant\u00eda de reembolso de 14 d\u00edas"},{"text":"Desarrollo continuo"}],"button_url":"#demo","button_target_blank":"","button_nofollow":"","attributes":[{"name":"Instalaciones","content":"10,000 - 100,000"},{"name":"Sensible","content":"S\u00ed"},{"name":"Navegadores compatibles","content":"Firefox, Safari, Opera, Chrome, Edge"}],"tags":[],"tags_disable_links":"","hide_more_platforms":"","video_object":"","demo_hide_cta":"","demo_hide_cloud_options":"","pricing_title":"","pricing":[{"pricing_icon":"platform","pricing_title":"Elfsight Apps","pricing_title_caption":"Versi\u00f3n independiente de la plataforma","pricing_price":"desde $0 \/ mes","pricing_price_caption":"comienza con un plan gratuito","pricing_benefits":[{"text":"Dominios ilimitados"},{"text":"Atenci\u00f3n al cliente premium y bien documentada."},{"text":"Ayuda de instalaci\u00f3n gratuita"},{"text":"Dise\u00f1o flexible"}],"pricing_button_text":"A\u00f1adir al sitio web","pricing_button_url":"#demo"}],"related_apps_title":"","related_apps_hidden":"","author":"","image":[],"title":"","job":"","social_networks":[]},"_links":{"self":[{"href":"https:\/\/elfsight.com\/es\/wp-json\/wp\/v2\/pages\/5636","targetHints":{"allow":["GET"]}}],"collection":[{"href":"https:\/\/elfsight.com\/es\/wp-json\/wp\/v2\/pages"}],"about":[{"href":"https:\/\/elfsight.com\/es\/wp-json\/wp\/v2\/types\/page"}],"author":[{"embeddable":true,"href":"https:\/\/elfsight.com\/es\/wp-json\/wp\/v2\/users\/9"}],"replies":[{"embeddable":true,"href":"https:\/\/elfsight.com\/es\/wp-json\/wp\/v2\/comments?post=5636"}],"version-history":[{"count":2,"href":"https:\/\/elfsight.com\/es\/wp-json\/wp\/v2\/pages\/5636\/revisions"}],"predecessor-version":[{"id":19392,"href":"https:\/\/elfsight.com\/es\/wp-json\/wp\/v2\/pages\/5636\/revisions\/19392"}],"up":[{"embeddable":true,"href":"https:\/\/elfsight.com\/es\/wp-json\/wp\/v2\/pages\/2112"}],"wp:attachment":[{"href":"https:\/\/elfsight.com\/es\/wp-json\/wp\/v2\/media?parent=5636"}],"curies":[{"name":"wp","href":"https:\/\/api.w.org\/{rel}","templated":true}]}}