{"id":5635,"date":"1970-01-01T00:00:00","date_gmt":"1970-01-01T00:00:00","guid":{"rendered":"https:\/\/elfsight.com\/es\/?page_id=5635"},"modified":"2025-02-06T16:13:12","modified_gmt":"2025-02-06T16:13:12","slug":"html","status":"publish","type":"page","link":"https:\/\/elfsight.com\/es\/tumblr-feed-widget\/html\/","title":{"rendered":"Tumblr Feed &#8211; HTML"},"content":{"rendered":"<div class=\"application-platform-content-item-description application-platform-content-item\" id=\"description\" data-nav-section=\"description\"> <h2>Descripci\u00f3n<\/h2> <p>Elfsight Tumblr Feed para HTML es un widget especial para formar su feed personalizado compuesto por el contenido de los blogs de Tumblr y colocarlo directamente en su sitio web. \u00a1Desarrolla una galer\u00eda o un control deslizante de publicaciones con unos pocos clics! Ejerza el control absoluto sobre un contenido demostrado y elimine el spam y cualquier contenido no deseado con moderaci\u00f3n manual. El configurador en l\u00ednea completamente responsivo le proporciona diversas plantillas para elegir. <\/p> <p><b>Muestre el contenido de Tumblr m\u00e1s llamativo para mantener a sus visitantes interesados \u200b\u200by contactar a m\u00e1s personas<\/b><\/p> <\/div> <div class=\"application-platform-content-item-features application-platform-content-item\" id=\"features\" data-nav-section=\"features\"> <h2>El widget tiene funciones pr\u00e1cticas y sencillas, consulte algunas de ellas: <\/h2> <ul><li>Presente su contenido de Tumblr<\/li><li>Desh\u00e1gase del spam y del contenido no deseado mediante el uso manual modo de moderaci\u00f3n. <\/li><li>Coloque el bot\u00f3n Seguir en el feed del widget. <\/li><li>Haz que tus publicaciones se vean en una ventana emergente. <\/li><\/ul><p><a href=\"#demo\">Puedes probar lo que ofrece el widget usando la demostraci\u00f3n<\/a><\/p> <\/div> <div class=\"application-platform-content-item-installation application-platform-content-item\" id=\"installation\" data-nav-section=\"installation\"> <h2>\u00bfC\u00f3mo incrustar Tumblr Feed en mi sitio web HTML? <\/h2> <p>Simplemente siga los siguientes pasos que se detallan a continuaci\u00f3n para integrar la herramienta. <\/p> <ol><li><b>Abre nuestro editor gratuito y comienza a crear tu widget personalizado. <\/b><br> Especifique el dise\u00f1o seleccionado y las especificaciones del widget y guarde las modificaciones. <\/li> <li><b>Reciba su c\u00f3digo individual revelado en el cuadro de Elfsight Apps. <\/b><br> Una vez finalizada la configuraci\u00f3n de su widget, copie el c\u00f3digo personal en el cuadro que aparece y gu\u00e1rdelo para usarlo en el futuro. <\/li> <li><b>Comience a utilizar el widget en el sitio web HTML. <\/b><br> A\u00f1ade el c\u00f3digo que has copiado antes en tu sitio web y guarda las correcciones. <\/li> <li><b>\u00a1Listo! La configuraci\u00f3n est\u00e1 completamente realizada. <\/b><br> Vaya a su sitio para ver el rendimiento de la herramienta. <\/li><\/ol> <p>A condici\u00f3n de atender consultas o solucionar cualquier complicaci\u00f3n, no dudes en dirigirte a nuestro personal de atenci\u00f3n al cliente. Nuestros consultores esperan ayudarle con todas las dificultades que pueda tener con el complemento. <\/p> <\/div><div class=\"faq\" data-component=\"FAQ\"><div class=\"faq-item\">\r\n\t\t\t\t\t<div class=\"faq-item-question\">\r\n\t\t\t\t\t\t<h3 class=\"faq-item-question-text\">\u00bfC\u00f3mo agregar Tumblr Feed a mi p\u00e1gina de inicio HTML sin conocimientos de codificaci\u00f3n?<\/h3>\r\n\r\n\t\t\t\t\t\t<div class=\"faq-item-question-icon\"><\/div>\r\n\t\t\t\t\t<\/div>\r\n\r\n\t\t\t\t\t<div class=\"faq-item-answer\">\r\n\t\t\t\t\t\t<div class=\"faq-item-answer-text\"><p>La empresa Elfsight ofrece una soluci\u00f3n que permite al usuario generar un widget de Tumblr Feed usted mismo. Mire las sencillas instrucciones:<\/p><ul><li>Trabaja en la demostraci\u00f3n en vivo para formar un widget de Tumblr Feed que te gustar\u00eda que aparezca en tu HTML. sitio.<\/li><li>Decida una de nuestras plantillas listas para usar y adapte la configuraci\u00f3n de Tumblr Feed, modifique el dise\u00f1o y la combinaci\u00f3n de colores, agregue su contenido sin conocimientos de codificaci\u00f3n.<\/li><li>Haga clic para guardar la configuraci\u00f3n que ha realizado en Tumblr Feed y obtenga el c\u00f3digo para incrustar, que se puede pegar en su p\u00e1gina web HTML de forma gratuita.<\/li><\/ul><p>Al trabajar en el editor intuitivo, cualquier usuario de Internet puede generar la aplicaci\u00f3n Tumblr Feed en l\u00ednea y pegarla f\u00e1cilmente en un sitio HTML. No debe pagar ni enviar las credenciales de su tarjeta para acceder a Elfsight Editor. Si encuentra alg\u00fan problema en cualquier paso, no dude en hablar con nuestro personal de soporte t\u00e9cnico.<\/p><\/div>\r\n\t\t\t\t\t<\/div>\r\n\t\t\t\t<\/div><\/div>","protected":false},"excerpt":{"rendered":"","protected":false},"author":9,"featured_media":0,"parent":2112,"menu_order":0,"comment_status":"closed","ping_status":"closed","template":"templates\/template-application-platform.php","meta":{"publish_to_discourse":"","publish_post_category":"","wpdc_auto_publish_overridden":"","wpdc_topic_tags":"","wpdc_pin_topic":"","wpdc_pin_until":"","discourse_post_id":"","discourse_permalink":"","wpdc_publishing_response":"","wpdc_publishing_error":"","footnotes":""},"class_list":["post-5635","page","type-page","status-publish","hentry"],"yoast_head":"<!-- This site is optimized with the Yoast SEO plugin v25.3.1 - https:\/\/yoast.com\/wordpress\/plugins\/seo\/ -->\n<title>Agregue el widget Tumblr Feed al sitio web HTML (r\u00e1pido y gratuito)<\/title>\n<meta name=\"description\" content=\"Agregue un widget HTML Tumblr Feed compatible con dispositivos m\u00f3viles en su sitio. Pruebe la pr\u00e1ctica demostraci\u00f3n de Elfsight y cree su magn\u00edfico widget de Tumblr en dos minutos\" \/>\n<meta name=\"robots\" content=\"index, follow, max-snippet:-1, max-image-preview:large, max-video-preview:-1\" \/>\n<link rel=\"canonical\" href=\"https:\/\/elfsight.com\/es\/tumblr-feed-widget\/html\/\" \/>\n<meta property=\"og:locale\" content=\"es_ES\" \/>\n<meta property=\"og:type\" content=\"article\" \/>\n<meta property=\"og:title\" content=\"Agregue el widget Tumblr Feed al sitio web HTML (r\u00e1pido y gratuito)\" \/>\n<meta property=\"og:description\" content=\"Agregue un widget HTML Tumblr Feed compatible con dispositivos m\u00f3viles en su sitio. Pruebe la pr\u00e1ctica demostraci\u00f3n de Elfsight y cree su magn\u00edfico widget de Tumblr en dos minutos\" \/>\n<meta property=\"og:url\" content=\"https:\/\/elfsight.com\/es\/tumblr-feed-widget\/html\/\" \/>\n<meta property=\"og:site_name\" content=\"Elfsight ES\" \/>\n<meta property=\"article:modified_time\" content=\"2025-02-06T16:13:12+00:00\" \/>\n<meta name=\"twitter:card\" content=\"summary_large_image\" \/>\n<meta name=\"twitter:label1\" content=\"Tiempo de lectura\" \/>\n\t<meta name=\"twitter:data1\" content=\"3 minutos\" \/>\n<!-- \/ Yoast SEO plugin. -->","yoast_head_json":{"title":"Agregue el widget Tumblr Feed al sitio web HTML (r\u00e1pido y gratuito)","description":"Agregue un widget HTML Tumblr Feed compatible con dispositivos m\u00f3viles en su sitio. Pruebe la pr\u00e1ctica demostraci\u00f3n de Elfsight y cree su magn\u00edfico widget de Tumblr en dos minutos","robots":{"index":"index","follow":"follow","max-snippet":"max-snippet:-1","max-image-preview":"max-image-preview:large","max-video-preview":"max-video-preview:-1"},"canonical":"https:\/\/elfsight.com\/es\/tumblr-feed-widget\/html\/","og_locale":"es_ES","og_type":"article","og_title":"Agregue el widget Tumblr Feed al sitio web HTML (r\u00e1pido y gratuito)","og_description":"Agregue un widget HTML Tumblr Feed compatible con dispositivos m\u00f3viles en su sitio. Pruebe la pr\u00e1ctica demostraci\u00f3n de Elfsight y cree su magn\u00edfico widget de Tumblr en dos minutos","og_url":"https:\/\/elfsight.com\/es\/tumblr-feed-widget\/html\/","og_site_name":"Elfsight ES","article_modified_time":"2025-02-06T16:13:12+00:00","twitter_card":"summary_large_image","twitter_misc":{"Tiempo de lectura":"3 minutos"},"schema":{"@context":"https:\/\/schema.org","@graph":[{"@type":"WebPage","@id":"https:\/\/elfsight.com\/es\/tumblr-feed-widget\/html\/","url":"https:\/\/elfsight.com\/es\/tumblr-feed-widget\/html\/","name":"Agregue el widget Tumblr Feed al sitio web HTML (r\u00e1pido y gratuito)","isPartOf":{"@id":"https:\/\/elfsight.com\/es\/#website"},"datePublished":"1970-01-01T00:00:00+00:00","dateModified":"2025-02-06T16:13:12+00:00","description":"Agregue un widget HTML Tumblr Feed compatible con dispositivos m\u00f3viles en su sitio. Pruebe la pr\u00e1ctica demostraci\u00f3n de Elfsight y cree su magn\u00edfico widget de Tumblr en dos minutos","breadcrumb":{"@id":"https:\/\/elfsight.com\/es\/tumblr-feed-widget\/html\/#breadcrumb"},"inLanguage":"es","potentialAction":[{"@type":"ReadAction","target":["https:\/\/elfsight.com\/es\/tumblr-feed-widget\/html\/"]}]},{"@type":"BreadcrumbList","@id":"https:\/\/elfsight.com\/es\/tumblr-feed-widget\/html\/#breadcrumb","itemListElement":[{"@type":"ListItem","position":1,"name":"Home","item":"https:\/\/elfsight.com\/es\/"},{"@type":"ListItem","position":2,"name":"Tumblr Feed","item":"https:\/\/elfsight.com\/es\/tumblr-feed-widget\/"},{"@type":"ListItem","position":3,"name":"Tumblr Feed &#8211; HTML"}]},{"@type":"WebSite","@id":"https:\/\/elfsight.com\/es\/#website","url":"https:\/\/elfsight.com\/es\/","name":"Elfsight ES","description":"Just another Elfsight Sites site","potentialAction":[{"@type":"SearchAction","target":{"@type":"EntryPoint","urlTemplate":"https:\/\/elfsight.com\/es\/?s={search_term_string}"},"query-input":{"@type":"PropertyValueSpecification","valueRequired":true,"valueName":"search_term_string"}}],"inLanguage":"es"}]}},"meta_box":{"industry":"","seo_heading":"","heading":"","description":"","cta_heading":"","cta_description":"","application":"2111","h1":"Widget HTML de alimentaci\u00f3n de Tumblr","h1_caption":"\u00a1Demuestra tu contenido de Tumblr en tu sitio con facilidad!","application_category":[],"applications_title":"","applications_request_title":"","applications_request_button_text":"","hero_text":"","hero_video":"","hero_video_schema_markup":"","selling_points_title":"","selling_points_caption":"","selling_points":[],"selling_points_cta_text":"","features_title":"","features":"","ed_cta_examples_text":"","ed_cta_examples_hidden":"","ed_cta_demo_text":"","ed_cta_demo_hidden":"","why_caption":"","why_editor_title":"","why_editor_text":"","why_team_title":"","why_team_text":"","why_service_title":"","why_service_text":"","template_catalog_visible":"","template_catalog_title":"","template_catalog_text":"","template_catalog_categories_visible":"","demo_title":"Crea tu widget de feed de Tumblr","demo_caption":"\u00a1Configure su feed de Tumblr y agr\u00e9guelo a su sitio web HTML de forma gratuita!","default_faq_hidden":"","app_template_category":[],"platform":"70","template_public_id":"","codecanyon_url":"","codecanyon_item_id":"","codecanyon_price":"","pricing_caption":"","pricing_elfsight_apps_hide_column":"","pricing_elfsight_apps_url":"","pricing_codecanyon_price_caption":"","integration_category":[],"integration_request_title":"","integration_request_cta":"","integration_platform":"","integrations":[],"platform_category":[],"video_schema_markup":"","price":"desde $0 \/ mes","trial":"","benefits":[{"text":"Ayuda de instalaci\u00f3n gratuita"},{"text":"Atenci\u00f3n al cliente experimentada"},{"text":"Garant\u00eda de devoluci\u00f3n de dinero de 14 d\u00edas"},{"text":"Mejoras peri\u00f3dicas"}],"button_url":"#demo","button_target_blank":"","button_nofollow":"","attributes":[{"name":"Instalaciones","content":"10,000 - 100,000"},{"name":"Sensible","content":"S\u00ed"},{"name":"Navegadores compatibles","content":"Firefox, Safari, Opera, Chrome, Edge"}],"tags":[],"tags_disable_links":"","hide_more_platforms":"","video_object":"","demo_hide_cta":"","demo_hide_cloud_options":"","pricing_title":"","pricing":[{"pricing_icon":"platform","pricing_title":"Elfsight Apps","pricing_title_caption":"Versi\u00f3n multiplataforma","pricing_price":"desde $0 \/ mes","pricing_price_caption":"comienza con un plan gratuito","pricing_benefits":[{"text":"Dominios ilimitados"},{"text":"Atenci\u00f3n al cliente gratuita y bien documentada."},{"text":"Asistencia de instalaci\u00f3n gratuita"},{"text":"100% personalizable"}],"pricing_button_text":"A\u00f1adir al sitio web","pricing_button_url":"#demo"}],"related_apps_title":"","related_apps_hidden":"","author":"","image":[],"title":"","job":"","social_networks":[]},"_links":{"self":[{"href":"https:\/\/elfsight.com\/es\/wp-json\/wp\/v2\/pages\/5635","targetHints":{"allow":["GET"]}}],"collection":[{"href":"https:\/\/elfsight.com\/es\/wp-json\/wp\/v2\/pages"}],"about":[{"href":"https:\/\/elfsight.com\/es\/wp-json\/wp\/v2\/types\/page"}],"author":[{"embeddable":true,"href":"https:\/\/elfsight.com\/es\/wp-json\/wp\/v2\/users\/9"}],"replies":[{"embeddable":true,"href":"https:\/\/elfsight.com\/es\/wp-json\/wp\/v2\/comments?post=5635"}],"version-history":[{"count":2,"href":"https:\/\/elfsight.com\/es\/wp-json\/wp\/v2\/pages\/5635\/revisions"}],"predecessor-version":[{"id":19393,"href":"https:\/\/elfsight.com\/es\/wp-json\/wp\/v2\/pages\/5635\/revisions\/19393"}],"up":[{"embeddable":true,"href":"https:\/\/elfsight.com\/es\/wp-json\/wp\/v2\/pages\/2112"}],"wp:attachment":[{"href":"https:\/\/elfsight.com\/es\/wp-json\/wp\/v2\/media?parent=5635"}],"curies":[{"name":"wp","href":"https:\/\/api.w.org\/{rel}","templated":true}]}}