{"id":5628,"date":"1970-01-01T00:00:00","date_gmt":"1970-01-01T00:00:00","guid":{"rendered":"https:\/\/elfsight.com\/es\/?page_id=5628"},"modified":"2025-02-06T16:13:20","modified_gmt":"2025-02-06T16:13:20","slug":"facebook","status":"publish","type":"page","link":"https:\/\/elfsight.com\/es\/tumblr-feed-widget\/facebook\/","title":{"rendered":"Tumblr Feed &#8211; Facebook Page"},"content":{"rendered":"<div class=\"application-platform-content-item-description application-platform-content-item\" id=\"description\" data-nav-section=\"description\"> <h2>Descripci\u00f3n<\/h2> <p>Elfsight Tumblr Feed para la p\u00e1gina de Facebook es una herramienta especial para dise\u00f1ar su feed personalizado que consiste en el contenido de la red Tumblr y colocarlo directamente en su sitio de Internet. \u00a1Crea una galer\u00eda o un control deslizante de publicaciones en unos minutos! Ejerza el control absoluto sobre un contenido demostrado y elimine el spam y cualquier contenido no deseado aplicando moderaci\u00f3n manual. El configurador en l\u00ednea totalmente responsivo le ofrece numerosas plantillas para seleccionar. <\/p> <p><b>Muestre el contenido de Tumblr m\u00e1s atractivo para atraer a sus usuarios y llegar a m\u00e1s personas<\/b><\/p> <\/div> <div class=\"application-platform-content-item-features application-platform-content-item\" id=\"features\" data-nav-section=\"features\"> <h2>Estas son solo algunas de las diversas funciones del widget: <\/h2> <ul><li>Muestre su contenido de Tumblr<\/li><li>Elimine el spam y el contenido no deseado con moderaci\u00f3n manual. <\/li><li>Instale el bot\u00f3n Seguir en el feed del widget. <\/li><li>Haz que tus publicaciones se muestren en modo emergente. <\/li><\/ul><p><a href=\"#demo\">Pruebe todas las funciones de personalizaci\u00f3n en una demostraci\u00f3n 100% funcional<\/a><\/p> <\/div> <div class=\"application-platform-content-item-installation application-platform-content-item\" id=\"installation\" data-nav-section=\"installation\"> <h2>\u00bfC\u00f3mo agregar Tumblr Feed en el sitio de mi p\u00e1gina de Facebook? <\/h2> <p>Simplemente siga las siguientes pautas para agregar el widget. <\/p> <ol><li><b>Utilice nuestra demostraci\u00f3n gratuita y comience a crear su widget personalizado. <\/b><br> Encuentre el dise\u00f1o y las caracter\u00edsticas adecuadas de la herramienta y guarde las correcciones. <\/li> <li><b>Copia tu c\u00f3digo \u00fanico que aparece en el formulario especial en Elfsight Apps. <\/b><br> Cuando finalice la creaci\u00f3n de su herramienta, copie el c\u00f3digo personal de la ventana que aparece y gu\u00e1rdelo para futuras ocasiones. <\/li> <li><b>Comience a aplicar la herramienta en el sitio de la plataforma. <\/b><br> Implemente el c\u00f3digo que guard\u00f3 recientemente en su p\u00e1gina y aplique las correcciones. <\/li> <li><b>La configuraci\u00f3n se realiz\u00f3 correctamente. <\/b><br> Vaya a su p\u00e1gina para ver en acci\u00f3n c\u00f3mo funciona el widget. <\/li><\/ol> <p>Si tienes alg\u00fan problema, no dudes en contactar con nuestro equipo de soporte. Nuestros especialistas estar\u00e1n encantados de ayudarte con todas las dudas que puedas tener sobre el producto. <\/p> <\/div>","protected":false},"excerpt":{"rendered":"","protected":false},"author":9,"featured_media":0,"parent":2112,"menu_order":0,"comment_status":"closed","ping_status":"closed","template":"templates\/template-application-platform.php","meta":{"publish_to_discourse":"","publish_post_category":"","wpdc_auto_publish_overridden":"","wpdc_topic_tags":"","wpdc_pin_topic":"","wpdc_pin_until":"","discourse_post_id":"","discourse_permalink":"","wpdc_publishing_response":"","wpdc_publishing_error":"","footnotes":""},"class_list":["post-5628","page","type-page","status-publish","hentry"],"yoast_head":"<!-- This site is optimized with the Yoast SEO plugin v25.3.1 - https:\/\/yoast.com\/wordpress\/plugins\/seo\/ -->\n<title>Agregue la herramienta Tumblr Feed al sitio web de la p\u00e1gina de Facebook (r\u00e1pido y gratis)<\/title>\n<meta name=\"description\" content=\"Implemente un widget de alimentaci\u00f3n de Tumblr de la p\u00e1gina de Facebook en el sitio web. Pruebe la pr\u00e1ctica demostraci\u00f3n de Elfsight y cree su elegante aplicaci\u00f3n Tumblr con solo dos clics\" \/>\n<meta name=\"robots\" content=\"index, follow, max-snippet:-1, max-image-preview:large, max-video-preview:-1\" \/>\n<link rel=\"canonical\" href=\"https:\/\/elfsight.com\/es\/tumblr-feed-widget\/facebook\/\" \/>\n<meta property=\"og:locale\" content=\"es_ES\" \/>\n<meta property=\"og:type\" content=\"article\" \/>\n<meta property=\"og:title\" content=\"Agregue la herramienta Tumblr Feed al sitio web de la p\u00e1gina de Facebook (r\u00e1pido y gratis)\" \/>\n<meta property=\"og:description\" content=\"Implemente un widget de alimentaci\u00f3n de Tumblr de la p\u00e1gina de Facebook en el sitio web. Pruebe la pr\u00e1ctica demostraci\u00f3n de Elfsight y cree su elegante aplicaci\u00f3n Tumblr con solo dos clics\" \/>\n<meta property=\"og:url\" content=\"https:\/\/elfsight.com\/es\/tumblr-feed-widget\/facebook\/\" \/>\n<meta property=\"og:site_name\" content=\"Elfsight ES\" \/>\n<meta property=\"article:modified_time\" content=\"2025-02-06T16:13:20+00:00\" \/>\n<meta name=\"twitter:card\" content=\"summary_large_image\" \/>\n<meta name=\"twitter:label1\" content=\"Tiempo de lectura\" \/>\n\t<meta name=\"twitter:data1\" content=\"2 minutos\" \/>\n<!-- \/ Yoast SEO plugin. -->","yoast_head_json":{"title":"Agregue la herramienta Tumblr Feed al sitio web de la p\u00e1gina de Facebook (r\u00e1pido y gratis)","description":"Implemente un widget de alimentaci\u00f3n de Tumblr de la p\u00e1gina de Facebook en el sitio web. Pruebe la pr\u00e1ctica demostraci\u00f3n de Elfsight y cree su elegante aplicaci\u00f3n Tumblr con solo dos clics","robots":{"index":"index","follow":"follow","max-snippet":"max-snippet:-1","max-image-preview":"max-image-preview:large","max-video-preview":"max-video-preview:-1"},"canonical":"https:\/\/elfsight.com\/es\/tumblr-feed-widget\/facebook\/","og_locale":"es_ES","og_type":"article","og_title":"Agregue la herramienta Tumblr Feed al sitio web de la p\u00e1gina de Facebook (r\u00e1pido y gratis)","og_description":"Implemente un widget de alimentaci\u00f3n de Tumblr de la p\u00e1gina de Facebook en el sitio web. Pruebe la pr\u00e1ctica demostraci\u00f3n de Elfsight y cree su elegante aplicaci\u00f3n Tumblr con solo dos clics","og_url":"https:\/\/elfsight.com\/es\/tumblr-feed-widget\/facebook\/","og_site_name":"Elfsight ES","article_modified_time":"2025-02-06T16:13:20+00:00","twitter_card":"summary_large_image","twitter_misc":{"Tiempo de lectura":"2 minutos"},"schema":{"@context":"https:\/\/schema.org","@graph":[{"@type":"WebPage","@id":"https:\/\/elfsight.com\/es\/tumblr-feed-widget\/facebook\/","url":"https:\/\/elfsight.com\/es\/tumblr-feed-widget\/facebook\/","name":"Agregue la herramienta Tumblr Feed al sitio web de la p\u00e1gina de Facebook (r\u00e1pido y gratis)","isPartOf":{"@id":"https:\/\/elfsight.com\/es\/#website"},"datePublished":"1970-01-01T00:00:00+00:00","dateModified":"2025-02-06T16:13:20+00:00","description":"Implemente un widget de alimentaci\u00f3n de Tumblr de la p\u00e1gina de Facebook en el sitio web. Pruebe la pr\u00e1ctica demostraci\u00f3n de Elfsight y cree su elegante aplicaci\u00f3n Tumblr con solo dos clics","breadcrumb":{"@id":"https:\/\/elfsight.com\/es\/tumblr-feed-widget\/facebook\/#breadcrumb"},"inLanguage":"es","potentialAction":[{"@type":"ReadAction","target":["https:\/\/elfsight.com\/es\/tumblr-feed-widget\/facebook\/"]}]},{"@type":"BreadcrumbList","@id":"https:\/\/elfsight.com\/es\/tumblr-feed-widget\/facebook\/#breadcrumb","itemListElement":[{"@type":"ListItem","position":1,"name":"Home","item":"https:\/\/elfsight.com\/es\/"},{"@type":"ListItem","position":2,"name":"Tumblr Feed","item":"https:\/\/elfsight.com\/es\/tumblr-feed-widget\/"},{"@type":"ListItem","position":3,"name":"Tumblr Feed &#8211; Facebook Page"}]},{"@type":"WebSite","@id":"https:\/\/elfsight.com\/es\/#website","url":"https:\/\/elfsight.com\/es\/","name":"Elfsight ES","description":"Just another Elfsight Sites site","potentialAction":[{"@type":"SearchAction","target":{"@type":"EntryPoint","urlTemplate":"https:\/\/elfsight.com\/es\/?s={search_term_string}"},"query-input":{"@type":"PropertyValueSpecification","valueRequired":true,"valueName":"search_term_string"}}],"inLanguage":"es"}]}},"meta_box":{"industry":"","seo_heading":"","heading":"","description":"","cta_heading":"","cta_description":"","application":"2111","h1":"Widget de alimentaci\u00f3n de Tumblr de la p\u00e1gina de Facebook","h1_caption":"\u00a1Muestre su contenido de Tumblr en su sitio web con un clic!","application_category":[],"applications_title":"","applications_request_title":"","applications_request_button_text":"","hero_text":"","hero_video":"","hero_video_schema_markup":"","selling_points_title":"","selling_points_caption":"","selling_points":[],"selling_points_cta_text":"","features_title":"","features":"","ed_cta_examples_text":"","ed_cta_examples_hidden":"","ed_cta_demo_text":"","ed_cta_demo_hidden":"","why_caption":"","why_editor_title":"","why_editor_text":"","why_team_title":"","why_team_text":"","why_service_title":"","why_service_text":"","template_catalog_visible":"","template_catalog_title":"","template_catalog_text":"","template_catalog_categories_visible":"","demo_title":"Crea tu widget de feed de Tumblr","demo_caption":"\u00a1Configura tu feed de Tumblr y agr\u00e9galo al sitio web de tu p\u00e1gina de Facebook de forma gratuita!","default_faq_hidden":"","app_template_category":[],"platform":"64","template_public_id":"","codecanyon_url":"","codecanyon_item_id":"","codecanyon_price":"","pricing_caption":"","pricing_elfsight_apps_hide_column":"","pricing_elfsight_apps_url":"","pricing_codecanyon_price_caption":"","integration_category":[],"integration_request_title":"","integration_request_cta":"","integration_platform":"","integrations":[],"platform_category":[],"video_schema_markup":"","price":"desde $0 \/ mes","trial":"","benefits":[{"text":"Ayuda de instalaci\u00f3n gratuita"},{"text":"Servicio al cliente profesional"},{"text":"Garant\u00eda de reembolso de 14 d\u00edas"},{"text":"Actualizando constantemente"}],"button_url":"#demo","button_target_blank":"","button_nofollow":"","attributes":[{"name":"Instalaciones","content":"10,000 - 100,000"},{"name":"Sensible","content":"S\u00ed"},{"name":"Navegadores compatibles","content":"Firefox, Safari, Opera, Chrome, Edge"}],"tags":[],"tags_disable_links":"","hide_more_platforms":"","video_object":"","demo_hide_cta":"","demo_hide_cloud_options":"","pricing_title":"","pricing":[{"pricing_icon":"platform","pricing_title":"Elfsight Apps","pricing_title_caption":"Soluci\u00f3n multiplataforma que funciona en cualquier sitio web","pricing_price":"desde $0 \/ mes","pricing_price_caption":"comienza con un plan gratuito","pricing_benefits":[{"text":"Sitios web ilimitados"},{"text":"Soporte r\u00e1pido de la empresa y bien documentado."},{"text":"Servicio de instalaci\u00f3n gratuito"},{"text":"Dise\u00f1o flexible"}],"pricing_button_text":"A\u00f1adir al sitio web","pricing_button_url":"#demo"}],"related_apps_title":"","related_apps_hidden":"","author":"","image":[],"title":"","job":"","social_networks":[]},"_links":{"self":[{"href":"https:\/\/elfsight.com\/es\/wp-json\/wp\/v2\/pages\/5628","targetHints":{"allow":["GET"]}}],"collection":[{"href":"https:\/\/elfsight.com\/es\/wp-json\/wp\/v2\/pages"}],"about":[{"href":"https:\/\/elfsight.com\/es\/wp-json\/wp\/v2\/types\/page"}],"author":[{"embeddable":true,"href":"https:\/\/elfsight.com\/es\/wp-json\/wp\/v2\/users\/9"}],"replies":[{"embeddable":true,"href":"https:\/\/elfsight.com\/es\/wp-json\/wp\/v2\/comments?post=5628"}],"version-history":[{"count":2,"href":"https:\/\/elfsight.com\/es\/wp-json\/wp\/v2\/pages\/5628\/revisions"}],"predecessor-version":[{"id":19396,"href":"https:\/\/elfsight.com\/es\/wp-json\/wp\/v2\/pages\/5628\/revisions\/19396"}],"up":[{"embeddable":true,"href":"https:\/\/elfsight.com\/es\/wp-json\/wp\/v2\/pages\/2112"}],"wp:attachment":[{"href":"https:\/\/elfsight.com\/es\/wp-json\/wp\/v2\/media?parent=5628"}],"curies":[{"name":"wp","href":"https:\/\/api.w.org\/{rel}","templated":true}]}}